{"id":853214,"date":"2024-02-29T07:00:05","date_gmt":"2024-02-29T07:00:05","guid":{"rendered":"https:\/\/www.capgemini.com\/de-de\/?page_id=853214"},"modified":"2026-01-22T07:48:43","modified_gmt":"2026-01-22T07:48:43","slug":"employee-central","status":"publish","type":"page","link":"https:\/\/www.capgemini.com\/de-de\/solutions\/bringen-sie-ihre-hr-prozesse-auf-ein-neues-digitales-level\/employee-central\/","title":{"rendered":"Employee Central"},"content":{"rendered":"\n<header class=\"wp-block-cg-blocks-hero-reusable header heroReusable  \"><div class=\"header-bgs\"><picture><source srcset=\"https:\/\/www.capgemini.com\/de-de\/wp-content\/uploads\/sites\/8\/2023\/11\/Unlock-the-future-with-adaptive-cloud-operations.jpg?w=2880&amp;quality=70 1x, https:\/\/www.capgemini.com\/de-de\/wp-content\/uploads\/sites\/8\/2023\/11\/Unlock-the-future-with-adaptive-cloud-operations.jpg?w=2880&amp;quality=70 2x\" media=\"(min-width: 1500px)\"\/><source srcset=\"https:\/\/www.capgemini.com\/de-de\/wp-content\/uploads\/sites\/8\/2023\/11\/Unlock-the-future-with-adaptive-cloud-operations.jpg?w=1440&amp;quality=70 1x, https:\/\/www.capgemini.com\/de-de\/wp-content\/uploads\/sites\/8\/2023\/11\/Unlock-the-future-with-adaptive-cloud-operations.jpg?w=2880&amp;quality=70 2x\" media=\"(min-width: 992px)\"\/><source srcset=\"https:\/\/www.capgemini.com\/de-de\/wp-content\/uploads\/sites\/8\/2023\/11\/Unlock-the-future-with-adaptive-cloud-operations.jpg?w=1024&amp;quality=70 1x, https:\/\/www.capgemini.com\/de-de\/wp-content\/uploads\/sites\/8\/2023\/11\/Unlock-the-future-with-adaptive-cloud-operations.jpg?w=1024&amp;quality=70 2x\" media=\"(min-width: 768px)\"\/><source srcset=\"https:\/\/www.capgemini.com\/de-de\/wp-content\/uploads\/sites\/8\/2023\/11\/Unlock-the-future-with-adaptive-cloud-operations.jpg?w=768&amp;quality=70 1x, https:\/\/www.capgemini.com\/de-de\/wp-content\/uploads\/sites\/8\/2023\/11\/Unlock-the-future-with-adaptive-cloud-operations.jpg?w=768&amp;quality=70 2x\" media=\"(min-width: 0)\"\/><img decoding=\"async\" src=\"https:\/\/www.capgemini.com\/de-de\/wp-content\/uploads\/sites\/8\/2023\/11\/Unlock-the-future-with-adaptive-cloud-operations.jpg\" class=\"header-img header-img-d\" alt=\"\" style=\"object-fit:cover;object-position:48% 21%\" loading=\"eager\"\/><\/picture><\/div><div class=\"heroPictureCardHeaderShape\"><\/div><div class=\"container\"><div class=\"row\"><div class=\"col-md-12\"><div class=\"box\"><div class=\"boxTagWrapper\"><div class=\"tagInfo\"><\/div><\/div><div class=\"box-title\"><h1 data-maxlength=\"34\">Unsere cloudbasierte Komplettl\u00f6sung f\u00fcr Ihre HR-Kernprozesse<\/h1><\/div><h2 class=\"reasearchInsightTitle\">Optimierte und benutzerfreundliche Personalprozesse f\u00fcr Ihre Bed\u00fcrfnisse gestaltet<\/h2><div class=\"inner-row-insight download-btn\"><\/div><\/div><\/div><\/div><\/div><\/header>\n\n\n\n<section class=\"wp-block-cg-blocks-group undefined section section--article-content\"><div class=\"article-main-content\"><div class=\"container\"><div class=\"row\"><div class=\"col-12 col-md-11 col-lg-10 offset-md-1 offset-lg-1\"><div class=\"article-text article-quote-text\">\n<p>Meistern Sie Ihre HR-Transformation mit unseren transparenten Abl\u00e4ufen und schlanken Prozessen in SAP Employee Central. Unsere bereits vielfach erfolgreich eingesetzten Best Practice HR-Prozesse sorgen f\u00fcr eine intuitive Bedienung und automatisierte Abl\u00e4ufe, die Zeit- und Kostenersparnisse bewirken.<\/p>\n\n\n\n<figure class=\"wp-block-image size-full\"><img loading=\"lazy\" decoding=\"async\" width=\"985\" height=\"197\" src=\"https:\/\/www.capgemini.com\/de-de\/wp-content\/uploads\/sites\/8\/2024\/02\/pic1.png\" alt=\"\" class=\"wp-image-853216\" srcset=\"https:\/\/www.capgemini.com\/de-de\/wp-content\/uploads\/sites\/8\/2024\/02\/pic1.png 985w, https:\/\/www.capgemini.com\/de-de\/wp-content\/uploads\/sites\/8\/2024\/02\/pic1.png?resize=300,60 300w, https:\/\/www.capgemini.com\/de-de\/wp-content\/uploads\/sites\/8\/2024\/02\/pic1.png?resize=768,154 768w\" sizes=\"auto, (max-width: 985px) 100vw, 985px\" \/><\/figure>\n\n\n\n<p>Mit Capgemini als Partner implementieren Sie ein zukunftsfestes und benutzerfreundliches HR-System, welches Employer Experience mit Wiedererkennungswert bietet. Unsere Erfahrung und bew\u00e4hrten Methoden gew\u00e4hrleisten einen einfacheren Start in die digitale HR-Transformation und eine schnellere Durchf\u00fchrung der Implementierung. Durch unser transparentes Prozessdesign gestalten wir nahtlose und optimierte HR-Prozesse. <\/p>\n\n\n\n<p>Mit SAP SuccessFactors Employee Central optimieren und standardisieren wir Ihre Personalprozesse und machen sie resilient f\u00fcr alle zuk\u00fcnftigen Komplexit\u00e4ten. Gleichzeitig entwickeln wir umfassende Self-Service-Funktionen, um Ihre Personalabteilung von zeitraubenden Routinet\u00e4tigkeiten zu entlasten. Unsere Schulungs- und Support-Programme helfen Ihnen dabei, Ihre Ziele zu erreichen und die Herausforderungen der HR-Transformation zu meistern.<\/p>\n\n\n\n<p>Als Implementierungspartner f\u00fcr SAP SuccessFactors HXM Suite und mit einem starken Netzwerk von HRIS-Experten, unterst\u00fctzen wir nationale und globale Unternehmen bei der Implementierung und Integration ihrer Personalsysteme in SAP SuccessFactors. Wir legen besonderen Wert auf eine benutzerzentrierte Systemgestaltung und eine offene Architektur, um eine umfassende Unterst\u00fctzung der Business-Transformation f\u00fcr Ihre Personalarbeit zu gew\u00e4hrleisten. Egal, ob es sich um ein hybrides Szenario oder einen vollst\u00e4ndigen Umzug in die Cloud handelt, erhalten Sie ein zukunftsfestes und benutzerfreundliches HR-System. Von der Beratung bis zur richtigen Auswahl des einsetzbaren Szenarios und Implementierung, mit Capgemini und Employee Central verbessern Sie die Qualit\u00e4t der Ergebnisse und steigern die Mitarbeiterzufriedenheit.<\/p>\n\n\n\n<h2 class=\"wp-block-heading\" id=\"h-unser-best-practice-fur-ihre-hr-kernprozesse-mit-sap-successfactors-employee-central\">Unser Best Practice f\u00fcr Ihre HR-Kernprozesse mit SAP SuccessFactors Employee Central<\/h2>\n\n\n\n<section class=\"wp-block-cg-blocks-how-we-do-it section section--howwedoit block-howwedoit\"><div class=\"container\"><div class=\"section-content\">\n<div class=\"wp-block-cg-blocks-card-howwedoit expanders\"><div class=\"box card-regulated-agreements card-howwedoit\"><div class=\"expander-box filter-box tag-active \"><div class=\"expander-title\" tabindex=\"0\" role=\"button\" aria-pressed=\"false\" aria-expanded=\"false\"><h3 class=\"expander-heading-title\">Erfahrenes Know-how im HR<\/h3><\/div><div class=\"expander-content\"><p>Wir bringen nachhaltiges Praxiswissen \u00fcber den deutschen Markt f\u00fcr spezifischen Anforderungen HR IT-Prozesse mit. Wir gehen somit gezielt auf Ihre spezifischen Anforderungen mit unseren Vorlagen mit SAP SuccessFactors ein. Dank unserer umfassenden Marktkenntnisse und Systemexpertise schlie\u00dfen wir somit unsere Implementierungsprojekte schneller ab.<\/p><div class=\"bg-color video-align-right\"><div class=\"container\"><div class=\"row video-align-left\"><div class=\"col-md-12\"><div class=\"video-align-left row box box--4 box--mini\"><div class=\"col-md-3\"><\/div><div class=\"col-md-8 box-img-wrapper\"><div class=\"video-box\"><\/div><\/div><\/div><\/div><\/div><\/div><\/div><div class=\"content-more\"><\/div><\/div><\/div><\/div><\/div>\n\n\n\n<div class=\"wp-block-cg-blocks-card-howwedoit expanders\"><div class=\"box card-regulated-agreements card-howwedoit\"><div class=\"expander-box filter-box tag-active \"><div class=\"expander-title\" tabindex=\"0\" role=\"button\" aria-pressed=\"false\" aria-expanded=\"false\"><h3 class=\"expander-heading-title\">Transparente Abbildung f\u00fcr Betriebsrat-Mitbestimmung und Stammdaten\u00e4nderungen<\/h3><\/div><div class=\"expander-content\"><p>Betriebsrat-Mitbestimmung und Stammdaten\u00e4nderungen sind entscheidende Aspekte in der Personalverwaltung. Unser Implementierungsansatz erm\u00f6glicht die systemseitige Abbildung und Genehmigung von \u00c4nderungen, die die Zustimmung des Betriebsrats erfordern. Zudem bieten wir eine umfassende Grundlage zur Entscheidungsfindung, die in vielen Projekten erfolgreich eingesetzt wird.<\/p><div class=\"bg-color video-align-right\"><div class=\"container\"><div class=\"row video-align-left\"><div class=\"col-md-12\"><div class=\"video-align-left row box box--4 box--mini\"><div class=\"col-md-3\"><\/div><div class=\"col-md-8 box-img-wrapper\"><div class=\"video-box\"><\/div><\/div><\/div><\/div><\/div><\/div><\/div><div class=\"content-more\"><\/div><\/div><\/div><\/div><\/div>\n\n\n\n<div class=\"wp-block-cg-blocks-card-howwedoit expanders\"><div class=\"box card-regulated-agreements card-howwedoit\"><div class=\"expander-box filter-box tag-active \"><div class=\"expander-title\" tabindex=\"0\" role=\"button\" aria-pressed=\"false\" aria-expanded=\"false\"><h3 class=\"expander-heading-title\">Effiziente Umsetzung von Tarifvertr\u00e4gen<\/h3><\/div><div class=\"expander-content\"><p>Die systemseitige Umsetzung von Tarifvertr\u00e4gen in Deutschland ist ein komplexer Prozess, den wir effizient und zuverl\u00e4ssig in SuccessFactors abbilden k\u00f6nnen. Unsere Best Practice L\u00f6sung unterst\u00fctzt Sie bei der korrekten Anwendung der Tarifvertr\u00e4ge und der Einhaltung der entsprechenden Vorschriften.<\/p><div class=\"bg-color video-align-right\"><div class=\"container\"><div class=\"row video-align-left\"><div class=\"col-md-12\"><div class=\"video-align-left row box box--4 box--mini\"><div class=\"col-md-3\"><\/div><div class=\"col-md-8 box-img-wrapper\"><div class=\"video-box\"><\/div><\/div><\/div><\/div><\/div><\/div><\/div><div class=\"content-more\"><\/div><\/div><\/div><\/div><\/div>\n\n\n\n<div class=\"wp-block-cg-blocks-card-howwedoit expanders\"><div class=\"box card-regulated-agreements card-howwedoit\"><div class=\"expander-box filter-box tag-active \"><div class=\"expander-title\" tabindex=\"0\" role=\"button\" aria-pressed=\"false\" aria-expanded=\"false\"><h3 class=\"expander-heading-title\">Strukturierte Antragsformulare nach Ihrem Bedarf<\/h3><\/div><div class=\"expander-content\"><p>Unsere flexibel anpassbaren Antragsformulare bieten Ihnen und Ihren Mitarbeitern Struktur und erleichtern ihre Arbeitsprozesse. Gemeinsam schaffen wir effiziente und ma\u00dfgeschneiderte Prozesse, damit sensible und wichtige Inhalte nach Ihren individuellen Bed\u00fcrfnissen dargestellt werden.<\/p><div class=\"bg-color video-align-right\"><div class=\"container\"><div class=\"row video-align-left\"><div class=\"col-md-12\"><div class=\"video-align-left row box box--4 box--mini\"><div class=\"col-md-3\"><\/div><div class=\"col-md-8 box-img-wrapper\"><div class=\"video-box\"><\/div><\/div><\/div><\/div><\/div><\/div><\/div><div class=\"content-more\"><\/div><\/div><\/div><\/div><\/div>\n\n\n\n<div class=\"wp-block-cg-blocks-card-howwedoit expanders\"><div class=\"box card-regulated-agreements card-howwedoit\"><div class=\"expander-box filter-box tag-active \"><div class=\"expander-title\" tabindex=\"0\" role=\"button\" aria-pressed=\"false\" aria-expanded=\"false\"><h3 class=\"expander-heading-title\">Unsere L\u00f6sung f\u00fcr eine nahtlose Datenmigration<\/h3><\/div><div class=\"expander-content\"><p>Mit unserem optimierten und automatisierten Datenimport \u00fcbertragen wir Ihre Mitarbeiterdaten nahtlos in SuccessFactors. Gleich, ob vor oder ab dem Go-live, unsere Migrationsprozesse stellen einen reibungslosen \u00dcbergang ohne Datenverlust sicher.<\/p><div class=\"bg-color video-align-right\"><div class=\"container\"><div class=\"row video-align-left\"><div class=\"col-md-12\"><div class=\"video-align-left row box box--4 box--mini\"><div class=\"col-md-3\"><\/div><div class=\"col-md-8 box-img-wrapper\"><div class=\"video-box\"><\/div><\/div><\/div><\/div><\/div><\/div><\/div><div class=\"content-more\"><\/div><\/div><\/div><\/div><\/div>\n\n\n\n<div class=\"wp-block-cg-blocks-card-howwedoit expanders\"><div class=\"box card-regulated-agreements card-howwedoit\"><div class=\"expander-box filter-box tag-active \"><div class=\"expander-title\" tabindex=\"0\" role=\"button\" aria-pressed=\"false\" aria-expanded=\"false\"><h3 class=\"expander-heading-title\">Komplette Betreuung durch unsere Experten<\/h3><\/div><div class=\"expander-content\"><p>Von der Implementierung bis zum Support decken wir den gesamten Prozess ab. Unsere Experten begleiten Sie von Anfang an und stehen Ihnen auch nach dem Go-live mit zuverl\u00e4ssigem Support zur Seite und bleiben Ihr Ansprechpartner bei weiteren Fragen und Herausforderungen.<\/p><div class=\"bg-color video-align-right\"><div class=\"container\"><div class=\"row video-align-left\"><div class=\"col-md-12\"><div class=\"video-align-left row box box--4 box--mini\"><div class=\"col-md-3\"><\/div><div class=\"col-md-8 box-img-wrapper\"><div class=\"video-box\"><\/div><\/div><\/div><\/div><\/div><\/div><\/div><div class=\"content-more\"><\/div><\/div><\/div><\/div><\/div>\n<\/div><\/div><\/section>\n\n\n\n<p>Lassen Sie uns gemeinsam Ihre HR-Transformation gestalten und optimieren und erfahren Sie, wie Sie mit SAP SuccessFactors Employee Central und Capgemini Ihre HR-Digitalisierungsreise zum Erfolg bringen.<\/p>\n<\/div><\/div><\/div><\/div><\/div><\/section>\n","protected":false},"excerpt":{"rendered":"","protected":false},"author":41,"featured_media":0,"parent":853235,"menu_order":0,"comment_status":"closed","ping_status":"closed","template":"","meta":{"cg_dt_proposed_to":[],"cg_seo_hreflang_relations":"[]","cg_seo_canonical_relation":"","cg_seo_hreflang_x_default_relation":"{\"uuid\":\"ca53daf9-e13f-4a9e-96a9-52c50fee6c52\",\"blogId\":\"\",\"domain\":\"\",\"sitePath\":\"\",\"postLink\":\"\",\"postId\":null,\"isSaved\":true,\"isCrossLink\":false,\"hasCrossLink\":false}","cg_dt_approved_content":true,"cg_dt_mandatory_content":false,"cg_dt_notes":"","cg_dg_source_changed":false,"cg_dt_link_disabled":false,"_yoast_wpseo_primary_brand":"","footnotes":"","featured_focal_points":"","partner_card_description":"","gsap_animation":0},"brand":[],"partner_type":[],"service":[],"industry":[],"partners":[],"page-type":[],"content-group":[],"class_list":["post-853214","page","type-page","status-publish","hentry"],"yoast_head":"<!-- This site is optimized with the Yoast SEO Premium plugin v22.8 (Yoast SEO v22.8) - https:\/\/yoast.com\/wordpress\/plugins\/seo\/ -->\n<title>Employee Central - Capgemini<\/title>\n<meta name=\"robots\" content=\"index, follow, max-snippet:-1, max-image-preview:large, max-video-preview:-1\" \/>\n<link rel=\"canonical\" href=\"https:\/\/www.capgemini.com\/de-de\/solutions\/bringen-sie-ihre-hr-prozesse-auf-ein-neues-digitales-level\/employee-central\/\" \/>\n<meta property=\"og:locale\" content=\"de_DE\" \/>\n<meta property=\"og:type\" content=\"article\" \/>\n<meta property=\"og:title\" content=\"Employee Central - Capgemini\" \/>\n<meta property=\"og:url\" content=\"https:\/\/www.capgemini.com\/de-de\/solutions\/bringen-sie-ihre-hr-prozesse-auf-ein-neues-digitales-level\/employee-central\/\" \/>\n<meta property=\"og:site_name\" content=\"Capgemini\" \/>\n<meta property=\"article:modified_time\" content=\"2026-01-22T07:48:43+00:00\" \/>\n<meta property=\"og:image\" content=\"https:\/\/www.capgemini.com\/de-de\/wp-content\/uploads\/sites\/8\/2023\/11\/Unlock-the-future-with-adaptive-cloud-operations.jpg\" \/>\n<meta name=\"twitter:card\" content=\"summary_large_image\" \/>\n<meta name=\"twitter:label1\" content=\"Est. reading time\" \/>\n\t<meta name=\"twitter:data1\" content=\"4 minutes\" \/>\n<script type=\"application\/ld+json\" class=\"yoast-schema-graph\">{\"@context\":\"https:\/\/schema.org\",\"@graph\":[{\"@type\":\"WebPage\",\"@id\":\"https:\/\/www.capgemini.com\/de-de\/solutions\/bringen-sie-ihre-hr-prozesse-auf-ein-neues-digitales-level\/employee-central\/\",\"url\":\"https:\/\/www.capgemini.com\/de-de\/solutions\/bringen-sie-ihre-hr-prozesse-auf-ein-neues-digitales-level\/employee-central\/\",\"name\":\"Employee Central - Capgemini\",\"isPartOf\":{\"@id\":\"https:\/\/www.capgemini.com\/de-de\/#website\"},\"primaryImageOfPage\":{\"@id\":\"https:\/\/www.capgemini.com\/de-de\/solutions\/bringen-sie-ihre-hr-prozesse-auf-ein-neues-digitales-level\/employee-central\/#primaryimage\"},\"image\":{\"@id\":\"https:\/\/www.capgemini.com\/de-de\/solutions\/bringen-sie-ihre-hr-prozesse-auf-ein-neues-digitales-level\/employee-central\/#primaryimage\"},\"thumbnailUrl\":\"https:\/\/www.capgemini.com\/de-de\/wp-content\/uploads\/sites\/8\/2023\/11\/Unlock-the-future-with-adaptive-cloud-operations.jpg\",\"datePublished\":\"2024-02-29T07:00:05+00:00\",\"dateModified\":\"2026-01-22T07:48:43+00:00\",\"breadcrumb\":{\"@id\":\"https:\/\/www.capgemini.com\/de-de\/solutions\/bringen-sie-ihre-hr-prozesse-auf-ein-neues-digitales-level\/employee-central\/#breadcrumb\"},\"inLanguage\":\"de-DE\",\"potentialAction\":[{\"@type\":\"ReadAction\",\"target\":[\"https:\/\/www.capgemini.com\/de-de\/solutions\/bringen-sie-ihre-hr-prozesse-auf-ein-neues-digitales-level\/employee-central\/\"]}]},{\"@type\":\"ImageObject\",\"inLanguage\":\"de-DE\",\"@id\":\"https:\/\/www.capgemini.com\/de-de\/solutions\/bringen-sie-ihre-hr-prozesse-auf-ein-neues-digitales-level\/employee-central\/#primaryimage\",\"url\":\"https:\/\/www.capgemini.com\/de-de\/wp-content\/uploads\/sites\/8\/2023\/11\/Unlock-the-future-with-adaptive-cloud-operations.jpg\",\"contentUrl\":\"https:\/\/www.capgemini.com\/de-de\/wp-content\/uploads\/sites\/8\/2023\/11\/Unlock-the-future-with-adaptive-cloud-operations.jpg\",\"width\":2880,\"height\":1800},{\"@type\":\"BreadcrumbList\",\"@id\":\"https:\/\/www.capgemini.com\/de-de\/solutions\/bringen-sie-ihre-hr-prozesse-auf-ein-neues-digitales-level\/employee-central\/#breadcrumb\",\"itemListElement\":[{\"@type\":\"ListItem\",\"position\":1,\"name\":\"Solutions\",\"item\":\"https:\/\/www.capgemini.com\/de-de\/solutions\/\"},{\"@type\":\"ListItem\",\"position\":2,\"name\":\"Bringen Sie Ihre HR-Prozesse auf ein neues digitales Level\",\"item\":\"https:\/\/www.capgemini.com\/de-de\/solutions\/bringen-sie-ihre-hr-prozesse-auf-ein-neues-digitales-level\/\"},{\"@type\":\"ListItem\",\"position\":3,\"name\":\"Employee Central\"}]},{\"@type\":\"WebSite\",\"@id\":\"https:\/\/www.capgemini.com\/de-de\/#website\",\"url\":\"https:\/\/www.capgemini.com\/de-de\/\",\"name\":\"Capgemini Deutschland\",\"description\":\"Make it real\",\"potentialAction\":[{\"@type\":\"SearchAction\",\"target\":{\"@type\":\"EntryPoint\",\"urlTemplate\":\"https:\/\/www.capgemini.com\/de-de\/?s={search_term_string}\"},\"query-input\":\"required name=search_term_string\"}],\"inLanguage\":\"de-DE\"}]}<\/script>\n<!-- \/ Yoast SEO Premium plugin. -->","yoast_head_json":{"title":"Employee Central - Capgemini","robots":{"index":"index","follow":"follow","max-snippet":"max-snippet:-1","max-image-preview":"max-image-preview:large","max-video-preview":"max-video-preview:-1"},"canonical":"https:\/\/www.capgemini.com\/de-de\/solutions\/bringen-sie-ihre-hr-prozesse-auf-ein-neues-digitales-level\/employee-central\/","og_locale":"de_DE","og_type":"article","og_title":"Employee Central - Capgemini","og_url":"https:\/\/www.capgemini.com\/de-de\/solutions\/bringen-sie-ihre-hr-prozesse-auf-ein-neues-digitales-level\/employee-central\/","og_site_name":"Capgemini","article_modified_time":"2026-01-22T07:48:43+00:00","og_image":[{"url":"https:\/\/www.capgemini.com\/de-de\/wp-content\/uploads\/sites\/8\/2023\/11\/Unlock-the-future-with-adaptive-cloud-operations.jpg"}],"twitter_card":"summary_large_image","twitter_misc":{"Est. reading time":"4 minutes"},"schema":{"@context":"https:\/\/schema.org","@graph":[{"@type":"WebPage","@id":"https:\/\/www.capgemini.com\/de-de\/solutions\/bringen-sie-ihre-hr-prozesse-auf-ein-neues-digitales-level\/employee-central\/","url":"https:\/\/www.capgemini.com\/de-de\/solutions\/bringen-sie-ihre-hr-prozesse-auf-ein-neues-digitales-level\/employee-central\/","name":"Employee Central - Capgemini","isPartOf":{"@id":"https:\/\/www.capgemini.com\/de-de\/#website"},"primaryImageOfPage":{"@id":"https:\/\/www.capgemini.com\/de-de\/solutions\/bringen-sie-ihre-hr-prozesse-auf-ein-neues-digitales-level\/employee-central\/#primaryimage"},"image":{"@id":"https:\/\/www.capgemini.com\/de-de\/solutions\/bringen-sie-ihre-hr-prozesse-auf-ein-neues-digitales-level\/employee-central\/#primaryimage"},"thumbnailUrl":"https:\/\/www.capgemini.com\/de-de\/wp-content\/uploads\/sites\/8\/2023\/11\/Unlock-the-future-with-adaptive-cloud-operations.jpg","datePublished":"2024-02-29T07:00:05+00:00","dateModified":"2026-01-22T07:48:43+00:00","breadcrumb":{"@id":"https:\/\/www.capgemini.com\/de-de\/solutions\/bringen-sie-ihre-hr-prozesse-auf-ein-neues-digitales-level\/employee-central\/#breadcrumb"},"inLanguage":"de-DE","potentialAction":[{"@type":"ReadAction","target":["https:\/\/www.capgemini.com\/de-de\/solutions\/bringen-sie-ihre-hr-prozesse-auf-ein-neues-digitales-level\/employee-central\/"]}]},{"@type":"ImageObject","inLanguage":"de-DE","@id":"https:\/\/www.capgemini.com\/de-de\/solutions\/bringen-sie-ihre-hr-prozesse-auf-ein-neues-digitales-level\/employee-central\/#primaryimage","url":"https:\/\/www.capgemini.com\/de-de\/wp-content\/uploads\/sites\/8\/2023\/11\/Unlock-the-future-with-adaptive-cloud-operations.jpg","contentUrl":"https:\/\/www.capgemini.com\/de-de\/wp-content\/uploads\/sites\/8\/2023\/11\/Unlock-the-future-with-adaptive-cloud-operations.jpg","width":2880,"height":1800},{"@type":"BreadcrumbList","@id":"https:\/\/www.capgemini.com\/de-de\/solutions\/bringen-sie-ihre-hr-prozesse-auf-ein-neues-digitales-level\/employee-central\/#breadcrumb","itemListElement":[{"@type":"ListItem","position":1,"name":"Solutions","item":"https:\/\/www.capgemini.com\/de-de\/solutions\/"},{"@type":"ListItem","position":2,"name":"Bringen Sie Ihre HR-Prozesse auf ein neues digitales Level","item":"https:\/\/www.capgemini.com\/de-de\/solutions\/bringen-sie-ihre-hr-prozesse-auf-ein-neues-digitales-level\/"},{"@type":"ListItem","position":3,"name":"Employee Central"}]},{"@type":"WebSite","@id":"https:\/\/www.capgemini.com\/de-de\/#website","url":"https:\/\/www.capgemini.com\/de-de\/","name":"Capgemini Deutschland","description":"Make it real","potentialAction":[{"@type":"SearchAction","target":{"@type":"EntryPoint","urlTemplate":"https:\/\/www.capgemini.com\/de-de\/?s={search_term_string}"},"query-input":"required name=search_term_string"}],"inLanguage":"de-DE"}]}},"brand_term":[],"parsely":{"version":"1.1.0","canonical_url":"https:\/\/capgemini.com\/de-de\/solutions\/bringen-sie-ihre-hr-prozesse-auf-ein-neues-digitales-level\/employee-central\/","smart_links":{"inbound":0,"outbound":0},"traffic_boost_suggestions_count":0,"meta":{"@context":"https:\/\/schema.org","@type":"WebPage","headline":"Employee Central","url":"http:\/\/www.capgemini.com\/de-de\/solutions\/bringen-sie-ihre-hr-prozesse-auf-ein-neues-digitales-level\/employee-central\/","mainEntityOfPage":{"@type":"WebPage","@id":"http:\/\/www.capgemini.com\/de-de\/solutions\/bringen-sie-ihre-hr-prozesse-auf-ein-neues-digitales-level\/employee-central\/"},"thumbnailUrl":"","image":{"@type":"ImageObject","url":""},"articleSection":"Uncategorized","author":[],"creator":[],"publisher":{"@type":"Organization","name":"Capgemini","logo":""},"keywords":[],"dateCreated":"2024-02-29T07:00:05Z","datePublished":"2024-02-29T07:00:05Z","dateModified":"2026-01-22T07:48:43Z"},"rendered":"<script type=\"application\/ld+json\" class=\"wp-parsely-metadata\">{\"@context\":\"https:\\\/\\\/schema.org\",\"@type\":\"WebPage\",\"headline\":\"Employee Central\",\"url\":\"http:\\\/\\\/www.capgemini.com\\\/de-de\\\/solutions\\\/bringen-sie-ihre-hr-prozesse-auf-ein-neues-digitales-level\\\/employee-central\\\/\",\"mainEntityOfPage\":{\"@type\":\"WebPage\",\"@id\":\"http:\\\/\\\/www.capgemini.com\\\/de-de\\\/solutions\\\/bringen-sie-ihre-hr-prozesse-auf-ein-neues-digitales-level\\\/employee-central\\\/\"},\"thumbnailUrl\":\"\",\"image\":{\"@type\":\"ImageObject\",\"url\":\"\"},\"articleSection\":\"Uncategorized\",\"author\":[],\"creator\":[],\"publisher\":{\"@type\":\"Organization\",\"name\":\"Capgemini\",\"logo\":\"\"},\"keywords\":[],\"dateCreated\":\"2024-02-29T07:00:05Z\",\"datePublished\":\"2024-02-29T07:00:05Z\",\"dateModified\":\"2026-01-22T07:48:43Z\"}<\/script>","tracker_url":"https:\/\/cdn.parsely.com\/keys\/capgemini.com\/p.js"},"archive_status":false,"featured_image_src":"https:\/\/www.capgemini.com\/de-de\/wp-content\/themes\/capgemini2025\/assets\/images\/mockup.png","featured_image_alt":false,"jetpack_sharing_enabled":true,"distributor_meta":false,"distributor_terms":false,"distributor_media":false,"distributor_original_site_name":"Capgemini","distributor_original_site_url":"https:\/\/www.capgemini.com\/de-de","push-errors":false,"_links":{"self":[{"href":"https:\/\/www.capgemini.com\/de-de\/wp-json\/wp\/v2\/pages\/853214","targetHints":{"allow":["GET"]}}],"collection":[{"href":"https:\/\/www.capgemini.com\/de-de\/wp-json\/wp\/v2\/pages"}],"about":[{"href":"https:\/\/www.capgemini.com\/de-de\/wp-json\/wp\/v2\/types\/page"}],"author":[{"embeddable":true,"href":"https:\/\/www.capgemini.com\/de-de\/wp-json\/wp\/v2\/users\/41"}],"replies":[{"embeddable":true,"href":"https:\/\/www.capgemini.com\/de-de\/wp-json\/wp\/v2\/comments?post=853214"}],"version-history":[{"count":9,"href":"https:\/\/www.capgemini.com\/de-de\/wp-json\/wp\/v2\/pages\/853214\/revisions"}],"predecessor-version":[{"id":889567,"href":"https:\/\/www.capgemini.com\/de-de\/wp-json\/wp\/v2\/pages\/853214\/revisions\/889567"}],"up":[{"embeddable":true,"href":"https:\/\/www.capgemini.com\/de-de\/wp-json\/wp\/v2\/pages\/853235"}],"wp:attachment":[{"href":"https:\/\/www.capgemini.com\/de-de\/wp-json\/wp\/v2\/media?parent=853214"}],"wp:term":[{"taxonomy":"brand","embeddable":true,"href":"https:\/\/www.capgemini.com\/de-de\/wp-json\/wp\/v2\/brand?post=853214"},{"taxonomy":"partner_type","embeddable":true,"href":"https:\/\/www.capgemini.com\/de-de\/wp-json\/wp\/v2\/partner_type?post=853214"},{"taxonomy":"service","embeddable":true,"href":"https:\/\/www.capgemini.com\/de-de\/wp-json\/wp\/v2\/service?post=853214"},{"taxonomy":"industry","embeddable":true,"href":"https:\/\/www.capgemini.com\/de-de\/wp-json\/wp\/v2\/industry?post=853214"},{"taxonomy":"partners","embeddable":true,"href":"https:\/\/www.capgemini.com\/de-de\/wp-json\/wp\/v2\/partners?post=853214"},{"taxonomy":"page-type","embeddable":true,"href":"https:\/\/www.capgemini.com\/de-de\/wp-json\/wp\/v2\/page-type?post=853214"},{"taxonomy":"content-group","embeddable":true,"href":"https:\/\/www.capgemini.com\/de-de\/wp-json\/wp\/v2\/content-group?post=853214"}],"curies":[{"name":"wp","href":"https:\/\/api.w.org\/{rel}","templated":true}]}}