{"id":848492,"date":"2023-11-21T10:56:28","date_gmt":"2023-11-21T10:56:28","guid":{"rendered":"https:\/\/www.capgemini.com\/de-de\/?page_id=848492&#038;preview_id=848492"},"modified":"2026-01-22T07:49:33","modified_gmt":"2026-01-22T07:49:33","slug":"circular-economy-transition-roadmap","status":"publish","type":"page","link":"https:\/\/www.capgemini.com\/de-de\/solutions\/circular-economy-transition-roadmap\/","title":{"rendered":"Circular-Economy-Transition-Roadmap"},"content":{"rendered":"\n<header class=\"wp-block-cg-blocks-hero-reusable header heroReusable  \"><div class=\"header-bgs\"><picture><source srcset=\"https:\/\/www.capgemini.com\/wp-content\/uploads\/2023\/11\/CE-TRoadmap_website-banner.jpg?w=2880&amp;quality=70 1x, https:\/\/www.capgemini.com\/wp-content\/uploads\/2023\/11\/CE-TRoadmap_website-banner.jpg?w=2880&amp;quality=70 2x\" media=\"(min-width: 1500px)\"\/><source srcset=\"https:\/\/www.capgemini.com\/wp-content\/uploads\/2023\/11\/CE-TRoadmap_website-banner.jpg?w=1440&amp;quality=70 1x, https:\/\/www.capgemini.com\/wp-content\/uploads\/2023\/11\/CE-TRoadmap_website-banner.jpg?w=2880&amp;quality=70 2x\" media=\"(min-width: 992px)\"\/><source srcset=\"https:\/\/www.capgemini.com\/wp-content\/uploads\/2023\/11\/CE-TRoadmap_website-banner.jpg?w=1024&amp;quality=70 1x, https:\/\/www.capgemini.com\/wp-content\/uploads\/2023\/11\/CE-TRoadmap_website-banner.jpg?w=1024&amp;quality=70 2x\" media=\"(min-width: 768px)\"\/><source srcset=\"https:\/\/www.capgemini.com\/wp-content\/uploads\/2023\/11\/CE-TRoadmap_website-banner.jpg?w=768&amp;quality=70 1x, https:\/\/www.capgemini.com\/wp-content\/uploads\/2023\/11\/CE-TRoadmap_website-banner.jpg?w=768&amp;quality=70 2x\" media=\"(min-width: 0)\"\/><img decoding=\"async\" src=\"https:\/\/www.capgemini.com\/wp-content\/uploads\/2023\/11\/CE-TRoadmap_website-banner.jpg\" class=\"header-img header-img-d\" alt=\"\" style=\"object-fit:cover;object-position:54% 55.00000000000001%\" loading=\"eager\"\/><\/picture><\/div><div class=\"heroPictureCardHeaderShape\"><\/div><div class=\"container\"><div class=\"row\"><div class=\"col-md-12\"><div class=\"box\"><div class=\"boxTagWrapper\"><div class=\"tagInfo\"><div><span class=\"box-tag\">Solution<\/span><\/div><\/div><\/div><div class=\"box-title\"><h1 data-maxlength=\"34\"><strong>Circular-Economy-Transition-Roadmap<\/strong><\/h1><\/div><h2 class=\"reasearchInsightTitle\"><strong>Ein Leitfaden f\u00fcr den reibungslosen \u00dcbergang zur Kreislaufwirtschaft<\/strong>\u00a0<\/h2><div class=\"inner-row-insight download-btn\"><\/div><\/div><\/div><\/div><\/div><\/header>\n\n\n\n<section class=\"wp-block-cg-blocks-group undefined section section--article-content\"><div class=\"article-main-content\"><div class=\"container\"><div class=\"row\"><div class=\"col-12 col-md-1\"><nav class=\"article-social\"><ul class=\"social-nav\"><li class=\"ip-order-fb\"><a href=\"https:\/\/www.facebook.com\/sharer\/sharer.php?u=https:\/\/www.capgemini.com\/?page_id=968603&amp;preview_id=968603\" target=\"_blank\" rel=\"noopener noreferrer\" title=\"In neuem Fenster \u00f6ffnen\"><i aria-hidden=\"true\" class=\"icon-fb\"><\/i><span class=\"sr-only\">Facebook<\/span><\/a><\/li><li class=\"ip-order-tw\"><a href=\"https:\/\/twitter.com\/intent\/tweet?url=https:\/\/www.capgemini.com\/?page_id=968603&amp;preview_id=968603&amp;text=Transition%20roadmap\" target=\"_blank\" rel=\"noopener noreferrer\" title=\"In neuem Fenster \u00f6ffnen\"><i aria-hidden=\"true\" class=\"icon-tw\"><\/i><span class=\"sr-only\">Twitter<\/span><\/a><\/li><li class=\"ip-order-li\"><a href=\"https:\/\/www.linkedin.com\/shareArticle?url=https:\/\/www.capgemini.com\/?page_id=968603&amp;preview_id=968603&amp;text=Transition%20roadmap\" target=\"_blank\" rel=\"noopener noreferrer\" title=\"In neuem Fenster \u00f6ffnen\"><i aria-hidden=\"true\" class=\"icon-li\"><\/i><span class=\"sr-only\">Linkedin<\/span><\/a><\/li><\/ul><\/nav><\/div><div class=\"col-12 col-md-11 col-lg-10\"><div class=\"article-text article-quote-text\">\n<h3 class=\"wp-block-heading\" id=\"h-ob-durch-druck-von-aussen-oder-aus-eigenem-antrieb-der-weg-zur-kreislaufwirtschaft-ist-fur-alle-branchen-unausweichlich-branchenfuhrer-mussen-circular-economy-als-strategische-saule-etablieren-um-ihre-resilienz-und-wettbewerbsfahigkeit-zu-starken-nbsp-nbsp\">Ob durch Druck von au\u00dfen oder aus eigenem Antrieb \u2013 der Weg zur Kreislaufwirtschaft ist f\u00fcr alle Branchen unausweichlich. Branchenf\u00fchrer m\u00fcssen <em>Circular Economy<\/em> als strategische S\u00e4ule etablieren, um ihre Resilienz und Wettbewerbsf\u00e4higkeit zu st\u00e4rken.&nbsp;&nbsp;<\/h3>\n\n\n\n<p>Die Herausforderungen zum Erreichen der Kreislaufwirtschaft sind f\u00fcr Unternehmen sowohl in ihren internen Prozessen als auch mit ihren bestehenden Partnern erheblich. Angesichts fehlender Standards ist eine sofortige Transformation im gro\u00dfen Ma\u00dfstab noch nicht m\u00f6glich. Es gibt jedoch eine Reihe von Ans\u00e4tzen, mit denen Organisationen aktiv werden und schrittweise Fortschritte erzielen k\u00f6nnen.&nbsp;<br><br>Capgemini hat eine Circular-Economy-Transition-Roadmap entwickelt, die den aktuellen Stand der Kreislaufwirtschaft auf Unternehmens- oder Gesch\u00e4ftseinheitsebene bewertet und dabei hilft, die wesentlichen Ma\u00dfnahmen zu identifizieren, um eine reibungslose Transformation Ihrer Organisation basierend auf einem Vergleich mit den Best Practices der Branche zu steuern.&nbsp;<\/p>\n<\/div><\/div><\/div><\/div><\/div><\/section>\n\n\n\n<section class=\"wp-block-cg-blocks-intro-para-video section section--info-2cols section--insights section-video \"><div class=\"bg-color video-align-left\"><div class=\"container\"><div class=\"row video-align-right\"><div class=\"col-md-12\"><div class=\"video-align-right row box box--4 box--mini\"><div class=\"col-md-1\"><\/div><div class=\"col-md-8 box-img-wrapper\"><div class=\"video-box\"><div class=\"video-wrapper\"><iframe title=\"video-section\" src=\"https:\/\/www.youtube.com\/embed\/Ic59g5leWzE?rel=0&amp;modestbranding=1&amp;playsinline=1&amp;enablejsapi=1\" frameborder=\"0\" allow=\"accelerometer; autoplay; clipboard-write; encrypted-media; gyroscope; picture-in-picture\" allowfullscreen loading=\"lazy\" referrerpolicy=\"strict-origin-when-cross-origin\"><\/iframe><\/div><\/div><\/div><div class=\"col-md-3\"><h3 class=\"Video-title\" data-maxlength=\"34\">Move to a circular economy model<\/h3><div class=\"video-info\"><p data-maxlength=\"68\">Identify the key actions to deliver economic and environmental value<\/p><\/div><\/div><div class=\"col-md-1\"><\/div><\/div><\/div><\/div><\/div><\/div><\/section>\n\n\n\n<section class=\"wp-block-cg-blocks-group undefined section section--article-content\"><div class=\"article-main-content\"><div class=\"container\"><div class=\"row\"><div class=\"col-12 col-md-11 col-lg-10 offset-md-1 offset-lg-1\"><div class=\"article-text article-quote-text\">\n<h2 class=\"wp-block-heading\" id=\"h-steuern-sie-ihren-ubergang-zur-kreislaufwirtschaft\"><strong>Steuern Sie Ihren \u00dcbergang zur Kreislaufwirtschaft<\/strong><\/h2>\n\n\n\n<p>Leveraging our expertise in circular economy, digital and industries, our Circular Economy Transition Roadmap is a sophisticated tool that showcases solutions, levers and use cases in a single data platform, powered by AWS. It is designed to:<\/p>\n\n\n\n<ul class=\"wp-block-list\">\n<li>Provide a multi-dimensional assessment of a company\u2019s current and intended initiatives<\/li>\n\n\n\n<li>Benchmark against competitors and calculates the gap between an organization\u2019s results and industry leaders<\/li>\n\n\n\n<li>Informationen zu wirtschaftlichen und \u00f6kologischen Ergebnissen zu erfassen<\/li>\n\n\n\n<li>Wichtige Szenarien zu analysieren, die Prognosen zu betrieblichen Auswirkungen unterst\u00fctzen&nbsp;<\/li>\n\n\n\n<li>Priorisierte Projekte und Technologien zu identifizieren<\/li>\n\n\n\n<li>An die Bed\u00fcrfnisse Ihrer Branche angepasst zu werden, sei es als Lebensmittelhersteller, Fluggesellschaft oder Komponentenhersteller&nbsp;<\/li>\n\n\n\n<li>Einen praktischen Weg aufzuzeigen, um Ihre Herausforderungen und Priorit\u00e4ten im Bereich der Kreislaufwirtschaft zu meistern.&nbsp;<\/li>\n<\/ul>\n\n\n\n<p>Unsere Roadmap f\u00fcr den \u00dcbergang zur Kreislaufwirtschaft hilft Ihnen, datengest\u00fctzte Entscheidungen mit Zuversicht zu treffen. pragmatische KPIs zu identifizieren, um in einem sich entwickelnden regulatorischen Rahmen auf Kurs zu bleiben; quantifizieren Sie die Investitionen und den Aufwand, die erforderlich sind, um Ihr Ziel zu erreichen; und die n\u00e4chsten praktischen Schritte zu unternehmen. Unsere Roadmap ist ein pragmatischer und ganzheitlicher Leitfaden f\u00fcr die Navigation und Beschleunigung Ihrer Kreislaufwirtschaftsprojekte &#8211; von der Idee bis zur Verwirklichung &#8211; und kombiniert quantitative und qualitative Bewertungen unter Verwendung unseres RACES-Frameworks.<\/p>\n<\/div><\/div><\/div><\/div><\/div><\/section>\n\n\n\n\n\n<section class=\"wp-block-cg-blocks-group undefined section section--article-content\"><div class=\"article-main-content\"><div class=\"container\"><div class=\"row\"><div class=\"col-12 col-md-11 col-lg-10 offset-md-1 offset-lg-1\"><div class=\"article-text article-quote-text\">\n<div style=\"height:20px\" aria-hidden=\"true\" class=\"wp-block-spacer\"><\/div>\n\n\n\n<blockquote class=\"wp-block-quote is-layout-flow wp-block-quote-is-layout-flow\">\n<p><em>\u201eBei Capgemini messen wir \u00fcber 300 KPIs zu wirtschaftlichen, \u00f6kologischen und betrieblichen Auswirkungen, um einen ma\u00dfgeschneiderten strategischen Aktionsplan zu erstellen.\u201c<\/em>&nbsp;<\/p>\n<cite>Cl\u00e9ment Chenut, Leiter Circular Economy Services&nbsp;<br>&nbsp;<\/cite><\/blockquote>\n<\/div><\/div><\/div><\/div><\/div><\/section>\n","protected":false},"excerpt":{"rendered":"<p>A guide to a smooth transition to circularity.<\/p>\n","protected":false},"author":81,"featured_media":848493,"parent":743171,"menu_order":0,"comment_status":"closed","ping_status":"closed","template":"","meta":{"cg_dt_proposed_to":[],"cg_seo_hreflang_relations":"[]","cg_seo_canonical_relation":"","cg_seo_hreflang_x_default_relation":"{\"uuid\":\"9619412c-3d5d-4cb0-9ef0-76b92550052a\",\"blogId\":\"\",\"domain\":\"\",\"sitePath\":\"\",\"postLink\":\"\",\"postId\":null,\"isSaved\":true,\"isCrossLink\":false,\"hasCrossLink\":false}","cg_dt_approved_content":true,"cg_dt_mandatory_content":false,"cg_dt_notes":"","cg_dg_source_changed":true,"cg_dt_link_disabled":false,"_yoast_wpseo_primary_brand":"","footnotes":"","featured_focal_points":"","partner_card_description":"","gsap_animation":0},"brand":[],"partner_type":[],"service":[123],"industry":[],"partners":[],"page-type":[],"content-group":[],"class_list":["post-848492","page","type-page","status-publish","has-post-thumbnail","hentry","service-sustainability"],"yoast_head":"<!-- This site is optimized with the Yoast SEO Premium plugin v22.8 (Yoast SEO v22.8) - https:\/\/yoast.com\/wordpress\/plugins\/seo\/ -->\n<title>Circular-Economy-Transition-Roadmap - Capgemini<\/title>\n<meta name=\"robots\" content=\"index, follow, max-snippet:-1, max-image-preview:large, max-video-preview:-1\" \/>\n<link rel=\"canonical\" href=\"https:\/\/www.capgemini.com\/de-de\/solutions\/circular-economy-transition-roadmap\/\" \/>\n<meta property=\"og:locale\" content=\"de_DE\" \/>\n<meta property=\"og:type\" content=\"article\" \/>\n<meta property=\"og:title\" content=\"Circular-Economy-Transition-Roadmap - Capgemini\" \/>\n<meta property=\"og:description\" content=\"A guide to a smooth transition to circularity.\" \/>\n<meta property=\"og:url\" content=\"https:\/\/www.capgemini.com\/de-de\/solutions\/circular-economy-transition-roadmap\/\" \/>\n<meta property=\"og:site_name\" content=\"Capgemini\" \/>\n<meta property=\"article:modified_time\" content=\"2026-01-22T07:49:33+00:00\" \/>\n<meta property=\"og:image\" content=\"https:\/\/www.capgemini.com\/de-de\/wp-content\/uploads\/sites\/8\/2025\/10\/New-Web-preview-global.jpg\" \/>\n\t<meta property=\"og:image:width\" content=\"1200\" \/>\n\t<meta property=\"og:image:height\" content=\"627\" \/>\n\t<meta property=\"og:image:type\" content=\"image\/jpeg\" \/>\n<meta name=\"twitter:card\" content=\"summary_large_image\" \/>\n<meta name=\"twitter:label1\" content=\"Est. reading time\" \/>\n\t<meta name=\"twitter:data1\" content=\"4 minutes\" \/>\n<script type=\"application\/ld+json\" class=\"yoast-schema-graph\">{\"@context\":\"https:\/\/schema.org\",\"@graph\":[{\"@type\":\"WebPage\",\"@id\":\"https:\/\/www.capgemini.com\/de-de\/solutions\/circular-economy-transition-roadmap\/\",\"url\":\"https:\/\/www.capgemini.com\/de-de\/solutions\/circular-economy-transition-roadmap\/\",\"name\":\"Circular-Economy-Transition-Roadmap - Capgemini\",\"isPartOf\":{\"@id\":\"https:\/\/www.capgemini.com\/de-de\/#website\"},\"primaryImageOfPage\":{\"@id\":\"https:\/\/www.capgemini.com\/de-de\/solutions\/circular-economy-transition-roadmap\/#primaryimage\"},\"image\":{\"@id\":\"https:\/\/www.capgemini.com\/de-de\/solutions\/circular-economy-transition-roadmap\/#primaryimage\"},\"thumbnailUrl\":\"https:\/\/www.capgemini.com\/de-de\/wp-content\/uploads\/sites\/8\/2023\/11\/CE-TRoadmap_website-banner.jpg\",\"datePublished\":\"2023-11-21T10:56:28+00:00\",\"dateModified\":\"2026-01-22T07:49:33+00:00\",\"breadcrumb\":{\"@id\":\"https:\/\/www.capgemini.com\/de-de\/solutions\/circular-economy-transition-roadmap\/#breadcrumb\"},\"inLanguage\":\"de-DE\",\"potentialAction\":[{\"@type\":\"ReadAction\",\"target\":[\"https:\/\/www.capgemini.com\/de-de\/solutions\/circular-economy-transition-roadmap\/\"]}]},{\"@type\":\"ImageObject\",\"inLanguage\":\"de-DE\",\"@id\":\"https:\/\/www.capgemini.com\/de-de\/solutions\/circular-economy-transition-roadmap\/#primaryimage\",\"url\":\"https:\/\/www.capgemini.com\/de-de\/wp-content\/uploads\/sites\/8\/2023\/11\/CE-TRoadmap_website-banner.jpg\",\"contentUrl\":\"https:\/\/www.capgemini.com\/de-de\/wp-content\/uploads\/sites\/8\/2023\/11\/CE-TRoadmap_website-banner.jpg\",\"width\":2880,\"height\":1800},{\"@type\":\"BreadcrumbList\",\"@id\":\"https:\/\/www.capgemini.com\/de-de\/solutions\/circular-economy-transition-roadmap\/#breadcrumb\",\"itemListElement\":[{\"@type\":\"ListItem\",\"position\":1,\"name\":\"Solutions\",\"item\":\"https:\/\/www.capgemini.com\/de-de\/solutions\/\"},{\"@type\":\"ListItem\",\"position\":2,\"name\":\"Circular-Economy-Transition-Roadmap\"}]},{\"@type\":\"WebSite\",\"@id\":\"https:\/\/www.capgemini.com\/de-de\/#website\",\"url\":\"https:\/\/www.capgemini.com\/de-de\/\",\"name\":\"Capgemini Deutschland\",\"description\":\"Make it real\",\"potentialAction\":[{\"@type\":\"SearchAction\",\"target\":{\"@type\":\"EntryPoint\",\"urlTemplate\":\"https:\/\/www.capgemini.com\/de-de\/?s={search_term_string}\"},\"query-input\":\"required name=search_term_string\"}],\"inLanguage\":\"de-DE\"}]}<\/script>\n<!-- \/ Yoast SEO Premium plugin. -->","yoast_head_json":{"title":"Circular-Economy-Transition-Roadmap - Capgemini","robots":{"index":"index","follow":"follow","max-snippet":"max-snippet:-1","max-image-preview":"max-image-preview:large","max-video-preview":"max-video-preview:-1"},"canonical":"https:\/\/www.capgemini.com\/de-de\/solutions\/circular-economy-transition-roadmap\/","og_locale":"de_DE","og_type":"article","og_title":"Circular-Economy-Transition-Roadmap - Capgemini","og_description":"A guide to a smooth transition to circularity.","og_url":"https:\/\/www.capgemini.com\/de-de\/solutions\/circular-economy-transition-roadmap\/","og_site_name":"Capgemini","article_modified_time":"2026-01-22T07:49:33+00:00","og_image":[{"width":1200,"height":627,"url":"https:\/\/www.capgemini.com\/de-de\/wp-content\/uploads\/sites\/8\/2025\/10\/New-Web-preview-global.jpg","type":"image\/jpeg"}],"twitter_card":"summary_large_image","twitter_misc":{"Est. reading time":"4 minutes"},"schema":{"@context":"https:\/\/schema.org","@graph":[{"@type":"WebPage","@id":"https:\/\/www.capgemini.com\/de-de\/solutions\/circular-economy-transition-roadmap\/","url":"https:\/\/www.capgemini.com\/de-de\/solutions\/circular-economy-transition-roadmap\/","name":"Circular-Economy-Transition-Roadmap - Capgemini","isPartOf":{"@id":"https:\/\/www.capgemini.com\/de-de\/#website"},"primaryImageOfPage":{"@id":"https:\/\/www.capgemini.com\/de-de\/solutions\/circular-economy-transition-roadmap\/#primaryimage"},"image":{"@id":"https:\/\/www.capgemini.com\/de-de\/solutions\/circular-economy-transition-roadmap\/#primaryimage"},"thumbnailUrl":"https:\/\/www.capgemini.com\/de-de\/wp-content\/uploads\/sites\/8\/2023\/11\/CE-TRoadmap_website-banner.jpg","datePublished":"2023-11-21T10:56:28+00:00","dateModified":"2026-01-22T07:49:33+00:00","breadcrumb":{"@id":"https:\/\/www.capgemini.com\/de-de\/solutions\/circular-economy-transition-roadmap\/#breadcrumb"},"inLanguage":"de-DE","potentialAction":[{"@type":"ReadAction","target":["https:\/\/www.capgemini.com\/de-de\/solutions\/circular-economy-transition-roadmap\/"]}]},{"@type":"ImageObject","inLanguage":"de-DE","@id":"https:\/\/www.capgemini.com\/de-de\/solutions\/circular-economy-transition-roadmap\/#primaryimage","url":"https:\/\/www.capgemini.com\/de-de\/wp-content\/uploads\/sites\/8\/2023\/11\/CE-TRoadmap_website-banner.jpg","contentUrl":"https:\/\/www.capgemini.com\/de-de\/wp-content\/uploads\/sites\/8\/2023\/11\/CE-TRoadmap_website-banner.jpg","width":2880,"height":1800},{"@type":"BreadcrumbList","@id":"https:\/\/www.capgemini.com\/de-de\/solutions\/circular-economy-transition-roadmap\/#breadcrumb","itemListElement":[{"@type":"ListItem","position":1,"name":"Solutions","item":"https:\/\/www.capgemini.com\/de-de\/solutions\/"},{"@type":"ListItem","position":2,"name":"Circular-Economy-Transition-Roadmap"}]},{"@type":"WebSite","@id":"https:\/\/www.capgemini.com\/de-de\/#website","url":"https:\/\/www.capgemini.com\/de-de\/","name":"Capgemini Deutschland","description":"Make it real","potentialAction":[{"@type":"SearchAction","target":{"@type":"EntryPoint","urlTemplate":"https:\/\/www.capgemini.com\/de-de\/?s={search_term_string}"},"query-input":"required name=search_term_string"}],"inLanguage":"de-DE"}]}},"brand_term":[],"parsely":{"version":"1.1.0","canonical_url":"https:\/\/capgemini.com\/de-de\/solutions\/circular-economy-transition-roadmap\/","smart_links":{"inbound":0,"outbound":0},"traffic_boost_suggestions_count":0,"meta":{"@context":"https:\/\/schema.org","@type":"WebPage","headline":"Circular-Economy-Transition-Roadmap","url":"http:\/\/www.capgemini.com\/de-de\/solutions\/circular-economy-transition-roadmap\/","mainEntityOfPage":{"@type":"WebPage","@id":"http:\/\/www.capgemini.com\/de-de\/solutions\/circular-economy-transition-roadmap\/"},"thumbnailUrl":"https:\/\/www.capgemini.com\/de-de\/wp-content\/uploads\/sites\/8\/2023\/11\/CE-TRoadmap_website-banner.jpg?w=150&h=150&crop=1","image":{"@type":"ImageObject","url":"https:\/\/www.capgemini.com\/de-de\/wp-content\/uploads\/sites\/8\/2023\/11\/CE-TRoadmap_website-banner.jpg"},"articleSection":"Uncategorized","author":[],"creator":[],"publisher":{"@type":"Organization","name":"Capgemini","logo":""},"keywords":[],"dateCreated":"2023-11-21T10:56:28Z","datePublished":"2023-11-21T10:56:28Z","dateModified":"2026-01-22T07:49:33Z"},"rendered":"<script type=\"application\/ld+json\" class=\"wp-parsely-metadata\">{\"@context\":\"https:\\\/\\\/schema.org\",\"@type\":\"WebPage\",\"headline\":\"Circular-Economy-Transition-Roadmap\",\"url\":\"http:\\\/\\\/www.capgemini.com\\\/de-de\\\/solutions\\\/circular-economy-transition-roadmap\\\/\",\"mainEntityOfPage\":{\"@type\":\"WebPage\",\"@id\":\"http:\\\/\\\/www.capgemini.com\\\/de-de\\\/solutions\\\/circular-economy-transition-roadmap\\\/\"},\"thumbnailUrl\":\"https:\\\/\\\/www.capgemini.com\\\/de-de\\\/wp-content\\\/uploads\\\/sites\\\/8\\\/2023\\\/11\\\/CE-TRoadmap_website-banner.jpg?w=150&h=150&crop=1\",\"image\":{\"@type\":\"ImageObject\",\"url\":\"https:\\\/\\\/www.capgemini.com\\\/de-de\\\/wp-content\\\/uploads\\\/sites\\\/8\\\/2023\\\/11\\\/CE-TRoadmap_website-banner.jpg\"},\"articleSection\":\"Uncategorized\",\"author\":[],\"creator\":[],\"publisher\":{\"@type\":\"Organization\",\"name\":\"Capgemini\",\"logo\":\"\"},\"keywords\":[],\"dateCreated\":\"2023-11-21T10:56:28Z\",\"datePublished\":\"2023-11-21T10:56:28Z\",\"dateModified\":\"2026-01-22T07:49:33Z\"}<\/script>","tracker_url":"https:\/\/cdn.parsely.com\/keys\/capgemini.com\/p.js"},"archive_status":false,"featured_image_src":"https:\/\/www.capgemini.com\/de-de\/wp-content\/uploads\/sites\/8\/2023\/11\/CE-TRoadmap_website-banner.jpg","featured_image_alt":"","jetpack_sharing_enabled":true,"distributor_meta":false,"distributor_terms":false,"distributor_media":false,"distributor_original_site_name":"Capgemini","distributor_original_site_url":"https:\/\/www.capgemini.com\/de-de","push-errors":false,"_links":{"self":[{"href":"https:\/\/www.capgemini.com\/de-de\/wp-json\/wp\/v2\/pages\/848492","targetHints":{"allow":["GET"]}}],"collection":[{"href":"https:\/\/www.capgemini.com\/de-de\/wp-json\/wp\/v2\/pages"}],"about":[{"href":"https:\/\/www.capgemini.com\/de-de\/wp-json\/wp\/v2\/types\/page"}],"author":[{"embeddable":true,"href":"https:\/\/www.capgemini.com\/de-de\/wp-json\/wp\/v2\/users\/81"}],"replies":[{"embeddable":true,"href":"https:\/\/www.capgemini.com\/de-de\/wp-json\/wp\/v2\/comments?post=848492"}],"version-history":[{"count":6,"href":"https:\/\/www.capgemini.com\/de-de\/wp-json\/wp\/v2\/pages\/848492\/revisions"}],"predecessor-version":[{"id":890441,"href":"https:\/\/www.capgemini.com\/de-de\/wp-json\/wp\/v2\/pages\/848492\/revisions\/890441"}],"up":[{"embeddable":true,"href":"https:\/\/www.capgemini.com\/de-de\/wp-json\/wp\/v2\/pages\/743171"}],"wp:featuredmedia":[{"embeddable":true,"href":"https:\/\/www.capgemini.com\/de-de\/wp-json\/wp\/v2\/media\/848493"}],"wp:attachment":[{"href":"https:\/\/www.capgemini.com\/de-de\/wp-json\/wp\/v2\/media?parent=848492"}],"wp:term":[{"taxonomy":"brand","embeddable":true,"href":"https:\/\/www.capgemini.com\/de-de\/wp-json\/wp\/v2\/brand?post=848492"},{"taxonomy":"partner_type","embeddable":true,"href":"https:\/\/www.capgemini.com\/de-de\/wp-json\/wp\/v2\/partner_type?post=848492"},{"taxonomy":"service","embeddable":true,"href":"https:\/\/www.capgemini.com\/de-de\/wp-json\/wp\/v2\/service?post=848492"},{"taxonomy":"industry","embeddable":true,"href":"https:\/\/www.capgemini.com\/de-de\/wp-json\/wp\/v2\/industry?post=848492"},{"taxonomy":"partners","embeddable":true,"href":"https:\/\/www.capgemini.com\/de-de\/wp-json\/wp\/v2\/partners?post=848492"},{"taxonomy":"page-type","embeddable":true,"href":"https:\/\/www.capgemini.com\/de-de\/wp-json\/wp\/v2\/page-type?post=848492"},{"taxonomy":"content-group","embeddable":true,"href":"https:\/\/www.capgemini.com\/de-de\/wp-json\/wp\/v2\/content-group?post=848492"}],"curies":[{"name":"wp","href":"https:\/\/api.w.org\/{rel}","templated":true}]}}