{"id":845251,"date":"2023-10-20T09:42:27","date_gmt":"2023-10-20T09:42:27","guid":{"rendered":"https:\/\/www.capgemini.com\/de-de\/?page_id=845251&#038;preview_id=845251"},"modified":"2026-01-22T07:49:45","modified_gmt":"2026-01-22T07:49:45","slug":"marketing-and-communications","status":"publish","type":"page","link":"https:\/\/www.capgemini.com\/de-de\/karriere\/karrierewege\/marketing-and-communications\/","title":{"rendered":"Marketing and communications"},"content":{"rendered":"\n<div class=\"wp-block-cg-blocks-hero-picture-card undefined  heroPictureCard\"><div class=\"heroPictureCardBgs\"><picture><source srcset=\"https:\/\/www.capgemini.com\/wp-content\/uploads\/2023\/05\/17a.jpg?w=2880&amp;quality=70 1x, https:\/\/www.capgemini.com\/wp-content\/uploads\/2023\/05\/17a.jpg?w=2880&amp;quality=70 2x\" media=\"(min-width: 1500px)\"\/><source srcset=\"https:\/\/www.capgemini.com\/wp-content\/uploads\/2023\/05\/17a.jpg?w=1440&amp;quality=70 1x, https:\/\/www.capgemini.com\/wp-content\/uploads\/2023\/05\/17a.jpg?w=2880&amp;quality=70 2x\" media=\"(min-width: 992px)\"\/><source srcset=\"https:\/\/www.capgemini.com\/wp-content\/uploads\/2023\/05\/17a.jpg?w=1024&amp;quality=70 1x, https:\/\/www.capgemini.com\/wp-content\/uploads\/2023\/05\/17a.jpg?w=1024&amp;quality=70 2x\" media=\"(min-width: 768px)\"\/><source srcset=\"https:\/\/www.capgemini.com\/wp-content\/uploads\/2023\/05\/17a.jpg?w=768&amp;quality=70 1x, https:\/\/www.capgemini.com\/wp-content\/uploads\/2023\/05\/17a.jpg?w=768&amp;quality=70 2x\" media=\"(min-width: 0)\"\/><img decoding=\"async\" src=\"https:\/\/www.capgemini.com\/wp-content\/uploads\/2023\/05\/17a.jpg\" class=\"desktopImage\" alt=\"\" style=\"object-fit:cover;object-position:50% 26%\" loading=\"eager\"\/><\/picture><picture><source srcset=\"https:\/\/www.capgemini.com\/wp-content\/uploads\/2023\/05\/17a.jpg?w=2880&amp;quality=70 1x, https:\/\/www.capgemini.com\/wp-content\/uploads\/2023\/05\/17a.jpg?w=2880&amp;quality=70 2x\" media=\"(min-width: 1500px)\"\/><source srcset=\"https:\/\/www.capgemini.com\/wp-content\/uploads\/2023\/05\/17a.jpg?w=1440&amp;quality=70 1x, https:\/\/www.capgemini.com\/wp-content\/uploads\/2023\/05\/17a.jpg?w=2880&amp;quality=70 2x\" media=\"(min-width: 992px)\"\/><source srcset=\"https:\/\/www.capgemini.com\/wp-content\/uploads\/2023\/05\/17a.jpg?w=1024&amp;quality=70 1x, https:\/\/www.capgemini.com\/wp-content\/uploads\/2023\/05\/17a.jpg?w=1024&amp;quality=70 2x\" media=\"(min-width: 768px)\"\/><source srcset=\"https:\/\/www.capgemini.com\/wp-content\/uploads\/2023\/05\/17a.jpg?w=768&amp;quality=70 1x, https:\/\/www.capgemini.com\/wp-content\/uploads\/2023\/05\/17a.jpg?w=768&amp;quality=70 2x\" media=\"(min-width: 0)\"\/><img decoding=\"async\" src=\"https:\/\/www.capgemini.com\/wp-content\/uploads\/2023\/05\/17a.jpg\" class=\"mobileImage\" alt=\"\" style=\"object-fit:cover;object-position:50% 26%\" loading=\"eager\"\/><\/picture><\/div><div class=\"heroPictureCardHeaderShape\"><\/div><div class=\"container\"><div class=\"row\"><div class=\"col-md-8 col-lg-6\"><div class=\"heroPictureCardBox\"><div class=\"heroPictureCardBoxTitle\"><h1 data-maxlength=\"144\">Marketing &amp; Communications<\/h1><\/div><\/div><\/div><\/div><\/div><div class=\"small-device\"><div class=\"brandLogoWrapper\"> <\/div><\/div><\/div>\n\n\n\n<section class=\"wp-block-cg-blocks-intro-para undefined section section--intro\"><div class=\"intro-para\"><div class=\"container\"><div class=\"row\"><div class=\"col-12 col-md-1\"><nav class=\"article-social\"><ul class=\"social-nav\"><li class=\"ip-order-fb\"><a href=\"https:\/\/www.facebook.com\/sharer\/sharer.php?u=https:\/\/www.capgemini.com\/de-de\/karriere\/karrierewege\/marketing-and-communications\/\" target=\"_blank\" rel=\"noopener noreferrer\" title=\"In neuem Fenster \u00f6ffnen\"><i aria-hidden=\"true\" class=\"icon-fb\"><\/i><span class=\"sr-only\">Facebook<\/span><\/a><\/li><li class=\"ip-order-li\"><a href=\"https:\/\/www.linkedin.com\/sharing\/share-offsite\/?url=https:\/\/www.capgemini.com\/de-de\/karriere\/karrierewege\/marketing-and-communications\/\" target=\"_blank\" rel=\"noopener noreferrer\" title=\"In neuem Fenster \u00f6ffnen\"><i aria-hidden=\"true\" class=\"icon-li\"><\/i><span class=\"sr-only\">Linkedin<\/span><\/a><\/li><\/ul><\/nav><\/div><div class=\"col-12 col-md-11 col-lg-10\"><h2 class=\"intro-para-title\">Schlie\u00dfe dich uns als Marketing- und Kommunikationsprofi an.<\/h2><p class=\"intro-para-content\">Als Marketing- und Kommunikationsprofi wirst du eine zentrale Rolle bei der F\u00f6rderung des Gesch\u00e4ftswachstums und dem Aufbau der Markenreputation spielen. Deine Expertise liegt in der strategischen Beratung, der Entwicklung \u00fcberzeugender Kampagnen und der Vermittlung wirkungsvoller Botschaften \u00fcber verschiedene Kan\u00e4le. Du wirst dein Fachwissen in Bereichen wie Digitalmarketing, Content-Erstellung und Markenmanagement nutzen.<br><br>Dar\u00fcber hinaus wirst du in der Kampagnendurchf\u00fchrung, im Veranstaltungsmanagement und in der Marketing-Automatisierung unterst\u00fctzen. Zusammenfassend wirst du als Marketing- und Kommunikationsprofi eine entscheidende Rolle bei der Gestaltung der Wahrnehmung der Organisation und der F\u00f6rderung der Gesch\u00e4ftsergebnisse spielen.<\/p><\/div><\/div><\/div><\/div><\/section>\n\n\n\n<section class=\"wp-block-cg-blocks-call-to-action undefined call-to-action-block is-style-cg-purple\"><div class=\"container\"><div class=\"call-to-action-block-content-wrapper has-description\"><div class=\"text-wrapper has-description\"><h3 class=\"title\" data-maxlength=\"144\">Bist du bereit f\u00fcr eine neue Herausforderung?<\/h3><p class=\"description\" data-maxlength=\"210\">Alle offenen Stellen findest du im Jobportal.<\/p><\/div><div class=\"button-wrapper has-description\"><a class=\" cta-btn action-valid\" href=\"https:\/\/www.capgemini.com\/de-de\/karriere\/jobs\/?country_code=de-de&amp;country_name=Germany&amp;size=15\" target=\"\" rel=\"noopener noreferrer\" aria-label=\"Jetzt bewerben \u00fcber Bist du bereit f\u00fcr eine neue Herausforderung?\" title=\"In neuem Fenster \u00f6ffnen\" data-maxlength=\"24\" tabindex=\"0\"> Jetzt bewerben <\/a><\/div><\/div><\/div><\/section>\n\n\n<section class=\"wp-block-cg-blocks-learn-more learnMoreBlock updated-new-sample-amal\"><div class=\"container\"><div class=\"content-title\"><h2 class=\"learnmore-heading\">Learn More<\/h2><\/div><div class=\"row\"> <div class=\"col-md-4\"><div class=\"box\"><div class=\"box-wrapper\"><a class=\"box-title\" href=\"https:\/\/www.capgemini.com\/de-de\/karriere\/karrierewege\/hr\/\" target=\"\" aria-label=\"Learn more 1\" rel=\"noopener noreferrer\"><div class=\"box-img-wrapper\"><img decoding=\"async\" src=\"https:\/\/www.capgemini.com\/wp-content\/uploads\/2023\/05\/15b.jpg?w=500&amp;quality=70\" srcset=\"https:\/\/www.capgemini.com\/wp-content\/uploads\/2023\/05\/15b.jpg?w=500&amp;quality=70 1x, https:\/\/www.capgemini.com\/wp-content\/uploads\/2023\/05\/15b.jpg?w=1000&amp;quality=70 2x\" class=\"box-img\" alt=\"\" style=\"object-fit:cover;object-position:50% 50%\" loading=\"lazy\"\/><\/div><h3 class=\"titleWithoutLink_learnMore\">Human Resources<\/h3><\/a><\/div><\/div><div class=\"box-inner\"><p class=\"box-desc\"><\/p><\/div><\/div> <div class=\"col-md-4\"><div class=\"box\"><div class=\"box-wrapper\"><a class=\"box-title\" href=\"https:\/\/www.capgemini.com\/careers\/career-paths\/professions\/creative-and-design\/\" target=\"\" aria-label=\"Learn more 1\" rel=\"noopener noreferrer\"><div class=\"box-img-wrapper\"><img decoding=\"async\" src=\"https:\/\/www.capgemini.com\/wp-content\/uploads\/2023\/05\/12b.jpg?w=500&amp;quality=70\" srcset=\"https:\/\/www.capgemini.com\/wp-content\/uploads\/2023\/05\/12b.jpg?w=500&amp;quality=70 1x, https:\/\/www.capgemini.com\/wp-content\/uploads\/2023\/05\/12b.jpg?w=1000&amp;quality=70 2x\" class=\"box-img\" alt=\"\" style=\"object-fit:cover;object-position:50% 50%\" loading=\"lazy\"\/><\/div><h3 class=\"titleWithoutLink_learnMore\">Creative and Design<\/h3><\/a><\/div><\/div><div class=\"box-inner\"><p class=\"box-desc\"><\/p><\/div><\/div> <div class=\"col-md-4\"><div class=\"box\"><div class=\"box-wrapper\"><a class=\"box-title\" href=\"https:\/\/www.capgemini.com\/careers\/career-paths\/professions\/strategy-and-transformation\/\" target=\"\" aria-label=\"Learn more 1\" rel=\"noopener noreferrer\"><div class=\"box-img-wrapper\"><img decoding=\"async\" src=\"https:\/\/www.capgemini.com\/wp-content\/uploads\/2023\/05\/21b.jpg?w=500&amp;quality=70\" srcset=\"https:\/\/www.capgemini.com\/wp-content\/uploads\/2023\/05\/21b.jpg?w=500&amp;quality=70 1x, https:\/\/www.capgemini.com\/wp-content\/uploads\/2023\/05\/21b.jpg?w=1000&amp;quality=70 2x\" class=\"box-img\" alt=\"\" style=\"object-fit:cover;object-position:50% 50%\" loading=\"lazy\"\/><\/div><h3 class=\"titleWithoutLink_learnMore\">Strategy and Transformation<\/h3><\/a><\/div><\/div><div class=\"box-inner\"><p class=\"box-desc\"><\/p><\/div><\/div><\/div><\/div><\/section>","protected":false},"excerpt":{"rendered":"<p>Join us in business partnering and support.<\/p>\n","protected":false},"author":81,"featured_media":845252,"parent":741922,"menu_order":0,"comment_status":"closed","ping_status":"closed","template":"","meta":{"cg_dt_proposed_to":[],"cg_seo_hreflang_relations":"[]","cg_seo_canonical_relation":"","cg_seo_hreflang_x_default_relation":"{\"uuid\":\"7d94a6ac-7b29-447f-a26c-f26277c8dd54\",\"blogId\":\"\",\"domain\":\"\",\"sitePath\":\"\",\"postLink\":\"\",\"postId\":null,\"isSaved\":true,\"isCrossLink\":false,\"hasCrossLink\":false}","cg_dt_approved_content":true,"cg_dt_mandatory_content":false,"cg_dt_notes":"","cg_dg_source_changed":true,"cg_dt_link_disabled":false,"_yoast_wpseo_primary_brand":"","footnotes":"","featured_focal_points":"","partner_card_description":"","gsap_animation":0},"brand":[],"partner_type":[],"service":[],"industry":[],"partners":[],"page-type":[188],"content-group":[],"class_list":["post-845251","page","type-page","status-publish","has-post-thumbnail","hentry","page-type-careers"],"yoast_head":"<!-- This site is optimized with the Yoast SEO Premium plugin v22.8 (Yoast SEO v22.8) - https:\/\/yoast.com\/wordpress\/plugins\/seo\/ -->\n<title>Marketing &amp; Communications bei Capgemini<\/title>\n<meta name=\"description\" content=\"Erfahre, was dieses spannende Berufsfeld bei Capgemini f\u00fcr dich bereit h\u00e4lt. Alle offenen Stellen findest du im Jobportal. Jetzt bewerben.\" \/>\n<meta name=\"robots\" content=\"noindex, nofollow\" \/>\n<meta property=\"og:locale\" content=\"de_DE\" \/>\n<meta property=\"og:type\" content=\"article\" \/>\n<meta property=\"og:title\" content=\"Marketing &amp; Communications bei Capgemini\" \/>\n<meta property=\"og:description\" content=\"Erfahre, was dieses spannende Berufsfeld bei Capgemini f\u00fcr dich bereit h\u00e4lt. Alle offenen Stellen findest du im Jobportal. Jetzt bewerben.\" \/>\n<meta property=\"og:url\" content=\"https:\/\/www.capgemini.com\/de-de\/karriere\/karrierewege\/marketing-and-communications\/\" \/>\n<meta property=\"og:site_name\" content=\"Capgemini\" \/>\n<meta property=\"article:modified_time\" content=\"2026-01-22T07:49:45+00:00\" \/>\n<meta property=\"og:image\" content=\"https:\/\/www.capgemini.com\/de-de\/wp-content\/uploads\/sites\/8\/2025\/10\/New-Web-preview-global.jpg\" \/>\n\t<meta property=\"og:image:width\" content=\"1200\" \/>\n\t<meta property=\"og:image:height\" content=\"627\" \/>\n\t<meta property=\"og:image:type\" content=\"image\/jpeg\" \/>\n<meta name=\"twitter:card\" content=\"summary_large_image\" \/>\n<meta name=\"twitter:label1\" content=\"Est. reading time\" \/>\n\t<meta name=\"twitter:data1\" content=\"2 minutes\" \/>\n<script type=\"application\/ld+json\" class=\"yoast-schema-graph\">{\"@context\":\"https:\/\/schema.org\",\"@graph\":[{\"@type\":\"WebPage\",\"@id\":\"https:\/\/www.capgemini.com\/de-de\/karriere\/karrierewege\/marketing-and-communications\/\",\"url\":\"https:\/\/www.capgemini.com\/de-de\/karriere\/karrierewege\/marketing-and-communications\/\",\"name\":\"Marketing & Communications bei Capgemini\",\"isPartOf\":{\"@id\":\"https:\/\/www.capgemini.com\/de-de\/#website\"},\"primaryImageOfPage\":{\"@id\":\"https:\/\/www.capgemini.com\/de-de\/karriere\/karrierewege\/marketing-and-communications\/#primaryimage\"},\"image\":{\"@id\":\"https:\/\/www.capgemini.com\/de-de\/karriere\/karrierewege\/marketing-and-communications\/#primaryimage\"},\"thumbnailUrl\":\"https:\/\/www.capgemini.com\/de-de\/wp-content\/uploads\/sites\/8\/2023\/10\/17a.jpg\",\"datePublished\":\"2023-10-20T09:42:27+00:00\",\"dateModified\":\"2026-01-22T07:49:45+00:00\",\"description\":\"Erfahre, was dieses spannende Berufsfeld bei Capgemini f\u00fcr dich bereit h\u00e4lt. Alle offenen Stellen findest du im Jobportal. Jetzt bewerben.\",\"breadcrumb\":{\"@id\":\"https:\/\/www.capgemini.com\/de-de\/karriere\/karrierewege\/marketing-and-communications\/#breadcrumb\"},\"inLanguage\":\"de-DE\",\"potentialAction\":[{\"@type\":\"ReadAction\",\"target\":[\"https:\/\/www.capgemini.com\/de-de\/karriere\/karrierewege\/marketing-and-communications\/\"]}]},{\"@type\":\"ImageObject\",\"inLanguage\":\"de-DE\",\"@id\":\"https:\/\/www.capgemini.com\/de-de\/karriere\/karrierewege\/marketing-and-communications\/#primaryimage\",\"url\":\"https:\/\/www.capgemini.com\/de-de\/wp-content\/uploads\/sites\/8\/2023\/10\/17a.jpg\",\"contentUrl\":\"https:\/\/www.capgemini.com\/de-de\/wp-content\/uploads\/sites\/8\/2023\/10\/17a.jpg\",\"width\":2880,\"height\":1800},{\"@type\":\"BreadcrumbList\",\"@id\":\"https:\/\/www.capgemini.com\/de-de\/karriere\/karrierewege\/marketing-and-communications\/#breadcrumb\",\"itemListElement\":[{\"@type\":\"ListItem\",\"position\":1,\"name\":\"Karriere\",\"item\":\"https:\/\/www.capgemini.com\/de-de\/karriere\/\"},{\"@type\":\"ListItem\",\"position\":2,\"name\":\"Karrierewege\",\"item\":\"https:\/\/www.capgemini.com\/de-de\/karriere\/karrierewege\/\"},{\"@type\":\"ListItem\",\"position\":3,\"name\":\"Berufsfelder\",\"item\":\"https:\/\/www.capgemini.com\/de-de\/karriere\/karrierewege\/it-berufe\/\"},{\"@type\":\"ListItem\",\"position\":4,\"name\":\"Marketing and communications\"}]},{\"@type\":\"WebSite\",\"@id\":\"https:\/\/www.capgemini.com\/de-de\/#website\",\"url\":\"https:\/\/www.capgemini.com\/de-de\/\",\"name\":\"Capgemini Deutschland\",\"description\":\"Make it real\",\"potentialAction\":[{\"@type\":\"SearchAction\",\"target\":{\"@type\":\"EntryPoint\",\"urlTemplate\":\"https:\/\/www.capgemini.com\/de-de\/?s={search_term_string}\"},\"query-input\":\"required name=search_term_string\"}],\"inLanguage\":\"de-DE\"}]}<\/script>\n<!-- \/ Yoast SEO Premium plugin. -->","yoast_head_json":{"title":"Marketing & Communications bei Capgemini","description":"Erfahre, was dieses spannende Berufsfeld bei Capgemini f\u00fcr dich bereit h\u00e4lt. Alle offenen Stellen findest du im Jobportal. Jetzt bewerben.","robots":{"index":"noindex","follow":"nofollow"},"og_locale":"de_DE","og_type":"article","og_title":"Marketing & Communications bei Capgemini","og_description":"Erfahre, was dieses spannende Berufsfeld bei Capgemini f\u00fcr dich bereit h\u00e4lt. Alle offenen Stellen findest du im Jobportal. Jetzt bewerben.","og_url":"https:\/\/www.capgemini.com\/de-de\/karriere\/karrierewege\/marketing-and-communications\/","og_site_name":"Capgemini","article_modified_time":"2026-01-22T07:49:45+00:00","og_image":[{"width":1200,"height":627,"url":"https:\/\/www.capgemini.com\/de-de\/wp-content\/uploads\/sites\/8\/2025\/10\/New-Web-preview-global.jpg","type":"image\/jpeg"}],"twitter_card":"summary_large_image","twitter_misc":{"Est. reading time":"2 minutes"},"schema":{"@context":"https:\/\/schema.org","@graph":[{"@type":"WebPage","@id":"https:\/\/www.capgemini.com\/de-de\/karriere\/karrierewege\/marketing-and-communications\/","url":"https:\/\/www.capgemini.com\/de-de\/karriere\/karrierewege\/marketing-and-communications\/","name":"Marketing & Communications bei Capgemini","isPartOf":{"@id":"https:\/\/www.capgemini.com\/de-de\/#website"},"primaryImageOfPage":{"@id":"https:\/\/www.capgemini.com\/de-de\/karriere\/karrierewege\/marketing-and-communications\/#primaryimage"},"image":{"@id":"https:\/\/www.capgemini.com\/de-de\/karriere\/karrierewege\/marketing-and-communications\/#primaryimage"},"thumbnailUrl":"https:\/\/www.capgemini.com\/de-de\/wp-content\/uploads\/sites\/8\/2023\/10\/17a.jpg","datePublished":"2023-10-20T09:42:27+00:00","dateModified":"2026-01-22T07:49:45+00:00","description":"Erfahre, was dieses spannende Berufsfeld bei Capgemini f\u00fcr dich bereit h\u00e4lt. Alle offenen Stellen findest du im Jobportal. Jetzt bewerben.","breadcrumb":{"@id":"https:\/\/www.capgemini.com\/de-de\/karriere\/karrierewege\/marketing-and-communications\/#breadcrumb"},"inLanguage":"de-DE","potentialAction":[{"@type":"ReadAction","target":["https:\/\/www.capgemini.com\/de-de\/karriere\/karrierewege\/marketing-and-communications\/"]}]},{"@type":"ImageObject","inLanguage":"de-DE","@id":"https:\/\/www.capgemini.com\/de-de\/karriere\/karrierewege\/marketing-and-communications\/#primaryimage","url":"https:\/\/www.capgemini.com\/de-de\/wp-content\/uploads\/sites\/8\/2023\/10\/17a.jpg","contentUrl":"https:\/\/www.capgemini.com\/de-de\/wp-content\/uploads\/sites\/8\/2023\/10\/17a.jpg","width":2880,"height":1800},{"@type":"BreadcrumbList","@id":"https:\/\/www.capgemini.com\/de-de\/karriere\/karrierewege\/marketing-and-communications\/#breadcrumb","itemListElement":[{"@type":"ListItem","position":1,"name":"Karriere","item":"https:\/\/www.capgemini.com\/de-de\/karriere\/"},{"@type":"ListItem","position":2,"name":"Karrierewege","item":"https:\/\/www.capgemini.com\/de-de\/karriere\/karrierewege\/"},{"@type":"ListItem","position":3,"name":"Berufsfelder","item":"https:\/\/www.capgemini.com\/de-de\/karriere\/karrierewege\/it-berufe\/"},{"@type":"ListItem","position":4,"name":"Marketing and communications"}]},{"@type":"WebSite","@id":"https:\/\/www.capgemini.com\/de-de\/#website","url":"https:\/\/www.capgemini.com\/de-de\/","name":"Capgemini Deutschland","description":"Make it real","potentialAction":[{"@type":"SearchAction","target":{"@type":"EntryPoint","urlTemplate":"https:\/\/www.capgemini.com\/de-de\/?s={search_term_string}"},"query-input":"required name=search_term_string"}],"inLanguage":"de-DE"}]}},"brand_term":[],"parsely":{"version":"1.1.0","canonical_url":"https:\/\/capgemini.com\/de-de\/karriere\/karrierewege\/marketing-and-communications\/","smart_links":{"inbound":0,"outbound":0},"traffic_boost_suggestions_count":0,"meta":{"@context":"https:\/\/schema.org","@type":"WebPage","headline":"Marketing and communications","url":"http:\/\/www.capgemini.com\/de-de\/karriere\/karrierewege\/marketing-and-communications\/","mainEntityOfPage":{"@type":"WebPage","@id":"http:\/\/www.capgemini.com\/de-de\/karriere\/karrierewege\/marketing-and-communications\/"},"thumbnailUrl":"https:\/\/www.capgemini.com\/de-de\/wp-content\/uploads\/sites\/8\/2023\/10\/17a.jpg?w=150&h=150&crop=1","image":{"@type":"ImageObject","url":"https:\/\/www.capgemini.com\/de-de\/wp-content\/uploads\/sites\/8\/2023\/10\/17a.jpg"},"articleSection":"Uncategorized","author":[],"creator":[],"publisher":{"@type":"Organization","name":"Capgemini","logo":""},"keywords":[],"dateCreated":"2023-10-20T09:42:27Z","datePublished":"2023-10-20T09:42:27Z","dateModified":"2026-01-22T07:49:45Z"},"rendered":"<script type=\"application\/ld+json\" class=\"wp-parsely-metadata\">{\"@context\":\"https:\\\/\\\/schema.org\",\"@type\":\"WebPage\",\"headline\":\"Marketing and communications\",\"url\":\"http:\\\/\\\/www.capgemini.com\\\/de-de\\\/karriere\\\/karrierewege\\\/marketing-and-communications\\\/\",\"mainEntityOfPage\":{\"@type\":\"WebPage\",\"@id\":\"http:\\\/\\\/www.capgemini.com\\\/de-de\\\/karriere\\\/karrierewege\\\/marketing-and-communications\\\/\"},\"thumbnailUrl\":\"https:\\\/\\\/www.capgemini.com\\\/de-de\\\/wp-content\\\/uploads\\\/sites\\\/8\\\/2023\\\/10\\\/17a.jpg?w=150&h=150&crop=1\",\"image\":{\"@type\":\"ImageObject\",\"url\":\"https:\\\/\\\/www.capgemini.com\\\/de-de\\\/wp-content\\\/uploads\\\/sites\\\/8\\\/2023\\\/10\\\/17a.jpg\"},\"articleSection\":\"Uncategorized\",\"author\":[],\"creator\":[],\"publisher\":{\"@type\":\"Organization\",\"name\":\"Capgemini\",\"logo\":\"\"},\"keywords\":[],\"dateCreated\":\"2023-10-20T09:42:27Z\",\"datePublished\":\"2023-10-20T09:42:27Z\",\"dateModified\":\"2026-01-22T07:49:45Z\"}<\/script>","tracker_url":"https:\/\/cdn.parsely.com\/keys\/capgemini.com\/p.js"},"archive_status":false,"featured_image_src":"https:\/\/www.capgemini.com\/de-de\/wp-content\/uploads\/sites\/8\/2023\/10\/17a.jpg","featured_image_alt":"","jetpack_sharing_enabled":true,"distributor_meta":false,"distributor_terms":false,"distributor_media":false,"distributor_original_site_name":"Capgemini","distributor_original_site_url":"https:\/\/www.capgemini.com\/de-de","push-errors":false,"_links":{"self":[{"href":"https:\/\/www.capgemini.com\/de-de\/wp-json\/wp\/v2\/pages\/845251","targetHints":{"allow":["GET"]}}],"collection":[{"href":"https:\/\/www.capgemini.com\/de-de\/wp-json\/wp\/v2\/pages"}],"about":[{"href":"https:\/\/www.capgemini.com\/de-de\/wp-json\/wp\/v2\/types\/page"}],"author":[{"embeddable":true,"href":"https:\/\/www.capgemini.com\/de-de\/wp-json\/wp\/v2\/users\/81"}],"replies":[{"embeddable":true,"href":"https:\/\/www.capgemini.com\/de-de\/wp-json\/wp\/v2\/comments?post=845251"}],"version-history":[{"count":8,"href":"https:\/\/www.capgemini.com\/de-de\/wp-json\/wp\/v2\/pages\/845251\/revisions"}],"predecessor-version":[{"id":888189,"href":"https:\/\/www.capgemini.com\/de-de\/wp-json\/wp\/v2\/pages\/845251\/revisions\/888189"}],"up":[{"embeddable":true,"href":"https:\/\/www.capgemini.com\/de-de\/wp-json\/wp\/v2\/pages\/741922"}],"wp:featuredmedia":[{"embeddable":true,"href":"https:\/\/www.capgemini.com\/de-de\/wp-json\/wp\/v2\/media\/845252"}],"wp:attachment":[{"href":"https:\/\/www.capgemini.com\/de-de\/wp-json\/wp\/v2\/media?parent=845251"}],"wp:term":[{"taxonomy":"brand","embeddable":true,"href":"https:\/\/www.capgemini.com\/de-de\/wp-json\/wp\/v2\/brand?post=845251"},{"taxonomy":"partner_type","embeddable":true,"href":"https:\/\/www.capgemini.com\/de-de\/wp-json\/wp\/v2\/partner_type?post=845251"},{"taxonomy":"service","embeddable":true,"href":"https:\/\/www.capgemini.com\/de-de\/wp-json\/wp\/v2\/service?post=845251"},{"taxonomy":"industry","embeddable":true,"href":"https:\/\/www.capgemini.com\/de-de\/wp-json\/wp\/v2\/industry?post=845251"},{"taxonomy":"partners","embeddable":true,"href":"https:\/\/www.capgemini.com\/de-de\/wp-json\/wp\/v2\/partners?post=845251"},{"taxonomy":"page-type","embeddable":true,"href":"https:\/\/www.capgemini.com\/de-de\/wp-json\/wp\/v2\/page-type?post=845251"},{"taxonomy":"content-group","embeddable":true,"href":"https:\/\/www.capgemini.com\/de-de\/wp-json\/wp\/v2\/content-group?post=845251"}],"curies":[{"name":"wp","href":"https:\/\/api.w.org\/{rel}","templated":true}]}}