{"id":844866,"date":"2023-10-11T16:30:13","date_gmt":"2023-10-11T16:30:13","guid":{"rendered":"https:\/\/www.capgemini.com\/de-de\/?page_id=844866"},"modified":"2026-01-22T07:49:49","modified_gmt":"2026-01-22T07:49:49","slug":"cookie-policy","status":"publish","type":"page","link":"https:\/\/www.capgemini.com\/de-de\/cookie-policy\/","title":{"rendered":"Cookie Policy"},"content":{"rendered":"\n<header class=\"wp-block-cg-blocks-hero-reusable is-style-blue-line header header--sub2 header--sub2b header--insights1  \"><div class=\"header-bgs\"><\/div><div class=\"heroPictureCardHeaderShape\"><\/div><div class=\"container\"><div class=\"row\"><div class=\"col-md-10 offset-md-1\"><div class=\"box\"><div class=\"box-title\"><h1 data-maxlength=\"34\">Cookie Policy<\/h1><\/div><div class=\"inner-row-insight download-btn\"><\/div><\/div><\/div><\/div><\/div><\/header>\n\n\n\n<section class=\"wp-block-cg-blocks-group undefined section section--article-content\"><div class=\"article-main-content\"><div class=\"container\"><div class=\"row\"><div class=\"col-12 col-md-11 col-lg-10 offset-md-1 offset-lg-1\"><div class=\"article-text article-quote-text\">\n<h2>Weitere Informationen zu den Cookies finden Sie in unserer  <u><a onclick=\"truste.eu &amp;&amp; truste.eu.clickListener()\" href=\"#\">Cookie-Policy.<\/a><\/u><\/h2>\n<br>\n\n\n\n<h4 class=\"wp-block-heading\" id=\"h-was-ist-ein-cookie\">Was ist ein Cookie?<\/h4>\n\n\n\n<p>Ein Cookie ist eine kleine Textdatei, die beim Zugriff auf eine Website auf Ihr Ger\u00e4t heruntergeladen wird.<\/p>\n\n\n\n<h4 class=\"wp-block-heading\" id=\"h-was-machen-cookies\">Was machen Cookies?<\/h4>\n\n\n\n<p>Auf diese Weise kann die Website Ihr Ger\u00e4t erkennen und einige Informationen zu Ihren Einstellungen oder fr\u00fcheren Aktionen speichern, damit Websites funktionieren oder effizienter arbeiten und den Betreibern der Website Informationen zur Verf\u00fcgung gestellt werden. Kurz gesagt, Cookies helfen uns, Ihnen beim Surfen auf unserer Website eine gute Nutzererfahrung zu bieten, und erm\u00f6glichen uns auch, unsere Website zu verbessern.<\/p>\n\n\n\n<h4 class=\"wp-block-heading\" id=\"h-sind-alle-cookies-gleich\">Sind alle Cookies gleich?<\/h4>\n\n\n\n<p>Nicht wirklich.<\/p>\n\n\n\n<p>Cookies k\u00f6nnen je nach Dauer oder Herkunft unterschiedlich sein.<\/p>\n\n\n\n<p>1. Es gibt zwei Arten von Speicherdauer f\u00fcr Cookies:<\/p>\n\n\n\n<ul class=\"wp-block-list\">\n<li>Session Cookies, die nur vor\u00fcbergehend sind und nur im ge\u00f6ffneten Zustand Ihres Browsers gespeichert werden. Sobald der Browser geschlossen wird, wird das Cookie aus Ihrem Browserverlauf entfernt.<\/li>\n\n\n\n<li>Permanente Cookies bleiben bis zu ihrem Ablaufdatum erhalten. Diese Cookies werden nicht entfernt, wenn der Browser geschlossen wird, sondern nach Erreichen eines Ablaufdatums. Die Dauer richtet sich nach dem Zweck der Cookies. Sie k\u00f6nnen diese Cookies auch manuell l\u00f6schen.<\/li>\n<\/ul>\n\n\n\n<p>2. Cookies k\u00f6nnen aus verschiedenen Quellen stammen:<\/p>\n\n\n\n<ul class=\"wp-block-list\">\n<li>First-Party Cookies werden von der Website erstellt, die Sie besuchen.<\/li>\n\n\n\n<li>Third-Party Cookies werden von Drittanbietern erstellt und vom Eigent\u00fcmer der Website f\u00fcr verschiedene Zwecke platziert.<\/li>\n<\/ul>\n\n\n\n<p>Weitere Informationen zu Cookies, einschlie\u00dflich Informationen dar\u00fcber, welche Cookies auf Ihrem Ger\u00e4t gesetzt wurden und wie Sie diese verwalten und l\u00f6schen, finden Sie unter www.aboutcookies.org und www.youronlinechoices.eu.<\/p>\n\n\n\n<h4 class=\"wp-block-heading\" id=\"h-web-beacons\">Web Beacons<\/h4>\n\n\n\n<p>Web Beacons (auch als Internet-Tags, Pixel-Tags und Clear GIFs bezeichnet) sind in der Regel transparente Grafiken, die auf einer Website platziert werden. Web Beacons werden in Kombination mit Cookies verwendet, um Aktionen der Besucher unserer Website zu erkennen. Wir k\u00f6nnen Beacons verwenden, um Informationen wie die IP-Adresse des Ger\u00e4ts abzurufen, der die Seite heruntergeladen hat, auf der das Beacon angezeigt wird, oder die URL der Seite, auf der das Beacon angezeigt wird, den Zeitpunkt, zu dem die Seite aufgerufen wurde, und die Version des Browsers, die verwendet wurde um eine Seite zu besuchen.<\/p>\n\n\n\n<h4 class=\"wp-block-heading\" id=\"h-ip-adressen-und-urls\">IP-Adressen und URLs<\/h4>\n\n\n\n<p>Eine IP-Adresse ist eine eindeutige Kennung, mit der bestimmte Ger\u00e4te identifiziert werden und \u00fcber das Internet kommunizieren k\u00f6nnen. Wenn Sie unsere Website besuchen, wird m\u00f6glicherweise die IP-Adresse des Ger\u00e4ts angezeigt, mit dem \u00fcber die oben genannten Web Beacons eine Verbindung zum Internet hergestellt wurde. Diese Informationen werden verwendet, um den allgemeinen physischen Standort des Ger\u00e4ts zu bestimmen. Wir k\u00f6nnen diese Informationen verwenden, um die Art und Weise zu \u00e4ndern, wie wir unsere Websites pr\u00e4sentieren, um Ihren Besuch zu verbessern.<\/p>\n\n\n\n<p>Eine URL (Uniform Resource Locator) ist eine eindeutige Kennung oder Adresse f\u00fcr jede Ressource im Internet. Dies ist beispielsweise die Adresse f\u00fcr die Webseite, die Sie besuchen. Wir verwenden diese Informationen, um zu sehen, welche Seiten besucht werden und wie die Benutzer durch unsere Website navigieren.<\/p>\n\n\n\n<h4 class=\"wp-block-heading\" id=\"h-wie-andere-ich-meine-cookie-einstellungen\">Wie \u00e4ndere ich meine Cookie-Einstellungen?<\/h4>\n\n\n\n<p>Capgemini respektiert Ihr Recht auf Privatsph\u00e4re. Daher k\u00f6nnen Sie sich daf\u00fcr entscheiden, der Verwendung einiger Arten von Cookies auf dieser Seite nicht zuzustimmen.<\/p>\n\n\n\n<p>Klicken Sie auf die verschiedenen Kategorien\u00fcberschriften, um mehr zu erfahren und unsere Standardeinstellungen zu \u00e4ndern. Das Blockieren einiger Arten von Cookies kann sich jedoch auf Ihre Nutzererfahrung mit der Website und den von uns angebotenen Diensten auswirken.<\/p>\n\n\n\n<p>Wir empfehlen, dass Sie die Cookies aktiviert lassen, um die bestm\u00f6gliche Nutzererfahrung auf unserer Website zu erleben. Bitte beachten Sie, dass die Entscheidung, bestimmte Arten von Cookies nicht zu aktivieren, Ihre Nutzererfahrung mit der Website und die Verf\u00fcgbarkeit einiger Dienste beeintr\u00e4chtigen kann.<\/p>\n\n\n\n<p>Alternativ erlauben die meisten Webbrowser eine gewisse Kontrolle \u00fcber die meisten Cookies \u00fcber die Browsereinstellungen. Weitere Informationen zu Cookies, einschlie\u00dflich Informationen dar\u00fcber, welche Cookies gesetzt wurden, finden Sie unter www.aboutcookies.org oder www.allaboutcookies.org.<\/p>\n\n\n\n<p>Erfahren Sie, wie Sie Cookies in g\u00e4ngigen Browsern verwalten:<\/p>\n\n\n\n<p><a href=\"https:\/\/support.google.com\/accounts\/answer\/61416?co=GENIE.Platform%3DDesktop&amp;hl=en\">Google Chrome<\/a><br><a href=\"https:\/\/privacy.microsoft.com\/en-us\/windows-10-microsoft-edge-and-privacy\">Microsoft Edge<\/a><br><a href=\"https:\/\/support.mozilla.org\/en-US\/kb\/enhanced-tracking-protection-firefox-desktop?redirectlocale=en-US&amp;redirectslug=enable-and-disable-cookies-website-preferences\">Mozilla Firefox<\/a><br><a href=\"https:\/\/support.microsoft.com\/en-gb\/help\/17442\/windows-internet-explorer-delete-manage-cookies\">Microsoft Internet Explorer<\/a><br><a href=\"https:\/\/help.opera.com\/en\/latest\/web-preferences\/\">Opera<\/a><br><a href=\"https:\/\/support.apple.com\/en-gb\/safari\">Apple Safari<\/a><br>Informationen zu anderen Browsern finden Sie auf der Website des Browser-Entwicklers.<\/p>\n\n\n\n<p>Besuchen Sie <a href=\"http:\/\/tools.google.com\/dlpage\/gaoptout\">http:\/\/tools.google.com\/dlpage\/gaoptout<\/a>, um zu verhindern, dass Sie mit Google Analytics \u00fcber mehrere Websites getrackt werden.<\/p>\n\n\n\n<h4 class=\"wp-block-heading\" id=\"h-welche-arten-von-cookies-verwenden-wir\">Welche Arten von Cookies verwenden wir?<\/h4>\n\n\n\n<iframe loading=\"lazy\" src=\"https:\/\/tracker-detail-page.trustarc.com\/#\/?domain=4043&amp;category=0&amp;locale=de\" width=\"1000\" height=\"800\"><\/iframe>\n\n\n\n<div style=\"height:61px\" aria-hidden=\"true\" class=\"wp-block-spacer\"><\/div>\n\n\n\n<p>Capgemini verwendet Audience Measurement Cookies (auch als &#8220;Analyse-Cookies&#8221; bezeichnet), die gem\u00e4\u00df der Empfehlung der Commission Nationale de l&#8217;Informatique et des Libert\u00e9s nicht zustimmungspflichtig sind. Diese Cookies werden aufgrund ihres \u00e4hnlichen Verhaltens mit der Kategorie &#8220;Notwendige Cookies&#8221; gleichgesetzt und in dieser aufgef\u00fchrt. Diese Cookies generieren nur anonyme Statistiken und Frequenzdaten, keine individuellen Daten. Capgemini bietet Ihnen die M\u00f6glichkeit, sie zu deaktivieren.<\/p>\n\n\n        <div class=\"mt-3\">\n<!--            Javascript onchange event is added inside GTM Container-->\n            <input checked=\"checked\" id=\"piano-essential-consent\" type=\"checkbox\">\n            <label for=\"piano-essential-consent\">\n                Bitte deaktivieren Sie dieses K\u00e4stchen, wenn Sie Audience Measurement Cookies deaktivieren m\u00f6chten.            <\/label>\n        <\/div>\n\n\n\n\n<div style=\"height:61px\" aria-hidden=\"true\" class=\"wp-block-spacer\"><\/div>\n\n\n\n<h4 class=\"wp-block-heading\" id=\"h-nous-contacter\">Nous contacter<\/h4>\n\n\n\n<p>Si vous avez des questions concernant la pr\u00e9sente mention d\u2019information ou \u00e0 propos de notre utilisation des cookies, veuillez nous contacter \u00e0 l\u2019adresse suivante :&nbsp;<a href=\"mailto:dpocapgemini.global@capgemini.com\">dpocapgemini.global@capgemini.com<\/a><\/p>\n\n\n\n<p>Vous pouvez en savoir plus sur la mani\u00e8re dont Capgemini traite vos donn\u00e9es \u00e0 caract\u00e8re personnel en consultant notre charte de protection des donn\u00e9es personnelles.<\/p>\n<\/div><\/div><\/div><\/div><\/div><\/section>\n","protected":false},"excerpt":{"rendered":"","protected":false},"author":35,"featured_media":0,"parent":0,"menu_order":0,"comment_status":"closed","ping_status":"closed","template":"","meta":{"cg_dt_proposed_to":[],"cg_seo_hreflang_relations":"[]","cg_seo_canonical_relation":"{\"uuid\":\"24466e52-1b02-46da-9add-100d4d678ad2\",\"blogId\":\"\",\"domain\":\"\",\"sitePath\":\"\",\"postLink\":\"\",\"postId\":null,\"isSaved\":true,\"isCrossLink\":false,\"hasCrossLink\":false}","cg_seo_hreflang_x_default_relation":"{\"uuid\":\"a7b927a3-53cf-403d-aff9-98b716da7816\",\"blogId\":\"\",\"domain\":\"\",\"sitePath\":\"\",\"postLink\":\"\",\"postId\":null,\"isSaved\":true,\"isCrossLink\":false,\"hasCrossLink\":false}","cg_dt_approved_content":true,"cg_dt_mandatory_content":false,"cg_dt_notes":"","cg_dg_source_changed":false,"cg_dt_link_disabled":false,"_yoast_wpseo_primary_brand":"","footnotes":"","featured_focal_points":"","partner_card_description":"","gsap_animation":0},"brand":[],"partner_type":[],"service":[],"industry":[],"partners":[],"page-type":[],"content-group":[],"class_list":["post-844866","page","type-page","status-publish","hentry"],"yoast_head":"<!-- This site is optimized with the Yoast SEO Premium plugin v22.8 (Yoast SEO v22.8) - https:\/\/yoast.com\/wordpress\/plugins\/seo\/ -->\n<title>Cookie Policy - Capgemini<\/title>\n<meta name=\"robots\" content=\"index, follow, max-snippet:-1, max-image-preview:large, max-video-preview:-1\" \/>\n<link rel=\"canonical\" href=\"https:\/\/www.capgemini.com\/de-de\/cookie-policy\/\" \/>\n<meta property=\"og:locale\" content=\"de_DE\" \/>\n<meta property=\"og:type\" content=\"article\" \/>\n<meta property=\"og:title\" content=\"Cookie Policy - Capgemini\" \/>\n<meta property=\"og:url\" content=\"https:\/\/www.capgemini.com\/de-de\/cookie-policy\/\" \/>\n<meta property=\"og:site_name\" content=\"Capgemini\" \/>\n<meta property=\"article:modified_time\" content=\"2026-01-22T07:49:49+00:00\" \/>\n<meta property=\"og:image\" content=\"https:\/\/www.capgemini.com\/de-de\/wp-content\/uploads\/sites\/8\/2025\/10\/New-Web-preview-global.jpg\" \/>\n\t<meta property=\"og:image:width\" content=\"1200\" \/>\n\t<meta property=\"og:image:height\" content=\"627\" \/>\n\t<meta property=\"og:image:type\" content=\"image\/jpeg\" \/>\n<meta name=\"twitter:card\" content=\"summary_large_image\" \/>\n<meta name=\"twitter:label1\" content=\"Est. reading time\" \/>\n\t<meta name=\"twitter:data1\" content=\"5 minutes\" \/>\n<script type=\"application\/ld+json\" class=\"yoast-schema-graph\">{\"@context\":\"https:\/\/schema.org\",\"@graph\":[{\"@type\":\"WebPage\",\"@id\":\"https:\/\/www.capgemini.com\/de-de\/cookie-policy\/\",\"url\":\"https:\/\/www.capgemini.com\/de-de\/cookie-policy\/\",\"name\":\"Cookie Policy - Capgemini\",\"isPartOf\":{\"@id\":\"https:\/\/www.capgemini.com\/de-de\/#website\"},\"datePublished\":\"2023-10-11T16:30:13+00:00\",\"dateModified\":\"2026-01-22T07:49:49+00:00\",\"inLanguage\":\"de-DE\",\"potentialAction\":[{\"@type\":\"ReadAction\",\"target\":[\"https:\/\/www.capgemini.com\/de-de\/cookie-policy\/\"]}]},{\"@type\":\"WebSite\",\"@id\":\"https:\/\/www.capgemini.com\/de-de\/#website\",\"url\":\"https:\/\/www.capgemini.com\/de-de\/\",\"name\":\"Capgemini Deutschland\",\"description\":\"Make it real\",\"potentialAction\":[{\"@type\":\"SearchAction\",\"target\":{\"@type\":\"EntryPoint\",\"urlTemplate\":\"https:\/\/www.capgemini.com\/de-de\/?s={search_term_string}\"},\"query-input\":\"required name=search_term_string\"}],\"inLanguage\":\"de-DE\"}]}<\/script>\n<!-- \/ Yoast SEO Premium plugin. -->","yoast_head_json":{"title":"Cookie Policy - Capgemini","robots":{"index":"index","follow":"follow","max-snippet":"max-snippet:-1","max-image-preview":"max-image-preview:large","max-video-preview":"max-video-preview:-1"},"canonical":"https:\/\/www.capgemini.com\/de-de\/cookie-policy\/","og_locale":"de_DE","og_type":"article","og_title":"Cookie Policy - Capgemini","og_url":"https:\/\/www.capgemini.com\/de-de\/cookie-policy\/","og_site_name":"Capgemini","article_modified_time":"2026-01-22T07:49:49+00:00","og_image":[{"width":1200,"height":627,"url":"https:\/\/www.capgemini.com\/de-de\/wp-content\/uploads\/sites\/8\/2025\/10\/New-Web-preview-global.jpg","type":"image\/jpeg"}],"twitter_card":"summary_large_image","twitter_misc":{"Est. reading time":"5 minutes"},"schema":{"@context":"https:\/\/schema.org","@graph":[{"@type":"WebPage","@id":"https:\/\/www.capgemini.com\/de-de\/cookie-policy\/","url":"https:\/\/www.capgemini.com\/de-de\/cookie-policy\/","name":"Cookie Policy - Capgemini","isPartOf":{"@id":"https:\/\/www.capgemini.com\/de-de\/#website"},"datePublished":"2023-10-11T16:30:13+00:00","dateModified":"2026-01-22T07:49:49+00:00","inLanguage":"de-DE","potentialAction":[{"@type":"ReadAction","target":["https:\/\/www.capgemini.com\/de-de\/cookie-policy\/"]}]},{"@type":"WebSite","@id":"https:\/\/www.capgemini.com\/de-de\/#website","url":"https:\/\/www.capgemini.com\/de-de\/","name":"Capgemini Deutschland","description":"Make it real","potentialAction":[{"@type":"SearchAction","target":{"@type":"EntryPoint","urlTemplate":"https:\/\/www.capgemini.com\/de-de\/?s={search_term_string}"},"query-input":"required name=search_term_string"}],"inLanguage":"de-DE"}]}},"brand_term":[],"parsely":{"version":"1.1.0","canonical_url":"https:\/\/capgemini.com\/de-de\/cookie-policy\/","smart_links":{"inbound":0,"outbound":0},"traffic_boost_suggestions_count":0,"meta":{"@context":"https:\/\/schema.org","@type":"WebPage","headline":"Cookie Policy","url":"http:\/\/www.capgemini.com\/de-de\/cookie-policy\/","mainEntityOfPage":{"@type":"WebPage","@id":"http:\/\/www.capgemini.com\/de-de\/cookie-policy\/"},"thumbnailUrl":"","image":{"@type":"ImageObject","url":""},"articleSection":"Uncategorized","author":[],"creator":[],"publisher":{"@type":"Organization","name":"Capgemini","logo":""},"keywords":[],"dateCreated":"2023-10-11T16:30:13Z","datePublished":"2023-10-11T16:30:13Z","dateModified":"2026-01-22T07:49:49Z"},"rendered":"<script type=\"application\/ld+json\" class=\"wp-parsely-metadata\">{\"@context\":\"https:\\\/\\\/schema.org\",\"@type\":\"WebPage\",\"headline\":\"Cookie Policy\",\"url\":\"http:\\\/\\\/www.capgemini.com\\\/de-de\\\/cookie-policy\\\/\",\"mainEntityOfPage\":{\"@type\":\"WebPage\",\"@id\":\"http:\\\/\\\/www.capgemini.com\\\/de-de\\\/cookie-policy\\\/\"},\"thumbnailUrl\":\"\",\"image\":{\"@type\":\"ImageObject\",\"url\":\"\"},\"articleSection\":\"Uncategorized\",\"author\":[],\"creator\":[],\"publisher\":{\"@type\":\"Organization\",\"name\":\"Capgemini\",\"logo\":\"\"},\"keywords\":[],\"dateCreated\":\"2023-10-11T16:30:13Z\",\"datePublished\":\"2023-10-11T16:30:13Z\",\"dateModified\":\"2026-01-22T07:49:49Z\"}<\/script>","tracker_url":"https:\/\/cdn.parsely.com\/keys\/capgemini.com\/p.js"},"archive_status":false,"featured_image_src":"https:\/\/www.capgemini.com\/de-de\/wp-content\/themes\/capgemini2025\/assets\/images\/mockup.png","featured_image_alt":false,"jetpack_sharing_enabled":true,"distributor_meta":false,"distributor_terms":false,"distributor_media":false,"distributor_original_site_name":"Capgemini","distributor_original_site_url":"https:\/\/www.capgemini.com\/de-de","push-errors":false,"_links":{"self":[{"href":"https:\/\/www.capgemini.com\/de-de\/wp-json\/wp\/v2\/pages\/844866","targetHints":{"allow":["GET"]}}],"collection":[{"href":"https:\/\/www.capgemini.com\/de-de\/wp-json\/wp\/v2\/pages"}],"about":[{"href":"https:\/\/www.capgemini.com\/de-de\/wp-json\/wp\/v2\/types\/page"}],"author":[{"embeddable":true,"href":"https:\/\/www.capgemini.com\/de-de\/wp-json\/wp\/v2\/users\/35"}],"replies":[{"embeddable":true,"href":"https:\/\/www.capgemini.com\/de-de\/wp-json\/wp\/v2\/comments?post=844866"}],"version-history":[{"count":5,"href":"https:\/\/www.capgemini.com\/de-de\/wp-json\/wp\/v2\/pages\/844866\/revisions"}],"predecessor-version":[{"id":875415,"href":"https:\/\/www.capgemini.com\/de-de\/wp-json\/wp\/v2\/pages\/844866\/revisions\/875415"}],"wp:attachment":[{"href":"https:\/\/www.capgemini.com\/de-de\/wp-json\/wp\/v2\/media?parent=844866"}],"wp:term":[{"taxonomy":"brand","embeddable":true,"href":"https:\/\/www.capgemini.com\/de-de\/wp-json\/wp\/v2\/brand?post=844866"},{"taxonomy":"partner_type","embeddable":true,"href":"https:\/\/www.capgemini.com\/de-de\/wp-json\/wp\/v2\/partner_type?post=844866"},{"taxonomy":"service","embeddable":true,"href":"https:\/\/www.capgemini.com\/de-de\/wp-json\/wp\/v2\/service?post=844866"},{"taxonomy":"industry","embeddable":true,"href":"https:\/\/www.capgemini.com\/de-de\/wp-json\/wp\/v2\/industry?post=844866"},{"taxonomy":"partners","embeddable":true,"href":"https:\/\/www.capgemini.com\/de-de\/wp-json\/wp\/v2\/partners?post=844866"},{"taxonomy":"page-type","embeddable":true,"href":"https:\/\/www.capgemini.com\/de-de\/wp-json\/wp\/v2\/page-type?post=844866"},{"taxonomy":"content-group","embeddable":true,"href":"https:\/\/www.capgemini.com\/de-de\/wp-json\/wp\/v2\/content-group?post=844866"}],"curies":[{"name":"wp","href":"https:\/\/api.w.org\/{rel}","templated":true}]}}