{"id":843057,"date":"2023-04-14T12:37:54","date_gmt":"2023-04-14T10:37:54","guid":{"rendered":"https:\/\/www.capgemini.com\/?page_id=885439"},"modified":"2025-03-05T04:20:51","modified_gmt":"2025-03-05T04:20:51","slug":"migrate-core-banking-and-cards-portfolios-up-to-50-faster","status":"publish","type":"page","link":"https:\/\/www.capgemini.com\/de-de\/solutions\/migrate-core-banking-and-cards-portfolios-up-to-50-faster\/","title":{"rendered":"Migrate core banking and cards portfolios up to 50% faster"},"content":{"rendered":"\n<header class=\"wp-block-cg-blocks-hero-reusable header heroReusable  \"><div class=\"header-bgs\"><picture><source srcset=\"https:\/\/www.capgemini.com\/wp-content\/uploads\/2023\/04\/core_banking_and_cards_portfolio.jpg?w=2880&amp;quality=70 1x, https:\/\/www.capgemini.com\/wp-content\/uploads\/2023\/04\/core_banking_and_cards_portfolio.jpg?w=2880&amp;quality=70 2x\" media=\"(min-width: 1500px)\"\/><source srcset=\"https:\/\/www.capgemini.com\/wp-content\/uploads\/2023\/04\/core_banking_and_cards_portfolio.jpg?w=1440&amp;quality=70 1x, https:\/\/www.capgemini.com\/wp-content\/uploads\/2023\/04\/core_banking_and_cards_portfolio.jpg?w=2880&amp;quality=70 2x\" media=\"(min-width: 992px)\"\/><source srcset=\"https:\/\/www.capgemini.com\/wp-content\/uploads\/2023\/04\/core_banking_and_cards_portfolio.jpg?w=1024&amp;quality=70 1x, https:\/\/www.capgemini.com\/wp-content\/uploads\/2023\/04\/core_banking_and_cards_portfolio.jpg?w=1024&amp;quality=70 2x\" media=\"(min-width: 768px)\"\/><source srcset=\"https:\/\/www.capgemini.com\/wp-content\/uploads\/2023\/04\/core_banking_and_cards_portfolio.jpg?w=768&amp;quality=70 1x, https:\/\/www.capgemini.com\/wp-content\/uploads\/2023\/04\/core_banking_and_cards_portfolio.jpg?w=768&amp;quality=70 2x\" media=\"(min-width: 0)\"\/><img decoding=\"async\" src=\"https:\/\/www.capgemini.com\/wp-content\/uploads\/2023\/04\/core_banking_and_cards_portfolio.jpg\" class=\"header-img header-img-d\" alt=\"\" style=\"object-fit:cover;object-position:48% 25%\" loading=\"eager\"\/><\/picture><\/div><div class=\"heroPictureCardHeaderShape\"><\/div><div class=\"container\"><div class=\"row\"><div class=\"col-md-12\"><div class=\"box\"><div class=\"boxTagWrapper\"><div class=\"tagInfo\"><div><span class=\"box-tag\">Solution<\/span><\/div><\/div><\/div><div class=\"box-title\"><h1 data-maxlength=\"34\"><strong>Migration von Kernbank- und Kartenportfolios bis zu 50 % schneller<\/strong>\u00a0<\/h1><\/div><div class=\"inner-row-insight download-btn\"><div class=\"col-md-4 downloadFiles addPadding\"><a class=\"button-download--small\" type=\"download\" href=\"https:\/\/www.capgemini.com\/wp-content\/uploads\/2022\/09\/Industrialized-Cards-Conversion_6_24_22-FINAL.pdf\" target=\"_blank\" rel=\"noopener noreferrer\" title=\"In neuem Fenster \u00f6ffnen\"><span>Download brochure<\/span><span class=\"type\">3 MB  pdf<\/span><\/a><\/div><\/div><\/div><\/div><\/div><\/div><\/header>\n\n\n\n<section class=\"wp-block-cg-blocks-intro-para undefined section section--intro\"><div class=\"intro-para\"><div class=\"container\"><div class=\"row\"><div class=\"col-12 col-md-1\"><nav class=\"article-social\"><ul class=\"social-nav\"><li class=\"ip-order-fb\"><a href=\"https:\/\/www.facebook.com\/sharer\/sharer.php?u=https:\/\/www.capgemini.com\/de-de\/solutions\/migrate-core-banking-and-cards-portfolios-up-to-50-faster\/\" target=\"_blank\" rel=\"noopener noreferrer\" title=\"In neuem Fenster \u00f6ffnen\"><i aria-hidden=\"true\" class=\"icon-fb\"><\/i><span class=\"sr-only\">Facebook<\/span><\/a><\/li><li class=\"ip-order-li\"><a href=\"https:\/\/www.linkedin.com\/sharing\/share-offsite\/?url=https:\/\/www.capgemini.com\/de-de\/solutions\/migrate-core-banking-and-cards-portfolios-up-to-50-faster\/\" target=\"_blank\" rel=\"noopener noreferrer\" title=\"In neuem Fenster \u00f6ffnen\"><i aria-hidden=\"true\" class=\"icon-li\"><\/i><span class=\"sr-only\">Linkedin<\/span><\/a><\/li><\/ul><\/nav><\/div><div class=\"col-12 col-md-11 col-lg-10\"><h2 class=\"intro-para-title\">Komplexe Konvertierungen von Kernbank- und Kartenportfolios k\u00f6nnen etwa doppelt so schnell wie traditionelle On-Premises-Prozesse abgeschlossen werden. Mit dieser umfassenden, skalierbaren und cloudbasierten L\u00f6sung k\u00f6nnen Sie Kosten erheblich senken und die Markteinf\u00fchrungszeit beschleunigen. Capgemini und Databricks haben gemeinsam einen leistungsstarken Konvertierungsbeschleuniger entwickelt, der sich an CIOs, CTOs und Gesch\u00e4ftsleiter von Finanzdienstleistungsunternehmen richtet.\u00a0ises processes.<\/h2><\/div><\/div><\/div><\/div><\/section>\n\n\n\n<section class=\"wp-block-cg-blocks-group undefined section section--article-content\"><div class=\"article-main-content\"><div class=\"container\"><div class=\"row\"><div class=\"col-12 col-md-11 col-lg-10 offset-md-1 offset-lg-1\"><div class=\"article-text article-quote-text\">\n<h3 class=\"wp-block-heading\" id=\"h-datengestutzte-einblicke-nbsp\"><strong>Datengest\u00fctzte Einblicke<\/strong>&nbsp;<\/h3>\n\n\n\n<p>Eine erfolgreiche digitale Modernisierung kann die Gesch\u00e4ftsagilit\u00e4t durch verbesserte analytische Einblicke voranbringen und eine zukunftssichere Organisation schaffen, die durch kontinuierliche Innovation in der Cloud gest\u00e4rkt wird. Die L\u00f6sung von Capgemini und Databricks industrialisiert Migrationen oder Konvertierungen von Kernbank- und Kartenportfolios jeder Gr\u00f6\u00dfe und beschleunigt diese um bis zu 50 % im Vergleich zu herk\u00f6mmlichen On-Premises-ETL-Prozessen.&nbsp;<\/p>\n\n\n\n<p>Reduzieren Sie Ihre Markteinf\u00fchrungszeit, senken Sie die Migrationskosten und gewinnen Sie schnell wertvolle Einblicke in das Verhalten Ihrer Kunden auf einer vollst\u00e4ndig konfigurierbaren und automatisch skalierbaren Plattform.&nbsp;<\/p>\n\n\n\n<h3 class=\"wp-block-heading\" id=\"h-optimieren-sie-ihr-ergebnis-nbsp-nbsp\"><strong><strong>Optimieren Sie Ihr Ergebnis&nbsp;<\/strong>&nbsp;<\/strong><\/h3>\n\n\n\n<p>Unsere Methodik vereinfacht den Konvertierungsprozess, bietet Ihnen eine transparente \u00dcbersicht \u00fcber Ihr aktuelles \u00d6kosystem und liefert einen einzigartigen Migrationsfahrplan, der speziell f\u00fcr Ihr bestehendes Bank- oder Kartensystem entwickelt wurde. Capgemini kann alle Phasen der Migration Ihres Kernbank- und Kartenportfolios von On-Premises in die Cloud verwalten. Unsere nachgewiesene F\u00e4higkeit, gro\u00df angelegte Programme erfolgreich durchzuf\u00fchren, treibt den Prozess an \u2013 von umfangreichen technischen Mapping-Sitzungen bis hin zum sicheren Abschluss von \u00fcbernommenen Konten auf der urspr\u00fcnglichen Plattform und einer agilen L\u00f6sung, die bereit ist, sich mit Ihrem Gesch\u00e4ft weiterzuentwickeln.&nbsp;<\/p>\n<\/div><\/div><\/div><\/div><\/div><\/section>\n","protected":false},"excerpt":{"rendered":"","protected":false},"author":151,"featured_media":100000886739,"parent":743171,"menu_order":0,"comment_status":"closed","ping_status":"closed","template":"","meta":{"cg_dt_proposed_to":[],"cg_seo_hreflang_relations":"[]","cg_seo_canonical_relation":"{\"uuid\":\"b8b645a2-f2c2-40c2-b0f7-a42aaa836b91\",\"blogId\":\"\",\"domain\":\"\",\"sitePath\":\"\",\"postLink\":\"\",\"postId\":null,\"isSaved\":true,\"isCrossLink\":false,\"hasCrossLink\":false}","cg_seo_hreflang_x_default_relation":"{\"uuid\":\"28290744-4d13-4d74-af55-3149f6ee9fd7\",\"blogId\":\"\",\"domain\":\"\",\"sitePath\":\"\",\"postLink\":\"\",\"postId\":null,\"isSaved\":true,\"isCrossLink\":false,\"hasCrossLink\":false}","cg_dt_approved_content":true,"cg_dt_mandatory_content":false,"cg_dt_notes":"","cg_dg_source_changed":true,"cg_dt_link_disabled":false,"_yoast_wpseo_primary_brand":"","footnotes":"","featured_focal_points":"","partner_card_description":"","gsap_animation":0},"brand":[],"partner_type":[],"service":[223],"industry":[218],"partners":[],"page-type":[287],"content-group":[],"class_list":["post-843057","page","type-page","status-publish","has-post-thumbnail","hentry","service-data-ai","industry-banking-capital-markets","page-type-solutions"],"yoast_head":"<!-- This site is optimized with the Yoast SEO Premium plugin v22.8 (Yoast SEO v22.8) - https:\/\/yoast.com\/wordpress\/plugins\/seo\/ -->\n<title>Migrate core banking and cards portfolios up to 50% faster - Capgemini<\/title>\n<meta name=\"robots\" content=\"index, follow, max-snippet:-1, max-image-preview:large, max-video-preview:-1\" \/>\n<link rel=\"canonical\" href=\"https:\/\/www.capgemini.com\/de-de\/solutions\/migrate-core-banking-and-cards-portfolios-up-to-50-faster\/\" \/>\n<meta property=\"og:locale\" content=\"de_DE\" \/>\n<meta property=\"og:type\" content=\"article\" \/>\n<meta property=\"og:title\" content=\"Migrate core banking and cards portfolios up to 50% faster - Capgemini\" \/>\n<meta property=\"og:url\" content=\"https:\/\/www.capgemini.com\/de-de\/solutions\/migrate-core-banking-and-cards-portfolios-up-to-50-faster\/\" \/>\n<meta property=\"og:site_name\" content=\"Capgemini\" \/>\n<meta property=\"article:modified_time\" content=\"2025-03-05T04:20:51+00:00\" \/>\n<meta property=\"og:image\" content=\"https:\/\/www.capgemini.com\/de-de\/wp-content\/uploads\/sites\/8\/2025\/10\/New-Web-preview-global.jpg\" \/>\n\t<meta property=\"og:image:width\" content=\"1200\" \/>\n\t<meta property=\"og:image:height\" content=\"627\" \/>\n\t<meta property=\"og:image:type\" content=\"image\/jpeg\" \/>\n<meta name=\"twitter:card\" content=\"summary_large_image\" \/>\n<meta name=\"twitter:label1\" content=\"Est. reading time\" \/>\n\t<meta name=\"twitter:data1\" content=\"1 minute\" \/>\n<script type=\"application\/ld+json\" class=\"yoast-schema-graph\">{\"@context\":\"https:\/\/schema.org\",\"@graph\":[{\"@type\":\"WebPage\",\"@id\":\"https:\/\/www.capgemini.com\/de-de\/solutions\/migrate-core-banking-and-cards-portfolios-up-to-50-faster\/\",\"url\":\"https:\/\/www.capgemini.com\/de-de\/solutions\/migrate-core-banking-and-cards-portfolios-up-to-50-faster\/\",\"name\":\"Migrate core banking and cards portfolios up to 50% faster - Capgemini\",\"isPartOf\":{\"@id\":\"https:\/\/www.capgemini.com\/de-de\/#website\"},\"primaryImageOfPage\":{\"@id\":\"https:\/\/www.capgemini.com\/de-de\/solutions\/migrate-core-banking-and-cards-portfolios-up-to-50-faster\/#primaryimage\"},\"image\":{\"@id\":\"https:\/\/www.capgemini.com\/de-de\/solutions\/migrate-core-banking-and-cards-portfolios-up-to-50-faster\/#primaryimage\"},\"thumbnailUrl\":\"https:\/\/www.capgemini.com\/wp-content\/uploads\/2023\/04\/core_banking_and_cards_portfolio.jpg\",\"datePublished\":\"2023-04-14T10:37:54+00:00\",\"dateModified\":\"2025-03-05T04:20:51+00:00\",\"breadcrumb\":{\"@id\":\"https:\/\/www.capgemini.com\/de-de\/solutions\/migrate-core-banking-and-cards-portfolios-up-to-50-faster\/#breadcrumb\"},\"inLanguage\":\"de-DE\",\"potentialAction\":[{\"@type\":\"ReadAction\",\"target\":[\"https:\/\/www.capgemini.com\/de-de\/solutions\/migrate-core-banking-and-cards-portfolios-up-to-50-faster\/\"]}]},{\"@type\":\"ImageObject\",\"inLanguage\":\"de-DE\",\"@id\":\"https:\/\/www.capgemini.com\/de-de\/solutions\/migrate-core-banking-and-cards-portfolios-up-to-50-faster\/#primaryimage\",\"url\":\"https:\/\/www.capgemini.com\/wp-content\/uploads\/2023\/04\/core_banking_and_cards_portfolio.jpg\",\"contentUrl\":\"https:\/\/www.capgemini.com\/wp-content\/uploads\/2023\/04\/core_banking_and_cards_portfolio.jpg\"},{\"@type\":\"BreadcrumbList\",\"@id\":\"https:\/\/www.capgemini.com\/de-de\/solutions\/migrate-core-banking-and-cards-portfolios-up-to-50-faster\/#breadcrumb\",\"itemListElement\":[{\"@type\":\"ListItem\",\"position\":1,\"name\":\"Solutions\",\"item\":\"https:\/\/www.capgemini.com\/de-de\/solutions\/\"},{\"@type\":\"ListItem\",\"position\":2,\"name\":\"Migrate core banking and cards portfolios up to 50% faster\"}]},{\"@type\":\"WebSite\",\"@id\":\"https:\/\/www.capgemini.com\/de-de\/#website\",\"url\":\"https:\/\/www.capgemini.com\/de-de\/\",\"name\":\"Capgemini Deutschland\",\"description\":\"Make it real\",\"potentialAction\":[{\"@type\":\"SearchAction\",\"target\":{\"@type\":\"EntryPoint\",\"urlTemplate\":\"https:\/\/www.capgemini.com\/de-de\/?s={search_term_string}\"},\"query-input\":\"required name=search_term_string\"}],\"inLanguage\":\"de-DE\"}]}<\/script>\n<!-- \/ Yoast SEO Premium plugin. -->","yoast_head_json":{"title":"Migrate core banking and cards portfolios up to 50% faster - Capgemini","robots":{"index":"index","follow":"follow","max-snippet":"max-snippet:-1","max-image-preview":"max-image-preview:large","max-video-preview":"max-video-preview:-1"},"canonical":"https:\/\/www.capgemini.com\/de-de\/solutions\/migrate-core-banking-and-cards-portfolios-up-to-50-faster\/","og_locale":"de_DE","og_type":"article","og_title":"Migrate core banking and cards portfolios up to 50% faster - Capgemini","og_url":"https:\/\/www.capgemini.com\/de-de\/solutions\/migrate-core-banking-and-cards-portfolios-up-to-50-faster\/","og_site_name":"Capgemini","article_modified_time":"2025-03-05T04:20:51+00:00","og_image":[{"width":1200,"height":627,"url":"https:\/\/www.capgemini.com\/de-de\/wp-content\/uploads\/sites\/8\/2025\/10\/New-Web-preview-global.jpg","type":"image\/jpeg"}],"twitter_card":"summary_large_image","twitter_misc":{"Est. reading time":"1 minute"},"schema":{"@context":"https:\/\/schema.org","@graph":[{"@type":"WebPage","@id":"https:\/\/www.capgemini.com\/de-de\/solutions\/migrate-core-banking-and-cards-portfolios-up-to-50-faster\/","url":"https:\/\/www.capgemini.com\/de-de\/solutions\/migrate-core-banking-and-cards-portfolios-up-to-50-faster\/","name":"Migrate core banking and cards portfolios up to 50% faster - Capgemini","isPartOf":{"@id":"https:\/\/www.capgemini.com\/de-de\/#website"},"primaryImageOfPage":{"@id":"https:\/\/www.capgemini.com\/de-de\/solutions\/migrate-core-banking-and-cards-portfolios-up-to-50-faster\/#primaryimage"},"image":{"@id":"https:\/\/www.capgemini.com\/de-de\/solutions\/migrate-core-banking-and-cards-portfolios-up-to-50-faster\/#primaryimage"},"thumbnailUrl":"https:\/\/www.capgemini.com\/wp-content\/uploads\/2023\/04\/core_banking_and_cards_portfolio.jpg","datePublished":"2023-04-14T10:37:54+00:00","dateModified":"2025-03-05T04:20:51+00:00","breadcrumb":{"@id":"https:\/\/www.capgemini.com\/de-de\/solutions\/migrate-core-banking-and-cards-portfolios-up-to-50-faster\/#breadcrumb"},"inLanguage":"de-DE","potentialAction":[{"@type":"ReadAction","target":["https:\/\/www.capgemini.com\/de-de\/solutions\/migrate-core-banking-and-cards-portfolios-up-to-50-faster\/"]}]},{"@type":"ImageObject","inLanguage":"de-DE","@id":"https:\/\/www.capgemini.com\/de-de\/solutions\/migrate-core-banking-and-cards-portfolios-up-to-50-faster\/#primaryimage","url":"https:\/\/www.capgemini.com\/wp-content\/uploads\/2023\/04\/core_banking_and_cards_portfolio.jpg","contentUrl":"https:\/\/www.capgemini.com\/wp-content\/uploads\/2023\/04\/core_banking_and_cards_portfolio.jpg"},{"@type":"BreadcrumbList","@id":"https:\/\/www.capgemini.com\/de-de\/solutions\/migrate-core-banking-and-cards-portfolios-up-to-50-faster\/#breadcrumb","itemListElement":[{"@type":"ListItem","position":1,"name":"Solutions","item":"https:\/\/www.capgemini.com\/de-de\/solutions\/"},{"@type":"ListItem","position":2,"name":"Migrate core banking and cards portfolios up to 50% faster"}]},{"@type":"WebSite","@id":"https:\/\/www.capgemini.com\/de-de\/#website","url":"https:\/\/www.capgemini.com\/de-de\/","name":"Capgemini Deutschland","description":"Make it real","potentialAction":[{"@type":"SearchAction","target":{"@type":"EntryPoint","urlTemplate":"https:\/\/www.capgemini.com\/de-de\/?s={search_term_string}"},"query-input":"required name=search_term_string"}],"inLanguage":"de-DE"}]}},"brand_term":[],"parsely":{"version":"1.1.0","canonical_url":"https:\/\/capgemini.com\/de-de\/solutions\/migrate-core-banking-and-cards-portfolios-up-to-50-faster\/","smart_links":{"inbound":0,"outbound":0},"traffic_boost_suggestions_count":0,"meta":{"@context":"https:\/\/schema.org","@type":"WebPage","headline":"Migrate core banking and cards portfolios up to 50% faster","url":"http:\/\/www.capgemini.com\/de-de\/solutions\/migrate-core-banking-and-cards-portfolios-up-to-50-faster\/","mainEntityOfPage":{"@type":"WebPage","@id":"http:\/\/www.capgemini.com\/de-de\/solutions\/migrate-core-banking-and-cards-portfolios-up-to-50-faster\/"},"thumbnailUrl":"https:\/\/www.capgemini.com\/wp-content\/uploads\/2023\/04\/core_banking_and_cards_portfolio.jpg?w=150&h=150&crop=1","image":{"@type":"ImageObject","url":"https:\/\/www.capgemini.com\/wp-content\/uploads\/2023\/04\/core_banking_and_cards_portfolio.jpg"},"articleSection":"Uncategorized","author":[],"creator":[],"publisher":{"@type":"Organization","name":"Capgemini","logo":""},"keywords":[],"dateCreated":"2023-04-14T10:37:54Z","datePublished":"2023-04-14T10:37:54Z","dateModified":"2025-03-05T04:20:51Z"},"rendered":"<script type=\"application\/ld+json\" class=\"wp-parsely-metadata\">{\"@context\":\"https:\\\/\\\/schema.org\",\"@type\":\"WebPage\",\"headline\":\"Migrate core banking and cards portfolios up to 50% faster\",\"url\":\"http:\\\/\\\/www.capgemini.com\\\/de-de\\\/solutions\\\/migrate-core-banking-and-cards-portfolios-up-to-50-faster\\\/\",\"mainEntityOfPage\":{\"@type\":\"WebPage\",\"@id\":\"http:\\\/\\\/www.capgemini.com\\\/de-de\\\/solutions\\\/migrate-core-banking-and-cards-portfolios-up-to-50-faster\\\/\"},\"thumbnailUrl\":\"https:\\\/\\\/www.capgemini.com\\\/wp-content\\\/uploads\\\/2023\\\/04\\\/core_banking_and_cards_portfolio.jpg?w=150&h=150&crop=1\",\"image\":{\"@type\":\"ImageObject\",\"url\":\"https:\\\/\\\/www.capgemini.com\\\/wp-content\\\/uploads\\\/2023\\\/04\\\/core_banking_and_cards_portfolio.jpg\"},\"articleSection\":\"Uncategorized\",\"author\":[],\"creator\":[],\"publisher\":{\"@type\":\"Organization\",\"name\":\"Capgemini\",\"logo\":\"\"},\"keywords\":[],\"dateCreated\":\"2023-04-14T10:37:54Z\",\"datePublished\":\"2023-04-14T10:37:54Z\",\"dateModified\":\"2025-03-05T04:20:51Z\"}<\/script>","tracker_url":"https:\/\/cdn.parsely.com\/keys\/capgemini.com\/p.js"},"archive_status":false,"featured_image_src":"https:\/\/www.capgemini.com\/wp-content\/uploads\/2023\/04\/core_banking_and_cards_portfolio.jpg","featured_image_alt":"","jetpack_sharing_enabled":true,"distributor_meta":false,"distributor_terms":false,"distributor_media":false,"distributor_original_site_name":"Capgemini","distributor_original_site_url":"https:\/\/www.capgemini.com\/de-de","push-errors":false,"_links":{"self":[{"href":"https:\/\/www.capgemini.com\/de-de\/wp-json\/wp\/v2\/pages\/843057","targetHints":{"allow":["GET"]}}],"collection":[{"href":"https:\/\/www.capgemini.com\/de-de\/wp-json\/wp\/v2\/pages"}],"about":[{"href":"https:\/\/www.capgemini.com\/de-de\/wp-json\/wp\/v2\/types\/page"}],"author":[{"embeddable":true,"href":"https:\/\/www.capgemini.com\/de-de\/wp-json\/wp\/v2\/users\/151"}],"replies":[{"embeddable":true,"href":"https:\/\/www.capgemini.com\/de-de\/wp-json\/wp\/v2\/comments?post=843057"}],"version-history":[{"count":6,"href":"https:\/\/www.capgemini.com\/de-de\/wp-json\/wp\/v2\/pages\/843057\/revisions"}],"predecessor-version":[{"id":875460,"href":"https:\/\/www.capgemini.com\/de-de\/wp-json\/wp\/v2\/pages\/843057\/revisions\/875460"}],"up":[{"embeddable":true,"href":"https:\/\/www.capgemini.com\/de-de\/wp-json\/wp\/v2\/pages\/743171"}],"wp:featuredmedia":[{"embeddable":true,"href":"https:\/\/www.capgemini.com\/de-de\/wp-json\/"}],"wp:attachment":[{"href":"https:\/\/www.capgemini.com\/de-de\/wp-json\/wp\/v2\/media?parent=843057"}],"wp:term":[{"taxonomy":"brand","embeddable":true,"href":"https:\/\/www.capgemini.com\/de-de\/wp-json\/wp\/v2\/brand?post=843057"},{"taxonomy":"partner_type","embeddable":true,"href":"https:\/\/www.capgemini.com\/de-de\/wp-json\/wp\/v2\/partner_type?post=843057"},{"taxonomy":"service","embeddable":true,"href":"https:\/\/www.capgemini.com\/de-de\/wp-json\/wp\/v2\/service?post=843057"},{"taxonomy":"industry","embeddable":true,"href":"https:\/\/www.capgemini.com\/de-de\/wp-json\/wp\/v2\/industry?post=843057"},{"taxonomy":"partners","embeddable":true,"href":"https:\/\/www.capgemini.com\/de-de\/wp-json\/wp\/v2\/partners?post=843057"},{"taxonomy":"page-type","embeddable":true,"href":"https:\/\/www.capgemini.com\/de-de\/wp-json\/wp\/v2\/page-type?post=843057"},{"taxonomy":"content-group","embeddable":true,"href":"https:\/\/www.capgemini.com\/de-de\/wp-json\/wp\/v2\/content-group?post=843057"}],"curies":[{"name":"wp","href":"https:\/\/api.w.org\/{rel}","templated":true}]}}