{"id":842540,"date":"2023-06-19T10:43:46","date_gmt":"2023-06-19T08:43:46","guid":{"rendered":"https:\/\/www.capgemini.com\/?page_id=913806"},"modified":"2024-06-26T12:52:55","modified_gmt":"2024-06-26T12:52:55","slug":"hyper-personalization-for-financial-services","status":"publish","type":"page","link":"https:\/\/www.capgemini.com\/de-de\/solutions\/hyper-personalization-for-financial-services\/","title":{"rendered":"Hyperpersonalizierung f\u00fcr Finanzdienstleister"},"content":{"rendered":"\n<header class=\"wp-block-cg-blocks-hero-reusable header heroReusable  \"><div class=\"header-bgs\"><picture><source srcset=\"https:\/\/www.capgemini.com\/wp-content\/uploads\/2023\/06\/Hyper-personalization_SP-Webpage_Background.jpg?w=2880&amp;quality=70 1x, https:\/\/www.capgemini.com\/wp-content\/uploads\/2023\/06\/Hyper-personalization_SP-Webpage_Background.jpg?w=2880&amp;quality=70 2x\" media=\"(min-width: 1500px)\"\/><source srcset=\"https:\/\/www.capgemini.com\/wp-content\/uploads\/2023\/06\/Hyper-personalization_SP-Webpage_Background.jpg?w=1440&amp;quality=70 1x, https:\/\/www.capgemini.com\/wp-content\/uploads\/2023\/06\/Hyper-personalization_SP-Webpage_Background.jpg?w=2880&amp;quality=70 2x\" media=\"(min-width: 992px)\"\/><source srcset=\"https:\/\/www.capgemini.com\/wp-content\/uploads\/2023\/06\/Hyper-personalization_SP-Webpage_Background.jpg?w=1024&amp;quality=70 1x, https:\/\/www.capgemini.com\/wp-content\/uploads\/2023\/06\/Hyper-personalization_SP-Webpage_Background.jpg?w=1024&amp;quality=70 2x\" media=\"(min-width: 768px)\"\/><source srcset=\"https:\/\/www.capgemini.com\/wp-content\/uploads\/2023\/06\/Hyper-personalization_SP-Webpage_Background.jpg?w=768&amp;quality=70 1x, https:\/\/www.capgemini.com\/wp-content\/uploads\/2023\/06\/Hyper-personalization_SP-Webpage_Background.jpg?w=768&amp;quality=70 2x\" media=\"(min-width: 0)\"\/><img decoding=\"async\" src=\"https:\/\/www.capgemini.com\/wp-content\/uploads\/2023\/06\/Hyper-personalization_SP-Webpage_Background.jpg\" class=\"header-img header-img-d\" alt=\"Hyper-personalization_SP-Webpage_Background\" style=\"object-fit:cover;object-position:53% 34%\" loading=\"eager\"\/><\/picture><\/div><div class=\"heroPictureCardHeaderShape\"><\/div><div class=\"container\"><div class=\"row\"><div class=\"col-md-12\"><div class=\"box\"><div class=\"boxTagWrapper\"><div class=\"tagInfo\"><div><span class=\"box-tag\">Solution<\/span><\/div><\/div><\/div><div class=\"box-title\"><h1 data-maxlength=\"34\">Hyperpersonalizierung f\u00fcr Finanzdienstleister<\/h1><\/div><div class=\"inner-row-insight download-btn\"><\/div><\/div><\/div><\/div><\/div><\/header>\n\n\n\n<section class=\"wp-block-cg-blocks-group undefined section section--article-content\" id=\"quoteWrapper\"><div class=\"article-main-content\"><div class=\"container\"><div class=\"row\"><div class=\"col-12 col-md-1\"><nav class=\"article-social\"><ul class=\"social-nav\"><li class=\"ip-order-fb\"><a href=\"https:\/\/www.facebook.com\/sharer\/sharer.php?u=https:\/\/www.capgemini.com\/?page_id=913806\" target=\"_blank\" rel=\"noopener noreferrer\" title=\"opens in a new window\"><i aria-hidden=\"true\" class=\"icon-fb\"><\/i><span class=\"sr-only\">Facebook<\/span><\/a><\/li><li class=\"ip-order-tw\"><a href=\"https:\/\/twitter.com\/intent\/tweet?url=https:\/\/www.capgemini.com\/?page_id=913806&amp;text=\" target=\"_blank\" rel=\"noopener noreferrer\" title=\"opens in a new window\"><i aria-hidden=\"true\" class=\"icon-tw\"><\/i><span class=\"sr-only\">Twitter<\/span><\/a><\/li><li class=\"ip-order-li\"><a href=\"https:\/\/www.linkedin.com\/shareArticle?url=https:\/\/www.capgemini.com\/?page_id=913806&amp;text=\" target=\"_blank\" rel=\"noopener noreferrer\" title=\"opens in a new window\"><i aria-hidden=\"true\" class=\"icon-li\"><\/i><span class=\"sr-only\">Linkedin<\/span><\/a><\/li><\/ul><\/nav><\/div><div class=\"col-12 col-md-11 col-lg-10\"><div class=\"article-text article-quote-text\">\n<h3 class=\"wp-block-heading\" id=\"h-revolutionieren-sie-die-kundeninteraktionen-um-zufriedenheit-zu-steigern-fluktuation-zu-reduzieren-und-umsatze-zu-steigern\">Revolutionieren Sie die Kundeninteraktionen, um Zufriedenheit zu steigern, Fluktuation zu reduzieren und Ums\u00e4tze zu steigern.<\/h3>\n\n\n\n<figure class=\"wp-block-image alignright size-medium is-resized\"><img decoding=\"async\" src=\"https:\/\/www.capgemini.com\/wp-content\/uploads\/2023\/06\/Hyper-personalization_SP-Document_Thumbnail.jpg?w=212\" alt=\"\" class=\"wp-image-913811\"\/><\/figure>\n\n\n\n<p>Wahrscheinlich haben Sie heute mindestens eine Nachricht von einem Unternehmen erhalten, das Ihnen ein fantastisches Produkt oder eine Dienstleistung anbieten m\u00f6chte, die speziell f\u00fcr Sie entwickelt wurde. Ihre bevorzugten Streaming-Dienste bieten regelm\u00e4\u00dfig personalisierte Listen mit spannenden neuen Sendungen an, die genau auf Ihre Vorlieben zugeschnitten sind. Online-H\u00e4ndler verschicken t\u00e4glich Wunschzettel mit innovativen Produkten, ohne die man einfach nicht leben kann. Das Konzept der Hyperpersonalisierung hat sich in der Finanzdienstleistungsbranche jedoch noch nicht durchgesetzt.<\/p>\n\n\n\n<p>Viele Unternehmen gehen f\u00e4lschlicherweise davon aus, dass die Implementierung von Hyperpersonalisierung zu komplex und kostspielig ist. Dies k\u00f6nnte jedoch nicht weiter von der Wahrheit entfernt sein. Capgemini und&nbsp;<a href=\"https:\/\/timbr.ai\/\" target=\"_blank\" rel=\"noreferrer noopener\">Timbr.ai<\/a>, ein Pionier der semantischen Graphentechnologie, haben sich zusammengetan, um eine leistungsstarke L\u00f6sung f\u00fcr die Finanzdienstleistungsbranche zu entwickeln, die datengesteuerte personalisierte Angebote f\u00fcr neue, bestehende und abwanderungsgef\u00e4hrdete Kunden generieren kann.<\/p>\n\n\n\n<p>Laden Sie unser neuestes L\u00f6sungspapier herunter oder kontaktieren Sie uns, um zu erfahren, wie wir Ihrem Unternehmen dabei helfen k\u00f6nnen, ein innovatives, hyperpersonalisiertes Kundenerlebnis \u00fcber alle Kan\u00e4le hinweg zu bieten. <\/p>\n\n\n\n<div class=\"wp-block-buttons is-layout-flex wp-block-buttons-is-layout-flex\">\n<div class=\"wp-block-button is-style-outline is-style-outline--1\"><a class=\"wp-block-button__link wp-element-button\" href=\"https:\/\/go.capgeminigroup.com\/capgemini-hyper-personalization-for-financial-services\" target=\"_blank\" rel=\"noreferrer noopener\">Download paper<\/a><\/div>\n<\/div>\n<\/div><\/div><\/div><\/div><\/div><\/section>\n","protected":false},"excerpt":{"rendered":"","protected":false},"author":33,"featured_media":0,"parent":743171,"menu_order":0,"comment_status":"closed","ping_status":"closed","template":"","meta":{"cg_dt_proposed_to":[],"cg_seo_hreflang_relations":"[]","cg_seo_canonical_relation":"{\"uuid\":\"0dc58717-a29c-4349-8fa7-c77607108c4b\",\"blogId\":\"\",\"domain\":\"\",\"sitePath\":\"\",\"postLink\":\"\",\"postId\":null,\"isSaved\":true,\"isCrossLink\":false,\"hasCrossLink\":false}","cg_seo_hreflang_x_default_relation":"{\"uuid\":\"0005450e-6be3-4ce9-901e-494f4ba4c048\",\"blogId\":\"\",\"domain\":\"\",\"sitePath\":\"\",\"postLink\":\"\",\"postId\":null,\"isSaved\":true,\"isCrossLink\":false,\"hasCrossLink\":false}","cg_dt_approved_content":true,"cg_dt_mandatory_content":false,"cg_dt_notes":"","cg_dg_source_changed":true,"cg_dt_link_disabled":false,"_yoast_wpseo_primary_brand":"","footnotes":"","featured_focal_points":"","partner_card_description":"","gsap_animation":0},"brand":[],"partner_type":[],"service":[223],"industry":[218,70],"partners":[],"page-type":[287],"content-group":[],"class_list":["post-842540","page","type-page","status-publish","hentry","service-data-ai","industry-banking-capital-markets","industry-insurance","page-type-solutions"],"yoast_head":"<!-- This site is optimized with the Yoast SEO Premium plugin v22.8 (Yoast SEO v22.8) - https:\/\/yoast.com\/wordpress\/plugins\/seo\/ -->\n<title>Hyperpersonalizierung f\u00fcr Finanzdienstleister - Capgemini<\/title>\n<meta name=\"robots\" content=\"index, follow, max-snippet:-1, max-image-preview:large, max-video-preview:-1\" \/>\n<link rel=\"canonical\" href=\"https:\/\/www.capgemini.com\/de-de\/solutions\/hyper-personalization-for-financial-services\/\" \/>\n<meta property=\"og:locale\" content=\"de_DE\" \/>\n<meta property=\"og:type\" content=\"article\" \/>\n<meta property=\"og:title\" content=\"Hyperpersonalizierung f\u00fcr Finanzdienstleister - Capgemini\" \/>\n<meta property=\"og:url\" content=\"https:\/\/www.capgemini.com\/de-de\/solutions\/hyper-personalization-for-financial-services\/\" \/>\n<meta property=\"og:site_name\" content=\"Capgemini\" \/>\n<meta property=\"article:modified_time\" content=\"2024-06-26T12:52:55+00:00\" \/>\n<meta property=\"og:image\" content=\"https:\/\/www.capgemini.com\/wp-content\/uploads\/2023\/06\/Hyper-personalization_SP-Webpage_Background.jpg\" \/>\n<meta name=\"twitter:card\" content=\"summary_large_image\" \/>\n<meta name=\"twitter:label1\" content=\"Est. reading time\" \/>\n\t<meta name=\"twitter:data1\" content=\"2 minutes\" \/>\n<script type=\"application\/ld+json\" class=\"yoast-schema-graph\">{\"@context\":\"https:\/\/schema.org\",\"@graph\":[{\"@type\":\"WebPage\",\"@id\":\"https:\/\/www.capgemini.com\/de-de\/solutions\/hyper-personalization-for-financial-services\/\",\"url\":\"https:\/\/www.capgemini.com\/de-de\/solutions\/hyper-personalization-for-financial-services\/\",\"name\":\"Hyperpersonalizierung f\u00fcr Finanzdienstleister - Capgemini\",\"isPartOf\":{\"@id\":\"https:\/\/www.capgemini.com\/de-de\/#website\"},\"primaryImageOfPage\":{\"@id\":\"https:\/\/www.capgemini.com\/de-de\/solutions\/hyper-personalization-for-financial-services\/#primaryimage\"},\"image\":{\"@id\":\"https:\/\/www.capgemini.com\/de-de\/solutions\/hyper-personalization-for-financial-services\/#primaryimage\"},\"thumbnailUrl\":\"https:\/\/www.capgemini.com\/wp-content\/uploads\/2023\/06\/Hyper-personalization_SP-Webpage_Background.jpg\",\"datePublished\":\"2023-06-19T08:43:46+00:00\",\"dateModified\":\"2024-06-26T12:52:55+00:00\",\"breadcrumb\":{\"@id\":\"https:\/\/www.capgemini.com\/de-de\/solutions\/hyper-personalization-for-financial-services\/#breadcrumb\"},\"inLanguage\":\"de-DE\",\"potentialAction\":[{\"@type\":\"ReadAction\",\"target\":[\"https:\/\/www.capgemini.com\/de-de\/solutions\/hyper-personalization-for-financial-services\/\"]}]},{\"@type\":\"ImageObject\",\"inLanguage\":\"de-DE\",\"@id\":\"https:\/\/www.capgemini.com\/de-de\/solutions\/hyper-personalization-for-financial-services\/#primaryimage\",\"url\":\"https:\/\/www.capgemini.com\/wp-content\/uploads\/2023\/06\/Hyper-personalization_SP-Webpage_Background.jpg\",\"contentUrl\":\"https:\/\/www.capgemini.com\/wp-content\/uploads\/2023\/06\/Hyper-personalization_SP-Webpage_Background.jpg\"},{\"@type\":\"BreadcrumbList\",\"@id\":\"https:\/\/www.capgemini.com\/de-de\/solutions\/hyper-personalization-for-financial-services\/#breadcrumb\",\"itemListElement\":[{\"@type\":\"ListItem\",\"position\":1,\"name\":\"Solutions\",\"item\":\"https:\/\/www.capgemini.com\/de-de\/solutions\/\"},{\"@type\":\"ListItem\",\"position\":2,\"name\":\"Hyperpersonalizierung f\u00fcr Finanzdienstleister\"}]},{\"@type\":\"WebSite\",\"@id\":\"https:\/\/www.capgemini.com\/de-de\/#website\",\"url\":\"https:\/\/www.capgemini.com\/de-de\/\",\"name\":\"Capgemini Deutschland\",\"description\":\"Make it real\",\"potentialAction\":[{\"@type\":\"SearchAction\",\"target\":{\"@type\":\"EntryPoint\",\"urlTemplate\":\"https:\/\/www.capgemini.com\/de-de\/?s={search_term_string}\"},\"query-input\":\"required name=search_term_string\"}],\"inLanguage\":\"de-DE\"}]}<\/script>\n<!-- \/ Yoast SEO Premium plugin. -->","yoast_head_json":{"title":"Hyperpersonalizierung f\u00fcr Finanzdienstleister - Capgemini","robots":{"index":"index","follow":"follow","max-snippet":"max-snippet:-1","max-image-preview":"max-image-preview:large","max-video-preview":"max-video-preview:-1"},"canonical":"https:\/\/www.capgemini.com\/de-de\/solutions\/hyper-personalization-for-financial-services\/","og_locale":"de_DE","og_type":"article","og_title":"Hyperpersonalizierung f\u00fcr Finanzdienstleister - Capgemini","og_url":"https:\/\/www.capgemini.com\/de-de\/solutions\/hyper-personalization-for-financial-services\/","og_site_name":"Capgemini","article_modified_time":"2024-06-26T12:52:55+00:00","og_image":[{"url":"https:\/\/www.capgemini.com\/wp-content\/uploads\/2023\/06\/Hyper-personalization_SP-Webpage_Background.jpg"}],"twitter_card":"summary_large_image","twitter_misc":{"Est. reading time":"2 minutes"},"schema":{"@context":"https:\/\/schema.org","@graph":[{"@type":"WebPage","@id":"https:\/\/www.capgemini.com\/de-de\/solutions\/hyper-personalization-for-financial-services\/","url":"https:\/\/www.capgemini.com\/de-de\/solutions\/hyper-personalization-for-financial-services\/","name":"Hyperpersonalizierung f\u00fcr Finanzdienstleister - Capgemini","isPartOf":{"@id":"https:\/\/www.capgemini.com\/de-de\/#website"},"primaryImageOfPage":{"@id":"https:\/\/www.capgemini.com\/de-de\/solutions\/hyper-personalization-for-financial-services\/#primaryimage"},"image":{"@id":"https:\/\/www.capgemini.com\/de-de\/solutions\/hyper-personalization-for-financial-services\/#primaryimage"},"thumbnailUrl":"https:\/\/www.capgemini.com\/wp-content\/uploads\/2023\/06\/Hyper-personalization_SP-Webpage_Background.jpg","datePublished":"2023-06-19T08:43:46+00:00","dateModified":"2024-06-26T12:52:55+00:00","breadcrumb":{"@id":"https:\/\/www.capgemini.com\/de-de\/solutions\/hyper-personalization-for-financial-services\/#breadcrumb"},"inLanguage":"de-DE","potentialAction":[{"@type":"ReadAction","target":["https:\/\/www.capgemini.com\/de-de\/solutions\/hyper-personalization-for-financial-services\/"]}]},{"@type":"ImageObject","inLanguage":"de-DE","@id":"https:\/\/www.capgemini.com\/de-de\/solutions\/hyper-personalization-for-financial-services\/#primaryimage","url":"https:\/\/www.capgemini.com\/wp-content\/uploads\/2023\/06\/Hyper-personalization_SP-Webpage_Background.jpg","contentUrl":"https:\/\/www.capgemini.com\/wp-content\/uploads\/2023\/06\/Hyper-personalization_SP-Webpage_Background.jpg"},{"@type":"BreadcrumbList","@id":"https:\/\/www.capgemini.com\/de-de\/solutions\/hyper-personalization-for-financial-services\/#breadcrumb","itemListElement":[{"@type":"ListItem","position":1,"name":"Solutions","item":"https:\/\/www.capgemini.com\/de-de\/solutions\/"},{"@type":"ListItem","position":2,"name":"Hyperpersonalizierung f\u00fcr Finanzdienstleister"}]},{"@type":"WebSite","@id":"https:\/\/www.capgemini.com\/de-de\/#website","url":"https:\/\/www.capgemini.com\/de-de\/","name":"Capgemini Deutschland","description":"Make it real","potentialAction":[{"@type":"SearchAction","target":{"@type":"EntryPoint","urlTemplate":"https:\/\/www.capgemini.com\/de-de\/?s={search_term_string}"},"query-input":"required name=search_term_string"}],"inLanguage":"de-DE"}]}},"brand_term":[],"parsely":{"version":"1.1.0","canonical_url":"https:\/\/capgemini.com\/de-de\/solutions\/hyper-personalization-for-financial-services\/","smart_links":{"inbound":0,"outbound":0},"traffic_boost_suggestions_count":0,"meta":{"@context":"https:\/\/schema.org","@type":"WebPage","headline":"Hyperpersonalizierung f\u00fcr Finanzdienstleister","url":"http:\/\/www.capgemini.com\/de-de\/solutions\/hyper-personalization-for-financial-services\/","mainEntityOfPage":{"@type":"WebPage","@id":"http:\/\/www.capgemini.com\/de-de\/solutions\/hyper-personalization-for-financial-services\/"},"thumbnailUrl":"","image":{"@type":"ImageObject","url":""},"articleSection":"Uncategorized","author":[],"creator":[],"publisher":{"@type":"Organization","name":"Capgemini","logo":""},"keywords":[],"dateCreated":"2023-06-19T08:43:46Z","datePublished":"2023-06-19T08:43:46Z","dateModified":"2024-06-26T12:52:55Z"},"rendered":"<script type=\"application\/ld+json\" class=\"wp-parsely-metadata\">{\"@context\":\"https:\\\/\\\/schema.org\",\"@type\":\"WebPage\",\"headline\":\"Hyperpersonalizierung f\\u00fcr Finanzdienstleister\",\"url\":\"http:\\\/\\\/www.capgemini.com\\\/de-de\\\/solutions\\\/hyper-personalization-for-financial-services\\\/\",\"mainEntityOfPage\":{\"@type\":\"WebPage\",\"@id\":\"http:\\\/\\\/www.capgemini.com\\\/de-de\\\/solutions\\\/hyper-personalization-for-financial-services\\\/\"},\"thumbnailUrl\":\"\",\"image\":{\"@type\":\"ImageObject\",\"url\":\"\"},\"articleSection\":\"Uncategorized\",\"author\":[],\"creator\":[],\"publisher\":{\"@type\":\"Organization\",\"name\":\"Capgemini\",\"logo\":\"\"},\"keywords\":[],\"dateCreated\":\"2023-06-19T08:43:46Z\",\"datePublished\":\"2023-06-19T08:43:46Z\",\"dateModified\":\"2024-06-26T12:52:55Z\"}<\/script>","tracker_url":"https:\/\/cdn.parsely.com\/keys\/capgemini.com\/p.js"},"archive_status":false,"featured_image_src":"https:\/\/www.capgemini.com\/de-de\/wp-content\/themes\/capgemini2025\/assets\/images\/mockup.png","featured_image_alt":false,"jetpack_sharing_enabled":true,"distributor_meta":false,"distributor_terms":false,"distributor_media":false,"distributor_original_site_name":"Capgemini","distributor_original_site_url":"https:\/\/www.capgemini.com\/de-de","push-errors":false,"_links":{"self":[{"href":"https:\/\/www.capgemini.com\/de-de\/wp-json\/wp\/v2\/pages\/842540","targetHints":{"allow":["GET"]}}],"collection":[{"href":"https:\/\/www.capgemini.com\/de-de\/wp-json\/wp\/v2\/pages"}],"about":[{"href":"https:\/\/www.capgemini.com\/de-de\/wp-json\/wp\/v2\/types\/page"}],"author":[{"embeddable":true,"href":"https:\/\/www.capgemini.com\/de-de\/wp-json\/wp\/v2\/users\/33"}],"replies":[{"embeddable":true,"href":"https:\/\/www.capgemini.com\/de-de\/wp-json\/wp\/v2\/comments?post=842540"}],"version-history":[{"count":8,"href":"https:\/\/www.capgemini.com\/de-de\/wp-json\/wp\/v2\/pages\/842540\/revisions"}],"predecessor-version":[{"id":862112,"href":"https:\/\/www.capgemini.com\/de-de\/wp-json\/wp\/v2\/pages\/842540\/revisions\/862112"}],"up":[{"embeddable":true,"href":"https:\/\/www.capgemini.com\/de-de\/wp-json\/wp\/v2\/pages\/743171"}],"wp:attachment":[{"href":"https:\/\/www.capgemini.com\/de-de\/wp-json\/wp\/v2\/media?parent=842540"}],"wp:term":[{"taxonomy":"brand","embeddable":true,"href":"https:\/\/www.capgemini.com\/de-de\/wp-json\/wp\/v2\/brand?post=842540"},{"taxonomy":"partner_type","embeddable":true,"href":"https:\/\/www.capgemini.com\/de-de\/wp-json\/wp\/v2\/partner_type?post=842540"},{"taxonomy":"service","embeddable":true,"href":"https:\/\/www.capgemini.com\/de-de\/wp-json\/wp\/v2\/service?post=842540"},{"taxonomy":"industry","embeddable":true,"href":"https:\/\/www.capgemini.com\/de-de\/wp-json\/wp\/v2\/industry?post=842540"},{"taxonomy":"partners","embeddable":true,"href":"https:\/\/www.capgemini.com\/de-de\/wp-json\/wp\/v2\/partners?post=842540"},{"taxonomy":"page-type","embeddable":true,"href":"https:\/\/www.capgemini.com\/de-de\/wp-json\/wp\/v2\/page-type?post=842540"},{"taxonomy":"content-group","embeddable":true,"href":"https:\/\/www.capgemini.com\/de-de\/wp-json\/wp\/v2\/content-group?post=842540"}],"curies":[{"name":"wp","href":"https:\/\/api.w.org\/{rel}","templated":true}]}}