{"id":842526,"date":"2023-07-04T12:45:18","date_gmt":"2023-07-04T10:45:18","guid":{"rendered":"https:\/\/www.capgemini.com\/?page_id=922685"},"modified":"2025-03-05T04:16:40","modified_gmt":"2025-03-05T04:16:40","slug":"fraud-detection-powered-by-hyperautomation","status":"publish","type":"page","link":"https:\/\/www.capgemini.com\/de-de\/solutions\/fraud-detection-powered-by-hyperautomation\/","title":{"rendered":"Betrugserkennung mithilfe von Hyperautomatisierung"},"content":{"rendered":"\n<header class=\"wp-block-cg-blocks-hero-reusable header heroReusable  \"><div class=\"header-bgs\"><picture><source srcset=\"https:\/\/www.capgemini.com\/wp-content\/uploads\/2023\/07\/Fraud_Monitoring-Web_Background.jpg?w=2880&amp;quality=70 1x, https:\/\/www.capgemini.com\/wp-content\/uploads\/2023\/07\/Fraud_Monitoring-Web_Background.jpg?w=2880&amp;quality=70 2x\" media=\"(min-width: 1500px)\"\/><source srcset=\"https:\/\/www.capgemini.com\/wp-content\/uploads\/2023\/07\/Fraud_Monitoring-Web_Background.jpg?w=1440&amp;quality=70 1x, https:\/\/www.capgemini.com\/wp-content\/uploads\/2023\/07\/Fraud_Monitoring-Web_Background.jpg?w=2880&amp;quality=70 2x\" media=\"(min-width: 992px)\"\/><source srcset=\"https:\/\/www.capgemini.com\/wp-content\/uploads\/2023\/07\/Fraud_Monitoring-Web_Background.jpg?w=1024&amp;quality=70 1x, https:\/\/www.capgemini.com\/wp-content\/uploads\/2023\/07\/Fraud_Monitoring-Web_Background.jpg?w=1024&amp;quality=70 2x\" media=\"(min-width: 768px)\"\/><source srcset=\"https:\/\/www.capgemini.com\/wp-content\/uploads\/2023\/07\/Fraud_Monitoring-Web_Background.jpg?w=768&amp;quality=70 1x, https:\/\/www.capgemini.com\/wp-content\/uploads\/2023\/07\/Fraud_Monitoring-Web_Background.jpg?w=768&amp;quality=70 2x\" media=\"(min-width: 0)\"\/><img decoding=\"async\" src=\"https:\/\/www.capgemini.com\/wp-content\/uploads\/2023\/07\/Fraud_Monitoring-Web_Background.jpg\" class=\"header-img header-img-d\" alt=\"\" style=\"object-fit:cover;object-position:49% 35%\" loading=\"eager\"\/><\/picture><\/div><div class=\"heroPictureCardHeaderShape\"><\/div><div class=\"container\"><div class=\"row\"><div class=\"col-md-12\"><div class=\"box\"><div class=\"boxTagWrapper\"><div class=\"tagInfo\"><div><span class=\"box-tag\">Solution<\/span><\/div><\/div><\/div><div class=\"box-title\"><h1 data-maxlength=\"34\">Betrugserkennung mithilfe von Hyperautomatisierung<\/h1><\/div><div class=\"inner-row-insight download-btn\"><\/div><\/div><\/div><\/div><\/div><\/header>\n\n\n\n<section class=\"wp-block-cg-blocks-group undefined section section--article-content\"><div class=\"article-main-content\"><div class=\"container\"><div class=\"row\"><div class=\"col-12 col-md-1\"><nav class=\"article-social\"><ul class=\"social-nav\"><li class=\"ip-order-fb\"><a href=\"https:\/\/www.facebook.com\/sharer\/sharer.php?u=https:\/\/www.capgemini.com\/solutions\/fraud-detection-powered-by-hyperautomation\/\" target=\"_blank\" rel=\"noopener noreferrer\" title=\"In neuem Fenster \u00f6ffnen\"><i aria-hidden=\"true\" class=\"icon-fb\"><\/i><span class=\"sr-only\">Facebook<\/span><\/a><\/li><li class=\"ip-order-tw\"><a href=\"https:\/\/twitter.com\/intent\/tweet?url=https:\/\/www.capgemini.com\/solutions\/fraud-detection-powered-by-hyperautomation\/&amp;text=Fraud%20detection%20powered%20by%20hyperautomation\" target=\"_blank\" rel=\"noopener noreferrer\" title=\"In neuem Fenster \u00f6ffnen\"><i aria-hidden=\"true\" class=\"icon-tw\"><\/i><span class=\"sr-only\">Twitter<\/span><\/a><\/li><li class=\"ip-order-li\"><a href=\"https:\/\/www.linkedin.com\/shareArticle?url=https:\/\/www.capgemini.com\/solutions\/fraud-detection-powered-by-hyperautomation\/&amp;text=Fraud%20detection%20powered%20by%20hyperautomation\" target=\"_blank\" rel=\"noopener noreferrer\" title=\"In neuem Fenster \u00f6ffnen\"><i aria-hidden=\"true\" class=\"icon-li\"><\/i><span class=\"sr-only\">Linkedin<\/span><\/a><\/li><\/ul><\/nav><\/div><div class=\"col-12 col-md-11 col-lg-10\"><div class=\"article-text article-quote-text\">\n<h3 class=\"wp-block-heading\" id=\"h-aufdeckung-der-unsichtbaren-bedrohung-im-finanzdienstleistungssektor\">Aufdeckung der unsichtbaren Bedrohung im Finanzdienstleistungssektor.<\/h3>\n\n\n\n<figure class=\"wp-block-image alignright size-medium is-resized\"><img decoding=\"async\" src=\"https:\/\/www.capgemini.com\/wp-content\/uploads\/2023\/07\/Fraud_Monitoring-Document_Thumbnail.jpg?w=212\" alt=\"\" class=\"wp-image-922692\" style=\"width:212px;height:299px\"\/><\/figure>\n\n\n\n<p>Bis 2030 werden die weltweiten Kreditkartenverluste voraussichtlich 49 Milliarden US-Dollar pro Jahr erreichen. Chief Credit Risk Officers m\u00fcssen bessere L\u00f6sungen finden, um Verluste durch Betrug zu minimieren. \u00dcber die finanziellen Auswirkungen hinaus haben Gesch\u00e4ftsanwender Schwierigkeiten, die Vorschriften zur Betrugsrichtlinie einzuhalten, deren Aktualisierung drei bis sechs Monate dauern kann, was zu einem schlechten Kundenservice und dem Risiko von Bu\u00dfgeldern f\u00fchrt, die den Ruf sch\u00e4digen.<\/p>\n\n\n\n<p>Capgemini und&nbsp;<a href=\"https:\/\/www.waylay.io\/\" target=\"_blank\" rel=\"noreferrer noopener\">Waylay<\/a>&nbsp;haben sich zusammengetan, um eine leistungsstarke Cloud-native Betrugs\u00fcberwachungsl\u00f6sung zu entwickeln, die maschinelles Lernen mit einer Gesch\u00e4ftsregel-Engine kombiniert, um Betrugsverluste zu minimieren und Fehlalarme zu reduzieren. Es ist in der Lage, bis zu 20 Millionen Transaktionen pro Tag stapelweise oder in Echtzeit mit einer Reaktionszeit von weniger als 1 ms pro Transaktion zu verarbeiten.<\/p>\n\n\n\n<p>Laden Sie unser neuestes L\u00f6sungspapier herunter oder kontaktieren Sie uns, um den n\u00e4chsten Schritt zur proaktiven Erkennung, Verhinderung und \u00dcberwachung von Betrug zu gehen.<\/p>\n\n\n\n<div class=\"wp-block-buttons is-layout-flex wp-block-buttons-is-layout-flex\">\n<div class=\"wp-block-button is-style-outline is-style-outline--1\"><a class=\"wp-block-button__link wp-element-button\" href=\"https:\/\/go.capgeminigroup.com\/Capgemini-fraud-detection-powered-by-hyperautomation\" target=\"_blank\" rel=\"noreferrer noopener\">Download paper<\/a><\/div>\n<\/div>\n<\/div><\/div><\/div><\/div><\/div><\/section>\n","protected":false},"excerpt":{"rendered":"","protected":false},"author":33,"featured_media":0,"parent":743171,"menu_order":0,"comment_status":"closed","ping_status":"closed","template":"","meta":{"cg_dt_proposed_to":[],"cg_seo_hreflang_relations":"[]","cg_seo_canonical_relation":"{\"uuid\":\"c245231f-88cc-44fb-a9e9-9f7460076035\",\"blogId\":\"\",\"domain\":\"\",\"sitePath\":\"\",\"postLink\":\"\",\"postId\":null,\"isSaved\":true,\"isCrossLink\":false,\"hasCrossLink\":false}","cg_seo_hreflang_x_default_relation":"{\"uuid\":\"839bdedc-5575-4e00-9455-f9363ac66d31\",\"blogId\":\"\",\"domain\":\"\",\"sitePath\":\"\",\"postLink\":\"\",\"postId\":null,\"isSaved\":true,\"isCrossLink\":false,\"hasCrossLink\":false}","cg_dt_approved_content":true,"cg_dt_mandatory_content":false,"cg_dt_notes":"","cg_dg_source_changed":true,"cg_dt_link_disabled":false,"_yoast_wpseo_primary_brand":"","footnotes":"","featured_focal_points":"","partner_card_description":"","gsap_animation":0},"brand":[],"partner_type":[],"service":[],"industry":[218,70],"partners":[],"page-type":[287],"content-group":[],"class_list":["post-842526","page","type-page","status-publish","hentry","industry-banking-capital-markets","industry-insurance","page-type-solutions"],"yoast_head":"<!-- This site is optimized with the Yoast SEO Premium plugin v22.8 (Yoast SEO v22.8) - https:\/\/yoast.com\/wordpress\/plugins\/seo\/ -->\n<title>Betrugserkennung mithilfe von Hyperautomatisierung - Capgemini<\/title>\n<meta name=\"robots\" content=\"index, follow, max-snippet:-1, max-image-preview:large, max-video-preview:-1\" \/>\n<link rel=\"canonical\" href=\"https:\/\/www.capgemini.com\/de-de\/solutions\/fraud-detection-powered-by-hyperautomation\/\" \/>\n<meta property=\"og:locale\" content=\"de_DE\" \/>\n<meta property=\"og:type\" content=\"article\" \/>\n<meta property=\"og:title\" content=\"Betrugserkennung mithilfe von Hyperautomatisierung - Capgemini\" \/>\n<meta property=\"og:url\" content=\"https:\/\/www.capgemini.com\/de-de\/solutions\/fraud-detection-powered-by-hyperautomation\/\" \/>\n<meta property=\"og:site_name\" content=\"Capgemini\" \/>\n<meta property=\"article:modified_time\" content=\"2025-03-05T04:16:40+00:00\" \/>\n<meta property=\"og:image\" content=\"https:\/\/www.capgemini.com\/wp-content\/uploads\/2023\/07\/Fraud_Monitoring-Web_Background.jpg\" \/>\n<meta name=\"twitter:card\" content=\"summary_large_image\" \/>\n<script type=\"application\/ld+json\" class=\"yoast-schema-graph\">{\"@context\":\"https:\/\/schema.org\",\"@graph\":[{\"@type\":\"WebPage\",\"@id\":\"https:\/\/www.capgemini.com\/de-de\/solutions\/fraud-detection-powered-by-hyperautomation\/\",\"url\":\"https:\/\/www.capgemini.com\/de-de\/solutions\/fraud-detection-powered-by-hyperautomation\/\",\"name\":\"Betrugserkennung mithilfe von Hyperautomatisierung - Capgemini\",\"isPartOf\":{\"@id\":\"https:\/\/www.capgemini.com\/de-de\/#website\"},\"primaryImageOfPage\":{\"@id\":\"https:\/\/www.capgemini.com\/de-de\/solutions\/fraud-detection-powered-by-hyperautomation\/#primaryimage\"},\"image\":{\"@id\":\"https:\/\/www.capgemini.com\/de-de\/solutions\/fraud-detection-powered-by-hyperautomation\/#primaryimage\"},\"thumbnailUrl\":\"https:\/\/www.capgemini.com\/wp-content\/uploads\/2023\/07\/Fraud_Monitoring-Web_Background.jpg\",\"datePublished\":\"2023-07-04T10:45:18+00:00\",\"dateModified\":\"2025-03-05T04:16:40+00:00\",\"breadcrumb\":{\"@id\":\"https:\/\/www.capgemini.com\/de-de\/solutions\/fraud-detection-powered-by-hyperautomation\/#breadcrumb\"},\"inLanguage\":\"de-DE\",\"potentialAction\":[{\"@type\":\"ReadAction\",\"target\":[\"https:\/\/www.capgemini.com\/de-de\/solutions\/fraud-detection-powered-by-hyperautomation\/\"]}]},{\"@type\":\"ImageObject\",\"inLanguage\":\"de-DE\",\"@id\":\"https:\/\/www.capgemini.com\/de-de\/solutions\/fraud-detection-powered-by-hyperautomation\/#primaryimage\",\"url\":\"https:\/\/www.capgemini.com\/wp-content\/uploads\/2023\/07\/Fraud_Monitoring-Web_Background.jpg\",\"contentUrl\":\"https:\/\/www.capgemini.com\/wp-content\/uploads\/2023\/07\/Fraud_Monitoring-Web_Background.jpg\"},{\"@type\":\"BreadcrumbList\",\"@id\":\"https:\/\/www.capgemini.com\/de-de\/solutions\/fraud-detection-powered-by-hyperautomation\/#breadcrumb\",\"itemListElement\":[{\"@type\":\"ListItem\",\"position\":1,\"name\":\"Solutions\",\"item\":\"https:\/\/www.capgemini.com\/de-de\/solutions\/\"},{\"@type\":\"ListItem\",\"position\":2,\"name\":\"Betrugserkennung mithilfe von Hyperautomatisierung\"}]},{\"@type\":\"WebSite\",\"@id\":\"https:\/\/www.capgemini.com\/de-de\/#website\",\"url\":\"https:\/\/www.capgemini.com\/de-de\/\",\"name\":\"Capgemini Deutschland\",\"description\":\"Make it real\",\"potentialAction\":[{\"@type\":\"SearchAction\",\"target\":{\"@type\":\"EntryPoint\",\"urlTemplate\":\"https:\/\/www.capgemini.com\/de-de\/?s={search_term_string}\"},\"query-input\":\"required name=search_term_string\"}],\"inLanguage\":\"de-DE\"}]}<\/script>\n<!-- \/ Yoast SEO Premium plugin. -->","yoast_head_json":{"title":"Betrugserkennung mithilfe von Hyperautomatisierung - Capgemini","robots":{"index":"index","follow":"follow","max-snippet":"max-snippet:-1","max-image-preview":"max-image-preview:large","max-video-preview":"max-video-preview:-1"},"canonical":"https:\/\/www.capgemini.com\/de-de\/solutions\/fraud-detection-powered-by-hyperautomation\/","og_locale":"de_DE","og_type":"article","og_title":"Betrugserkennung mithilfe von Hyperautomatisierung - Capgemini","og_url":"https:\/\/www.capgemini.com\/de-de\/solutions\/fraud-detection-powered-by-hyperautomation\/","og_site_name":"Capgemini","article_modified_time":"2025-03-05T04:16:40+00:00","og_image":[{"url":"https:\/\/www.capgemini.com\/wp-content\/uploads\/2023\/07\/Fraud_Monitoring-Web_Background.jpg"}],"twitter_card":"summary_large_image","schema":{"@context":"https:\/\/schema.org","@graph":[{"@type":"WebPage","@id":"https:\/\/www.capgemini.com\/de-de\/solutions\/fraud-detection-powered-by-hyperautomation\/","url":"https:\/\/www.capgemini.com\/de-de\/solutions\/fraud-detection-powered-by-hyperautomation\/","name":"Betrugserkennung mithilfe von Hyperautomatisierung - Capgemini","isPartOf":{"@id":"https:\/\/www.capgemini.com\/de-de\/#website"},"primaryImageOfPage":{"@id":"https:\/\/www.capgemini.com\/de-de\/solutions\/fraud-detection-powered-by-hyperautomation\/#primaryimage"},"image":{"@id":"https:\/\/www.capgemini.com\/de-de\/solutions\/fraud-detection-powered-by-hyperautomation\/#primaryimage"},"thumbnailUrl":"https:\/\/www.capgemini.com\/wp-content\/uploads\/2023\/07\/Fraud_Monitoring-Web_Background.jpg","datePublished":"2023-07-04T10:45:18+00:00","dateModified":"2025-03-05T04:16:40+00:00","breadcrumb":{"@id":"https:\/\/www.capgemini.com\/de-de\/solutions\/fraud-detection-powered-by-hyperautomation\/#breadcrumb"},"inLanguage":"de-DE","potentialAction":[{"@type":"ReadAction","target":["https:\/\/www.capgemini.com\/de-de\/solutions\/fraud-detection-powered-by-hyperautomation\/"]}]},{"@type":"ImageObject","inLanguage":"de-DE","@id":"https:\/\/www.capgemini.com\/de-de\/solutions\/fraud-detection-powered-by-hyperautomation\/#primaryimage","url":"https:\/\/www.capgemini.com\/wp-content\/uploads\/2023\/07\/Fraud_Monitoring-Web_Background.jpg","contentUrl":"https:\/\/www.capgemini.com\/wp-content\/uploads\/2023\/07\/Fraud_Monitoring-Web_Background.jpg"},{"@type":"BreadcrumbList","@id":"https:\/\/www.capgemini.com\/de-de\/solutions\/fraud-detection-powered-by-hyperautomation\/#breadcrumb","itemListElement":[{"@type":"ListItem","position":1,"name":"Solutions","item":"https:\/\/www.capgemini.com\/de-de\/solutions\/"},{"@type":"ListItem","position":2,"name":"Betrugserkennung mithilfe von Hyperautomatisierung"}]},{"@type":"WebSite","@id":"https:\/\/www.capgemini.com\/de-de\/#website","url":"https:\/\/www.capgemini.com\/de-de\/","name":"Capgemini Deutschland","description":"Make it real","potentialAction":[{"@type":"SearchAction","target":{"@type":"EntryPoint","urlTemplate":"https:\/\/www.capgemini.com\/de-de\/?s={search_term_string}"},"query-input":"required name=search_term_string"}],"inLanguage":"de-DE"}]}},"brand_term":[],"parsely":{"version":"1.1.0","canonical_url":"https:\/\/capgemini.com\/de-de\/solutions\/fraud-detection-powered-by-hyperautomation\/","smart_links":{"inbound":0,"outbound":0},"traffic_boost_suggestions_count":0,"meta":{"@context":"https:\/\/schema.org","@type":"WebPage","headline":"Betrugserkennung mithilfe von Hyperautomatisierung","url":"http:\/\/www.capgemini.com\/de-de\/solutions\/fraud-detection-powered-by-hyperautomation\/","mainEntityOfPage":{"@type":"WebPage","@id":"http:\/\/www.capgemini.com\/de-de\/solutions\/fraud-detection-powered-by-hyperautomation\/"},"thumbnailUrl":"","image":{"@type":"ImageObject","url":""},"articleSection":"Uncategorized","author":[],"creator":[],"publisher":{"@type":"Organization","name":"Capgemini","logo":""},"keywords":[],"dateCreated":"2023-07-04T10:45:18Z","datePublished":"2023-07-04T10:45:18Z","dateModified":"2025-03-05T04:16:40Z"},"rendered":"<script type=\"application\/ld+json\" class=\"wp-parsely-metadata\">{\"@context\":\"https:\\\/\\\/schema.org\",\"@type\":\"WebPage\",\"headline\":\"Betrugserkennung mithilfe von Hyperautomatisierung\",\"url\":\"http:\\\/\\\/www.capgemini.com\\\/de-de\\\/solutions\\\/fraud-detection-powered-by-hyperautomation\\\/\",\"mainEntityOfPage\":{\"@type\":\"WebPage\",\"@id\":\"http:\\\/\\\/www.capgemini.com\\\/de-de\\\/solutions\\\/fraud-detection-powered-by-hyperautomation\\\/\"},\"thumbnailUrl\":\"\",\"image\":{\"@type\":\"ImageObject\",\"url\":\"\"},\"articleSection\":\"Uncategorized\",\"author\":[],\"creator\":[],\"publisher\":{\"@type\":\"Organization\",\"name\":\"Capgemini\",\"logo\":\"\"},\"keywords\":[],\"dateCreated\":\"2023-07-04T10:45:18Z\",\"datePublished\":\"2023-07-04T10:45:18Z\",\"dateModified\":\"2025-03-05T04:16:40Z\"}<\/script>","tracker_url":"https:\/\/cdn.parsely.com\/keys\/capgemini.com\/p.js"},"archive_status":false,"featured_image_src":"https:\/\/www.capgemini.com\/de-de\/wp-content\/themes\/capgemini2025\/assets\/images\/mockup.png","featured_image_alt":false,"jetpack_sharing_enabled":true,"distributor_meta":false,"distributor_terms":false,"distributor_media":false,"distributor_original_site_name":"Capgemini","distributor_original_site_url":"https:\/\/www.capgemini.com\/de-de","push-errors":false,"_links":{"self":[{"href":"https:\/\/www.capgemini.com\/de-de\/wp-json\/wp\/v2\/pages\/842526","targetHints":{"allow":["GET"]}}],"collection":[{"href":"https:\/\/www.capgemini.com\/de-de\/wp-json\/wp\/v2\/pages"}],"about":[{"href":"https:\/\/www.capgemini.com\/de-de\/wp-json\/wp\/v2\/types\/page"}],"author":[{"embeddable":true,"href":"https:\/\/www.capgemini.com\/de-de\/wp-json\/wp\/v2\/users\/33"}],"replies":[{"embeddable":true,"href":"https:\/\/www.capgemini.com\/de-de\/wp-json\/wp\/v2\/comments?post=842526"}],"version-history":[{"count":5,"href":"https:\/\/www.capgemini.com\/de-de\/wp-json\/wp\/v2\/pages\/842526\/revisions"}],"predecessor-version":[{"id":875438,"href":"https:\/\/www.capgemini.com\/de-de\/wp-json\/wp\/v2\/pages\/842526\/revisions\/875438"}],"up":[{"embeddable":true,"href":"https:\/\/www.capgemini.com\/de-de\/wp-json\/wp\/v2\/pages\/743171"}],"wp:attachment":[{"href":"https:\/\/www.capgemini.com\/de-de\/wp-json\/wp\/v2\/media?parent=842526"}],"wp:term":[{"taxonomy":"brand","embeddable":true,"href":"https:\/\/www.capgemini.com\/de-de\/wp-json\/wp\/v2\/brand?post=842526"},{"taxonomy":"partner_type","embeddable":true,"href":"https:\/\/www.capgemini.com\/de-de\/wp-json\/wp\/v2\/partner_type?post=842526"},{"taxonomy":"service","embeddable":true,"href":"https:\/\/www.capgemini.com\/de-de\/wp-json\/wp\/v2\/service?post=842526"},{"taxonomy":"industry","embeddable":true,"href":"https:\/\/www.capgemini.com\/de-de\/wp-json\/wp\/v2\/industry?post=842526"},{"taxonomy":"partners","embeddable":true,"href":"https:\/\/www.capgemini.com\/de-de\/wp-json\/wp\/v2\/partners?post=842526"},{"taxonomy":"page-type","embeddable":true,"href":"https:\/\/www.capgemini.com\/de-de\/wp-json\/wp\/v2\/page-type?post=842526"},{"taxonomy":"content-group","embeddable":true,"href":"https:\/\/www.capgemini.com\/de-de\/wp-json\/wp\/v2\/content-group?post=842526"}],"curies":[{"name":"wp","href":"https:\/\/api.w.org\/{rel}","templated":true}]}}