{"id":842435,"date":"2021-12-07T10:18:01","date_gmt":"2021-12-07T09:18:01","guid":{"rendered":"https:\/\/www.capgemini.com\/?page_id=639164"},"modified":"2025-03-05T06:04:03","modified_gmt":"2025-03-05T06:04:03","slug":"our-code-of-ethics-for-ai","status":"publish","type":"page","link":"https:\/\/www.capgemini.com\/de-de\/unternehmen\/management-governance\/policies\/our-code-of-ethics-for-ai\/","title":{"rendered":"Code of Ethics for AI"},"content":{"rendered":"\n<header class=\"wp-block-cg-blocks-hero-reusable is-style-blue-line header heroReusable  \"><div class=\"header-bgs\"><\/div><div class=\"heroPictureCardHeaderShape\"><\/div><div class=\"container\"><div class=\"row\"><div class=\"col-md-12\"><div class=\"box\"><div class=\"boxTagWrapper\"><div class=\"tagInfo\"><div><span class=\"box-tag\">Policy<\/span><\/div><\/div><\/div><div class=\"box-title\"><h1 data-maxlength=\"34\">Code of Ethics for AI<\/h1><\/div><div class=\"inner-row-insight download-btn\"><div class=\"col-md-4 downloadFiles addPadding\"><a class=\"button-download--small\" type=\"download\" href=\"https:\/\/www.capgemini.com\/wp-content\/uploads\/2021\/06\/Capgemini_Code_of_Ethics_for_AI_2021_EN.pdf\" target=\"_blank\" rel=\"noopener noreferrer\" title=\"In neuem Fenster \u00f6ffnen\"><span>Download Code (EN)<\/span><span class=\"type\">505 KB  pdf<\/span><\/a><\/div><\/div><\/div><\/div><\/div><\/div><\/header>\n\n\n\n<section class=\"wp-block-cg-blocks-group undefined section section--article-content\"><div class=\"article-main-content\"><div class=\"container\"><div class=\"row\"><div class=\"col-12 col-md-11 col-lg-10 offset-md-1 offset-lg-1\"><div class=\"article-text article-quote-text\">\n<h3 class=\"wp-block-heading\" id=\"h-\"><\/h3>\n\n\n\n<p>Unser Ethikkodex f\u00fcr K\u00fcnstliche Intelligenz (KI) ist ein Leitfaden f\u00fcr unser Unternehmen, wie wir ethisches Denken in unser Gesch\u00e4ft einbinden k\u00f6nnen. Er wird durch konkrete Beispiele aus Projekten oder L\u00f6sungen, die wir liefern, veranschaulicht. Die Bezugnahme auf seine Grunds\u00e4tze regt zu ethischem Denken an und soll einen ergebnisoffenen Diskussionsprozess innerhalb des Unternehmens, mit unseren Kunden und mit allen Interessengruppen in Gang setzen.<\/p>\n\n\n\n<p>Unser Ethikkodex f\u00fcr KI betrifft sowohl den beabsichtigten Zweck einer KI-L\u00f6sung als auch die Art und Weise, wie wir ethische Grunds\u00e4tze in die Entwicklung und Bereitstellung von KI-L\u00f6sungen und -Dienstleistungen f\u00fcr unsere Kunden einbeziehen. Er sollte in Kombination mit den geltenden Gesetzen verstanden werden, zu deren Einhaltung sich Capgemini selbstverst\u00e4ndlich verpflichtet hat.<\/p>\n\n\n\n<p><\/p>\n<\/div><\/div><\/div><\/div><\/div><\/section>\n","protected":false},"excerpt":{"rendered":"","protected":false},"author":33,"featured_media":0,"parent":742475,"menu_order":6,"comment_status":"closed","ping_status":"closed","template":"","meta":{"cg_dt_proposed_to":[],"cg_seo_hreflang_relations":"[]","cg_seo_canonical_relation":"{\"uuid\":\"d2709025-b9f2-4677-b04c-3d1fae38799a\",\"blogId\":\"\",\"domain\":\"\",\"sitePath\":\"\",\"postLink\":\"\",\"postId\":null,\"isSaved\":true,\"isCrossLink\":false,\"hasCrossLink\":false}","cg_seo_hreflang_x_default_relation":"{\"uuid\":\"286441bf-cbb1-4a62-9b87-0995399499fd\",\"blogId\":\"\",\"domain\":\"\",\"sitePath\":\"\",\"postLink\":\"\",\"postId\":null,\"isSaved\":true,\"isCrossLink\":false,\"hasCrossLink\":false}","cg_dt_approved_content":true,"cg_dt_mandatory_content":false,"cg_dt_notes":"","cg_dg_source_changed":true,"cg_dt_link_disabled":false,"_yoast_wpseo_primary_brand":"","footnotes":"","featured_focal_points":"","partner_card_description":"","gsap_animation":0},"brand":[],"partner_type":[],"service":[],"industry":[],"partners":[],"page-type":[],"content-group":[],"class_list":["post-842435","page","type-page","status-publish","hentry"],"yoast_head":"<!-- This site is optimized with the Yoast SEO Premium plugin v22.8 (Yoast SEO v22.8) - https:\/\/yoast.com\/wordpress\/plugins\/seo\/ -->\n<title>Our Code of Ethics for Artificial Intelligence (AI) | Management And Governance | Capgemini<\/title>\n<meta name=\"robots\" content=\"index, follow, max-snippet:-1, max-image-preview:large, max-video-preview:-1\" \/>\n<link rel=\"canonical\" href=\"https:\/\/www.capgemini.com\/de-de\/unternehmen\/management-governance\/policies\/our-code-of-ethics-for-ai\/\" \/>\n<meta property=\"og:locale\" content=\"de_DE\" \/>\n<meta property=\"og:type\" content=\"article\" \/>\n<meta property=\"og:title\" content=\"Our Code of Ethics for Artificial Intelligence (AI) | Management And Governance | Capgemini\" \/>\n<meta property=\"og:url\" content=\"https:\/\/www.capgemini.com\/de-de\/unternehmen\/management-governance\/policies\/our-code-of-ethics-for-ai\/\" \/>\n<meta property=\"og:site_name\" content=\"Capgemini\" \/>\n<meta property=\"article:modified_time\" content=\"2025-03-05T06:04:03+00:00\" \/>\n<meta property=\"og:image\" content=\"https:\/\/www.capgemini.com\/de-de\/wp-content\/uploads\/sites\/8\/2025\/10\/New-Web-preview-global.jpg\" \/>\n\t<meta property=\"og:image:width\" content=\"1200\" \/>\n\t<meta property=\"og:image:height\" content=\"627\" \/>\n\t<meta property=\"og:image:type\" content=\"image\/jpeg\" \/>\n<meta name=\"twitter:card\" content=\"summary_large_image\" \/>\n<meta name=\"twitter:label1\" content=\"Est. reading time\" \/>\n\t<meta name=\"twitter:data1\" content=\"1 minute\" \/>\n<script type=\"application\/ld+json\" class=\"yoast-schema-graph\">{\"@context\":\"https:\/\/schema.org\",\"@graph\":[{\"@type\":\"WebPage\",\"@id\":\"https:\/\/www.capgemini.com\/de-de\/unternehmen\/management-governance\/policies\/our-code-of-ethics-for-ai\/\",\"url\":\"https:\/\/www.capgemini.com\/de-de\/unternehmen\/management-governance\/policies\/our-code-of-ethics-for-ai\/\",\"name\":\"Our Code of Ethics for Artificial Intelligence (AI) | Management And Governance | Capgemini\",\"isPartOf\":{\"@id\":\"https:\/\/www.capgemini.com\/de-de\/#website\"},\"datePublished\":\"2021-12-07T09:18:01+00:00\",\"dateModified\":\"2025-03-05T06:04:03+00:00\",\"breadcrumb\":{\"@id\":\"https:\/\/www.capgemini.com\/de-de\/unternehmen\/management-governance\/policies\/our-code-of-ethics-for-ai\/#breadcrumb\"},\"inLanguage\":\"de-DE\",\"potentialAction\":[{\"@type\":\"ReadAction\",\"target\":[\"https:\/\/www.capgemini.com\/de-de\/unternehmen\/management-governance\/policies\/our-code-of-ethics-for-ai\/\"]}]},{\"@type\":\"BreadcrumbList\",\"@id\":\"https:\/\/www.capgemini.com\/de-de\/unternehmen\/management-governance\/policies\/our-code-of-ethics-for-ai\/#breadcrumb\",\"itemListElement\":[{\"@type\":\"ListItem\",\"position\":1,\"name\":\"\u00dcber Uns\",\"item\":\"https:\/\/www.capgemini.com\/de-de\/unternehmen\/\"},{\"@type\":\"ListItem\",\"position\":2,\"name\":\"Management und Governance\",\"item\":\"https:\/\/www.capgemini.com\/de-de\/unternehmen\/management-governance\/\"},{\"@type\":\"ListItem\",\"position\":3,\"name\":\"Gruppen-Richtlinien\",\"item\":\"https:\/\/www.capgemini.com\/de-de\/unternehmen\/management-governance\/policies\/\"},{\"@type\":\"ListItem\",\"position\":4,\"name\":\"Code of Ethics for AI\"}]},{\"@type\":\"WebSite\",\"@id\":\"https:\/\/www.capgemini.com\/de-de\/#website\",\"url\":\"https:\/\/www.capgemini.com\/de-de\/\",\"name\":\"Capgemini Deutschland\",\"description\":\"Make it real\",\"potentialAction\":[{\"@type\":\"SearchAction\",\"target\":{\"@type\":\"EntryPoint\",\"urlTemplate\":\"https:\/\/www.capgemini.com\/de-de\/?s={search_term_string}\"},\"query-input\":\"required name=search_term_string\"}],\"inLanguage\":\"de-DE\"}]}<\/script>\n<!-- \/ Yoast SEO Premium plugin. -->","yoast_head_json":{"title":"Our Code of Ethics for Artificial Intelligence (AI) | Management And Governance | Capgemini","robots":{"index":"index","follow":"follow","max-snippet":"max-snippet:-1","max-image-preview":"max-image-preview:large","max-video-preview":"max-video-preview:-1"},"canonical":"https:\/\/www.capgemini.com\/de-de\/unternehmen\/management-governance\/policies\/our-code-of-ethics-for-ai\/","og_locale":"de_DE","og_type":"article","og_title":"Our Code of Ethics for Artificial Intelligence (AI) | Management And Governance | Capgemini","og_url":"https:\/\/www.capgemini.com\/de-de\/unternehmen\/management-governance\/policies\/our-code-of-ethics-for-ai\/","og_site_name":"Capgemini","article_modified_time":"2025-03-05T06:04:03+00:00","og_image":[{"width":1200,"height":627,"url":"https:\/\/www.capgemini.com\/de-de\/wp-content\/uploads\/sites\/8\/2025\/10\/New-Web-preview-global.jpg","type":"image\/jpeg"}],"twitter_card":"summary_large_image","twitter_misc":{"Est. reading time":"1 minute"},"schema":{"@context":"https:\/\/schema.org","@graph":[{"@type":"WebPage","@id":"https:\/\/www.capgemini.com\/de-de\/unternehmen\/management-governance\/policies\/our-code-of-ethics-for-ai\/","url":"https:\/\/www.capgemini.com\/de-de\/unternehmen\/management-governance\/policies\/our-code-of-ethics-for-ai\/","name":"Our Code of Ethics for Artificial Intelligence (AI) | Management And Governance | Capgemini","isPartOf":{"@id":"https:\/\/www.capgemini.com\/de-de\/#website"},"datePublished":"2021-12-07T09:18:01+00:00","dateModified":"2025-03-05T06:04:03+00:00","breadcrumb":{"@id":"https:\/\/www.capgemini.com\/de-de\/unternehmen\/management-governance\/policies\/our-code-of-ethics-for-ai\/#breadcrumb"},"inLanguage":"de-DE","potentialAction":[{"@type":"ReadAction","target":["https:\/\/www.capgemini.com\/de-de\/unternehmen\/management-governance\/policies\/our-code-of-ethics-for-ai\/"]}]},{"@type":"BreadcrumbList","@id":"https:\/\/www.capgemini.com\/de-de\/unternehmen\/management-governance\/policies\/our-code-of-ethics-for-ai\/#breadcrumb","itemListElement":[{"@type":"ListItem","position":1,"name":"\u00dcber Uns","item":"https:\/\/www.capgemini.com\/de-de\/unternehmen\/"},{"@type":"ListItem","position":2,"name":"Management und Governance","item":"https:\/\/www.capgemini.com\/de-de\/unternehmen\/management-governance\/"},{"@type":"ListItem","position":3,"name":"Gruppen-Richtlinien","item":"https:\/\/www.capgemini.com\/de-de\/unternehmen\/management-governance\/policies\/"},{"@type":"ListItem","position":4,"name":"Code of Ethics for AI"}]},{"@type":"WebSite","@id":"https:\/\/www.capgemini.com\/de-de\/#website","url":"https:\/\/www.capgemini.com\/de-de\/","name":"Capgemini Deutschland","description":"Make it real","potentialAction":[{"@type":"SearchAction","target":{"@type":"EntryPoint","urlTemplate":"https:\/\/www.capgemini.com\/de-de\/?s={search_term_string}"},"query-input":"required name=search_term_string"}],"inLanguage":"de-DE"}]}},"brand_term":[],"parsely":{"version":"1.1.0","canonical_url":"https:\/\/capgemini.com\/de-de\/unternehmen\/management-governance\/policies\/our-code-of-ethics-for-ai\/","smart_links":{"inbound":0,"outbound":0},"traffic_boost_suggestions_count":0,"meta":{"@context":"https:\/\/schema.org","@type":"WebPage","headline":"Code of Ethics for AI","url":"http:\/\/www.capgemini.com\/de-de\/unternehmen\/management-governance\/policies\/our-code-of-ethics-for-ai\/","mainEntityOfPage":{"@type":"WebPage","@id":"http:\/\/www.capgemini.com\/de-de\/unternehmen\/management-governance\/policies\/our-code-of-ethics-for-ai\/"},"thumbnailUrl":"","image":{"@type":"ImageObject","url":""},"articleSection":"Uncategorized","author":[],"creator":[],"publisher":{"@type":"Organization","name":"Capgemini","logo":""},"keywords":[],"dateCreated":"2021-12-07T09:18:01Z","datePublished":"2021-12-07T09:18:01Z","dateModified":"2025-03-05T06:04:03Z"},"rendered":"<script type=\"application\/ld+json\" class=\"wp-parsely-metadata\">{\"@context\":\"https:\\\/\\\/schema.org\",\"@type\":\"WebPage\",\"headline\":\"Code of Ethics for AI\",\"url\":\"http:\\\/\\\/www.capgemini.com\\\/de-de\\\/unternehmen\\\/management-governance\\\/policies\\\/our-code-of-ethics-for-ai\\\/\",\"mainEntityOfPage\":{\"@type\":\"WebPage\",\"@id\":\"http:\\\/\\\/www.capgemini.com\\\/de-de\\\/unternehmen\\\/management-governance\\\/policies\\\/our-code-of-ethics-for-ai\\\/\"},\"thumbnailUrl\":\"\",\"image\":{\"@type\":\"ImageObject\",\"url\":\"\"},\"articleSection\":\"Uncategorized\",\"author\":[],\"creator\":[],\"publisher\":{\"@type\":\"Organization\",\"name\":\"Capgemini\",\"logo\":\"\"},\"keywords\":[],\"dateCreated\":\"2021-12-07T09:18:01Z\",\"datePublished\":\"2021-12-07T09:18:01Z\",\"dateModified\":\"2025-03-05T06:04:03Z\"}<\/script>","tracker_url":"https:\/\/cdn.parsely.com\/keys\/capgemini.com\/p.js"},"archive_status":false,"featured_image_src":"https:\/\/www.capgemini.com\/de-de\/wp-content\/themes\/capgemini2025\/assets\/images\/mockup.png","featured_image_alt":false,"jetpack_sharing_enabled":true,"distributor_meta":false,"distributor_terms":false,"distributor_media":false,"distributor_original_site_name":"Capgemini","distributor_original_site_url":"https:\/\/www.capgemini.com\/de-de","push-errors":false,"_links":{"self":[{"href":"https:\/\/www.capgemini.com\/de-de\/wp-json\/wp\/v2\/pages\/842435","targetHints":{"allow":["GET"]}}],"collection":[{"href":"https:\/\/www.capgemini.com\/de-de\/wp-json\/wp\/v2\/pages"}],"about":[{"href":"https:\/\/www.capgemini.com\/de-de\/wp-json\/wp\/v2\/types\/page"}],"author":[{"embeddable":true,"href":"https:\/\/www.capgemini.com\/de-de\/wp-json\/wp\/v2\/users\/33"}],"replies":[{"embeddable":true,"href":"https:\/\/www.capgemini.com\/de-de\/wp-json\/wp\/v2\/comments?post=842435"}],"version-history":[{"count":6,"href":"https:\/\/www.capgemini.com\/de-de\/wp-json\/wp\/v2\/pages\/842435\/revisions"}],"predecessor-version":[{"id":876222,"href":"https:\/\/www.capgemini.com\/de-de\/wp-json\/wp\/v2\/pages\/842435\/revisions\/876222"}],"up":[{"embeddable":true,"href":"https:\/\/www.capgemini.com\/de-de\/wp-json\/wp\/v2\/pages\/742475"}],"wp:attachment":[{"href":"https:\/\/www.capgemini.com\/de-de\/wp-json\/wp\/v2\/media?parent=842435"}],"wp:term":[{"taxonomy":"brand","embeddable":true,"href":"https:\/\/www.capgemini.com\/de-de\/wp-json\/wp\/v2\/brand?post=842435"},{"taxonomy":"partner_type","embeddable":true,"href":"https:\/\/www.capgemini.com\/de-de\/wp-json\/wp\/v2\/partner_type?post=842435"},{"taxonomy":"service","embeddable":true,"href":"https:\/\/www.capgemini.com\/de-de\/wp-json\/wp\/v2\/service?post=842435"},{"taxonomy":"industry","embeddable":true,"href":"https:\/\/www.capgemini.com\/de-de\/wp-json\/wp\/v2\/industry?post=842435"},{"taxonomy":"partners","embeddable":true,"href":"https:\/\/www.capgemini.com\/de-de\/wp-json\/wp\/v2\/partners?post=842435"},{"taxonomy":"page-type","embeddable":true,"href":"https:\/\/www.capgemini.com\/de-de\/wp-json\/wp\/v2\/page-type?post=842435"},{"taxonomy":"content-group","embeddable":true,"href":"https:\/\/www.capgemini.com\/de-de\/wp-json\/wp\/v2\/content-group?post=842435"}],"curies":[{"name":"wp","href":"https:\/\/api.w.org\/{rel}","templated":true}]}}