{"id":841335,"date":"2023-06-14T08:52:29","date_gmt":"2023-06-14T06:52:29","guid":{"rendered":"https:\/\/www.capgemini.com\/?page_id=911892"},"modified":"2026-01-08T08:30:19","modified_gmt":"2026-01-08T08:30:19","slug":"value-and-competitive-advantage-vca-assessment","status":"publish","type":"page","link":"https:\/\/www.capgemini.com\/de-de\/solutions\/value-and-competitive-advantage-vca-assessment\/","title":{"rendered":"Value und Competitive Advantage (VCA) Assessment"},"content":{"rendered":"\n<header class=\"wp-block-cg-blocks-hero-reusable header heroReusable  \"><div class=\"header-bgs\"><picture><source srcset=\"https:\/\/www.capgemini.com\/wp-content\/uploads\/2023\/06\/Microsoft-VCA.jpg?w=2880&amp;quality=70 1x, https:\/\/www.capgemini.com\/wp-content\/uploads\/2023\/06\/Microsoft-VCA.jpg?w=2880&amp;quality=70 2x\" media=\"(min-width: 1500px)\"\/><source srcset=\"https:\/\/www.capgemini.com\/wp-content\/uploads\/2023\/06\/Microsoft-VCA.jpg?w=1440&amp;quality=70 1x, https:\/\/www.capgemini.com\/wp-content\/uploads\/2023\/06\/Microsoft-VCA.jpg?w=2880&amp;quality=70 2x\" media=\"(min-width: 992px)\"\/><source srcset=\"https:\/\/www.capgemini.com\/wp-content\/uploads\/2023\/06\/Microsoft-VCA.jpg?w=1024&amp;quality=70 1x, https:\/\/www.capgemini.com\/wp-content\/uploads\/2023\/06\/Microsoft-VCA.jpg?w=1024&amp;quality=70 2x\" media=\"(min-width: 768px)\"\/><source srcset=\"https:\/\/www.capgemini.com\/wp-content\/uploads\/2023\/06\/Microsoft-VCA.jpg?w=768&amp;quality=70 1x, https:\/\/www.capgemini.com\/wp-content\/uploads\/2023\/06\/Microsoft-VCA.jpg?w=768&amp;quality=70 2x\" media=\"(min-width: 0)\"\/><img decoding=\"async\" src=\"https:\/\/www.capgemini.com\/wp-content\/uploads\/2023\/06\/Microsoft-VCA.jpg\" class=\"header-img header-img-d\" alt=\"\" style=\"object-fit:cover;object-position:49% 24%\" loading=\"eager\"\/><\/picture><\/div><div class=\"heroPictureCardHeaderShape\"><\/div><div class=\"container\"><div class=\"row\"><div class=\"col-md-12\"><div class=\"box\"><div class=\"boxTagWrapper\"><div class=\"tagInfo\"><div><span class=\"box-tag\">Solution<\/span><\/div><\/div><\/div><div class=\"box-title\"><h1 data-maxlength=\"34\">Value und Competitive Advantage (VCA) Assessment<\/h1><\/div><h2 class=\"reasearchInsightTitle\">Mit Capgemini und Microsoft im Consumer Age erfolgreich sein<\/h2><div class=\"inner-row-insight download-btn\"><div class=\"col-md-4 downloadFiles addPadding\"><a class=\"button-download--small\" type=\"download\" href=\"https:\/\/www.capgemini.com\/wp-content\/uploads\/2023\/06\/Microsoft_VCA_brochure.pdf\" target=\"_blank\" rel=\"noopener noreferrer\" title=\"In neuem Fenster \u00f6ffnen\"><span>Download Brosch\u00fcre<\/span><span class=\"type\">5 MB pdf<\/span><\/a><\/div><\/div><\/div><\/div><\/div><\/div><\/header>\n\n\n\n<section class=\"wp-block-cg-blocks-group undefined section section--article-content\"><div class=\"article-main-content\"><div class=\"container\"><div class=\"row\"><div class=\"col-12 col-md-1\"><nav class=\"article-social\"><ul class=\"social-nav\"><li class=\"ip-order-fb\"><a href=\"https:\/\/www.facebook.com\/sharer\/sharer.php?u=https:\/\/www.capgemini.com\/?page_id=911892\" target=\"_blank\" rel=\"noopener noreferrer\" title=\"In neuem Fenster \u00f6ffnen\"><i aria-hidden=\"true\" class=\"icon-fb\"><\/i><span class=\"sr-only\">Facebook<\/span><\/a><\/li><li class=\"ip-order-tw\"><a href=\"https:\/\/twitter.com\/intent\/tweet?url=https:\/\/www.capgemini.com\/?page_id=911892&amp;text=\" target=\"_blank\" rel=\"noopener noreferrer\" title=\"In neuem Fenster \u00f6ffnen\"><i aria-hidden=\"true\" class=\"icon-tw\"><\/i><span class=\"sr-only\">Twitter<\/span><\/a><\/li><li class=\"ip-order-li\"><a href=\"https:\/\/www.linkedin.com\/shareArticle?url=https:\/\/www.capgemini.com\/?page_id=911892&amp;text=\" target=\"_blank\" rel=\"noopener noreferrer\" title=\"In neuem Fenster \u00f6ffnen\"><i aria-hidden=\"true\" class=\"icon-li\"><\/i><span class=\"sr-only\">Linkedin<\/span><\/a><\/li><\/ul><\/nav><\/div><div class=\"col-12 col-md-11 col-lg-10\"><div class=\"article-text article-quote-text\">\n<h2 class=\"wp-block-heading\" id=\"h-wir-wissen-wie-wichtig-es-ist-im-zeitalter-des-verbrauchers-zu-gewinnen-da-sich-die-unternehmen-an-unumkehrbare-veranderungen-im-verbraucherverhalten-und-in-den-erwartungen-der-verbraucher-anpassen\">Wir wissen, wie wichtig es ist, im Zeitalter des Verbrauchers zu gewinnen, da sich die Unternehmen an unumkehrbare Ver\u00e4nderungen im Verbraucherverhalten und in den Erwartungen der Verbraucher anpassen.<\/h2>\n\n\n\n<p>Auf dem heutigen hart umk\u00e4mpften Markt reicht es f\u00fcr Unternehmen nicht mehr aus, Qualit\u00e4tsprodukte anzubieten. Entscheidend ist die Schaffung einer unverwechselbaren Markenidentit\u00e4t, die sich von der Konkurrenz abhebt. Wir glauben, dass man im Zeitalter des Konsumenten nur gewinnen kann, wenn man mit Erlebnissen konkurriert, die Kundenansprache kanal\u00fcbergreifend \u00fcberdenkt, Teams effizient organisiert, in Technologie investiert und Aktivit\u00e4ten und Ergebnisse misst.<\/p>\n\n\n\n<p>Wir bei Capgemini sind uns der gro\u00dfen Chancen bewusst, die sich aus der F\u00e4higkeit ergeben, Ihre Marke und Ihre Mission kontinuierlich weiterzuentwickeln und neu zu erfinden. Wir sind uns aber auch der gro\u00dfen Herausforderungen bewusst, vor denen Unternehmen stehen. Die Kundenerwartungen steigen st\u00e4ndig, die Kunden lassen sich leicht ablenken und bestimmen, wie und wann sie mit Unternehmen in Kontakt treten.<\/p>\n\n\n\n<p>Durch unsere Partnerschaft mit Microsoft k\u00f6nnen Sie sich auf eine Modernisierungsreise begeben. Unsere gemeinsame Value and Competitive Advantage (VCA) Analyse ist der erste Schritt, um Ihr zuk\u00fcnftiges Gesch\u00e4ftsmodell, neue Wettbewerbsvorteile und M\u00f6glichkeiten zur Leistungssteigerung Ihrer Vertriebs-, Service-, Marketing-, Finanz-, Betriebs- oder Lieferkettenfunktionen zu verstehen und zu visualisieren.<\/p>\n\n\n\n<p>Unser Ziel ist es, Sie bei jedem Schritt auf Ihrem Weg zu begleiten und zu unterst\u00fctzen. In enger Zusammenarbeit mit Ihnen identifizieren wir Verbesserungspotenziale, die durch Microsoft-L\u00f6sungen unterst\u00fctzt werden k\u00f6nnen und stimmen diese mit Ihren strategischen Zielen ab. Das Ergebnis ist eine umfassende Bewertung der quantifizierten und qualifizierten Vorteile, die Sie erwarten k\u00f6nnen.<\/p>\n\n\n\n<p>Begleiten Sie uns auf dieser transformativen Reise und lassen Sie sich von Capgemini und Microsoft dabei unterst\u00fctzen, Ihr volles Potenzial auszusch\u00f6pfen. Erfahren Sie mehr dar\u00fcber, wie wir gemeinsam Ihre digitale Welt ver\u00e4ndern k\u00f6nnen.<\/p>\n\n\n\n<div class=\"wp-block-buttons is-layout-flex wp-block-buttons-is-layout-flex\">\n<div class=\"wp-block-button\"><a class=\"wp-block-button__link wp-element-button\" href=\"https:\/\/www.capgemini.com\/wp-content\/uploads\/2023\/06\/Microsoft_VCA_brochure.pdf\" target=\"_blank\" rel=\"noreferrer noopener\">Download Brosch\u00fcre<\/a><\/div>\n<\/div>\n<\/div><\/div><\/div><\/div><\/div><\/section>\n\n\n\n<section class=\"wp-block-cg-blocks-intro-para-video section section--info-2cols section--insights section-video \"><div class=\"bg-color video-align-right\"><div class=\"container\"><div class=\"row video-align-left\"><div class=\"col-md-12\"><div class=\"video-align-left row box box--4 box--mini\"><div class=\"col-md-3\"><h3 class=\"Video-title\" data-maxlength=\"34\"><\/h3><div class=\"video-info\"><p data-maxlength=\"68\"><\/p><\/div><\/div><div class=\"col-md-8 box-img-wrapper\"><div class=\"video-box\"><div class=\"video-wrapper\"><iframe title=\"video-section\" src=\"https:\/\/www.youtube.com\/embed\/IJRCZq3aqjk?rel=0&amp;modestbranding=1&amp;playsinline=1&amp;enablejsapi=1\" frameborder=\"0\" allow=\"accelerometer; autoplay; clipboard-write; encrypted-media; gyroscope; picture-in-picture\" allowfullscreen loading=\"lazy\" referrerpolicy=\"strict-origin-when-cross-origin\"><\/iframe><\/div><\/div><\/div><div class=\"col-md-1\"><\/div><\/div><\/div><\/div><\/div><\/div><\/section>\n\n\n\n<section class=\"wp-block-cg-blocks-group undefined section section--article-content\"><div class=\"article-main-content\"><div class=\"container\"><div class=\"row\"><div class=\"col-12 col-md-11 col-lg-10 offset-md-1 offset-lg-1\"><div class=\"article-text article-quote-text\"><\/div><\/div><\/div><\/div><\/div><\/section>\n\n\n\n<section class=\"wp-block-cg-blocks-wrapper-partners undefined section section--partners-small\"><div class=\"container\"><div class=\"content-title\"><h2 class=\"partner-heading\">Technologie-Partner<\/h2><\/div><div class=\"row\">\n<div class=\"col-6 col-md-4 col-lg-2 small\">\n            <a href=\"https:\/\/www.capgemini.com\/de-de\/unternehmen\/technologie-partner\/microsoft\/\" class=\"partner-box-title\" aria-label=\"\">\n        <div class=\"partner-box\">\n                                                     <div class=\"partner-box-bottom\">\n                        <img decoding=\"async\" loading=\"lazy\" src=\"https:\/\/www.capgemini.com\/wp-content\/uploads\/2024\/07\/microsoft.png?w=350&#038;quality=70\" alt=\"\" class=\"partner-box-logo light\">\n\n                                                    <img decoding=\"async\" loading=\"lazy\" src=\"https:\/\/www.capgemini.com\/wp-content\/uploads\/2025\/10\/Partners-microsoft.png?w=350&#038;quality=70\" alt=\"\" class=\"partner-box-logo dark\">\n\n                            \n                    <\/div>\n                                                    <\/div>\n            <\/a>\n    <\/div>\n\n<\/div><\/div><\/section>\n","protected":false},"excerpt":{"rendered":"","protected":false},"author":440,"featured_media":0,"parent":743171,"menu_order":0,"comment_status":"closed","ping_status":"closed","template":"","meta":{"cg_dt_proposed_to":[],"cg_seo_hreflang_relations":"[]","cg_seo_canonical_relation":"","cg_seo_hreflang_x_default_relation":"{\"uuid\":\"d3d379ed-4851-44d2-9402-37aa1c51f79c\",\"blogId\":\"\",\"domain\":\"\",\"sitePath\":\"\",\"postLink\":\"\",\"postId\":null,\"isSaved\":true,\"isCrossLink\":false,\"hasCrossLink\":false}","cg_dt_approved_content":true,"cg_dt_mandatory_content":false,"cg_dt_notes":"","cg_dg_source_changed":true,"cg_dt_link_disabled":false,"_yoast_wpseo_primary_brand":"","footnotes":"","featured_focal_points":"","partner_card_description":"","gsap_animation":0},"brand":[],"partner_type":[],"service":[],"industry":[],"partners":[],"page-type":[],"content-group":[],"class_list":["post-841335","page","type-page","status-publish","hentry"],"yoast_head":"<!-- This site is optimized with the Yoast SEO Premium plugin v22.8 (Yoast SEO v22.8) - https:\/\/yoast.com\/wordpress\/plugins\/seo\/ -->\n<title>Value und Competitive Advantage (VCA) Assessment - Capgemini<\/title>\n<meta name=\"robots\" content=\"index, follow, max-snippet:-1, max-image-preview:large, max-video-preview:-1\" \/>\n<link rel=\"canonical\" href=\"https:\/\/www.capgemini.com\/de-de\/solutions\/value-and-competitive-advantage-vca-assessment\/\" \/>\n<meta property=\"og:locale\" content=\"de_DE\" \/>\n<meta property=\"og:type\" content=\"article\" \/>\n<meta property=\"og:title\" content=\"Value und Competitive Advantage (VCA) Assessment - Capgemini\" \/>\n<meta property=\"og:url\" content=\"https:\/\/www.capgemini.com\/de-de\/solutions\/value-and-competitive-advantage-vca-assessment\/\" \/>\n<meta property=\"og:site_name\" content=\"Capgemini\" \/>\n<meta property=\"article:modified_time\" content=\"2026-01-08T08:30:19+00:00\" \/>\n<meta property=\"og:image\" content=\"https:\/\/www.capgemini.com\/de-de\/wp-content\/uploads\/sites\/8\/2025\/10\/New-Web-preview-global.jpg\" \/>\n\t<meta property=\"og:image:width\" content=\"1200\" \/>\n\t<meta property=\"og:image:height\" content=\"627\" \/>\n\t<meta property=\"og:image:type\" content=\"image\/jpeg\" \/>\n<meta name=\"twitter:card\" content=\"summary_large_image\" \/>\n<script type=\"application\/ld+json\" class=\"yoast-schema-graph\">{\"@context\":\"https:\/\/schema.org\",\"@graph\":[{\"@type\":\"WebPage\",\"@id\":\"https:\/\/www.capgemini.com\/de-de\/solutions\/value-and-competitive-advantage-vca-assessment\/\",\"url\":\"https:\/\/www.capgemini.com\/de-de\/solutions\/value-and-competitive-advantage-vca-assessment\/\",\"name\":\"Value und Competitive Advantage (VCA) Assessment - Capgemini\",\"isPartOf\":{\"@id\":\"https:\/\/www.capgemini.com\/de-de\/#website\"},\"primaryImageOfPage\":{\"@id\":\"https:\/\/www.capgemini.com\/de-de\/solutions\/value-and-competitive-advantage-vca-assessment\/#primaryimage\"},\"image\":{\"@id\":\"https:\/\/www.capgemini.com\/de-de\/solutions\/value-and-competitive-advantage-vca-assessment\/#primaryimage\"},\"thumbnailUrl\":\"https:\/\/www.capgemini.com\/wp-content\/uploads\/2023\/06\/Microsoft-VCA.jpg\",\"datePublished\":\"2023-06-14T06:52:29+00:00\",\"dateModified\":\"2026-01-08T08:30:19+00:00\",\"breadcrumb\":{\"@id\":\"https:\/\/www.capgemini.com\/de-de\/solutions\/value-and-competitive-advantage-vca-assessment\/#breadcrumb\"},\"inLanguage\":\"de-DE\",\"potentialAction\":[{\"@type\":\"ReadAction\",\"target\":[\"https:\/\/www.capgemini.com\/de-de\/solutions\/value-and-competitive-advantage-vca-assessment\/\"]}]},{\"@type\":\"ImageObject\",\"inLanguage\":\"de-DE\",\"@id\":\"https:\/\/www.capgemini.com\/de-de\/solutions\/value-and-competitive-advantage-vca-assessment\/#primaryimage\",\"url\":\"https:\/\/www.capgemini.com\/wp-content\/uploads\/2023\/06\/Microsoft-VCA.jpg\",\"contentUrl\":\"https:\/\/www.capgemini.com\/wp-content\/uploads\/2023\/06\/Microsoft-VCA.jpg\"},{\"@type\":\"BreadcrumbList\",\"@id\":\"https:\/\/www.capgemini.com\/de-de\/solutions\/value-and-competitive-advantage-vca-assessment\/#breadcrumb\",\"itemListElement\":[{\"@type\":\"ListItem\",\"position\":1,\"name\":\"Solutions\",\"item\":\"https:\/\/www.capgemini.com\/de-de\/solutions\/\"},{\"@type\":\"ListItem\",\"position\":2,\"name\":\"Value und Competitive Advantage (VCA) Assessment\"}]},{\"@type\":\"WebSite\",\"@id\":\"https:\/\/www.capgemini.com\/de-de\/#website\",\"url\":\"https:\/\/www.capgemini.com\/de-de\/\",\"name\":\"Capgemini Deutschland\",\"description\":\"Make it real\",\"potentialAction\":[{\"@type\":\"SearchAction\",\"target\":{\"@type\":\"EntryPoint\",\"urlTemplate\":\"https:\/\/www.capgemini.com\/de-de\/?s={search_term_string}\"},\"query-input\":\"required name=search_term_string\"}],\"inLanguage\":\"de-DE\"}]}<\/script>\n<!-- \/ Yoast SEO Premium plugin. -->","yoast_head_json":{"title":"Value und Competitive Advantage (VCA) Assessment - Capgemini","robots":{"index":"index","follow":"follow","max-snippet":"max-snippet:-1","max-image-preview":"max-image-preview:large","max-video-preview":"max-video-preview:-1"},"canonical":"https:\/\/www.capgemini.com\/de-de\/solutions\/value-and-competitive-advantage-vca-assessment\/","og_locale":"de_DE","og_type":"article","og_title":"Value und Competitive Advantage (VCA) Assessment - Capgemini","og_url":"https:\/\/www.capgemini.com\/de-de\/solutions\/value-and-competitive-advantage-vca-assessment\/","og_site_name":"Capgemini","article_modified_time":"2026-01-08T08:30:19+00:00","og_image":[{"width":1200,"height":627,"url":"https:\/\/www.capgemini.com\/de-de\/wp-content\/uploads\/sites\/8\/2025\/10\/New-Web-preview-global.jpg","type":"image\/jpeg"}],"twitter_card":"summary_large_image","schema":{"@context":"https:\/\/schema.org","@graph":[{"@type":"WebPage","@id":"https:\/\/www.capgemini.com\/de-de\/solutions\/value-and-competitive-advantage-vca-assessment\/","url":"https:\/\/www.capgemini.com\/de-de\/solutions\/value-and-competitive-advantage-vca-assessment\/","name":"Value und Competitive Advantage (VCA) Assessment - Capgemini","isPartOf":{"@id":"https:\/\/www.capgemini.com\/de-de\/#website"},"primaryImageOfPage":{"@id":"https:\/\/www.capgemini.com\/de-de\/solutions\/value-and-competitive-advantage-vca-assessment\/#primaryimage"},"image":{"@id":"https:\/\/www.capgemini.com\/de-de\/solutions\/value-and-competitive-advantage-vca-assessment\/#primaryimage"},"thumbnailUrl":"https:\/\/www.capgemini.com\/wp-content\/uploads\/2023\/06\/Microsoft-VCA.jpg","datePublished":"2023-06-14T06:52:29+00:00","dateModified":"2026-01-08T08:30:19+00:00","breadcrumb":{"@id":"https:\/\/www.capgemini.com\/de-de\/solutions\/value-and-competitive-advantage-vca-assessment\/#breadcrumb"},"inLanguage":"de-DE","potentialAction":[{"@type":"ReadAction","target":["https:\/\/www.capgemini.com\/de-de\/solutions\/value-and-competitive-advantage-vca-assessment\/"]}]},{"@type":"ImageObject","inLanguage":"de-DE","@id":"https:\/\/www.capgemini.com\/de-de\/solutions\/value-and-competitive-advantage-vca-assessment\/#primaryimage","url":"https:\/\/www.capgemini.com\/wp-content\/uploads\/2023\/06\/Microsoft-VCA.jpg","contentUrl":"https:\/\/www.capgemini.com\/wp-content\/uploads\/2023\/06\/Microsoft-VCA.jpg"},{"@type":"BreadcrumbList","@id":"https:\/\/www.capgemini.com\/de-de\/solutions\/value-and-competitive-advantage-vca-assessment\/#breadcrumb","itemListElement":[{"@type":"ListItem","position":1,"name":"Solutions","item":"https:\/\/www.capgemini.com\/de-de\/solutions\/"},{"@type":"ListItem","position":2,"name":"Value und Competitive Advantage (VCA) Assessment"}]},{"@type":"WebSite","@id":"https:\/\/www.capgemini.com\/de-de\/#website","url":"https:\/\/www.capgemini.com\/de-de\/","name":"Capgemini Deutschland","description":"Make it real","potentialAction":[{"@type":"SearchAction","target":{"@type":"EntryPoint","urlTemplate":"https:\/\/www.capgemini.com\/de-de\/?s={search_term_string}"},"query-input":"required name=search_term_string"}],"inLanguage":"de-DE"}]}},"brand_term":[],"parsely":{"version":"1.1.0","canonical_url":"https:\/\/capgemini.com\/de-de\/solutions\/value-and-competitive-advantage-vca-assessment\/","smart_links":{"inbound":0,"outbound":0},"traffic_boost_suggestions_count":0,"meta":{"@context":"https:\/\/schema.org","@type":"WebPage","headline":"Value und Competitive Advantage (VCA) Assessment","url":"http:\/\/www.capgemini.com\/de-de\/solutions\/value-and-competitive-advantage-vca-assessment\/","mainEntityOfPage":{"@type":"WebPage","@id":"http:\/\/www.capgemini.com\/de-de\/solutions\/value-and-competitive-advantage-vca-assessment\/"},"thumbnailUrl":"","image":{"@type":"ImageObject","url":""},"articleSection":"Uncategorized","author":[],"creator":[],"publisher":{"@type":"Organization","name":"Capgemini","logo":""},"keywords":[],"dateCreated":"2023-06-14T06:52:29Z","datePublished":"2023-06-14T06:52:29Z","dateModified":"2026-01-08T08:30:19Z"},"rendered":"<script type=\"application\/ld+json\" class=\"wp-parsely-metadata\">{\"@context\":\"https:\\\/\\\/schema.org\",\"@type\":\"WebPage\",\"headline\":\"Value und Competitive Advantage (VCA) Assessment\",\"url\":\"http:\\\/\\\/www.capgemini.com\\\/de-de\\\/solutions\\\/value-and-competitive-advantage-vca-assessment\\\/\",\"mainEntityOfPage\":{\"@type\":\"WebPage\",\"@id\":\"http:\\\/\\\/www.capgemini.com\\\/de-de\\\/solutions\\\/value-and-competitive-advantage-vca-assessment\\\/\"},\"thumbnailUrl\":\"\",\"image\":{\"@type\":\"ImageObject\",\"url\":\"\"},\"articleSection\":\"Uncategorized\",\"author\":[],\"creator\":[],\"publisher\":{\"@type\":\"Organization\",\"name\":\"Capgemini\",\"logo\":\"\"},\"keywords\":[],\"dateCreated\":\"2023-06-14T06:52:29Z\",\"datePublished\":\"2023-06-14T06:52:29Z\",\"dateModified\":\"2026-01-08T08:30:19Z\"}<\/script>","tracker_url":"https:\/\/cdn.parsely.com\/keys\/capgemini.com\/p.js"},"archive_status":false,"featured_image_src":"https:\/\/www.capgemini.com\/de-de\/wp-content\/themes\/capgemini2025\/assets\/images\/mockup.png","featured_image_alt":false,"jetpack_sharing_enabled":true,"distributor_meta":false,"distributor_terms":false,"distributor_media":false,"distributor_original_site_name":"Capgemini","distributor_original_site_url":"https:\/\/www.capgemini.com\/de-de","push-errors":false,"_links":{"self":[{"href":"https:\/\/www.capgemini.com\/de-de\/wp-json\/wp\/v2\/pages\/841335","targetHints":{"allow":["GET"]}}],"collection":[{"href":"https:\/\/www.capgemini.com\/de-de\/wp-json\/wp\/v2\/pages"}],"about":[{"href":"https:\/\/www.capgemini.com\/de-de\/wp-json\/wp\/v2\/types\/page"}],"author":[{"embeddable":true,"href":"https:\/\/www.capgemini.com\/de-de\/wp-json\/wp\/v2\/users\/440"}],"replies":[{"embeddable":true,"href":"https:\/\/www.capgemini.com\/de-de\/wp-json\/wp\/v2\/comments?post=841335"}],"version-history":[{"count":8,"href":"https:\/\/www.capgemini.com\/de-de\/wp-json\/wp\/v2\/pages\/841335\/revisions"}],"predecessor-version":[{"id":890447,"href":"https:\/\/www.capgemini.com\/de-de\/wp-json\/wp\/v2\/pages\/841335\/revisions\/890447"}],"up":[{"embeddable":true,"href":"https:\/\/www.capgemini.com\/de-de\/wp-json\/wp\/v2\/pages\/743171"}],"wp:attachment":[{"href":"https:\/\/www.capgemini.com\/de-de\/wp-json\/wp\/v2\/media?parent=841335"}],"wp:term":[{"taxonomy":"brand","embeddable":true,"href":"https:\/\/www.capgemini.com\/de-de\/wp-json\/wp\/v2\/brand?post=841335"},{"taxonomy":"partner_type","embeddable":true,"href":"https:\/\/www.capgemini.com\/de-de\/wp-json\/wp\/v2\/partner_type?post=841335"},{"taxonomy":"service","embeddable":true,"href":"https:\/\/www.capgemini.com\/de-de\/wp-json\/wp\/v2\/service?post=841335"},{"taxonomy":"industry","embeddable":true,"href":"https:\/\/www.capgemini.com\/de-de\/wp-json\/wp\/v2\/industry?post=841335"},{"taxonomy":"partners","embeddable":true,"href":"https:\/\/www.capgemini.com\/de-de\/wp-json\/wp\/v2\/partners?post=841335"},{"taxonomy":"page-type","embeddable":true,"href":"https:\/\/www.capgemini.com\/de-de\/wp-json\/wp\/v2\/page-type?post=841335"},{"taxonomy":"content-group","embeddable":true,"href":"https:\/\/www.capgemini.com\/de-de\/wp-json\/wp\/v2\/content-group?post=841335"}],"curies":[{"name":"wp","href":"https:\/\/api.w.org\/{rel}","templated":true}]}}