{"id":840428,"date":"2023-07-12T14:35:08","date_gmt":"2023-07-12T12:35:08","guid":{"rendered":"https:\/\/www.capgemini.com\/?page_id=930033"},"modified":"2026-01-22T07:50:40","modified_gmt":"2026-01-22T07:50:40","slug":"business-insightful-services","status":"publish","type":"page","link":"https:\/\/www.capgemini.com\/de-de\/solutions\/business-insightful-services\/","title":{"rendered":"Business Insightful Services"},"content":{"rendered":"\n<header class=\"wp-block-cg-blocks-hero-reusable header heroReusable  \"><div class=\"header-bgs\"><picture><source srcset=\"https:\/\/www.capgemini.com\/wp-content\/uploads\/2023\/07\/BIS_2880x1800.jpg?w=2880&amp;quality=70 1x, https:\/\/www.capgemini.com\/wp-content\/uploads\/2023\/07\/BIS_2880x1800.jpg?w=2880&amp;quality=70 2x\" media=\"(min-width: 1500px)\"\/><source srcset=\"https:\/\/www.capgemini.com\/wp-content\/uploads\/2023\/07\/BIS_2880x1800.jpg?w=1440&amp;quality=70 1x, https:\/\/www.capgemini.com\/wp-content\/uploads\/2023\/07\/BIS_2880x1800.jpg?w=2880&amp;quality=70 2x\" media=\"(min-width: 992px)\"\/><source srcset=\"https:\/\/www.capgemini.com\/wp-content\/uploads\/2023\/07\/BIS_2880x1800.jpg?w=1024&amp;quality=70 1x, https:\/\/www.capgemini.com\/wp-content\/uploads\/2023\/07\/BIS_2880x1800.jpg?w=1024&amp;quality=70 2x\" media=\"(min-width: 768px)\"\/><source srcset=\"https:\/\/www.capgemini.com\/wp-content\/uploads\/2023\/07\/BIS_2880x1800.jpg?w=768&amp;quality=70 1x, https:\/\/www.capgemini.com\/wp-content\/uploads\/2023\/07\/BIS_2880x1800.jpg?w=768&amp;quality=70 2x\" media=\"(min-width: 0)\"\/><img decoding=\"async\" src=\"https:\/\/www.capgemini.com\/wp-content\/uploads\/2023\/07\/BIS_2880x1800.jpg\" class=\"header-img header-img-d\" alt=\"\" style=\"object-fit:cover;object-position:50% 26%\" loading=\"eager\"\/><\/picture><\/div><div class=\"heroPictureCardHeaderShape\"><\/div><div class=\"container\"><div class=\"row\"><div class=\"col-md-12\"><div class=\"box\"><div class=\"boxTagWrapper\"><div class=\"tagInfo\"><div><span class=\"box-tag\">Solution<\/span><\/div><\/div><\/div><div class=\"box-title\"><h1 data-maxlength=\"34\">Business Insightful Services von ADMnext<\/h1><\/div><div class=\"inner-row-insight download-btn\"><div class=\"col-md-4 downloadFiles addPadding\"><a class=\"button-download--small\" type=\"download\" href=\"https:\/\/www.capgemini.com\/wp-content\/uploads\/2023\/07\/11-07-2023_BIS_Factsheet.pdf\" target=\"_blank\" rel=\"noopener noreferrer\" title=\"In neuem Fenster \u00f6ffnen\"><span>Download Infografik<\/span><span class=\"type\">4 MB pdf<\/span><\/a><\/div><\/div><\/div><\/div><\/div><\/div><\/header>\n\n\n\n<section class=\"wp-block-cg-blocks-group undefined section section--article-content\"><div class=\"article-main-content\"><div class=\"container\"><div class=\"row\"><div class=\"col-12 col-md-1\"><nav class=\"article-social\"><ul class=\"social-nav\"><li class=\"ip-order-fb\"><a href=\"https:\/\/www.facebook.com\/sharer\/sharer.php?u=https:\/\/www.capgemini.com\/?page_id=930033\" target=\"_blank\" rel=\"noopener noreferrer\" title=\"In neuem Fenster \u00f6ffnen\"><i aria-hidden=\"true\" class=\"icon-fb\"><\/i><span class=\"sr-only\">Facebook<\/span><\/a><\/li><li class=\"ip-order-tw\"><a href=\"https:\/\/twitter.com\/intent\/tweet?url=https:\/\/www.capgemini.com\/?page_id=930033&amp;text=\" target=\"_blank\" rel=\"noopener noreferrer\" title=\"In neuem Fenster \u00f6ffnen\"><i aria-hidden=\"true\" class=\"icon-tw\"><\/i><span class=\"sr-only\">Twitter<\/span><\/a><\/li><li class=\"ip-order-li\"><a href=\"https:\/\/www.linkedin.com\/shareArticle?url=https:\/\/www.capgemini.com\/?page_id=930033&amp;text=\" target=\"_blank\" rel=\"noopener noreferrer\" title=\"In neuem Fenster \u00f6ffnen\"><i aria-hidden=\"true\" class=\"icon-li\"><\/i><span class=\"sr-only\">Linkedin<\/span><\/a><\/li><\/ul><\/nav><\/div><div class=\"col-12 col-md-11 col-lg-10\"><div class=\"article-text article-quote-text\">\n<h3 class=\"wp-block-heading\" id=\"h-bereitstellung-umsetzbarer-datengestutzter-erkenntnisse-fur-einen-besseren-geschaftsnutzen\">Bereitstellung umsetzbarer, datengest\u00fctzter Erkenntnisse f\u00fcr einen besseren Gesch\u00e4ftsnutzen.<\/h3>\n\n\n\n<p>Die digitalen Transformationsbem\u00fchungen moderner Unternehmen erzeugen riesige Datenmengen &#8211; aber die meisten Organisationen nutzen dieses unsch\u00e4tzbare Kapital nicht in vollem Umfang. Der Gesamterfolg Ihrer digitalen Transformationsbem\u00fchungen &#8211; und Ihres Unternehmens als Ganzes &#8211; wird davon abh\u00e4ngen, wie gut Sie Ihre Daten nutzen, um einen nachhaltigen Wettbewerbsvorteil zu erzielen und Ihren Kunden ein hervorragendes Erlebnis zu bieten.<\/p>\n\n\n\n<div style=\"height:25px\" aria-hidden=\"true\" class=\"wp-block-spacer\"><\/div>\n\n\n\n<blockquote class=\"wp-block-quote is-layout-flow wp-block-quote-is-layout-flow\">\n<p>&#8220;Den Unternehmen fehlt ein gemeinsamer Satz von KPIs f\u00fcr IT- und Gesch\u00e4ftsteams, der die Verantwortlichkeiten f\u00fcr die Gesch\u00e4ftsergebnisse klar definiert. Um einen signifikanten Mehrwert f\u00fcr das Unternehmen zu schaffen, sollten die Ergebnisse der digitalen Transformation an messbaren Gesch\u00e4ftsergebnissen und KPIs ausgerichtet werden, einschlie\u00dflich der F\u00e4higkeit, sowohl die IT-Leistung als auch die Effizienz der durch die IT erm\u00f6glichten Gesch\u00e4ftsprozesse zu messen&#8221;.<\/p>\n<cite>Everest Research<\/cite><\/blockquote>\n\n\n\n<div style=\"height:25px\" aria-hidden=\"true\" class=\"wp-block-spacer\"><\/div>\n\n\n\n<p>Als Teil unseres ADMnext-Angebots helfen Ihnen die Business Insightful Services dabei, das Beste aus Ihren Daten herauszuholen und sie auf die von Ihnen angestrebten zuk\u00fcnftigen Gesch\u00e4ftsergebnisse auszurichten. Wir verpflichten uns, Sie als IT-Organisation der n\u00e4chsten Generation zu unterst\u00fctzen und zu bef\u00e4higen:<\/p>\n\n\n\n<ul class=\"wp-block-list\">\n<li><strong>Nutzung neuester Technologien (einschlie\u00dflich KI) zur Analyse von Systemdaten und zur Ausrichtung der IT-Ergebnisse an den Gesch\u00e4ftszielen.<\/strong><\/li>\n\n\n\n<li><strong>Aufzeigen, was Exzellenz in der Branche bedeutet, indem KPIs mit Branchenstandards verglichen werden<\/strong><\/li>\n\n\n\n<li><strong>F\u00f6rderung der kontinuierlichen Verbesserung durch konsequente Bewertung von Abweichungen und Verbesserungsbedarf bzw. -m\u00f6glichkeiten<\/strong><\/li>\n<\/ul>\n\n\n\n<h4 class=\"wp-block-heading\">Wie machen wir das? Die Methodik<\/h4>\n\n\n\n<p>Business Insightful Services nutzen drei Schl\u00fcsselelemente, um den Wert der IT durch Gesch\u00e4ftsmetriken und die proaktive Nutzung von Anwendungs- und Infrastruktureinblicken zu demonstrieren. Diese Elemente umfassen<\/p>\n\n\n\n<ul class=\"wp-block-list\">\n<li>Identifizierung der Gesch\u00e4ftsprozesse: Analysieren Sie alle Ihre aktuellen Prozesse, erfassen Sie vorhandene KPIs und verkn\u00fcpfen Sie Ihre Prozesse mit Ihren Anwendungen.<\/li>\n\n\n\n<li>Analyse, Messung und Benchmarking: Vergleichen Sie Ihre Prozesse mit Branchenbenchmarks (oder internen Benchmarks) sowie mit Key Performance Indicators (KPIs) und Ihrer Leistung.<\/li>\n\n\n\n<li>Sicherstellung der gew\u00fcnschten Gesch\u00e4ftsergebnisse: Entwicklung von L\u00f6sungsoptionen, kontinuierlichen Verbesserungszielen und Umsetzung priorisierter L\u00f6sungen<\/li>\n<\/ul>\n\n\n\n<h4 class=\"wp-block-heading\">Erzielung greifbarer Gesch\u00e4ftsergebnisse<\/h4>\n\n\n\n<p>Mit Business Insightful Services verpflichten wir uns, die von Ihnen gew\u00fcnschten Gesch\u00e4ftsergebnisse zu erzielen. Hier einige der wichtigsten Ergebnisse, die wir f\u00fcr unsere Kunden bereits erzielt haben<\/p>\n\n\n\n<ul class=\"wp-block-list\">\n<li><strong>100% Datengenauigkeit <\/strong>der Monatsabschl\u00fcsse innerhalb von drei Tagen f\u00fcr ein gro\u00dfes Versorgungsunternehmen<\/li>\n\n\n\n<li><strong>100 % weniger \u00fcberfl\u00fcssige Ausgangsrechnungen<\/strong> f\u00fcr ein weltweit t\u00e4tiges Getr\u00e4nkeunternehmen<\/li>\n\n\n\n<li><strong>76% weniger unvollst\u00e4ndige Zahlungen<\/strong> im Vergleich zum Vormonat f\u00fcr ein britisches Versorgungsunternehmen<\/li>\n\n\n\n<li><strong>Einsparung von 100 Arbeitsstunden<\/strong> bei einem europ\u00e4ischen Einzelhandelsunternehmen durch 24\/7-\u00dcberwachung der Systeme<\/li>\n<\/ul>\n<\/div><\/div><\/div><\/div><\/div><\/section>\n\n\n\n<section class=\"wp-block-cg-blocks-intro-para-video section section--info-2cols section--insights section-video \"><div class=\"bg-color video-align-right\"><div class=\"container\"><div class=\"row video-align-left\"><div class=\"col-md-12\"><div class=\"video-align-left row box box--4 box--mini\"><div class=\"col-md-3\"><h3 class=\"Video-title\" data-maxlength=\"34\">Business Insightful Services<\/h3><div class=\"video-info\"><p data-maxlength=\"68\">Solution from ADMnext<\/p><\/div><\/div><div class=\"col-md-8 box-img-wrapper\"><div class=\"video-box\"><div class=\"video-wrapper\"><iframe title=\"video-section\" src=\"https:\/\/www.youtube.com\/embed\/pjYDpiwMUHA?rel=0&amp;modestbranding=1&amp;playsinline=1&amp;enablejsapi=1\" frameborder=\"0\" allow=\"accelerometer; autoplay; clipboard-write; encrypted-media; gyroscope; picture-in-picture\" allowfullscreen loading=\"lazy\" referrerpolicy=\"strict-origin-when-cross-origin\"><\/iframe><\/div><\/div><\/div><div class=\"col-md-1\"><\/div><\/div><\/div><\/div><\/div><\/div><\/section>\n\n\n\n\n<section class=\"wp-block-cg-blocks-learn-more learnMoreBlock updated-new-sample-amal\"><div class=\"container\"><div class=\"content-title\"><h2 class=\"learnmore-heading\">Learn More<\/h2><\/div><div class=\"row\"> <div class=\"col-md-4\"><div class=\"box\"><div class=\"box-wrapper\"><a class=\"box-title\" href=\"https:\/\/www.capgemini.com\/de-de\/insights\/blog\/sustainability-it-water-management\/\" target=\"\" aria-label=\"Learn more 1\" rel=\"noopener noreferrer\"><div class=\"box-img-wrapper\"><img decoding=\"async\" src=\"https:\/\/www.capgemini.com\/de-de\/wp-content\/uploads\/sites\/8\/2023\/10\/water-management-sustainability-it.webp?w=500&amp;quality=70\" srcset=\"https:\/\/www.capgemini.com\/de-de\/wp-content\/uploads\/sites\/8\/2023\/10\/water-management-sustainability-it.webp?w=500&amp;quality=70 1x, https:\/\/www.capgemini.com\/de-de\/wp-content\/uploads\/sites\/8\/2023\/10\/water-management-sustainability-it.webp?w=1000&amp;quality=70 2x\" class=\"box-img\" alt=\"\" style=\"object-fit:cover;object-position:50% 50%\" loading=\"lazy\"\/><\/div><h3 class=\"titleWithoutLink_learnMore\">&lt;a href=&quot;https:\/\/www.capgemini.com\/de-de\/insights\/blog\/sustainability-it-water-management\/&quot;&gt;Endliche Ressourcen sch\u00fctzen: Mit smarten IT-L\u00f6sungen Wassermanagement nachhaltiger gestalten&lt;\/a&gt;<\/h3><\/a><\/div><\/div><div class=\"box-inner\"><p class=\"box-desc\">Bei Capgemini entwickeln Mitarbeitende gemeinsam Ideen f\u00fcr nachhaltige IT-L\u00f6sungen. So auch im Bereich Water Management<\/p><\/div><\/div><\/div><\/div><\/section>","protected":false},"excerpt":{"rendered":"","protected":false},"author":33,"featured_media":0,"parent":743171,"menu_order":0,"comment_status":"closed","ping_status":"closed","template":"","meta":{"cg_dt_proposed_to":[],"cg_seo_hreflang_relations":"[]","cg_seo_canonical_relation":"","cg_seo_hreflang_x_default_relation":"{\"uuid\":\"2f4a1a23-8e5d-42d9-bea8-3a7dc5c0a47a\",\"blogId\":\"\",\"domain\":\"\",\"sitePath\":\"\",\"postLink\":\"\",\"postId\":null,\"isSaved\":true,\"isCrossLink\":false,\"hasCrossLink\":false}","cg_dt_approved_content":true,"cg_dt_mandatory_content":false,"cg_dt_notes":"","cg_dg_source_changed":true,"cg_dt_link_disabled":false,"_yoast_wpseo_primary_brand":"","footnotes":"","featured_focal_points":"","partner_card_description":"","gsap_animation":0},"brand":[],"partner_type":[],"service":[449],"industry":[],"partners":[],"page-type":[287],"content-group":[],"class_list":["post-840428","page","type-page","status-publish","hentry","service-application-development-maintenance","page-type-solutions"],"yoast_head":"<!-- This site is optimized with the Yoast SEO Premium plugin v22.8 (Yoast SEO v22.8) - https:\/\/yoast.com\/wordpress\/plugins\/seo\/ -->\n<title>Business Insightful Services - Capgemini<\/title>\n<meta name=\"robots\" content=\"index, follow, max-snippet:-1, max-image-preview:large, max-video-preview:-1\" \/>\n<link rel=\"canonical\" href=\"https:\/\/www.capgemini.com\/de-de\/solutions\/business-insightful-services\/\" \/>\n<meta property=\"og:locale\" content=\"de_DE\" \/>\n<meta property=\"og:type\" content=\"article\" \/>\n<meta property=\"og:title\" content=\"Business Insightful Services - Capgemini\" \/>\n<meta property=\"og:url\" content=\"https:\/\/www.capgemini.com\/de-de\/solutions\/business-insightful-services\/\" \/>\n<meta property=\"og:site_name\" content=\"Capgemini\" \/>\n<meta property=\"article:modified_time\" content=\"2026-01-22T07:50:40+00:00\" \/>\n<meta property=\"og:image\" content=\"https:\/\/www.capgemini.com\/de-de\/wp-content\/uploads\/sites\/8\/2025\/10\/New-Web-preview-global.jpg\" \/>\n\t<meta property=\"og:image:width\" content=\"1200\" \/>\n\t<meta property=\"og:image:height\" content=\"627\" \/>\n\t<meta property=\"og:image:type\" content=\"image\/jpeg\" \/>\n<meta name=\"twitter:card\" content=\"summary_large_image\" \/>\n<script type=\"application\/ld+json\" class=\"yoast-schema-graph\">{\"@context\":\"https:\/\/schema.org\",\"@graph\":[{\"@type\":\"WebPage\",\"@id\":\"https:\/\/www.capgemini.com\/de-de\/solutions\/business-insightful-services\/\",\"url\":\"https:\/\/www.capgemini.com\/de-de\/solutions\/business-insightful-services\/\",\"name\":\"Business Insightful Services - Capgemini\",\"isPartOf\":{\"@id\":\"https:\/\/www.capgemini.com\/de-de\/#website\"},\"primaryImageOfPage\":{\"@id\":\"https:\/\/www.capgemini.com\/de-de\/solutions\/business-insightful-services\/#primaryimage\"},\"image\":{\"@id\":\"https:\/\/www.capgemini.com\/de-de\/solutions\/business-insightful-services\/#primaryimage\"},\"thumbnailUrl\":\"https:\/\/www.capgemini.com\/wp-content\/uploads\/2023\/07\/BIS_2880x1800.jpg\",\"datePublished\":\"2023-07-12T12:35:08+00:00\",\"dateModified\":\"2026-01-22T07:50:40+00:00\",\"breadcrumb\":{\"@id\":\"https:\/\/www.capgemini.com\/de-de\/solutions\/business-insightful-services\/#breadcrumb\"},\"inLanguage\":\"de-DE\",\"potentialAction\":[{\"@type\":\"ReadAction\",\"target\":[\"https:\/\/www.capgemini.com\/de-de\/solutions\/business-insightful-services\/\"]}]},{\"@type\":\"ImageObject\",\"inLanguage\":\"de-DE\",\"@id\":\"https:\/\/www.capgemini.com\/de-de\/solutions\/business-insightful-services\/#primaryimage\",\"url\":\"https:\/\/www.capgemini.com\/wp-content\/uploads\/2023\/07\/BIS_2880x1800.jpg\",\"contentUrl\":\"https:\/\/www.capgemini.com\/wp-content\/uploads\/2023\/07\/BIS_2880x1800.jpg\"},{\"@type\":\"BreadcrumbList\",\"@id\":\"https:\/\/www.capgemini.com\/de-de\/solutions\/business-insightful-services\/#breadcrumb\",\"itemListElement\":[{\"@type\":\"ListItem\",\"position\":1,\"name\":\"Solutions\",\"item\":\"https:\/\/www.capgemini.com\/de-de\/solutions\/\"},{\"@type\":\"ListItem\",\"position\":2,\"name\":\"Business Insightful Services\"}]},{\"@type\":\"WebSite\",\"@id\":\"https:\/\/www.capgemini.com\/de-de\/#website\",\"url\":\"https:\/\/www.capgemini.com\/de-de\/\",\"name\":\"Capgemini Deutschland\",\"description\":\"Make it real\",\"potentialAction\":[{\"@type\":\"SearchAction\",\"target\":{\"@type\":\"EntryPoint\",\"urlTemplate\":\"https:\/\/www.capgemini.com\/de-de\/?s={search_term_string}\"},\"query-input\":\"required name=search_term_string\"}],\"inLanguage\":\"de-DE\"}]}<\/script>\n<!-- \/ Yoast SEO Premium plugin. -->","yoast_head_json":{"title":"Business Insightful Services - Capgemini","robots":{"index":"index","follow":"follow","max-snippet":"max-snippet:-1","max-image-preview":"max-image-preview:large","max-video-preview":"max-video-preview:-1"},"canonical":"https:\/\/www.capgemini.com\/de-de\/solutions\/business-insightful-services\/","og_locale":"de_DE","og_type":"article","og_title":"Business Insightful Services - Capgemini","og_url":"https:\/\/www.capgemini.com\/de-de\/solutions\/business-insightful-services\/","og_site_name":"Capgemini","article_modified_time":"2026-01-22T07:50:40+00:00","og_image":[{"width":1200,"height":627,"url":"https:\/\/www.capgemini.com\/de-de\/wp-content\/uploads\/sites\/8\/2025\/10\/New-Web-preview-global.jpg","type":"image\/jpeg"}],"twitter_card":"summary_large_image","schema":{"@context":"https:\/\/schema.org","@graph":[{"@type":"WebPage","@id":"https:\/\/www.capgemini.com\/de-de\/solutions\/business-insightful-services\/","url":"https:\/\/www.capgemini.com\/de-de\/solutions\/business-insightful-services\/","name":"Business Insightful Services - Capgemini","isPartOf":{"@id":"https:\/\/www.capgemini.com\/de-de\/#website"},"primaryImageOfPage":{"@id":"https:\/\/www.capgemini.com\/de-de\/solutions\/business-insightful-services\/#primaryimage"},"image":{"@id":"https:\/\/www.capgemini.com\/de-de\/solutions\/business-insightful-services\/#primaryimage"},"thumbnailUrl":"https:\/\/www.capgemini.com\/wp-content\/uploads\/2023\/07\/BIS_2880x1800.jpg","datePublished":"2023-07-12T12:35:08+00:00","dateModified":"2026-01-22T07:50:40+00:00","breadcrumb":{"@id":"https:\/\/www.capgemini.com\/de-de\/solutions\/business-insightful-services\/#breadcrumb"},"inLanguage":"de-DE","potentialAction":[{"@type":"ReadAction","target":["https:\/\/www.capgemini.com\/de-de\/solutions\/business-insightful-services\/"]}]},{"@type":"ImageObject","inLanguage":"de-DE","@id":"https:\/\/www.capgemini.com\/de-de\/solutions\/business-insightful-services\/#primaryimage","url":"https:\/\/www.capgemini.com\/wp-content\/uploads\/2023\/07\/BIS_2880x1800.jpg","contentUrl":"https:\/\/www.capgemini.com\/wp-content\/uploads\/2023\/07\/BIS_2880x1800.jpg"},{"@type":"BreadcrumbList","@id":"https:\/\/www.capgemini.com\/de-de\/solutions\/business-insightful-services\/#breadcrumb","itemListElement":[{"@type":"ListItem","position":1,"name":"Solutions","item":"https:\/\/www.capgemini.com\/de-de\/solutions\/"},{"@type":"ListItem","position":2,"name":"Business Insightful Services"}]},{"@type":"WebSite","@id":"https:\/\/www.capgemini.com\/de-de\/#website","url":"https:\/\/www.capgemini.com\/de-de\/","name":"Capgemini Deutschland","description":"Make it real","potentialAction":[{"@type":"SearchAction","target":{"@type":"EntryPoint","urlTemplate":"https:\/\/www.capgemini.com\/de-de\/?s={search_term_string}"},"query-input":"required name=search_term_string"}],"inLanguage":"de-DE"}]}},"brand_term":[],"parsely":{"version":"1.1.0","canonical_url":"https:\/\/capgemini.com\/de-de\/solutions\/business-insightful-services\/","smart_links":{"inbound":0,"outbound":0},"traffic_boost_suggestions_count":0,"meta":{"@context":"https:\/\/schema.org","@type":"WebPage","headline":"Business Insightful Services","url":"http:\/\/www.capgemini.com\/de-de\/solutions\/business-insightful-services\/","mainEntityOfPage":{"@type":"WebPage","@id":"http:\/\/www.capgemini.com\/de-de\/solutions\/business-insightful-services\/"},"thumbnailUrl":"","image":{"@type":"ImageObject","url":""},"articleSection":"Uncategorized","author":[],"creator":[],"publisher":{"@type":"Organization","name":"Capgemini","logo":""},"keywords":[],"dateCreated":"2023-07-12T12:35:08Z","datePublished":"2023-07-12T12:35:08Z","dateModified":"2026-01-22T07:50:40Z"},"rendered":"<script type=\"application\/ld+json\" class=\"wp-parsely-metadata\">{\"@context\":\"https:\\\/\\\/schema.org\",\"@type\":\"WebPage\",\"headline\":\"Business Insightful Services\",\"url\":\"http:\\\/\\\/www.capgemini.com\\\/de-de\\\/solutions\\\/business-insightful-services\\\/\",\"mainEntityOfPage\":{\"@type\":\"WebPage\",\"@id\":\"http:\\\/\\\/www.capgemini.com\\\/de-de\\\/solutions\\\/business-insightful-services\\\/\"},\"thumbnailUrl\":\"\",\"image\":{\"@type\":\"ImageObject\",\"url\":\"\"},\"articleSection\":\"Uncategorized\",\"author\":[],\"creator\":[],\"publisher\":{\"@type\":\"Organization\",\"name\":\"Capgemini\",\"logo\":\"\"},\"keywords\":[],\"dateCreated\":\"2023-07-12T12:35:08Z\",\"datePublished\":\"2023-07-12T12:35:08Z\",\"dateModified\":\"2026-01-22T07:50:40Z\"}<\/script>","tracker_url":"https:\/\/cdn.parsely.com\/keys\/capgemini.com\/p.js"},"archive_status":false,"featured_image_src":"https:\/\/www.capgemini.com\/de-de\/wp-content\/themes\/capgemini2025\/assets\/images\/mockup.png","featured_image_alt":false,"jetpack_sharing_enabled":true,"distributor_meta":false,"distributor_terms":false,"distributor_media":false,"distributor_original_site_name":"Capgemini","distributor_original_site_url":"https:\/\/www.capgemini.com\/de-de","push-errors":false,"_links":{"self":[{"href":"https:\/\/www.capgemini.com\/de-de\/wp-json\/wp\/v2\/pages\/840428","targetHints":{"allow":["GET"]}}],"collection":[{"href":"https:\/\/www.capgemini.com\/de-de\/wp-json\/wp\/v2\/pages"}],"about":[{"href":"https:\/\/www.capgemini.com\/de-de\/wp-json\/wp\/v2\/types\/page"}],"author":[{"embeddable":true,"href":"https:\/\/www.capgemini.com\/de-de\/wp-json\/wp\/v2\/users\/33"}],"replies":[{"embeddable":true,"href":"https:\/\/www.capgemini.com\/de-de\/wp-json\/wp\/v2\/comments?post=840428"}],"version-history":[{"count":12,"href":"https:\/\/www.capgemini.com\/de-de\/wp-json\/wp\/v2\/pages\/840428\/revisions"}],"predecessor-version":[{"id":890444,"href":"https:\/\/www.capgemini.com\/de-de\/wp-json\/wp\/v2\/pages\/840428\/revisions\/890444"}],"up":[{"embeddable":true,"href":"https:\/\/www.capgemini.com\/de-de\/wp-json\/wp\/v2\/pages\/743171"}],"wp:attachment":[{"href":"https:\/\/www.capgemini.com\/de-de\/wp-json\/wp\/v2\/media?parent=840428"}],"wp:term":[{"taxonomy":"brand","embeddable":true,"href":"https:\/\/www.capgemini.com\/de-de\/wp-json\/wp\/v2\/brand?post=840428"},{"taxonomy":"partner_type","embeddable":true,"href":"https:\/\/www.capgemini.com\/de-de\/wp-json\/wp\/v2\/partner_type?post=840428"},{"taxonomy":"service","embeddable":true,"href":"https:\/\/www.capgemini.com\/de-de\/wp-json\/wp\/v2\/service?post=840428"},{"taxonomy":"industry","embeddable":true,"href":"https:\/\/www.capgemini.com\/de-de\/wp-json\/wp\/v2\/industry?post=840428"},{"taxonomy":"partners","embeddable":true,"href":"https:\/\/www.capgemini.com\/de-de\/wp-json\/wp\/v2\/partners?post=840428"},{"taxonomy":"page-type","embeddable":true,"href":"https:\/\/www.capgemini.com\/de-de\/wp-json\/wp\/v2\/page-type?post=840428"},{"taxonomy":"content-group","embeddable":true,"href":"https:\/\/www.capgemini.com\/de-de\/wp-json\/wp\/v2\/content-group?post=840428"}],"curies":[{"name":"wp","href":"https:\/\/api.w.org\/{rel}","templated":true}]}}