{"id":828190,"date":"2023-01-31T09:55:41","date_gmt":"2023-01-31T08:55:41","guid":{"rendered":"https:\/\/www.capgemini.com\/?page_id=854640"},"modified":"2026-01-08T08:35:41","modified_gmt":"2026-01-08T08:35:41","slug":"immersive-smart-service","status":"publish","type":"page","link":"https:\/\/www.capgemini.com\/de-de\/solutions\/immersive-smart-service\/","title":{"rendered":"Immersive Smart Services"},"content":{"rendered":"\n<header class=\"wp-block-cg-blocks-hero-reusable header heroReusable  \"><div class=\"header-bgs\"><picture><source srcset=\"https:\/\/www.capgemini.com\/wp-content\/uploads\/2023\/03\/immersive-smart-services.jpg?w=2880&amp;quality=70 1x, https:\/\/www.capgemini.com\/wp-content\/uploads\/2023\/03\/immersive-smart-services.jpg?w=2880&amp;quality=70 2x\" media=\"(min-width: 1500px)\"\/><source srcset=\"https:\/\/www.capgemini.com\/wp-content\/uploads\/2023\/03\/immersive-smart-services.jpg?w=1440&amp;quality=70 1x, https:\/\/www.capgemini.com\/wp-content\/uploads\/2023\/03\/immersive-smart-services.jpg?w=2880&amp;quality=70 2x\" media=\"(min-width: 992px)\"\/><source srcset=\"https:\/\/www.capgemini.com\/wp-content\/uploads\/2023\/03\/immersive-smart-services.jpg?w=1024&amp;quality=70 1x, https:\/\/www.capgemini.com\/wp-content\/uploads\/2023\/03\/immersive-smart-services.jpg?w=1024&amp;quality=70 2x\" media=\"(min-width: 768px)\"\/><source srcset=\"https:\/\/www.capgemini.com\/wp-content\/uploads\/2023\/03\/immersive-smart-services.jpg?w=768&amp;quality=70 1x, https:\/\/www.capgemini.com\/wp-content\/uploads\/2023\/03\/immersive-smart-services.jpg?w=768&amp;quality=70 2x\" media=\"(min-width: 0)\"\/><img decoding=\"async\" src=\"https:\/\/www.capgemini.com\/wp-content\/uploads\/2023\/03\/immersive-smart-services.jpg\" class=\"header-img header-img-d\" alt=\"\" style=\"object-fit:cover;object-position:59% 38%\" loading=\"eager\"\/><\/picture><\/div><div class=\"heroPictureCardHeaderShape\"><\/div><div class=\"container\"><div class=\"row\"><div class=\"col-md-12\"><div class=\"box\"><div class=\"boxTagWrapper\"><div class=\"tagInfo\"><div><span class=\"box-tag\">Solution<\/span><\/div><\/div><\/div><div class=\"box-title\"><h1 data-maxlength=\"34\">Immersive Smart Services<\/h1><\/div><div class=\"inner-row-insight download-btn\"><\/div><\/div><\/div><\/div><\/div><\/header>\n\n\n\n<section class=\"wp-block-cg-blocks-group undefined section section--article-content\"><div class=\"article-main-content\"><div class=\"container\"><div class=\"row\"><div class=\"col-12 col-md-1\"><nav class=\"article-social\"><ul class=\"social-nav\"><li class=\"ip-order-fb\"><a href=\"https:\/\/www.facebook.com\/sharer\/sharer.php?u=https:\/\/www.capgemini.com\/solutions\/immersive-smart-service\/\" target=\"_blank\" rel=\"noopener noreferrer\" title=\"In neuem Fenster \u00f6ffnen\"><i aria-hidden=\"true\" class=\"icon-fb\"><\/i><span class=\"sr-only\">Facebook<\/span><\/a><\/li><li class=\"ip-order-tw\"><a href=\"https:\/\/twitter.com\/intent\/tweet?url=https:\/\/www.capgemini.com\/solutions\/immersive-smart-service\/&amp;text=Immersive%20Smart%20Service\" target=\"_blank\" rel=\"noopener noreferrer\" title=\"In neuem Fenster \u00f6ffnen\"><i aria-hidden=\"true\" class=\"icon-tw\"><\/i><span class=\"sr-only\">Twitter<\/span><\/a><\/li><li class=\"ip-order-li\"><a href=\"https:\/\/www.linkedin.com\/shareArticle?url=https:\/\/www.capgemini.com\/solutions\/immersive-smart-service\/&amp;text=Immersive%20Smart%20Service\" target=\"_blank\" rel=\"noopener noreferrer\" title=\"In neuem Fenster \u00f6ffnen\"><i aria-hidden=\"true\" class=\"icon-li\"><\/i><span class=\"sr-only\">Linkedin<\/span><\/a><\/li><\/ul><\/nav><\/div><div class=\"col-12 col-md-11 col-lg-10\"><div class=\"article-text article-quote-text\">\n<h3 class=\"wp-block-heading\" id=\"h-die-entwicklung-und-bereitstellung-neuer-erlebnisse-muss-konsistent-mit-dem-rest-der-customer-journey-sein-an-den-unternehmenszielen-ausgerichtet-und-ohne-kosten-und-komplexitat-damit-aftermarket-services-erfolgreich-sind\">Die Entwicklung und Bereitstellung neuer Erlebnisse muss konsistent mit dem Rest der Customer Journey sein, an den Unternehmenszielen ausgerichtet und ohne Kosten und Komplexit\u00e4t, damit Aftermarket-Services erfolgreich sind.<\/h3>\n\n\n\n<p>Die Immersive Smart Services Solution von Capgemini zielt darauf ab, Probleme durch Ferndiagnose, Smart Preparation und Remote Assistance schnell zu l\u00f6sen, idealerweise in einem einzigen Besuch, und erm\u00f6glicht es Marken, immersive Smart Services w\u00e4hrend der gesamten Customer Journey nahtlos zu erstellen, bereitzustellen und zu verbessern.<\/p>\n\n\n\n<p>Der Erfolg von Aftermarket-Services erfordert, dass Unternehmen neue immersive Technologien nutzen, um neue Erlebnisse zu erstellen und bereitzustellen, sie mit dem Rest der Customer Journey konsistent zu gestalten und sie mit Gesch\u00e4ftszielen zu verkn\u00fcpfen, ohne zus\u00e4tzliche Kosten und Komplexit\u00e4t zu verursachen.<\/p>\n\n\n\n<p>Stellen Sie sich einen Techniker vor, der mit allen Kundeninformationen und -pr\u00e4ferenzen bewaffnet vor Ort ankommt. Sie begr\u00fc\u00dfen den Kunden und vervollst\u00e4ndigen die Diagnose mit einem Handger\u00e4t. W\u00e4hrend K\u00fcnstliche Intelligenz (KI) h\u00f6chstwahrscheinlich Ursachen vorschl\u00e4gt, k\u00f6nnen kognitive Assists vorhandene L\u00f6sungen identifizieren. Die FSA kann dann MR-Headsets verwenden werden, um die Freisprechfunktion zu nutzen und gleichzeitig die vorgeschlagenen L\u00f6sungsschritte zu befolgen, sowie um Probleme durch Ferndiagnose, intelligente Vorbereitung und Remote-Assistenz schnell zu l\u00f6sen, idealerweise in einem einzigen Besuch.<\/p>\n\n\n\n<p>Aufkommende CX-Technologien ver\u00e4ndern radikal die Art und Weise, wie Marken ihren Kunden Kundendienst anbieten. Dank flacher Benutzeroberfl\u00e4che (Web 2. 0, Apps), nat\u00fcrlicher Benutzeroberfl\u00e4chen (Sprache, Haptik) und erweiterter Realit\u00e4t (3D, Augmented Reality, Virtual Reality und Mixed Reality) werden Unternehmen intelligent und immersiv.<\/p>\n\n\n\n<p>Mit Capgemini Immersive Smart Services verbindet diese L\u00f6sung eine durchg\u00e4ngige digitale Systemintegration mit einem Kundendaten-Hub, E-Commerce, CRM, Wissensmanagement und Marketing. Diese Dienstleistungen wecken Emotionen f\u00fcr Kunden und Mitarbeiter.<\/p>\n<\/div><\/div><\/div><\/div><\/div><\/section>\n\n\n\n<section class=\"wp-block-cg-blocks-intro-para-video section section--info-2cols section--insights section-video \"><div class=\"bg-color video-align-right\"><div class=\"container\"><div class=\"row video-align-left\"><div class=\"col-md-12\"><div class=\"video-align-left row box box--4 box--mini\"><div class=\"col-md-3\"><h3 class=\"Video-title\" data-maxlength=\"34\"><\/h3><div class=\"video-info\"><p data-maxlength=\"68\">Capgemini&#8217;s Immersive Smart Services<\/p><\/div><\/div><div class=\"col-md-8 box-img-wrapper\"><div class=\"video-box\"><div class=\"video-wrapper\"><iframe title=\"video-section\" src=\"https:\/\/www.youtube.com\/embed\/Irb9sEmGCPU?rel=0&amp;modestbranding=1&amp;playsinline=1&amp;enablejsapi=1\" frameborder=\"0\" allow=\"accelerometer; autoplay; clipboard-write; encrypted-media; gyroscope; picture-in-picture\" allowfullscreen loading=\"lazy\" referrerpolicy=\"strict-origin-when-cross-origin\"><\/iframe><\/div><\/div><\/div><div class=\"col-md-1\"><\/div><\/div><\/div><\/div><\/div><\/div><\/section>\n\n\n\n<section class=\"wp-block-cg-blocks-group undefined section section--article-content\"><div class=\"article-main-content\"><div class=\"container\"><div class=\"row\"><div class=\"col-12 col-md-11 col-lg-10 offset-md-1 offset-lg-1\"><div class=\"article-text article-quote-text\">\n<p>Capgemini unterst\u00fctzt Unternehmen bei der Implementierung der Immersive Smart Services Platform, beim automatischen Abrufen von Kundendaten aus der CRM-Plattform und bei der Integration der immersiven Plattform in bestehende Marketing-, Commerce- und Service-Stacks.<\/p>\n\n\n\n<p>Vorteile:<\/p>\n\n\n\n<ul class=\"wp-block-list\">\n<li>Steigerung des Kundennutzens und der Kundenbindung<\/li>\n\n\n\n<li>Mehr Upsell- und Cross-Selling-M\u00f6glichkeiten<\/li>\n\n\n\n<li>Nahtloser und schnellerer Service<\/li>\n\n\n\n<li>Engagiertere Mitarbeitererfahrung<\/li>\n\n\n\n<li>Neue Funktionen, die Ihnen helfen, Aufgaben aus der Ferne, intelligenter und einfacher zu erledigen<\/li>\n\n\n\n<li>Verringerung des menschlichen Versagens<\/li>\n\n\n\n<li>Erh\u00f6hte Loyalit\u00e4t und Bindung der Mitarbeiter \u2013 und schafft Mehrwert f\u00fcr das Unternehmen.<\/li>\n<\/ul>\n\n\n\n<div class=\"wp-block-buttons is-layout-flex wp-block-buttons-is-layout-flex\">\n<div class=\"wp-block-button is-style-outline is-style-outline--1\"><a class=\"wp-block-button__link wp-element-button\" href=\"https:\/\/www.capgemini.com\/wp-content\/uploads\/2023\/04\/Immersive-Smart-Services-Brochure-7_14032023.pdf\" target=\"_blank\" rel=\"noreferrer noopener\">Erfahren Sie mehr in der Brosch\u00fcre<\/a><\/div>\n<\/div>\n<\/div><\/div><\/div><\/div><\/div><\/section>\n\n\n\n<section class=\"wp-block-cg-blocks-learn-more updated-new-sample-amal learnMoreBlock\"><div class=\"container\"><div class=\"content-title\"><h2 class=\"learnmore-heading\">Weitere L\u00f6sungen<\/h2><\/div><div class=\"row\"><div class=\"col-md-4\"><div class=\"box\"><div class=\"box-wrapper\"><a class=\"box-title\" href=\"https:\/\/www.capgemini.com\/de-de\/services\/customer-first\/customer-experience\/immersive-experiences\/\" target=\"\" aria-label=\"Immersive Erlebnisse\" rel=\"noopener noreferrer\"><div class=\"box-img-wrapper\"><img decoding=\"async\" src=\"https:\/\/www.capgemini.com\/wp-content\/uploads\/2022\/04\/Capgemini_Services_Customer-First_Immersive-experiences.jpg?w=500&amp;quality=70\" srcset=\"https:\/\/www.capgemini.com\/wp-content\/uploads\/2022\/04\/Capgemini_Services_Customer-First_Immersive-experiences.jpg?w=500&amp;quality=70 1x, https:\/\/www.capgemini.com\/wp-content\/uploads\/2022\/04\/Capgemini_Services_Customer-First_Immersive-experiences.jpg?w=1000&amp;quality=70 2x\" class=\"box-img\" alt=\"\" style=\"object-fit:cover;object-position:50% 50%\" loading=\"lazy\"\/><\/div><h3 class=\"titleWithoutLink_learnMore\">Immersive Erlebnisse<\/h3><\/a><\/div><\/div><div class=\"box-inner\"><p class=\"box-desc\">Kunden- und Mitarbeitererwartungen \u00e4ndern sich. Gew\u00f6hnliches digitales Engagement reicht nicht aus.<\/p><\/div><\/div><div class=\"col-md-4\"><div class=\"box\"><div class=\"box-wrapper\"><a class=\"box-title\" href=\"https:\/\/www.capgemini.com\/de-de\/services\/customer-first\/customer-experience\/empowered-sales\/\" target=\"\" aria-label=\"Empowered Sales\" rel=\"noopener noreferrer\"><div class=\"box-img-wrapper\"><img decoding=\"async\" src=\"https:\/\/www.capgemini.com\/wp-content\/uploads\/2022\/12\/Capgemini_Services_Customer-First_Empowered-sales-e1650369174569.webp?w=500&amp;quality=70\" srcset=\"https:\/\/www.capgemini.com\/wp-content\/uploads\/2022\/12\/Capgemini_Services_Customer-First_Empowered-sales-e1650369174569.webp?w=500&amp;quality=70 1x, https:\/\/www.capgemini.com\/wp-content\/uploads\/2022\/12\/Capgemini_Services_Customer-First_Empowered-sales-e1650369174569.webp?w=1000&amp;quality=70 2x\" class=\"box-img\" alt=\"\" style=\"object-fit:cover;object-position:50% 50%\" loading=\"lazy\"\/><\/div><h3 class=\"titleWithoutLink_learnMore\">Empowered Sales<\/h3><\/a><\/div><\/div><div class=\"box-inner\"><p class=\"box-desc\">Warum liegt der durchschnittliche Bestellwert Ihres Kunden unter der Benchmark?<\/p><\/div><\/div><\/div><\/div><\/section>\n","protected":false},"excerpt":{"rendered":"<p>The development and delivery of new experiences must be consistent with the rest of the customer journey, aligned with company objectives, and cost- and complexity-free in order for aftermarket services to be successful.<\/p>\n","protected":false},"author":151,"featured_media":828192,"parent":743171,"menu_order":0,"comment_status":"closed","ping_status":"closed","template":"","meta":{"cg_dt_proposed_to":[],"cg_seo_hreflang_relations":"[]","cg_seo_canonical_relation":"","cg_seo_hreflang_x_default_relation":"{\"uuid\":\"b69fef47-31d3-4055-b851-0a13168704cc\",\"blogId\":\"\",\"domain\":\"\",\"sitePath\":\"\",\"postLink\":\"\",\"postId\":null,\"isSaved\":true,\"isCrossLink\":false,\"hasCrossLink\":false}","cg_dt_approved_content":true,"cg_dt_mandatory_content":false,"cg_dt_notes":"","cg_dg_source_changed":true,"cg_dt_link_disabled":false,"_yoast_wpseo_primary_brand":"","footnotes":"","featured_focal_points":"","partner_card_description":"","gsap_animation":0},"brand":[],"partner_type":[],"service":[],"industry":[],"partners":[],"page-type":[287],"content-group":[],"class_list":["post-828190","page","type-page","status-publish","has-post-thumbnail","hentry","page-type-solutions"],"yoast_head":"<!-- This site is optimized with the Yoast SEO Premium plugin v22.8 (Yoast SEO v22.8) - https:\/\/yoast.com\/wordpress\/plugins\/seo\/ -->\n<title>Immersive Smart Services - Capgemini<\/title>\n<meta name=\"description\" content=\"Die Immersive Smart Services Solution von Capgemini zielt darauf ab, Probleme durch Ferndiagnose, Smart Preparation und Remote Assistance schnell zu l\u00f6sen.\" \/>\n<meta name=\"robots\" content=\"index, follow, max-snippet:-1, max-image-preview:large, max-video-preview:-1\" \/>\n<link rel=\"canonical\" href=\"https:\/\/www.capgemini.com\/de-de\/solutions\/immersive-smart-service\/\" \/>\n<meta property=\"og:locale\" content=\"de_DE\" \/>\n<meta property=\"og:type\" content=\"article\" \/>\n<meta property=\"og:title\" content=\"Immersive Smart Services - Capgemini\" \/>\n<meta property=\"og:description\" content=\"Die Immersive Smart Services Solution von Capgemini zielt darauf ab, Probleme durch Ferndiagnose, Smart Preparation und Remote Assistance schnell zu l\u00f6sen.\" \/>\n<meta property=\"og:url\" content=\"https:\/\/www.capgemini.com\/de-de\/solutions\/immersive-smart-service\/\" \/>\n<meta property=\"og:site_name\" content=\"Capgemini\" \/>\n<meta property=\"article:modified_time\" content=\"2026-01-08T08:35:41+00:00\" \/>\n<meta property=\"og:image\" content=\"https:\/\/www.capgemini.com\/de-de\/wp-content\/uploads\/sites\/8\/2025\/10\/New-Web-preview-global.jpg\" \/>\n\t<meta property=\"og:image:width\" content=\"1200\" \/>\n\t<meta property=\"og:image:height\" content=\"627\" \/>\n\t<meta property=\"og:image:type\" content=\"image\/jpeg\" \/>\n<meta name=\"twitter:card\" content=\"summary_large_image\" \/>\n<meta name=\"twitter:label1\" content=\"Est. reading time\" \/>\n\t<meta name=\"twitter:data1\" content=\"3 minutes\" \/>\n<script type=\"application\/ld+json\" class=\"yoast-schema-graph\">{\"@context\":\"https:\/\/schema.org\",\"@graph\":[{\"@type\":\"WebPage\",\"@id\":\"https:\/\/www.capgemini.com\/de-de\/solutions\/immersive-smart-service\/\",\"url\":\"https:\/\/www.capgemini.com\/de-de\/solutions\/immersive-smart-service\/\",\"name\":\"Immersive Smart Services - Capgemini\",\"isPartOf\":{\"@id\":\"https:\/\/www.capgemini.com\/de-de\/#website\"},\"primaryImageOfPage\":{\"@id\":\"https:\/\/www.capgemini.com\/de-de\/solutions\/immersive-smart-service\/#primaryimage\"},\"image\":{\"@id\":\"https:\/\/www.capgemini.com\/de-de\/solutions\/immersive-smart-service\/#primaryimage\"},\"thumbnailUrl\":\"https:\/\/www.capgemini.com\/de-de\/wp-content\/uploads\/sites\/8\/2023\/01\/immersive-smart-services.jpg\",\"datePublished\":\"2023-01-31T08:55:41+00:00\",\"dateModified\":\"2026-01-08T08:35:41+00:00\",\"description\":\"Die Immersive Smart Services Solution von Capgemini zielt darauf ab, Probleme durch Ferndiagnose, Smart Preparation und Remote Assistance schnell zu l\u00f6sen.\",\"breadcrumb\":{\"@id\":\"https:\/\/www.capgemini.com\/de-de\/solutions\/immersive-smart-service\/#breadcrumb\"},\"inLanguage\":\"de-DE\",\"potentialAction\":[{\"@type\":\"ReadAction\",\"target\":[\"https:\/\/www.capgemini.com\/de-de\/solutions\/immersive-smart-service\/\"]}]},{\"@type\":\"ImageObject\",\"inLanguage\":\"de-DE\",\"@id\":\"https:\/\/www.capgemini.com\/de-de\/solutions\/immersive-smart-service\/#primaryimage\",\"url\":\"https:\/\/www.capgemini.com\/de-de\/wp-content\/uploads\/sites\/8\/2023\/01\/immersive-smart-services.jpg\",\"contentUrl\":\"https:\/\/www.capgemini.com\/de-de\/wp-content\/uploads\/sites\/8\/2023\/01\/immersive-smart-services.jpg\",\"width\":1440,\"height\":900},{\"@type\":\"BreadcrumbList\",\"@id\":\"https:\/\/www.capgemini.com\/de-de\/solutions\/immersive-smart-service\/#breadcrumb\",\"itemListElement\":[{\"@type\":\"ListItem\",\"position\":1,\"name\":\"Solutions\",\"item\":\"https:\/\/www.capgemini.com\/de-de\/solutions\/\"},{\"@type\":\"ListItem\",\"position\":2,\"name\":\"Immersive Smart Services\"}]},{\"@type\":\"WebSite\",\"@id\":\"https:\/\/www.capgemini.com\/de-de\/#website\",\"url\":\"https:\/\/www.capgemini.com\/de-de\/\",\"name\":\"Capgemini Deutschland\",\"description\":\"Make it real\",\"potentialAction\":[{\"@type\":\"SearchAction\",\"target\":{\"@type\":\"EntryPoint\",\"urlTemplate\":\"https:\/\/www.capgemini.com\/de-de\/?s={search_term_string}\"},\"query-input\":\"required name=search_term_string\"}],\"inLanguage\":\"de-DE\"}]}<\/script>\n<!-- \/ Yoast SEO Premium plugin. -->","yoast_head_json":{"title":"Immersive Smart Services - Capgemini","description":"Die Immersive Smart Services Solution von Capgemini zielt darauf ab, Probleme durch Ferndiagnose, Smart Preparation und Remote Assistance schnell zu l\u00f6sen.","robots":{"index":"index","follow":"follow","max-snippet":"max-snippet:-1","max-image-preview":"max-image-preview:large","max-video-preview":"max-video-preview:-1"},"canonical":"https:\/\/www.capgemini.com\/de-de\/solutions\/immersive-smart-service\/","og_locale":"de_DE","og_type":"article","og_title":"Immersive Smart Services - Capgemini","og_description":"Die Immersive Smart Services Solution von Capgemini zielt darauf ab, Probleme durch Ferndiagnose, Smart Preparation und Remote Assistance schnell zu l\u00f6sen.","og_url":"https:\/\/www.capgemini.com\/de-de\/solutions\/immersive-smart-service\/","og_site_name":"Capgemini","article_modified_time":"2026-01-08T08:35:41+00:00","og_image":[{"width":1200,"height":627,"url":"https:\/\/www.capgemini.com\/de-de\/wp-content\/uploads\/sites\/8\/2025\/10\/New-Web-preview-global.jpg","type":"image\/jpeg"}],"twitter_card":"summary_large_image","twitter_misc":{"Est. reading time":"3 minutes"},"schema":{"@context":"https:\/\/schema.org","@graph":[{"@type":"WebPage","@id":"https:\/\/www.capgemini.com\/de-de\/solutions\/immersive-smart-service\/","url":"https:\/\/www.capgemini.com\/de-de\/solutions\/immersive-smart-service\/","name":"Immersive Smart Services - Capgemini","isPartOf":{"@id":"https:\/\/www.capgemini.com\/de-de\/#website"},"primaryImageOfPage":{"@id":"https:\/\/www.capgemini.com\/de-de\/solutions\/immersive-smart-service\/#primaryimage"},"image":{"@id":"https:\/\/www.capgemini.com\/de-de\/solutions\/immersive-smart-service\/#primaryimage"},"thumbnailUrl":"https:\/\/www.capgemini.com\/de-de\/wp-content\/uploads\/sites\/8\/2023\/01\/immersive-smart-services.jpg","datePublished":"2023-01-31T08:55:41+00:00","dateModified":"2026-01-08T08:35:41+00:00","description":"Die Immersive Smart Services Solution von Capgemini zielt darauf ab, Probleme durch Ferndiagnose, Smart Preparation und Remote Assistance schnell zu l\u00f6sen.","breadcrumb":{"@id":"https:\/\/www.capgemini.com\/de-de\/solutions\/immersive-smart-service\/#breadcrumb"},"inLanguage":"de-DE","potentialAction":[{"@type":"ReadAction","target":["https:\/\/www.capgemini.com\/de-de\/solutions\/immersive-smart-service\/"]}]},{"@type":"ImageObject","inLanguage":"de-DE","@id":"https:\/\/www.capgemini.com\/de-de\/solutions\/immersive-smart-service\/#primaryimage","url":"https:\/\/www.capgemini.com\/de-de\/wp-content\/uploads\/sites\/8\/2023\/01\/immersive-smart-services.jpg","contentUrl":"https:\/\/www.capgemini.com\/de-de\/wp-content\/uploads\/sites\/8\/2023\/01\/immersive-smart-services.jpg","width":1440,"height":900},{"@type":"BreadcrumbList","@id":"https:\/\/www.capgemini.com\/de-de\/solutions\/immersive-smart-service\/#breadcrumb","itemListElement":[{"@type":"ListItem","position":1,"name":"Solutions","item":"https:\/\/www.capgemini.com\/de-de\/solutions\/"},{"@type":"ListItem","position":2,"name":"Immersive Smart Services"}]},{"@type":"WebSite","@id":"https:\/\/www.capgemini.com\/de-de\/#website","url":"https:\/\/www.capgemini.com\/de-de\/","name":"Capgemini Deutschland","description":"Make it real","potentialAction":[{"@type":"SearchAction","target":{"@type":"EntryPoint","urlTemplate":"https:\/\/www.capgemini.com\/de-de\/?s={search_term_string}"},"query-input":"required name=search_term_string"}],"inLanguage":"de-DE"}]}},"brand_term":[],"parsely":{"version":"1.1.0","canonical_url":"https:\/\/capgemini.com\/de-de\/solutions\/immersive-smart-service\/","smart_links":{"inbound":0,"outbound":0},"traffic_boost_suggestions_count":0,"meta":{"@context":"https:\/\/schema.org","@type":"WebPage","headline":"Immersive Smart Services","url":"http:\/\/www.capgemini.com\/de-de\/solutions\/immersive-smart-service\/","mainEntityOfPage":{"@type":"WebPage","@id":"http:\/\/www.capgemini.com\/de-de\/solutions\/immersive-smart-service\/"},"thumbnailUrl":"https:\/\/www.capgemini.com\/de-de\/wp-content\/uploads\/sites\/8\/2023\/01\/immersive-smart-services.jpg?w=150&h=150&crop=1","image":{"@type":"ImageObject","url":"https:\/\/www.capgemini.com\/de-de\/wp-content\/uploads\/sites\/8\/2023\/01\/immersive-smart-services.jpg"},"articleSection":"Uncategorized","author":[],"creator":[],"publisher":{"@type":"Organization","name":"Capgemini","logo":""},"keywords":[],"dateCreated":"2023-01-31T08:55:41Z","datePublished":"2023-01-31T08:55:41Z","dateModified":"2026-01-08T08:35:41Z"},"rendered":"<script type=\"application\/ld+json\" class=\"wp-parsely-metadata\">{\"@context\":\"https:\\\/\\\/schema.org\",\"@type\":\"WebPage\",\"headline\":\"Immersive Smart Services\",\"url\":\"http:\\\/\\\/www.capgemini.com\\\/de-de\\\/solutions\\\/immersive-smart-service\\\/\",\"mainEntityOfPage\":{\"@type\":\"WebPage\",\"@id\":\"http:\\\/\\\/www.capgemini.com\\\/de-de\\\/solutions\\\/immersive-smart-service\\\/\"},\"thumbnailUrl\":\"https:\\\/\\\/www.capgemini.com\\\/de-de\\\/wp-content\\\/uploads\\\/sites\\\/8\\\/2023\\\/01\\\/immersive-smart-services.jpg?w=150&h=150&crop=1\",\"image\":{\"@type\":\"ImageObject\",\"url\":\"https:\\\/\\\/www.capgemini.com\\\/de-de\\\/wp-content\\\/uploads\\\/sites\\\/8\\\/2023\\\/01\\\/immersive-smart-services.jpg\"},\"articleSection\":\"Uncategorized\",\"author\":[],\"creator\":[],\"publisher\":{\"@type\":\"Organization\",\"name\":\"Capgemini\",\"logo\":\"\"},\"keywords\":[],\"dateCreated\":\"2023-01-31T08:55:41Z\",\"datePublished\":\"2023-01-31T08:55:41Z\",\"dateModified\":\"2026-01-08T08:35:41Z\"}<\/script>","tracker_url":"https:\/\/cdn.parsely.com\/keys\/capgemini.com\/p.js"},"archive_status":false,"featured_image_src":"https:\/\/www.capgemini.com\/de-de\/wp-content\/uploads\/sites\/8\/2023\/01\/immersive-smart-services.jpg","featured_image_alt":"","jetpack_sharing_enabled":true,"distributor_meta":false,"distributor_terms":false,"distributor_media":false,"distributor_original_site_name":"Capgemini","distributor_original_site_url":"https:\/\/www.capgemini.com\/de-de","push-errors":false,"_links":{"self":[{"href":"https:\/\/www.capgemini.com\/de-de\/wp-json\/wp\/v2\/pages\/828190","targetHints":{"allow":["GET"]}}],"collection":[{"href":"https:\/\/www.capgemini.com\/de-de\/wp-json\/wp\/v2\/pages"}],"about":[{"href":"https:\/\/www.capgemini.com\/de-de\/wp-json\/wp\/v2\/types\/page"}],"author":[{"embeddable":true,"href":"https:\/\/www.capgemini.com\/de-de\/wp-json\/wp\/v2\/users\/151"}],"replies":[{"embeddable":true,"href":"https:\/\/www.capgemini.com\/de-de\/wp-json\/wp\/v2\/comments?post=828190"}],"version-history":[{"count":7,"href":"https:\/\/www.capgemini.com\/de-de\/wp-json\/wp\/v2\/pages\/828190\/revisions"}],"predecessor-version":[{"id":890457,"href":"https:\/\/www.capgemini.com\/de-de\/wp-json\/wp\/v2\/pages\/828190\/revisions\/890457"}],"up":[{"embeddable":true,"href":"https:\/\/www.capgemini.com\/de-de\/wp-json\/wp\/v2\/pages\/743171"}],"wp:featuredmedia":[{"embeddable":true,"href":"https:\/\/www.capgemini.com\/de-de\/wp-json\/wp\/v2\/media\/828192"}],"wp:attachment":[{"href":"https:\/\/www.capgemini.com\/de-de\/wp-json\/wp\/v2\/media?parent=828190"}],"wp:term":[{"taxonomy":"brand","embeddable":true,"href":"https:\/\/www.capgemini.com\/de-de\/wp-json\/wp\/v2\/brand?post=828190"},{"taxonomy":"partner_type","embeddable":true,"href":"https:\/\/www.capgemini.com\/de-de\/wp-json\/wp\/v2\/partner_type?post=828190"},{"taxonomy":"service","embeddable":true,"href":"https:\/\/www.capgemini.com\/de-de\/wp-json\/wp\/v2\/service?post=828190"},{"taxonomy":"industry","embeddable":true,"href":"https:\/\/www.capgemini.com\/de-de\/wp-json\/wp\/v2\/industry?post=828190"},{"taxonomy":"partners","embeddable":true,"href":"https:\/\/www.capgemini.com\/de-de\/wp-json\/wp\/v2\/partners?post=828190"},{"taxonomy":"page-type","embeddable":true,"href":"https:\/\/www.capgemini.com\/de-de\/wp-json\/wp\/v2\/page-type?post=828190"},{"taxonomy":"content-group","embeddable":true,"href":"https:\/\/www.capgemini.com\/de-de\/wp-json\/wp\/v2\/content-group?post=828190"}],"curies":[{"name":"wp","href":"https:\/\/api.w.org\/{rel}","templated":true}]}}