{"id":822248,"date":"2023-03-17T08:37:55","date_gmt":"2023-03-17T07:37:55","guid":{"rendered":"https:\/\/www.capgemini.com\/?page_id=873129"},"modified":"2025-03-05T04:23:36","modified_gmt":"2025-03-05T04:23:36","slug":"intelligent-property-solutions","status":"publish","type":"page","link":"https:\/\/www.capgemini.com\/de-de\/solutions\/intelligent-property-solutions\/","title":{"rendered":"Intelligente L\u00f6sungen f\u00fcr den Immobiliensektor"},"content":{"rendered":"\n<header class=\"wp-block-cg-blocks-hero-reusable header heroReusable  \"><div class=\"header-bgs\"><picture><source srcset=\"https:\/\/www.capgemini.com\/wp-content\/uploads\/2023\/03\/Intelligent_Property_Solutions-Webpage_Background.jpg?w=2880&amp;quality=70 1x, https:\/\/www.capgemini.com\/wp-content\/uploads\/2023\/03\/Intelligent_Property_Solutions-Webpage_Background.jpg?w=2880&amp;quality=70 2x\" media=\"(min-width: 1500px)\"\/><source srcset=\"https:\/\/www.capgemini.com\/wp-content\/uploads\/2023\/03\/Intelligent_Property_Solutions-Webpage_Background.jpg?w=1440&amp;quality=70 1x, https:\/\/www.capgemini.com\/wp-content\/uploads\/2023\/03\/Intelligent_Property_Solutions-Webpage_Background.jpg?w=2880&amp;quality=70 2x\" media=\"(min-width: 992px)\"\/><source srcset=\"https:\/\/www.capgemini.com\/wp-content\/uploads\/2023\/03\/Intelligent_Property_Solutions-Webpage_Background.jpg?w=1024&amp;quality=70 1x, https:\/\/www.capgemini.com\/wp-content\/uploads\/2023\/03\/Intelligent_Property_Solutions-Webpage_Background.jpg?w=1024&amp;quality=70 2x\" media=\"(min-width: 768px)\"\/><source srcset=\"https:\/\/www.capgemini.com\/wp-content\/uploads\/2023\/03\/Intelligent_Property_Solutions-Webpage_Background.jpg?w=768&amp;quality=70 1x, https:\/\/www.capgemini.com\/wp-content\/uploads\/2023\/03\/Intelligent_Property_Solutions-Webpage_Background.jpg?w=768&amp;quality=70 2x\" media=\"(min-width: 0)\"\/><img decoding=\"async\" src=\"https:\/\/www.capgemini.com\/wp-content\/uploads\/2023\/03\/Intelligent_Property_Solutions-Webpage_Background.jpg\" class=\"header-img header-img-d\" alt=\"\" style=\"object-fit:cover;object-position:50% 50%\" loading=\"eager\"\/><\/picture><\/div><div class=\"heroPictureCardHeaderShape\"><\/div><div class=\"container\"><div class=\"row\"><div class=\"col-md-12\"><div class=\"box\"><div class=\"boxTagWrapper\"><div class=\"tagInfo\"><div><span class=\"box-tag\">Solution<\/span><\/div><\/div><\/div><div class=\"box-title\"><h1 data-maxlength=\"34\">Intelligente L\u00f6sungen f\u00fcr den Immobiliensektor<\/h1><\/div><div class=\"inner-row-insight download-btn\"><\/div><\/div><\/div><\/div><\/div><\/header>\n\n\n\n<section class=\"wp-block-cg-blocks-group undefined section section--article-content\"><div class=\"article-main-content\"><div class=\"container\"><div class=\"row\"><div class=\"col-12 col-md-1\"><nav class=\"article-social\"><ul class=\"social-nav\"><li class=\"ip-order-fb\"><a href=\"https:\/\/www.facebook.com\/sharer\/sharer.php?u=https:\/\/www.capgemini.com\/?page_id=873129&amp;preview_id=873129\" target=\"_blank\" rel=\"noopener noreferrer\" title=\"In neuem Fenster \u00f6ffnen\"><i aria-hidden=\"true\" class=\"icon-fb\"><\/i><span class=\"sr-only\">Facebook<\/span><\/a><\/li><li class=\"ip-order-tw\"><a href=\"https:\/\/twitter.com\/intent\/tweet?url=https:\/\/www.capgemini.com\/?page_id=873129&amp;preview_id=873129&amp;text=Intelligent%20property%20solutions\" target=\"_blank\" rel=\"noopener noreferrer\" title=\"In neuem Fenster \u00f6ffnen\"><i aria-hidden=\"true\" class=\"icon-tw\"><\/i><span class=\"sr-only\">Twitter<\/span><\/a><\/li><li class=\"ip-order-li\"><a href=\"https:\/\/www.linkedin.com\/shareArticle?url=https:\/\/www.capgemini.com\/?page_id=873129&amp;preview_id=873129&amp;text=Intelligent%20property%20solutions\" target=\"_blank\" rel=\"noopener noreferrer\" title=\"In neuem Fenster \u00f6ffnen\"><i aria-hidden=\"true\" class=\"icon-li\"><\/i><span class=\"sr-only\">Linkedin<\/span><\/a><\/li><\/ul><\/nav><\/div><div class=\"col-12 col-md-11 col-lg-10\"><div class=\"article-text article-quote-text\">\n<h3 class=\"wp-block-heading\" id=\"h-verringerung-der-immobilienrisiken-durch-klimawandel-und-nachhaltigkeitskriterien-bei-gleichzeitiger-kostensenkung\">Verringerung der Immobilienrisiken durch Klimawandel und Nachhaltigkeitskriterien bei gleichzeitiger Kostensenkung<\/h3>\n\n\n\n<figure class=\"wp-block-image alignright size-full is-resized\"><img decoding=\"async\" src=\"https:\/\/www.capgemini.com\/wp-content\/uploads\/2023\/03\/Intelligent_Property_Solutions-Document_Thumbnail.jpg\" alt=\"\" class=\"wp-image-873136\" style=\"width:200px;height:636px\"\/><\/figure>\n\n\n\n<p>Die Erfahrung mit Sch\u00e4den durch sekund\u00e4re Risiken &#8211; einschlie\u00dflich Waldbr\u00e4nde, Regenst\u00fcrme und \u00dcberschwemmungen &#8211; hat sich seit Jahren verschlechtert, und dies wird sich aufgrund der zunehmenden Klimarisiken und der langsamen Einf\u00fchrung von Nachhaltigkeitspraktiken fortsetzen, wobei die H\u00e4ufigkeit und Schwere der Sch\u00e4den zunimmt.<\/p>\n\n\n\n<p>Der World Insurance Report 2022 von Capgemini hebt hervor, dass nur 35 % der Versicherer fortschrittliche Datenanalysetools wie auf maschinellem Lernen basierende Preis- und Risikomodelle eingef\u00fchrt haben. Resilienz-Champions &#8211; nur 8 % der Versicherer &#8211; greifen auf mehr als sechs Datenquellen zu, darunter Satellitendaten, Fernsensoren, Wetterstationen, Geodaten, Social-Media-Daten, ESG-Modelle und Wasserst\u00e4nde.<\/p>\n\n\n\n<h4 class=\"wp-block-heading\">65 % der Versicherer nutzen keine fortschrittlichen Datenanalysetools<\/h4>\n\n\n\n<p>Innovative Tools und Technologien k\u00f6nnen Versicherern dabei helfen, ein detaillierteres Risikoprofil zu erstellen, einschlie\u00dflich gr\u00fcner Kennzahlen, verbesserter Vorhersagbarkeit von Sch\u00e4den und zeitnaher und genauer Immobilienbewertungen. Dar\u00fcber hinaus erm\u00f6glicht die Zentralisierung aller Standortinformationen mit aktuell versicherten Objekten und historischen Informationen dem Versicherer eine Ansicht auf Portfolioebene, um bessere Buchentscheidungen zu treffen.<\/p>\n\n\n\n<p>Unsere firmeneigene Intelligent Property Solution bietet einen differenzierten Ansatz f\u00fcr nachhaltige Immobilien, der auf kuratierten Daten sowie datengesteuerten und umsetzbaren Erkenntnissen beruht. Erzielen Sie Ergebnisse mit Nachhaltigkeit, Risikomanagement und operativen Vorteilen, die folgendes erm\u00f6glichen:<\/p>\n\n\n\n<p><strong>Gewinnbringende Einnahmen<\/strong><\/p>\n\n\n\n<ul class=\"wp-block-list\">\n<li>Verk\u00fcrzung der Underwriting-Durchlaufzeit um bis zu 25%<\/li>\n\n\n\n<li>Erh\u00f6hung der Genauigkeit bei der Risikoauswahl und Preisgestaltung um bis zu 20 % durch externe Datenanreicherung, Vorausf\u00fcllung und Profiling<\/li>\n<\/ul>\n\n\n\n<p><strong>Kostenreduktion<\/strong><\/p>\n\n\n\n<ul class=\"wp-block-list\">\n<li>Senkung der Underwriting-Kosten um bis zu 15 % durch optimierte Standortinspektionen mittels Priorisierung unter Verwendung von Prefill und granularem Risiko-Scoring<\/li>\n<\/ul>\n\n\n\n<p><strong>Verbesserte Effizienz<\/strong><\/p>\n\n\n\n<ul class=\"wp-block-list\">\n<li>Verbesserung der betrieblichen Effizienz um bis zu 30 % durch k\u00fcrzere Bearbeitungszeiten bei der Risiko\u00fcbernahme und qualifizierte Risikoma\u00dfnahmen<\/li>\n<\/ul>\n\n\n\n<p><strong>Vermeidung von Kosten<\/strong><\/p>\n\n\n\n<ul class=\"wp-block-list\">\n<li>Vermeidung von Kosten bis zu 40 % durch die Nutzung der Plattform f\u00fcr Nachhaltigkeitsdaten<\/li>\n\n\n\n<li>Eliminierung von Entwicklungskosten von bis zu 60 % durch vorgefertigte Module, einsatzbereite Anwendungen und Modelle<\/li>\n<\/ul>\n\n\n\n<p>Wir helfen Ihnen dabei, Pr\u00e4mienverluste zu verringern, die Genauigkeit der Risikoauswahl und -profilierung zu erh\u00f6hen, Sicherheitsl\u00fccken zu verringern und die Produktinnovation schnell zu steigern. Die API-gesteuerten, anpassbaren Modelle unserer Plattform, die schnelle Prototypenerstellung und -einf\u00fchrung, das \u00d6kosystem zur Datenanreicherung und die einfache Workflow-Integration erm\u00f6glichen es uns, Ihren Anwendungsfall in nur 16 bis 22 Wochen zum Einsatz zu bringen.<\/p>\n\n\n\n<p>Lassen Sie uns gemeinsam herausfinden, wie wir Sie am besten dabei unterst\u00fctzen k\u00f6nnen, ein nachhaltiges Immobilienwachstum zu f\u00f6rdern, die Resilienz in der Gemeindeentwicklung zu unterst\u00fctzen und Innovationen zu entwickeln, um die Kundenbindung und das Umsatzwachstum zu steigern.<\/p>\n\n\n\n<div class=\"wp-block-buttons is-content-justification-center is-layout-flex wp-container-core-buttons-is-layout-a89b3969 wp-block-buttons-is-layout-flex\">\n<div class=\"wp-block-button is-style-outline is-style-outline--1\"><a class=\"wp-block-button__link wp-element-button\" href=\"https:\/\/go.capgemini.com\/capgemini-intelligent-property-solutions\" target=\"_blank\" rel=\"noreferrer noopener\">Download Paper<\/a><\/div>\n<\/div>\n\n\n\n<div style=\"height:25px\" aria-hidden=\"true\" class=\"wp-block-spacer\"><\/div>\n<\/div><\/div><\/div><\/div><\/div><\/section>\n\n\n\n<p><\/p>\n","protected":false},"excerpt":{"rendered":"<p>Reduce property risks with climate change and sustainability metrics while cutting costs<\/p>\n","protected":false},"author":257,"featured_media":822250,"parent":743171,"menu_order":0,"comment_status":"closed","ping_status":"closed","template":"","meta":{"cg_dt_proposed_to":[],"cg_seo_hreflang_relations":"[]","cg_seo_canonical_relation":"{\"uuid\":\"5fe81297-8db3-4c06-8ae1-2a28591c5d16\",\"blogId\":\"\",\"domain\":\"\",\"sitePath\":\"\",\"postLink\":\"\",\"postId\":null,\"isSaved\":true,\"isCrossLink\":false,\"hasCrossLink\":false}","cg_seo_hreflang_x_default_relation":"{\"uuid\":\"c9ab9c1f-27f9-4c22-ad14-563baa2a043c\",\"blogId\":\"\",\"domain\":\"\",\"sitePath\":\"\",\"postLink\":\"\",\"postId\":null,\"isSaved\":true,\"isCrossLink\":false,\"hasCrossLink\":false}","cg_dt_approved_content":true,"cg_dt_mandatory_content":false,"cg_dt_notes":"","cg_dg_source_changed":true,"cg_dt_link_disabled":false,"_yoast_wpseo_primary_brand":"","footnotes":"","featured_focal_points":"","partner_card_description":"","gsap_animation":0},"brand":[],"partner_type":[],"service":[],"industry":[],"partners":[],"page-type":[287],"content-group":[],"class_list":["post-822248","page","type-page","status-publish","has-post-thumbnail","hentry","page-type-solutions"],"yoast_head":"<!-- This site is optimized with the Yoast SEO Premium plugin v22.8 (Yoast SEO v22.8) - https:\/\/yoast.com\/wordpress\/plugins\/seo\/ -->\n<title>Intelligente L\u00f6sungen f\u00fcr den Immobiliensektor - Capgemini<\/title>\n<meta name=\"robots\" content=\"index, follow, max-snippet:-1, max-image-preview:large, max-video-preview:-1\" \/>\n<link rel=\"canonical\" href=\"https:\/\/www.capgemini.com\/de-de\/solutions\/intelligent-property-solutions\/\" \/>\n<meta property=\"og:locale\" content=\"de_DE\" \/>\n<meta property=\"og:type\" content=\"article\" \/>\n<meta property=\"og:title\" content=\"Intelligente L\u00f6sungen f\u00fcr den Immobiliensektor - Capgemini\" \/>\n<meta property=\"og:description\" content=\"Reduce property risks with climate change and sustainability metrics while cutting costs\" \/>\n<meta property=\"og:url\" content=\"https:\/\/www.capgemini.com\/de-de\/solutions\/intelligent-property-solutions\/\" \/>\n<meta property=\"og:site_name\" content=\"Capgemini\" \/>\n<meta property=\"article:modified_time\" content=\"2025-03-05T04:23:36+00:00\" \/>\n<meta property=\"og:image\" content=\"https:\/\/www.capgemini.com\/de-de\/wp-content\/uploads\/sites\/8\/2023\/03\/Intelligent_Property_Solutions-Webpage_Background.jpg\" \/>\n\t<meta property=\"og:image:width\" content=\"2880\" \/>\n\t<meta property=\"og:image:height\" content=\"1800\" \/>\n\t<meta property=\"og:image:type\" content=\"image\/jpeg\" \/>\n<meta name=\"twitter:card\" content=\"summary_large_image\" \/>\n<meta name=\"twitter:label1\" content=\"Est. reading time\" \/>\n\t<meta name=\"twitter:data1\" content=\"1 minute\" \/>\n<script type=\"application\/ld+json\" class=\"yoast-schema-graph\">{\"@context\":\"https:\/\/schema.org\",\"@graph\":[{\"@type\":\"WebPage\",\"@id\":\"https:\/\/www.capgemini.com\/de-de\/solutions\/intelligent-property-solutions\/\",\"url\":\"https:\/\/www.capgemini.com\/de-de\/solutions\/intelligent-property-solutions\/\",\"name\":\"Intelligente L\u00f6sungen f\u00fcr den Immobiliensektor - Capgemini\",\"isPartOf\":{\"@id\":\"https:\/\/www.capgemini.com\/de-de\/#website\"},\"primaryImageOfPage\":{\"@id\":\"https:\/\/www.capgemini.com\/de-de\/solutions\/intelligent-property-solutions\/#primaryimage\"},\"image\":{\"@id\":\"https:\/\/www.capgemini.com\/de-de\/solutions\/intelligent-property-solutions\/#primaryimage\"},\"thumbnailUrl\":\"https:\/\/www.capgemini.com\/de-de\/wp-content\/uploads\/sites\/8\/2023\/03\/Intelligent_Property_Solutions-Webpage_Background.jpg\",\"datePublished\":\"2023-03-17T07:37:55+00:00\",\"dateModified\":\"2025-03-05T04:23:36+00:00\",\"breadcrumb\":{\"@id\":\"https:\/\/www.capgemini.com\/de-de\/solutions\/intelligent-property-solutions\/#breadcrumb\"},\"inLanguage\":\"de-DE\",\"potentialAction\":[{\"@type\":\"ReadAction\",\"target\":[\"https:\/\/www.capgemini.com\/de-de\/solutions\/intelligent-property-solutions\/\"]}]},{\"@type\":\"ImageObject\",\"inLanguage\":\"de-DE\",\"@id\":\"https:\/\/www.capgemini.com\/de-de\/solutions\/intelligent-property-solutions\/#primaryimage\",\"url\":\"https:\/\/www.capgemini.com\/de-de\/wp-content\/uploads\/sites\/8\/2023\/03\/Intelligent_Property_Solutions-Webpage_Background.jpg\",\"contentUrl\":\"https:\/\/www.capgemini.com\/de-de\/wp-content\/uploads\/sites\/8\/2023\/03\/Intelligent_Property_Solutions-Webpage_Background.jpg\",\"width\":2880,\"height\":1800,\"caption\":\"Empty road at building exterior\"},{\"@type\":\"BreadcrumbList\",\"@id\":\"https:\/\/www.capgemini.com\/de-de\/solutions\/intelligent-property-solutions\/#breadcrumb\",\"itemListElement\":[{\"@type\":\"ListItem\",\"position\":1,\"name\":\"Solutions\",\"item\":\"https:\/\/www.capgemini.com\/de-de\/solutions\/\"},{\"@type\":\"ListItem\",\"position\":2,\"name\":\"Intelligente L\u00f6sungen f\u00fcr den Immobiliensektor\"}]},{\"@type\":\"WebSite\",\"@id\":\"https:\/\/www.capgemini.com\/de-de\/#website\",\"url\":\"https:\/\/www.capgemini.com\/de-de\/\",\"name\":\"Capgemini Deutschland\",\"description\":\"Make it real\",\"potentialAction\":[{\"@type\":\"SearchAction\",\"target\":{\"@type\":\"EntryPoint\",\"urlTemplate\":\"https:\/\/www.capgemini.com\/de-de\/?s={search_term_string}\"},\"query-input\":\"required name=search_term_string\"}],\"inLanguage\":\"de-DE\"}]}<\/script>\n<!-- \/ Yoast SEO Premium plugin. -->","yoast_head_json":{"title":"Intelligente L\u00f6sungen f\u00fcr den Immobiliensektor - Capgemini","robots":{"index":"index","follow":"follow","max-snippet":"max-snippet:-1","max-image-preview":"max-image-preview:large","max-video-preview":"max-video-preview:-1"},"canonical":"https:\/\/www.capgemini.com\/de-de\/solutions\/intelligent-property-solutions\/","og_locale":"de_DE","og_type":"article","og_title":"Intelligente L\u00f6sungen f\u00fcr den Immobiliensektor - Capgemini","og_description":"Reduce property risks with climate change and sustainability metrics while cutting costs","og_url":"https:\/\/www.capgemini.com\/de-de\/solutions\/intelligent-property-solutions\/","og_site_name":"Capgemini","article_modified_time":"2025-03-05T04:23:36+00:00","og_image":[{"width":2880,"height":1800,"url":"https:\/\/www.capgemini.com\/de-de\/wp-content\/uploads\/sites\/8\/2023\/03\/Intelligent_Property_Solutions-Webpage_Background.jpg","type":"image\/jpeg"}],"twitter_card":"summary_large_image","twitter_misc":{"Est. reading time":"1 minute"},"schema":{"@context":"https:\/\/schema.org","@graph":[{"@type":"WebPage","@id":"https:\/\/www.capgemini.com\/de-de\/solutions\/intelligent-property-solutions\/","url":"https:\/\/www.capgemini.com\/de-de\/solutions\/intelligent-property-solutions\/","name":"Intelligente L\u00f6sungen f\u00fcr den Immobiliensektor - Capgemini","isPartOf":{"@id":"https:\/\/www.capgemini.com\/de-de\/#website"},"primaryImageOfPage":{"@id":"https:\/\/www.capgemini.com\/de-de\/solutions\/intelligent-property-solutions\/#primaryimage"},"image":{"@id":"https:\/\/www.capgemini.com\/de-de\/solutions\/intelligent-property-solutions\/#primaryimage"},"thumbnailUrl":"https:\/\/www.capgemini.com\/de-de\/wp-content\/uploads\/sites\/8\/2023\/03\/Intelligent_Property_Solutions-Webpage_Background.jpg","datePublished":"2023-03-17T07:37:55+00:00","dateModified":"2025-03-05T04:23:36+00:00","breadcrumb":{"@id":"https:\/\/www.capgemini.com\/de-de\/solutions\/intelligent-property-solutions\/#breadcrumb"},"inLanguage":"de-DE","potentialAction":[{"@type":"ReadAction","target":["https:\/\/www.capgemini.com\/de-de\/solutions\/intelligent-property-solutions\/"]}]},{"@type":"ImageObject","inLanguage":"de-DE","@id":"https:\/\/www.capgemini.com\/de-de\/solutions\/intelligent-property-solutions\/#primaryimage","url":"https:\/\/www.capgemini.com\/de-de\/wp-content\/uploads\/sites\/8\/2023\/03\/Intelligent_Property_Solutions-Webpage_Background.jpg","contentUrl":"https:\/\/www.capgemini.com\/de-de\/wp-content\/uploads\/sites\/8\/2023\/03\/Intelligent_Property_Solutions-Webpage_Background.jpg","width":2880,"height":1800,"caption":"Empty road at building exterior"},{"@type":"BreadcrumbList","@id":"https:\/\/www.capgemini.com\/de-de\/solutions\/intelligent-property-solutions\/#breadcrumb","itemListElement":[{"@type":"ListItem","position":1,"name":"Solutions","item":"https:\/\/www.capgemini.com\/de-de\/solutions\/"},{"@type":"ListItem","position":2,"name":"Intelligente L\u00f6sungen f\u00fcr den Immobiliensektor"}]},{"@type":"WebSite","@id":"https:\/\/www.capgemini.com\/de-de\/#website","url":"https:\/\/www.capgemini.com\/de-de\/","name":"Capgemini Deutschland","description":"Make it real","potentialAction":[{"@type":"SearchAction","target":{"@type":"EntryPoint","urlTemplate":"https:\/\/www.capgemini.com\/de-de\/?s={search_term_string}"},"query-input":"required name=search_term_string"}],"inLanguage":"de-DE"}]}},"brand_term":[],"parsely":{"version":"1.1.0","canonical_url":"https:\/\/capgemini.com\/de-de\/solutions\/intelligent-property-solutions\/","smart_links":{"inbound":0,"outbound":0},"traffic_boost_suggestions_count":0,"meta":{"@context":"https:\/\/schema.org","@type":"WebPage","headline":"Intelligente L\u00f6sungen f\u00fcr den Immobiliensektor","url":"http:\/\/www.capgemini.com\/de-de\/solutions\/intelligent-property-solutions\/","mainEntityOfPage":{"@type":"WebPage","@id":"http:\/\/www.capgemini.com\/de-de\/solutions\/intelligent-property-solutions\/"},"thumbnailUrl":"https:\/\/www.capgemini.com\/de-de\/wp-content\/uploads\/sites\/8\/2023\/03\/Intelligent_Property_Solutions-Webpage_Background.jpg?w=150&h=150&crop=1","image":{"@type":"ImageObject","url":"https:\/\/www.capgemini.com\/de-de\/wp-content\/uploads\/sites\/8\/2023\/03\/Intelligent_Property_Solutions-Webpage_Background.jpg"},"articleSection":"Uncategorized","author":[],"creator":[],"publisher":{"@type":"Organization","name":"Capgemini","logo":""},"keywords":[],"dateCreated":"2023-03-17T07:37:55Z","datePublished":"2023-03-17T07:37:55Z","dateModified":"2025-03-05T04:23:36Z"},"rendered":"<script type=\"application\/ld+json\" class=\"wp-parsely-metadata\">{\"@context\":\"https:\\\/\\\/schema.org\",\"@type\":\"WebPage\",\"headline\":\"Intelligente L\\u00f6sungen f\\u00fcr den Immobiliensektor\",\"url\":\"http:\\\/\\\/www.capgemini.com\\\/de-de\\\/solutions\\\/intelligent-property-solutions\\\/\",\"mainEntityOfPage\":{\"@type\":\"WebPage\",\"@id\":\"http:\\\/\\\/www.capgemini.com\\\/de-de\\\/solutions\\\/intelligent-property-solutions\\\/\"},\"thumbnailUrl\":\"https:\\\/\\\/www.capgemini.com\\\/de-de\\\/wp-content\\\/uploads\\\/sites\\\/8\\\/2023\\\/03\\\/Intelligent_Property_Solutions-Webpage_Background.jpg?w=150&h=150&crop=1\",\"image\":{\"@type\":\"ImageObject\",\"url\":\"https:\\\/\\\/www.capgemini.com\\\/de-de\\\/wp-content\\\/uploads\\\/sites\\\/8\\\/2023\\\/03\\\/Intelligent_Property_Solutions-Webpage_Background.jpg\"},\"articleSection\":\"Uncategorized\",\"author\":[],\"creator\":[],\"publisher\":{\"@type\":\"Organization\",\"name\":\"Capgemini\",\"logo\":\"\"},\"keywords\":[],\"dateCreated\":\"2023-03-17T07:37:55Z\",\"datePublished\":\"2023-03-17T07:37:55Z\",\"dateModified\":\"2025-03-05T04:23:36Z\"}<\/script>","tracker_url":"https:\/\/cdn.parsely.com\/keys\/capgemini.com\/p.js"},"archive_status":false,"featured_image_src":"https:\/\/www.capgemini.com\/de-de\/wp-content\/uploads\/sites\/8\/2023\/03\/Intelligent_Property_Solutions-Webpage_Background.jpg","featured_image_alt":"","jetpack_sharing_enabled":true,"distributor_meta":false,"distributor_terms":false,"distributor_media":false,"distributor_original_site_name":"Capgemini","distributor_original_site_url":"https:\/\/www.capgemini.com\/de-de","push-errors":false,"_links":{"self":[{"href":"https:\/\/www.capgemini.com\/de-de\/wp-json\/wp\/v2\/pages\/822248","targetHints":{"allow":["GET"]}}],"collection":[{"href":"https:\/\/www.capgemini.com\/de-de\/wp-json\/wp\/v2\/pages"}],"about":[{"href":"https:\/\/www.capgemini.com\/de-de\/wp-json\/wp\/v2\/types\/page"}],"author":[{"embeddable":true,"href":"https:\/\/www.capgemini.com\/de-de\/wp-json\/wp\/v2\/users\/257"}],"replies":[{"embeddable":true,"href":"https:\/\/www.capgemini.com\/de-de\/wp-json\/wp\/v2\/comments?post=822248"}],"version-history":[{"count":6,"href":"https:\/\/www.capgemini.com\/de-de\/wp-json\/wp\/v2\/pages\/822248\/revisions"}],"predecessor-version":[{"id":875479,"href":"https:\/\/www.capgemini.com\/de-de\/wp-json\/wp\/v2\/pages\/822248\/revisions\/875479"}],"up":[{"embeddable":true,"href":"https:\/\/www.capgemini.com\/de-de\/wp-json\/wp\/v2\/pages\/743171"}],"wp:featuredmedia":[{"embeddable":true,"href":"https:\/\/www.capgemini.com\/de-de\/wp-json\/wp\/v2\/media\/822250"}],"wp:attachment":[{"href":"https:\/\/www.capgemini.com\/de-de\/wp-json\/wp\/v2\/media?parent=822248"}],"wp:term":[{"taxonomy":"brand","embeddable":true,"href":"https:\/\/www.capgemini.com\/de-de\/wp-json\/wp\/v2\/brand?post=822248"},{"taxonomy":"partner_type","embeddable":true,"href":"https:\/\/www.capgemini.com\/de-de\/wp-json\/wp\/v2\/partner_type?post=822248"},{"taxonomy":"service","embeddable":true,"href":"https:\/\/www.capgemini.com\/de-de\/wp-json\/wp\/v2\/service?post=822248"},{"taxonomy":"industry","embeddable":true,"href":"https:\/\/www.capgemini.com\/de-de\/wp-json\/wp\/v2\/industry?post=822248"},{"taxonomy":"partners","embeddable":true,"href":"https:\/\/www.capgemini.com\/de-de\/wp-json\/wp\/v2\/partners?post=822248"},{"taxonomy":"page-type","embeddable":true,"href":"https:\/\/www.capgemini.com\/de-de\/wp-json\/wp\/v2\/page-type?post=822248"},{"taxonomy":"content-group","embeddable":true,"href":"https:\/\/www.capgemini.com\/de-de\/wp-json\/wp\/v2\/content-group?post=822248"}],"curies":[{"name":"wp","href":"https:\/\/api.w.org\/{rel}","templated":true}]}}