{"id":817205,"date":"2022-06-23T14:34:32","date_gmt":"2022-06-23T12:34:32","guid":{"rendered":"https:\/\/www.capgemini.com\/?page_id=742906"},"modified":"2026-01-08T09:22:07","modified_gmt":"2026-01-08T09:22:07","slug":"supplier-integration-for-automotive","status":"publish","type":"page","link":"https:\/\/www.capgemini.com\/de-de\/solutions\/supplier-integration-for-automotive\/","title":{"rendered":"Lieferantenintegration f\u00fcr die Automobilindustrie"},"content":{"rendered":"\n<header class=\"wp-block-cg-blocks-hero-reusable header heroReusable  \"><div class=\"header-bgs\"><picture><source srcset=\"https:\/\/www.capgemini.com\/wp-content\/uploads\/2022\/06\/Capgemini_Solution_Supplier_integration-for-Automotive.jpg?w=2880&amp;quality=70 1x, https:\/\/www.capgemini.com\/wp-content\/uploads\/2022\/06\/Capgemini_Solution_Supplier_integration-for-Automotive.jpg?w=2880&amp;quality=70 2x\" media=\"(min-width: 1500px)\"\/><source srcset=\"https:\/\/www.capgemini.com\/wp-content\/uploads\/2022\/06\/Capgemini_Solution_Supplier_integration-for-Automotive.jpg?w=1440&amp;quality=70 1x, https:\/\/www.capgemini.com\/wp-content\/uploads\/2022\/06\/Capgemini_Solution_Supplier_integration-for-Automotive.jpg?w=2880&amp;quality=70 2x\" media=\"(min-width: 992px)\"\/><source srcset=\"https:\/\/www.capgemini.com\/wp-content\/uploads\/2022\/06\/Capgemini_Solution_Supplier_integration-for-Automotive.jpg?w=1024&amp;quality=70 1x, https:\/\/www.capgemini.com\/wp-content\/uploads\/2022\/06\/Capgemini_Solution_Supplier_integration-for-Automotive.jpg?w=1024&amp;quality=70 2x\" media=\"(min-width: 768px)\"\/><source srcset=\"https:\/\/www.capgemini.com\/wp-content\/uploads\/2022\/06\/Capgemini_Solution_Supplier_integration-for-Automotive.jpg?w=768&amp;quality=70 1x, https:\/\/www.capgemini.com\/wp-content\/uploads\/2022\/06\/Capgemini_Solution_Supplier_integration-for-Automotive.jpg?w=768&amp;quality=70 2x\" media=\"(min-width: 0)\"\/><img decoding=\"async\" src=\"https:\/\/www.capgemini.com\/wp-content\/uploads\/2022\/06\/Capgemini_Solution_Supplier_integration-for-Automotive.jpg\" class=\"header-img header-img-d\" alt=\"\" style=\"object-fit:cover;object-position:51% 46%\" loading=\"eager\"\/><\/picture><\/div><div class=\"heroPictureCardHeaderShape\"><\/div><div class=\"container\"><div class=\"row\"><div class=\"col-md-12\"><div class=\"box\"><div class=\"boxTagWrapper\"><div class=\"tagInfo\"><div><span class=\"box-tag\">Solution<\/span><\/div><\/div><\/div><div class=\"box-title\"><h1 data-maxlength=\"34\">Lieferantenintegration f\u00fcr die Automobilindustrie<\/h1><\/div><div class=\"inner-row-insight download-btn\"><\/div><\/div><\/div><\/div><\/div><\/header>\n\n\n\n<section class=\"wp-block-cg-blocks-intro-para undefined section section--intro\"><div class=\"intro-para\"><div class=\"container\"><div class=\"row\"><div class=\"col-12 col-md-1\"><nav class=\"article-social\"><ul class=\"social-nav\"><li class=\"ip-order-fb\"><a href=\"https:\/\/www.facebook.com\/sharer\/sharer.php?u=https:\/\/www.capgemini.com\/de-de\/solutions\/supplier-integration-for-automotive\/\" target=\"_blank\" rel=\"noopener noreferrer\" title=\"In neuem Fenster \u00f6ffnen\"><i aria-hidden=\"true\" class=\"icon-fb\"><\/i><span class=\"sr-only\">Facebook<\/span><\/a><\/li><li class=\"ip-order-li\"><a href=\"https:\/\/www.linkedin.com\/sharing\/share-offsite\/?url=https:\/\/www.capgemini.com\/de-de\/solutions\/supplier-integration-for-automotive\/\" target=\"_blank\" rel=\"noopener noreferrer\" title=\"In neuem Fenster \u00f6ffnen\"><i aria-hidden=\"true\" class=\"icon-li\"><\/i><span class=\"sr-only\">Linkedin<\/span><\/a><\/li><\/ul><\/nav><\/div><div class=\"col-12 col-md-11 col-lg-10\"><h2 class=\"intro-para-title\">Sichere, nahtlose Lieferantenintegration f\u00fcr die Automobilindustrie.<\/h2><p class=\"intro-para-content\">In der Automobilindustrie gibt es &#8211; mehr als in den meisten anderen Branchen &#8211; ein komplexes \u00d6kosystem von Zulieferern. Wie stellen Sie sicher, dass Ihre Zulieferer ihre Beziehungen zu Ihnen selbst verwalten k\u00f6nnen?<\/p><\/div><\/div><\/div><\/div><\/section>\n\n\n\n<section class=\"wp-block-cg-blocks-intro-para-video is-style-cg-sapphire1 section section--info-2cols section--insights section-video \"><div class=\"bg-color video-align-right\"><div class=\"container\"><div class=\"row video-align-left\"><div class=\"col-md-12\"><div class=\"video-align-left row box box--4 box--mini\"><div class=\"col-md-3\"><h3 class=\"Video-title\" data-maxlength=\"34\"><\/h3><div class=\"video-info\"><p data-maxlength=\"68\">Capgemini Supplier Integration for Automotive <\/p><\/div><\/div><div class=\"col-md-8 box-img-wrapper\"><div class=\"video-box\"><div class=\"video-wrapper\"><iframe title=\"video-section\" src=\"https:\/\/www.youtube.com\/embed\/EganL1AbWDo?rel=0&amp;modestbranding=1&amp;playsinline=1&amp;enablejsapi=1\" frameborder=\"0\" allow=\"accelerometer; autoplay; clipboard-write; encrypted-media; gyroscope; picture-in-picture\" allowfullscreen loading=\"lazy\" referrerpolicy=\"strict-origin-when-cross-origin\"><\/iframe><\/div><\/div><\/div><div class=\"col-md-1\"><\/div><\/div><\/div><\/div><\/div><\/div><\/section>\n\n\n\n<section class=\"wp-block-cg-blocks-group undefined section section--article-content\"><div class=\"article-main-content\"><div class=\"container\"><div class=\"row\"><div class=\"col-12 col-md-11 col-lg-10 offset-md-1 offset-lg-1\"><div class=\"article-text article-quote-text\">\n<p>Die Capgemini Supplier Integration for Automotive ist eine App, die die Zusammenarbeit zwischen einem Unternehmen und seinen Zulieferern verbessern hilft. Sie bietet sowohl dem Unternehmen als auch dem Zulieferer eine zus\u00e4tzliche Ebene der Transparenz, die sich auf die Rolle des Zulieferers innerhalb einer rechtlichen Einheit des Unternehmensnetzwerks des Zulieferers bezieht.<\/p>\n\n\n\n<p>Die Vorteile sind vielf\u00e4ltig und kommen sowohl dem Arbeitgeber als auch dem Lieferanten zugute. Dazu geh\u00f6ren:<\/p>\n\n\n\n<ul class=\"wp-block-list\">\n<li>Weniger Verwaltungsaufwand: Die Benutzer erstellen ihre Konten \u00fcber ein Self-Service-Portal. Sobald eine Administrationsrolle angelegt ist, k\u00f6nnen alle weiteren Aufgaben vom Anbieter selbst durchgef\u00fchrt werden.<\/li>\n\n\n\n<li>Vordefiniertes Rollenkonzept: Benutzern k\u00f6nnen verschiedene Rollen zugewiesen werden, die ihnen nur den Zugriff auf bestimmte Daten und Anwendungen erlauben, auch wenn sie f\u00fcr mehrere juristische Personen arbeiten.<\/li>\n\n\n\n<li>Eingebettetes Workflow-Konzept: Die Workflows der App k\u00f6nnen durch einfache Workflow-Modellierung in bestehende SAP-Workflow-Services eingebettet werden.<\/li>\n<\/ul>\n\n\n\n<p>Supplier Integration for Automotive ist Teil der SAP-L\u00f6sungen von Capgemini f\u00fcr die Automobilbranche. Die gesamte Angebotspalette umfasst die SAP S\/4HANA Cloud f\u00fcr Automobilzulieferer und den AutoPath Accelerator.<\/p>\n\n\n\n<p>SAP bietet die Leistung, die es uns erm\u00f6glicht, unsere Verpflichtung gegen\u00fcber der Automobilindustrie zu erf\u00fcllen, um schnelle Innovationen voranzutreiben und neue Gesch\u00e4ftsmodelle zu beschleunigen, zu implementieren und zu skalieren, um ein erneuerbares Unternehmen zu werden, indem wir die SAP Cloud Platform nutzen.<\/p>\n\n\n\n<div style=\"height:30px\" aria-hidden=\"true\" class=\"wp-block-spacer\"><\/div>\n\n\n\n<h4 class=\"wp-block-heading\" id=\"h-capgemini-lieferantenintegration-fur-die-automobilindustrie\">Capgemini Lieferantenintegration f\u00fcr die Automobilindustrie<\/h4>\n\n\n\n<figure class=\"wp-block-image alignleft size-full\"><a href=\"https:\/\/store.sap.com\/dcp\/en\/product\/display-0000060634_live_v1\/Capgemini%20Supplier%20Integration%20for%20Automotive%20\" target=\"_blank\" rel=\"noopener\"><img decoding=\"async\" src=\"https:\/\/www.capgemini.com\/wp-content\/uploads\/2022\/01\/Endorsed-on-available-on-sap-store-wh-bg.png\" alt=\"\" class=\"wp-image-647017\"\/><\/a><\/figure>\n\n\n\n<p>Ob iOS, Android oder webbasiert, Capgeminis Supplier Integration for Automotive funktioniert in jeder SAP-Umgebung &#8211; ECC oder SAP S\/4HANA &#8211; unabh\u00e4ngig vom Grad der Anpassung.<\/p>\n<\/div><\/div><\/div><\/div><\/div><\/section>\n","protected":false},"excerpt":{"rendered":"","protected":false},"author":151,"featured_media":0,"parent":743171,"menu_order":0,"comment_status":"closed","ping_status":"closed","template":"","meta":{"cg_dt_proposed_to":[],"cg_seo_hreflang_relations":"[]","cg_seo_canonical_relation":"","cg_seo_hreflang_x_default_relation":"{\"uuid\":\"66c0f2ea-6f33-403d-b52e-b50cb604cfe0\",\"blogId\":\"\",\"domain\":\"\",\"sitePath\":\"\",\"postLink\":\"\",\"postId\":null,\"isSaved\":true,\"isCrossLink\":false,\"hasCrossLink\":false}","cg_dt_approved_content":true,"cg_dt_mandatory_content":false,"cg_dt_notes":"","cg_dg_source_changed":true,"cg_dt_link_disabled":false,"_yoast_wpseo_primary_brand":"","footnotes":"","featured_focal_points":"","partner_card_description":"","gsap_animation":0},"brand":[],"partner_type":[],"service":[],"industry":[25],"partners":[138],"page-type":[287],"content-group":[],"class_list":["post-817205","page","type-page","status-publish","hentry","industry-automotive","partners-sap","page-type-solutions"],"yoast_head":"<!-- This site is optimized with the Yoast SEO Premium plugin v22.8 (Yoast SEO v22.8) - https:\/\/yoast.com\/wordpress\/plugins\/seo\/ -->\n<title>Lieferantenintegration f\u00fcr die Automobilindustrie - Capgemini<\/title>\n<meta name=\"robots\" content=\"index, follow, max-snippet:-1, max-image-preview:large, max-video-preview:-1\" \/>\n<link rel=\"canonical\" href=\"https:\/\/www.capgemini.com\/de-de\/solutions\/supplier-integration-for-automotive\/\" \/>\n<meta property=\"og:locale\" content=\"de_DE\" \/>\n<meta property=\"og:type\" content=\"article\" \/>\n<meta property=\"og:title\" content=\"Lieferantenintegration f\u00fcr die Automobilindustrie - Capgemini\" \/>\n<meta property=\"og:url\" content=\"https:\/\/www.capgemini.com\/de-de\/solutions\/supplier-integration-for-automotive\/\" \/>\n<meta property=\"og:site_name\" content=\"Capgemini\" \/>\n<meta property=\"article:modified_time\" content=\"2026-01-08T09:22:07+00:00\" \/>\n<meta property=\"og:image\" content=\"https:\/\/www.capgemini.com\/wp-content\/uploads\/2022\/06\/Capgemini_Solution_Supplier_integration-for-Automotive.jpg\" \/>\n<meta name=\"twitter:card\" content=\"summary_large_image\" \/>\n<meta name=\"twitter:label1\" content=\"Est. reading time\" \/>\n\t<meta name=\"twitter:data1\" content=\"2 minutes\" \/>\n<script type=\"application\/ld+json\" class=\"yoast-schema-graph\">{\"@context\":\"https:\/\/schema.org\",\"@graph\":[{\"@type\":\"WebPage\",\"@id\":\"https:\/\/www.capgemini.com\/de-de\/solutions\/supplier-integration-for-automotive\/\",\"url\":\"https:\/\/www.capgemini.com\/de-de\/solutions\/supplier-integration-for-automotive\/\",\"name\":\"Lieferantenintegration f\u00fcr die Automobilindustrie - Capgemini\",\"isPartOf\":{\"@id\":\"https:\/\/www.capgemini.com\/de-de\/#website\"},\"primaryImageOfPage\":{\"@id\":\"https:\/\/www.capgemini.com\/de-de\/solutions\/supplier-integration-for-automotive\/#primaryimage\"},\"image\":{\"@id\":\"https:\/\/www.capgemini.com\/de-de\/solutions\/supplier-integration-for-automotive\/#primaryimage\"},\"thumbnailUrl\":\"https:\/\/www.capgemini.com\/wp-content\/uploads\/2022\/06\/Capgemini_Solution_Supplier_integration-for-Automotive.jpg\",\"datePublished\":\"2022-06-23T12:34:32+00:00\",\"dateModified\":\"2026-01-08T09:22:07+00:00\",\"breadcrumb\":{\"@id\":\"https:\/\/www.capgemini.com\/de-de\/solutions\/supplier-integration-for-automotive\/#breadcrumb\"},\"inLanguage\":\"de-DE\",\"potentialAction\":[{\"@type\":\"ReadAction\",\"target\":[\"https:\/\/www.capgemini.com\/de-de\/solutions\/supplier-integration-for-automotive\/\"]}]},{\"@type\":\"ImageObject\",\"inLanguage\":\"de-DE\",\"@id\":\"https:\/\/www.capgemini.com\/de-de\/solutions\/supplier-integration-for-automotive\/#primaryimage\",\"url\":\"https:\/\/www.capgemini.com\/wp-content\/uploads\/2022\/06\/Capgemini_Solution_Supplier_integration-for-Automotive.jpg\",\"contentUrl\":\"https:\/\/www.capgemini.com\/wp-content\/uploads\/2022\/06\/Capgemini_Solution_Supplier_integration-for-Automotive.jpg\"},{\"@type\":\"BreadcrumbList\",\"@id\":\"https:\/\/www.capgemini.com\/de-de\/solutions\/supplier-integration-for-automotive\/#breadcrumb\",\"itemListElement\":[{\"@type\":\"ListItem\",\"position\":1,\"name\":\"Solutions\",\"item\":\"https:\/\/www.capgemini.com\/de-de\/solutions\/\"},{\"@type\":\"ListItem\",\"position\":2,\"name\":\"Lieferantenintegration f\u00fcr die Automobilindustrie\"}]},{\"@type\":\"WebSite\",\"@id\":\"https:\/\/www.capgemini.com\/de-de\/#website\",\"url\":\"https:\/\/www.capgemini.com\/de-de\/\",\"name\":\"Capgemini Deutschland\",\"description\":\"Make it real\",\"potentialAction\":[{\"@type\":\"SearchAction\",\"target\":{\"@type\":\"EntryPoint\",\"urlTemplate\":\"https:\/\/www.capgemini.com\/de-de\/?s={search_term_string}\"},\"query-input\":\"required name=search_term_string\"}],\"inLanguage\":\"de-DE\"}]}<\/script>\n<!-- \/ Yoast SEO Premium plugin. -->","yoast_head_json":{"title":"Lieferantenintegration f\u00fcr die Automobilindustrie - Capgemini","robots":{"index":"index","follow":"follow","max-snippet":"max-snippet:-1","max-image-preview":"max-image-preview:large","max-video-preview":"max-video-preview:-1"},"canonical":"https:\/\/www.capgemini.com\/de-de\/solutions\/supplier-integration-for-automotive\/","og_locale":"de_DE","og_type":"article","og_title":"Lieferantenintegration f\u00fcr die Automobilindustrie - Capgemini","og_url":"https:\/\/www.capgemini.com\/de-de\/solutions\/supplier-integration-for-automotive\/","og_site_name":"Capgemini","article_modified_time":"2026-01-08T09:22:07+00:00","og_image":[{"url":"https:\/\/www.capgemini.com\/wp-content\/uploads\/2022\/06\/Capgemini_Solution_Supplier_integration-for-Automotive.jpg"}],"twitter_card":"summary_large_image","twitter_misc":{"Est. reading time":"2 minutes"},"schema":{"@context":"https:\/\/schema.org","@graph":[{"@type":"WebPage","@id":"https:\/\/www.capgemini.com\/de-de\/solutions\/supplier-integration-for-automotive\/","url":"https:\/\/www.capgemini.com\/de-de\/solutions\/supplier-integration-for-automotive\/","name":"Lieferantenintegration f\u00fcr die Automobilindustrie - Capgemini","isPartOf":{"@id":"https:\/\/www.capgemini.com\/de-de\/#website"},"primaryImageOfPage":{"@id":"https:\/\/www.capgemini.com\/de-de\/solutions\/supplier-integration-for-automotive\/#primaryimage"},"image":{"@id":"https:\/\/www.capgemini.com\/de-de\/solutions\/supplier-integration-for-automotive\/#primaryimage"},"thumbnailUrl":"https:\/\/www.capgemini.com\/wp-content\/uploads\/2022\/06\/Capgemini_Solution_Supplier_integration-for-Automotive.jpg","datePublished":"2022-06-23T12:34:32+00:00","dateModified":"2026-01-08T09:22:07+00:00","breadcrumb":{"@id":"https:\/\/www.capgemini.com\/de-de\/solutions\/supplier-integration-for-automotive\/#breadcrumb"},"inLanguage":"de-DE","potentialAction":[{"@type":"ReadAction","target":["https:\/\/www.capgemini.com\/de-de\/solutions\/supplier-integration-for-automotive\/"]}]},{"@type":"ImageObject","inLanguage":"de-DE","@id":"https:\/\/www.capgemini.com\/de-de\/solutions\/supplier-integration-for-automotive\/#primaryimage","url":"https:\/\/www.capgemini.com\/wp-content\/uploads\/2022\/06\/Capgemini_Solution_Supplier_integration-for-Automotive.jpg","contentUrl":"https:\/\/www.capgemini.com\/wp-content\/uploads\/2022\/06\/Capgemini_Solution_Supplier_integration-for-Automotive.jpg"},{"@type":"BreadcrumbList","@id":"https:\/\/www.capgemini.com\/de-de\/solutions\/supplier-integration-for-automotive\/#breadcrumb","itemListElement":[{"@type":"ListItem","position":1,"name":"Solutions","item":"https:\/\/www.capgemini.com\/de-de\/solutions\/"},{"@type":"ListItem","position":2,"name":"Lieferantenintegration f\u00fcr die Automobilindustrie"}]},{"@type":"WebSite","@id":"https:\/\/www.capgemini.com\/de-de\/#website","url":"https:\/\/www.capgemini.com\/de-de\/","name":"Capgemini Deutschland","description":"Make it real","potentialAction":[{"@type":"SearchAction","target":{"@type":"EntryPoint","urlTemplate":"https:\/\/www.capgemini.com\/de-de\/?s={search_term_string}"},"query-input":"required name=search_term_string"}],"inLanguage":"de-DE"}]}},"brand_term":[],"parsely":{"version":"1.1.0","canonical_url":"https:\/\/capgemini.com\/de-de\/solutions\/supplier-integration-for-automotive\/","smart_links":{"inbound":0,"outbound":0},"traffic_boost_suggestions_count":0,"meta":{"@context":"https:\/\/schema.org","@type":"WebPage","headline":"Lieferantenintegration f\u00fcr die Automobilindustrie","url":"http:\/\/www.capgemini.com\/de-de\/solutions\/supplier-integration-for-automotive\/","mainEntityOfPage":{"@type":"WebPage","@id":"http:\/\/www.capgemini.com\/de-de\/solutions\/supplier-integration-for-automotive\/"},"thumbnailUrl":"","image":{"@type":"ImageObject","url":""},"articleSection":"Uncategorized","author":[],"creator":[],"publisher":{"@type":"Organization","name":"Capgemini","logo":""},"keywords":[],"dateCreated":"2022-06-23T12:34:32Z","datePublished":"2022-06-23T12:34:32Z","dateModified":"2026-01-08T09:22:07Z"},"rendered":"<script type=\"application\/ld+json\" class=\"wp-parsely-metadata\">{\"@context\":\"https:\\\/\\\/schema.org\",\"@type\":\"WebPage\",\"headline\":\"Lieferantenintegration f\\u00fcr die Automobilindustrie\",\"url\":\"http:\\\/\\\/www.capgemini.com\\\/de-de\\\/solutions\\\/supplier-integration-for-automotive\\\/\",\"mainEntityOfPage\":{\"@type\":\"WebPage\",\"@id\":\"http:\\\/\\\/www.capgemini.com\\\/de-de\\\/solutions\\\/supplier-integration-for-automotive\\\/\"},\"thumbnailUrl\":\"\",\"image\":{\"@type\":\"ImageObject\",\"url\":\"\"},\"articleSection\":\"Uncategorized\",\"author\":[],\"creator\":[],\"publisher\":{\"@type\":\"Organization\",\"name\":\"Capgemini\",\"logo\":\"\"},\"keywords\":[],\"dateCreated\":\"2022-06-23T12:34:32Z\",\"datePublished\":\"2022-06-23T12:34:32Z\",\"dateModified\":\"2026-01-08T09:22:07Z\"}<\/script>","tracker_url":"https:\/\/cdn.parsely.com\/keys\/capgemini.com\/p.js"},"archive_status":false,"featured_image_src":"https:\/\/www.capgemini.com\/de-de\/wp-content\/themes\/capgemini2025\/assets\/images\/mockup.png","featured_image_alt":false,"jetpack_sharing_enabled":true,"distributor_meta":false,"distributor_terms":false,"distributor_media":false,"distributor_original_site_name":"Capgemini","distributor_original_site_url":"https:\/\/www.capgemini.com\/de-de","push-errors":false,"_links":{"self":[{"href":"https:\/\/www.capgemini.com\/de-de\/wp-json\/wp\/v2\/pages\/817205","targetHints":{"allow":["GET"]}}],"collection":[{"href":"https:\/\/www.capgemini.com\/de-de\/wp-json\/wp\/v2\/pages"}],"about":[{"href":"https:\/\/www.capgemini.com\/de-de\/wp-json\/wp\/v2\/types\/page"}],"author":[{"embeddable":true,"href":"https:\/\/www.capgemini.com\/de-de\/wp-json\/wp\/v2\/users\/151"}],"replies":[{"embeddable":true,"href":"https:\/\/www.capgemini.com\/de-de\/wp-json\/wp\/v2\/comments?post=817205"}],"version-history":[{"count":10,"href":"https:\/\/www.capgemini.com\/de-de\/wp-json\/wp\/v2\/pages\/817205\/revisions"}],"predecessor-version":[{"id":890503,"href":"https:\/\/www.capgemini.com\/de-de\/wp-json\/wp\/v2\/pages\/817205\/revisions\/890503"}],"up":[{"embeddable":true,"href":"https:\/\/www.capgemini.com\/de-de\/wp-json\/wp\/v2\/pages\/743171"}],"wp:attachment":[{"href":"https:\/\/www.capgemini.com\/de-de\/wp-json\/wp\/v2\/media?parent=817205"}],"wp:term":[{"taxonomy":"brand","embeddable":true,"href":"https:\/\/www.capgemini.com\/de-de\/wp-json\/wp\/v2\/brand?post=817205"},{"taxonomy":"partner_type","embeddable":true,"href":"https:\/\/www.capgemini.com\/de-de\/wp-json\/wp\/v2\/partner_type?post=817205"},{"taxonomy":"service","embeddable":true,"href":"https:\/\/www.capgemini.com\/de-de\/wp-json\/wp\/v2\/service?post=817205"},{"taxonomy":"industry","embeddable":true,"href":"https:\/\/www.capgemini.com\/de-de\/wp-json\/wp\/v2\/industry?post=817205"},{"taxonomy":"partners","embeddable":true,"href":"https:\/\/www.capgemini.com\/de-de\/wp-json\/wp\/v2\/partners?post=817205"},{"taxonomy":"page-type","embeddable":true,"href":"https:\/\/www.capgemini.com\/de-de\/wp-json\/wp\/v2\/page-type?post=817205"},{"taxonomy":"content-group","embeddable":true,"href":"https:\/\/www.capgemini.com\/de-de\/wp-json\/wp\/v2\/content-group?post=817205"}],"curies":[{"name":"wp","href":"https:\/\/api.w.org\/{rel}","templated":true}]}}