{"id":816523,"date":"2023-01-26T12:03:39","date_gmt":"2023-01-26T11:03:39","guid":{"rendered":"https:\/\/www.capgemini.com\/?page_id=853451"},"modified":"2025-03-05T04:27:32","modified_gmt":"2025-03-05T04:27:32","slug":"research-innovation","status":"publish","type":"page","link":"https:\/\/www.capgemini.com\/de-de\/solutions\/research-innovation\/","title":{"rendered":"Research &#038; Innovation"},"content":{"rendered":"\n<header class=\"wp-block-cg-blocks-hero-reusable header heroReusable  \"><div class=\"header-bgs\"><picture><source srcset=\"https:\/\/www.capgemini.com\/wp-content\/uploads\/2023\/01\/Hero-Banner-RI.jpg?w=2880&amp;quality=70 1x, https:\/\/www.capgemini.com\/wp-content\/uploads\/2023\/01\/Hero-Banner-RI.jpg?w=2880&amp;quality=70 2x\" media=\"(min-width: 1500px)\"\/><source srcset=\"https:\/\/www.capgemini.com\/wp-content\/uploads\/2023\/01\/Hero-Banner-RI.jpg?w=1440&amp;quality=70 1x, https:\/\/www.capgemini.com\/wp-content\/uploads\/2023\/01\/Hero-Banner-RI.jpg?w=2880&amp;quality=70 2x\" media=\"(min-width: 992px)\"\/><source srcset=\"https:\/\/www.capgemini.com\/wp-content\/uploads\/2023\/01\/Hero-Banner-RI.jpg?w=1024&amp;quality=70 1x, https:\/\/www.capgemini.com\/wp-content\/uploads\/2023\/01\/Hero-Banner-RI.jpg?w=1024&amp;quality=70 2x\" media=\"(min-width: 768px)\"\/><source srcset=\"https:\/\/www.capgemini.com\/wp-content\/uploads\/2023\/01\/Hero-Banner-RI.jpg?w=768&amp;quality=70 1x, https:\/\/www.capgemini.com\/wp-content\/uploads\/2023\/01\/Hero-Banner-RI.jpg?w=768&amp;quality=70 2x\" media=\"(min-width: 0)\"\/><img decoding=\"async\" src=\"https:\/\/www.capgemini.com\/wp-content\/uploads\/2023\/01\/Hero-Banner-RI.jpg\" class=\"header-img header-img-d\" alt=\"\" style=\"object-fit:cover;object-position:77% 81%\" loading=\"eager\"\/><\/picture><\/div><div class=\"heroPictureCardHeaderShape\"><\/div><div class=\"container\"><div class=\"row\"><div class=\"col-md-12\"><div class=\"box\"><div class=\"boxTagWrapper\"><div class=\"tagInfo\"><div><span class=\"box-tag\">Innovation<\/span><\/div><\/div><div class=\"brandInfo\"><div class=\"brandLogo\"><img decoding=\"async\" loading=\"lazy\" src=\"\/wp-content\/themes\/capgemini2020\/assets\/images\/capgemini-engineering.svg\" alt=\"capgemini-engineering\"\/><\/div><\/div><\/div><div class=\"box-title\"><h1 data-maxlength=\"34\">Research &amp; Innovation<\/h1><\/div><div class=\"inner-row-insight download-btn\"><\/div><\/div><\/div><\/div><\/div><\/header>\n\n\n\n<section class=\"wp-block-cg-blocks-intro-para undefined section section--intro\"><div class=\"intro-para\"><div class=\"container\"><div class=\"row\"><div class=\"col-12 col-md-1\"><nav class=\"article-social\"><ul class=\"social-nav\"><li class=\"ip-order-fb\"><a href=\"https:\/\/www.facebook.com\/sharer\/sharer.php?u=https:\/\/www.capgemini.com\/de-de\/solutions\/research-innovation\/\" target=\"_blank\" rel=\"noopener noreferrer\" title=\"In neuem Fenster \u00f6ffnen\"><i aria-hidden=\"true\" class=\"icon-fb\"><\/i><span class=\"sr-only\">Facebook<\/span><\/a><\/li><li class=\"ip-order-li\"><a href=\"https:\/\/www.linkedin.com\/sharing\/share-offsite\/?url=https:\/\/www.capgemini.com\/de-de\/solutions\/research-innovation\/\" target=\"_blank\" rel=\"noopener noreferrer\" title=\"In neuem Fenster \u00f6ffnen\"><i aria-hidden=\"true\" class=\"icon-li\"><\/i><span class=\"sr-only\">Linkedin<\/span><\/a><\/li><\/ul><\/nav><\/div><div class=\"col-12 col-md-11 col-lg-10\"><h2 class=\"intro-para-title\">Innovation ben\u00f6tigt Durchhalteverm\u00f6gen<\/h2><p class=\"intro-para-content\">Wertsch\u00f6pfung bedeutet, einen Unterschied f\u00fcr die Menschen und den Planeten zu machen. Es geht nicht darum, alles zu erreichen, sondern sich intensiv auf eine \u00fcberzeugende Erfahrung zu konzentrieren, die mit einer neuen Idee\/Denkweise oder einem neuen Gesch\u00e4ftsmodell beginnt und dann zu einer breiteren Akzeptanz f\u00fchrt. R&amp;I definiert die Intelligente Industrie durch die Gestaltung der allgegenw\u00e4rtigen digitalen Welt, die Optimierung in einer immer komplexeren Wertsch\u00f6pfungskette und die Erzielung von Durchbr\u00fcchen bei der \u00f6kologischen Nachhaltigkeit.<\/p><\/div><\/div><\/div><\/div><\/section>\n\n\n\n<section class=\"wp-block-cg-blocks-group undefined section section--article-content\"><div class=\"article-main-content\"><div class=\"container\"><div class=\"row\"><div class=\"col-12 col-md-11 col-lg-10 offset-md-1 offset-lg-1\"><div class=\"article-text article-quote-text\">\n<h2 class=\"wp-block-heading\" id=\"h-wir-untersuchen-die-zukunft-der-industrie-mit-sieben-forschungs-und-innovationsprogrammen\">Wir untersuchen die Zukunft der Industrie mit sieben Forschungs- und Innovationsprogrammen<\/h2>\n\n\n\n<p>Unsere Forschungs- und Innovationsprogramme sind Akzeleratoren, die Kunden mit hochintensiver Forschung und Entwicklung dabei helfen, den Wert neuer und disruptiver Technologien durch wegweisende Engagements zu erschlie\u00dfen, die auf erkennbaren Werten aufbauen. Unsere Kunden kommen weiter, und schneller an Ziele, die sie allein nicht unbedingt erreichen w\u00fcrden.<\/p>\n<\/div><\/div><\/div><\/div><\/div><\/section>\n\n\n\n<section class=\"wp-block-cg-blocks-learn-more learnMoreBlock updated-new-sample-amal\"><div class=\"container\"><div class=\"content-title\"><h3><\/h3><\/div><div class=\"row\"><div class=\"col-md-4\"><div class=\"box\"><div class=\"box-wrapper\"><div class=\"box-img-wrapper\"><img decoding=\"async\" src=\"https:\/\/www.capgemini.com\/wp-content\/uploads\/2023\/01\/Future-of-Mobility_Ri-1.jpg?w=500&amp;quality=70\" srcset=\"https:\/\/www.capgemini.com\/wp-content\/uploads\/2023\/01\/Future-of-Mobility_Ri-1.jpg?w=500&amp;quality=70 1x, https:\/\/www.capgemini.com\/wp-content\/uploads\/2023\/01\/Future-of-Mobility_Ri-1.jpg?w=1000&amp;quality=70 2x\" class=\"box-img\" alt=\"\" style=\"object-fit:cover;object-position:50% 50%\" loading=\"lazy\"\/><\/div><h4>Future of Mobility<\/h4><\/div><\/div><div class=\"box-inner\"><p class=\"box-desc\">Weiterentwicklung der Zukunft des Flugverkehrs, des multimodalen Verkehrs, der gemeinsamen Mobilit\u00e4t und der Logistik auf der letzten Meile durch die Verwirklichung der Vision von sichereren, kollaborativen und autonomen Fahrzeugen f\u00fcr nachhaltige st\u00e4dtische Metropolen<\/p><\/div><\/div><div class=\"col-md-4\"><div class=\"box\"><div class=\"box-wrapper\"><div class=\"box-img-wrapper\"><img decoding=\"async\" src=\"https:\/\/www.capgemini.com\/wp-content\/uploads\/2023\/01\/Future-of-networks-Compute.jpg?w=500&amp;quality=70\" srcset=\"https:\/\/www.capgemini.com\/wp-content\/uploads\/2023\/01\/Future-of-networks-Compute.jpg?w=500&amp;quality=70 1x, https:\/\/www.capgemini.com\/wp-content\/uploads\/2023\/01\/Future-of-networks-Compute.jpg?w=1000&amp;quality=70 2x\" class=\"box-img\" alt=\"\" style=\"object-fit:cover;object-position:50% 50%\" loading=\"lazy\"\/><\/div><h4>Future of Networks &amp; Compute<\/h4><\/div><\/div><div class=\"box-inner\"><p class=\"box-desc\">Beseitigen Sie die Einschr\u00e4nkungen bei Rechen-, Netzwerk- und Speicherkapazit\u00e4ten f\u00fcr die n\u00e4chste Generation immersiver Erlebnisse und freuen Sie sich auf die Zukunft der Weltraumwirtschaft<\/p><\/div><\/div><div class=\"col-md-4\"><div class=\"box\"><div class=\"box-wrapper\"><div class=\"box-img-wrapper\"><img decoding=\"async\" src=\"https:\/\/www.capgemini.com\/wp-content\/uploads\/2023\/01\/Future-of-healthcare.jpg?w=500&amp;quality=70\" srcset=\"https:\/\/www.capgemini.com\/wp-content\/uploads\/2023\/01\/Future-of-healthcare.jpg?w=500&amp;quality=70 1x, https:\/\/www.capgemini.com\/wp-content\/uploads\/2023\/01\/Future-of-healthcare.jpg?w=1000&amp;quality=70 2x\" class=\"box-img\" alt=\"\" style=\"object-fit:cover;object-position:50% 50%\" loading=\"lazy\"\/><\/div><h4>Future of Healthcare<\/h4><\/div><\/div><div class=\"box-inner\"><p class=\"box-desc\">Entwicklung von Technologieplattformen f\u00fcr Pharmakogenomik, digitale Therapeutika und pr\u00e4diktive Medizin, die die Art und Weise, wie wir Krankheiten heilen und behandeln, unter Ber\u00fccksichtigung der Variabilit\u00e4t von Genen, Lebensstil und Ansprechen auf Therapien revolutionieren<\/p><\/div><\/div><\/div><\/div><\/section>\n\n\n\n<section class=\"wp-block-cg-blocks-wrapper-card-text-pic wrapperCardTextPic hero-bg-shape\"><div class=\"container\"><div class=\"row\"><div class=\"col-md-12\">\n<div class=\"wp-block-cg-blocks-card-text-pic-right\"><div class=\"row card-text-pic rightCard\"><div class=\"col-md-12\"><div class=\"box--section\"><div class=\"box  row-nobleed\"><div class=\"col-lg-8 col-md-12 box-inner\"><h3 class=\"titlewithoutLink\" data-maxlength=\"144\">Future of Sustainability<\/h3><p class=\"box-text\" data-maxlength=\"600\">Beschleunigung des \u00dcbergangs zu nachhaltigen Industrien durch den Aufbau von wissenschaftlich fundierten End-to-End-L\u00f6sungen, die zur \u00dcberwachung, Abschw\u00e4chung und Anpassung an den Klimawandel beitragen und gleichzeitig die langfristigen menschlichen und gesellschaftlichen Bed\u00fcrfnisse erf\u00fcllen<\/p><\/div><div class=\"col-lg-5 col-md-12 box-img-wrapper\"><picture><source srcset=\"https:\/\/www.capgemini.com\/wp-content\/uploads\/2023\/01\/Future-of-Sustainability.jpg?w=1000&amp;quality=70 1x, https:\/\/www.capgemini.com\/wp-content\/uploads\/2023\/01\/Future-of-Sustainability.jpg?w=1000&amp;quality=70 2x\" media=\"(min-width: 1500px)\"\/><source srcset=\"https:\/\/www.capgemini.com\/wp-content\/uploads\/2023\/01\/Future-of-Sustainability.jpg?w=500&amp;quality=70 1x, https:\/\/www.capgemini.com\/wp-content\/uploads\/2023\/01\/Future-of-Sustainability.jpg?w=1000&amp;quality=70 2x\" media=\"(min-width: 992px)\"\/><source srcset=\"https:\/\/www.capgemini.com\/wp-content\/uploads\/2023\/01\/Future-of-Sustainability.jpg?w=768&amp;quality=70 1x, https:\/\/www.capgemini.com\/wp-content\/uploads\/2023\/01\/Future-of-Sustainability.jpg?w=768&amp;quality=70 2x\" media=\"(min-width: 768px)\"\/><source srcset=\"https:\/\/www.capgemini.com\/wp-content\/uploads\/2023\/01\/Future-of-Sustainability.jpg?w=556&amp;quality=70 1x, https:\/\/www.capgemini.com\/wp-content\/uploads\/2023\/01\/Future-of-Sustainability.jpg?w=556&amp;quality=70 2x\" media=\"(min-width: 0)\"\/><img decoding=\"async\" src=\"https:\/\/www.capgemini.com\/wp-content\/uploads\/2023\/01\/Future-of-Sustainability.jpg\" class=\"box-img-without-hover\" alt=\"\" style=\"object-fit:cover;object-position:50% 50%\" loading=\"lazy\"\/><\/picture><\/div><\/div><\/div><\/div><\/div><\/div>\n<\/div><\/div><\/div><\/section>\n\n\n\n<section class=\"wp-block-cg-blocks-learn-more learnMoreBlock updated-new-sample-amal\"><div class=\"container\"><div class=\"content-title\"><h2 class=\"learnmore-heading\"><\/h2><\/div><div class=\"row\"><div class=\"col-md-4\"><div class=\"box\"><div class=\"box-wrapper\"><div class=\"box-img-wrapper\"><img decoding=\"async\" src=\"https:\/\/www.capgemini.com\/wp-content\/uploads\/2023\/01\/Future-of-energy.jpg?w=500&amp;quality=70\" srcset=\"https:\/\/www.capgemini.com\/wp-content\/uploads\/2023\/01\/Future-of-energy.jpg?w=500&amp;quality=70 1x, https:\/\/www.capgemini.com\/wp-content\/uploads\/2023\/01\/Future-of-energy.jpg?w=1000&amp;quality=70 2x\" class=\"box-img\" alt=\"\" style=\"object-fit:cover;object-position:50% 50%\" loading=\"lazy\"\/><\/div><h3>Future of Energy<\/h3><\/div><\/div><div class=\"box-inner\"><p class=\"box-desc\">Optimierung des Energieverbrauchs und intelligentere L\u00f6sungen zur Unterst\u00fctzung der Energiewende in ihren verschiedenen Komponenten<\/p><\/div><\/div><div class=\"col-md-4\"><div class=\"box\"><div class=\"box-wrapper\"><div class=\"box-img-wrapper\"><img decoding=\"async\" src=\"https:\/\/www.capgemini.com\/wp-content\/uploads\/2023\/01\/Future-of-engineering.jpg?w=500&amp;quality=70\" srcset=\"https:\/\/www.capgemini.com\/wp-content\/uploads\/2023\/01\/Future-of-engineering.jpg?w=500&amp;quality=70 1x, https:\/\/www.capgemini.com\/wp-content\/uploads\/2023\/01\/Future-of-engineering.jpg?w=1000&amp;quality=70 2x\" class=\"box-img\" alt=\"\" style=\"object-fit:cover;object-position:50% 50%\" loading=\"lazy\"\/><\/div><h3>Future of Engineering<\/h3><\/div><\/div><div class=\"box-inner\"><p class=\"box-desc\">Die Art und Weise, wie wir Produkte innovativ gestalten und den Planeten sch\u00fctzen, wird durch die Ber\u00fccksichtigung von Parameterkomplexit\u00e4t, autonomen Systemen, Everything-as-a-Service und Systemen von Systemen ver\u00e4ndert<\/p><\/div><\/div><div class=\"col-md-4\"><div class=\"box\"><div class=\"box-wrapper\"><div class=\"box-img-wrapper\"><img decoding=\"async\" src=\"https:\/\/www.capgemini.com\/wp-content\/uploads\/2023\/01\/Future-of-AI.jpg?w=500&amp;quality=70\" srcset=\"https:\/\/www.capgemini.com\/wp-content\/uploads\/2023\/01\/Future-of-AI.jpg?w=500&amp;quality=70 1x, https:\/\/www.capgemini.com\/wp-content\/uploads\/2023\/01\/Future-of-AI.jpg?w=1000&amp;quality=70 2x\" class=\"box-img\" alt=\"\" style=\"object-fit:cover;object-position:50% 50%\" loading=\"lazy\"\/><\/div><h3>Future of Applied AI<\/h3><\/div><\/div><div class=\"box-inner\"><p class=\"box-desc\">Durchdachte Anwendung von Data-Science- und maschinellen Lerntechnologien zur Skalierung branchenspezifischer Probleme in den Bereichen Pr\u00e4zisionsmedizin, autonome Systeme, Luft- und Raumfahrtsimulationen und industrielle Automatisierung<\/p><\/div><\/div><\/div><\/div><\/section>\n","protected":false},"excerpt":{"rendered":"<p>Capgemini Engineering explores the future of industries with 7 Research &#038; Innovation programs<\/p>\n","protected":false},"author":163,"featured_media":816524,"parent":743171,"menu_order":1,"comment_status":"closed","ping_status":"closed","template":"","meta":{"cg_dt_proposed_to":[],"cg_seo_hreflang_relations":"[]","cg_seo_canonical_relation":"{\"uuid\":\"49ed9668-67e6-4325-9f2d-d2b27d83a581\",\"blogId\":\"\",\"domain\":\"\",\"sitePath\":\"\",\"postLink\":\"\",\"postId\":null,\"isSaved\":true,\"isCrossLink\":false,\"hasCrossLink\":false}","cg_seo_hreflang_x_default_relation":"{\"uuid\":\"36f814d6-4481-43ec-9d5b-c1a24f401060\",\"blogId\":\"\",\"domain\":\"\",\"sitePath\":\"\",\"postLink\":\"\",\"postId\":null,\"isSaved\":true,\"isCrossLink\":false,\"hasCrossLink\":false}","cg_dt_approved_content":true,"cg_dt_mandatory_content":false,"cg_dt_notes":"","cg_dg_source_changed":true,"cg_dt_link_disabled":false,"_yoast_wpseo_primary_brand":"141","footnotes":"","featured_focal_points":"","partner_card_description":"","gsap_animation":0},"brand":[141],"partner_type":[],"service":[],"industry":[],"partners":[],"page-type":[287],"content-group":[],"class_list":["post-816523","page","type-page","status-publish","has-post-thumbnail","hentry","brand-capgemini-engineering","page-type-solutions"],"yoast_head":"<!-- This site is optimized with the Yoast SEO Premium plugin v22.8 (Yoast SEO v22.8) - https:\/\/yoast.com\/wordpress\/plugins\/seo\/ -->\n<title>Research &amp; Innovation - Capgemini<\/title>\n<meta name=\"description\" content=\"Unsere Forschungs- und Innovationsprogramme sind Akzeleratoren, die Kunden dabei helfen, den Wert neuer und disruptiver Technologien zu erschlie\u00dfen.\" \/>\n<meta name=\"robots\" content=\"index, follow, max-snippet:-1, max-image-preview:large, max-video-preview:-1\" \/>\n<link rel=\"canonical\" href=\"https:\/\/www.capgemini.com\/de-de\/solutions\/research-innovation\/\" \/>\n<meta property=\"og:locale\" content=\"de_DE\" \/>\n<meta property=\"og:type\" content=\"article\" \/>\n<meta property=\"og:title\" content=\"Research &amp; Innovation - Capgemini\" \/>\n<meta property=\"og:description\" content=\"Unsere Forschungs- und Innovationsprogramme sind Akzeleratoren, die Kunden dabei helfen, den Wert neuer und disruptiver Technologien zu erschlie\u00dfen.\" \/>\n<meta property=\"og:url\" content=\"https:\/\/www.capgemini.com\/de-de\/solutions\/research-innovation\/\" \/>\n<meta property=\"og:site_name\" content=\"Capgemini\" \/>\n<meta property=\"article:modified_time\" content=\"2025-03-05T04:27:32+00:00\" \/>\n<meta property=\"og:image\" content=\"https:\/\/www.capgemini.com\/de-de\/wp-content\/uploads\/sites\/8\/2023\/01\/Hero-Banner-RI.jpg\" \/>\n\t<meta property=\"og:image:width\" content=\"2880\" \/>\n\t<meta property=\"og:image:height\" content=\"1800\" \/>\n\t<meta property=\"og:image:type\" content=\"image\/jpeg\" \/>\n<meta name=\"twitter:card\" content=\"summary_large_image\" \/>\n<meta name=\"twitter:label1\" content=\"Est. reading time\" \/>\n\t<meta name=\"twitter:data1\" content=\"4 minutes\" \/>\n<script type=\"application\/ld+json\" class=\"yoast-schema-graph\">{\"@context\":\"https:\/\/schema.org\",\"@graph\":[{\"@type\":\"WebPage\",\"@id\":\"https:\/\/www.capgemini.com\/de-de\/solutions\/research-innovation\/\",\"url\":\"https:\/\/www.capgemini.com\/de-de\/solutions\/research-innovation\/\",\"name\":\"Research & Innovation - Capgemini\",\"isPartOf\":{\"@id\":\"https:\/\/www.capgemini.com\/de-de\/#website\"},\"primaryImageOfPage\":{\"@id\":\"https:\/\/www.capgemini.com\/de-de\/solutions\/research-innovation\/#primaryimage\"},\"image\":{\"@id\":\"https:\/\/www.capgemini.com\/de-de\/solutions\/research-innovation\/#primaryimage\"},\"thumbnailUrl\":\"https:\/\/www.capgemini.com\/de-de\/wp-content\/uploads\/sites\/8\/2023\/01\/Hero-Banner-RI.jpg\",\"datePublished\":\"2023-01-26T11:03:39+00:00\",\"dateModified\":\"2025-03-05T04:27:32+00:00\",\"description\":\"Unsere Forschungs- und Innovationsprogramme sind Akzeleratoren, die Kunden dabei helfen, den Wert neuer und disruptiver Technologien zu erschlie\u00dfen.\",\"breadcrumb\":{\"@id\":\"https:\/\/www.capgemini.com\/de-de\/solutions\/research-innovation\/#breadcrumb\"},\"inLanguage\":\"de-DE\",\"potentialAction\":[{\"@type\":\"ReadAction\",\"target\":[\"https:\/\/www.capgemini.com\/de-de\/solutions\/research-innovation\/\"]}]},{\"@type\":\"ImageObject\",\"inLanguage\":\"de-DE\",\"@id\":\"https:\/\/www.capgemini.com\/de-de\/solutions\/research-innovation\/#primaryimage\",\"url\":\"https:\/\/www.capgemini.com\/de-de\/wp-content\/uploads\/sites\/8\/2023\/01\/Hero-Banner-RI.jpg\",\"contentUrl\":\"https:\/\/www.capgemini.com\/de-de\/wp-content\/uploads\/sites\/8\/2023\/01\/Hero-Banner-RI.jpg\",\"width\":2880,\"height\":1800,\"caption\":\"Capgemini Engineering Research & Innovation\"},{\"@type\":\"BreadcrumbList\",\"@id\":\"https:\/\/www.capgemini.com\/de-de\/solutions\/research-innovation\/#breadcrumb\",\"itemListElement\":[{\"@type\":\"ListItem\",\"position\":1,\"name\":\"Solutions\",\"item\":\"https:\/\/www.capgemini.com\/de-de\/solutions\/\"},{\"@type\":\"ListItem\",\"position\":2,\"name\":\"Research &#038; Innovation\"}]},{\"@type\":\"WebSite\",\"@id\":\"https:\/\/www.capgemini.com\/de-de\/#website\",\"url\":\"https:\/\/www.capgemini.com\/de-de\/\",\"name\":\"Capgemini Deutschland\",\"description\":\"Make it real\",\"potentialAction\":[{\"@type\":\"SearchAction\",\"target\":{\"@type\":\"EntryPoint\",\"urlTemplate\":\"https:\/\/www.capgemini.com\/de-de\/?s={search_term_string}\"},\"query-input\":\"required name=search_term_string\"}],\"inLanguage\":\"de-DE\"}]}<\/script>\n<!-- \/ Yoast SEO Premium plugin. -->","yoast_head_json":{"title":"Research & Innovation - Capgemini","description":"Unsere Forschungs- und Innovationsprogramme sind Akzeleratoren, die Kunden dabei helfen, den Wert neuer und disruptiver Technologien zu erschlie\u00dfen.","robots":{"index":"index","follow":"follow","max-snippet":"max-snippet:-1","max-image-preview":"max-image-preview:large","max-video-preview":"max-video-preview:-1"},"canonical":"https:\/\/www.capgemini.com\/de-de\/solutions\/research-innovation\/","og_locale":"de_DE","og_type":"article","og_title":"Research & Innovation - Capgemini","og_description":"Unsere Forschungs- und Innovationsprogramme sind Akzeleratoren, die Kunden dabei helfen, den Wert neuer und disruptiver Technologien zu erschlie\u00dfen.","og_url":"https:\/\/www.capgemini.com\/de-de\/solutions\/research-innovation\/","og_site_name":"Capgemini","article_modified_time":"2025-03-05T04:27:32+00:00","og_image":[{"width":2880,"height":1800,"url":"https:\/\/www.capgemini.com\/de-de\/wp-content\/uploads\/sites\/8\/2023\/01\/Hero-Banner-RI.jpg","type":"image\/jpeg"}],"twitter_card":"summary_large_image","twitter_misc":{"Est. reading time":"4 minutes"},"schema":{"@context":"https:\/\/schema.org","@graph":[{"@type":"WebPage","@id":"https:\/\/www.capgemini.com\/de-de\/solutions\/research-innovation\/","url":"https:\/\/www.capgemini.com\/de-de\/solutions\/research-innovation\/","name":"Research & Innovation - Capgemini","isPartOf":{"@id":"https:\/\/www.capgemini.com\/de-de\/#website"},"primaryImageOfPage":{"@id":"https:\/\/www.capgemini.com\/de-de\/solutions\/research-innovation\/#primaryimage"},"image":{"@id":"https:\/\/www.capgemini.com\/de-de\/solutions\/research-innovation\/#primaryimage"},"thumbnailUrl":"https:\/\/www.capgemini.com\/de-de\/wp-content\/uploads\/sites\/8\/2023\/01\/Hero-Banner-RI.jpg","datePublished":"2023-01-26T11:03:39+00:00","dateModified":"2025-03-05T04:27:32+00:00","description":"Unsere Forschungs- und Innovationsprogramme sind Akzeleratoren, die Kunden dabei helfen, den Wert neuer und disruptiver Technologien zu erschlie\u00dfen.","breadcrumb":{"@id":"https:\/\/www.capgemini.com\/de-de\/solutions\/research-innovation\/#breadcrumb"},"inLanguage":"de-DE","potentialAction":[{"@type":"ReadAction","target":["https:\/\/www.capgemini.com\/de-de\/solutions\/research-innovation\/"]}]},{"@type":"ImageObject","inLanguage":"de-DE","@id":"https:\/\/www.capgemini.com\/de-de\/solutions\/research-innovation\/#primaryimage","url":"https:\/\/www.capgemini.com\/de-de\/wp-content\/uploads\/sites\/8\/2023\/01\/Hero-Banner-RI.jpg","contentUrl":"https:\/\/www.capgemini.com\/de-de\/wp-content\/uploads\/sites\/8\/2023\/01\/Hero-Banner-RI.jpg","width":2880,"height":1800,"caption":"Capgemini Engineering Research & Innovation"},{"@type":"BreadcrumbList","@id":"https:\/\/www.capgemini.com\/de-de\/solutions\/research-innovation\/#breadcrumb","itemListElement":[{"@type":"ListItem","position":1,"name":"Solutions","item":"https:\/\/www.capgemini.com\/de-de\/solutions\/"},{"@type":"ListItem","position":2,"name":"Research &#038; Innovation"}]},{"@type":"WebSite","@id":"https:\/\/www.capgemini.com\/de-de\/#website","url":"https:\/\/www.capgemini.com\/de-de\/","name":"Capgemini Deutschland","description":"Make it real","potentialAction":[{"@type":"SearchAction","target":{"@type":"EntryPoint","urlTemplate":"https:\/\/www.capgemini.com\/de-de\/?s={search_term_string}"},"query-input":"required name=search_term_string"}],"inLanguage":"de-DE"}]}},"brand_term":[{"id":141,"slug":"capgemini-engineering"}],"parsely":{"version":"1.1.0","canonical_url":"https:\/\/capgemini.com\/de-de\/solutions\/research-innovation\/","smart_links":{"inbound":0,"outbound":0},"traffic_boost_suggestions_count":0,"meta":{"@context":"https:\/\/schema.org","@type":"WebPage","headline":"Research &#038; Innovation","url":"http:\/\/www.capgemini.com\/de-de\/solutions\/research-innovation\/","mainEntityOfPage":{"@type":"WebPage","@id":"http:\/\/www.capgemini.com\/de-de\/solutions\/research-innovation\/"},"thumbnailUrl":"https:\/\/www.capgemini.com\/de-de\/wp-content\/uploads\/sites\/8\/2023\/01\/Hero-Banner-RI.jpg?w=150&h=150&crop=1","image":{"@type":"ImageObject","url":"https:\/\/www.capgemini.com\/de-de\/wp-content\/uploads\/sites\/8\/2023\/01\/Hero-Banner-RI.jpg"},"articleSection":"Uncategorized","author":[],"creator":[],"publisher":{"@type":"Organization","name":"Capgemini","logo":""},"keywords":[],"dateCreated":"2023-01-26T11:03:39Z","datePublished":"2023-01-26T11:03:39Z","dateModified":"2025-03-05T04:27:32Z"},"rendered":"<script type=\"application\/ld+json\" class=\"wp-parsely-metadata\">{\"@context\":\"https:\\\/\\\/schema.org\",\"@type\":\"WebPage\",\"headline\":\"Research &#038; Innovation\",\"url\":\"http:\\\/\\\/www.capgemini.com\\\/de-de\\\/solutions\\\/research-innovation\\\/\",\"mainEntityOfPage\":{\"@type\":\"WebPage\",\"@id\":\"http:\\\/\\\/www.capgemini.com\\\/de-de\\\/solutions\\\/research-innovation\\\/\"},\"thumbnailUrl\":\"https:\\\/\\\/www.capgemini.com\\\/de-de\\\/wp-content\\\/uploads\\\/sites\\\/8\\\/2023\\\/01\\\/Hero-Banner-RI.jpg?w=150&h=150&crop=1\",\"image\":{\"@type\":\"ImageObject\",\"url\":\"https:\\\/\\\/www.capgemini.com\\\/de-de\\\/wp-content\\\/uploads\\\/sites\\\/8\\\/2023\\\/01\\\/Hero-Banner-RI.jpg\"},\"articleSection\":\"Uncategorized\",\"author\":[],\"creator\":[],\"publisher\":{\"@type\":\"Organization\",\"name\":\"Capgemini\",\"logo\":\"\"},\"keywords\":[],\"dateCreated\":\"2023-01-26T11:03:39Z\",\"datePublished\":\"2023-01-26T11:03:39Z\",\"dateModified\":\"2025-03-05T04:27:32Z\"}<\/script>","tracker_url":"https:\/\/cdn.parsely.com\/keys\/capgemini.com\/p.js"},"archive_status":false,"featured_image_src":"https:\/\/www.capgemini.com\/de-de\/wp-content\/uploads\/sites\/8\/2023\/01\/Hero-Banner-RI.jpg","featured_image_alt":"Capgemini Engineering Research & Innovation","jetpack_sharing_enabled":true,"distributor_meta":false,"distributor_terms":false,"distributor_media":false,"distributor_original_site_name":"Capgemini","distributor_original_site_url":"https:\/\/www.capgemini.com\/de-de","push-errors":false,"_links":{"self":[{"href":"https:\/\/www.capgemini.com\/de-de\/wp-json\/wp\/v2\/pages\/816523","targetHints":{"allow":["GET"]}}],"collection":[{"href":"https:\/\/www.capgemini.com\/de-de\/wp-json\/wp\/v2\/pages"}],"about":[{"href":"https:\/\/www.capgemini.com\/de-de\/wp-json\/wp\/v2\/types\/page"}],"author":[{"embeddable":true,"href":"https:\/\/www.capgemini.com\/de-de\/wp-json\/wp\/v2\/users\/163"}],"replies":[{"embeddable":true,"href":"https:\/\/www.capgemini.com\/de-de\/wp-json\/wp\/v2\/comments?post=816523"}],"version-history":[{"count":5,"href":"https:\/\/www.capgemini.com\/de-de\/wp-json\/wp\/v2\/pages\/816523\/revisions"}],"predecessor-version":[{"id":875518,"href":"https:\/\/www.capgemini.com\/de-de\/wp-json\/wp\/v2\/pages\/816523\/revisions\/875518"}],"up":[{"embeddable":true,"href":"https:\/\/www.capgemini.com\/de-de\/wp-json\/wp\/v2\/pages\/743171"}],"wp:featuredmedia":[{"embeddable":true,"href":"https:\/\/www.capgemini.com\/de-de\/wp-json\/wp\/v2\/media\/816524"}],"wp:attachment":[{"href":"https:\/\/www.capgemini.com\/de-de\/wp-json\/wp\/v2\/media?parent=816523"}],"wp:term":[{"taxonomy":"brand","embeddable":true,"href":"https:\/\/www.capgemini.com\/de-de\/wp-json\/wp\/v2\/brand?post=816523"},{"taxonomy":"partner_type","embeddable":true,"href":"https:\/\/www.capgemini.com\/de-de\/wp-json\/wp\/v2\/partner_type?post=816523"},{"taxonomy":"service","embeddable":true,"href":"https:\/\/www.capgemini.com\/de-de\/wp-json\/wp\/v2\/service?post=816523"},{"taxonomy":"industry","embeddable":true,"href":"https:\/\/www.capgemini.com\/de-de\/wp-json\/wp\/v2\/industry?post=816523"},{"taxonomy":"partners","embeddable":true,"href":"https:\/\/www.capgemini.com\/de-de\/wp-json\/wp\/v2\/partners?post=816523"},{"taxonomy":"page-type","embeddable":true,"href":"https:\/\/www.capgemini.com\/de-de\/wp-json\/wp\/v2\/page-type?post=816523"},{"taxonomy":"content-group","embeddable":true,"href":"https:\/\/www.capgemini.com\/de-de\/wp-json\/wp\/v2\/content-group?post=816523"}],"curies":[{"name":"wp","href":"https:\/\/api.w.org\/{rel}","templated":true}]}}