{"id":803872,"date":"2021-12-07T10:28:37","date_gmt":"2021-12-07T10:28:37","guid":{"rendered":"https:\/\/www.capgemini.com\/?page_id=639183"},"modified":"2025-03-05T06:03:50","modified_gmt":"2025-03-05T06:03:50","slug":"anti-korruptions-richtlinie","status":"publish","type":"page","link":"https:\/\/www.capgemini.com\/de-de\/unternehmen\/management-governance\/policies\/group-anti-corruption-policy\/","title":{"rendered":"Anti-Korruptions-Richtlinie"},"content":{"rendered":"\n<header class=\"wp-block-cg-blocks-hero-reusable is-style-blue-line header heroReusable  \"><div class=\"header-bgs\"><\/div><div class=\"heroPictureCardHeaderShape\"><\/div><div class=\"container\"><div class=\"row\"><div class=\"col-md-12\"><div class=\"box\"><div class=\"boxTagWrapper\"><div class=\"tagInfo\"><div><span class=\"box-tag\">Policy<\/span><\/div><\/div><\/div><div class=\"box-title\"><h1 data-maxlength=\"34\">Anti-Korruptions-Richtlinie<\/h1><\/div><div class=\"inner-row-insight download-btn\"><div class=\"col-md-4 downloadFiles addPadding\"><a class=\"button-download--small\" type=\"download\" href=\"https:\/\/www.capgemini.com\/wp-content\/uploads\/2021\/12\/210212_GACP_v3_English.pdf\" target=\"_blank\" rel=\"noopener noreferrer\" title=\"In neuem Fenster \u00f6ffnen\"><span>Download Policy (EN)<\/span><span class=\"type\">534 KB  pdf<\/span><\/a><\/div><\/div><\/div><\/div><\/div><\/div><\/header>\n\n\n\n<section class=\"wp-block-cg-blocks-group undefined section section--article-content\"><div class=\"article-main-content\"><div class=\"container\"><div class=\"row\"><div class=\"col-12 col-md-11 col-lg-10 offset-md-1 offset-lg-1\"><div class=\"article-text article-quote-text\">\n<h3 class=\"wp-block-heading\" id=\"h-als-verantwortungsbewusstes-und-ethisches-unternehmen-toleriert-capgemini-keine-korruption\">Als verantwortungsbewusstes und ethisches Unternehmen toleriert Capgemini keine Korruption.<\/h3>\n\n\n\n<p>Wir haben den UN Global Compact im Jahr 2004 freiwillig unterzeichnet und uns damit verpflichtet, &#8220;gegen Korruption in all ihren Formen, einschlie\u00dflich Erpressung und Bestechung, vorzugehen&#8221;.&nbsp;Unser konzernweites Anti-Korruptions-Compliance-Programm und unsere Richtlinie sind Teil dieser Verpflichtung zur Aufrechterhaltung und F\u00f6rderung erstklassiger Standards f\u00fcr gesch\u00e4ftliche Integrit\u00e4t und Vertrauen, wo immer wir t\u00e4tig sind.&nbsp;&nbsp;<\/p>\n\n\n\n<h4 class=\"wp-block-heading\" id=\"h-compliance-programm-der-gruppe-zur-korruptionsbekampfung-nbsp\"><strong>Compliance-Programm der Gruppe zur Korruptionsbek\u00e4mpfung&nbsp;<\/strong><\/h4>\n\n\n\n<p>Um Korruptions- und Bestechungsrisiken vorzubeugen, hat Capgemini ein umfassendes, regelm\u00e4\u00dfig aktualisiertes Anti-Korruptions-Compliance-Programm eingef\u00fchrt, das \u00fcber eine spezielle Organisation in der gesamten Gruppe umgesetzt wird.&nbsp;Es st\u00fctzt sich auf die folgenden S\u00e4ulen:<\/p>\n\n\n\n<ul class=\"wp-block-list\">\n<li>Management Commitment oder \u201ctone at the top\u201d<\/li>\n\n\n\n<li>Risikobeurteilung<\/li>\n\n\n\n<li><span style=\"font-size: 1rem; letter-spacing: 0.4px; text-align: var(--bs-body-text-align);\">Risk Management&nbsp;<\/span><\/li>\n<\/ul>\n\n\n\n<p><\/p>\n\n\n\n<h4 class=\"wp-block-heading\" id=\"h-anti-korruptions-richtlinie-der-gruppe\"><strong>Anti-Korruptions-Richtlinie der Gruppe<\/strong> <\/h4>\n\n\n\n<p>Die Gruppe hat eine Reihe klarer Regeln und Richtlinien zur Bek\u00e4mpfung von Korruption und Bestechung aufgestellt. W\u00e4hrend der <strong><a href=\"\/de-de\/unternehmen\/management-governance\/policies\/our-code-of-business-ethics\/\">Verhaltenskodex<\/a><\/strong> eindeutig festlegt, dass die Gruppe keine Korruption duldet, bekr\u00e4ftigt die Antikorruptionspolitik der Gruppe diese Position und geht dar\u00fcber hinaus. Sie stellt die wichtigsten korrupten Praktiken vor und enth\u00e4lt Beispiele f\u00fcr risikoreiche Situationen und wie sie zu vermeiden sind.<\/p>\n\n\n\n<p>Sie enth\u00e4lt Anforderungen, die f\u00fcr alle Direktoren, F\u00fchrungskr\u00e4fte und Mitarbeiter von Capgemini auf allen Ebenen der Gruppe gelten. Von Dritten, die mit einem Unternehmen der Gruppe interagieren, wird ebenfalls erwartet, dass sie sich an die dargelegten allgemeinen Grunds\u00e4tze halten.<\/p>\n\n\n\n<p>Die Richtlinie enth\u00e4lt Regeln, die beim Anbieten oder Annehmen von Bewirtung, Mahlzeiten, Geschenken, Reisen und Unterk\u00fcnften f\u00fcr Privatpersonen und Amtstr\u00e4ger zu beachten sind. Au\u00dferdem werden Risiken und Regeln im Zusammenhang mit Sponsoring, Spenden f\u00fcr wohlt\u00e4tige Zwecke, Handelsvertretern und Beratern sowie Lobbyarbeit erl\u00e4utert. Verst\u00f6\u00dfe gegen die Richtlinie sind sanktionierbar.&nbsp;<\/p>\n\n\n\n<p>Die Einhaltung der Antikorruptionsregeln und -vorschriften f\u00fchrt zu besseren Gesch\u00e4ften und schafft Vertrauen, wodurch die langfristige Nachhaltigkeit des Wachstums der Gruppe gew\u00e4hrleistet wird. In einer zunehmend wettbewerbsorientierten Welt ist Integrit\u00e4t zu einem Wert geworden, der von unseren Kunden, Gesch\u00e4ftspartnern, Mitarbeitern und der Gesellschaft im Allgemeinen gesch\u00e4tzt wird.&nbsp;<\/p>\n\n\n\n<h5 class=\"wp-block-heading\" id=\"h-download-unserer-anti-korruptions-richtlinien\">Download unserer Anti-Korruptions-Richtlinien:<\/h5>\n\n\n\n<p><a href=\"https:\/\/www.capgemini.com\/wp-content\/uploads\/2022\/03\/210212_GACP_v3_English.pdf\" target=\"_blank\" rel=\"noreferrer noopener\">EN<\/a> | <a href=\"https:\/\/www.capgemini.com\/wp-content\/uploads\/2022\/03\/210225_GACP_v3_Arabic__Final_.pdf\" target=\"_blank\" rel=\"noreferrer noopener\">AR<\/a> | <a href=\"https:\/\/www.capgemini.com\/wp-content\/uploads\/2022\/03\/210218_GACP_v3_Simplified_Chinese.pdf\" target=\"_blank\" rel=\"noreferrer noopener\">CN(Sim)<\/a> | <a href=\"https:\/\/www.capgemini.com\/wp-content\/uploads\/2022\/03\/210215_GACP_v3_Traditional_Chinese.pdf\" target=\"_blank\" rel=\"noreferrer noopener\">CN(Trad)<\/a> | <a href=\"https:\/\/www.capgemini.com\/wp-content\/uploads\/2022\/03\/210216_GACP_v3_Czech.pdf\" target=\"_blank\" rel=\"noreferrer noopener\">CZ<\/a> | <a href=\"https:\/\/www.capgemini.com\/wp-content\/uploads\/2022\/03\/211228_GACP_v3_Dutch_.pdf\" target=\"_blank\" rel=\"noreferrer noopener\">NL<\/a> | <a href=\"https:\/\/www.capgemini.com\/wp-content\/uploads\/2022\/03\/210212_GACP_v3_French.pdf\" target=\"_blank\" rel=\"noreferrer noopener\">FR<\/a> | <a href=\"https:\/\/www.capgemini.com\/wp-content\/uploads\/2022\/03\/210212_GACP_v3_German.pdf\" target=\"_blank\" rel=\"noreferrer noopener\">DE<\/a> | <a href=\"https:\/\/www.capgemini.com\/wp-content\/uploads\/2022\/03\/210219_GACP_v3_Hungarian.pdf\" target=\"_blank\" rel=\"noreferrer noopener\">HU<\/a> | <a href=\"https:\/\/www.capgemini.com\/wp-content\/uploads\/2022\/03\/210215_GACP_v3_Italian.pdf\" target=\"_blank\" rel=\"noreferrer noopener\">IT<\/a> | <a href=\"https:\/\/www.capgemini.com\/wp-content\/uploads\/2022\/03\/210216_GACP_v3_Japanese.pdf\" target=\"_blank\" rel=\"noreferrer noopener\">JP<\/a> | <a href=\"https:\/\/www.capgemini.com\/wp-content\/uploads\/2022\/03\/210713_GACP_v3_Polish.pdf\" target=\"_blank\" rel=\"noreferrer noopener\">PL<\/a> | <a href=\"https:\/\/www.capgemini.com\/wp-content\/uploads\/2022\/03\/210224_GACP_v3_Portuguese__Final_.pdf\" target=\"_blank\" rel=\"noreferrer noopener\">PT<\/a> | <a href=\"https:\/\/www.capgemini.com\/wp-content\/uploads\/2022\/03\/210216_GACP_v3_Romanian.pdf\" target=\"_blank\" rel=\"noreferrer noopener\">RO<\/a> | <a href=\"https:\/\/www.capgemini.com\/wp-content\/uploads\/2022\/03\/210216_GACP_v3_Russian.pdf\" target=\"_blank\" rel=\"noreferrer noopener\">RU<\/a> | <a href=\"https:\/\/www.capgemini.com\/wp-content\/uploads\/2022\/03\/210216_GACP_v3_Spanish.pdf\" target=\"_blank\" rel=\"noreferrer noopener\">ES<\/a> | <a href=\"https:\/\/www.capgemini.com\/wp-content\/uploads\/2022\/03\/210215_GACP_v3_Vietnamese.pdf\" target=\"_blank\" rel=\"noreferrer noopener\">VN<\/a><s><br><br><\/s><\/p>\n\n\n\n<p><\/p>\n<\/div><\/div><\/div><\/div><\/div><\/section>\n\n\n\n<p><\/p>\n","protected":false},"excerpt":{"rendered":"","protected":false},"author":121,"featured_media":0,"parent":742475,"menu_order":3,"comment_status":"closed","ping_status":"closed","template":"","meta":{"cg_dt_proposed_to":[],"cg_seo_hreflang_relations":"[]","cg_seo_canonical_relation":"{\"uuid\":\"e43dea15-a8de-43bb-a0ec-5cd869d39161\",\"blogId\":\"\",\"domain\":\"\",\"sitePath\":\"\",\"postLink\":\"\",\"postId\":null,\"isSaved\":true,\"isCrossLink\":false,\"hasCrossLink\":false}","cg_seo_hreflang_x_default_relation":"{\"uuid\":\"282c6973-614b-458d-be49-aeec65adae85\",\"blogId\":\"\",\"domain\":\"\",\"sitePath\":\"\",\"postLink\":\"\",\"postId\":null,\"isSaved\":true,\"isCrossLink\":false,\"hasCrossLink\":false}","cg_dt_approved_content":true,"cg_dt_mandatory_content":false,"cg_dt_notes":"","cg_dg_source_changed":true,"cg_dt_link_disabled":false,"_yoast_wpseo_primary_brand":"","footnotes":"","featured_focal_points":"","partner_card_description":"","gsap_animation":0},"brand":[],"partner_type":[],"service":[],"industry":[],"partners":[],"page-type":[],"content-group":[],"class_list":["post-803872","page","type-page","status-publish","hentry"],"yoast_head":"<!-- This site is optimized with the Yoast SEO Premium plugin v22.8 (Yoast SEO v22.8) - https:\/\/yoast.com\/wordpress\/plugins\/seo\/ -->\n<title>Anti-Korruptions-Richtlinie | Management und Governance | Capgemini<\/title>\n<meta name=\"robots\" content=\"index, follow, max-snippet:-1, max-image-preview:large, max-video-preview:-1\" \/>\n<link rel=\"canonical\" href=\"https:\/\/www.capgemini.com\/de-de\/unternehmen\/management-governance\/policies\/group-anti-corruption-policy\/\" \/>\n<meta property=\"og:locale\" content=\"de_DE\" \/>\n<meta property=\"og:type\" content=\"article\" \/>\n<meta property=\"og:title\" content=\"Anti-Korruptions-Richtlinie | Management und Governance | Capgemini\" \/>\n<meta property=\"og:url\" content=\"https:\/\/www.capgemini.com\/de-de\/unternehmen\/management-governance\/policies\/group-anti-corruption-policy\/\" \/>\n<meta property=\"og:site_name\" content=\"Capgemini\" \/>\n<meta property=\"article:modified_time\" content=\"2025-03-05T06:03:50+00:00\" \/>\n<meta property=\"og:image\" content=\"https:\/\/www.capgemini.com\/de-de\/wp-content\/uploads\/sites\/8\/2025\/10\/New-Web-preview-global.jpg\" \/>\n\t<meta property=\"og:image:width\" content=\"1200\" \/>\n\t<meta property=\"og:image:height\" content=\"627\" \/>\n\t<meta property=\"og:image:type\" content=\"image\/jpeg\" \/>\n<meta name=\"twitter:card\" content=\"summary_large_image\" \/>\n<meta name=\"twitter:label1\" content=\"Est. reading time\" \/>\n\t<meta name=\"twitter:data1\" content=\"2 minutes\" \/>\n<script type=\"application\/ld+json\" class=\"yoast-schema-graph\">{\"@context\":\"https:\/\/schema.org\",\"@graph\":[{\"@type\":\"WebPage\",\"@id\":\"https:\/\/www.capgemini.com\/de-de\/unternehmen\/management-governance\/policies\/group-anti-corruption-policy\/\",\"url\":\"https:\/\/www.capgemini.com\/de-de\/unternehmen\/management-governance\/policies\/group-anti-corruption-policy\/\",\"name\":\"Anti-Korruptions-Richtlinie | Management und Governance | Capgemini\",\"isPartOf\":{\"@id\":\"https:\/\/www.capgemini.com\/de-de\/#website\"},\"datePublished\":\"2021-12-07T10:28:37+00:00\",\"dateModified\":\"2025-03-05T06:03:50+00:00\",\"breadcrumb\":{\"@id\":\"https:\/\/www.capgemini.com\/de-de\/unternehmen\/management-governance\/policies\/group-anti-corruption-policy\/#breadcrumb\"},\"inLanguage\":\"de-DE\",\"potentialAction\":[{\"@type\":\"ReadAction\",\"target\":[\"https:\/\/www.capgemini.com\/de-de\/unternehmen\/management-governance\/policies\/group-anti-corruption-policy\/\"]}]},{\"@type\":\"BreadcrumbList\",\"@id\":\"https:\/\/www.capgemini.com\/de-de\/unternehmen\/management-governance\/policies\/group-anti-corruption-policy\/#breadcrumb\",\"itemListElement\":[{\"@type\":\"ListItem\",\"position\":1,\"name\":\"\u00dcber Uns\",\"item\":\"https:\/\/www.capgemini.com\/de-de\/unternehmen\/\"},{\"@type\":\"ListItem\",\"position\":2,\"name\":\"Management und Governance\",\"item\":\"https:\/\/www.capgemini.com\/de-de\/unternehmen\/management-governance\/\"},{\"@type\":\"ListItem\",\"position\":3,\"name\":\"Gruppen-Richtlinien\",\"item\":\"https:\/\/www.capgemini.com\/de-de\/unternehmen\/management-governance\/policies\/\"},{\"@type\":\"ListItem\",\"position\":4,\"name\":\"Anti-Korruptions-Richtlinie\"}]},{\"@type\":\"WebSite\",\"@id\":\"https:\/\/www.capgemini.com\/de-de\/#website\",\"url\":\"https:\/\/www.capgemini.com\/de-de\/\",\"name\":\"Capgemini Deutschland\",\"description\":\"Make it real\",\"potentialAction\":[{\"@type\":\"SearchAction\",\"target\":{\"@type\":\"EntryPoint\",\"urlTemplate\":\"https:\/\/www.capgemini.com\/de-de\/?s={search_term_string}\"},\"query-input\":\"required name=search_term_string\"}],\"inLanguage\":\"de-DE\"}]}<\/script>\n<!-- \/ Yoast SEO Premium plugin. -->","yoast_head_json":{"title":"Anti-Korruptions-Richtlinie | Management und Governance | Capgemini","robots":{"index":"index","follow":"follow","max-snippet":"max-snippet:-1","max-image-preview":"max-image-preview:large","max-video-preview":"max-video-preview:-1"},"canonical":"https:\/\/www.capgemini.com\/de-de\/unternehmen\/management-governance\/policies\/group-anti-corruption-policy\/","og_locale":"de_DE","og_type":"article","og_title":"Anti-Korruptions-Richtlinie | Management und Governance | Capgemini","og_url":"https:\/\/www.capgemini.com\/de-de\/unternehmen\/management-governance\/policies\/group-anti-corruption-policy\/","og_site_name":"Capgemini","article_modified_time":"2025-03-05T06:03:50+00:00","og_image":[{"width":1200,"height":627,"url":"https:\/\/www.capgemini.com\/de-de\/wp-content\/uploads\/sites\/8\/2025\/10\/New-Web-preview-global.jpg","type":"image\/jpeg"}],"twitter_card":"summary_large_image","twitter_misc":{"Est. reading time":"2 minutes"},"schema":{"@context":"https:\/\/schema.org","@graph":[{"@type":"WebPage","@id":"https:\/\/www.capgemini.com\/de-de\/unternehmen\/management-governance\/policies\/group-anti-corruption-policy\/","url":"https:\/\/www.capgemini.com\/de-de\/unternehmen\/management-governance\/policies\/group-anti-corruption-policy\/","name":"Anti-Korruptions-Richtlinie | Management und Governance | Capgemini","isPartOf":{"@id":"https:\/\/www.capgemini.com\/de-de\/#website"},"datePublished":"2021-12-07T10:28:37+00:00","dateModified":"2025-03-05T06:03:50+00:00","breadcrumb":{"@id":"https:\/\/www.capgemini.com\/de-de\/unternehmen\/management-governance\/policies\/group-anti-corruption-policy\/#breadcrumb"},"inLanguage":"de-DE","potentialAction":[{"@type":"ReadAction","target":["https:\/\/www.capgemini.com\/de-de\/unternehmen\/management-governance\/policies\/group-anti-corruption-policy\/"]}]},{"@type":"BreadcrumbList","@id":"https:\/\/www.capgemini.com\/de-de\/unternehmen\/management-governance\/policies\/group-anti-corruption-policy\/#breadcrumb","itemListElement":[{"@type":"ListItem","position":1,"name":"\u00dcber Uns","item":"https:\/\/www.capgemini.com\/de-de\/unternehmen\/"},{"@type":"ListItem","position":2,"name":"Management und Governance","item":"https:\/\/www.capgemini.com\/de-de\/unternehmen\/management-governance\/"},{"@type":"ListItem","position":3,"name":"Gruppen-Richtlinien","item":"https:\/\/www.capgemini.com\/de-de\/unternehmen\/management-governance\/policies\/"},{"@type":"ListItem","position":4,"name":"Anti-Korruptions-Richtlinie"}]},{"@type":"WebSite","@id":"https:\/\/www.capgemini.com\/de-de\/#website","url":"https:\/\/www.capgemini.com\/de-de\/","name":"Capgemini Deutschland","description":"Make it real","potentialAction":[{"@type":"SearchAction","target":{"@type":"EntryPoint","urlTemplate":"https:\/\/www.capgemini.com\/de-de\/?s={search_term_string}"},"query-input":"required name=search_term_string"}],"inLanguage":"de-DE"}]}},"brand_term":[],"parsely":{"version":"1.1.0","canonical_url":"https:\/\/capgemini.com\/de-de\/unternehmen\/management-governance\/policies\/group-anti-corruption-policy\/","smart_links":{"inbound":0,"outbound":0},"traffic_boost_suggestions_count":0,"meta":{"@context":"https:\/\/schema.org","@type":"WebPage","headline":"Anti-Korruptions-Richtlinie","url":"http:\/\/www.capgemini.com\/de-de\/unternehmen\/management-governance\/policies\/group-anti-corruption-policy\/","mainEntityOfPage":{"@type":"WebPage","@id":"http:\/\/www.capgemini.com\/de-de\/unternehmen\/management-governance\/policies\/group-anti-corruption-policy\/"},"thumbnailUrl":"","image":{"@type":"ImageObject","url":""},"articleSection":"Uncategorized","author":[],"creator":[],"publisher":{"@type":"Organization","name":"Capgemini","logo":""},"keywords":[],"dateCreated":"2021-12-07T10:28:37Z","datePublished":"2021-12-07T10:28:37Z","dateModified":"2025-03-05T06:03:50Z"},"rendered":"<script type=\"application\/ld+json\" class=\"wp-parsely-metadata\">{\"@context\":\"https:\\\/\\\/schema.org\",\"@type\":\"WebPage\",\"headline\":\"Anti-Korruptions-Richtlinie\",\"url\":\"http:\\\/\\\/www.capgemini.com\\\/de-de\\\/unternehmen\\\/management-governance\\\/policies\\\/group-anti-corruption-policy\\\/\",\"mainEntityOfPage\":{\"@type\":\"WebPage\",\"@id\":\"http:\\\/\\\/www.capgemini.com\\\/de-de\\\/unternehmen\\\/management-governance\\\/policies\\\/group-anti-corruption-policy\\\/\"},\"thumbnailUrl\":\"\",\"image\":{\"@type\":\"ImageObject\",\"url\":\"\"},\"articleSection\":\"Uncategorized\",\"author\":[],\"creator\":[],\"publisher\":{\"@type\":\"Organization\",\"name\":\"Capgemini\",\"logo\":\"\"},\"keywords\":[],\"dateCreated\":\"2021-12-07T10:28:37Z\",\"datePublished\":\"2021-12-07T10:28:37Z\",\"dateModified\":\"2025-03-05T06:03:50Z\"}<\/script>","tracker_url":"https:\/\/cdn.parsely.com\/keys\/capgemini.com\/p.js"},"archive_status":false,"featured_image_src":"https:\/\/www.capgemini.com\/de-de\/wp-content\/themes\/capgemini2025\/assets\/images\/mockup.png","featured_image_alt":false,"jetpack_sharing_enabled":true,"distributor_meta":false,"distributor_terms":false,"distributor_media":false,"distributor_original_site_name":"Capgemini","distributor_original_site_url":"https:\/\/www.capgemini.com\/de-de","push-errors":false,"_links":{"self":[{"href":"https:\/\/www.capgemini.com\/de-de\/wp-json\/wp\/v2\/pages\/803872","targetHints":{"allow":["GET"]}}],"collection":[{"href":"https:\/\/www.capgemini.com\/de-de\/wp-json\/wp\/v2\/pages"}],"about":[{"href":"https:\/\/www.capgemini.com\/de-de\/wp-json\/wp\/v2\/types\/page"}],"author":[{"embeddable":true,"href":"https:\/\/www.capgemini.com\/de-de\/wp-json\/wp\/v2\/users\/121"}],"replies":[{"embeddable":true,"href":"https:\/\/www.capgemini.com\/de-de\/wp-json\/wp\/v2\/comments?post=803872"}],"version-history":[{"count":10,"href":"https:\/\/www.capgemini.com\/de-de\/wp-json\/wp\/v2\/pages\/803872\/revisions"}],"predecessor-version":[{"id":876220,"href":"https:\/\/www.capgemini.com\/de-de\/wp-json\/wp\/v2\/pages\/803872\/revisions\/876220"}],"up":[{"embeddable":true,"href":"https:\/\/www.capgemini.com\/de-de\/wp-json\/wp\/v2\/pages\/742475"}],"wp:attachment":[{"href":"https:\/\/www.capgemini.com\/de-de\/wp-json\/wp\/v2\/media?parent=803872"}],"wp:term":[{"taxonomy":"brand","embeddable":true,"href":"https:\/\/www.capgemini.com\/de-de\/wp-json\/wp\/v2\/brand?post=803872"},{"taxonomy":"partner_type","embeddable":true,"href":"https:\/\/www.capgemini.com\/de-de\/wp-json\/wp\/v2\/partner_type?post=803872"},{"taxonomy":"service","embeddable":true,"href":"https:\/\/www.capgemini.com\/de-de\/wp-json\/wp\/v2\/service?post=803872"},{"taxonomy":"industry","embeddable":true,"href":"https:\/\/www.capgemini.com\/de-de\/wp-json\/wp\/v2\/industry?post=803872"},{"taxonomy":"partners","embeddable":true,"href":"https:\/\/www.capgemini.com\/de-de\/wp-json\/wp\/v2\/partners?post=803872"},{"taxonomy":"page-type","embeddable":true,"href":"https:\/\/www.capgemini.com\/de-de\/wp-json\/wp\/v2\/page-type?post=803872"},{"taxonomy":"content-group","embeddable":true,"href":"https:\/\/www.capgemini.com\/de-de\/wp-json\/wp\/v2\/content-group?post=803872"}],"curies":[{"name":"wp","href":"https:\/\/api.w.org\/{rel}","templated":true}]}}