{"id":798536,"date":"2022-06-15T06:55:58","date_gmt":"2022-06-15T04:55:58","guid":{"rendered":"https:\/\/www.capgemini.com\/?page_id=731118"},"modified":"2026-01-08T09:23:03","modified_gmt":"2026-01-08T09:23:03","slug":"intelligent-learning-operations","status":"publish","type":"page","link":"https:\/\/www.capgemini.com\/de-de\/solutions\/intelligent-learning-operations\/","title":{"rendered":"Intelligent Learning Operations"},"content":{"rendered":"\n<header class=\"wp-block-cg-blocks-hero-reusable header heroReusable  \"><div class=\"header-bgs\"><picture><source srcset=\"https:\/\/www.capgemini.com\/wp-content\/uploads\/2022\/06\/Intelligent-Learning-Operations-ILO-banner.jpg?w=2880&amp;quality=70 1x, https:\/\/www.capgemini.com\/wp-content\/uploads\/2022\/06\/Intelligent-Learning-Operations-ILO-banner.jpg?w=2880&amp;quality=70 2x\" media=\"(min-width: 1500px)\"\/><source srcset=\"https:\/\/www.capgemini.com\/wp-content\/uploads\/2022\/06\/Intelligent-Learning-Operations-ILO-banner.jpg?w=1440&amp;quality=70 1x, https:\/\/www.capgemini.com\/wp-content\/uploads\/2022\/06\/Intelligent-Learning-Operations-ILO-banner.jpg?w=2880&amp;quality=70 2x\" media=\"(min-width: 992px)\"\/><source srcset=\"https:\/\/www.capgemini.com\/wp-content\/uploads\/2022\/06\/Intelligent-Learning-Operations-ILO-banner.jpg?w=1024&amp;quality=70 1x, https:\/\/www.capgemini.com\/wp-content\/uploads\/2022\/06\/Intelligent-Learning-Operations-ILO-banner.jpg?w=1024&amp;quality=70 2x\" media=\"(min-width: 768px)\"\/><source srcset=\"https:\/\/www.capgemini.com\/wp-content\/uploads\/2022\/06\/Intelligent-Learning-Operations-ILO-banner.jpg?w=768&amp;quality=70 1x, https:\/\/www.capgemini.com\/wp-content\/uploads\/2022\/06\/Intelligent-Learning-Operations-ILO-banner.jpg?w=768&amp;quality=70 2x\" media=\"(min-width: 0)\"\/><img decoding=\"async\" src=\"https:\/\/www.capgemini.com\/wp-content\/uploads\/2022\/06\/Intelligent-Learning-Operations-ILO-banner.jpg\" class=\"header-img header-img-d\" alt=\"\" style=\"object-fit:cover;object-position:52% 18%\" loading=\"eager\"\/><\/picture><\/div><div class=\"heroPictureCardHeaderShape\"><\/div><div class=\"container\"><div class=\"row\"><div class=\"col-md-12\"><div class=\"box\"><div class=\"boxTagWrapper\"><div class=\"tagInfo\"><div><span class=\"box-tag\">Intelligent business operations<\/span><\/div><\/div><\/div><div class=\"box-title\"><h1 data-maxlength=\"34\">intelligent learning operations<\/h1><\/div><div class=\"inner-row-insight download-btn\"><div class=\"col-md-4 downloadFiles addPadding\"><a class=\"button-download--small\" type=\"download\" href=\"https:\/\/www.capgemini.com\/wp-content\/uploads\/2022\/07\/Intelligent-Learning-Operations-ILO-factsheet-v2.pdf\" target=\"_blank\" rel=\"noopener noreferrer\" title=\"In neuem Fenster \u00f6ffnen\"><span>Download Brosch\u00fcre<\/span><span class=\"type\">13 MB pdf<\/span><\/a><\/div><\/div><\/div><\/div><\/div><\/div><\/header>\n\n\n\n<section class=\"wp-block-cg-blocks-intro-para undefined section section--intro\"><div class=\"intro-para\"><div class=\"container\"><div class=\"row\"><div class=\"col-12 col-md-1\"><nav class=\"article-social\"><ul class=\"social-nav\"><li class=\"ip-order-fb\"><a href=\"https:\/\/www.facebook.com\/sharer\/sharer.php?u=https:\/\/www.capgemini.com\/de-de\/solutions\/intelligent-learning-operations\/\" target=\"_blank\" rel=\"noopener noreferrer\" title=\"In neuem Fenster \u00f6ffnen\"><i aria-hidden=\"true\" class=\"icon-fb\"><\/i><span class=\"sr-only\">Facebook<\/span><\/a><\/li><li class=\"ip-order-li\"><a href=\"https:\/\/www.linkedin.com\/sharing\/share-offsite\/?url=https:\/\/www.capgemini.com\/de-de\/solutions\/intelligent-learning-operations\/\" target=\"_blank\" rel=\"noopener noreferrer\" title=\"In neuem Fenster \u00f6ffnen\"><i aria-hidden=\"true\" class=\"icon-li\"><\/i><span class=\"sr-only\">Linkedin<\/span><\/a><\/li><\/ul><\/nav><\/div><div class=\"col-12 col-md-11 col-lg-10\"><h2 class=\"intro-para-title\">F\u00f6rdern Sie multimodales, integriertes Lernen mit einer Lernplattform der n\u00e4chsten Generation.<\/h2><\/div><\/div><\/div><\/div><\/section>\n\n\n\n<section class=\"wp-block-cg-blocks-intro-para-video is-style-cg-blue section section--info-2cols section--insights section-video \"><div class=\"bg-color video-align-left\"><div class=\"container\"><div class=\"row video-align-right\"><div class=\"col-md-12\"><div class=\"video-align-right row box box--4 box--mini\"><div class=\"col-md-1\"><\/div><div class=\"col-md-8 box-img-wrapper\"><div class=\"video-box\"><div class=\"video-wrapper\"><iframe title=\"video-section\" src=\"https:\/\/www.youtube.com\/embed\/PAp3tszUJhM?rel=0&amp;modestbranding=1&amp;playsinline=1&amp;enablejsapi=1\" frameborder=\"0\" allow=\"accelerometer; autoplay; clipboard-write; encrypted-media; gyroscope; picture-in-picture\" allowfullscreen loading=\"lazy\" referrerpolicy=\"strict-origin-when-cross-origin\"><\/iframe><\/div><\/div><\/div><div class=\"col-md-3\"><h3 class=\"Video-title\" data-maxlength=\"34\">Intelligent Learning Operations<\/h3><div class=\"video-info\"><p data-maxlength=\"68\">Personalized learning across your organization.<\/p><\/div><\/div><div class=\"col-md-1\"><\/div><\/div><\/div><\/div><\/div><\/div><\/section>\n\n\n\n<section class=\"wp-block-cg-blocks-group undefined section section--article-content\"><div class=\"article-main-content\"><div class=\"container\"><div class=\"row\"><div class=\"col-12 col-md-11 col-lg-10 offset-md-1 offset-lg-1\"><div class=\"article-text article-quote-text\">\n<h4 class=\"wp-block-heading\" id=\"h-bieten-sie-eine-personalisierte-unkomplizierte-und-kontinuierliche-lernreise-uber-ihren-talentmanagement-zyklus-hinweg\">Bieten Sie eine personalisierte, unkomplizierte und kontinuierliche Lernreise \u00fcber Ihren Talentmanagement-Zyklus hinweg.<\/h4>\n\n\n\n<p><strong>Intelligent Learning Operations<\/strong> von Capgemini ist eine umfassende und unkomplizierte Kombination aus schnell zu aktivierenden Lernplattformen und integriertem Servicemanagement, die Ihre Mitarbeitererfahrungen verbessern und Ihrem Unternehmen einen au\u00dfergew\u00f6hnlichen Mehrwert bieten:<\/p>\n\n\n\n<section class=\"wp-block-cg-blocks-group undefined section section--article-content\" id=\"quoteWrapper\"><div class=\"article-main-content\"><div class=\"container\"><div class=\"row\"><div class=\"col-12 col-md-11 col-lg-10 offset-md-1 offset-lg-1\"><div class=\"article-text article-quote-text\">\n\n<ul class=\"wp-block-list\">\n\n<li>wettbewerbsf\u00e4higere, neu qualifizierte Mitarbeitende<\/li>\n\n\n<li>Verbesserte Mitarbeiterbindung und -erfahrung<\/li>\n\n\n<li>Erh\u00f6hte Flexibilit\u00e4t und skalierbare L&amp;D-Abl\u00e4ufe<\/li>\n\n\n<li>Gesteigerte Effizienz bei Lernprozessen<\/li>\n\n\n<li>Erh\u00f6hte Einsparungen bei den Betriebskosten.<\/li>\n\n<\/ul>\n\n<\/div><\/div><\/div><\/div><\/div><\/section>\n\n\n\n<div class=\"wp-block-buttons is-layout-flex wp-block-buttons-is-layout-flex\">\n<div class=\"wp-block-button is-style-outline is-style-outline--1\"><a class=\"wp-block-button__link wp-element-button\" href=\"https:\/\/www.capgemini.com\/wp-content\/uploads\/2022\/07\/Intelligent-Learning-Operations-ILO-factsheet-v2.pdf\" target=\"_blank\" rel=\"noreferrer noopener\">Download Informationsbrosch\u00fcre<\/a><\/div>\n<\/div>\n<\/div><\/div><\/div><\/div><\/div><\/section>\n","protected":false},"excerpt":{"rendered":"<p>Drive multimodal, blended learning with a next-generation learning platform.<\/p>\n","protected":false},"author":33,"featured_media":798537,"parent":743788,"menu_order":0,"comment_status":"closed","ping_status":"closed","template":"","meta":{"cg_dt_proposed_to":[],"cg_seo_hreflang_relations":"[]","cg_seo_canonical_relation":"","cg_seo_hreflang_x_default_relation":"{\"uuid\":\"adf90aff-d991-41c6-88c7-2a3a4a92611b\",\"blogId\":\"\",\"domain\":\"\",\"sitePath\":\"\",\"postLink\":\"\",\"postId\":null,\"isSaved\":true,\"isCrossLink\":false,\"hasCrossLink\":false}","cg_dt_approved_content":true,"cg_dt_mandatory_content":false,"cg_dt_notes":"","cg_dg_source_changed":true,"cg_dt_link_disabled":false,"_yoast_wpseo_primary_brand":"","footnotes":"","featured_focal_points":"","partner_card_description":"","gsap_animation":0},"brand":[],"partner_type":[],"service":[247],"industry":[],"partners":[],"page-type":[287],"content-group":[],"class_list":["post-798536","page","type-page","status-publish","has-post-thumbnail","hentry","service-intelligent-business-operations","page-type-solutions"],"yoast_head":"<!-- This site is optimized with the Yoast SEO Premium plugin v22.8 (Yoast SEO v22.8) - https:\/\/yoast.com\/wordpress\/plugins\/seo\/ -->\n<title>Intelligent Learning Operations (ILO) | Capgemini<\/title>\n<meta name=\"description\" content=\"Bereitstellung eines personalisierten, nahtlosen und kontinuierlichen Lernweges w\u00e4hrend des gesamten Talentmanagementzyklus.\" \/>\n<meta name=\"robots\" content=\"index, follow, max-snippet:-1, max-image-preview:large, max-video-preview:-1\" \/>\n<link rel=\"canonical\" href=\"https:\/\/www.capgemini.com\/de-de\/solutions\/intelligent-learning-operations\/\" \/>\n<meta property=\"og:locale\" content=\"de_DE\" \/>\n<meta property=\"og:type\" content=\"article\" \/>\n<meta property=\"og:title\" content=\"Intelligent Learning Operations (ILO) | Capgemini\" \/>\n<meta property=\"og:description\" content=\"Bereitstellung eines personalisierten, nahtlosen und kontinuierlichen Lernweges w\u00e4hrend des gesamten Talentmanagementzyklus.\" \/>\n<meta property=\"og:url\" content=\"https:\/\/www.capgemini.com\/de-de\/solutions\/intelligent-learning-operations\/\" \/>\n<meta property=\"og:site_name\" content=\"Capgemini\" \/>\n<meta property=\"article:modified_time\" content=\"2026-01-08T09:23:03+00:00\" \/>\n<meta property=\"og:image\" content=\"https:\/\/www.capgemini.com\/de-de\/wp-content\/uploads\/sites\/8\/2025\/10\/New-Web-preview-global.jpg\" \/>\n\t<meta property=\"og:image:width\" content=\"1200\" \/>\n\t<meta property=\"og:image:height\" content=\"627\" \/>\n\t<meta property=\"og:image:type\" content=\"image\/jpeg\" \/>\n<meta name=\"twitter:card\" content=\"summary_large_image\" \/>\n<meta name=\"twitter:label1\" content=\"Est. reading time\" \/>\n\t<meta name=\"twitter:data1\" content=\"1 minute\" \/>\n<script type=\"application\/ld+json\" class=\"yoast-schema-graph\">{\"@context\":\"https:\/\/schema.org\",\"@graph\":[{\"@type\":\"WebPage\",\"@id\":\"https:\/\/www.capgemini.com\/de-de\/solutions\/intelligent-learning-operations\/\",\"url\":\"https:\/\/www.capgemini.com\/de-de\/solutions\/intelligent-learning-operations\/\",\"name\":\"Intelligent Learning Operations (ILO) | Capgemini\",\"isPartOf\":{\"@id\":\"https:\/\/www.capgemini.com\/de-de\/#website\"},\"primaryImageOfPage\":{\"@id\":\"https:\/\/www.capgemini.com\/de-de\/solutions\/intelligent-learning-operations\/#primaryimage\"},\"image\":{\"@id\":\"https:\/\/www.capgemini.com\/de-de\/solutions\/intelligent-learning-operations\/#primaryimage\"},\"thumbnailUrl\":\"https:\/\/www.capgemini.com\/de-de\/wp-content\/uploads\/sites\/8\/2022\/06\/Intelligent-Learning-Operations-ILO-banner.jpg\",\"datePublished\":\"2022-06-15T04:55:58+00:00\",\"dateModified\":\"2026-01-08T09:23:03+00:00\",\"description\":\"Bereitstellung eines personalisierten, nahtlosen und kontinuierlichen Lernweges w\u00e4hrend des gesamten Talentmanagementzyklus.\",\"breadcrumb\":{\"@id\":\"https:\/\/www.capgemini.com\/de-de\/solutions\/intelligent-learning-operations\/#breadcrumb\"},\"inLanguage\":\"de-DE\",\"potentialAction\":[{\"@type\":\"ReadAction\",\"target\":[\"https:\/\/www.capgemini.com\/de-de\/solutions\/intelligent-learning-operations\/\"]}]},{\"@type\":\"ImageObject\",\"inLanguage\":\"de-DE\",\"@id\":\"https:\/\/www.capgemini.com\/de-de\/solutions\/intelligent-learning-operations\/#primaryimage\",\"url\":\"https:\/\/www.capgemini.com\/de-de\/wp-content\/uploads\/sites\/8\/2022\/06\/Intelligent-Learning-Operations-ILO-banner.jpg\",\"contentUrl\":\"https:\/\/www.capgemini.com\/de-de\/wp-content\/uploads\/sites\/8\/2022\/06\/Intelligent-Learning-Operations-ILO-banner.jpg\",\"width\":2880,\"height\":1800,\"caption\":\"Intelligent learning operations\"},{\"@type\":\"BreadcrumbList\",\"@id\":\"https:\/\/www.capgemini.com\/de-de\/solutions\/intelligent-learning-operations\/#breadcrumb\",\"itemListElement\":[{\"@type\":\"ListItem\",\"position\":1,\"name\":\"Services\",\"item\":\"https:\/\/www.capgemini.com\/de-de\/services\/\"},{\"@type\":\"ListItem\",\"position\":2,\"name\":\"Enterprise Management\",\"item\":\"https:\/\/www.capgemini.com\/de-de\/services\/enterprise-management\/\"},{\"@type\":\"ListItem\",\"position\":3,\"name\":\"Intelligent Business Operations\",\"item\":\"https:\/\/www.capgemini.com\/de-de\/services\/enterprise-management\/intelligent-business-operations\/\"},{\"@type\":\"ListItem\",\"position\":4,\"name\":\"Intelligent people operations\",\"item\":\"https:\/\/www.capgemini.com\/de-de\/services\/enterprise-management\/intelligent-business-operations\/intelligent-people-operations\/\"},{\"@type\":\"ListItem\",\"position\":5,\"name\":\"Intelligent Learning Operations\"}]},{\"@type\":\"WebSite\",\"@id\":\"https:\/\/www.capgemini.com\/de-de\/#website\",\"url\":\"https:\/\/www.capgemini.com\/de-de\/\",\"name\":\"Capgemini Deutschland\",\"description\":\"Make it real\",\"potentialAction\":[{\"@type\":\"SearchAction\",\"target\":{\"@type\":\"EntryPoint\",\"urlTemplate\":\"https:\/\/www.capgemini.com\/de-de\/?s={search_term_string}\"},\"query-input\":\"required name=search_term_string\"}],\"inLanguage\":\"de-DE\"}]}<\/script>\n<!-- \/ Yoast SEO Premium plugin. -->","yoast_head_json":{"title":"Intelligent Learning Operations (ILO) | Capgemini","description":"Bereitstellung eines personalisierten, nahtlosen und kontinuierlichen Lernweges w\u00e4hrend des gesamten Talentmanagementzyklus.","robots":{"index":"index","follow":"follow","max-snippet":"max-snippet:-1","max-image-preview":"max-image-preview:large","max-video-preview":"max-video-preview:-1"},"canonical":"https:\/\/www.capgemini.com\/de-de\/solutions\/intelligent-learning-operations\/","og_locale":"de_DE","og_type":"article","og_title":"Intelligent Learning Operations (ILO) | Capgemini","og_description":"Bereitstellung eines personalisierten, nahtlosen und kontinuierlichen Lernweges w\u00e4hrend des gesamten Talentmanagementzyklus.","og_url":"https:\/\/www.capgemini.com\/de-de\/solutions\/intelligent-learning-operations\/","og_site_name":"Capgemini","article_modified_time":"2026-01-08T09:23:03+00:00","og_image":[{"width":1200,"height":627,"url":"https:\/\/www.capgemini.com\/de-de\/wp-content\/uploads\/sites\/8\/2025\/10\/New-Web-preview-global.jpg","type":"image\/jpeg"}],"twitter_card":"summary_large_image","twitter_misc":{"Est. reading time":"1 minute"},"schema":{"@context":"https:\/\/schema.org","@graph":[{"@type":"WebPage","@id":"https:\/\/www.capgemini.com\/de-de\/solutions\/intelligent-learning-operations\/","url":"https:\/\/www.capgemini.com\/de-de\/solutions\/intelligent-learning-operations\/","name":"Intelligent Learning Operations (ILO) | Capgemini","isPartOf":{"@id":"https:\/\/www.capgemini.com\/de-de\/#website"},"primaryImageOfPage":{"@id":"https:\/\/www.capgemini.com\/de-de\/solutions\/intelligent-learning-operations\/#primaryimage"},"image":{"@id":"https:\/\/www.capgemini.com\/de-de\/solutions\/intelligent-learning-operations\/#primaryimage"},"thumbnailUrl":"https:\/\/www.capgemini.com\/de-de\/wp-content\/uploads\/sites\/8\/2022\/06\/Intelligent-Learning-Operations-ILO-banner.jpg","datePublished":"2022-06-15T04:55:58+00:00","dateModified":"2026-01-08T09:23:03+00:00","description":"Bereitstellung eines personalisierten, nahtlosen und kontinuierlichen Lernweges w\u00e4hrend des gesamten Talentmanagementzyklus.","breadcrumb":{"@id":"https:\/\/www.capgemini.com\/de-de\/solutions\/intelligent-learning-operations\/#breadcrumb"},"inLanguage":"de-DE","potentialAction":[{"@type":"ReadAction","target":["https:\/\/www.capgemini.com\/de-de\/solutions\/intelligent-learning-operations\/"]}]},{"@type":"ImageObject","inLanguage":"de-DE","@id":"https:\/\/www.capgemini.com\/de-de\/solutions\/intelligent-learning-operations\/#primaryimage","url":"https:\/\/www.capgemini.com\/de-de\/wp-content\/uploads\/sites\/8\/2022\/06\/Intelligent-Learning-Operations-ILO-banner.jpg","contentUrl":"https:\/\/www.capgemini.com\/de-de\/wp-content\/uploads\/sites\/8\/2022\/06\/Intelligent-Learning-Operations-ILO-banner.jpg","width":2880,"height":1800,"caption":"Intelligent learning operations"},{"@type":"BreadcrumbList","@id":"https:\/\/www.capgemini.com\/de-de\/solutions\/intelligent-learning-operations\/#breadcrumb","itemListElement":[{"@type":"ListItem","position":1,"name":"Services","item":"https:\/\/www.capgemini.com\/de-de\/services\/"},{"@type":"ListItem","position":2,"name":"Enterprise Management","item":"https:\/\/www.capgemini.com\/de-de\/services\/enterprise-management\/"},{"@type":"ListItem","position":3,"name":"Intelligent Business Operations","item":"https:\/\/www.capgemini.com\/de-de\/services\/enterprise-management\/intelligent-business-operations\/"},{"@type":"ListItem","position":4,"name":"Intelligent people operations","item":"https:\/\/www.capgemini.com\/de-de\/services\/enterprise-management\/intelligent-business-operations\/intelligent-people-operations\/"},{"@type":"ListItem","position":5,"name":"Intelligent Learning Operations"}]},{"@type":"WebSite","@id":"https:\/\/www.capgemini.com\/de-de\/#website","url":"https:\/\/www.capgemini.com\/de-de\/","name":"Capgemini Deutschland","description":"Make it real","potentialAction":[{"@type":"SearchAction","target":{"@type":"EntryPoint","urlTemplate":"https:\/\/www.capgemini.com\/de-de\/?s={search_term_string}"},"query-input":"required name=search_term_string"}],"inLanguage":"de-DE"}]}},"brand_term":[],"parsely":{"version":"1.1.0","canonical_url":"https:\/\/capgemini.com\/de-de\/solutions\/intelligent-learning-operations\/","smart_links":{"inbound":0,"outbound":0},"traffic_boost_suggestions_count":0,"meta":{"@context":"https:\/\/schema.org","@type":"WebPage","headline":"Intelligent Learning Operations","url":"http:\/\/www.capgemini.com\/de-de\/solutions\/intelligent-learning-operations\/","mainEntityOfPage":{"@type":"WebPage","@id":"http:\/\/www.capgemini.com\/de-de\/solutions\/intelligent-learning-operations\/"},"thumbnailUrl":"https:\/\/www.capgemini.com\/de-de\/wp-content\/uploads\/sites\/8\/2022\/06\/Intelligent-Learning-Operations-ILO-banner.jpg?w=150&h=150&crop=1","image":{"@type":"ImageObject","url":"https:\/\/www.capgemini.com\/de-de\/wp-content\/uploads\/sites\/8\/2022\/06\/Intelligent-Learning-Operations-ILO-banner.jpg"},"articleSection":"Uncategorized","author":[],"creator":[],"publisher":{"@type":"Organization","name":"Capgemini","logo":""},"keywords":[],"dateCreated":"2022-06-15T04:55:58Z","datePublished":"2022-06-15T04:55:58Z","dateModified":"2026-01-08T09:23:03Z"},"rendered":"<script type=\"application\/ld+json\" class=\"wp-parsely-metadata\">{\"@context\":\"https:\\\/\\\/schema.org\",\"@type\":\"WebPage\",\"headline\":\"Intelligent Learning Operations\",\"url\":\"http:\\\/\\\/www.capgemini.com\\\/de-de\\\/solutions\\\/intelligent-learning-operations\\\/\",\"mainEntityOfPage\":{\"@type\":\"WebPage\",\"@id\":\"http:\\\/\\\/www.capgemini.com\\\/de-de\\\/solutions\\\/intelligent-learning-operations\\\/\"},\"thumbnailUrl\":\"https:\\\/\\\/www.capgemini.com\\\/de-de\\\/wp-content\\\/uploads\\\/sites\\\/8\\\/2022\\\/06\\\/Intelligent-Learning-Operations-ILO-banner.jpg?w=150&h=150&crop=1\",\"image\":{\"@type\":\"ImageObject\",\"url\":\"https:\\\/\\\/www.capgemini.com\\\/de-de\\\/wp-content\\\/uploads\\\/sites\\\/8\\\/2022\\\/06\\\/Intelligent-Learning-Operations-ILO-banner.jpg\"},\"articleSection\":\"Uncategorized\",\"author\":[],\"creator\":[],\"publisher\":{\"@type\":\"Organization\",\"name\":\"Capgemini\",\"logo\":\"\"},\"keywords\":[],\"dateCreated\":\"2022-06-15T04:55:58Z\",\"datePublished\":\"2022-06-15T04:55:58Z\",\"dateModified\":\"2026-01-08T09:23:03Z\"}<\/script>","tracker_url":"https:\/\/cdn.parsely.com\/keys\/capgemini.com\/p.js"},"archive_status":false,"featured_image_src":"https:\/\/www.capgemini.com\/de-de\/wp-content\/uploads\/sites\/8\/2022\/06\/Intelligent-Learning-Operations-ILO-banner.jpg","featured_image_alt":"Intelligent learning operations","jetpack_sharing_enabled":true,"distributor_meta":false,"distributor_terms":false,"distributor_media":false,"distributor_original_site_name":"Capgemini","distributor_original_site_url":"https:\/\/www.capgemini.com\/de-de","push-errors":false,"_links":{"self":[{"href":"https:\/\/www.capgemini.com\/de-de\/wp-json\/wp\/v2\/pages\/798536","targetHints":{"allow":["GET"]}}],"collection":[{"href":"https:\/\/www.capgemini.com\/de-de\/wp-json\/wp\/v2\/pages"}],"about":[{"href":"https:\/\/www.capgemini.com\/de-de\/wp-json\/wp\/v2\/types\/page"}],"author":[{"embeddable":true,"href":"https:\/\/www.capgemini.com\/de-de\/wp-json\/wp\/v2\/users\/33"}],"replies":[{"embeddable":true,"href":"https:\/\/www.capgemini.com\/de-de\/wp-json\/wp\/v2\/comments?post=798536"}],"version-history":[{"count":13,"href":"https:\/\/www.capgemini.com\/de-de\/wp-json\/wp\/v2\/pages\/798536\/revisions"}],"predecessor-version":[{"id":890505,"href":"https:\/\/www.capgemini.com\/de-de\/wp-json\/wp\/v2\/pages\/798536\/revisions\/890505"}],"up":[{"embeddable":true,"href":"https:\/\/www.capgemini.com\/de-de\/wp-json\/wp\/v2\/pages\/743788"}],"wp:featuredmedia":[{"embeddable":true,"href":"https:\/\/www.capgemini.com\/de-de\/wp-json\/wp\/v2\/media\/798537"}],"wp:attachment":[{"href":"https:\/\/www.capgemini.com\/de-de\/wp-json\/wp\/v2\/media?parent=798536"}],"wp:term":[{"taxonomy":"brand","embeddable":true,"href":"https:\/\/www.capgemini.com\/de-de\/wp-json\/wp\/v2\/brand?post=798536"},{"taxonomy":"partner_type","embeddable":true,"href":"https:\/\/www.capgemini.com\/de-de\/wp-json\/wp\/v2\/partner_type?post=798536"},{"taxonomy":"service","embeddable":true,"href":"https:\/\/www.capgemini.com\/de-de\/wp-json\/wp\/v2\/service?post=798536"},{"taxonomy":"industry","embeddable":true,"href":"https:\/\/www.capgemini.com\/de-de\/wp-json\/wp\/v2\/industry?post=798536"},{"taxonomy":"partners","embeddable":true,"href":"https:\/\/www.capgemini.com\/de-de\/wp-json\/wp\/v2\/partners?post=798536"},{"taxonomy":"page-type","embeddable":true,"href":"https:\/\/www.capgemini.com\/de-de\/wp-json\/wp\/v2\/page-type?post=798536"},{"taxonomy":"content-group","embeddable":true,"href":"https:\/\/www.capgemini.com\/de-de\/wp-json\/wp\/v2\/content-group?post=798536"}],"curies":[{"name":"wp","href":"https:\/\/api.w.org\/{rel}","templated":true}]}}