{"id":798154,"date":"2022-11-08T12:29:34","date_gmt":"2022-11-08T11:29:34","guid":{"rendered":"https:\/\/www.capgemini.com\/?page_id=824095"},"modified":"2025-03-05T04:40:43","modified_gmt":"2025-03-05T04:40:43","slug":"arm-systemready-ir-certification","status":"publish","type":"page","link":"https:\/\/www.capgemini.com\/de-de\/solutions\/arm-systemready-ir-certification\/","title":{"rendered":"Arm SystemReady IR Zertifizierung"},"content":{"rendered":"\n<header class=\"wp-block-cg-blocks-hero-reusable header heroReusable  \"><div class=\"header-bgs\"><picture><source srcset=\"https:\/\/www.capgemini.com\/wp-content\/uploads\/2022\/11\/Capgemini_Semiconductors_Arm-SystemReady-IR-certification.jpg?w=2880&amp;quality=70 1x, https:\/\/www.capgemini.com\/wp-content\/uploads\/2022\/11\/Capgemini_Semiconductors_Arm-SystemReady-IR-certification.jpg?w=2880&amp;quality=70 2x\" media=\"(min-width: 1500px)\"\/><source srcset=\"https:\/\/www.capgemini.com\/wp-content\/uploads\/2022\/11\/Capgemini_Semiconductors_Arm-SystemReady-IR-certification.jpg?w=1440&amp;quality=70 1x, https:\/\/www.capgemini.com\/wp-content\/uploads\/2022\/11\/Capgemini_Semiconductors_Arm-SystemReady-IR-certification.jpg?w=2880&amp;quality=70 2x\" media=\"(min-width: 992px)\"\/><source srcset=\"https:\/\/www.capgemini.com\/wp-content\/uploads\/2022\/11\/Capgemini_Semiconductors_Arm-SystemReady-IR-certification.jpg?w=1024&amp;quality=70 1x, https:\/\/www.capgemini.com\/wp-content\/uploads\/2022\/11\/Capgemini_Semiconductors_Arm-SystemReady-IR-certification.jpg?w=1024&amp;quality=70 2x\" media=\"(min-width: 768px)\"\/><source srcset=\"https:\/\/www.capgemini.com\/wp-content\/uploads\/2022\/11\/Capgemini_Semiconductors_Arm-SystemReady-IR-certification.jpg?w=768&amp;quality=70 1x, https:\/\/www.capgemini.com\/wp-content\/uploads\/2022\/11\/Capgemini_Semiconductors_Arm-SystemReady-IR-certification.jpg?w=768&amp;quality=70 2x\" media=\"(min-width: 0)\"\/><img decoding=\"async\" src=\"https:\/\/www.capgemini.com\/wp-content\/uploads\/2022\/11\/Capgemini_Semiconductors_Arm-SystemReady-IR-certification.jpg\" class=\"header-img header-img-d\" alt=\"\" style=\"object-fit:cover;object-position:50% 50%\" loading=\"eager\"\/><\/picture><\/div><div class=\"heroPictureCardHeaderShape\"><\/div><div class=\"container\"><div class=\"row\"><div class=\"col-md-12\"><div class=\"box\"><div class=\"boxTagWrapper\"><div class=\"tagInfo\"><div><span class=\"box-tag\">Solution<\/span><\/div><\/div><div class=\"brandInfo\"><div class=\"brandLogo\"><img decoding=\"async\" loading=\"lazy\" src=\"\/wp-content\/themes\/capgemini2020\/assets\/images\/capgemini-engineering.svg\" alt=\"capgemini-engineering\"\/><\/div><\/div><\/div><div class=\"box-title\"><h1 data-maxlength=\"34\">Arm SystemReady IR Zertifizierung<\/h1><\/div><div class=\"inner-row-insight download-btn\"><div class=\"col-md-4 downloadFiles addPadding\"><a class=\"button-download--small\" type=\"download\" href=\"https:\/\/www.capgemini.com\/wp-content\/uploads\/2022\/11\/arm_systemready_flyer-oct2012.pdf\" target=\"_blank\" rel=\"noopener noreferrer\" title=\"In neuem Fenster \u00f6ffnen\"><span>Download Brosch\u00fcre<\/span><span class=\"type\">811 KB  pdf<\/span><\/a><\/div><\/div><\/div><\/div><\/div><\/div><\/header>\n\n\n\n<section class=\"wp-block-cg-blocks-intro-para undefined section section--intro\"><div class=\"intro-para\"><div class=\"container\"><div class=\"row\"><div class=\"col-12 col-md-1\"><nav class=\"article-social\"><ul class=\"social-nav\"><li class=\"ip-order-fb\"><a href=\"https:\/\/www.facebook.com\/sharer\/sharer.php?u=https:\/\/www.capgemini.com\/de-de\/solutions\/arm-systemready-ir-certification\/\" target=\"_blank\" rel=\"noopener noreferrer\" title=\"In neuem Fenster \u00f6ffnen\"><i aria-hidden=\"true\" class=\"icon-fb\"><\/i><span class=\"sr-only\">Facebook<\/span><\/a><\/li><li class=\"ip-order-li\"><a href=\"https:\/\/www.linkedin.com\/sharing\/share-offsite\/?url=https:\/\/www.capgemini.com\/de-de\/solutions\/arm-systemready-ir-certification\/\" target=\"_blank\" rel=\"noopener noreferrer\" title=\"In neuem Fenster \u00f6ffnen\"><i aria-hidden=\"true\" class=\"icon-li\"><\/i><span class=\"sr-only\">Linkedin<\/span><\/a><\/li><\/ul><\/nav><\/div><div class=\"col-12 col-md-11 col-lg-10\"><h2 class=\"intro-para-title\">Capgemini ist ein offizielles Zertifizierungsinstitut f\u00fcr das SystemReady IR-Band im Arm SystemReady-Programm<\/h2><p class=\"intro-para-content\">Das Arm SystemReady IR-Band ist f\u00fcr Ger\u00e4te im IoT-Edge-Bereich gedacht, die auf SoCs mit der Arm A-Profil-Architektur basieren. Die SystemReady IR-Zertifizierung gew\u00e4hrleistet die Interoperabilit\u00e4t mit Embedded Linux und anderen Embedded-Betriebssystemen.<\/p><\/div><\/div><\/div><\/div><\/section>\n\n\n\n<section class=\"wp-block-cg-blocks-group undefined section section--article-content\"><div class=\"article-main-content\"><div class=\"container\"><div class=\"row\"><div class=\"col-12 col-md-11 col-lg-10 offset-md-1 offset-lg-1\"><div class=\"article-text article-quote-text\">\n<p>Neben der SystemReady-IR-Zertifizierung bietet Capgemini optional Chip-, Board- und Plattform-Engineering-Services an, um Sie bei der Diagnose und L\u00f6sung von Problemen zu unterst\u00fctzen, die w\u00e4hrend des Zertifizierungsprozesses aufgedeckt werden.<\/p>\n\n\n\n<p><a href=\"mailto:info.armsystemready@capgemini.com\">Kontaktieren Sie uns<\/a>, um mit der SystemReady IR-Zertifizierung zu beginnen.&nbsp;<\/p>\n\n\n\n<p>Weitere Informationen und die Anforderungen f\u00fcr die SystemReady IR-Zertifizierung finden Sie auf der <a href=\"https:\/\/developer.arm.com\/architectures\/system-architectures\/arm-systemready\/ir\" target=\"_blank\" rel=\"noreferrer noopener\">Arm SystemReady IR-Website<\/a> und in unserer Brosch\u00fcre, die Sie oben herunterladen k\u00f6nnen.<\/p>\n<\/div><\/div><\/div><\/div><\/div><\/section>\n","protected":false},"excerpt":{"rendered":"<p>Capgemini is an official certification lab for the SystemReady IR band in the Arm SystemReady program.<\/p>\n","protected":false},"author":81,"featured_media":798155,"parent":743171,"menu_order":0,"comment_status":"closed","ping_status":"closed","template":"","meta":{"cg_dt_proposed_to":[],"cg_seo_hreflang_relations":"[]","cg_seo_canonical_relation":"{\"uuid\":\"72ff959c-0186-49ed-8aa9-64ef1a80f314\",\"blogId\":\"\",\"domain\":\"\",\"sitePath\":\"\",\"postLink\":\"\",\"postId\":null,\"isSaved\":true,\"isCrossLink\":false,\"hasCrossLink\":false}","cg_seo_hreflang_x_default_relation":"{\"uuid\":\"43c671d8-a00b-437a-9533-183fe8d6def2\",\"blogId\":\"\",\"domain\":\"\",\"sitePath\":\"\",\"postLink\":\"\",\"postId\":null,\"isSaved\":true,\"isCrossLink\":false,\"hasCrossLink\":false}","cg_dt_approved_content":true,"cg_dt_mandatory_content":false,"cg_dt_notes":"","cg_dg_source_changed":true,"cg_dt_link_disabled":false,"_yoast_wpseo_primary_brand":"141","footnotes":"","featured_focal_points":"","partner_card_description":"","gsap_animation":0},"brand":[141],"partner_type":[],"service":[122],"industry":[230],"partners":[],"page-type":[287],"content-group":[],"class_list":["post-798154","page","type-page","status-publish","has-post-thumbnail","hentry","brand-capgemini-engineering","service-engineering","industry-manufacturing","page-type-solutions"],"yoast_head":"<!-- This site is optimized with the Yoast SEO Premium plugin v22.8 (Yoast SEO v22.8) - https:\/\/yoast.com\/wordpress\/plugins\/seo\/ -->\n<title>Arm SystemReady IR Zertifizierung - Capgemini<\/title>\n<meta name=\"description\" content=\"Capgemini als offizielles Zertifizierungsinstitut im Arm System-Ready Programm bietet Ihnen die M\u00f6glichkeit, sich als SystemReady IR-Band Experte zertifizieren zu lassen.\" \/>\n<meta name=\"robots\" content=\"index, follow, max-snippet:-1, max-image-preview:large, max-video-preview:-1\" \/>\n<link rel=\"canonical\" href=\"https:\/\/www.capgemini.com\/de-de\/solutions\/arm-systemready-ir-certification\/\" \/>\n<meta property=\"og:locale\" content=\"de_DE\" \/>\n<meta property=\"og:type\" content=\"article\" \/>\n<meta property=\"og:title\" content=\"Arm SystemReady IR Zertifizierung - Capgemini\" \/>\n<meta property=\"og:description\" content=\"Capgemini als offizielles Zertifizierungsinstitut im Arm System-Ready Programm bietet Ihnen die M\u00f6glichkeit, sich als SystemReady IR-Band Experte zertifizieren zu lassen.\" \/>\n<meta property=\"og:url\" content=\"https:\/\/www.capgemini.com\/de-de\/solutions\/arm-systemready-ir-certification\/\" \/>\n<meta property=\"og:site_name\" content=\"Capgemini\" \/>\n<meta property=\"article:modified_time\" content=\"2025-03-05T04:40:43+00:00\" \/>\n<meta property=\"og:image\" content=\"https:\/\/www.capgemini.com\/de-de\/wp-content\/uploads\/sites\/8\/2022\/11\/Capgemini_Semiconductors_Arm-SystemReady-IR-certification-1.jpg\" \/>\n\t<meta property=\"og:image:width\" content=\"2880\" \/>\n\t<meta property=\"og:image:height\" content=\"1800\" \/>\n\t<meta property=\"og:image:type\" content=\"image\/jpeg\" \/>\n<meta name=\"twitter:card\" content=\"summary_large_image\" \/>\n<meta name=\"twitter:label1\" content=\"Est. reading time\" \/>\n\t<meta name=\"twitter:data1\" content=\"1 minute\" \/>\n<script type=\"application\/ld+json\" class=\"yoast-schema-graph\">{\"@context\":\"https:\/\/schema.org\",\"@graph\":[{\"@type\":\"WebPage\",\"@id\":\"https:\/\/www.capgemini.com\/de-de\/solutions\/arm-systemready-ir-certification\/\",\"url\":\"https:\/\/www.capgemini.com\/de-de\/solutions\/arm-systemready-ir-certification\/\",\"name\":\"Arm SystemReady IR Zertifizierung - Capgemini\",\"isPartOf\":{\"@id\":\"https:\/\/www.capgemini.com\/de-de\/#website\"},\"primaryImageOfPage\":{\"@id\":\"https:\/\/www.capgemini.com\/de-de\/solutions\/arm-systemready-ir-certification\/#primaryimage\"},\"image\":{\"@id\":\"https:\/\/www.capgemini.com\/de-de\/solutions\/arm-systemready-ir-certification\/#primaryimage\"},\"thumbnailUrl\":\"https:\/\/www.capgemini.com\/de-de\/wp-content\/uploads\/sites\/8\/2022\/11\/Capgemini_Semiconductors_Arm-SystemReady-IR-certification-1.jpg\",\"datePublished\":\"2022-11-08T11:29:34+00:00\",\"dateModified\":\"2025-03-05T04:40:43+00:00\",\"description\":\"Capgemini als offizielles Zertifizierungsinstitut im Arm System-Ready Programm bietet Ihnen die M\u00f6glichkeit, sich als SystemReady IR-Band Experte zertifizieren zu lassen.\",\"breadcrumb\":{\"@id\":\"https:\/\/www.capgemini.com\/de-de\/solutions\/arm-systemready-ir-certification\/#breadcrumb\"},\"inLanguage\":\"de-DE\",\"potentialAction\":[{\"@type\":\"ReadAction\",\"target\":[\"https:\/\/www.capgemini.com\/de-de\/solutions\/arm-systemready-ir-certification\/\"]}]},{\"@type\":\"ImageObject\",\"inLanguage\":\"de-DE\",\"@id\":\"https:\/\/www.capgemini.com\/de-de\/solutions\/arm-systemready-ir-certification\/#primaryimage\",\"url\":\"https:\/\/www.capgemini.com\/de-de\/wp-content\/uploads\/sites\/8\/2022\/11\/Capgemini_Semiconductors_Arm-SystemReady-IR-certification-1.jpg\",\"contentUrl\":\"https:\/\/www.capgemini.com\/de-de\/wp-content\/uploads\/sites\/8\/2022\/11\/Capgemini_Semiconductors_Arm-SystemReady-IR-certification-1.jpg\",\"width\":2880,\"height\":1800},{\"@type\":\"BreadcrumbList\",\"@id\":\"https:\/\/www.capgemini.com\/de-de\/solutions\/arm-systemready-ir-certification\/#breadcrumb\",\"itemListElement\":[{\"@type\":\"ListItem\",\"position\":1,\"name\":\"Solutions\",\"item\":\"https:\/\/www.capgemini.com\/de-de\/solutions\/\"},{\"@type\":\"ListItem\",\"position\":2,\"name\":\"Arm SystemReady IR Zertifizierung\"}]},{\"@type\":\"WebSite\",\"@id\":\"https:\/\/www.capgemini.com\/de-de\/#website\",\"url\":\"https:\/\/www.capgemini.com\/de-de\/\",\"name\":\"Capgemini Deutschland\",\"description\":\"Make it real\",\"potentialAction\":[{\"@type\":\"SearchAction\",\"target\":{\"@type\":\"EntryPoint\",\"urlTemplate\":\"https:\/\/www.capgemini.com\/de-de\/?s={search_term_string}\"},\"query-input\":\"required name=search_term_string\"}],\"inLanguage\":\"de-DE\"}]}<\/script>\n<!-- \/ Yoast SEO Premium plugin. -->","yoast_head_json":{"title":"Arm SystemReady IR Zertifizierung - Capgemini","description":"Capgemini als offizielles Zertifizierungsinstitut im Arm System-Ready Programm bietet Ihnen die M\u00f6glichkeit, sich als SystemReady IR-Band Experte zertifizieren zu lassen.","robots":{"index":"index","follow":"follow","max-snippet":"max-snippet:-1","max-image-preview":"max-image-preview:large","max-video-preview":"max-video-preview:-1"},"canonical":"https:\/\/www.capgemini.com\/de-de\/solutions\/arm-systemready-ir-certification\/","og_locale":"de_DE","og_type":"article","og_title":"Arm SystemReady IR Zertifizierung - Capgemini","og_description":"Capgemini als offizielles Zertifizierungsinstitut im Arm System-Ready Programm bietet Ihnen die M\u00f6glichkeit, sich als SystemReady IR-Band Experte zertifizieren zu lassen.","og_url":"https:\/\/www.capgemini.com\/de-de\/solutions\/arm-systemready-ir-certification\/","og_site_name":"Capgemini","article_modified_time":"2025-03-05T04:40:43+00:00","og_image":[{"width":2880,"height":1800,"url":"https:\/\/www.capgemini.com\/de-de\/wp-content\/uploads\/sites\/8\/2022\/11\/Capgemini_Semiconductors_Arm-SystemReady-IR-certification-1.jpg","type":"image\/jpeg"}],"twitter_card":"summary_large_image","twitter_misc":{"Est. reading time":"1 minute"},"schema":{"@context":"https:\/\/schema.org","@graph":[{"@type":"WebPage","@id":"https:\/\/www.capgemini.com\/de-de\/solutions\/arm-systemready-ir-certification\/","url":"https:\/\/www.capgemini.com\/de-de\/solutions\/arm-systemready-ir-certification\/","name":"Arm SystemReady IR Zertifizierung - Capgemini","isPartOf":{"@id":"https:\/\/www.capgemini.com\/de-de\/#website"},"primaryImageOfPage":{"@id":"https:\/\/www.capgemini.com\/de-de\/solutions\/arm-systemready-ir-certification\/#primaryimage"},"image":{"@id":"https:\/\/www.capgemini.com\/de-de\/solutions\/arm-systemready-ir-certification\/#primaryimage"},"thumbnailUrl":"https:\/\/www.capgemini.com\/de-de\/wp-content\/uploads\/sites\/8\/2022\/11\/Capgemini_Semiconductors_Arm-SystemReady-IR-certification-1.jpg","datePublished":"2022-11-08T11:29:34+00:00","dateModified":"2025-03-05T04:40:43+00:00","description":"Capgemini als offizielles Zertifizierungsinstitut im Arm System-Ready Programm bietet Ihnen die M\u00f6glichkeit, sich als SystemReady IR-Band Experte zertifizieren zu lassen.","breadcrumb":{"@id":"https:\/\/www.capgemini.com\/de-de\/solutions\/arm-systemready-ir-certification\/#breadcrumb"},"inLanguage":"de-DE","potentialAction":[{"@type":"ReadAction","target":["https:\/\/www.capgemini.com\/de-de\/solutions\/arm-systemready-ir-certification\/"]}]},{"@type":"ImageObject","inLanguage":"de-DE","@id":"https:\/\/www.capgemini.com\/de-de\/solutions\/arm-systemready-ir-certification\/#primaryimage","url":"https:\/\/www.capgemini.com\/de-de\/wp-content\/uploads\/sites\/8\/2022\/11\/Capgemini_Semiconductors_Arm-SystemReady-IR-certification-1.jpg","contentUrl":"https:\/\/www.capgemini.com\/de-de\/wp-content\/uploads\/sites\/8\/2022\/11\/Capgemini_Semiconductors_Arm-SystemReady-IR-certification-1.jpg","width":2880,"height":1800},{"@type":"BreadcrumbList","@id":"https:\/\/www.capgemini.com\/de-de\/solutions\/arm-systemready-ir-certification\/#breadcrumb","itemListElement":[{"@type":"ListItem","position":1,"name":"Solutions","item":"https:\/\/www.capgemini.com\/de-de\/solutions\/"},{"@type":"ListItem","position":2,"name":"Arm SystemReady IR Zertifizierung"}]},{"@type":"WebSite","@id":"https:\/\/www.capgemini.com\/de-de\/#website","url":"https:\/\/www.capgemini.com\/de-de\/","name":"Capgemini Deutschland","description":"Make it real","potentialAction":[{"@type":"SearchAction","target":{"@type":"EntryPoint","urlTemplate":"https:\/\/www.capgemini.com\/de-de\/?s={search_term_string}"},"query-input":"required name=search_term_string"}],"inLanguage":"de-DE"}]}},"brand_term":[{"id":141,"slug":"capgemini-engineering"}],"parsely":{"version":"1.1.0","canonical_url":"https:\/\/capgemini.com\/de-de\/solutions\/arm-systemready-ir-certification\/","smart_links":{"inbound":0,"outbound":0},"traffic_boost_suggestions_count":0,"meta":{"@context":"https:\/\/schema.org","@type":"WebPage","headline":"Arm SystemReady IR Zertifizierung","url":"http:\/\/www.capgemini.com\/de-de\/solutions\/arm-systemready-ir-certification\/","mainEntityOfPage":{"@type":"WebPage","@id":"http:\/\/www.capgemini.com\/de-de\/solutions\/arm-systemready-ir-certification\/"},"thumbnailUrl":"https:\/\/www.capgemini.com\/de-de\/wp-content\/uploads\/sites\/8\/2022\/11\/Capgemini_Semiconductors_Arm-SystemReady-IR-certification-1.jpg?w=150&h=150&crop=1","image":{"@type":"ImageObject","url":"https:\/\/www.capgemini.com\/de-de\/wp-content\/uploads\/sites\/8\/2022\/11\/Capgemini_Semiconductors_Arm-SystemReady-IR-certification-1.jpg"},"articleSection":"Uncategorized","author":[],"creator":[],"publisher":{"@type":"Organization","name":"Capgemini","logo":""},"keywords":[],"dateCreated":"2022-11-08T11:29:34Z","datePublished":"2022-11-08T11:29:34Z","dateModified":"2025-03-05T04:40:43Z"},"rendered":"<script type=\"application\/ld+json\" class=\"wp-parsely-metadata\">{\"@context\":\"https:\\\/\\\/schema.org\",\"@type\":\"WebPage\",\"headline\":\"Arm SystemReady IR Zertifizierung\",\"url\":\"http:\\\/\\\/www.capgemini.com\\\/de-de\\\/solutions\\\/arm-systemready-ir-certification\\\/\",\"mainEntityOfPage\":{\"@type\":\"WebPage\",\"@id\":\"http:\\\/\\\/www.capgemini.com\\\/de-de\\\/solutions\\\/arm-systemready-ir-certification\\\/\"},\"thumbnailUrl\":\"https:\\\/\\\/www.capgemini.com\\\/de-de\\\/wp-content\\\/uploads\\\/sites\\\/8\\\/2022\\\/11\\\/Capgemini_Semiconductors_Arm-SystemReady-IR-certification-1.jpg?w=150&h=150&crop=1\",\"image\":{\"@type\":\"ImageObject\",\"url\":\"https:\\\/\\\/www.capgemini.com\\\/de-de\\\/wp-content\\\/uploads\\\/sites\\\/8\\\/2022\\\/11\\\/Capgemini_Semiconductors_Arm-SystemReady-IR-certification-1.jpg\"},\"articleSection\":\"Uncategorized\",\"author\":[],\"creator\":[],\"publisher\":{\"@type\":\"Organization\",\"name\":\"Capgemini\",\"logo\":\"\"},\"keywords\":[],\"dateCreated\":\"2022-11-08T11:29:34Z\",\"datePublished\":\"2022-11-08T11:29:34Z\",\"dateModified\":\"2025-03-05T04:40:43Z\"}<\/script>","tracker_url":"https:\/\/cdn.parsely.com\/keys\/capgemini.com\/p.js"},"archive_status":false,"featured_image_src":"https:\/\/www.capgemini.com\/de-de\/wp-content\/uploads\/sites\/8\/2022\/11\/Capgemini_Semiconductors_Arm-SystemReady-IR-certification-1.jpg","featured_image_alt":"","jetpack_sharing_enabled":true,"distributor_meta":false,"distributor_terms":false,"distributor_media":false,"distributor_original_site_name":"Capgemini","distributor_original_site_url":"https:\/\/www.capgemini.com\/de-de","push-errors":false,"_links":{"self":[{"href":"https:\/\/www.capgemini.com\/de-de\/wp-json\/wp\/v2\/pages\/798154","targetHints":{"allow":["GET"]}}],"collection":[{"href":"https:\/\/www.capgemini.com\/de-de\/wp-json\/wp\/v2\/pages"}],"about":[{"href":"https:\/\/www.capgemini.com\/de-de\/wp-json\/wp\/v2\/types\/page"}],"author":[{"embeddable":true,"href":"https:\/\/www.capgemini.com\/de-de\/wp-json\/wp\/v2\/users\/81"}],"replies":[{"embeddable":true,"href":"https:\/\/www.capgemini.com\/de-de\/wp-json\/wp\/v2\/comments?post=798154"}],"version-history":[{"count":7,"href":"https:\/\/www.capgemini.com\/de-de\/wp-json\/wp\/v2\/pages\/798154\/revisions"}],"predecessor-version":[{"id":875644,"href":"https:\/\/www.capgemini.com\/de-de\/wp-json\/wp\/v2\/pages\/798154\/revisions\/875644"}],"up":[{"embeddable":true,"href":"https:\/\/www.capgemini.com\/de-de\/wp-json\/wp\/v2\/pages\/743171"}],"wp:featuredmedia":[{"embeddable":true,"href":"https:\/\/www.capgemini.com\/de-de\/wp-json\/wp\/v2\/media\/798155"}],"wp:attachment":[{"href":"https:\/\/www.capgemini.com\/de-de\/wp-json\/wp\/v2\/media?parent=798154"}],"wp:term":[{"taxonomy":"brand","embeddable":true,"href":"https:\/\/www.capgemini.com\/de-de\/wp-json\/wp\/v2\/brand?post=798154"},{"taxonomy":"partner_type","embeddable":true,"href":"https:\/\/www.capgemini.com\/de-de\/wp-json\/wp\/v2\/partner_type?post=798154"},{"taxonomy":"service","embeddable":true,"href":"https:\/\/www.capgemini.com\/de-de\/wp-json\/wp\/v2\/service?post=798154"},{"taxonomy":"industry","embeddable":true,"href":"https:\/\/www.capgemini.com\/de-de\/wp-json\/wp\/v2\/industry?post=798154"},{"taxonomy":"partners","embeddable":true,"href":"https:\/\/www.capgemini.com\/de-de\/wp-json\/wp\/v2\/partners?post=798154"},{"taxonomy":"page-type","embeddable":true,"href":"https:\/\/www.capgemini.com\/de-de\/wp-json\/wp\/v2\/page-type?post=798154"},{"taxonomy":"content-group","embeddable":true,"href":"https:\/\/www.capgemini.com\/de-de\/wp-json\/wp\/v2\/content-group?post=798154"}],"curies":[{"name":"wp","href":"https:\/\/api.w.org\/{rel}","templated":true}]}}