{"id":783360,"date":"2022-09-26T13:25:52","date_gmt":"2022-09-26T13:25:52","guid":{"rendered":"https:\/\/www.capgemini.com\/de-de\/?page_id=783360"},"modified":"2025-03-05T04:52:54","modified_gmt":"2025-03-05T04:52:54","slug":"datengesteuerte-fe","status":"publish","type":"page","link":"https:\/\/www.capgemini.com\/de-de\/branchen\/konsumgueter\/datengesteuerte-fe\/","title":{"rendered":"Datengesteuerte F&#038;E f\u00fcr die Konsumg\u00fcterindustrie"},"content":{"rendered":"\n<div class=\"wp-block-cg-blocks-hero-picture-card undefined  heroPictureCard\"><div class=\"heroPictureCardBgs\"><picture><source srcset=\"https:\/\/www.capgemini.com\/de-de\/wp-content\/uploads\/sites\/8\/2022\/09\/GettyImages-1349338716.jpg?w=2880&amp;quality=70 1x, https:\/\/www.capgemini.com\/de-de\/wp-content\/uploads\/sites\/8\/2022\/09\/GettyImages-1349338716.jpg?w=2880&amp;quality=70 2x\" media=\"(min-width: 1500px)\"\/><source srcset=\"https:\/\/www.capgemini.com\/de-de\/wp-content\/uploads\/sites\/8\/2022\/09\/GettyImages-1349338716.jpg?w=1440&amp;quality=70 1x, https:\/\/www.capgemini.com\/de-de\/wp-content\/uploads\/sites\/8\/2022\/09\/GettyImages-1349338716.jpg?w=2880&amp;quality=70 2x\" media=\"(min-width: 992px)\"\/><source srcset=\"https:\/\/www.capgemini.com\/de-de\/wp-content\/uploads\/sites\/8\/2022\/09\/GettyImages-1349338716.jpg?w=1024&amp;quality=70 1x, https:\/\/www.capgemini.com\/de-de\/wp-content\/uploads\/sites\/8\/2022\/09\/GettyImages-1349338716.jpg?w=1024&amp;quality=70 2x\" media=\"(min-width: 768px)\"\/><source srcset=\"https:\/\/www.capgemini.com\/de-de\/wp-content\/uploads\/sites\/8\/2022\/09\/GettyImages-1349338716.jpg?w=768&amp;quality=70 1x, https:\/\/www.capgemini.com\/de-de\/wp-content\/uploads\/sites\/8\/2022\/09\/GettyImages-1349338716.jpg?w=768&amp;quality=70 2x\" media=\"(min-width: 0)\"\/><img decoding=\"async\" src=\"https:\/\/www.capgemini.com\/de-de\/wp-content\/uploads\/sites\/8\/2022\/09\/GettyImages-1349338716.jpg\" class=\"desktopImage\" alt=\"\" style=\"object-fit:cover;object-position:50% 50%\" loading=\"eager\"\/><\/picture><picture><source srcset=\"https:\/\/www.capgemini.com\/de-de\/wp-content\/uploads\/sites\/8\/2022\/09\/GettyImages-1349338716.jpg?w=2880&amp;quality=70 1x, https:\/\/www.capgemini.com\/de-de\/wp-content\/uploads\/sites\/8\/2022\/09\/GettyImages-1349338716.jpg?w=2880&amp;quality=70 2x\" media=\"(min-width: 1500px)\"\/><source srcset=\"https:\/\/www.capgemini.com\/de-de\/wp-content\/uploads\/sites\/8\/2022\/09\/GettyImages-1349338716.jpg?w=1440&amp;quality=70 1x, https:\/\/www.capgemini.com\/de-de\/wp-content\/uploads\/sites\/8\/2022\/09\/GettyImages-1349338716.jpg?w=2880&amp;quality=70 2x\" media=\"(min-width: 992px)\"\/><source srcset=\"https:\/\/www.capgemini.com\/de-de\/wp-content\/uploads\/sites\/8\/2022\/09\/GettyImages-1349338716.jpg?w=1024&amp;quality=70 1x, https:\/\/www.capgemini.com\/de-de\/wp-content\/uploads\/sites\/8\/2022\/09\/GettyImages-1349338716.jpg?w=1024&amp;quality=70 2x\" media=\"(min-width: 768px)\"\/><source srcset=\"https:\/\/www.capgemini.com\/de-de\/wp-content\/uploads\/sites\/8\/2022\/09\/GettyImages-1349338716.jpg?w=768&amp;quality=70 1x, https:\/\/www.capgemini.com\/de-de\/wp-content\/uploads\/sites\/8\/2022\/09\/GettyImages-1349338716.jpg?w=768&amp;quality=70 2x\" media=\"(min-width: 0)\"\/><img decoding=\"async\" src=\"https:\/\/www.capgemini.com\/de-de\/wp-content\/uploads\/sites\/8\/2022\/09\/GettyImages-1349338716.jpg\" class=\"mobileImage\" alt=\"\" style=\"object-fit:cover;object-position:50% 50%\" loading=\"eager\"\/><\/picture><\/div><div class=\"heroPictureCardHeaderShape\"><\/div><div class=\"container\"><div class=\"row\"><div class=\"col-md-8 col-lg-6\"><div class=\"heroPictureCardBox\"><div class=\"heroPictureCardBoxTitle\"><h1 data-maxlength=\"144\">Datengesteuerte F&amp;E f\u00fcr die Konsumg\u00fcter-industrie<\/h1><\/div><\/div><\/div><\/div><\/div><div class=\"small-device\"><div class=\"brandLogoWrapper\"> <\/div><\/div><\/div>\n\n\n\n<section class=\"wp-block-cg-blocks-group undefined section section--article-content\"><div class=\"article-main-content\"><div class=\"container\"><div class=\"row\"><div class=\"col-12 col-md-11 col-lg-10 offset-md-1 offset-lg-1\"><div class=\"article-text article-quote-text\">\n<h4 class=\"wp-block-heading\" id=\"h-wie-konsumguterhersteller-den-kostenfaktor-forschung-und-entwicklung-in-einen-wachstumsmotor-verwandeln-konnen\">Wie Konsumg\u00fcterhersteller den Kostenfaktor Forschung und Entwicklung in einen Wachstumsmotor verwandeln k\u00f6nnen<\/h4>\n<\/div><\/div><\/div><\/div><\/div><\/section>\n\n\n\n<section class=\"wp-block-cg-blocks-group undefined section section--article-content\"><div class=\"article-main-content\"><div class=\"container\"><div class=\"row\"><div class=\"col-12 col-md-11 col-lg-10 offset-md-1 offset-lg-1\"><div class=\"article-text article-quote-text\">\n<p>Der Erfolg von Konsumg\u00fcterherstellern beruhte schon immer auf einer relativ einfachen Formel. Sie lautet, das richtige Produkt zur richtigen Zeit auf den Markt zu bringen. Aber genau das wird immer schwieriger, denn die Wirtschaft wird komplexer, der Wettbewerb nimmt zu und die Verbraucherpr\u00e4ferenzen \u00e4ndern sich schnell.<\/p>\n\n\n\n<p>F\u00fcr viele Unternehmen der Branche ist es mit den traditionellen F&amp;E-Prozessen und Systemen nicht mehr m\u00f6glich, Produkte zum richtigen Zeitpunkt herauszubringen.<\/p>\n\n\n\n<p><strong>Data-Driven R&amp;D for Consumer Products<\/strong> ist ein neuer Service von Capgemini, der Konsumg\u00fcterhersteller dabei unterst\u00fctzt, den Leistungsumfang, die Geschwindigkeit und den Erfolg ihrer F&amp;E-Abteilung drastisch zu erh\u00f6hen und ihre Integration zu verbessern. So k\u00f6nnen Sie F&amp;E von einer Kostenstelle in einen Werttreiber verwandeln. Dabei wird sicher gestellt, dass neue Trends und Konsumentenpr\u00e4ferenzen in die Entwicklung von neuen Produkten und Services einflie\u00dft und so eine Vorreiterrolle realisiert werden kann.<\/p>\n\n\n\n<figure class=\"wp-block-embed is-type-video is-provider-youtube wp-block-embed-youtube wp-embed-aspect-16-9 wp-has-aspect-ratio\"><div class=\"wp-block-embed__wrapper\">\n<iframe loading=\"lazy\" title=\"Introduction to Data-Driven R&amp;D\" width=\"960\" height=\"540\" src=\"https:\/\/www.youtube.com\/embed\/cpvfA-jQLjE?feature=oembed\" frameborder=\"0\" allow=\"accelerometer; autoplay; clipboard-write; encrypted-media; gyroscope; picture-in-picture; web-share\" referrerpolicy=\"strict-origin-when-cross-origin\" allowfullscreen><\/iframe>\n<\/div><\/figure>\n\n\n\n<p><strong>Transformieren Sie Forschung und Entwicklung, um das richtige Produkt zur richtigen Zeit auf den Markt zu bringen. <\/strong><a href=\"https:\/\/www.capgemini.com\/wp-content\/uploads\/2021\/04\/Capgemini-Data-Driven-RD-for-Consumer-Products_Sales-Brochure.pdf\" target=\"_blank\" rel=\"noreferrer noopener\"><strong>Weitere Informationen<\/strong><\/a><\/p>\n\n\n\n<p><strong>Data-Driven R&amp;D for Consumer Products<\/strong> bietet drei verschiedene Service-Pakete f\u00fcr jede Phase Ihrer Transformation.<\/p>\n\n\n\n<p>Welches Service-Paket ist das richtige f\u00fcr Ihre Organisation? Testen Sie den digitalen Reifegrad Ihres Unternehmens, um zu entscheiden, an welcher Stelle Sie mit der Transformation Ihrer F&amp;E-Abteilung beginnen sollten.<\/p>\n\n\n\n<figure class=\"wp-block-image\"><img decoding=\"async\" src=\"https:\/\/www.capgemini.com\/de-de\/wp-content\/uploads\/sites\/5\/2021\/08\/DD-RD_banner_960x160px_20210728_MK-02.png\" alt=\"The Capgemini difference\" class=\"wp-image-483469\"\/><\/figure>\n\n\n\n<p>Data-Driven R&amp;D for Consumer Products vereint alle Elemente, um die Geschwindigkeit der digitalen Transformation in Forschung und Entwicklung zu erh\u00f6hen, und hilft Unternehmen, eine Kultur kontinuierlicher, vielf\u00e4ltiger Innovation zu etablieren.<\/p>\n\n\n\n<figure class=\"wp-block-image\"><img decoding=\"async\" src=\"https:\/\/www.capgemini.com\/de-de\/wp-content\/uploads\/sites\/5\/2021\/08\/DD-RD_banner_960x160px_20210728_MK-03.png\" alt=\"Pioneering Intelligent Industry with Capgemini\" class=\"wp-image-483470\"\/><\/figure>\n\n\n\n<p>Data-Driven R&amp;D for CP ist der neueste Service im Bereich <strong>\u201eIntelligent Industry\u201c.<\/strong> Mit diesen Services unterst\u00fctzen wir Kunden branchen\u00fcbergreifend beim Einsatz neuer Technologien und erg\u00e4nzender Dienste, so dass sie Innovation durch neue und differenzierte intelligente Produkte f\u00f6rdern, Lieferketten optimieren und die Customer Experience verbessern k\u00f6nnen.<\/p>\n\n\n\n<p>Nach der Integration von Altran ist Capgemini das einzige Unternehmen weltweit, das sowohl \u00fcber tiefgreifende Erfahrung in der Produktentwicklung als auch umfassende Fachkompetenz f\u00fcr die Beherrschung komplexer Daten und den Einsatz neuer KI-L\u00f6sungen und -Technologien in gro\u00dfem Umfang besitzt.<\/p>\n<\/div><\/div><\/div><\/div><\/div><\/section>\n","protected":false},"excerpt":{"rendered":"","protected":false},"author":212,"featured_media":782650,"parent":744449,"menu_order":0,"comment_status":"closed","ping_status":"closed","template":"","meta":{"cg_dt_proposed_to":[],"cg_seo_hreflang_relations":"[]","cg_seo_canonical_relation":"{\"uuid\":\"d0fd50b9-caa5-4c87-bf74-1208a033953e\",\"blogId\":\"\",\"domain\":\"\",\"sitePath\":\"\",\"postLink\":\"\",\"postId\":null,\"isSaved\":true,\"isCrossLink\":false,\"hasCrossLink\":false}","cg_seo_hreflang_x_default_relation":"{\"uuid\":\"d69fd137-bc1e-44d1-9ad9-0dbd967f12fc\",\"blogId\":\"\",\"domain\":\"\",\"sitePath\":\"\",\"postLink\":\"\",\"postId\":null,\"isSaved\":true,\"isCrossLink\":false,\"hasCrossLink\":false}","cg_dt_approved_content":true,"cg_dt_mandatory_content":false,"cg_dt_notes":"","cg_dg_source_changed":false,"cg_dt_link_disabled":false,"_yoast_wpseo_primary_brand":"","footnotes":"","featured_focal_points":"","partner_card_description":"","gsap_animation":0},"brand":[],"partner_type":[],"service":[],"industry":[36],"partners":[],"page-type":[],"content-group":[],"class_list":["post-783360","page","type-page","status-publish","has-post-thumbnail","hentry","industry-consumer-products"],"yoast_head":"<!-- This site is optimized with the Yoast SEO Premium plugin v22.8 (Yoast SEO v22.8) - https:\/\/yoast.com\/wordpress\/plugins\/seo\/ -->\n<title>Datengesteuerte F&amp;E f\u00fcr die Konsumg\u00fcterindustrie | Capgemini<\/title>\n<meta name=\"robots\" content=\"index, follow, max-snippet:-1, max-image-preview:large, max-video-preview:-1\" \/>\n<link rel=\"canonical\" href=\"https:\/\/www.capgemini.com\/de-de\/branchen\/konsumgueter\/datengesteuerte-fe\/\" \/>\n<meta property=\"og:locale\" content=\"de_DE\" \/>\n<meta property=\"og:type\" content=\"article\" \/>\n<meta property=\"og:title\" content=\"Datengesteuerte F&amp;E f\u00fcr die Konsumg\u00fcterindustrie | Capgemini\" \/>\n<meta property=\"og:url\" content=\"https:\/\/www.capgemini.com\/de-de\/branchen\/konsumgueter\/datengesteuerte-fe\/\" \/>\n<meta property=\"og:site_name\" content=\"Capgemini\" \/>\n<meta property=\"article:modified_time\" content=\"2025-03-05T04:52:54+00:00\" \/>\n<meta property=\"og:image\" content=\"https:\/\/www.capgemini.com\/de-de\/wp-content\/uploads\/sites\/8\/2025\/10\/New-Web-preview-global.jpg\" \/>\n\t<meta property=\"og:image:width\" content=\"1200\" \/>\n\t<meta property=\"og:image:height\" content=\"627\" \/>\n\t<meta property=\"og:image:type\" content=\"image\/jpeg\" \/>\n<meta name=\"twitter:card\" content=\"summary_large_image\" \/>\n<meta name=\"twitter:label1\" content=\"Est. reading time\" \/>\n\t<meta name=\"twitter:data1\" content=\"3 minutes\" \/>\n<script type=\"application\/ld+json\" class=\"yoast-schema-graph\">{\"@context\":\"https:\/\/schema.org\",\"@graph\":[{\"@type\":\"WebPage\",\"@id\":\"https:\/\/www.capgemini.com\/de-de\/branchen\/konsumgueter\/datengesteuerte-fe\/\",\"url\":\"https:\/\/www.capgemini.com\/de-de\/branchen\/konsumgueter\/datengesteuerte-fe\/\",\"name\":\"Datengesteuerte F&E f\u00fcr die Konsumg\u00fcterindustrie | Capgemini\",\"isPartOf\":{\"@id\":\"https:\/\/www.capgemini.com\/de-de\/#website\"},\"primaryImageOfPage\":{\"@id\":\"https:\/\/www.capgemini.com\/de-de\/branchen\/konsumgueter\/datengesteuerte-fe\/#primaryimage\"},\"image\":{\"@id\":\"https:\/\/www.capgemini.com\/de-de\/branchen\/konsumgueter\/datengesteuerte-fe\/#primaryimage\"},\"thumbnailUrl\":\"https:\/\/www.capgemini.com\/de-de\/wp-content\/uploads\/sites\/8\/2022\/09\/GettyImages-1349338716.jpg\",\"datePublished\":\"2022-09-26T13:25:52+00:00\",\"dateModified\":\"2025-03-05T04:52:54+00:00\",\"breadcrumb\":{\"@id\":\"https:\/\/www.capgemini.com\/de-de\/branchen\/konsumgueter\/datengesteuerte-fe\/#breadcrumb\"},\"inLanguage\":\"de-DE\",\"potentialAction\":[{\"@type\":\"ReadAction\",\"target\":[\"https:\/\/www.capgemini.com\/de-de\/branchen\/konsumgueter\/datengesteuerte-fe\/\"]}]},{\"@type\":\"ImageObject\",\"inLanguage\":\"de-DE\",\"@id\":\"https:\/\/www.capgemini.com\/de-de\/branchen\/konsumgueter\/datengesteuerte-fe\/#primaryimage\",\"url\":\"https:\/\/www.capgemini.com\/de-de\/wp-content\/uploads\/sites\/8\/2022\/09\/GettyImages-1349338716.jpg\",\"contentUrl\":\"https:\/\/www.capgemini.com\/de-de\/wp-content\/uploads\/sites\/8\/2022\/09\/GettyImages-1349338716.jpg\",\"width\":2309,\"height\":1299,\"caption\":\"Futuristic Technology Retail Warehouse: Worker Doing Inventory Walks when Digitalization Process Analyzes Goods, Cardboard Boxes, Products with Delivery Infographics in Logistics, Distribution Center\"},{\"@type\":\"BreadcrumbList\",\"@id\":\"https:\/\/www.capgemini.com\/de-de\/branchen\/konsumgueter\/datengesteuerte-fe\/#breadcrumb\",\"itemListElement\":[{\"@type\":\"ListItem\",\"position\":1,\"name\":\"Branchen\",\"item\":\"https:\/\/www.capgemini.com\/de-de\/branchen\/\"},{\"@type\":\"ListItem\",\"position\":2,\"name\":\"Konsumg\u00fcter\",\"item\":\"https:\/\/www.capgemini.com\/de-de\/branchen\/konsumgueter\/\"},{\"@type\":\"ListItem\",\"position\":3,\"name\":\"Datengesteuerte F&#038;E f\u00fcr die Konsumg\u00fcterindustrie\"}]},{\"@type\":\"WebSite\",\"@id\":\"https:\/\/www.capgemini.com\/de-de\/#website\",\"url\":\"https:\/\/www.capgemini.com\/de-de\/\",\"name\":\"Capgemini Deutschland\",\"description\":\"Make it real\",\"potentialAction\":[{\"@type\":\"SearchAction\",\"target\":{\"@type\":\"EntryPoint\",\"urlTemplate\":\"https:\/\/www.capgemini.com\/de-de\/?s={search_term_string}\"},\"query-input\":\"required name=search_term_string\"}],\"inLanguage\":\"de-DE\"}]}<\/script>\n<!-- \/ Yoast SEO Premium plugin. -->","yoast_head_json":{"title":"Datengesteuerte F&E f\u00fcr die Konsumg\u00fcterindustrie | Capgemini","robots":{"index":"index","follow":"follow","max-snippet":"max-snippet:-1","max-image-preview":"max-image-preview:large","max-video-preview":"max-video-preview:-1"},"canonical":"https:\/\/www.capgemini.com\/de-de\/branchen\/konsumgueter\/datengesteuerte-fe\/","og_locale":"de_DE","og_type":"article","og_title":"Datengesteuerte F&E f\u00fcr die Konsumg\u00fcterindustrie | Capgemini","og_url":"https:\/\/www.capgemini.com\/de-de\/branchen\/konsumgueter\/datengesteuerte-fe\/","og_site_name":"Capgemini","article_modified_time":"2025-03-05T04:52:54+00:00","og_image":[{"width":1200,"height":627,"url":"https:\/\/www.capgemini.com\/de-de\/wp-content\/uploads\/sites\/8\/2025\/10\/New-Web-preview-global.jpg","type":"image\/jpeg"}],"twitter_card":"summary_large_image","twitter_misc":{"Est. reading time":"3 minutes"},"schema":{"@context":"https:\/\/schema.org","@graph":[{"@type":"WebPage","@id":"https:\/\/www.capgemini.com\/de-de\/branchen\/konsumgueter\/datengesteuerte-fe\/","url":"https:\/\/www.capgemini.com\/de-de\/branchen\/konsumgueter\/datengesteuerte-fe\/","name":"Datengesteuerte F&E f\u00fcr die Konsumg\u00fcterindustrie | Capgemini","isPartOf":{"@id":"https:\/\/www.capgemini.com\/de-de\/#website"},"primaryImageOfPage":{"@id":"https:\/\/www.capgemini.com\/de-de\/branchen\/konsumgueter\/datengesteuerte-fe\/#primaryimage"},"image":{"@id":"https:\/\/www.capgemini.com\/de-de\/branchen\/konsumgueter\/datengesteuerte-fe\/#primaryimage"},"thumbnailUrl":"https:\/\/www.capgemini.com\/de-de\/wp-content\/uploads\/sites\/8\/2022\/09\/GettyImages-1349338716.jpg","datePublished":"2022-09-26T13:25:52+00:00","dateModified":"2025-03-05T04:52:54+00:00","breadcrumb":{"@id":"https:\/\/www.capgemini.com\/de-de\/branchen\/konsumgueter\/datengesteuerte-fe\/#breadcrumb"},"inLanguage":"de-DE","potentialAction":[{"@type":"ReadAction","target":["https:\/\/www.capgemini.com\/de-de\/branchen\/konsumgueter\/datengesteuerte-fe\/"]}]},{"@type":"ImageObject","inLanguage":"de-DE","@id":"https:\/\/www.capgemini.com\/de-de\/branchen\/konsumgueter\/datengesteuerte-fe\/#primaryimage","url":"https:\/\/www.capgemini.com\/de-de\/wp-content\/uploads\/sites\/8\/2022\/09\/GettyImages-1349338716.jpg","contentUrl":"https:\/\/www.capgemini.com\/de-de\/wp-content\/uploads\/sites\/8\/2022\/09\/GettyImages-1349338716.jpg","width":2309,"height":1299,"caption":"Futuristic Technology Retail Warehouse: Worker Doing Inventory Walks when Digitalization Process Analyzes Goods, Cardboard Boxes, Products with Delivery Infographics in Logistics, Distribution Center"},{"@type":"BreadcrumbList","@id":"https:\/\/www.capgemini.com\/de-de\/branchen\/konsumgueter\/datengesteuerte-fe\/#breadcrumb","itemListElement":[{"@type":"ListItem","position":1,"name":"Branchen","item":"https:\/\/www.capgemini.com\/de-de\/branchen\/"},{"@type":"ListItem","position":2,"name":"Konsumg\u00fcter","item":"https:\/\/www.capgemini.com\/de-de\/branchen\/konsumgueter\/"},{"@type":"ListItem","position":3,"name":"Datengesteuerte F&#038;E f\u00fcr die Konsumg\u00fcterindustrie"}]},{"@type":"WebSite","@id":"https:\/\/www.capgemini.com\/de-de\/#website","url":"https:\/\/www.capgemini.com\/de-de\/","name":"Capgemini Deutschland","description":"Make it real","potentialAction":[{"@type":"SearchAction","target":{"@type":"EntryPoint","urlTemplate":"https:\/\/www.capgemini.com\/de-de\/?s={search_term_string}"},"query-input":"required name=search_term_string"}],"inLanguage":"de-DE"}]}},"brand_term":[],"parsely":{"version":"1.1.0","canonical_url":"https:\/\/capgemini.com\/de-de\/branchen\/konsumgueter\/datengesteuerte-fe\/","smart_links":{"inbound":0,"outbound":0},"traffic_boost_suggestions_count":0,"meta":{"@context":"https:\/\/schema.org","@type":"WebPage","headline":"Datengesteuerte F&#038;E f\u00fcr die Konsumg\u00fcterindustrie","url":"http:\/\/www.capgemini.com\/de-de\/branchen\/konsumgueter\/datengesteuerte-fe\/","mainEntityOfPage":{"@type":"WebPage","@id":"http:\/\/www.capgemini.com\/de-de\/branchen\/konsumgueter\/datengesteuerte-fe\/"},"thumbnailUrl":"https:\/\/www.capgemini.com\/de-de\/wp-content\/uploads\/sites\/8\/2022\/09\/GettyImages-1349338716.jpg?w=150&h=150&crop=1","image":{"@type":"ImageObject","url":"https:\/\/www.capgemini.com\/de-de\/wp-content\/uploads\/sites\/8\/2022\/09\/GettyImages-1349338716.jpg"},"articleSection":"Uncategorized","author":[],"creator":[],"publisher":{"@type":"Organization","name":"Capgemini","logo":""},"keywords":[],"dateCreated":"2022-09-26T13:25:52Z","datePublished":"2022-09-26T13:25:52Z","dateModified":"2025-03-05T04:52:54Z"},"rendered":"<script type=\"application\/ld+json\" class=\"wp-parsely-metadata\">{\"@context\":\"https:\\\/\\\/schema.org\",\"@type\":\"WebPage\",\"headline\":\"Datengesteuerte F&#038;E f\\u00fcr die Konsumg\\u00fcterindustrie\",\"url\":\"http:\\\/\\\/www.capgemini.com\\\/de-de\\\/branchen\\\/konsumgueter\\\/datengesteuerte-fe\\\/\",\"mainEntityOfPage\":{\"@type\":\"WebPage\",\"@id\":\"http:\\\/\\\/www.capgemini.com\\\/de-de\\\/branchen\\\/konsumgueter\\\/datengesteuerte-fe\\\/\"},\"thumbnailUrl\":\"https:\\\/\\\/www.capgemini.com\\\/de-de\\\/wp-content\\\/uploads\\\/sites\\\/8\\\/2022\\\/09\\\/GettyImages-1349338716.jpg?w=150&h=150&crop=1\",\"image\":{\"@type\":\"ImageObject\",\"url\":\"https:\\\/\\\/www.capgemini.com\\\/de-de\\\/wp-content\\\/uploads\\\/sites\\\/8\\\/2022\\\/09\\\/GettyImages-1349338716.jpg\"},\"articleSection\":\"Uncategorized\",\"author\":[],\"creator\":[],\"publisher\":{\"@type\":\"Organization\",\"name\":\"Capgemini\",\"logo\":\"\"},\"keywords\":[],\"dateCreated\":\"2022-09-26T13:25:52Z\",\"datePublished\":\"2022-09-26T13:25:52Z\",\"dateModified\":\"2025-03-05T04:52:54Z\"}<\/script>","tracker_url":"https:\/\/cdn.parsely.com\/keys\/capgemini.com\/p.js"},"archive_status":false,"featured_image_src":"https:\/\/www.capgemini.com\/de-de\/wp-content\/uploads\/sites\/8\/2022\/09\/GettyImages-1349338716.jpg","featured_image_alt":"","jetpack_sharing_enabled":true,"distributor_meta":false,"distributor_terms":false,"distributor_media":false,"distributor_original_site_name":"Capgemini","distributor_original_site_url":"https:\/\/www.capgemini.com\/de-de","push-errors":false,"_links":{"self":[{"href":"https:\/\/www.capgemini.com\/de-de\/wp-json\/wp\/v2\/pages\/783360","targetHints":{"allow":["GET"]}}],"collection":[{"href":"https:\/\/www.capgemini.com\/de-de\/wp-json\/wp\/v2\/pages"}],"about":[{"href":"https:\/\/www.capgemini.com\/de-de\/wp-json\/wp\/v2\/types\/page"}],"author":[{"embeddable":true,"href":"https:\/\/www.capgemini.com\/de-de\/wp-json\/wp\/v2\/users\/212"}],"replies":[{"embeddable":true,"href":"https:\/\/www.capgemini.com\/de-de\/wp-json\/wp\/v2\/comments?post=783360"}],"version-history":[{"count":10,"href":"https:\/\/www.capgemini.com\/de-de\/wp-json\/wp\/v2\/pages\/783360\/revisions"}],"predecessor-version":[{"id":875754,"href":"https:\/\/www.capgemini.com\/de-de\/wp-json\/wp\/v2\/pages\/783360\/revisions\/875754"}],"up":[{"embeddable":true,"href":"https:\/\/www.capgemini.com\/de-de\/wp-json\/wp\/v2\/pages\/744449"}],"wp:featuredmedia":[{"embeddable":true,"href":"https:\/\/www.capgemini.com\/de-de\/wp-json\/wp\/v2\/media\/782650"}],"wp:attachment":[{"href":"https:\/\/www.capgemini.com\/de-de\/wp-json\/wp\/v2\/media?parent=783360"}],"wp:term":[{"taxonomy":"brand","embeddable":true,"href":"https:\/\/www.capgemini.com\/de-de\/wp-json\/wp\/v2\/brand?post=783360"},{"taxonomy":"partner_type","embeddable":true,"href":"https:\/\/www.capgemini.com\/de-de\/wp-json\/wp\/v2\/partner_type?post=783360"},{"taxonomy":"service","embeddable":true,"href":"https:\/\/www.capgemini.com\/de-de\/wp-json\/wp\/v2\/service?post=783360"},{"taxonomy":"industry","embeddable":true,"href":"https:\/\/www.capgemini.com\/de-de\/wp-json\/wp\/v2\/industry?post=783360"},{"taxonomy":"partners","embeddable":true,"href":"https:\/\/www.capgemini.com\/de-de\/wp-json\/wp\/v2\/partners?post=783360"},{"taxonomy":"page-type","embeddable":true,"href":"https:\/\/www.capgemini.com\/de-de\/wp-json\/wp\/v2\/page-type?post=783360"},{"taxonomy":"content-group","embeddable":true,"href":"https:\/\/www.capgemini.com\/de-de\/wp-json\/wp\/v2\/content-group?post=783360"}],"curies":[{"name":"wp","href":"https:\/\/api.w.org\/{rel}","templated":true}]}}