{"id":774684,"date":"2022-09-02T07:34:57","date_gmt":"2022-09-02T07:34:57","guid":{"rendered":"https:\/\/www.capgemini.com\/de-de\/?page_id=774684"},"modified":"2025-04-07T12:57:07","modified_gmt":"2025-04-07T12:57:07","slug":"hier-bekommst-du-hilfe-fuer-deine-bewerbung-und-dein-einleben-in-deutschland","status":"publish","type":"page","link":"https:\/\/www.capgemini.com\/de-de\/unternehmen\/corporate-responsibility\/getabuddy-de\/","title":{"rendered":"Hier bekommst du Hilfe f\u00fcr deine Bewerbung und dein Einleben in Deutschland"},"content":{"rendered":"\n<div class=\"wp-block-cg-blocks-hero-picture-card undefined  heroPictureCard heroPictureCardLogTitle\"><div class=\"heroPictureCardBgs\"><picture><source srcset=\"https:\/\/www.capgemini.com\/de-de\/wp-content\/uploads\/sites\/8\/2022\/09\/xMU_Flyer-Hilfe-Ukraine_Marko-Ko.jpg?w=2880&amp;quality=70 1x, https:\/\/www.capgemini.com\/de-de\/wp-content\/uploads\/sites\/8\/2022\/09\/xMU_Flyer-Hilfe-Ukraine_Marko-Ko.jpg?w=2880&amp;quality=70 2x\" media=\"(min-width: 1500px)\"\/><source srcset=\"https:\/\/www.capgemini.com\/de-de\/wp-content\/uploads\/sites\/8\/2022\/09\/xMU_Flyer-Hilfe-Ukraine_Marko-Ko.jpg?w=1440&amp;quality=70 1x, https:\/\/www.capgemini.com\/de-de\/wp-content\/uploads\/sites\/8\/2022\/09\/xMU_Flyer-Hilfe-Ukraine_Marko-Ko.jpg?w=2880&amp;quality=70 2x\" media=\"(min-width: 992px)\"\/><source srcset=\"https:\/\/www.capgemini.com\/de-de\/wp-content\/uploads\/sites\/8\/2022\/09\/xMU_Flyer-Hilfe-Ukraine_Marko-Ko.jpg?w=1024&amp;quality=70 1x, https:\/\/www.capgemini.com\/de-de\/wp-content\/uploads\/sites\/8\/2022\/09\/xMU_Flyer-Hilfe-Ukraine_Marko-Ko.jpg?w=1024&amp;quality=70 2x\" media=\"(min-width: 768px)\"\/><source srcset=\"https:\/\/www.capgemini.com\/de-de\/wp-content\/uploads\/sites\/8\/2022\/09\/xMU_Flyer-Hilfe-Ukraine_Marko-Ko.jpg?w=768&amp;quality=70 1x, https:\/\/www.capgemini.com\/de-de\/wp-content\/uploads\/sites\/8\/2022\/09\/xMU_Flyer-Hilfe-Ukraine_Marko-Ko.jpg?w=768&amp;quality=70 2x\" media=\"(min-width: 0)\"\/><img decoding=\"async\" src=\"https:\/\/www.capgemini.com\/de-de\/wp-content\/uploads\/sites\/8\/2022\/09\/xMU_Flyer-Hilfe-Ukraine_Marko-Ko.jpg\" class=\"desktopImage\" alt=\"\" style=\"object-fit:cover;object-position:50% 50%\" loading=\"eager\"\/><\/picture><picture><source srcset=\"https:\/\/www.capgemini.com\/de-de\/wp-content\/uploads\/sites\/8\/2022\/09\/xMU_Flyer-Hilfe-Ukraine_Marko-Ko.jpg?w=2880&amp;quality=70 1x, https:\/\/www.capgemini.com\/de-de\/wp-content\/uploads\/sites\/8\/2022\/09\/xMU_Flyer-Hilfe-Ukraine_Marko-Ko.jpg?w=2880&amp;quality=70 2x\" media=\"(min-width: 1500px)\"\/><source srcset=\"https:\/\/www.capgemini.com\/de-de\/wp-content\/uploads\/sites\/8\/2022\/09\/xMU_Flyer-Hilfe-Ukraine_Marko-Ko.jpg?w=1440&amp;quality=70 1x, https:\/\/www.capgemini.com\/de-de\/wp-content\/uploads\/sites\/8\/2022\/09\/xMU_Flyer-Hilfe-Ukraine_Marko-Ko.jpg?w=2880&amp;quality=70 2x\" media=\"(min-width: 992px)\"\/><source srcset=\"https:\/\/www.capgemini.com\/de-de\/wp-content\/uploads\/sites\/8\/2022\/09\/xMU_Flyer-Hilfe-Ukraine_Marko-Ko.jpg?w=1024&amp;quality=70 1x, https:\/\/www.capgemini.com\/de-de\/wp-content\/uploads\/sites\/8\/2022\/09\/xMU_Flyer-Hilfe-Ukraine_Marko-Ko.jpg?w=1024&amp;quality=70 2x\" media=\"(min-width: 768px)\"\/><source srcset=\"https:\/\/www.capgemini.com\/de-de\/wp-content\/uploads\/sites\/8\/2022\/09\/xMU_Flyer-Hilfe-Ukraine_Marko-Ko.jpg?w=768&amp;quality=70 1x, https:\/\/www.capgemini.com\/de-de\/wp-content\/uploads\/sites\/8\/2022\/09\/xMU_Flyer-Hilfe-Ukraine_Marko-Ko.jpg?w=768&amp;quality=70 2x\" media=\"(min-width: 0)\"\/><img decoding=\"async\" src=\"https:\/\/www.capgemini.com\/de-de\/wp-content\/uploads\/sites\/8\/2022\/09\/xMU_Flyer-Hilfe-Ukraine_Marko-Ko.jpg\" class=\"mobileImage\" alt=\"\" style=\"object-fit:cover;object-position:50% 50%\" loading=\"eager\"\/><\/picture><\/div><div class=\"heroPictureCardHeaderShape\"><\/div><div class=\"container\"><div class=\"row\"><div class=\"col-md-10 col-lg-10 LongTitle\"><div class=\"heroPictureCardBox\"><div class=\"heroPictureCardBoxTitle\"><h1 data-maxlength=\"144\">Hier bekommst du Hilfe f\u00fcr deine Bewerbung und dein Einleben in Deutschland<\/h1><\/div><\/div><\/div><\/div><\/div><div class=\"small-device\"><div class=\"logoWrapperLongTitle\"> <\/div><\/div><\/div>\n\n\n\n<section class=\"wp-block-cg-blocks-intro-para undefined section section--intro\"><div class=\"intro-para\"><div class=\"container\"><div class=\"row\"><div class=\"col-12 col-md-1\"><nav class=\"article-social\"><ul class=\"social-nav\"><li class=\"ip-order-fb\"><a href=\"https:\/\/www.facebook.com\/sharer\/sharer.php?u=https:\/\/www.capgemini.com\/de-de\/unternehmen\/corporate-responsibility\/getabuddy-de\/\" target=\"_blank\" rel=\"noopener noreferrer\" title=\"opens in a new window\"><i aria-hidden=\"true\" class=\"icon-fb\"><\/i><span class=\"sr-only\">Facebook<\/span><\/a><\/li><li class=\"ip-order-li\"><a href=\"https:\/\/www.linkedin.com\/sharing\/share-offsite\/?url=https:\/\/www.capgemini.com\/de-de\/unternehmen\/corporate-responsibility\/getabuddy-de\/\" target=\"_blank\" rel=\"noopener noreferrer\" title=\"opens in a new window\"><i aria-hidden=\"true\" class=\"icon-li\"><\/i><span class=\"sr-only\">Linkedin<\/span><\/a><\/li><\/ul><\/nav><\/div><div class=\"col-12 col-md-11 col-lg-10\"><h2 class=\"intro-para-title\">Du m\u00f6chtest Deutsch oder Englisch lernen\/verbessern oder dich in Deutschland bewerben, aber wei\u00dft nicht genau wie? Hier findest du Hilfe und Rat.<\/h2><p class=\"intro-para-content\"><strong>Karriere-Unterst\u00fctzung f\u00fcr Menschen, die vom Krieg in der Ukraine betroffen sind<\/strong><br><br>Unser Buddy-Programm verbindet dich mit einer*m Capgemini-Mitarbeiter*in. Da jede Person andere Erfahrungen und Bed\u00fcrfnisse mitbringt, bieten wir dir verschiedene Arten der Unterst\u00fctzung an. Egal wo in Deutschland du dich befindest, finden wir eine*n passenden Buddy, sodass ihr euch entweder pers\u00f6nlich oder digital treffen k\u00f6nnt.<\/p><\/div><\/div><\/div><\/div><\/section>\n\n\n\n<section class=\"wp-block-cg-blocks-group undefined section section--article-content\"><div class=\"article-main-content\"><div class=\"container\"><div class=\"row\"><div class=\"col-12 col-md-11 col-lg-10 offset-md-1 offset-lg-1\"><div class=\"article-text article-quote-text\">\n<h2 class=\"wp-block-heading\" id=\"h-welche-hilfen-kann-ich-bekommen\"><strong>Welche Hilfen kann ich bekommen?<\/strong><\/h2>\n\n\n\n<p><strong>Wir haben die Unterst\u00fctzung in drei Themen aufgeteilt:<\/strong><\/p>\n\n\n\n<ol class=\"wp-block-list\">\n<li><strong>CV Buddy:&nbsp;<\/strong>Du bekommst Unterst\u00fctzung beim Erstellen eines ansprechenden Lebenslaufs f\u00fcr Bewerbungen in Deutschland. Dein Buddy erkl\u00e4rt dir, worauf du achten musst und was bei einer Bewerbung in Deutschland wichtig ist.<\/li>\n\n\n\n<li><strong>Job Application Buddy:&nbsp;<\/strong>Hier erh\u00e4ltst du Hilfe beim Bewerbungsprozess in Deutschland. Dein Buddy begleitet dich w\u00e4hrend des Prozesses.<\/li>\n\n\n\n<li><strong>Language Buddy:&nbsp;<\/strong>Du kannst dich sprachlich mit deinem Buddy austauschen \u2013 m\u00f6glicherweise auf Ukrainisch oder Russisch. Dein Buddy kann dir auch beim Erlernen\/Verbessern von Deutsch oder Englisch helfen. Es gibt auch Gruppenkurse f\u00fcr Englisch und Deutsch.<\/li>\n<\/ol>\n\n\n\n<h2 class=\"wp-block-heading\"><strong>Gibt es an meinem Standort \u00fcberhaupt Buddys?<\/strong><\/h2>\n\n\n\n<p>Wir m\u00f6chten das Buddy-Netzwerk gerne deutschlandweit anbieten und freuen uns somit \u00fcber jede Anmeldung \u2013 egal an welchem Standort. Falls es in deiner Stadt niemanden geben sollte, kannst du auch online Hilfe bekommen.<\/p>\n\n\n\n<figure class=\"wp-block-image size-large\"><img loading=\"lazy\" decoding=\"async\" height=\"230\" width=\"1024\" src=\"https:\/\/www.capgemini.com\/de-de\/wp-content\/uploads\/sites\/8\/2022\/09\/Buddy_Landing-Page_Timeline_DE.jpg?w=960\" alt=\"\" class=\"wp-image-774735\" srcset=\"https:\/\/www.capgemini.com\/de-de\/wp-content\/uploads\/sites\/8\/2022\/09\/Buddy_Landing-Page_Timeline_DE.jpg 1084w, https:\/\/www.capgemini.com\/de-de\/wp-content\/uploads\/sites\/8\/2022\/09\/Buddy_Landing-Page_Timeline_DE.jpg?resize=300,68 300w, https:\/\/www.capgemini.com\/de-de\/wp-content\/uploads\/sites\/8\/2022\/09\/Buddy_Landing-Page_Timeline_DE.jpg?resize=768,173 768w, https:\/\/www.capgemini.com\/de-de\/wp-content\/uploads\/sites\/8\/2022\/09\/Buddy_Landing-Page_Timeline_DE.jpg?resize=1024,230 1024w\" sizes=\"auto, (max-width: 1024px) 100vw, 1024px\" \/><\/figure>\n\n\n\n<h2 class=\"wp-block-heading\"><strong>Wie kann ich mich anmelden?<\/strong><\/h2>\n\n\n\n<p>Du kannst dich ganz einfach \u00fcber die kurze Umfrage&nbsp;<strong><a href=\"https:\/\/forms.office.com\/r\/hVfgUTFEjV\">Get a Buddy<\/a><\/strong>&nbsp;anmelden und wir werden uns dann in K\u00fcrze bei dir melden. In der Umfrage kannst du auch angeben, welche Unterst\u00fctzung du bekommen m\u00f6chtest und wo du gerade bist. Wir begleiten dich selbstverst\u00e4ndlich in allen Schritten.<\/p>\n\n\n\n<h2 class=\"wp-block-heading has-text-align-center\">Bei Fragen und Anregungen melde dich gerne bei uns unter:<\/h2>\n\n\n\n<p class=\"has-text-align-center\"><a href=\"mailto:ukraine_buddies.de@capgemini.com\">ukraine_buddies.de@capgemini.com<\/a><\/p>\n\n\n\n<p><a href=\"https:\/\/www.capgemini.com\/de-de\/wp-content\/uploads\/sites\/8\/2025\/04\/Datenschutzerklaerung_Get_A_Buddy_Deutsch.pdf\" target=\"_blank\" rel=\"noreferrer noopener\">Datenschutzerkl\u00e4rung<\/a><\/p>\n\n\n\n<div style=\"height:50px\" aria-hidden=\"true\" class=\"wp-block-spacer\"><\/div>\n\n\n\n<div class=\"wp-block-columns is-layout-flex wp-container-core-columns-is-layout-28f84493 wp-block-columns-is-layout-flex\">\n<div class=\"wp-block-column is-layout-flow wp-block-column-is-layout-flow\">\n<div class=\"wp-block-buttons is-layout-flex wp-block-buttons-is-layout-flex\">\n<div class=\"wp-block-button\"><a class=\"wp-block-button__link wp-element-button\" href=\"\/de-de\/unternehmen\/corporate-responsibility\/getabuddy-en\/\">Switch to English<\/a><\/div>\n<\/div>\n<\/div>\n\n\n\n<div class=\"wp-block-column is-layout-flow wp-block-column-is-layout-flow\">\n<div class=\"wp-block-buttons is-layout-flex wp-block-buttons-is-layout-flex\">\n<div class=\"wp-block-button\"><a class=\"wp-block-button__link wp-element-button\" href=\"\/de-de\/unternehmen\/corporate-responsibility\/getabuddy-ua\/\">\u041f\u0435\u0440\u0435\u0439\u0442\u0438 \u043d\u0430 \u0443\u043a\u0440\u0430\u0457\u043d\u0441\u044c\u043a\u0443<\/a><\/div>\n<\/div>\n<\/div>\n\n\n\n<div class=\"wp-block-column is-layout-flow wp-block-column-is-layout-flow\">\n<div class=\"wp-block-buttons is-layout-flex wp-block-buttons-is-layout-flex\">\n<div class=\"wp-block-button\"><a class=\"wp-block-button__link wp-element-button\" href=\"\/de-de\/unternehmen\/corporate-responsibility\/getabuddy-ru\/\">\u041f\u0435\u0440\u0435\u043a\u043b\u044e\u0447\u0438\u0442\u044c\u0441\u044f \u043d\u0430 \u0440\u0443\u0441\u0441\u043a\u0438\u0439<\/a><\/div>\n<\/div>\n<\/div>\n<\/div>\n<\/div><\/div><\/div><\/div><\/div><\/section>\n\n\n\n<p><\/p>\n","protected":false},"excerpt":{"rendered":"","protected":false},"author":41,"featured_media":774734,"parent":744974,"menu_order":0,"comment_status":"closed","ping_status":"closed","template":"","meta":{"cg_dt_proposed_to":[],"cg_seo_hreflang_relations":"[]","cg_seo_canonical_relation":"","cg_seo_hreflang_x_default_relation":"{\"uuid\":\"23ef3b51-8311-4d63-9d68-9f3344a8aec6\",\"blogId\":\"\",\"domain\":\"\",\"sitePath\":\"\",\"postLink\":\"\",\"postId\":null,\"isSaved\":true,\"isCrossLink\":false,\"hasCrossLink\":false}","cg_dt_approved_content":true,"cg_dt_mandatory_content":false,"cg_dt_notes":"","cg_dg_source_changed":false,"cg_dt_link_disabled":false,"_yoast_wpseo_primary_brand":"","footnotes":"","featured_focal_points":"","partner_card_description":"","gsap_animation":0},"brand":[],"partner_type":[],"service":[],"industry":[],"partners":[],"page-type":[],"content-group":[],"class_list":["post-774684","page","type-page","status-publish","has-post-thumbnail","hentry"],"yoast_head":"<!-- This site is optimized with the Yoast SEO Premium plugin v22.8 (Yoast SEO v22.8) - https:\/\/yoast.com\/wordpress\/plugins\/seo\/ -->\n<title>Hier bekommst du Hilfe f\u00fcr deine Bewerbung und dein Einleben in Deutschland - Capgemini<\/title>\n<meta name=\"description\" content=\"Du m\u00f6chtest Deutsch oder Englisch lernen\/verbessern oder dich in Deutschland bewerben, aber wei\u00dft nicht genau wie? Hier findest du Hilfe und Rat.\" \/>\n<meta name=\"robots\" content=\"index, follow, max-snippet:-1, max-image-preview:large, max-video-preview:-1\" \/>\n<link rel=\"canonical\" href=\"https:\/\/www.capgemini.com\/de-de\/unternehmen\/corporate-responsibility\/getabuddy-de\/\" \/>\n<meta property=\"og:locale\" content=\"de_DE\" \/>\n<meta property=\"og:type\" content=\"article\" \/>\n<meta property=\"og:title\" content=\"Hier bekommst du Hilfe f\u00fcr deine Bewerbung und dein Einleben in Deutschland - Capgemini\" \/>\n<meta property=\"og:description\" content=\"Du m\u00f6chtest Deutsch oder Englisch lernen\/verbessern oder dich in Deutschland bewerben, aber wei\u00dft nicht genau wie? Hier findest du Hilfe und Rat.\" \/>\n<meta property=\"og:url\" content=\"https:\/\/www.capgemini.com\/de-de\/unternehmen\/corporate-responsibility\/getabuddy-de\/\" \/>\n<meta property=\"og:site_name\" content=\"Capgemini\" \/>\n<meta property=\"article:modified_time\" content=\"2025-04-07T12:57:07+00:00\" \/>\n<meta property=\"og:image\" content=\"https:\/\/www.capgemini.com\/de-de\/wp-content\/uploads\/sites\/8\/2022\/09\/xMU_Flyer-Hilfe-Ukraine_Marko-Ko.jpg\" \/>\n\t<meta property=\"og:image:width\" content=\"1900\" \/>\n\t<meta property=\"og:image:height\" content=\"485\" \/>\n\t<meta property=\"og:image:type\" content=\"image\/jpeg\" \/>\n<meta name=\"twitter:card\" content=\"summary_large_image\" \/>\n<meta name=\"twitter:label1\" content=\"Est. reading time\" \/>\n\t<meta name=\"twitter:data1\" content=\"3 minutes\" \/>\n<script type=\"application\/ld+json\" class=\"yoast-schema-graph\">{\"@context\":\"https:\/\/schema.org\",\"@graph\":[{\"@type\":\"WebPage\",\"@id\":\"https:\/\/www.capgemini.com\/de-de\/unternehmen\/corporate-responsibility\/getabuddy-de\/\",\"url\":\"https:\/\/www.capgemini.com\/de-de\/unternehmen\/corporate-responsibility\/getabuddy-de\/\",\"name\":\"Hier bekommst du Hilfe f\u00fcr deine Bewerbung und dein Einleben in Deutschland - Capgemini\",\"isPartOf\":{\"@id\":\"https:\/\/www.capgemini.com\/de-de\/#website\"},\"primaryImageOfPage\":{\"@id\":\"https:\/\/www.capgemini.com\/de-de\/unternehmen\/corporate-responsibility\/getabuddy-de\/#primaryimage\"},\"image\":{\"@id\":\"https:\/\/www.capgemini.com\/de-de\/unternehmen\/corporate-responsibility\/getabuddy-de\/#primaryimage\"},\"thumbnailUrl\":\"https:\/\/www.capgemini.com\/de-de\/wp-content\/uploads\/sites\/8\/2022\/09\/xMU_Flyer-Hilfe-Ukraine_Marko-Ko.jpg\",\"datePublished\":\"2022-09-02T07:34:57+00:00\",\"dateModified\":\"2025-04-07T12:57:07+00:00\",\"description\":\"Du m\u00f6chtest Deutsch oder Englisch lernen\/verbessern oder dich in Deutschland bewerben, aber wei\u00dft nicht genau wie? Hier findest du Hilfe und Rat.\",\"breadcrumb\":{\"@id\":\"https:\/\/www.capgemini.com\/de-de\/unternehmen\/corporate-responsibility\/getabuddy-de\/#breadcrumb\"},\"inLanguage\":\"de-DE\",\"potentialAction\":[{\"@type\":\"ReadAction\",\"target\":[\"https:\/\/www.capgemini.com\/de-de\/unternehmen\/corporate-responsibility\/getabuddy-de\/\"]}]},{\"@type\":\"ImageObject\",\"inLanguage\":\"de-DE\",\"@id\":\"https:\/\/www.capgemini.com\/de-de\/unternehmen\/corporate-responsibility\/getabuddy-de\/#primaryimage\",\"url\":\"https:\/\/www.capgemini.com\/de-de\/wp-content\/uploads\/sites\/8\/2022\/09\/xMU_Flyer-Hilfe-Ukraine_Marko-Ko.jpg\",\"contentUrl\":\"https:\/\/www.capgemini.com\/de-de\/wp-content\/uploads\/sites\/8\/2022\/09\/xMU_Flyer-Hilfe-Ukraine_Marko-Ko.jpg\",\"width\":1900,\"height\":485},{\"@type\":\"BreadcrumbList\",\"@id\":\"https:\/\/www.capgemini.com\/de-de\/unternehmen\/corporate-responsibility\/getabuddy-de\/#breadcrumb\",\"itemListElement\":[{\"@type\":\"ListItem\",\"position\":1,\"name\":\"\u00dcber Uns\",\"item\":\"https:\/\/www.capgemini.com\/de-de\/unternehmen\/\"},{\"@type\":\"ListItem\",\"position\":2,\"name\":\"Corporate Social Responsibility\",\"item\":\"https:\/\/www.capgemini.com\/de-de\/unternehmen\/corporate-responsibility\/\"},{\"@type\":\"ListItem\",\"position\":3,\"name\":\"Hier bekommst du Hilfe f\u00fcr deine Bewerbung und dein Einleben in Deutschland\"}]},{\"@type\":\"WebSite\",\"@id\":\"https:\/\/www.capgemini.com\/de-de\/#website\",\"url\":\"https:\/\/www.capgemini.com\/de-de\/\",\"name\":\"Capgemini Deutschland\",\"description\":\"Make it real\",\"potentialAction\":[{\"@type\":\"SearchAction\",\"target\":{\"@type\":\"EntryPoint\",\"urlTemplate\":\"https:\/\/www.capgemini.com\/de-de\/?s={search_term_string}\"},\"query-input\":\"required name=search_term_string\"}],\"inLanguage\":\"de-DE\"}]}<\/script>\n<!-- \/ Yoast SEO Premium plugin. -->","yoast_head_json":{"title":"Hier bekommst du Hilfe f\u00fcr deine Bewerbung und dein Einleben in Deutschland - Capgemini","description":"Du m\u00f6chtest Deutsch oder Englisch lernen\/verbessern oder dich in Deutschland bewerben, aber wei\u00dft nicht genau wie? Hier findest du Hilfe und Rat.","robots":{"index":"index","follow":"follow","max-snippet":"max-snippet:-1","max-image-preview":"max-image-preview:large","max-video-preview":"max-video-preview:-1"},"canonical":"https:\/\/www.capgemini.com\/de-de\/unternehmen\/corporate-responsibility\/getabuddy-de\/","og_locale":"de_DE","og_type":"article","og_title":"Hier bekommst du Hilfe f\u00fcr deine Bewerbung und dein Einleben in Deutschland - Capgemini","og_description":"Du m\u00f6chtest Deutsch oder Englisch lernen\/verbessern oder dich in Deutschland bewerben, aber wei\u00dft nicht genau wie? Hier findest du Hilfe und Rat.","og_url":"https:\/\/www.capgemini.com\/de-de\/unternehmen\/corporate-responsibility\/getabuddy-de\/","og_site_name":"Capgemini","article_modified_time":"2025-04-07T12:57:07+00:00","og_image":[{"width":1900,"height":485,"url":"https:\/\/www.capgemini.com\/de-de\/wp-content\/uploads\/sites\/8\/2022\/09\/xMU_Flyer-Hilfe-Ukraine_Marko-Ko.jpg","type":"image\/jpeg"}],"twitter_card":"summary_large_image","twitter_misc":{"Est. reading time":"3 minutes"},"schema":{"@context":"https:\/\/schema.org","@graph":[{"@type":"WebPage","@id":"https:\/\/www.capgemini.com\/de-de\/unternehmen\/corporate-responsibility\/getabuddy-de\/","url":"https:\/\/www.capgemini.com\/de-de\/unternehmen\/corporate-responsibility\/getabuddy-de\/","name":"Hier bekommst du Hilfe f\u00fcr deine Bewerbung und dein Einleben in Deutschland - Capgemini","isPartOf":{"@id":"https:\/\/www.capgemini.com\/de-de\/#website"},"primaryImageOfPage":{"@id":"https:\/\/www.capgemini.com\/de-de\/unternehmen\/corporate-responsibility\/getabuddy-de\/#primaryimage"},"image":{"@id":"https:\/\/www.capgemini.com\/de-de\/unternehmen\/corporate-responsibility\/getabuddy-de\/#primaryimage"},"thumbnailUrl":"https:\/\/www.capgemini.com\/de-de\/wp-content\/uploads\/sites\/8\/2022\/09\/xMU_Flyer-Hilfe-Ukraine_Marko-Ko.jpg","datePublished":"2022-09-02T07:34:57+00:00","dateModified":"2025-04-07T12:57:07+00:00","description":"Du m\u00f6chtest Deutsch oder Englisch lernen\/verbessern oder dich in Deutschland bewerben, aber wei\u00dft nicht genau wie? Hier findest du Hilfe und Rat.","breadcrumb":{"@id":"https:\/\/www.capgemini.com\/de-de\/unternehmen\/corporate-responsibility\/getabuddy-de\/#breadcrumb"},"inLanguage":"de-DE","potentialAction":[{"@type":"ReadAction","target":["https:\/\/www.capgemini.com\/de-de\/unternehmen\/corporate-responsibility\/getabuddy-de\/"]}]},{"@type":"ImageObject","inLanguage":"de-DE","@id":"https:\/\/www.capgemini.com\/de-de\/unternehmen\/corporate-responsibility\/getabuddy-de\/#primaryimage","url":"https:\/\/www.capgemini.com\/de-de\/wp-content\/uploads\/sites\/8\/2022\/09\/xMU_Flyer-Hilfe-Ukraine_Marko-Ko.jpg","contentUrl":"https:\/\/www.capgemini.com\/de-de\/wp-content\/uploads\/sites\/8\/2022\/09\/xMU_Flyer-Hilfe-Ukraine_Marko-Ko.jpg","width":1900,"height":485},{"@type":"BreadcrumbList","@id":"https:\/\/www.capgemini.com\/de-de\/unternehmen\/corporate-responsibility\/getabuddy-de\/#breadcrumb","itemListElement":[{"@type":"ListItem","position":1,"name":"\u00dcber Uns","item":"https:\/\/www.capgemini.com\/de-de\/unternehmen\/"},{"@type":"ListItem","position":2,"name":"Corporate Social Responsibility","item":"https:\/\/www.capgemini.com\/de-de\/unternehmen\/corporate-responsibility\/"},{"@type":"ListItem","position":3,"name":"Hier bekommst du Hilfe f\u00fcr deine Bewerbung und dein Einleben in Deutschland"}]},{"@type":"WebSite","@id":"https:\/\/www.capgemini.com\/de-de\/#website","url":"https:\/\/www.capgemini.com\/de-de\/","name":"Capgemini Deutschland","description":"Make it real","potentialAction":[{"@type":"SearchAction","target":{"@type":"EntryPoint","urlTemplate":"https:\/\/www.capgemini.com\/de-de\/?s={search_term_string}"},"query-input":"required name=search_term_string"}],"inLanguage":"de-DE"}]}},"brand_term":[],"parsely":{"version":"1.1.0","canonical_url":"https:\/\/capgemini.com\/de-de\/unternehmen\/corporate-responsibility\/getabuddy-de\/","smart_links":{"inbound":0,"outbound":0},"traffic_boost_suggestions_count":0,"meta":{"@context":"https:\/\/schema.org","@type":"WebPage","headline":"Hier bekommst du Hilfe f\u00fcr deine Bewerbung und dein Einleben in Deutschland","url":"http:\/\/www.capgemini.com\/de-de\/unternehmen\/corporate-responsibility\/getabuddy-de\/","mainEntityOfPage":{"@type":"WebPage","@id":"http:\/\/www.capgemini.com\/de-de\/unternehmen\/corporate-responsibility\/getabuddy-de\/"},"thumbnailUrl":"https:\/\/www.capgemini.com\/de-de\/wp-content\/uploads\/sites\/8\/2022\/09\/xMU_Flyer-Hilfe-Ukraine_Marko-Ko.jpg?w=150&h=150&crop=1","image":{"@type":"ImageObject","url":"https:\/\/www.capgemini.com\/de-de\/wp-content\/uploads\/sites\/8\/2022\/09\/xMU_Flyer-Hilfe-Ukraine_Marko-Ko.jpg"},"articleSection":"Uncategorized","author":[],"creator":[],"publisher":{"@type":"Organization","name":"Capgemini","logo":""},"keywords":[],"dateCreated":"2022-09-02T07:34:57Z","datePublished":"2022-09-02T07:34:57Z","dateModified":"2025-04-07T12:57:07Z"},"rendered":"<script type=\"application\/ld+json\" class=\"wp-parsely-metadata\">{\"@context\":\"https:\\\/\\\/schema.org\",\"@type\":\"WebPage\",\"headline\":\"Hier bekommst du Hilfe f\\u00fcr deine Bewerbung und dein Einleben in Deutschland\",\"url\":\"http:\\\/\\\/www.capgemini.com\\\/de-de\\\/unternehmen\\\/corporate-responsibility\\\/getabuddy-de\\\/\",\"mainEntityOfPage\":{\"@type\":\"WebPage\",\"@id\":\"http:\\\/\\\/www.capgemini.com\\\/de-de\\\/unternehmen\\\/corporate-responsibility\\\/getabuddy-de\\\/\"},\"thumbnailUrl\":\"https:\\\/\\\/www.capgemini.com\\\/de-de\\\/wp-content\\\/uploads\\\/sites\\\/8\\\/2022\\\/09\\\/xMU_Flyer-Hilfe-Ukraine_Marko-Ko.jpg?w=150&h=150&crop=1\",\"image\":{\"@type\":\"ImageObject\",\"url\":\"https:\\\/\\\/www.capgemini.com\\\/de-de\\\/wp-content\\\/uploads\\\/sites\\\/8\\\/2022\\\/09\\\/xMU_Flyer-Hilfe-Ukraine_Marko-Ko.jpg\"},\"articleSection\":\"Uncategorized\",\"author\":[],\"creator\":[],\"publisher\":{\"@type\":\"Organization\",\"name\":\"Capgemini\",\"logo\":\"\"},\"keywords\":[],\"dateCreated\":\"2022-09-02T07:34:57Z\",\"datePublished\":\"2022-09-02T07:34:57Z\",\"dateModified\":\"2025-04-07T12:57:07Z\"}<\/script>","tracker_url":"https:\/\/cdn.parsely.com\/keys\/capgemini.com\/p.js"},"archive_status":false,"featured_image_src":"https:\/\/www.capgemini.com\/de-de\/wp-content\/uploads\/sites\/8\/2022\/09\/xMU_Flyer-Hilfe-Ukraine_Marko-Ko.jpg","featured_image_alt":"","jetpack_sharing_enabled":true,"distributor_meta":false,"distributor_terms":false,"distributor_media":false,"distributor_original_site_name":"Capgemini","distributor_original_site_url":"https:\/\/www.capgemini.com\/de-de","push-errors":false,"_links":{"self":[{"href":"https:\/\/www.capgemini.com\/de-de\/wp-json\/wp\/v2\/pages\/774684","targetHints":{"allow":["GET"]}}],"collection":[{"href":"https:\/\/www.capgemini.com\/de-de\/wp-json\/wp\/v2\/pages"}],"about":[{"href":"https:\/\/www.capgemini.com\/de-de\/wp-json\/wp\/v2\/types\/page"}],"author":[{"embeddable":true,"href":"https:\/\/www.capgemini.com\/de-de\/wp-json\/wp\/v2\/users\/41"}],"replies":[{"embeddable":true,"href":"https:\/\/www.capgemini.com\/de-de\/wp-json\/wp\/v2\/comments?post=774684"}],"version-history":[{"count":10,"href":"https:\/\/www.capgemini.com\/de-de\/wp-json\/wp\/v2\/pages\/774684\/revisions"}],"predecessor-version":[{"id":878403,"href":"https:\/\/www.capgemini.com\/de-de\/wp-json\/wp\/v2\/pages\/774684\/revisions\/878403"}],"up":[{"embeddable":true,"href":"https:\/\/www.capgemini.com\/de-de\/wp-json\/wp\/v2\/pages\/744974"}],"wp:featuredmedia":[{"embeddable":true,"href":"https:\/\/www.capgemini.com\/de-de\/wp-json\/wp\/v2\/media\/774734"}],"wp:attachment":[{"href":"https:\/\/www.capgemini.com\/de-de\/wp-json\/wp\/v2\/media?parent=774684"}],"wp:term":[{"taxonomy":"brand","embeddable":true,"href":"https:\/\/www.capgemini.com\/de-de\/wp-json\/wp\/v2\/brand?post=774684"},{"taxonomy":"partner_type","embeddable":true,"href":"https:\/\/www.capgemini.com\/de-de\/wp-json\/wp\/v2\/partner_type?post=774684"},{"taxonomy":"service","embeddable":true,"href":"https:\/\/www.capgemini.com\/de-de\/wp-json\/wp\/v2\/service?post=774684"},{"taxonomy":"industry","embeddable":true,"href":"https:\/\/www.capgemini.com\/de-de\/wp-json\/wp\/v2\/industry?post=774684"},{"taxonomy":"partners","embeddable":true,"href":"https:\/\/www.capgemini.com\/de-de\/wp-json\/wp\/v2\/partners?post=774684"},{"taxonomy":"page-type","embeddable":true,"href":"https:\/\/www.capgemini.com\/de-de\/wp-json\/wp\/v2\/page-type?post=774684"},{"taxonomy":"content-group","embeddable":true,"href":"https:\/\/www.capgemini.com\/de-de\/wp-json\/wp\/v2\/content-group?post=774684"}],"curies":[{"name":"wp","href":"https:\/\/api.w.org\/{rel}","templated":true}]}}