{"id":765456,"date":"2022-08-02T05:05:02","date_gmt":"2022-08-02T05:05:02","guid":{"rendered":"https:\/\/www.capgemini.com\/de-de\/?page_id=765456"},"modified":"2025-12-01T14:10:13","modified_gmt":"2025-12-01T14:10:13","slug":"social-media-gewinnspiele","status":"publish","type":"page","link":"https:\/\/www.capgemini.com\/de-de\/karriere\/social-media-gewinnspiele\/","title":{"rendered":"Teilnahmebedingungen Social Media Gewinnspiele"},"content":{"rendered":"\n<div class=\"wp-block-cg-blocks-hero-picture-card undefined  heroPictureCard\"><div class=\"heroPictureCardBgs\"><picture><source srcset=\"https:\/\/www.capgemini.com\/de-de\/wp-content\/uploads\/sites\/8\/2024\/07\/social-media-capgemini.jpg?w=2880&amp;quality=70 1x, https:\/\/www.capgemini.com\/de-de\/wp-content\/uploads\/sites\/8\/2024\/07\/social-media-capgemini.jpg?w=2880&amp;quality=70 2x\" media=\"(min-width: 1500px)\"\/><source srcset=\"https:\/\/www.capgemini.com\/de-de\/wp-content\/uploads\/sites\/8\/2024\/07\/social-media-capgemini.jpg?w=1440&amp;quality=70 1x, https:\/\/www.capgemini.com\/de-de\/wp-content\/uploads\/sites\/8\/2024\/07\/social-media-capgemini.jpg?w=2880&amp;quality=70 2x\" media=\"(min-width: 992px)\"\/><source srcset=\"https:\/\/www.capgemini.com\/de-de\/wp-content\/uploads\/sites\/8\/2024\/07\/social-media-capgemini.jpg?w=1024&amp;quality=70 1x, https:\/\/www.capgemini.com\/de-de\/wp-content\/uploads\/sites\/8\/2024\/07\/social-media-capgemini.jpg?w=1024&amp;quality=70 2x\" media=\"(min-width: 768px)\"\/><source srcset=\"https:\/\/www.capgemini.com\/de-de\/wp-content\/uploads\/sites\/8\/2024\/07\/social-media-capgemini.jpg?w=768&amp;quality=70 1x, https:\/\/www.capgemini.com\/de-de\/wp-content\/uploads\/sites\/8\/2024\/07\/social-media-capgemini.jpg?w=768&amp;quality=70 2x\" media=\"(min-width: 0)\"\/><img decoding=\"async\" src=\"https:\/\/www.capgemini.com\/de-de\/wp-content\/uploads\/sites\/8\/2024\/07\/social-media-capgemini.jpg\" class=\"desktopImage\" alt=\"\" style=\"object-fit:cover;object-position:53% 46%\" loading=\"eager\"\/><\/picture><picture><source srcset=\"https:\/\/www.capgemini.com\/de-de\/wp-content\/uploads\/sites\/8\/2024\/07\/social-media-capgemini.jpg?w=2880&amp;quality=70 1x, https:\/\/www.capgemini.com\/de-de\/wp-content\/uploads\/sites\/8\/2024\/07\/social-media-capgemini.jpg?w=2880&amp;quality=70 2x\" media=\"(min-width: 1500px)\"\/><source srcset=\"https:\/\/www.capgemini.com\/de-de\/wp-content\/uploads\/sites\/8\/2024\/07\/social-media-capgemini.jpg?w=1440&amp;quality=70 1x, https:\/\/www.capgemini.com\/de-de\/wp-content\/uploads\/sites\/8\/2024\/07\/social-media-capgemini.jpg?w=2880&amp;quality=70 2x\" media=\"(min-width: 992px)\"\/><source srcset=\"https:\/\/www.capgemini.com\/de-de\/wp-content\/uploads\/sites\/8\/2024\/07\/social-media-capgemini.jpg?w=1024&amp;quality=70 1x, https:\/\/www.capgemini.com\/de-de\/wp-content\/uploads\/sites\/8\/2024\/07\/social-media-capgemini.jpg?w=1024&amp;quality=70 2x\" media=\"(min-width: 768px)\"\/><source srcset=\"https:\/\/www.capgemini.com\/de-de\/wp-content\/uploads\/sites\/8\/2024\/07\/social-media-capgemini.jpg?w=768&amp;quality=70 1x, https:\/\/www.capgemini.com\/de-de\/wp-content\/uploads\/sites\/8\/2024\/07\/social-media-capgemini.jpg?w=768&amp;quality=70 2x\" media=\"(min-width: 0)\"\/><img decoding=\"async\" src=\"https:\/\/www.capgemini.com\/de-de\/wp-content\/uploads\/sites\/8\/2024\/07\/social-media-capgemini.jpg\" class=\"mobileImage\" alt=\"\" style=\"object-fit:cover;object-position:53% 46%\" loading=\"eager\"\/><\/picture><\/div><div class=\"heroPictureCardHeaderShape\"><\/div><div class=\"container\"><div class=\"row\"><div class=\"col-md-8 col-lg-6\"><div class=\"heroPictureCardBox\"><div class=\"heroPictureCardBoxTitle\"><h1 data-maxlength=\"144\">Teilnahmebedingungen Social Media  Gewinnspiele<\/h1><\/div><\/div><\/div><\/div><\/div><div class=\"small-device\"><div class=\"brandLogoWrapper\"> <\/div><\/div><\/div>\n\n\n\n<section class=\"wp-block-cg-blocks-group undefined section section--article-content\"><div class=\"article-main-content\"><div class=\"container\"><div class=\"row\"><div class=\"col-12 col-md-11 col-lg-10 offset-md-1 offset-lg-1\"><div class=\"article-text article-quote-text\">\n<p>Auf dieser Seite findest du die Teilnahmebedingungen aktuell laufender Gewinnspiele in unseren sozialen Netzwerken.<\/p>\n\n\n\n<h2 class=\"wp-block-heading\" id=\"h-teilnahmebedingungen-adventsgewinnspiel\">Teilnahmebedingungen Adventsgewinnspiel<\/h2>\n\n\n\n<p>Capgemini Deutschland GmbH, Potsdamer Platz 5, 10785 Berlin (\u201eCapgemini\u201c) veranstaltet eine Gewinnspielaktion \u201eAdventsgewinnspiel\u201c, bei der verschiedene Preispakete verlost werden: 1x Antidiebstahl-Rucksack Bobby Edge, 1x Vinga Baltimore Travel Rucksack, 1x Urban Vitamin Compton 10000mAh Powerbank, 1x Urban Vitamin Oxnard 5-in-1 65W Universal-Ladeger\u00e4t, 1x Lakewood Kopfh\u00f6rer Urban Vitamin und 1x Tanzender Roboter Robert. Die Teilnahme erfolgt \u00fcber die Instagram-Fanseite von Capgemini Deutschland (<a href=\"https:\/\/www.instagram.com\/capgeminiDE\" target=\"_blank\" rel=\"noreferrer noopener\">https:\/\/www.instagram.com\/capgeminiDE<\/a>). Es werden in drei Ziehungen insgesamt sechs (6) Gewinner*innen ermittelt, die Anzahl der m\u00f6glichen Gewinne pro Tag ist auf 1 x je nat\u00fcrliche Person beschr\u00e4nkt.<\/p>\n\n\n\n<p>Teilnahmeberechtigt sind nat\u00fcrliche Personen, die dem Capgemini Deutschland Kanal (CapgeminiDE) bei Instagram folgen. Ein solcher Fan wird man durch Best\u00e4tigung des \u201eFollow\u201c-Buttons auf dem Account von Capgemini Deutschland (siehe oben). Teilnehmer*innen m\u00fcssen ferner das 18. Lebensjahr vollendet und ihren st\u00e4ndigen Wohnsitz in Deutschland haben. Ausgeschlossen sind Mitarbeitende (sowie deren Angeh\u00f6rige) von Capgemini Deutschland und mit Capgemini verbundenen Unternehmen. Teilnahmebeginn ist ab dem Zeitpunkt der Ver\u00f6ffentlichung des t\u00e4glichen Gewinnspielpostings auf der genannten Plattform im Zeitraum vom 01.12.2025 \u2013 21.12.2025. Teilnahmeschluss ist jeweils der Gewinnspielbeitrag genannte Tag um 23:59 Uhr. F\u00fcr die Teilnahme m\u00fcssen die Teilnehmer*innen den Gewinnspiel-Beitrag auf der Instagram Fan-Seite CapgeminiDE kommentieren und die jeweils gestellte Frage beantworten. Verlost wird unter den bei Teilnahmeschluss Teilnahmeberechtigten, die den Beitrag richtig beantwortet haben und s\u00e4mtliche sonstigen Teilnahmeberechtigungsvoraussetzungen erf\u00fcllen.<\/p>\n\n\n\n<p>Die jeweiligen Gewinner*innen werden von der Instagram Seite von Capgemini Deutschland unter dem Gewinnspielbeitrag namentlich genannt. Die Gewinner*innen sind verpflichtet binnen 48h nach Gewinnbekanntgabe via Direktnachricht auf der Instagram Plattform oder per E-Mail an <a href=\"mailto:socialmedia.dach.de@capgemini.com\">socialmedia.dach.de@capgemini.com<\/a> ihren\/seinen Vor- und Zunamen sowie die E-Mail-Adresse und Postanschrift (innerhalb Deutschlands) mitzuteilen, um die Gewinnnachricht zu best\u00e4tigen und die Gewinnversendung einzuleiten. Sollten sich die Gewinner*innen bis zu diesem Zeitpunkt nicht mit vollst\u00e4ndigem Namen und E-Mail-Adresse melden bzw. k\u00f6nnen die jeweils ermittelten Gewinner*innen \u2013 gleich aus welchem Grund \u2013 den Preis nicht annehmen, so werden die n\u00e4chsten Gewinner*innen ausgelost und ebenfalls \u00f6ffentlich \u00fcber die Capgemini Fanseite auf Instagram benachrichtigt. Diese haben nach vorstehendem Verfahren ihre Daten binnen 48h nach Gewinnbekanntgabe an den vorgenannte Capgemini Instagram Account zu \u00fcbermitteln. Gewinne sind nicht \u00fcbertragbar und k\u00f6nnen auch nicht in Geld- oder andere Sachleistungen umgetauscht werden. Die Richtigkeit der \u00fcbermittelten Adressdaten haben die Gewinner*innen sicherzustellen. Capgemini haftet nicht f\u00fcr unzustellbare Pakete\/Briefe\/E-Mails, aufgrund von durch die Gewinner*innen falsch angegebener Adressdaten. Der Rechtsweg ist ausgeschlossen.<\/p>\n\n\n\n<p>Mit Teilnahme an der Aktion wird Capgemini im Falle eines Gewinns zur Nennung des Instagram-Namens der Gewinner*innen auf der Instagram-Fanpage von Capgemini Deutschland berechtigt. Die Aktion steht in keiner Verbindung zu Instagram oder Meta und wird in keiner Weise von Instagram oder Meta gesponsert, unterst\u00fctzt oder organisiert. Verantwortlicher Veranstalter ist allein Capgemini. Der Empf\u00e4nger der von den Teilnehmenden bereitgestellten Informationen ist nicht Instagram oder Meta, sondern Capgemini als Betreiber der Instagram-Fanpage.<\/p>\n\n\n\n<p><strong>Datenschutz<\/strong><\/p>\n\n\n\n<p>Die Teilnahme setzt die Einwilligung zur Erhebung, Verarbeitung und Nutzung personenbezogener Daten f\u00fcr das Gewinnspiel voraus. Soweit im Rahmen der Aktion personenbezogene Daten von Teilnehmern erfasst werden, werden diese von Capgemini ausschlie\u00dflich zum Zwecke der Durchf\u00fchrung des Gewinnspiels erhoben, verarbeitet und genutzt sowie nach Beendigung der Aktion gel\u00f6scht. Personenbezogene Daten der Gewinner werden ausschlie\u00dflich in oben genannter Form durch Capgemini genutzt, eine Nutzung zu Werbezwecken findet nicht statt. Teilnehmer*innen des Gewinnspiels k\u00f6nnen ihre Einwilligung mit Wirkung f\u00fcr die Zukunft auch vor Beendigung des Gewinnspiels widerrufen und eine L\u00f6schung ihrer personenbezogenen Daten verlangen. Der Widerruf ist zu richten an <a href=\"mailto:socialmedia.dach.de@capgemini.com\">socialmedia.dach.de@capgemini.com<\/a>.<\/p>\n<\/div><\/div><\/div><\/div><\/div><\/section>\n","protected":false},"excerpt":{"rendered":"","protected":false},"author":52,"featured_media":862447,"parent":533996,"menu_order":0,"comment_status":"closed","ping_status":"closed","template":"","meta":{"cg_dt_proposed_to":[],"cg_seo_hreflang_relations":"[]","cg_seo_canonical_relation":"","cg_seo_hreflang_x_default_relation":"{\"uuid\":\"18e88c5a-4852-420c-b678-e4608136ca3f\",\"blogId\":\"\",\"domain\":\"\",\"sitePath\":\"\",\"postLink\":\"\",\"postId\":null,\"isSaved\":true,\"isCrossLink\":false,\"hasCrossLink\":false}","cg_dt_approved_content":true,"cg_dt_mandatory_content":false,"cg_dt_notes":"","cg_dg_source_changed":false,"cg_dt_link_disabled":false,"_yoast_wpseo_primary_brand":"","footnotes":"","featured_focal_points":"","partner_card_description":"","gsap_animation":0},"brand":[],"partner_type":[],"service":[],"industry":[],"partners":[],"page-type":[188],"content-group":[],"class_list":["post-765456","page","type-page","status-publish","has-post-thumbnail","hentry","page-type-careers"],"yoast_head":"<!-- This site is optimized with the Yoast SEO Premium plugin v22.8 (Yoast SEO v22.8) - https:\/\/yoast.com\/wordpress\/plugins\/seo\/ -->\n<title>Teilnahmebedingungen Social Media Gewinnspiel Capgemini<\/title>\n<meta name=\"description\" content=\"Auf dieser Seite k\u00f6nnen Teilnahmebedingungen aktuell laufender Gewinnspiele eingesehen werden.\" \/>\n<meta name=\"robots\" content=\"index, follow, max-snippet:-1, max-image-preview:large, max-video-preview:-1\" \/>\n<link rel=\"canonical\" href=\"https:\/\/www.capgemini.com\/de-de\/karriere\/social-media-gewinnspiele\/\" \/>\n<meta property=\"og:locale\" content=\"de_DE\" \/>\n<meta property=\"og:type\" content=\"article\" \/>\n<meta property=\"og:title\" content=\"Teilnahmebedingungen Social Media Gewinnspiel Capgemini\" \/>\n<meta property=\"og:description\" content=\"Auf dieser Seite k\u00f6nnen Teilnahmebedingungen aktuell laufender Gewinnspiele eingesehen werden.\" \/>\n<meta property=\"og:url\" content=\"https:\/\/www.capgemini.com\/de-de\/karriere\/social-media-gewinnspiele\/\" \/>\n<meta property=\"og:site_name\" content=\"Capgemini\" \/>\n<meta property=\"article:modified_time\" content=\"2025-12-01T14:10:13+00:00\" \/>\n<meta property=\"og:image\" content=\"https:\/\/www.capgemini.com\/de-de\/wp-content\/uploads\/sites\/8\/2024\/07\/social-media-capgemini.jpg\" \/>\n\t<meta property=\"og:image:width\" content=\"3907\" \/>\n\t<meta property=\"og:image:height\" content=\"3907\" \/>\n\t<meta property=\"og:image:type\" content=\"image\/jpeg\" \/>\n<meta name=\"twitter:card\" content=\"summary_large_image\" \/>\n<meta name=\"twitter:label1\" content=\"Est. reading time\" \/>\n\t<meta name=\"twitter:data1\" content=\"4 minutes\" \/>\n<script type=\"application\/ld+json\" class=\"yoast-schema-graph\">{\"@context\":\"https:\/\/schema.org\",\"@graph\":[{\"@type\":\"WebPage\",\"@id\":\"https:\/\/www.capgemini.com\/de-de\/karriere\/social-media-gewinnspiele\/\",\"url\":\"https:\/\/www.capgemini.com\/de-de\/karriere\/social-media-gewinnspiele\/\",\"name\":\"Teilnahmebedingungen Social Media Gewinnspiel Capgemini\",\"isPartOf\":{\"@id\":\"https:\/\/www.capgemini.com\/de-de\/#website\"},\"primaryImageOfPage\":{\"@id\":\"https:\/\/www.capgemini.com\/de-de\/karriere\/social-media-gewinnspiele\/#primaryimage\"},\"image\":{\"@id\":\"https:\/\/www.capgemini.com\/de-de\/karriere\/social-media-gewinnspiele\/#primaryimage\"},\"thumbnailUrl\":\"https:\/\/www.capgemini.com\/de-de\/wp-content\/uploads\/sites\/8\/2024\/07\/social-media-capgemini.jpg\",\"datePublished\":\"2022-08-02T05:05:02+00:00\",\"dateModified\":\"2025-12-01T14:10:13+00:00\",\"description\":\"Auf dieser Seite k\u00f6nnen Teilnahmebedingungen aktuell laufender Gewinnspiele eingesehen werden.\",\"breadcrumb\":{\"@id\":\"https:\/\/www.capgemini.com\/de-de\/karriere\/social-media-gewinnspiele\/#breadcrumb\"},\"inLanguage\":\"de-DE\",\"potentialAction\":[{\"@type\":\"ReadAction\",\"target\":[\"https:\/\/www.capgemini.com\/de-de\/karriere\/social-media-gewinnspiele\/\"]}]},{\"@type\":\"ImageObject\",\"inLanguage\":\"de-DE\",\"@id\":\"https:\/\/www.capgemini.com\/de-de\/karriere\/social-media-gewinnspiele\/#primaryimage\",\"url\":\"https:\/\/www.capgemini.com\/de-de\/wp-content\/uploads\/sites\/8\/2024\/07\/social-media-capgemini.jpg\",\"contentUrl\":\"https:\/\/www.capgemini.com\/de-de\/wp-content\/uploads\/sites\/8\/2024\/07\/social-media-capgemini.jpg\",\"width\":3907,\"height\":3907},{\"@type\":\"BreadcrumbList\",\"@id\":\"https:\/\/www.capgemini.com\/de-de\/karriere\/social-media-gewinnspiele\/#breadcrumb\",\"itemListElement\":[{\"@type\":\"ListItem\",\"position\":1,\"name\":\"Karriere\",\"item\":\"https:\/\/www.capgemini.com\/de-de\/karriere\/\"},{\"@type\":\"ListItem\",\"position\":2,\"name\":\"Teilnahmebedingungen Social Media Gewinnspiele\"}]},{\"@type\":\"WebSite\",\"@id\":\"https:\/\/www.capgemini.com\/de-de\/#website\",\"url\":\"https:\/\/www.capgemini.com\/de-de\/\",\"name\":\"Capgemini Deutschland\",\"description\":\"Make it real\",\"potentialAction\":[{\"@type\":\"SearchAction\",\"target\":{\"@type\":\"EntryPoint\",\"urlTemplate\":\"https:\/\/www.capgemini.com\/de-de\/?s={search_term_string}\"},\"query-input\":\"required name=search_term_string\"}],\"inLanguage\":\"de-DE\"}]}<\/script>\n<!-- \/ Yoast SEO Premium plugin. -->","yoast_head_json":{"title":"Teilnahmebedingungen Social Media Gewinnspiel Capgemini","description":"Auf dieser Seite k\u00f6nnen Teilnahmebedingungen aktuell laufender Gewinnspiele eingesehen werden.","robots":{"index":"index","follow":"follow","max-snippet":"max-snippet:-1","max-image-preview":"max-image-preview:large","max-video-preview":"max-video-preview:-1"},"canonical":"https:\/\/www.capgemini.com\/de-de\/karriere\/social-media-gewinnspiele\/","og_locale":"de_DE","og_type":"article","og_title":"Teilnahmebedingungen Social Media Gewinnspiel Capgemini","og_description":"Auf dieser Seite k\u00f6nnen Teilnahmebedingungen aktuell laufender Gewinnspiele eingesehen werden.","og_url":"https:\/\/www.capgemini.com\/de-de\/karriere\/social-media-gewinnspiele\/","og_site_name":"Capgemini","article_modified_time":"2025-12-01T14:10:13+00:00","og_image":[{"width":3907,"height":3907,"url":"https:\/\/www.capgemini.com\/de-de\/wp-content\/uploads\/sites\/8\/2024\/07\/social-media-capgemini.jpg","type":"image\/jpeg"}],"twitter_card":"summary_large_image","twitter_misc":{"Est. reading time":"4 minutes"},"schema":{"@context":"https:\/\/schema.org","@graph":[{"@type":"WebPage","@id":"https:\/\/www.capgemini.com\/de-de\/karriere\/social-media-gewinnspiele\/","url":"https:\/\/www.capgemini.com\/de-de\/karriere\/social-media-gewinnspiele\/","name":"Teilnahmebedingungen Social Media Gewinnspiel Capgemini","isPartOf":{"@id":"https:\/\/www.capgemini.com\/de-de\/#website"},"primaryImageOfPage":{"@id":"https:\/\/www.capgemini.com\/de-de\/karriere\/social-media-gewinnspiele\/#primaryimage"},"image":{"@id":"https:\/\/www.capgemini.com\/de-de\/karriere\/social-media-gewinnspiele\/#primaryimage"},"thumbnailUrl":"https:\/\/www.capgemini.com\/de-de\/wp-content\/uploads\/sites\/8\/2024\/07\/social-media-capgemini.jpg","datePublished":"2022-08-02T05:05:02+00:00","dateModified":"2025-12-01T14:10:13+00:00","description":"Auf dieser Seite k\u00f6nnen Teilnahmebedingungen aktuell laufender Gewinnspiele eingesehen werden.","breadcrumb":{"@id":"https:\/\/www.capgemini.com\/de-de\/karriere\/social-media-gewinnspiele\/#breadcrumb"},"inLanguage":"de-DE","potentialAction":[{"@type":"ReadAction","target":["https:\/\/www.capgemini.com\/de-de\/karriere\/social-media-gewinnspiele\/"]}]},{"@type":"ImageObject","inLanguage":"de-DE","@id":"https:\/\/www.capgemini.com\/de-de\/karriere\/social-media-gewinnspiele\/#primaryimage","url":"https:\/\/www.capgemini.com\/de-de\/wp-content\/uploads\/sites\/8\/2024\/07\/social-media-capgemini.jpg","contentUrl":"https:\/\/www.capgemini.com\/de-de\/wp-content\/uploads\/sites\/8\/2024\/07\/social-media-capgemini.jpg","width":3907,"height":3907},{"@type":"BreadcrumbList","@id":"https:\/\/www.capgemini.com\/de-de\/karriere\/social-media-gewinnspiele\/#breadcrumb","itemListElement":[{"@type":"ListItem","position":1,"name":"Karriere","item":"https:\/\/www.capgemini.com\/de-de\/karriere\/"},{"@type":"ListItem","position":2,"name":"Teilnahmebedingungen Social Media Gewinnspiele"}]},{"@type":"WebSite","@id":"https:\/\/www.capgemini.com\/de-de\/#website","url":"https:\/\/www.capgemini.com\/de-de\/","name":"Capgemini Deutschland","description":"Make it real","potentialAction":[{"@type":"SearchAction","target":{"@type":"EntryPoint","urlTemplate":"https:\/\/www.capgemini.com\/de-de\/?s={search_term_string}"},"query-input":"required name=search_term_string"}],"inLanguage":"de-DE"}]}},"brand_term":[],"parsely":{"version":"1.1.0","canonical_url":"https:\/\/capgemini.com\/de-de\/karriere\/social-media-gewinnspiele\/","smart_links":{"inbound":0,"outbound":0},"traffic_boost_suggestions_count":0,"meta":{"@context":"https:\/\/schema.org","@type":"WebPage","headline":"Teilnahmebedingungen Social Media Gewinnspiele","url":"http:\/\/www.capgemini.com\/de-de\/karriere\/social-media-gewinnspiele\/","mainEntityOfPage":{"@type":"WebPage","@id":"http:\/\/www.capgemini.com\/de-de\/karriere\/social-media-gewinnspiele\/"},"thumbnailUrl":"https:\/\/www.capgemini.com\/de-de\/wp-content\/uploads\/sites\/8\/2024\/07\/social-media-capgemini.jpg?w=150&h=150&crop=1","image":{"@type":"ImageObject","url":"https:\/\/www.capgemini.com\/de-de\/wp-content\/uploads\/sites\/8\/2024\/07\/social-media-capgemini.jpg"},"articleSection":"Uncategorized","author":[],"creator":[],"publisher":{"@type":"Organization","name":"Capgemini","logo":""},"keywords":[],"dateCreated":"2022-08-02T05:05:02Z","datePublished":"2022-08-02T05:05:02Z","dateModified":"2025-12-01T14:10:13Z"},"rendered":"<script type=\"application\/ld+json\" class=\"wp-parsely-metadata\">{\"@context\":\"https:\\\/\\\/schema.org\",\"@type\":\"WebPage\",\"headline\":\"Teilnahmebedingungen Social Media Gewinnspiele\",\"url\":\"http:\\\/\\\/www.capgemini.com\\\/de-de\\\/karriere\\\/social-media-gewinnspiele\\\/\",\"mainEntityOfPage\":{\"@type\":\"WebPage\",\"@id\":\"http:\\\/\\\/www.capgemini.com\\\/de-de\\\/karriere\\\/social-media-gewinnspiele\\\/\"},\"thumbnailUrl\":\"https:\\\/\\\/www.capgemini.com\\\/de-de\\\/wp-content\\\/uploads\\\/sites\\\/8\\\/2024\\\/07\\\/social-media-capgemini.jpg?w=150&h=150&crop=1\",\"image\":{\"@type\":\"ImageObject\",\"url\":\"https:\\\/\\\/www.capgemini.com\\\/de-de\\\/wp-content\\\/uploads\\\/sites\\\/8\\\/2024\\\/07\\\/social-media-capgemini.jpg\"},\"articleSection\":\"Uncategorized\",\"author\":[],\"creator\":[],\"publisher\":{\"@type\":\"Organization\",\"name\":\"Capgemini\",\"logo\":\"\"},\"keywords\":[],\"dateCreated\":\"2022-08-02T05:05:02Z\",\"datePublished\":\"2022-08-02T05:05:02Z\",\"dateModified\":\"2025-12-01T14:10:13Z\"}<\/script>","tracker_url":"https:\/\/cdn.parsely.com\/keys\/capgemini.com\/p.js"},"archive_status":false,"featured_image_src":"https:\/\/www.capgemini.com\/de-de\/wp-content\/uploads\/sites\/8\/2024\/07\/social-media-capgemini.jpg","featured_image_alt":"","jetpack_sharing_enabled":true,"distributor_meta":false,"distributor_terms":false,"distributor_media":false,"distributor_original_site_name":"Capgemini","distributor_original_site_url":"https:\/\/www.capgemini.com\/de-de","push-errors":false,"_links":{"self":[{"href":"https:\/\/www.capgemini.com\/de-de\/wp-json\/wp\/v2\/pages\/765456","targetHints":{"allow":["GET"]}}],"collection":[{"href":"https:\/\/www.capgemini.com\/de-de\/wp-json\/wp\/v2\/pages"}],"about":[{"href":"https:\/\/www.capgemini.com\/de-de\/wp-json\/wp\/v2\/types\/page"}],"author":[{"embeddable":true,"href":"https:\/\/www.capgemini.com\/de-de\/wp-json\/wp\/v2\/users\/52"}],"replies":[{"embeddable":true,"href":"https:\/\/www.capgemini.com\/de-de\/wp-json\/wp\/v2\/comments?post=765456"}],"version-history":[{"count":19,"href":"https:\/\/www.capgemini.com\/de-de\/wp-json\/wp\/v2\/pages\/765456\/revisions"}],"predecessor-version":[{"id":889387,"href":"https:\/\/www.capgemini.com\/de-de\/wp-json\/wp\/v2\/pages\/765456\/revisions\/889387"}],"up":[{"embeddable":true,"href":"https:\/\/www.capgemini.com\/de-de\/wp-json\/wp\/v2\/pages\/533996"}],"wp:featuredmedia":[{"embeddable":true,"href":"https:\/\/www.capgemini.com\/de-de\/wp-json\/wp\/v2\/media\/862447"}],"wp:attachment":[{"href":"https:\/\/www.capgemini.com\/de-de\/wp-json\/wp\/v2\/media?parent=765456"}],"wp:term":[{"taxonomy":"brand","embeddable":true,"href":"https:\/\/www.capgemini.com\/de-de\/wp-json\/wp\/v2\/brand?post=765456"},{"taxonomy":"partner_type","embeddable":true,"href":"https:\/\/www.capgemini.com\/de-de\/wp-json\/wp\/v2\/partner_type?post=765456"},{"taxonomy":"service","embeddable":true,"href":"https:\/\/www.capgemini.com\/de-de\/wp-json\/wp\/v2\/service?post=765456"},{"taxonomy":"industry","embeddable":true,"href":"https:\/\/www.capgemini.com\/de-de\/wp-json\/wp\/v2\/industry?post=765456"},{"taxonomy":"partners","embeddable":true,"href":"https:\/\/www.capgemini.com\/de-de\/wp-json\/wp\/v2\/partners?post=765456"},{"taxonomy":"page-type","embeddable":true,"href":"https:\/\/www.capgemini.com\/de-de\/wp-json\/wp\/v2\/page-type?post=765456"},{"taxonomy":"content-group","embeddable":true,"href":"https:\/\/www.capgemini.com\/de-de\/wp-json\/wp\/v2\/content-group?post=765456"}],"curies":[{"name":"wp","href":"https:\/\/api.w.org\/{rel}","templated":true}]}}