{"id":765430,"date":"2025-05-22T11:58:55","date_gmt":"2025-05-22T11:58:55","guid":{"rendered":"https:\/\/www.capgemini.com\/de-de\/?page_id=765430"},"modified":"2026-01-22T07:43:45","modified_gmt":"2026-01-22T07:43:45","slug":"it-jobs-deutschland","status":"publish","type":"page","link":"https:\/\/www.capgemini.com\/de-de\/karriere\/lets-connect\/it-jobs-deutschland\/","title":{"rendered":"Offices"},"content":{"rendered":"\n<div class=\"wp-block-cg-blocks-hero-picture-card undefined  heroPictureCard\"><div class=\"heroPictureCardBgs\"><picture><source srcset=\"https:\/\/www.capgemini.com\/de-de\/wp-content\/uploads\/sites\/8\/2022\/04\/2019-02-Heimann-DevOps-HH-Strategietage.jpg?w=2880&amp;quality=70 1x, https:\/\/www.capgemini.com\/de-de\/wp-content\/uploads\/sites\/8\/2022\/04\/2019-02-Heimann-DevOps-HH-Strategietage.jpg?w=2880&amp;quality=70 2x\" media=\"(min-width: 1500px)\"\/><source srcset=\"https:\/\/www.capgemini.com\/de-de\/wp-content\/uploads\/sites\/8\/2022\/04\/2019-02-Heimann-DevOps-HH-Strategietage.jpg?w=1440&amp;quality=70 1x, https:\/\/www.capgemini.com\/de-de\/wp-content\/uploads\/sites\/8\/2022\/04\/2019-02-Heimann-DevOps-HH-Strategietage.jpg?w=2880&amp;quality=70 2x\" media=\"(min-width: 992px)\"\/><source srcset=\"https:\/\/www.capgemini.com\/de-de\/wp-content\/uploads\/sites\/8\/2022\/04\/2019-02-Heimann-DevOps-HH-Strategietage.jpg?w=1024&amp;quality=70 1x, https:\/\/www.capgemini.com\/de-de\/wp-content\/uploads\/sites\/8\/2022\/04\/2019-02-Heimann-DevOps-HH-Strategietage.jpg?w=1024&amp;quality=70 2x\" media=\"(min-width: 768px)\"\/><source srcset=\"https:\/\/www.capgemini.com\/de-de\/wp-content\/uploads\/sites\/8\/2022\/04\/2019-02-Heimann-DevOps-HH-Strategietage.jpg?w=768&amp;quality=70 1x, https:\/\/www.capgemini.com\/de-de\/wp-content\/uploads\/sites\/8\/2022\/04\/2019-02-Heimann-DevOps-HH-Strategietage.jpg?w=768&amp;quality=70 2x\" media=\"(min-width: 0)\"\/><img decoding=\"async\" src=\"https:\/\/www.capgemini.com\/de-de\/wp-content\/uploads\/sites\/8\/2022\/04\/2019-02-Heimann-DevOps-HH-Strategietage.jpg\" class=\"desktopImage\" alt=\"\" style=\"object-fit:cover;object-position:47% 48%\" loading=\"eager\"\/><\/picture><picture><source srcset=\"https:\/\/www.capgemini.com\/de-de\/wp-content\/uploads\/sites\/8\/2022\/04\/2019-02-Heimann-DevOps-HH-Strategietage.jpg?w=2880&amp;quality=70 1x, https:\/\/www.capgemini.com\/de-de\/wp-content\/uploads\/sites\/8\/2022\/04\/2019-02-Heimann-DevOps-HH-Strategietage.jpg?w=2880&amp;quality=70 2x\" media=\"(min-width: 1500px)\"\/><source srcset=\"https:\/\/www.capgemini.com\/de-de\/wp-content\/uploads\/sites\/8\/2022\/04\/2019-02-Heimann-DevOps-HH-Strategietage.jpg?w=1440&amp;quality=70 1x, https:\/\/www.capgemini.com\/de-de\/wp-content\/uploads\/sites\/8\/2022\/04\/2019-02-Heimann-DevOps-HH-Strategietage.jpg?w=2880&amp;quality=70 2x\" media=\"(min-width: 992px)\"\/><source srcset=\"https:\/\/www.capgemini.com\/de-de\/wp-content\/uploads\/sites\/8\/2022\/04\/2019-02-Heimann-DevOps-HH-Strategietage.jpg?w=1024&amp;quality=70 1x, https:\/\/www.capgemini.com\/de-de\/wp-content\/uploads\/sites\/8\/2022\/04\/2019-02-Heimann-DevOps-HH-Strategietage.jpg?w=1024&amp;quality=70 2x\" media=\"(min-width: 768px)\"\/><source srcset=\"https:\/\/www.capgemini.com\/de-de\/wp-content\/uploads\/sites\/8\/2022\/04\/2019-02-Heimann-DevOps-HH-Strategietage.jpg?w=768&amp;quality=70 1x, https:\/\/www.capgemini.com\/de-de\/wp-content\/uploads\/sites\/8\/2022\/04\/2019-02-Heimann-DevOps-HH-Strategietage.jpg?w=768&amp;quality=70 2x\" media=\"(min-width: 0)\"\/><img decoding=\"async\" src=\"https:\/\/www.capgemini.com\/de-de\/wp-content\/uploads\/sites\/8\/2022\/04\/2019-02-Heimann-DevOps-HH-Strategietage.jpg\" class=\"mobileImage\" alt=\"\" style=\"object-fit:cover;object-position:47% 48%\" loading=\"eager\"\/><\/picture><\/div><div class=\"heroPictureCardHeaderShape\"><\/div><div class=\"container\"><div class=\"row\"><div class=\"col-md-8 col-lg-6\"><div class=\"heroPictureCardBox\"><div class=\"heroPictureCardBoxTitle\"><h1 data-maxlength=\"144\">IT-Jobs in ganz Deutschland<\/h1><\/div><\/div><\/div><\/div><\/div><div class=\"small-device\"><div class=\"brandLogoWrapper\"> <\/div><\/div><\/div>\n\n\n\n<section class=\"wp-block-cg-blocks-intro-para undefined section section--intro\"><div class=\"intro-para\"><div class=\"container\"><div class=\"row\"><div class=\"col-12 col-md-1\"><nav class=\"article-social\"><ul class=\"social-nav\"><li class=\"ip-order-fb\"><a href=\"https:\/\/www.facebook.com\/sharer\/sharer.php?u=https:\/\/www.capgemini.com\/de-de\/karriere\/lets-connect\/it-jobs-deutschland\/\" target=\"_blank\" rel=\"noopener noreferrer\" title=\"In neuem Fenster \u00f6ffnen\"><i aria-hidden=\"true\" class=\"icon-fb\"><\/i><span class=\"sr-only\">Facebook<\/span><\/a><\/li><li class=\"ip-order-li\"><a href=\"https:\/\/www.linkedin.com\/sharing\/share-offsite\/?url=https:\/\/www.capgemini.com\/de-de\/karriere\/lets-connect\/it-jobs-deutschland\/\" target=\"_blank\" rel=\"noopener noreferrer\" title=\"In neuem Fenster \u00f6ffnen\"><i aria-hidden=\"true\" class=\"icon-li\"><\/i><span class=\"sr-only\">Linkedin<\/span><\/a><\/li><\/ul><\/nav><\/div><div class=\"col-12 col-md-11 col-lg-10\"><h2 class=\"intro-para-title\">Du interessierst dich f\u00fcr einen Einstieg bei Capgemini? Schau direkt nach, welches Office in deiner N\u00e4he ist. Wir bieten IT-Jobs in ganz Deutschland. <\/h2><p class=\"intro-para-content\">Ob du Expert*in mit langj\u00e4hriger Berufserfahrung bist, gerade ein Studium abgeschlossen hast oder ein duales Studium beginnen m\u00f6chtest &#8211; bei uns kannst du auf unterschiedlichen Einstiegsleveln starten. Wir bieten dir vielf\u00e4ltige Entwicklungschancen an all unseren Standorten &#8211; <a href=\"\/de-de\/karriere\/insights\/hybrides-arbeiten\">auch hybrid. <\/a><\/p><\/div><\/div><\/div><\/div><\/section>\n\n\n\n\n\n<section class=\"wp-block-cg-blocks-call-to-action undefined call-to-action-block\"><div class=\"container\"><div class=\"call-to-action-block-content-wrapper has-description\"><div class=\"text-wrapper has-description\"><h3 class=\"title\" data-maxlength=\"144\">Du k\u00f6nntest dir vorstellen, hier zu arbeiten?<\/h3><p class=\"description\" data-maxlength=\"210\">Dann bewirb dich jetzt auf einen Job an deinem Wunschstandort!<\/p><\/div><div class=\"button-wrapper has-description\"><a class=\" cta-btn action-valid\" href=\"https:\/\/www.capgemini.com\/de-de\/karriere\/jobs\/#country_code=de-de&amp;size=15\" target=\"\" rel=\"noopener noreferrer\" aria-label=\"Jetzt bewerben \u00fcber Du k\u00f6nntest dir vorstellen, hier zu arbeiten?\" title=\"In neuem Fenster \u00f6ffnen\" data-maxlength=\"24\" tabindex=\"0\"> Jetzt bewerben <\/a><\/div><\/div><\/div><\/section>\n","protected":false},"excerpt":{"rendered":"","protected":false},"author":52,"featured_media":0,"parent":765425,"menu_order":0,"comment_status":"closed","ping_status":"closed","template":"","meta":{"cg_dt_proposed_to":[],"cg_seo_hreflang_relations":"[]","cg_seo_canonical_relation":"","cg_seo_hreflang_x_default_relation":"{\"uuid\":\"d5036f74-33b3-4b40-9247-631c84322643\",\"blogId\":\"\",\"domain\":\"\",\"sitePath\":\"\",\"postLink\":\"\",\"postId\":null,\"isSaved\":true,\"isCrossLink\":false,\"hasCrossLink\":false}","cg_dt_approved_content":true,"cg_dt_mandatory_content":false,"cg_dt_notes":"","cg_dg_source_changed":false,"cg_dt_link_disabled":false,"_yoast_wpseo_primary_brand":"","footnotes":"","featured_focal_points":"{\"x\":0.48,\"y\":0.45}","partner_card_description":"","gsap_animation":0},"brand":[],"partner_type":[],"service":[],"industry":[],"partners":[],"page-type":[188],"content-group":[],"class_list":["post-765430","page","type-page","status-publish","hentry","page-type-careers"],"yoast_head":"<!-- This site is optimized with the Yoast SEO Premium plugin v22.8 (Yoast SEO v22.8) - https:\/\/yoast.com\/wordpress\/plugins\/seo\/ -->\n<title>Capgemini Offices: IT-Jobs in ganz Deutschland<\/title>\n<meta name=\"description\" content=\"Capgemini bietet dir an allen Standorten flexible Entwicklungschancen. Finde jetzt ein Office in deiner N\u00e4he und erhalte erste Einblicke.\" \/>\n<meta name=\"robots\" content=\"index, follow, max-snippet:-1, max-image-preview:large, max-video-preview:-1\" \/>\n<link rel=\"canonical\" href=\"https:\/\/www.capgemini.com\/de-de\/karriere\/lets-connect\/it-jobs-deutschland\/\" \/>\n<meta property=\"og:locale\" content=\"de_DE\" \/>\n<meta property=\"og:type\" content=\"article\" \/>\n<meta property=\"og:title\" content=\"Capgemini Offices: IT-Jobs in ganz Deutschland\" \/>\n<meta property=\"og:description\" content=\"Capgemini bietet dir an allen Standorten flexible Entwicklungschancen. Finde jetzt ein Office in deiner N\u00e4he und erhalte erste Einblicke.\" \/>\n<meta property=\"og:url\" content=\"https:\/\/www.capgemini.com\/de-de\/karriere\/lets-connect\/it-jobs-deutschland\/\" \/>\n<meta property=\"og:site_name\" content=\"Capgemini\" \/>\n<meta property=\"article:modified_time\" content=\"2026-01-22T07:43:45+00:00\" \/>\n<meta property=\"og:image\" content=\"https:\/\/www.capgemini.com\/de-de\/wp-content\/uploads\/sites\/8\/2022\/04\/2019-02-Heimann-DevOps-HH-Strategietage.jpg\" \/>\n<meta name=\"twitter:card\" content=\"summary_large_image\" \/>\n<meta name=\"twitter:title\" content=\"Capgemini Offices: IT-Jobs in ganz Deutschland\" \/>\n<meta name=\"twitter:label1\" content=\"Est. reading time\" \/>\n\t<meta name=\"twitter:data1\" content=\"4 minutes\" \/>\n<script type=\"application\/ld+json\" class=\"yoast-schema-graph\">{\"@context\":\"https:\/\/schema.org\",\"@graph\":[{\"@type\":\"WebPage\",\"@id\":\"https:\/\/www.capgemini.com\/de-de\/karriere\/lets-connect\/it-jobs-deutschland\/\",\"url\":\"https:\/\/www.capgemini.com\/de-de\/karriere\/lets-connect\/it-jobs-deutschland\/\",\"name\":\"Capgemini Offices: IT-Jobs in ganz Deutschland\",\"isPartOf\":{\"@id\":\"https:\/\/www.capgemini.com\/de-de\/#website\"},\"primaryImageOfPage\":{\"@id\":\"https:\/\/www.capgemini.com\/de-de\/karriere\/lets-connect\/it-jobs-deutschland\/#primaryimage\"},\"image\":{\"@id\":\"https:\/\/www.capgemini.com\/de-de\/karriere\/lets-connect\/it-jobs-deutschland\/#primaryimage\"},\"thumbnailUrl\":\"https:\/\/www.capgemini.com\/de-de\/wp-content\/uploads\/sites\/8\/2022\/04\/2019-02-Heimann-DevOps-HH-Strategietage.jpg\",\"datePublished\":\"2025-05-22T11:58:55+00:00\",\"dateModified\":\"2026-01-22T07:43:45+00:00\",\"description\":\"Capgemini bietet dir an allen Standorten flexible Entwicklungschancen. Finde jetzt ein Office in deiner N\u00e4he und erhalte erste Einblicke.\",\"breadcrumb\":{\"@id\":\"https:\/\/www.capgemini.com\/de-de\/karriere\/lets-connect\/it-jobs-deutschland\/#breadcrumb\"},\"inLanguage\":\"de-DE\",\"potentialAction\":[{\"@type\":\"ReadAction\",\"target\":[\"https:\/\/www.capgemini.com\/de-de\/karriere\/lets-connect\/it-jobs-deutschland\/\"]}]},{\"@type\":\"ImageObject\",\"inLanguage\":\"de-DE\",\"@id\":\"https:\/\/www.capgemini.com\/de-de\/karriere\/lets-connect\/it-jobs-deutschland\/#primaryimage\",\"url\":\"https:\/\/www.capgemini.com\/de-de\/wp-content\/uploads\/sites\/8\/2022\/04\/2019-02-Heimann-DevOps-HH-Strategietage.jpg\",\"contentUrl\":\"https:\/\/www.capgemini.com\/de-de\/wp-content\/uploads\/sites\/8\/2022\/04\/2019-02-Heimann-DevOps-HH-Strategietage.jpg\"},{\"@type\":\"BreadcrumbList\",\"@id\":\"https:\/\/www.capgemini.com\/de-de\/karriere\/lets-connect\/it-jobs-deutschland\/#breadcrumb\",\"itemListElement\":[{\"@type\":\"ListItem\",\"position\":1,\"name\":\"Karriere\",\"item\":\"https:\/\/www.capgemini.com\/de-de\/karriere\/\"},{\"@type\":\"ListItem\",\"position\":2,\"name\":\"Let&#8217;s connect\",\"item\":\"https:\/\/www.capgemini.com\/de-de\/karriere\/lets-connect\/\"},{\"@type\":\"ListItem\",\"position\":3,\"name\":\"Offices\"}]},{\"@type\":\"WebSite\",\"@id\":\"https:\/\/www.capgemini.com\/de-de\/#website\",\"url\":\"https:\/\/www.capgemini.com\/de-de\/\",\"name\":\"Capgemini Deutschland\",\"description\":\"Make it real\",\"potentialAction\":[{\"@type\":\"SearchAction\",\"target\":{\"@type\":\"EntryPoint\",\"urlTemplate\":\"https:\/\/www.capgemini.com\/de-de\/?s={search_term_string}\"},\"query-input\":\"required name=search_term_string\"}],\"inLanguage\":\"de-DE\"}]}<\/script>\n<!-- \/ Yoast SEO Premium plugin. -->","yoast_head_json":{"title":"Capgemini Offices: IT-Jobs in ganz Deutschland","description":"Capgemini bietet dir an allen Standorten flexible Entwicklungschancen. Finde jetzt ein Office in deiner N\u00e4he und erhalte erste Einblicke.","robots":{"index":"index","follow":"follow","max-snippet":"max-snippet:-1","max-image-preview":"max-image-preview:large","max-video-preview":"max-video-preview:-1"},"canonical":"https:\/\/www.capgemini.com\/de-de\/karriere\/lets-connect\/it-jobs-deutschland\/","og_locale":"de_DE","og_type":"article","og_title":"Capgemini Offices: IT-Jobs in ganz Deutschland","og_description":"Capgemini bietet dir an allen Standorten flexible Entwicklungschancen. Finde jetzt ein Office in deiner N\u00e4he und erhalte erste Einblicke.","og_url":"https:\/\/www.capgemini.com\/de-de\/karriere\/lets-connect\/it-jobs-deutschland\/","og_site_name":"Capgemini","article_modified_time":"2026-01-22T07:43:45+00:00","og_image":[{"url":"https:\/\/www.capgemini.com\/de-de\/wp-content\/uploads\/sites\/8\/2022\/04\/2019-02-Heimann-DevOps-HH-Strategietage.jpg"}],"twitter_card":"summary_large_image","twitter_title":"Capgemini Offices: IT-Jobs in ganz Deutschland","twitter_misc":{"Est. reading time":"4 minutes"},"schema":{"@context":"https:\/\/schema.org","@graph":[{"@type":"WebPage","@id":"https:\/\/www.capgemini.com\/de-de\/karriere\/lets-connect\/it-jobs-deutschland\/","url":"https:\/\/www.capgemini.com\/de-de\/karriere\/lets-connect\/it-jobs-deutschland\/","name":"Capgemini Offices: IT-Jobs in ganz Deutschland","isPartOf":{"@id":"https:\/\/www.capgemini.com\/de-de\/#website"},"primaryImageOfPage":{"@id":"https:\/\/www.capgemini.com\/de-de\/karriere\/lets-connect\/it-jobs-deutschland\/#primaryimage"},"image":{"@id":"https:\/\/www.capgemini.com\/de-de\/karriere\/lets-connect\/it-jobs-deutschland\/#primaryimage"},"thumbnailUrl":"https:\/\/www.capgemini.com\/de-de\/wp-content\/uploads\/sites\/8\/2022\/04\/2019-02-Heimann-DevOps-HH-Strategietage.jpg","datePublished":"2025-05-22T11:58:55+00:00","dateModified":"2026-01-22T07:43:45+00:00","description":"Capgemini bietet dir an allen Standorten flexible Entwicklungschancen. Finde jetzt ein Office in deiner N\u00e4he und erhalte erste Einblicke.","breadcrumb":{"@id":"https:\/\/www.capgemini.com\/de-de\/karriere\/lets-connect\/it-jobs-deutschland\/#breadcrumb"},"inLanguage":"de-DE","potentialAction":[{"@type":"ReadAction","target":["https:\/\/www.capgemini.com\/de-de\/karriere\/lets-connect\/it-jobs-deutschland\/"]}]},{"@type":"ImageObject","inLanguage":"de-DE","@id":"https:\/\/www.capgemini.com\/de-de\/karriere\/lets-connect\/it-jobs-deutschland\/#primaryimage","url":"https:\/\/www.capgemini.com\/de-de\/wp-content\/uploads\/sites\/8\/2022\/04\/2019-02-Heimann-DevOps-HH-Strategietage.jpg","contentUrl":"https:\/\/www.capgemini.com\/de-de\/wp-content\/uploads\/sites\/8\/2022\/04\/2019-02-Heimann-DevOps-HH-Strategietage.jpg"},{"@type":"BreadcrumbList","@id":"https:\/\/www.capgemini.com\/de-de\/karriere\/lets-connect\/it-jobs-deutschland\/#breadcrumb","itemListElement":[{"@type":"ListItem","position":1,"name":"Karriere","item":"https:\/\/www.capgemini.com\/de-de\/karriere\/"},{"@type":"ListItem","position":2,"name":"Let&#8217;s connect","item":"https:\/\/www.capgemini.com\/de-de\/karriere\/lets-connect\/"},{"@type":"ListItem","position":3,"name":"Offices"}]},{"@type":"WebSite","@id":"https:\/\/www.capgemini.com\/de-de\/#website","url":"https:\/\/www.capgemini.com\/de-de\/","name":"Capgemini Deutschland","description":"Make it real","potentialAction":[{"@type":"SearchAction","target":{"@type":"EntryPoint","urlTemplate":"https:\/\/www.capgemini.com\/de-de\/?s={search_term_string}"},"query-input":"required name=search_term_string"}],"inLanguage":"de-DE"}]}},"brand_term":[],"parsely":{"version":"1.1.0","canonical_url":"https:\/\/capgemini.com\/de-de\/karriere\/lets-connect\/it-jobs-deutschland\/","smart_links":{"inbound":0,"outbound":0},"traffic_boost_suggestions_count":0,"meta":{"@context":"https:\/\/schema.org","@type":"WebPage","headline":"Offices","url":"http:\/\/www.capgemini.com\/de-de\/karriere\/lets-connect\/it-jobs-deutschland\/","mainEntityOfPage":{"@type":"WebPage","@id":"http:\/\/www.capgemini.com\/de-de\/karriere\/lets-connect\/it-jobs-deutschland\/"},"thumbnailUrl":"","image":{"@type":"ImageObject","url":""},"articleSection":"Uncategorized","author":[],"creator":[],"publisher":{"@type":"Organization","name":"Capgemini","logo":""},"keywords":[],"dateCreated":"2025-05-22T11:58:55Z","datePublished":"2025-05-22T11:58:55Z","dateModified":"2026-01-22T07:43:45Z"},"rendered":"<script type=\"application\/ld+json\" class=\"wp-parsely-metadata\">{\"@context\":\"https:\\\/\\\/schema.org\",\"@type\":\"WebPage\",\"headline\":\"Offices\",\"url\":\"http:\\\/\\\/www.capgemini.com\\\/de-de\\\/karriere\\\/lets-connect\\\/it-jobs-deutschland\\\/\",\"mainEntityOfPage\":{\"@type\":\"WebPage\",\"@id\":\"http:\\\/\\\/www.capgemini.com\\\/de-de\\\/karriere\\\/lets-connect\\\/it-jobs-deutschland\\\/\"},\"thumbnailUrl\":\"\",\"image\":{\"@type\":\"ImageObject\",\"url\":\"\"},\"articleSection\":\"Uncategorized\",\"author\":[],\"creator\":[],\"publisher\":{\"@type\":\"Organization\",\"name\":\"Capgemini\",\"logo\":\"\"},\"keywords\":[],\"dateCreated\":\"2025-05-22T11:58:55Z\",\"datePublished\":\"2025-05-22T11:58:55Z\",\"dateModified\":\"2026-01-22T07:43:45Z\"}<\/script>","tracker_url":"https:\/\/cdn.parsely.com\/keys\/capgemini.com\/p.js"},"archive_status":false,"featured_image_src":"https:\/\/www.capgemini.com\/de-de\/wp-content\/themes\/capgemini2025\/assets\/images\/mockup.png","featured_image_alt":false,"jetpack_sharing_enabled":true,"distributor_meta":false,"distributor_terms":false,"distributor_media":false,"distributor_original_site_name":"Capgemini","distributor_original_site_url":"https:\/\/www.capgemini.com\/de-de","push-errors":false,"_links":{"self":[{"href":"https:\/\/www.capgemini.com\/de-de\/wp-json\/wp\/v2\/pages\/765430","targetHints":{"allow":["GET"]}}],"collection":[{"href":"https:\/\/www.capgemini.com\/de-de\/wp-json\/wp\/v2\/pages"}],"about":[{"href":"https:\/\/www.capgemini.com\/de-de\/wp-json\/wp\/v2\/types\/page"}],"author":[{"embeddable":true,"href":"https:\/\/www.capgemini.com\/de-de\/wp-json\/wp\/v2\/users\/52"}],"replies":[{"embeddable":true,"href":"https:\/\/www.capgemini.com\/de-de\/wp-json\/wp\/v2\/comments?post=765430"}],"version-history":[{"count":19,"href":"https:\/\/www.capgemini.com\/de-de\/wp-json\/wp\/v2\/pages\/765430\/revisions"}],"predecessor-version":[{"id":884295,"href":"https:\/\/www.capgemini.com\/de-de\/wp-json\/wp\/v2\/pages\/765430\/revisions\/884295"}],"up":[{"embeddable":true,"href":"https:\/\/www.capgemini.com\/de-de\/wp-json\/wp\/v2\/pages\/765425"}],"wp:attachment":[{"href":"https:\/\/www.capgemini.com\/de-de\/wp-json\/wp\/v2\/media?parent=765430"}],"wp:term":[{"taxonomy":"brand","embeddable":true,"href":"https:\/\/www.capgemini.com\/de-de\/wp-json\/wp\/v2\/brand?post=765430"},{"taxonomy":"partner_type","embeddable":true,"href":"https:\/\/www.capgemini.com\/de-de\/wp-json\/wp\/v2\/partner_type?post=765430"},{"taxonomy":"service","embeddable":true,"href":"https:\/\/www.capgemini.com\/de-de\/wp-json\/wp\/v2\/service?post=765430"},{"taxonomy":"industry","embeddable":true,"href":"https:\/\/www.capgemini.com\/de-de\/wp-json\/wp\/v2\/industry?post=765430"},{"taxonomy":"partners","embeddable":true,"href":"https:\/\/www.capgemini.com\/de-de\/wp-json\/wp\/v2\/partners?post=765430"},{"taxonomy":"page-type","embeddable":true,"href":"https:\/\/www.capgemini.com\/de-de\/wp-json\/wp\/v2\/page-type?post=765430"},{"taxonomy":"content-group","embeddable":true,"href":"https:\/\/www.capgemini.com\/de-de\/wp-json\/wp\/v2\/content-group?post=765430"}],"curies":[{"name":"wp","href":"https:\/\/api.w.org\/{rel}","templated":true}]}}