{"id":744759,"date":"2020-11-06T05:23:36","date_gmt":"2020-11-06T05:23:36","guid":{"rendered":"https:\/\/www.capgemini.com\/?page_id=505049"},"modified":"2024-03-19T07:47:47","modified_gmt":"2024-03-19T07:47:47","slug":"stories-of-change","status":"publish","type":"page","link":"https:\/\/www.capgemini.com\/de-de\/news\/inside-stories\/","title":{"rendered":"Inside Stories"},"content":{"rendered":"\n<div class=\"wp-block-cg-blocks-hero-bleed-banner undefined\"><div class=\"hero-bleed-mp-banner undefined no-overlay  is-image has-card \" data-hero-bleed-attributes=\"{&quot;authorName&quot;:null,&quot;authorImgURL&quot;:&quot;\/wp-content\/themes\/capgemini2020\/assets\/images\/mockup.png&quot;,&quot;cglogo&quot;:&quot;&quot;,&quot;showHeroCard&quot;:true,&quot;isLongTitle&quot;:false,&quot;showCareerFields&quot;:false,&quot;careerFormActionLink&quot;:&quot;&quot;,&quot;isCareerSearchBtnOpenNewTab&quot;:false,&quot;heroImgURL&quot;:&quot;https:\/\/www.capgemini.com\/wp-content\/uploads\/2021\/11\/Capgemini_Inside-Stories.jpg&quot;,&quot;heroImgID&quot;:634588,&quot;heroImgAlt&quot;:&quot;Capgemini_Inside-Stories&quot;,&quot;heroImgPosX&quot;:0.5,&quot;heroImgPosY&quot;:0.5,&quot;heroTabImgURL&quot;:null,&quot;heroTabImgID&quot;:null,&quot;heroTabImgPosX&quot;:0.5,&quot;heroTabImgPosY&quot;:0.5,&quot;heroMobImgURL&quot;:null,&quot;heroMobImgID&quot;:null,&quot;heroMobImgPosX&quot;:0.5,&quot;heroMobImgPosY&quot;:0.5,&quot;isHeroMediaFullScreen&quot;:false,&quot;heroMediaType&quot;:&quot;image&quot;,&quot;heroVideoColor&quot;:&quot;light&quot;,&quot;navMenuTextColor&quot;:&quot;black&quot;,&quot;navMenuPosition&quot;:&quot;no-overlay&quot;,&quot;postType&quot;:&quot;page&quot;,&quot;isHomePage&quot;:false,&quot;showBrandLogoImg&quot;:false,&quot;enableVideoCTA&quot;:false,&quot;videoCTAOpenInNewTab&quot;:false,&quot;enableVideoAutoplay&quot;:true,&quot;termId&quot;:0,&quot;primaryTag&quot;:&quot;&quot;,&quot;primaryTagSlug&quot;:&quot;&quot;}\"><div class=\"hero-image d-block \"><picture><source srcset=\"https:\/\/www.capgemini.com\/wp-content\/uploads\/2021\/11\/Capgemini_Inside-Stories.jpg?w=2880&amp;quality=70 1x, https:\/\/www.capgemini.com\/wp-content\/uploads\/2021\/11\/Capgemini_Inside-Stories.jpg?w=2880&amp;quality=70 2x\" media=\"(min-width: 1500px)\"\/><source srcset=\"https:\/\/www.capgemini.com\/wp-content\/uploads\/2021\/11\/Capgemini_Inside-Stories.jpg?w=1440&amp;quality=70 1x, https:\/\/www.capgemini.com\/wp-content\/uploads\/2021\/11\/Capgemini_Inside-Stories.jpg?w=2880&amp;quality=70 2x\" media=\"(min-width: 992px)\"\/><img decoding=\"async\" src=\"https:\/\/www.capgemini.com\/wp-content\/uploads\/2021\/11\/Capgemini_Inside-Stories.jpg?w=2880&amp;quality=70\" alt=\"Capgemini_Inside-Stories\"\/><\/picture><\/div><div class=\"header-line hero-bg-shape\"><\/div><div class=\"container\"><div class=\"row\"><div class=\"col-12 col-md-6 col-lg-6\"><div class=\"content-box-wrapper\"><div class=\"content-box is-short centralized\"><h1 class=\"title\">Inside Stories<\/h1><\/div><\/div><\/div><\/div><\/div><\/div><div class=\"modal fade\" id=\"videoModal\" tabindex=\"-1\" role=\"dialog\" aria-labelledby=\"videoModalLabel\" aria-hidden=\"true\"><div class=\"modal-dialog modal-dialog-centered modal-lg\"><div class=\"modal-content\"><button type=\"button\" class=\"close\" data-bs-dismiss=\"modal\" aria-label=\"Close\"><span aria-hidden=\"true\">\u00d7<\/span><\/button><div class=\"modal-body\"><div class=\"ratio ratio-16x9\"><div class=\"embed-responsive embed-responsive-16by9\"><iframe class=\"embed-responsive-item\" src=\"\" id=\"video\" allowscriptaccess=\"always\" allow=\"autoplay\"><\/iframe><\/div><\/div><\/div><\/div><\/div><\/div><\/div>\n\n\n\n<section class=\"wp-block-cg-blocks-intro-para undefined section section--intro\" id=\"introParaWrapper\"><div class=\"intro-para\"><div class=\"container\"><div class=\"row\"><div class=\"col-12 col-md-11 col-lg-10\"><h2 class=\"intro-para-title\">Hier finden Sie Beitr\u00e4ge aus allen Bereichen des Unternehmens, die zeigen, wie wir uns f\u00fcr eine bessere Zukunft f\u00fcr unsere Kollegen, Kunden und die Gesellschaft einsetzen.<\/h2><\/div><\/div><\/div><\/div><\/section>\n\n\n\n<div class=\"wp-block-stories-of-change-1-cg-block-stories-of-change-1\">\n\t<section class=\"section section--stories section--stories-content stories-page-list\">\n\n\t\t<div class=\"container\">\n\n\t\t\t<div class=\"filters filters--horizontal\" data-max=\"1000\">\n\n\t\t\t\t\t\t\t\t<div class=\"filters-content\">\n\t\t\t\t\t<div id=\"stories_container\" class=\"row\">\n\t\t\t\t\t\t\n\t\t<div class=\"col-sm-12 col-md-4 filter-box\" data-filter=\"future-shaping-projects\">\n\n\t\t\t<div class=\"box\">\n\n\t\t\t\t<div class=\"box-img-wrapper\">\n\t\t\t\t\t<img loading=\"lazy\" decoding=\"async\" width=\"360\" height=\"200\" src=\"https:\/\/www.capgemini.com\/de-de\/wp-content\/uploads\/sites\/8\/2026\/02\/GettyImages-banner.jpg?w=360&amp;h=200&amp;crop=1\" class=\"box-img wp-post-image\" alt=\"\" \/>\t\t\t\t<\/div>\n\n\t\t\t\t<div class=\"box-inner\">\n\n\t\t\t\t\t<div class=\"box-inner__content\">\n\n\t\t\t\t\t\t<span class=\"box-tag\">Zukunftsweisende Projekte<\/span>\n\n\t\t\t\t\t\t<a class=\"box-title\"\n\t\t\t\t\t\t\taria-label=\"Diagnose seltener Kinderkrankheiten\"\n\t\t\t\t\t\t\thref=\"https:\/\/www.capgemini.com\/de-de\/news\/inside-stories\/diagnosing-rare-childhood-diseases\/\">\n\n\t\t\t\t\t\t\t<h3>Diagnose seltener Kinderkrankheiten<\/h3>\n\n\t\t\t\t\t\t<\/a>\n\n\t\t\t\t\t<\/div>\n\n\t\t\t\t\t<p class=\"box-date\">Dez. 1, 2025<\/p>\n\n\t\t\t\t<\/div>\n\n\t\t\t<\/div>\n\n\t\t<\/div>\n\n\t\t\n\t\t<div class=\"col-sm-12 col-md-4 filter-box\" data-filter=\"environment\">\n\n\t\t\t<div class=\"box\">\n\n\t\t\t\t<div class=\"box-img-wrapper\">\n\t\t\t\t\t<img loading=\"lazy\" decoding=\"async\" width=\"360\" height=\"200\" src=\"https:\/\/www.capgemini.com\/de-de\/wp-content\/uploads\/sites\/8\/2026\/02\/GettyImages-1433455113.jpg?w=360&amp;h=200&amp;crop=1\" class=\"box-img wp-post-image\" alt=\"\" \/>\t\t\t\t<\/div>\n\n\t\t\t\t<div class=\"box-inner\">\n\n\t\t\t\t\t<div class=\"box-inner__content\">\n\n\t\t\t\t\t\t<span class=\"box-tag\">Umwelt<\/span>\n\n\t\t\t\t\t\t<a class=\"box-title\"\n\t\t\t\t\t\t\taria-label=\"Der Weg zur Nachhaltigkeit\"\n\t\t\t\t\t\t\thref=\"https:\/\/www.capgemini.com\/de-de\/news\/inside-stories\/journey-to-sustainability\/\">\n\n\t\t\t\t\t\t\t<h3>Der Weg zur Nachhaltigkeit<\/h3>\n\n\t\t\t\t\t\t<\/a>\n\n\t\t\t\t\t<\/div>\n\n\t\t\t\t\t<p class=\"box-date\">Nov. 21, 2025<\/p>\n\n\t\t\t\t<\/div>\n\n\t\t\t<\/div>\n\n\t\t<\/div>\n\n\t\t\n\t\t<div class=\"col-sm-12 col-md-4 filter-box\" data-filter=\"future-shaping-projects\">\n\n\t\t\t<div class=\"box\">\n\n\t\t\t\t<div class=\"box-img-wrapper\">\n\t\t\t\t\t<img loading=\"lazy\" decoding=\"async\" width=\"360\" height=\"200\" src=\"https:\/\/www.capgemini.com\/de-de\/wp-content\/uploads\/sites\/8\/2025\/09\/GettyImages-1471828837.jpg?w=360&amp;h=200&amp;crop=1\" class=\"box-img wp-post-image\" alt=\"\" \/>\t\t\t\t<\/div>\n\n\t\t\t\t<div class=\"box-inner\">\n\n\t\t\t\t\t<div class=\"box-inner__content\">\n\n\t\t\t\t\t\t<span class=\"box-tag\">Zukunftsweisende Projekte<\/span>\n\n\t\t\t\t\t\t<a class=\"box-title\"\n\t\t\t\t\t\t\taria-label=\"Wie man Nachhaltigkeit f\u00f6rdert\"\n\t\t\t\t\t\t\thref=\"https:\/\/www.capgemini.com\/de-de\/news\/inside-stories\/how-to-power-sustainability\/\">\n\n\t\t\t\t\t\t\t<h3>Wie man Nachhaltigkeit f\u00f6rdert<\/h3>\n\n\t\t\t\t\t\t<\/a>\n\n\t\t\t\t\t<\/div>\n\n\t\t\t\t\t<p class=\"box-date\">Sept. 29, 2025<\/p>\n\n\t\t\t\t<\/div>\n\n\t\t\t<\/div>\n\n\t\t<\/div>\n\n\t\t\n\t\t<div class=\"col-sm-12 col-md-4 filter-box\" data-filter=\"future-shaping-projects\">\n\n\t\t\t<div class=\"box\">\n\n\t\t\t\t<div class=\"box-img-wrapper\">\n\t\t\t\t\t<img loading=\"lazy\" decoding=\"async\" width=\"360\" height=\"200\" src=\"https:\/\/www.capgemini.com\/de-de\/wp-content\/uploads\/sites\/8\/2025\/03\/3-e1740988693582.jpg?w=360&amp;h=200&amp;crop=1\" class=\"box-img wp-post-image\" alt=\"\" \/>\t\t\t\t<\/div>\n\n\t\t\t\t<div class=\"box-inner\">\n\n\t\t\t\t\t<div class=\"box-inner__content\">\n\n\t\t\t\t\t\t<span class=\"box-tag\">Zukunftsweisende Projekte<\/span>\n\n\t\t\t\t\t\t<a class=\"box-title\"\n\t\t\t\t\t\t\taria-label=\"In die Zukunft segeln\"\n\t\t\t\t\t\t\thref=\"https:\/\/www.capgemini.com\/de-de\/news\/inside-stories\/sail-into-the-future\/\">\n\n\t\t\t\t\t\t\t<h3>In die Zukunft segeln<\/h3>\n\n\t\t\t\t\t\t<\/a>\n\n\t\t\t\t\t<\/div>\n\n\t\t\t\t\t<p class=\"box-date\">M\u00e4rz 19, 2025<\/p>\n\n\t\t\t\t<\/div>\n\n\t\t\t<\/div>\n\n\t\t<\/div>\n\n\t\t\n\t\t<div class=\"col-sm-12 col-md-4 filter-box\" data-filter=\"future-shaping-projects\">\n\n\t\t\t<div class=\"box\">\n\n\t\t\t\t<div class=\"box-img-wrapper\">\n\t\t\t\t\t<img loading=\"lazy\" decoding=\"async\" width=\"360\" height=\"200\" src=\"https:\/\/www.capgemini.com\/de-de\/wp-content\/uploads\/sites\/8\/2025\/09\/DSC00036.jpg?w=360&amp;h=200&amp;crop=1\" class=\"box-img wp-post-image\" alt=\"\" \/>\t\t\t\t<\/div>\n\n\t\t\t\t<div class=\"box-inner\">\n\n\t\t\t\t\t<div class=\"box-inner__content\">\n\n\t\t\t\t\t\t<span class=\"box-tag\">Zukunftsweisende Projekte<\/span>\n\n\t\t\t\t\t\t<a class=\"box-title\"\n\t\t\t\t\t\t\taria-label=\"Technologieunterricht f\u00fcr eine positive Zukunft\"\n\t\t\t\t\t\t\thref=\"https:\/\/www.capgemini.com\/de-de\/news\/inside-stories\/tech-lessons-for-positive-futures\/\">\n\n\t\t\t\t\t\t\t<h3>Technologieunterricht f\u00fcr eine positive Zukunft<\/h3>\n\n\t\t\t\t\t\t<\/a>\n\n\t\t\t\t\t<\/div>\n\n\t\t\t\t\t<p class=\"box-date\">M\u00e4rz 7, 2025<\/p>\n\n\t\t\t\t<\/div>\n\n\t\t\t<\/div>\n\n\t\t<\/div>\n\n\t\t\n\t\t<div class=\"col-sm-12 col-md-4 filter-box\" data-filter=\"future-shaping-projects\">\n\n\t\t\t<div class=\"box\">\n\n\t\t\t\t<div class=\"box-img-wrapper\">\n\t\t\t\t\t<img loading=\"lazy\" decoding=\"async\" width=\"360\" height=\"200\" src=\"https:\/\/www.capgemini.com\/de-de\/wp-content\/uploads\/sites\/8\/2025\/09\/GettyImages-2077222669_c1df3c.jpg?w=360&amp;h=200&amp;crop=1\" class=\"box-img wp-post-image\" alt=\"\" \/>\t\t\t\t<\/div>\n\n\t\t\t\t<div class=\"box-inner\">\n\n\t\t\t\t\t<div class=\"box-inner__content\">\n\n\t\t\t\t\t\t<span class=\"box-tag\">Zukunftsweisende Projekte<\/span>\n\n\t\t\t\t\t\t<a class=\"box-title\"\n\t\t\t\t\t\t\taria-label=\"Where AI = Auto Innovation\"\n\t\t\t\t\t\t\thref=\"https:\/\/www.capgemini.com\/de-de\/news\/inside-stories\/where-ai-auto-innovation\/\">\n\n\t\t\t\t\t\t\t<h3>Where AI = Auto Innovation<\/h3>\n\n\t\t\t\t\t\t<\/a>\n\n\t\t\t\t\t<\/div>\n\n\t\t\t\t\t<p class=\"box-date\">Feb. 3, 2025<\/p>\n\n\t\t\t\t<\/div>\n\n\t\t\t<\/div>\n\n\t\t<\/div>\n\n\t\t\n\t\t<div class=\"col-sm-12 col-md-4 filter-box\" data-filter=\"future-shaping-projects\">\n\n\t\t\t<div class=\"box\">\n\n\t\t\t\t<div class=\"box-img-wrapper\">\n\t\t\t\t\t<img loading=\"lazy\" decoding=\"async\" width=\"360\" height=\"200\" src=\"https:\/\/www.capgemini.com\/de-de\/wp-content\/uploads\/sites\/8\/2025\/09\/37AC_240824_RP2_7961.jpg?w=360&amp;h=200&amp;crop=1\" class=\"box-img wp-post-image\" alt=\"\" \/>\t\t\t\t<\/div>\n\n\t\t\t\t<div class=\"box-inner\">\n\n\t\t\t\t\t<div class=\"box-inner__content\">\n\n\t\t\t\t\t\t<span class=\"box-tag\">Zukunftsweisende Projekte<\/span>\n\n\t\t\t\t\t\t<a class=\"box-title\"\n\t\t\t\t\t\t\taria-label=\"Das Unsichtbare sichtbar machen\"\n\t\t\t\t\t\t\thref=\"https:\/\/www.capgemini.com\/de-de\/news\/inside-stories\/make-the-invisible-visible\/\">\n\n\t\t\t\t\t\t\t<h3>Das Unsichtbare sichtbar machen<\/h3>\n\n\t\t\t\t\t\t<\/a>\n\n\t\t\t\t\t<\/div>\n\n\t\t\t\t\t<p class=\"box-date\">Dez. 13, 2024<\/p>\n\n\t\t\t\t<\/div>\n\n\t\t\t<\/div>\n\n\t\t<\/div>\n\n\t\t\n\t\t<div class=\"col-sm-12 col-md-4 filter-box\" data-filter=\"life-at-capgemini\">\n\n\t\t\t<div class=\"box\">\n\n\t\t\t\t<div class=\"box-img-wrapper\">\n\t\t\t\t\t<img loading=\"lazy\" decoding=\"async\" width=\"360\" height=\"200\" src=\"https:\/\/www.capgemini.com\/de-de\/wp-content\/uploads\/sites\/8\/2024\/10\/37AC_230917_RP4_4727.jpg?w=360&amp;h=200&amp;crop=1\" class=\"box-img wp-post-image\" alt=\"\" \/>\t\t\t\t<\/div>\n\n\t\t\t\t<div class=\"box-inner\">\n\n\t\t\t\t\t<div class=\"box-inner__content\">\n\n\t\t\t\t\t\t<span class=\"box-tag\">Life at Capgemini<\/span>\n\n\t\t\t\t\t\t<a class=\"box-title\"\n\t\t\t\t\t\t\taria-label=\"Zum Erfolg segeln\"\n\t\t\t\t\t\t\thref=\"https:\/\/www.capgemini.com\/de-de\/news\/inside-stories\/sailing-to-success\/\">\n\n\t\t\t\t\t\t\t<h3>Zum Erfolg segeln<\/h3>\n\n\t\t\t\t\t\t<\/a>\n\n\t\t\t\t\t<\/div>\n\n\t\t\t\t\t<p class=\"box-date\">Sept. 24, 2024<\/p>\n\n\t\t\t\t<\/div>\n\n\t\t\t<\/div>\n\n\t\t<\/div>\n\n\t\t\n\t\t<div class=\"col-sm-12 col-md-4 filter-box\" data-filter=\"life-at-capgemini\">\n\n\t\t\t<div class=\"box\">\n\n\t\t\t\t<div class=\"box-img-wrapper\">\n\t\t\t\t\t<img loading=\"lazy\" decoding=\"async\" width=\"360\" height=\"200\" src=\"https:\/\/www.capgemini.com\/de-de\/wp-content\/uploads\/sites\/8\/2024\/09\/AC37_N1A7963.jpg?w=360&amp;h=200&amp;crop=1\" class=\"box-img wp-post-image\" alt=\"\" \/>\t\t\t\t<\/div>\n\n\t\t\t\t<div class=\"box-inner\">\n\n\t\t\t\t\t<div class=\"box-inner__content\">\n\n\t\t\t\t\t\t<span class=\"box-tag\">Life at Capgemini<\/span>\n\n\t\t\t\t\t\t<a class=\"box-title\"\n\t\t\t\t\t\t\taria-label=\"Mit Teamgeist zum Erfolg\"\n\t\t\t\t\t\t\thref=\"https:\/\/www.capgemini.com\/de-de\/news\/inside-stories\/winning-with-team-spirit\/\">\n\n\t\t\t\t\t\t\t<h3>Mit Teamgeist zum Erfolg<\/h3>\n\n\t\t\t\t\t\t<\/a>\n\n\t\t\t\t\t<\/div>\n\n\t\t\t\t\t<p class=\"box-date\">Sept. 11, 2024<\/p>\n\n\t\t\t\t<\/div>\n\n\t\t\t<\/div>\n\n\t\t<\/div>\n\n\t\t\t\t\t\t\t<\/div>\n\n\t\t\t\t\t<div class=\"loadmore-button-wrapper\">\n\t\t\t\t\t\t<button id=\"stories_loadmore\" class=\"cg-button-link\">\n\t\t\t\t\t\t\tWeitere Stories\t\t\t\t\t\t<\/button>\n\t\t\t\t\t<\/div>\n\t\t\t\t<\/div>\n\n\t\t\t<\/div>\n\n\t\t<\/div>\n\n\t<\/section>\n\t<script>\n\t\twindow.socData = {\n\t\t\tajaxURL: \"https:\/\/www.capgemini.com\/de-de\/wp-admin\/admin-ajax.php\",\n\t\t\tnonce: \"e1af280f13\"\n\t\t};\n\t<\/script>\n<\/div>\n\n\n","protected":false},"excerpt":{"rendered":"","protected":false},"author":12,"featured_media":744763,"parent":744725,"menu_order":0,"comment_status":"closed","ping_status":"closed","template":"","meta":{"cg_dt_proposed_to":[],"cg_seo_hreflang_relations":"","cg_seo_canonical_relation":"{\"uuid\":\"28765754-f821-45b7-b4c1-41f1a7ec1c7e\",\"blogId\":\"\",\"domain\":\"\",\"sitePath\":\"\",\"postLink\":\"\",\"postId\":null,\"isSaved\":true,\"isCrossLink\":false,\"hasCrossLink\":false}","cg_seo_hreflang_x_default_relation":"{\"uuid\":\"8d11bbc4-39fc-434e-a12b-20718e423912\",\"blogId\":\"\",\"domain\":\"\",\"sitePath\":\"\",\"postLink\":\"\",\"postId\":null,\"isSaved\":true,\"isCrossLink\":false,\"hasCrossLink\":false}","cg_dt_approved_content":true,"cg_dt_mandatory_content":false,"cg_dt_notes":"","cg_dg_source_changed":false,"cg_dt_link_disabled":false,"_yoast_wpseo_primary_brand":"","footnotes":"","featured_focal_points":"","partner_card_description":"","gsap_animation":0},"brand":[],"partner_type":[],"service":[],"industry":[],"partners":[],"page-type":[],"content-group":[],"class_list":["post-744759","page","type-page","status-publish","has-post-thumbnail","hentry"],"yoast_head":"<!-- This site is optimized with the Yoast SEO Premium plugin v22.8 (Yoast SEO v22.8) - https:\/\/yoast.com\/wordpress\/plugins\/seo\/ -->\n<title>Inside Stories - F\u00fcr eine bessere Zukunft | Capgemini<\/title>\n<meta name=\"description\" content=\"Hier finden Sie Beitr\u00e4ge aus allen Bereichen des Unternehmens, die zeigen, wie wir uns f\u00fcr eine bessere Zukunft f\u00fcr unsere Kollegen, Kunden und die Gesellschaft einsetzen.\" \/>\n<meta name=\"robots\" content=\"index, follow, max-snippet:-1, max-image-preview:large, max-video-preview:-1\" \/>\n<link rel=\"canonical\" href=\"https:\/\/www.capgemini.com\/de-de\/news\/inside-stories\/\" \/>\n<meta property=\"og:locale\" content=\"de_DE\" \/>\n<meta property=\"og:type\" content=\"article\" \/>\n<meta property=\"og:title\" content=\"Inside Stories - F\u00fcr eine bessere Zukunft | Capgemini\" \/>\n<meta property=\"og:description\" content=\"Hier finden Sie Beitr\u00e4ge aus allen Bereichen des Unternehmens, die zeigen, wie wir uns f\u00fcr eine bessere Zukunft f\u00fcr unsere Kollegen, Kunden und die Gesellschaft einsetzen.\" \/>\n<meta property=\"og:url\" content=\"https:\/\/www.capgemini.com\/de-de\/news\/inside-stories\/\" \/>\n<meta property=\"og:site_name\" content=\"Capgemini\" \/>\n<meta property=\"article:modified_time\" content=\"2024-03-19T07:47:47+00:00\" \/>\n<meta property=\"og:image\" content=\"https:\/\/www.capgemini.com\/de-de\/wp-content\/uploads\/sites\/8\/2020\/11\/Capgemini_stories_of_change.jpg\" \/>\n\t<meta property=\"og:image:width\" content=\"2880\" \/>\n\t<meta property=\"og:image:height\" content=\"1800\" \/>\n\t<meta property=\"og:image:type\" content=\"image\/jpeg\" \/>\n<meta name=\"twitter:card\" content=\"summary_large_image\" \/>\n<meta name=\"twitter:label1\" content=\"Est. reading time\" \/>\n\t<meta name=\"twitter:data1\" content=\"1 minute\" \/>\n<script type=\"application\/ld+json\" class=\"yoast-schema-graph\">{\"@context\":\"https:\/\/schema.org\",\"@graph\":[{\"@type\":\"WebPage\",\"@id\":\"https:\/\/www.capgemini.com\/de-de\/news\/inside-stories\/\",\"url\":\"https:\/\/www.capgemini.com\/de-de\/news\/inside-stories\/\",\"name\":\"Inside Stories - F\u00fcr eine bessere Zukunft | Capgemini\",\"isPartOf\":{\"@id\":\"https:\/\/www.capgemini.com\/de-de\/#website\"},\"primaryImageOfPage\":{\"@id\":\"https:\/\/www.capgemini.com\/de-de\/news\/inside-stories\/#primaryimage\"},\"image\":{\"@id\":\"https:\/\/www.capgemini.com\/de-de\/news\/inside-stories\/#primaryimage\"},\"thumbnailUrl\":\"https:\/\/www.capgemini.com\/de-de\/wp-content\/uploads\/sites\/8\/2020\/11\/Capgemini_stories_of_change.jpg\",\"datePublished\":\"2020-11-06T05:23:36+00:00\",\"dateModified\":\"2024-03-19T07:47:47+00:00\",\"description\":\"Hier finden Sie Beitr\u00e4ge aus allen Bereichen des Unternehmens, die zeigen, wie wir uns f\u00fcr eine bessere Zukunft f\u00fcr unsere Kollegen, Kunden und die Gesellschaft einsetzen.\",\"breadcrumb\":{\"@id\":\"https:\/\/www.capgemini.com\/de-de\/news\/inside-stories\/#breadcrumb\"},\"inLanguage\":\"de-DE\",\"potentialAction\":[{\"@type\":\"ReadAction\",\"target\":[\"https:\/\/www.capgemini.com\/de-de\/news\/inside-stories\/\"]}]},{\"@type\":\"ImageObject\",\"inLanguage\":\"de-DE\",\"@id\":\"https:\/\/www.capgemini.com\/de-de\/news\/inside-stories\/#primaryimage\",\"url\":\"https:\/\/www.capgemini.com\/de-de\/wp-content\/uploads\/sites\/8\/2020\/11\/Capgemini_stories_of_change.jpg\",\"contentUrl\":\"https:\/\/www.capgemini.com\/de-de\/wp-content\/uploads\/sites\/8\/2020\/11\/Capgemini_stories_of_change.jpg\",\"width\":2880,\"height\":1800},{\"@type\":\"BreadcrumbList\",\"@id\":\"https:\/\/www.capgemini.com\/de-de\/news\/inside-stories\/#breadcrumb\",\"itemListElement\":[{\"@type\":\"ListItem\",\"position\":1,\"name\":\"News\",\"item\":\"https:\/\/www.capgemini.com\/de-de\/news\/\"},{\"@type\":\"ListItem\",\"position\":2,\"name\":\"Inside Stories\"}]},{\"@type\":\"WebSite\",\"@id\":\"https:\/\/www.capgemini.com\/de-de\/#website\",\"url\":\"https:\/\/www.capgemini.com\/de-de\/\",\"name\":\"Capgemini Deutschland\",\"description\":\"Make it real\",\"potentialAction\":[{\"@type\":\"SearchAction\",\"target\":{\"@type\":\"EntryPoint\",\"urlTemplate\":\"https:\/\/www.capgemini.com\/de-de\/?s={search_term_string}\"},\"query-input\":\"required name=search_term_string\"}],\"inLanguage\":\"de-DE\"}]}<\/script>\n<!-- \/ Yoast SEO Premium plugin. -->","yoast_head_json":{"title":"Inside Stories - F\u00fcr eine bessere Zukunft | Capgemini","description":"Hier finden Sie Beitr\u00e4ge aus allen Bereichen des Unternehmens, die zeigen, wie wir uns f\u00fcr eine bessere Zukunft f\u00fcr unsere Kollegen, Kunden und die Gesellschaft einsetzen.","robots":{"index":"index","follow":"follow","max-snippet":"max-snippet:-1","max-image-preview":"max-image-preview:large","max-video-preview":"max-video-preview:-1"},"canonical":"https:\/\/www.capgemini.com\/de-de\/news\/inside-stories\/","og_locale":"de_DE","og_type":"article","og_title":"Inside Stories - F\u00fcr eine bessere Zukunft | Capgemini","og_description":"Hier finden Sie Beitr\u00e4ge aus allen Bereichen des Unternehmens, die zeigen, wie wir uns f\u00fcr eine bessere Zukunft f\u00fcr unsere Kollegen, Kunden und die Gesellschaft einsetzen.","og_url":"https:\/\/www.capgemini.com\/de-de\/news\/inside-stories\/","og_site_name":"Capgemini","article_modified_time":"2024-03-19T07:47:47+00:00","og_image":[{"width":2880,"height":1800,"url":"https:\/\/www.capgemini.com\/de-de\/wp-content\/uploads\/sites\/8\/2020\/11\/Capgemini_stories_of_change.jpg","type":"image\/jpeg"}],"twitter_card":"summary_large_image","twitter_misc":{"Est. reading time":"1 minute"},"schema":{"@context":"https:\/\/schema.org","@graph":[{"@type":"WebPage","@id":"https:\/\/www.capgemini.com\/de-de\/news\/inside-stories\/","url":"https:\/\/www.capgemini.com\/de-de\/news\/inside-stories\/","name":"Inside Stories - F\u00fcr eine bessere Zukunft | Capgemini","isPartOf":{"@id":"https:\/\/www.capgemini.com\/de-de\/#website"},"primaryImageOfPage":{"@id":"https:\/\/www.capgemini.com\/de-de\/news\/inside-stories\/#primaryimage"},"image":{"@id":"https:\/\/www.capgemini.com\/de-de\/news\/inside-stories\/#primaryimage"},"thumbnailUrl":"https:\/\/www.capgemini.com\/de-de\/wp-content\/uploads\/sites\/8\/2020\/11\/Capgemini_stories_of_change.jpg","datePublished":"2020-11-06T05:23:36+00:00","dateModified":"2024-03-19T07:47:47+00:00","description":"Hier finden Sie Beitr\u00e4ge aus allen Bereichen des Unternehmens, die zeigen, wie wir uns f\u00fcr eine bessere Zukunft f\u00fcr unsere Kollegen, Kunden und die Gesellschaft einsetzen.","breadcrumb":{"@id":"https:\/\/www.capgemini.com\/de-de\/news\/inside-stories\/#breadcrumb"},"inLanguage":"de-DE","potentialAction":[{"@type":"ReadAction","target":["https:\/\/www.capgemini.com\/de-de\/news\/inside-stories\/"]}]},{"@type":"ImageObject","inLanguage":"de-DE","@id":"https:\/\/www.capgemini.com\/de-de\/news\/inside-stories\/#primaryimage","url":"https:\/\/www.capgemini.com\/de-de\/wp-content\/uploads\/sites\/8\/2020\/11\/Capgemini_stories_of_change.jpg","contentUrl":"https:\/\/www.capgemini.com\/de-de\/wp-content\/uploads\/sites\/8\/2020\/11\/Capgemini_stories_of_change.jpg","width":2880,"height":1800},{"@type":"BreadcrumbList","@id":"https:\/\/www.capgemini.com\/de-de\/news\/inside-stories\/#breadcrumb","itemListElement":[{"@type":"ListItem","position":1,"name":"News","item":"https:\/\/www.capgemini.com\/de-de\/news\/"},{"@type":"ListItem","position":2,"name":"Inside Stories"}]},{"@type":"WebSite","@id":"https:\/\/www.capgemini.com\/de-de\/#website","url":"https:\/\/www.capgemini.com\/de-de\/","name":"Capgemini Deutschland","description":"Make it real","potentialAction":[{"@type":"SearchAction","target":{"@type":"EntryPoint","urlTemplate":"https:\/\/www.capgemini.com\/de-de\/?s={search_term_string}"},"query-input":"required name=search_term_string"}],"inLanguage":"de-DE"}]}},"brand_term":[],"parsely":{"version":"1.1.0","canonical_url":"https:\/\/capgemini.com\/de-de\/news\/inside-stories\/","smart_links":{"inbound":0,"outbound":0},"traffic_boost_suggestions_count":0,"meta":{"@context":"https:\/\/schema.org","@type":"WebPage","headline":"Inside Stories","url":"http:\/\/www.capgemini.com\/de-de\/news\/inside-stories\/","mainEntityOfPage":{"@type":"WebPage","@id":"http:\/\/www.capgemini.com\/de-de\/news\/inside-stories\/"},"thumbnailUrl":"https:\/\/www.capgemini.com\/de-de\/wp-content\/uploads\/sites\/8\/2020\/11\/Capgemini_stories_of_change.jpg?w=150&h=150&crop=1","image":{"@type":"ImageObject","url":"https:\/\/www.capgemini.com\/de-de\/wp-content\/uploads\/sites\/8\/2020\/11\/Capgemini_stories_of_change.jpg"},"articleSection":"Uncategorized","author":[],"creator":[],"publisher":{"@type":"Organization","name":"Capgemini","logo":""},"keywords":[],"dateCreated":"2020-11-06T05:23:36Z","datePublished":"2020-11-06T05:23:36Z","dateModified":"2024-03-19T07:47:47Z"},"rendered":"<script type=\"application\/ld+json\" class=\"wp-parsely-metadata\">{\"@context\":\"https:\\\/\\\/schema.org\",\"@type\":\"WebPage\",\"headline\":\"Inside Stories\",\"url\":\"http:\\\/\\\/www.capgemini.com\\\/de-de\\\/news\\\/inside-stories\\\/\",\"mainEntityOfPage\":{\"@type\":\"WebPage\",\"@id\":\"http:\\\/\\\/www.capgemini.com\\\/de-de\\\/news\\\/inside-stories\\\/\"},\"thumbnailUrl\":\"https:\\\/\\\/www.capgemini.com\\\/de-de\\\/wp-content\\\/uploads\\\/sites\\\/8\\\/2020\\\/11\\\/Capgemini_stories_of_change.jpg?w=150&h=150&crop=1\",\"image\":{\"@type\":\"ImageObject\",\"url\":\"https:\\\/\\\/www.capgemini.com\\\/de-de\\\/wp-content\\\/uploads\\\/sites\\\/8\\\/2020\\\/11\\\/Capgemini_stories_of_change.jpg\"},\"articleSection\":\"Uncategorized\",\"author\":[],\"creator\":[],\"publisher\":{\"@type\":\"Organization\",\"name\":\"Capgemini\",\"logo\":\"\"},\"keywords\":[],\"dateCreated\":\"2020-11-06T05:23:36Z\",\"datePublished\":\"2020-11-06T05:23:36Z\",\"dateModified\":\"2024-03-19T07:47:47Z\"}<\/script>","tracker_url":"https:\/\/cdn.parsely.com\/keys\/capgemini.com\/p.js"},"archive_status":false,"featured_image_src":"https:\/\/www.capgemini.com\/de-de\/wp-content\/uploads\/sites\/8\/2020\/11\/Capgemini_stories_of_change.jpg","featured_image_alt":"","jetpack_sharing_enabled":true,"distributor_meta":false,"distributor_terms":false,"distributor_media":false,"distributor_original_site_name":"Capgemini","distributor_original_site_url":"https:\/\/www.capgemini.com\/de-de","push-errors":false,"_links":{"self":[{"href":"https:\/\/www.capgemini.com\/de-de\/wp-json\/wp\/v2\/pages\/744759","targetHints":{"allow":["GET"]}}],"collection":[{"href":"https:\/\/www.capgemini.com\/de-de\/wp-json\/wp\/v2\/pages"}],"about":[{"href":"https:\/\/www.capgemini.com\/de-de\/wp-json\/wp\/v2\/types\/page"}],"author":[{"embeddable":true,"href":"https:\/\/www.capgemini.com\/de-de\/wp-json\/wp\/v2\/users\/12"}],"replies":[{"embeddable":true,"href":"https:\/\/www.capgemini.com\/de-de\/wp-json\/wp\/v2\/comments?post=744759"}],"version-history":[{"count":12,"href":"https:\/\/www.capgemini.com\/de-de\/wp-json\/wp\/v2\/pages\/744759\/revisions"}],"predecessor-version":[{"id":855945,"href":"https:\/\/www.capgemini.com\/de-de\/wp-json\/wp\/v2\/pages\/744759\/revisions\/855945"}],"up":[{"embeddable":true,"href":"https:\/\/www.capgemini.com\/de-de\/wp-json\/wp\/v2\/pages\/744725"}],"wp:featuredmedia":[{"embeddable":true,"href":"https:\/\/www.capgemini.com\/de-de\/wp-json\/wp\/v2\/media\/744763"}],"wp:attachment":[{"href":"https:\/\/www.capgemini.com\/de-de\/wp-json\/wp\/v2\/media?parent=744759"}],"wp:term":[{"taxonomy":"brand","embeddable":true,"href":"https:\/\/www.capgemini.com\/de-de\/wp-json\/wp\/v2\/brand?post=744759"},{"taxonomy":"partner_type","embeddable":true,"href":"https:\/\/www.capgemini.com\/de-de\/wp-json\/wp\/v2\/partner_type?post=744759"},{"taxonomy":"service","embeddable":true,"href":"https:\/\/www.capgemini.com\/de-de\/wp-json\/wp\/v2\/service?post=744759"},{"taxonomy":"industry","embeddable":true,"href":"https:\/\/www.capgemini.com\/de-de\/wp-json\/wp\/v2\/industry?post=744759"},{"taxonomy":"partners","embeddable":true,"href":"https:\/\/www.capgemini.com\/de-de\/wp-json\/wp\/v2\/partners?post=744759"},{"taxonomy":"page-type","embeddable":true,"href":"https:\/\/www.capgemini.com\/de-de\/wp-json\/wp\/v2\/page-type?post=744759"},{"taxonomy":"content-group","embeddable":true,"href":"https:\/\/www.capgemini.com\/de-de\/wp-json\/wp\/v2\/content-group?post=744759"}],"curies":[{"name":"wp","href":"https:\/\/api.w.org\/{rel}","templated":true}]}}