{"id":744299,"date":"2023-01-23T14:57:37","date_gmt":"2023-01-23T14:57:37","guid":{"rendered":"https:\/\/www.capgemini.com\/?page_id=707909"},"modified":"2025-03-05T04:27:48","modified_gmt":"2025-03-05T04:27:48","slug":"digital-continuity-with-obbligato-plm","status":"publish","type":"page","link":"https:\/\/www.capgemini.com\/de-de\/solutions\/digital-continuity-with-obbligato-plm\/","title":{"rendered":"Digital Continuity mit Obbligato PLM"},"content":{"rendered":"\n<header class=\"wp-block-cg-blocks-hero-reusable is-style-blue-line header heroReusable  \"><div class=\"header-bgs\"><picture><source srcset=\"https:\/\/www.capgemini.com\/wp-content\/uploads\/2022\/05\/Capgemini_Solutions_Digital-continuity-with-Obbligato-PLM.jpg?w=2880&amp;quality=70 1x, https:\/\/www.capgemini.com\/wp-content\/uploads\/2022\/05\/Capgemini_Solutions_Digital-continuity-with-Obbligato-PLM.jpg?w=2880&amp;quality=70 2x\" media=\"(min-width: 1500px)\"\/><source srcset=\"https:\/\/www.capgemini.com\/wp-content\/uploads\/2022\/05\/Capgemini_Solutions_Digital-continuity-with-Obbligato-PLM.jpg?w=1440&amp;quality=70 1x, https:\/\/www.capgemini.com\/wp-content\/uploads\/2022\/05\/Capgemini_Solutions_Digital-continuity-with-Obbligato-PLM.jpg?w=2880&amp;quality=70 2x\" media=\"(min-width: 992px)\"\/><source srcset=\"https:\/\/www.capgemini.com\/wp-content\/uploads\/2022\/05\/Capgemini_Solutions_Digital-continuity-with-Obbligato-PLM.jpg?w=1024&amp;quality=70 1x, https:\/\/www.capgemini.com\/wp-content\/uploads\/2022\/05\/Capgemini_Solutions_Digital-continuity-with-Obbligato-PLM.jpg?w=1024&amp;quality=70 2x\" media=\"(min-width: 768px)\"\/><source srcset=\"https:\/\/www.capgemini.com\/wp-content\/uploads\/2022\/05\/Capgemini_Solutions_Digital-continuity-with-Obbligato-PLM.jpg?w=768&amp;quality=70 1x, https:\/\/www.capgemini.com\/wp-content\/uploads\/2022\/05\/Capgemini_Solutions_Digital-continuity-with-Obbligato-PLM.jpg?w=768&amp;quality=70 2x\" media=\"(min-width: 0)\"\/><img decoding=\"async\" src=\"https:\/\/www.capgemini.com\/wp-content\/uploads\/2022\/05\/Capgemini_Solutions_Digital-continuity-with-Obbligato-PLM.jpg\" class=\"header-img header-img-d\" alt=\"\" style=\"object-fit:cover;object-position:42% 22%\" loading=\"eager\"\/><\/picture><\/div><div class=\"heroPictureCardHeaderShape\"><\/div><div class=\"container\"><div class=\"row\"><div class=\"col-md-12\"><div class=\"box\"><div class=\"boxTagWrapper\"><div class=\"tagInfo\"><div><span class=\"box-tag\">Solution<\/span><\/div><\/div><div class=\"brandInfo\"><div class=\"brandLogo\"><img decoding=\"async\" loading=\"lazy\" src=\"\/wp-content\/themes\/capgemini2020\/assets\/images\/capgemini-engineering.svg\" alt=\"capgemini-engineering\"\/><\/div><\/div><\/div><div class=\"box-title\"><h1 data-maxlength=\"34\">Digital Continuity mit Obbligato PLM<\/h1><\/div><h2 class=\"reasearchInsightTitle\">Sorgen Sie f\u00fcr einen nahtlosen \u00dcbergang der Produktdaten von der Entwicklung zur Fertigung, zum Dokumentenmanagement, zum Kostenmanagement, zum Projektmanagement und zur Vermeidung von Datenverlusten.<\/h2><div class=\"inner-row-insight download-btn\"><div class=\"col-md-4 downloadFiles addPadding\"><a class=\"button-download--small\" type=\"download\" href=\"https:\/\/www.capgemini.com\/wp-content\/uploads\/2021\/09\/Digital-continuity-with-Obbligato-PLM.pdf\" target=\"_blank\" rel=\"noopener noreferrer\" title=\"In neuem Fenster \u00f6ffnen\"><span>Download Brosch\u00fcre<\/span><span class=\"type\">15 MB  pdf<\/span><\/a><\/div><\/div><\/div><\/div><\/div><\/div><\/header>\n\n\n\n<section class=\"wp-block-cg-blocks-group undefined section section--article-content section--story-content article-body\"><div class=\"article-main-content\"><div class=\"container\"><div class=\"row\"><div class=\"col-12 col-md-11 col-lg-10 offset-md-1 offset-lg-1\"><div class=\"article-text article-quote-text\">\n<p>Im Zeitalter der digitalen Kontinuit\u00e4t werden Produktdaten oft noch in Datensilos von ALM-, PLM-, ERP- und Legacy-Systemen verwaltet, die nur teilweise oder gar nicht integriert sind. Ein sicherer und effizienter Zugang zu konsistenten und aktuellen Produktdaten \u00fcber den gesamten Produktlebenszyklus ist eindeutig erforderlich. <\/p>\n\n\n\n<p>PLM ist ein Enabler f\u00fcr Industrie 4.0, weil es die Entwicklung von Produkten, Produktion und Dienstleistungen integriert. Der Einsatz von PLM in kollaborativen Prozessen wird immer wichtiger, um die Macht der Daten zur F\u00f6rderung von Innovationen, zur Herstellung neuer und differenzierter &#8220;intelligenter&#8221; Produkte, zur Verbesserung der Lieferketten, zur Schaffung neuer Kundenerfahrungen und zur Erschlie\u00dfung neuer Wertsch\u00f6pfungsquellen zu nutzen.<\/p>\n\n\n\n<p>Als weltweit f\u00fchrendes Unternehmen in den Bereichen Technologieberatung, IT, Engineering und F&amp;E ist Capgemini in einer einzigartigen Position, um mit Kunden entlang der gesamten Wertsch\u00f6pfungskette der intelligenten Industrie zusammenzuarbeiten &#8211; von den Gesch\u00e4ftsmodellen \u00fcber die Produkte und den Betrieb bis hin zu den Dienstleistungen.<\/p>\n\n\n\n<h3 class=\"wp-block-heading\" id=\"h-entdecken-sie-obbligato-plm\"><strong>Entdecken Sie Obbligato PLM<\/strong><\/h3>\n\n\n\n<p>Die PLM-Plattform Obbligato verf\u00fcgt \u00fcber leistungsstarke Funktionen f\u00fcr das St\u00fccklistenmanagement und deckt die Phasen der Produktkonzeption, -entwicklung und -herstellung im Produktlebenszyklus ab. Obbligato verf\u00fcgt \u00fcber eine solide Architektur, die den Kunden eine intuitiv zu bedienende Benutzeroberfl\u00e4che bietet, die einfach zu konfigurieren ist und entsprechend den Gesch\u00e4ftsanforderungen funktioniert. Es verf\u00fcgt \u00fcber eine lose gekoppelte Architektur, die den Benutzer mit Echo-Systemen verbindet, um Produktdaten auszutauschen und die R\u00fcckverfolgbarkeit des Produkts zu verwalten.<\/p>\n\n\n\n<p>Die gesamten Produktherstellungsprozesse, wie BOM und Bill of Process (BOP), k\u00f6nnen nahtlos in Obbligato PLM verwaltet werden.<\/p>\n\n\n\n<div class=\"wp-block-buttons is-layout-flex wp-block-buttons-is-layout-flex\">\n<div class=\"wp-block-button\"><a class=\"wp-block-button__link wp-element-button\" href=\"https:\/\/www.capgemini.com\/wp-content\/uploads\/2021\/09\/Digital-continuity-with-Obbligato-PLM.pdf\" target=\"_blank\" rel=\"noreferrer noopener\">Download Brosch\u00fcre<\/a><\/div>\n<\/div>\n<\/div><\/div><\/div><\/div><\/div><\/section>\n","protected":false},"excerpt":{"rendered":"","protected":false},"author":25,"featured_media":758549,"parent":743171,"menu_order":0,"comment_status":"closed","ping_status":"closed","template":"","meta":{"cg_dt_proposed_to":[],"cg_seo_hreflang_relations":"[]","cg_seo_canonical_relation":"{\"uuid\":\"a6b92840-1908-4872-b0d6-89bae52342b9\",\"blogId\":\"\",\"domain\":\"\",\"sitePath\":\"\",\"postLink\":\"\",\"postId\":null,\"isSaved\":true,\"isCrossLink\":false,\"hasCrossLink\":false}","cg_seo_hreflang_x_default_relation":"{\"uuid\":\"81d8e06c-28a5-42e2-a66b-5b319fac1189\",\"blogId\":\"\",\"domain\":\"\",\"sitePath\":\"\",\"postLink\":\"\",\"postId\":null,\"isSaved\":true,\"isCrossLink\":false,\"hasCrossLink\":false}","cg_dt_approved_content":true,"cg_dt_mandatory_content":false,"cg_dt_notes":"","cg_dg_source_changed":false,"cg_dt_link_disabled":false,"_yoast_wpseo_primary_brand":"141","footnotes":"","featured_focal_points":"","partner_card_description":"","gsap_animation":0},"brand":[141],"partner_type":[],"service":[52],"industry":[230],"partners":[],"page-type":[],"content-group":[],"class_list":["post-744299","page","type-page","status-publish","has-post-thumbnail","hentry","brand-capgemini-engineering","service-intelligent-industry","industry-manufacturing"],"yoast_head":"<!-- This site is optimized with the Yoast SEO Premium plugin v22.8 (Yoast SEO v22.8) - https:\/\/yoast.com\/wordpress\/plugins\/seo\/ -->\n<title>Digital Continuity mit Obbligato PLM - Capgemini<\/title>\n<meta name=\"robots\" content=\"index, follow, max-snippet:-1, max-image-preview:large, max-video-preview:-1\" \/>\n<link rel=\"canonical\" href=\"https:\/\/www.capgemini.com\/de-de\/solutions\/digital-continuity-with-obbligato-plm\/\" \/>\n<meta property=\"og:locale\" content=\"de_DE\" \/>\n<meta property=\"og:type\" content=\"article\" \/>\n<meta property=\"og:title\" content=\"Digital Continuity mit Obbligato PLM - Capgemini\" \/>\n<meta property=\"og:url\" content=\"https:\/\/www.capgemini.com\/de-de\/solutions\/digital-continuity-with-obbligato-plm\/\" \/>\n<meta property=\"og:site_name\" content=\"Capgemini\" \/>\n<meta property=\"article:modified_time\" content=\"2025-03-05T04:27:48+00:00\" \/>\n<meta property=\"og:image\" content=\"https:\/\/www.capgemini.com\/de-de\/wp-content\/uploads\/sites\/8\/2022\/07\/Capgemini_Solutions_Digital-continuity-with-Obbligato-PLM.jpg\" \/>\n\t<meta property=\"og:image:width\" content=\"2880\" \/>\n\t<meta property=\"og:image:height\" content=\"1800\" \/>\n\t<meta property=\"og:image:type\" content=\"image\/jpeg\" \/>\n<meta name=\"twitter:card\" content=\"summary_large_image\" \/>\n<meta name=\"twitter:label1\" content=\"Est. reading time\" \/>\n\t<meta name=\"twitter:data1\" content=\"1 minute\" \/>\n<script type=\"application\/ld+json\" class=\"yoast-schema-graph\">{\"@context\":\"https:\/\/schema.org\",\"@graph\":[{\"@type\":\"WebPage\",\"@id\":\"https:\/\/www.capgemini.com\/de-de\/solutions\/digital-continuity-with-obbligato-plm\/\",\"url\":\"https:\/\/www.capgemini.com\/de-de\/solutions\/digital-continuity-with-obbligato-plm\/\",\"name\":\"Digital Continuity mit Obbligato PLM - Capgemini\",\"isPartOf\":{\"@id\":\"https:\/\/www.capgemini.com\/de-de\/#website\"},\"primaryImageOfPage\":{\"@id\":\"https:\/\/www.capgemini.com\/de-de\/solutions\/digital-continuity-with-obbligato-plm\/#primaryimage\"},\"image\":{\"@id\":\"https:\/\/www.capgemini.com\/de-de\/solutions\/digital-continuity-with-obbligato-plm\/#primaryimage\"},\"thumbnailUrl\":\"https:\/\/www.capgemini.com\/de-de\/wp-content\/uploads\/sites\/8\/2022\/07\/Capgemini_Solutions_Digital-continuity-with-Obbligato-PLM.jpg\",\"datePublished\":\"2023-01-23T14:57:37+00:00\",\"dateModified\":\"2025-03-05T04:27:48+00:00\",\"breadcrumb\":{\"@id\":\"https:\/\/www.capgemini.com\/de-de\/solutions\/digital-continuity-with-obbligato-plm\/#breadcrumb\"},\"inLanguage\":\"de-DE\",\"potentialAction\":[{\"@type\":\"ReadAction\",\"target\":[\"https:\/\/www.capgemini.com\/de-de\/solutions\/digital-continuity-with-obbligato-plm\/\"]}]},{\"@type\":\"ImageObject\",\"inLanguage\":\"de-DE\",\"@id\":\"https:\/\/www.capgemini.com\/de-de\/solutions\/digital-continuity-with-obbligato-plm\/#primaryimage\",\"url\":\"https:\/\/www.capgemini.com\/de-de\/wp-content\/uploads\/sites\/8\/2022\/07\/Capgemini_Solutions_Digital-continuity-with-Obbligato-PLM.jpg\",\"contentUrl\":\"https:\/\/www.capgemini.com\/de-de\/wp-content\/uploads\/sites\/8\/2022\/07\/Capgemini_Solutions_Digital-continuity-with-Obbligato-PLM.jpg\",\"width\":2880,\"height\":1800},{\"@type\":\"BreadcrumbList\",\"@id\":\"https:\/\/www.capgemini.com\/de-de\/solutions\/digital-continuity-with-obbligato-plm\/#breadcrumb\",\"itemListElement\":[{\"@type\":\"ListItem\",\"position\":1,\"name\":\"Solutions\",\"item\":\"https:\/\/www.capgemini.com\/de-de\/solutions\/\"},{\"@type\":\"ListItem\",\"position\":2,\"name\":\"Digital Continuity mit Obbligato PLM\"}]},{\"@type\":\"WebSite\",\"@id\":\"https:\/\/www.capgemini.com\/de-de\/#website\",\"url\":\"https:\/\/www.capgemini.com\/de-de\/\",\"name\":\"Capgemini Deutschland\",\"description\":\"Make it real\",\"potentialAction\":[{\"@type\":\"SearchAction\",\"target\":{\"@type\":\"EntryPoint\",\"urlTemplate\":\"https:\/\/www.capgemini.com\/de-de\/?s={search_term_string}\"},\"query-input\":\"required name=search_term_string\"}],\"inLanguage\":\"de-DE\"}]}<\/script>\n<!-- \/ Yoast SEO Premium plugin. -->","yoast_head_json":{"title":"Digital Continuity mit Obbligato PLM - Capgemini","robots":{"index":"index","follow":"follow","max-snippet":"max-snippet:-1","max-image-preview":"max-image-preview:large","max-video-preview":"max-video-preview:-1"},"canonical":"https:\/\/www.capgemini.com\/de-de\/solutions\/digital-continuity-with-obbligato-plm\/","og_locale":"de_DE","og_type":"article","og_title":"Digital Continuity mit Obbligato PLM - Capgemini","og_url":"https:\/\/www.capgemini.com\/de-de\/solutions\/digital-continuity-with-obbligato-plm\/","og_site_name":"Capgemini","article_modified_time":"2025-03-05T04:27:48+00:00","og_image":[{"width":2880,"height":1800,"url":"https:\/\/www.capgemini.com\/de-de\/wp-content\/uploads\/sites\/8\/2022\/07\/Capgemini_Solutions_Digital-continuity-with-Obbligato-PLM.jpg","type":"image\/jpeg"}],"twitter_card":"summary_large_image","twitter_misc":{"Est. reading time":"1 minute"},"schema":{"@context":"https:\/\/schema.org","@graph":[{"@type":"WebPage","@id":"https:\/\/www.capgemini.com\/de-de\/solutions\/digital-continuity-with-obbligato-plm\/","url":"https:\/\/www.capgemini.com\/de-de\/solutions\/digital-continuity-with-obbligato-plm\/","name":"Digital Continuity mit Obbligato PLM - Capgemini","isPartOf":{"@id":"https:\/\/www.capgemini.com\/de-de\/#website"},"primaryImageOfPage":{"@id":"https:\/\/www.capgemini.com\/de-de\/solutions\/digital-continuity-with-obbligato-plm\/#primaryimage"},"image":{"@id":"https:\/\/www.capgemini.com\/de-de\/solutions\/digital-continuity-with-obbligato-plm\/#primaryimage"},"thumbnailUrl":"https:\/\/www.capgemini.com\/de-de\/wp-content\/uploads\/sites\/8\/2022\/07\/Capgemini_Solutions_Digital-continuity-with-Obbligato-PLM.jpg","datePublished":"2023-01-23T14:57:37+00:00","dateModified":"2025-03-05T04:27:48+00:00","breadcrumb":{"@id":"https:\/\/www.capgemini.com\/de-de\/solutions\/digital-continuity-with-obbligato-plm\/#breadcrumb"},"inLanguage":"de-DE","potentialAction":[{"@type":"ReadAction","target":["https:\/\/www.capgemini.com\/de-de\/solutions\/digital-continuity-with-obbligato-plm\/"]}]},{"@type":"ImageObject","inLanguage":"de-DE","@id":"https:\/\/www.capgemini.com\/de-de\/solutions\/digital-continuity-with-obbligato-plm\/#primaryimage","url":"https:\/\/www.capgemini.com\/de-de\/wp-content\/uploads\/sites\/8\/2022\/07\/Capgemini_Solutions_Digital-continuity-with-Obbligato-PLM.jpg","contentUrl":"https:\/\/www.capgemini.com\/de-de\/wp-content\/uploads\/sites\/8\/2022\/07\/Capgemini_Solutions_Digital-continuity-with-Obbligato-PLM.jpg","width":2880,"height":1800},{"@type":"BreadcrumbList","@id":"https:\/\/www.capgemini.com\/de-de\/solutions\/digital-continuity-with-obbligato-plm\/#breadcrumb","itemListElement":[{"@type":"ListItem","position":1,"name":"Solutions","item":"https:\/\/www.capgemini.com\/de-de\/solutions\/"},{"@type":"ListItem","position":2,"name":"Digital Continuity mit Obbligato PLM"}]},{"@type":"WebSite","@id":"https:\/\/www.capgemini.com\/de-de\/#website","url":"https:\/\/www.capgemini.com\/de-de\/","name":"Capgemini Deutschland","description":"Make it real","potentialAction":[{"@type":"SearchAction","target":{"@type":"EntryPoint","urlTemplate":"https:\/\/www.capgemini.com\/de-de\/?s={search_term_string}"},"query-input":"required name=search_term_string"}],"inLanguage":"de-DE"}]}},"brand_term":[{"id":141,"slug":"capgemini-engineering"}],"parsely":{"version":"1.1.0","canonical_url":"https:\/\/capgemini.com\/de-de\/solutions\/digital-continuity-with-obbligato-plm\/","smart_links":{"inbound":0,"outbound":0},"traffic_boost_suggestions_count":0,"meta":{"@context":"https:\/\/schema.org","@type":"WebPage","headline":"Digital Continuity mit Obbligato PLM","url":"http:\/\/www.capgemini.com\/de-de\/solutions\/digital-continuity-with-obbligato-plm\/","mainEntityOfPage":{"@type":"WebPage","@id":"http:\/\/www.capgemini.com\/de-de\/solutions\/digital-continuity-with-obbligato-plm\/"},"thumbnailUrl":"https:\/\/www.capgemini.com\/de-de\/wp-content\/uploads\/sites\/8\/2022\/07\/Capgemini_Solutions_Digital-continuity-with-Obbligato-PLM.jpg?w=150&h=150&crop=1","image":{"@type":"ImageObject","url":"https:\/\/www.capgemini.com\/de-de\/wp-content\/uploads\/sites\/8\/2022\/07\/Capgemini_Solutions_Digital-continuity-with-Obbligato-PLM.jpg"},"articleSection":"Uncategorized","author":[],"creator":[],"publisher":{"@type":"Organization","name":"Capgemini","logo":""},"keywords":[],"dateCreated":"2023-01-23T14:57:37Z","datePublished":"2023-01-23T14:57:37Z","dateModified":"2025-03-05T04:27:48Z"},"rendered":"<script type=\"application\/ld+json\" class=\"wp-parsely-metadata\">{\"@context\":\"https:\\\/\\\/schema.org\",\"@type\":\"WebPage\",\"headline\":\"Digital Continuity mit Obbligato PLM\",\"url\":\"http:\\\/\\\/www.capgemini.com\\\/de-de\\\/solutions\\\/digital-continuity-with-obbligato-plm\\\/\",\"mainEntityOfPage\":{\"@type\":\"WebPage\",\"@id\":\"http:\\\/\\\/www.capgemini.com\\\/de-de\\\/solutions\\\/digital-continuity-with-obbligato-plm\\\/\"},\"thumbnailUrl\":\"https:\\\/\\\/www.capgemini.com\\\/de-de\\\/wp-content\\\/uploads\\\/sites\\\/8\\\/2022\\\/07\\\/Capgemini_Solutions_Digital-continuity-with-Obbligato-PLM.jpg?w=150&h=150&crop=1\",\"image\":{\"@type\":\"ImageObject\",\"url\":\"https:\\\/\\\/www.capgemini.com\\\/de-de\\\/wp-content\\\/uploads\\\/sites\\\/8\\\/2022\\\/07\\\/Capgemini_Solutions_Digital-continuity-with-Obbligato-PLM.jpg\"},\"articleSection\":\"Uncategorized\",\"author\":[],\"creator\":[],\"publisher\":{\"@type\":\"Organization\",\"name\":\"Capgemini\",\"logo\":\"\"},\"keywords\":[],\"dateCreated\":\"2023-01-23T14:57:37Z\",\"datePublished\":\"2023-01-23T14:57:37Z\",\"dateModified\":\"2025-03-05T04:27:48Z\"}<\/script>","tracker_url":"https:\/\/cdn.parsely.com\/keys\/capgemini.com\/p.js"},"archive_status":false,"featured_image_src":"https:\/\/www.capgemini.com\/de-de\/wp-content\/uploads\/sites\/8\/2022\/07\/Capgemini_Solutions_Digital-continuity-with-Obbligato-PLM.jpg","featured_image_alt":"","jetpack_sharing_enabled":true,"distributor_meta":false,"distributor_terms":false,"distributor_media":false,"distributor_original_site_name":"Capgemini","distributor_original_site_url":"https:\/\/www.capgemini.com\/de-de","push-errors":false,"_links":{"self":[{"href":"https:\/\/www.capgemini.com\/de-de\/wp-json\/wp\/v2\/pages\/744299","targetHints":{"allow":["GET"]}}],"collection":[{"href":"https:\/\/www.capgemini.com\/de-de\/wp-json\/wp\/v2\/pages"}],"about":[{"href":"https:\/\/www.capgemini.com\/de-de\/wp-json\/wp\/v2\/types\/page"}],"author":[{"embeddable":true,"href":"https:\/\/www.capgemini.com\/de-de\/wp-json\/wp\/v2\/users\/25"}],"replies":[{"embeddable":true,"href":"https:\/\/www.capgemini.com\/de-de\/wp-json\/wp\/v2\/comments?post=744299"}],"version-history":[{"count":11,"href":"https:\/\/www.capgemini.com\/de-de\/wp-json\/wp\/v2\/pages\/744299\/revisions"}],"predecessor-version":[{"id":875521,"href":"https:\/\/www.capgemini.com\/de-de\/wp-json\/wp\/v2\/pages\/744299\/revisions\/875521"}],"up":[{"embeddable":true,"href":"https:\/\/www.capgemini.com\/de-de\/wp-json\/wp\/v2\/pages\/743171"}],"wp:featuredmedia":[{"embeddable":true,"href":"https:\/\/www.capgemini.com\/de-de\/wp-json\/wp\/v2\/media\/758549"}],"wp:attachment":[{"href":"https:\/\/www.capgemini.com\/de-de\/wp-json\/wp\/v2\/media?parent=744299"}],"wp:term":[{"taxonomy":"brand","embeddable":true,"href":"https:\/\/www.capgemini.com\/de-de\/wp-json\/wp\/v2\/brand?post=744299"},{"taxonomy":"partner_type","embeddable":true,"href":"https:\/\/www.capgemini.com\/de-de\/wp-json\/wp\/v2\/partner_type?post=744299"},{"taxonomy":"service","embeddable":true,"href":"https:\/\/www.capgemini.com\/de-de\/wp-json\/wp\/v2\/service?post=744299"},{"taxonomy":"industry","embeddable":true,"href":"https:\/\/www.capgemini.com\/de-de\/wp-json\/wp\/v2\/industry?post=744299"},{"taxonomy":"partners","embeddable":true,"href":"https:\/\/www.capgemini.com\/de-de\/wp-json\/wp\/v2\/partners?post=744299"},{"taxonomy":"page-type","embeddable":true,"href":"https:\/\/www.capgemini.com\/de-de\/wp-json\/wp\/v2\/page-type?post=744299"},{"taxonomy":"content-group","embeddable":true,"href":"https:\/\/www.capgemini.com\/de-de\/wp-json\/wp\/v2\/content-group?post=744299"}],"curies":[{"name":"wp","href":"https:\/\/api.w.org\/{rel}","templated":true}]}}