{"id":744258,"date":"2021-03-25T13:05:27","date_gmt":"2021-03-25T13:05:27","guid":{"rendered":"https:\/\/www.capgemini.com\/?page_id=514991"},"modified":"2024-03-19T07:41:23","modified_gmt":"2024-03-19T07:41:23","slug":"security-vulnerability-notification","status":"publish","type":"page","link":"https:\/\/www.capgemini.com\/de-de\/meldung-von-sicherheitsluecken\/","title":{"rendered":"Meldung von Sicherheitsl\u00fccken"},"content":{"rendered":"\n<div class=\"wp-block-cg-blocks-hero-picture-card undefined  heroPictureCard\"><div class=\"heroPictureCardBgs\"><picture><source srcset=\"https:\/\/www.capgemini.com\/wp-content\/uploads\/2021\/09\/Capgemini_Cybersecurity-Communities.jpg?w=2880&amp;quality=70 1x, https:\/\/www.capgemini.com\/wp-content\/uploads\/2021\/09\/Capgemini_Cybersecurity-Communities.jpg?w=2880&amp;quality=70 2x\" media=\"(min-width: 1500px)\"\/><source srcset=\"https:\/\/www.capgemini.com\/wp-content\/uploads\/2021\/09\/Capgemini_Cybersecurity-Communities.jpg?w=1440&amp;quality=70 1x, https:\/\/www.capgemini.com\/wp-content\/uploads\/2021\/09\/Capgemini_Cybersecurity-Communities.jpg?w=2880&amp;quality=70 2x\" media=\"(min-width: 992px)\"\/><source srcset=\"https:\/\/www.capgemini.com\/wp-content\/uploads\/2021\/09\/Capgemini_Cybersecurity-Communities.jpg?w=1024&amp;quality=70 1x, https:\/\/www.capgemini.com\/wp-content\/uploads\/2021\/09\/Capgemini_Cybersecurity-Communities.jpg?w=1024&amp;quality=70 2x\" media=\"(min-width: 768px)\"\/><source srcset=\"https:\/\/www.capgemini.com\/wp-content\/uploads\/2021\/09\/Capgemini_Cybersecurity-Communities.jpg?w=768&amp;quality=70 1x, https:\/\/www.capgemini.com\/wp-content\/uploads\/2021\/09\/Capgemini_Cybersecurity-Communities.jpg?w=768&amp;quality=70 2x\" media=\"(min-width: 0)\"\/><img decoding=\"async\" src=\"https:\/\/www.capgemini.com\/wp-content\/uploads\/2021\/09\/Capgemini_Cybersecurity-Communities.jpg\" class=\"desktopImage\" alt=\"\" style=\"object-fit:cover;object-position:67% 13%\" loading=\"eager\"\/><\/picture><picture><source srcset=\"https:\/\/www.capgemini.com\/wp-content\/uploads\/2021\/09\/Capgemini_Cybersecurity-Communities.jpg?w=2880&amp;quality=70 1x, https:\/\/www.capgemini.com\/wp-content\/uploads\/2021\/09\/Capgemini_Cybersecurity-Communities.jpg?w=2880&amp;quality=70 2x\" media=\"(min-width: 1500px)\"\/><source srcset=\"https:\/\/www.capgemini.com\/wp-content\/uploads\/2021\/09\/Capgemini_Cybersecurity-Communities.jpg?w=1440&amp;quality=70 1x, https:\/\/www.capgemini.com\/wp-content\/uploads\/2021\/09\/Capgemini_Cybersecurity-Communities.jpg?w=2880&amp;quality=70 2x\" media=\"(min-width: 992px)\"\/><source srcset=\"https:\/\/www.capgemini.com\/wp-content\/uploads\/2021\/09\/Capgemini_Cybersecurity-Communities.jpg?w=1024&amp;quality=70 1x, https:\/\/www.capgemini.com\/wp-content\/uploads\/2021\/09\/Capgemini_Cybersecurity-Communities.jpg?w=1024&amp;quality=70 2x\" media=\"(min-width: 768px)\"\/><source srcset=\"https:\/\/www.capgemini.com\/wp-content\/uploads\/2021\/09\/Capgemini_Cybersecurity-Communities.jpg?w=768&amp;quality=70 1x, https:\/\/www.capgemini.com\/wp-content\/uploads\/2021\/09\/Capgemini_Cybersecurity-Communities.jpg?w=768&amp;quality=70 2x\" media=\"(min-width: 0)\"\/><img decoding=\"async\" src=\"https:\/\/www.capgemini.com\/wp-content\/uploads\/2021\/09\/Capgemini_Cybersecurity-Communities.jpg\" class=\"mobileImage\" alt=\"\" style=\"object-fit:cover;object-position:67% 13%\" loading=\"eager\"\/><\/picture><\/div><div class=\"heroPictureCardHeaderShape\"><\/div><div class=\"container\"><div class=\"row\"><div class=\"col-md-8 col-lg-6\"><div class=\"heroPictureCardBox\"><div class=\"heroPictureCardBoxTitle\"><h1 data-maxlength=\"144\">Meldung Von Sicherheitsl\u00fccken<\/h1><\/div><\/div><\/div><\/div><\/div><div class=\"small-device\"><div class=\"brandLogoWrapper\"> <\/div><\/div><\/div>\n\n\n\n<section class=\"wp-block-cg-blocks-group undefined section section--article-content\" id=\"quoteWrapper\"><div class=\"article-main-content\"><div class=\"container\"><div class=\"row\"><div class=\"col-12 col-md-11 col-lg-10 offset-md-1 offset-lg-1\"><div class=\"article-text article-quote-text\">\n<h2 class=\"wp-block-heading\">Erkl\u00e4rung<\/h2>\n\n\n\n<p>Cybersicherheit ist ein entscheidender Aspekt von Capgemini als Unternehmen. Wir verpflichten uns, alle unsere Nutzer und Kunden \u00fcberall zu sch\u00fctzen.<\/p>\n\n\n\n<p>Capgemini unterst\u00fctzt einen transparenten Ansatz f\u00fcr das Sicherheitsmanagement in Zusammenarbeit mit einer gr\u00f6\u00dferen Sicherheitscommunity.<\/p>\n\n\n\n<p>Capgemini verf\u00fcgt \u00fcber ein spezielles Team, das die Cybersicherheit seiner Systeme, Dienstleistungen und Produkte genau \u00fcberwacht. &nbsp;Parallel dazu leitet unser Group Cybersecurity Team den externen Sicherheitsl\u00fcckenmanagementprozess der Gruppe, der den Empfang, die Bewertung (Untersuchung) und die Koordinierung der Beantwortung verwaltet.<\/p>\n\n\n\n<h3 class=\"wp-block-heading\" id=\"h-verfahren-zur-meldung-von-sicherheitslucken\">Verfahren zur Meldung von Sicherheitsl\u00fccken<\/h3>\n\n\n\n<p><strong>Wie Sie Capgemini \u00fcber ein Sicherheitsproblem informieren<\/strong><\/p>\n\n\n\n<p>Wenn Sie eine Sicherheitsl\u00fccke in unserem System, unseren Diensten oder unserem Produkt entdecken, benachrichtigen Sie uns bitte so schnell wie m\u00f6glich, indem Sie eine E-Mail an folgende Adresse senden: vulnerabilitynotification.global@capgemini.com <\/p>\n\n\n\n<p>Bitte geben Sie mindestens die folgenden Informationen an:<\/p>\n\n\n\n<ul class=\"wp-block-list\">\n<li>Ihre bevorzugten Kontaktdaten (einschlie\u00dflich der Telefonnummer Ihres Ansprechpartners)<\/li>\n\n\n\n<li>Detaillierte Beschreibung der Sicherheitsl\u00fccke<\/li>\n\n\n\n<li>Zeitpunkt und Methode der Entdeckung<\/li>\n\n\n\n<li>Spezifikation des Systems, der Dienste oder des Produkts, in dem die Sicherheitsl\u00fccke entdeckt wurde<\/li>\n\n\n\n<li>Alle anderen zugeh\u00f6rigen Informationen (Codebeispiele, Protokolle, Screenshots usw.)<\/li>\n<\/ul>\n\n\n\n<p><strong>Aufl\u00f6sungsprozess<\/strong><\/p>\n\n\n\n<p>Wir werden alle Meldeprobleme untersuchen und alle erforderlichen Aktionen und Ma\u00dfnahmen ergreifen, um das betreffende Problem zu beheben.<\/p>\n\n\n\n<h4 class=\"wp-block-heading\" id=\"h-unternehmungen\">Unternehmungen<\/h4>\n\n\n\n<p>Mit der Anmeldung einer Sicherheitsl\u00fccke erkl\u00e4ren Sie sich damit einverstanden:<\/p>\n\n\n\n<ul class=\"wp-block-list\">\n<li>die Sicherheitsl\u00fccke nicht an andere weiterzugeben oder zu ver\u00f6ffentlichen, bevor sie behoben ist und bevor ein gemeinsam vereinbarter Zeitrahmen abgelaufen ist;<\/li>\n\n\n\n<li>die Sicherheitsl\u00fccke nicht zu Ihrem Vorteil zu gebraucen, um Aufzeichnungen oder Daten zu \u00e4ndern, herunterzuladen oder zu l\u00f6schen oder um irgendeine Art von Angriff auf der Grundlage der Sicherheitsl\u00fccke zu starten;<\/li>\n\n\n\n<li>die f\u00fcr Ihren Standort geltenden Gesetze und Vorschriften einzuhalten;<\/li>\n\n\n\n<li>die geltenden Datenschutzgesetze einhalten, insbesondere keine personenbezogenen Daten Dritter ohne g\u00fcltigen Rechtsgrund weitergeben;<\/li>\n\n\n\n<li>dass die in der von Ihnen eingereichten Meldung enthaltenen Elemente nicht die Rechte am geistigen Eigentum Dritter verletzen (d. h., dass Sie z. B. keine im Internet verf\u00fcgbaren Elemente kopiert haben).<\/li>\n<\/ul>\n\n\n\n<p>Mit der \u00dcbermittlung einer Sicherheitsl\u00fcckenmeldung an Capgemini erkl\u00e4ren Sie sich damit einverstanden, Capgemini ein unwiderrufliches, weltweites Recht zur unentgeltlichen Nutzung f\u00fcr einen Zeitraum von f\u00fcnfzig Jahren einzur\u00e4umen.<\/p>\n\n\n\n<p><strong>Verarbeitung Ihrer personenbezogenen Daten<\/strong><\/p>\n\n\n\n<p>Mit der \u00dcbermittlung Ihrer Meldung erkl\u00e4ren Sie sich damit einverstanden, dass Capgemini Ihre personenbezogenen Daten verarbeiten darf. Diese Verarbeitung erfolgt in \u00dcbereinstimmung mit den geltenden Datenschutzgesetzen und in jedem Fall werden Ihre personenbezogenen Daten nur verarbeitet, um Ihre Meldung zu bearbeiten. Capgemini verpflichtet sich, Ihre personenbezogenen Daten nicht f\u00fcr andere Zwecke zu verarbeiten.<\/p>\n\n\n\n<p><strong>Mit wem teilen wir Ihre pers\u00f6nlichen Daten?<\/strong><\/p>\n\n\n\n<p>Ihre personenbezogenen Daten werden nur in dem unbedingt notwendigen Umfang an Dritte weitergegeben. Vertrauen Sie solchen Dritten, stellen Sie sicher, dass Capgemini vertragliche Vereinbarungen getroffen hat, die gew\u00e4hrleisten, dass Ihre personenbezogenen Daten sicher und streng nach den Anweisungen von Capgemini verarbeitet werden.<\/p>\n\n\n\n<p>Dar\u00fcber hinaus k\u00f6nnen sich die mit Capgemini verbundenen Unternehmen oder der betreffende Dritte au\u00dferhalb des Europ\u00e4ischen Wirtschaftsraums (&#8220;EWR&#8221;) befinden, was eine \u00dcbermittlung Ihrer personenbezogenen Daten zur Folge hat.<\/p>\n\n\n\n<p>\u2192 Findet eine solche \u00dcbertragung zwischen Einheiten von Capgemini statt, so unterliegt sie den Binding Corporate Rules (&#8220;BCR&#8221;) von Capgemini. F\u00fcr weitere Informationen zu den BCR von Capgemini klicken Sie bitte auf den folgenden Link: https:\/\/www.capgemini.com\/wp-content\/uploads\/2017\/06\/Capgemini-Binding-Corporate-Rules.pdf. <\/p>\n\n\n\n<p>\u2192 Findet eine solche \u00dcbermittlung zwischen Capgemini und dem externen Dritten statt, haben Capgemini und der Dritte von der Europ\u00e4ischen Kommission genehmigte EU-Musterklauseln vereinbart, um die Sicherheit der personenbezogenen Daten zu gew\u00e4hrleisten.<\/p>\n\n\n\n<p><strong>Wie lange speichert Capgemini Ihre personenbezogenen Daten?<\/strong><\/p>\n\n\n\n<p>Capgemini bewahrt Ihre personenbezogenen Daten nur so lange auf, wie es f\u00fcr den Zweck bzw. die Zwecke, f\u00fcr die sie erhoben wurden, erforderlich ist.<\/p>\n\n\n\n<p>Capgemini bewahrt Ihre personenbezogenen Daten f\u00fcr drei (3) Jahre ab dem Datum der Erhebung auf.<\/p>\n\n\n\n<p><strong>Welche Rechte haben Sie und wie k\u00f6nnen Sie sie wahrnehmen?<\/strong><\/p>\n\n\n\n<p>Sie k\u00f6nnen Zugang zu Ihren personenbezogenen Daten sowie deren Berichtigung oder L\u00f6schung beantragen. Sie k\u00f6nnen auch Widerspruch gegen die Verarbeitung Ihrer personenbezogenen Daten einlegen oder eine Einschr\u00e4nkung der Verarbeitung verlangen. Dar\u00fcber hinaus k\u00f6nnen Sie die \u00dcbermittlung Ihrer personenbezogenen Daten in einem strukturierten, allgemein gebr\u00e4uchlichen und maschinenlesbaren Format verlangen.<\/p>\n\n\n\n<p>Wenn Sie diese Rechte geltend machen m\u00f6chten, wenden Sie sich bitte an unser Global Data Protection Office, indem Sie eine E-Mail an die folgende Adresse senden: dpocapgemini.global@capgemini.com. Gegebenenfalls werden wir Ihre Anfrage und\/oder Beschwerde an den zust\u00e4ndigen lokalen Datenschutzbeauftragten weiterleiten.<\/p>\n\n\n\n<p>Bitte beachten Sie, dass Sie auch das Recht haben, eine Beschwerde bei einer Datenschutzbeh\u00f6rde oder dem zust\u00e4ndigen Gericht einzureichen.<\/p>\n<\/div><\/div><\/div><\/div><\/div><\/section>\n\n\n\n<p><\/p>\n","protected":false},"excerpt":{"rendered":"","protected":false},"author":5,"featured_media":0,"parent":0,"menu_order":0,"comment_status":"closed","ping_status":"closed","template":"","meta":{"cg_dt_proposed_to":[],"cg_seo_hreflang_relations":"","cg_seo_canonical_relation":"{\"uuid\":\"15e2c78e-ddb7-42c6-a65c-22df1313cbd3\",\"blogId\":\"\",\"domain\":\"\",\"sitePath\":\"\",\"postLink\":\"\",\"postId\":null,\"isSaved\":true,\"isCrossLink\":false,\"hasCrossLink\":false}","cg_seo_hreflang_x_default_relation":"{\"uuid\":\"6fe70e40-ba73-42e7-a70a-a601d30449dd\",\"blogId\":\"\",\"domain\":\"\",\"sitePath\":\"\",\"postLink\":\"\",\"postId\":null,\"isSaved\":true,\"isCrossLink\":false,\"hasCrossLink\":false}","cg_dt_approved_content":true,"cg_dt_mandatory_content":false,"cg_dt_notes":"","cg_dg_source_changed":true,"cg_dt_link_disabled":false,"_yoast_wpseo_primary_brand":"","footnotes":"","featured_focal_points":"","partner_card_description":"","gsap_animation":0},"brand":[],"partner_type":[],"service":[],"industry":[],"partners":[],"page-type":[],"content-group":[],"class_list":["post-744258","page","type-page","status-publish","hentry"],"yoast_head":"<!-- This site is optimized with the Yoast SEO Premium plugin v22.8 (Yoast SEO v22.8) - https:\/\/yoast.com\/wordpress\/plugins\/seo\/ -->\n<title>Meldung von Sicherheitsl\u00fccken | Capgemini<\/title>\n<meta name=\"description\" content=\"Cybersicherheit ist ein entscheidender Aspekt von Capgemini als Unternehmen. Wir verpflichten uns, alle unsere Nutzer und Kunden \u00fcberall zu sch\u00fctzen.\" \/>\n<meta name=\"robots\" content=\"index, follow, max-snippet:-1, max-image-preview:large, max-video-preview:-1\" \/>\n<link rel=\"canonical\" href=\"https:\/\/www.capgemini.com\/de-de\/meldung-von-sicherheitsluecken\/\" \/>\n<meta property=\"og:locale\" content=\"de_DE\" \/>\n<meta property=\"og:type\" content=\"article\" \/>\n<meta property=\"og:title\" content=\"Meldung von Sicherheitsl\u00fccken | Capgemini\" \/>\n<meta property=\"og:description\" content=\"Cybersicherheit ist ein entscheidender Aspekt von Capgemini als Unternehmen. Wir verpflichten uns, alle unsere Nutzer und Kunden \u00fcberall zu sch\u00fctzen.\" \/>\n<meta property=\"og:url\" content=\"https:\/\/www.capgemini.com\/de-de\/meldung-von-sicherheitsluecken\/\" \/>\n<meta property=\"og:site_name\" content=\"Capgemini\" \/>\n<meta property=\"article:modified_time\" content=\"2024-03-19T07:41:23+00:00\" \/>\n<meta property=\"og:image\" content=\"https:\/\/www.capgemini.com\/wp-content\/uploads\/2021\/09\/Capgemini_Cybersecurity-Communities.jpg\" \/>\n<meta name=\"twitter:card\" content=\"summary_large_image\" \/>\n<script type=\"application\/ld+json\" class=\"yoast-schema-graph\">{\"@context\":\"https:\/\/schema.org\",\"@graph\":[{\"@type\":\"WebPage\",\"@id\":\"https:\/\/www.capgemini.com\/de-de\/meldung-von-sicherheitsluecken\/\",\"url\":\"https:\/\/www.capgemini.com\/de-de\/meldung-von-sicherheitsluecken\/\",\"name\":\"Meldung von Sicherheitsl\u00fccken | Capgemini\",\"isPartOf\":{\"@id\":\"https:\/\/www.capgemini.com\/de-de\/#website\"},\"primaryImageOfPage\":{\"@id\":\"https:\/\/www.capgemini.com\/de-de\/meldung-von-sicherheitsluecken\/#primaryimage\"},\"image\":{\"@id\":\"https:\/\/www.capgemini.com\/de-de\/meldung-von-sicherheitsluecken\/#primaryimage\"},\"thumbnailUrl\":\"https:\/\/www.capgemini.com\/wp-content\/uploads\/2021\/09\/Capgemini_Cybersecurity-Communities.jpg\",\"datePublished\":\"2021-03-25T13:05:27+00:00\",\"dateModified\":\"2024-03-19T07:41:23+00:00\",\"description\":\"Cybersicherheit ist ein entscheidender Aspekt von Capgemini als Unternehmen. Wir verpflichten uns, alle unsere Nutzer und Kunden \u00fcberall zu sch\u00fctzen.\",\"inLanguage\":\"de-DE\",\"potentialAction\":[{\"@type\":\"ReadAction\",\"target\":[\"https:\/\/www.capgemini.com\/de-de\/meldung-von-sicherheitsluecken\/\"]}]},{\"@type\":\"ImageObject\",\"inLanguage\":\"de-DE\",\"@id\":\"https:\/\/www.capgemini.com\/de-de\/meldung-von-sicherheitsluecken\/#primaryimage\",\"url\":\"https:\/\/www.capgemini.com\/wp-content\/uploads\/2021\/09\/Capgemini_Cybersecurity-Communities.jpg\",\"contentUrl\":\"https:\/\/www.capgemini.com\/wp-content\/uploads\/2021\/09\/Capgemini_Cybersecurity-Communities.jpg\"},{\"@type\":\"WebSite\",\"@id\":\"https:\/\/www.capgemini.com\/de-de\/#website\",\"url\":\"https:\/\/www.capgemini.com\/de-de\/\",\"name\":\"Capgemini Deutschland\",\"description\":\"Make it real\",\"potentialAction\":[{\"@type\":\"SearchAction\",\"target\":{\"@type\":\"EntryPoint\",\"urlTemplate\":\"https:\/\/www.capgemini.com\/de-de\/?s={search_term_string}\"},\"query-input\":\"required name=search_term_string\"}],\"inLanguage\":\"de-DE\"}]}<\/script>\n<!-- \/ Yoast SEO Premium plugin. -->","yoast_head_json":{"title":"Meldung von Sicherheitsl\u00fccken | Capgemini","description":"Cybersicherheit ist ein entscheidender Aspekt von Capgemini als Unternehmen. Wir verpflichten uns, alle unsere Nutzer und Kunden \u00fcberall zu sch\u00fctzen.","robots":{"index":"index","follow":"follow","max-snippet":"max-snippet:-1","max-image-preview":"max-image-preview:large","max-video-preview":"max-video-preview:-1"},"canonical":"https:\/\/www.capgemini.com\/de-de\/meldung-von-sicherheitsluecken\/","og_locale":"de_DE","og_type":"article","og_title":"Meldung von Sicherheitsl\u00fccken | Capgemini","og_description":"Cybersicherheit ist ein entscheidender Aspekt von Capgemini als Unternehmen. Wir verpflichten uns, alle unsere Nutzer und Kunden \u00fcberall zu sch\u00fctzen.","og_url":"https:\/\/www.capgemini.com\/de-de\/meldung-von-sicherheitsluecken\/","og_site_name":"Capgemini","article_modified_time":"2024-03-19T07:41:23+00:00","og_image":[{"url":"https:\/\/www.capgemini.com\/wp-content\/uploads\/2021\/09\/Capgemini_Cybersecurity-Communities.jpg"}],"twitter_card":"summary_large_image","schema":{"@context":"https:\/\/schema.org","@graph":[{"@type":"WebPage","@id":"https:\/\/www.capgemini.com\/de-de\/meldung-von-sicherheitsluecken\/","url":"https:\/\/www.capgemini.com\/de-de\/meldung-von-sicherheitsluecken\/","name":"Meldung von Sicherheitsl\u00fccken | Capgemini","isPartOf":{"@id":"https:\/\/www.capgemini.com\/de-de\/#website"},"primaryImageOfPage":{"@id":"https:\/\/www.capgemini.com\/de-de\/meldung-von-sicherheitsluecken\/#primaryimage"},"image":{"@id":"https:\/\/www.capgemini.com\/de-de\/meldung-von-sicherheitsluecken\/#primaryimage"},"thumbnailUrl":"https:\/\/www.capgemini.com\/wp-content\/uploads\/2021\/09\/Capgemini_Cybersecurity-Communities.jpg","datePublished":"2021-03-25T13:05:27+00:00","dateModified":"2024-03-19T07:41:23+00:00","description":"Cybersicherheit ist ein entscheidender Aspekt von Capgemini als Unternehmen. Wir verpflichten uns, alle unsere Nutzer und Kunden \u00fcberall zu sch\u00fctzen.","inLanguage":"de-DE","potentialAction":[{"@type":"ReadAction","target":["https:\/\/www.capgemini.com\/de-de\/meldung-von-sicherheitsluecken\/"]}]},{"@type":"ImageObject","inLanguage":"de-DE","@id":"https:\/\/www.capgemini.com\/de-de\/meldung-von-sicherheitsluecken\/#primaryimage","url":"https:\/\/www.capgemini.com\/wp-content\/uploads\/2021\/09\/Capgemini_Cybersecurity-Communities.jpg","contentUrl":"https:\/\/www.capgemini.com\/wp-content\/uploads\/2021\/09\/Capgemini_Cybersecurity-Communities.jpg"},{"@type":"WebSite","@id":"https:\/\/www.capgemini.com\/de-de\/#website","url":"https:\/\/www.capgemini.com\/de-de\/","name":"Capgemini Deutschland","description":"Make it real","potentialAction":[{"@type":"SearchAction","target":{"@type":"EntryPoint","urlTemplate":"https:\/\/www.capgemini.com\/de-de\/?s={search_term_string}"},"query-input":"required name=search_term_string"}],"inLanguage":"de-DE"}]}},"brand_term":[],"parsely":{"version":"1.1.0","canonical_url":"https:\/\/capgemini.com\/de-de\/meldung-von-sicherheitsluecken\/","smart_links":{"inbound":0,"outbound":0},"traffic_boost_suggestions_count":0,"meta":{"@context":"https:\/\/schema.org","@type":"WebPage","headline":"Meldung von Sicherheitsl\u00fccken","url":"http:\/\/www.capgemini.com\/de-de\/meldung-von-sicherheitsluecken\/","mainEntityOfPage":{"@type":"WebPage","@id":"http:\/\/www.capgemini.com\/de-de\/meldung-von-sicherheitsluecken\/"},"thumbnailUrl":"","image":{"@type":"ImageObject","url":""},"articleSection":"Uncategorized","author":[],"creator":[],"publisher":{"@type":"Organization","name":"Capgemini","logo":""},"keywords":[],"dateCreated":"2021-03-25T13:05:27Z","datePublished":"2021-03-25T13:05:27Z","dateModified":"2024-03-19T07:41:23Z"},"rendered":"<script type=\"application\/ld+json\" class=\"wp-parsely-metadata\">{\"@context\":\"https:\\\/\\\/schema.org\",\"@type\":\"WebPage\",\"headline\":\"Meldung von Sicherheitsl\\u00fccken\",\"url\":\"http:\\\/\\\/www.capgemini.com\\\/de-de\\\/meldung-von-sicherheitsluecken\\\/\",\"mainEntityOfPage\":{\"@type\":\"WebPage\",\"@id\":\"http:\\\/\\\/www.capgemini.com\\\/de-de\\\/meldung-von-sicherheitsluecken\\\/\"},\"thumbnailUrl\":\"\",\"image\":{\"@type\":\"ImageObject\",\"url\":\"\"},\"articleSection\":\"Uncategorized\",\"author\":[],\"creator\":[],\"publisher\":{\"@type\":\"Organization\",\"name\":\"Capgemini\",\"logo\":\"\"},\"keywords\":[],\"dateCreated\":\"2021-03-25T13:05:27Z\",\"datePublished\":\"2021-03-25T13:05:27Z\",\"dateModified\":\"2024-03-19T07:41:23Z\"}<\/script>","tracker_url":"https:\/\/cdn.parsely.com\/keys\/capgemini.com\/p.js"},"archive_status":false,"featured_image_src":"https:\/\/www.capgemini.com\/de-de\/wp-content\/themes\/capgemini2025\/assets\/images\/mockup.png","featured_image_alt":false,"jetpack_sharing_enabled":true,"distributor_meta":false,"distributor_terms":false,"distributor_media":false,"distributor_original_site_name":"Capgemini","distributor_original_site_url":"https:\/\/www.capgemini.com\/de-de","push-errors":false,"_links":{"self":[{"href":"https:\/\/www.capgemini.com\/de-de\/wp-json\/wp\/v2\/pages\/744258","targetHints":{"allow":["GET"]}}],"collection":[{"href":"https:\/\/www.capgemini.com\/de-de\/wp-json\/wp\/v2\/pages"}],"about":[{"href":"https:\/\/www.capgemini.com\/de-de\/wp-json\/wp\/v2\/types\/page"}],"author":[{"embeddable":true,"href":"https:\/\/www.capgemini.com\/de-de\/wp-json\/wp\/v2\/users\/5"}],"replies":[{"embeddable":true,"href":"https:\/\/www.capgemini.com\/de-de\/wp-json\/wp\/v2\/comments?post=744258"}],"version-history":[{"count":11,"href":"https:\/\/www.capgemini.com\/de-de\/wp-json\/wp\/v2\/pages\/744258\/revisions"}],"predecessor-version":[{"id":855922,"href":"https:\/\/www.capgemini.com\/de-de\/wp-json\/wp\/v2\/pages\/744258\/revisions\/855922"}],"wp:attachment":[{"href":"https:\/\/www.capgemini.com\/de-de\/wp-json\/wp\/v2\/media?parent=744258"}],"wp:term":[{"taxonomy":"brand","embeddable":true,"href":"https:\/\/www.capgemini.com\/de-de\/wp-json\/wp\/v2\/brand?post=744258"},{"taxonomy":"partner_type","embeddable":true,"href":"https:\/\/www.capgemini.com\/de-de\/wp-json\/wp\/v2\/partner_type?post=744258"},{"taxonomy":"service","embeddable":true,"href":"https:\/\/www.capgemini.com\/de-de\/wp-json\/wp\/v2\/service?post=744258"},{"taxonomy":"industry","embeddable":true,"href":"https:\/\/www.capgemini.com\/de-de\/wp-json\/wp\/v2\/industry?post=744258"},{"taxonomy":"partners","embeddable":true,"href":"https:\/\/www.capgemini.com\/de-de\/wp-json\/wp\/v2\/partners?post=744258"},{"taxonomy":"page-type","embeddable":true,"href":"https:\/\/www.capgemini.com\/de-de\/wp-json\/wp\/v2\/page-type?post=744258"},{"taxonomy":"content-group","embeddable":true,"href":"https:\/\/www.capgemini.com\/de-de\/wp-json\/wp\/v2\/content-group?post=744258"}],"curies":[{"name":"wp","href":"https:\/\/api.w.org\/{rel}","templated":true}]}}