{"id":743968,"date":"2026-01-01T07:44:00","date_gmt":"2026-01-01T07:44:00","guid":{"rendered":"https:\/\/www.capgemini.com\/?page_id=517491"},"modified":"2026-02-02T05:31:26","modified_gmt":"2026-02-02T05:31:26","slug":"consulting-services","status":"publish","type":"page","link":"https:\/\/www.capgemini.com\/de-de\/services\/","title":{"rendered":"Services"},"content":{"rendered":"\n<div class=\"wp-block-cg-blocks-hero-picture-card undefined  heroPictureCard\"><div class=\"heroPictureCardBgs\"><picture><source srcset=\"https:\/\/www.capgemini.com\/wp-content\/uploads\/2021\/09\/Capgemini_Services.jpg?w=2880&amp;quality=70 1x, https:\/\/www.capgemini.com\/wp-content\/uploads\/2021\/09\/Capgemini_Services.jpg?w=2880&amp;quality=70 2x\" media=\"(min-width: 1500px)\"\/><source srcset=\"https:\/\/www.capgemini.com\/wp-content\/uploads\/2021\/09\/Capgemini_Services.jpg?w=1440&amp;quality=70 1x, https:\/\/www.capgemini.com\/wp-content\/uploads\/2021\/09\/Capgemini_Services.jpg?w=2880&amp;quality=70 2x\" media=\"(min-width: 992px)\"\/><source srcset=\"https:\/\/www.capgemini.com\/wp-content\/uploads\/2021\/09\/Capgemini_Services.jpg?w=1024&amp;quality=70 1x, https:\/\/www.capgemini.com\/wp-content\/uploads\/2021\/09\/Capgemini_Services.jpg?w=1024&amp;quality=70 2x\" media=\"(min-width: 768px)\"\/><source srcset=\"https:\/\/www.capgemini.com\/wp-content\/uploads\/2021\/09\/Capgemini_Services.jpg?w=768&amp;quality=70 1x, https:\/\/www.capgemini.com\/wp-content\/uploads\/2021\/09\/Capgemini_Services.jpg?w=768&amp;quality=70 2x\" media=\"(min-width: 0)\"\/><img decoding=\"async\" src=\"https:\/\/www.capgemini.com\/wp-content\/uploads\/2021\/09\/Capgemini_Services.jpg\" class=\"desktopImage\" alt=\"\" style=\"object-fit:cover;object-position:35% 10%\" loading=\"eager\"\/><\/picture><picture><source srcset=\"https:\/\/www.capgemini.com\/wp-content\/uploads\/2021\/09\/Capgemini_Services.jpg?w=2880&amp;quality=70 1x, https:\/\/www.capgemini.com\/wp-content\/uploads\/2021\/09\/Capgemini_Services.jpg?w=2880&amp;quality=70 2x\" media=\"(min-width: 1500px)\"\/><source srcset=\"https:\/\/www.capgemini.com\/wp-content\/uploads\/2021\/09\/Capgemini_Services.jpg?w=1440&amp;quality=70 1x, https:\/\/www.capgemini.com\/wp-content\/uploads\/2021\/09\/Capgemini_Services.jpg?w=2880&amp;quality=70 2x\" media=\"(min-width: 992px)\"\/><source srcset=\"https:\/\/www.capgemini.com\/wp-content\/uploads\/2021\/09\/Capgemini_Services.jpg?w=1024&amp;quality=70 1x, https:\/\/www.capgemini.com\/wp-content\/uploads\/2021\/09\/Capgemini_Services.jpg?w=1024&amp;quality=70 2x\" media=\"(min-width: 768px)\"\/><source srcset=\"https:\/\/www.capgemini.com\/wp-content\/uploads\/2021\/09\/Capgemini_Services.jpg?w=768&amp;quality=70 1x, https:\/\/www.capgemini.com\/wp-content\/uploads\/2021\/09\/Capgemini_Services.jpg?w=768&amp;quality=70 2x\" media=\"(min-width: 0)\"\/><img decoding=\"async\" src=\"https:\/\/www.capgemini.com\/wp-content\/uploads\/2021\/09\/Capgemini_Services.jpg\" class=\"mobileImage\" alt=\"\" style=\"object-fit:cover;object-position:35% 10%\" loading=\"eager\"\/><\/picture><\/div><div class=\"heroPictureCardHeaderShape\"><\/div><div class=\"container\"><div class=\"row\"><div class=\"col-md-8 col-lg-6\"><div class=\"heroPictureCardBox\"><div class=\"heroPictureCardBoxTitle\"><h1 data-maxlength=\"144\">Services<\/h1><\/div><\/div><\/div><\/div><\/div><div class=\"small-device\"><div class=\"brandLogoWrapper\"> <\/div><\/div><\/div>\n\n\n\n<section class=\"wp-block-cg-blocks-intro-para undefined section section--intro\"><div class=\"intro-para\"><div class=\"container\"><div class=\"row\"><div class=\"col-12 col-md-1\"><nav class=\"article-social\"><ul class=\"social-nav\"><li class=\"ip-order-fb\"><a href=\"https:\/\/www.facebook.com\/sharer\/sharer.php?u=https:\/\/www.capgemini.com\/de-de\/services\/\" target=\"_blank\" rel=\"noopener noreferrer\" title=\"In neuem Fenster \u00f6ffnen\"><i aria-hidden=\"true\" class=\"icon-fb\"><\/i><span class=\"sr-only\">Facebook<\/span><\/a><\/li><li class=\"ip-order-li\"><a href=\"https:\/\/www.linkedin.com\/sharing\/share-offsite\/?url=https:\/\/www.capgemini.com\/de-de\/services\/\" target=\"_blank\" rel=\"noopener noreferrer\" title=\"In neuem Fenster \u00f6ffnen\"><i aria-hidden=\"true\" class=\"icon-li\"><\/i><span class=\"sr-only\">Linkedin<\/span><\/a><\/li><\/ul><\/nav><\/div><div class=\"col-12 col-md-11 col-lg-10\"><h2 class=\"intro-para-title\">Ein Portfolio, das sich mit den Anforderungen unserer Kunden kontinuierlich weiterentwickelt.<\/h2><p class=\"intro-para-content\">Unser Schwerpunkt liegt auf drei Themenfeldern, auf die es bei der Digitalisierung der wichtigsten Managementbereiche eines Unternehmens ankommt: Customer First, Intelligent Industry und Enterprise Management. Dabei st\u00fctzen wir uns auf zwei Technologies\u00e4ulen, die f\u00fcr alle Formen digitaler Transformation unerl\u00e4sslich sind\u00a0\u2013\u00a0Daten und Cloud\u00a0\u2013, ohne dabei die Grunds\u00e4tze von Cybersecurity und nachhaltiger Entwicklung aus den Augen zu verlieren.<\/p><\/div><\/div><\/div><\/div><\/section>\n\n\n\n<p><\/p>\n\n\n\n<section class=\"wp-block-cg-blocks-wrapper-card-related-capabilities undefined card-related-capability\"><div class=\"cardelatedBgShape\"><\/div><div class=\"container\"><div class=\"contentTitle\"><h2 data-maxlength=\"34\" class=\"capabilities-heading\">Unsere Services <\/h2><\/div><div class=\"row\">\n<div class=\"wp-block-cg-blocks-card-related-capabilities col-md-4 gridbox card-block\"><div class=\"box box--1 capblock\"><div class=\"box-img-wrapper\"><div class=\"img-ratio\"><img decoding=\"async\" src=\"https:\/\/www.capgemini.com\/wp-content\/uploads\/2021\/09\/Capgemini_Services_cloud.jpg?w=500&amp;quality=70\" srcset=\"https:\/\/www.capgemini.com\/wp-content\/uploads\/2021\/09\/Capgemini_Services_cloud.jpg?w=500&amp;quality=70 1x, https:\/\/www.capgemini.com\/wp-content\/uploads\/2021\/09\/Capgemini_Services_cloud.jpg?w=1000&amp;quality=70 2x\" class=\"box-img\" alt=\"\" style=\"object-fit:cover;object-position:50% 50%\" loading=\"lazy\"\/><\/div><\/div><div class=\"box-inner\"><a class=\"box-title\" aria-label=\"Cloud\" href=\"\/de-de\/services\/cloud-services\/\" target=\"\" rel=\"noopener noreferrer\" title=\"In neuem Fenster \u00f6ffnen\"><h3 class=\"card-subtitle\">Cloud<\/h3><\/a><\/div><\/div><\/div>\n\n\n\n<div class=\"wp-block-cg-blocks-card-related-capabilities col-md-4 gridbox card-block\"><div class=\"box box--1 capblock\"><div class=\"box-img-wrapper\"><div class=\"img-ratio\"><img decoding=\"async\" src=\"https:\/\/www.capgemini.com\/wp-content\/uploads\/2022\/05\/Capgemini_Services_Customer-First.jpg?w=500&amp;quality=70\" srcset=\"https:\/\/www.capgemini.com\/wp-content\/uploads\/2022\/05\/Capgemini_Services_Customer-First.jpg?w=500&amp;quality=70 1x, https:\/\/www.capgemini.com\/wp-content\/uploads\/2022\/05\/Capgemini_Services_Customer-First.jpg?w=1000&amp;quality=70 2x\" class=\"box-img\" alt=\"\" style=\"object-fit:cover;object-position:50% 50%\" loading=\"lazy\"\/><\/div><\/div><div class=\"box-inner\"><a class=\"box-title\" aria-label=\"Customer First\" href=\"\/de-de\/services\/customer-first\/\" target=\"\" rel=\"noopener noreferrer\" title=\"In neuem Fenster \u00f6ffnen\"><h3 class=\"card-subtitle\">Customer First<\/h3><\/a><\/div><\/div><\/div>\n\n\n\n<div class=\"wp-block-cg-blocks-card-related-capabilities col-md-4 gridbox card-block\"><div class=\"box box--1 capblock\"><div class=\"box-img-wrapper\"><div class=\"img-ratio\"><img decoding=\"async\" src=\"https:\/\/www.capgemini.com\/wp-content\/uploads\/2022\/02\/Capgemini_services_Cybersecurity.jpg?w=500&amp;quality=70\" srcset=\"https:\/\/www.capgemini.com\/wp-content\/uploads\/2022\/02\/Capgemini_services_Cybersecurity.jpg?w=500&amp;quality=70 1x, https:\/\/www.capgemini.com\/wp-content\/uploads\/2022\/02\/Capgemini_services_Cybersecurity.jpg?w=1000&amp;quality=70 2x\" class=\"box-img\" alt=\"\" style=\"object-fit:cover;object-position:50% 50%\" loading=\"lazy\"\/><\/div><\/div><div class=\"box-inner\"><a class=\"box-title\" aria-label=\"Cybersecurity\" href=\"\/de-de\/services\/cybersecurity\/\" target=\"\" rel=\"noopener noreferrer\" title=\"In neuem Fenster \u00f6ffnen\"><h3 class=\"card-subtitle\">Cybersecurity<\/h3><\/a><\/div><\/div><\/div>\n\n\n\n<div class=\"wp-block-cg-blocks-card-related-capabilities col-md-4 gridbox card-block\"><div class=\"box box--1 capblock\"><div class=\"box-img-wrapper\"><div class=\"img-ratio\"><img decoding=\"async\" src=\"https:\/\/www.capgemini.com\/wp-content\/uploads\/2025\/07\/CG-banner-HD-image.jpg?w=500&amp;quality=70\" srcset=\"https:\/\/www.capgemini.com\/wp-content\/uploads\/2025\/07\/CG-banner-HD-image.jpg?w=500&amp;quality=70 1x, https:\/\/www.capgemini.com\/wp-content\/uploads\/2025\/07\/CG-banner-HD-image.jpg?w=1000&amp;quality=70 2x\" class=\"box-img\" alt=\"\" style=\"object-fit:cover;object-position:50% 50%\" loading=\"lazy\"\/><\/div><\/div><div class=\"box-inner\"><a class=\"box-title\" aria-label=\"Daten und K\u00fcnstliche Intelligenz\" href=\"\/de-de\/services\/daten-kuenstliche-intelligenz\/\" target=\"\" rel=\"noopener noreferrer\" title=\"In neuem Fenster \u00f6ffnen\"><h3 class=\"card-subtitle\">Daten und K\u00fcnstliche Intelligenz<\/h3><\/a><\/div><\/div><\/div>\n\n\n\n<div class=\"wp-block-cg-blocks-card-related-capabilities col-md-4 gridbox card-block\"><div class=\"box box--1 capblock\"><div class=\"box-img-wrapper\"><div class=\"img-ratio\"><img decoding=\"async\" src=\"https:\/\/www.capgemini.com\/wp-content\/uploads\/2021\/09\/Capgemini_Services_Enterprise-management.jpg?w=500&amp;quality=70\" srcset=\"https:\/\/www.capgemini.com\/wp-content\/uploads\/2021\/09\/Capgemini_Services_Enterprise-management.jpg?w=500&amp;quality=70 1x, https:\/\/www.capgemini.com\/wp-content\/uploads\/2021\/09\/Capgemini_Services_Enterprise-management.jpg?w=1000&amp;quality=70 2x\" class=\"box-img\" alt=\"\" style=\"object-fit:cover;object-position:50% 50%\" loading=\"lazy\"\/><\/div><\/div><div class=\"box-inner\"><a class=\"box-title\" aria-label=\"Enterprise Management\" href=\"\/de-de\/services\/enterprise-management\/\" target=\"\" rel=\"noopener noreferrer\" title=\"In neuem Fenster \u00f6ffnen\"><h3 class=\"card-subtitle\">Enterprise Management<\/h3><\/a><\/div><\/div><\/div>\n\n\n\n<div class=\"wp-block-cg-blocks-card-related-capabilities col-md-4 gridbox card-block\"><div class=\"box box--1 capblock\"><div class=\"box-img-wrapper\"><div class=\"img-ratio\"><img decoding=\"async\" src=\"https:\/\/www.capgemini.com\/wp-content\/uploads\/2021\/12\/Capgemini_Industries_Intelligent-Industry.jpg?w=500&amp;quality=70\" srcset=\"https:\/\/www.capgemini.com\/wp-content\/uploads\/2021\/12\/Capgemini_Industries_Intelligent-Industry.jpg?w=500&amp;quality=70 1x, https:\/\/www.capgemini.com\/wp-content\/uploads\/2021\/12\/Capgemini_Industries_Intelligent-Industry.jpg?w=1000&amp;quality=70 2x\" class=\"box-img\" alt=\"\" style=\"object-fit:cover;object-position:50% 50%\" loading=\"lazy\"\/><\/div><\/div><div class=\"box-inner\"><a class=\"box-title\" aria-label=\"Intelligent Industry\" href=\"\/de-de\/services\/intelligent-industry\/\" target=\"\" rel=\"noopener noreferrer\" title=\"In neuem Fenster \u00f6ffnen\"><h3 class=\"card-subtitle\">Intelligent Industry<\/h3><\/a><\/div><\/div><\/div>\n\n\n\n<div class=\"wp-block-cg-blocks-card-related-capabilities col-md-4 gridbox card-block\"><div class=\"box box--1 capblock\"><div class=\"box-img-wrapper\"><div class=\"img-ratio\"><img decoding=\"async\" src=\"https:\/\/www.capgemini.com\/wp-content\/uploads\/2021\/09\/Capgemini_Services_Sustainability.jpg?w=500&amp;quality=70\" srcset=\"https:\/\/www.capgemini.com\/wp-content\/uploads\/2021\/09\/Capgemini_Services_Sustainability.jpg?w=500&amp;quality=70 1x, https:\/\/www.capgemini.com\/wp-content\/uploads\/2021\/09\/Capgemini_Services_Sustainability.jpg?w=1000&amp;quality=70 2x\" class=\"box-img\" alt=\"\" style=\"object-fit:cover;object-position:50% 50%\" loading=\"lazy\"\/><\/div><\/div><div class=\"box-inner\"><a class=\"box-title\" aria-label=\"Sustainability\" href=\"\/de-de\/services\/sustainability\/\" target=\"\" rel=\"noopener noreferrer\" title=\"In neuem Fenster \u00f6ffnen\"><h3 class=\"card-subtitle\">Sustainability<\/h3><\/a><\/div><\/div><\/div>\n<\/div><\/div><\/section>\n\n\n\n<p><\/p>\n","protected":false},"excerpt":{"rendered":"","protected":false},"author":118,"featured_media":744007,"parent":0,"menu_order":0,"comment_status":"closed","ping_status":"closed","template":"","meta":{"cg_dt_proposed_to":[],"cg_seo_hreflang_relations":"[]","cg_seo_canonical_relation":"","cg_seo_hreflang_x_default_relation":"{\"uuid\":\"34b3e4e5-a2c9-4326-9e96-ddb85430a2c0\",\"blogId\":\"\",\"domain\":\"\",\"sitePath\":\"\",\"postLink\":\"\",\"postId\":null,\"isSaved\":true,\"isCrossLink\":false,\"hasCrossLink\":false}","cg_dt_approved_content":true,"cg_dt_mandatory_content":false,"cg_dt_notes":"","cg_dg_source_changed":false,"cg_dt_link_disabled":false,"_yoast_wpseo_primary_brand":"","footnotes":"","featured_focal_points":"","partner_card_description":"","gsap_animation":0},"brand":[],"partner_type":[],"service":[],"industry":[],"partners":[],"page-type":[],"content-group":[],"class_list":["post-743968","page","type-page","status-publish","has-post-thumbnail","hentry"],"yoast_head":"<!-- This site is optimized with the Yoast SEO Premium plugin v22.8 (Yoast SEO v22.8) - https:\/\/yoast.com\/wordpress\/plugins\/seo\/ -->\n<title>Enterprise Management, Business Transformation und Consulting | Capgemini<\/title>\n<meta name=\"description\" content=\"Capgemini bietet Unternehmen die richtigen L\u00f6sungen und Technologien, um Transformation und Innovation zu erm\u00f6glichen.\" \/>\n<meta name=\"robots\" content=\"index, follow, max-snippet:-1, max-image-preview:large, max-video-preview:-1\" \/>\n<link rel=\"canonical\" href=\"https:\/\/www.capgemini.com\/de-de\/services\/\" \/>\n<meta property=\"og:locale\" content=\"de_DE\" \/>\n<meta property=\"og:type\" content=\"article\" \/>\n<meta property=\"og:title\" content=\"Enterprise Management, Business Transformation und Consulting | Capgemini\" \/>\n<meta property=\"og:description\" content=\"Capgemini bietet Unternehmen die richtigen L\u00f6sungen und Technologien, um Transformation und Innovation zu erm\u00f6glichen.\" \/>\n<meta property=\"og:url\" content=\"https:\/\/www.capgemini.com\/de-de\/services\/\" \/>\n<meta property=\"og:site_name\" content=\"Capgemini\" \/>\n<meta property=\"article:modified_time\" content=\"2026-02-02T05:31:26+00:00\" \/>\n<meta property=\"og:image\" content=\"https:\/\/www.capgemini.com\/de-de\/wp-content\/uploads\/sites\/8\/2021\/04\/Capgemini_Services.jpg\" \/>\n\t<meta property=\"og:image:width\" content=\"2880\" \/>\n\t<meta property=\"og:image:height\" content=\"1800\" \/>\n\t<meta property=\"og:image:type\" content=\"image\/jpeg\" \/>\n<meta name=\"twitter:card\" content=\"summary_large_image\" \/>\n<meta name=\"twitter:label1\" content=\"Est. reading time\" \/>\n\t<meta name=\"twitter:data1\" content=\"3 minutes\" \/>\n<script type=\"application\/ld+json\" class=\"yoast-schema-graph\">{\"@context\":\"https:\/\/schema.org\",\"@graph\":[{\"@type\":\"WebPage\",\"@id\":\"https:\/\/www.capgemini.com\/de-de\/services\/\",\"url\":\"https:\/\/www.capgemini.com\/de-de\/services\/\",\"name\":\"Enterprise Management, Business Transformation und Consulting | Capgemini\",\"isPartOf\":{\"@id\":\"https:\/\/www.capgemini.com\/de-de\/#website\"},\"primaryImageOfPage\":{\"@id\":\"https:\/\/www.capgemini.com\/de-de\/services\/#primaryimage\"},\"image\":{\"@id\":\"https:\/\/www.capgemini.com\/de-de\/services\/#primaryimage\"},\"thumbnailUrl\":\"https:\/\/www.capgemini.com\/de-de\/wp-content\/uploads\/sites\/8\/2021\/04\/Capgemini_Services.jpg\",\"datePublished\":\"2026-01-01T07:44:00+00:00\",\"dateModified\":\"2026-02-02T05:31:26+00:00\",\"description\":\"Capgemini bietet Unternehmen die richtigen L\u00f6sungen und Technologien, um Transformation und Innovation zu erm\u00f6glichen.\",\"inLanguage\":\"de-DE\",\"potentialAction\":[{\"@type\":\"ReadAction\",\"target\":[\"https:\/\/www.capgemini.com\/de-de\/services\/\"]}]},{\"@type\":\"ImageObject\",\"inLanguage\":\"de-DE\",\"@id\":\"https:\/\/www.capgemini.com\/de-de\/services\/#primaryimage\",\"url\":\"https:\/\/www.capgemini.com\/de-de\/wp-content\/uploads\/sites\/8\/2021\/04\/Capgemini_Services.jpg\",\"contentUrl\":\"https:\/\/www.capgemini.com\/de-de\/wp-content\/uploads\/sites\/8\/2021\/04\/Capgemini_Services.jpg\",\"width\":2880,\"height\":1800},{\"@type\":\"WebSite\",\"@id\":\"https:\/\/www.capgemini.com\/de-de\/#website\",\"url\":\"https:\/\/www.capgemini.com\/de-de\/\",\"name\":\"Capgemini Deutschland\",\"description\":\"Make it real\",\"potentialAction\":[{\"@type\":\"SearchAction\",\"target\":{\"@type\":\"EntryPoint\",\"urlTemplate\":\"https:\/\/www.capgemini.com\/de-de\/?s={search_term_string}\"},\"query-input\":\"required name=search_term_string\"}],\"inLanguage\":\"de-DE\"}]}<\/script>\n<!-- \/ Yoast SEO Premium plugin. -->","yoast_head_json":{"title":"Enterprise Management, Business Transformation und Consulting | Capgemini","description":"Capgemini bietet Unternehmen die richtigen L\u00f6sungen und Technologien, um Transformation und Innovation zu erm\u00f6glichen.","robots":{"index":"index","follow":"follow","max-snippet":"max-snippet:-1","max-image-preview":"max-image-preview:large","max-video-preview":"max-video-preview:-1"},"canonical":"https:\/\/www.capgemini.com\/de-de\/services\/","og_locale":"de_DE","og_type":"article","og_title":"Enterprise Management, Business Transformation und Consulting | Capgemini","og_description":"Capgemini bietet Unternehmen die richtigen L\u00f6sungen und Technologien, um Transformation und Innovation zu erm\u00f6glichen.","og_url":"https:\/\/www.capgemini.com\/de-de\/services\/","og_site_name":"Capgemini","article_modified_time":"2026-02-02T05:31:26+00:00","og_image":[{"width":2880,"height":1800,"url":"https:\/\/www.capgemini.com\/de-de\/wp-content\/uploads\/sites\/8\/2021\/04\/Capgemini_Services.jpg","type":"image\/jpeg"}],"twitter_card":"summary_large_image","twitter_misc":{"Est. reading time":"3 minutes"},"schema":{"@context":"https:\/\/schema.org","@graph":[{"@type":"WebPage","@id":"https:\/\/www.capgemini.com\/de-de\/services\/","url":"https:\/\/www.capgemini.com\/de-de\/services\/","name":"Enterprise Management, Business Transformation und Consulting | Capgemini","isPartOf":{"@id":"https:\/\/www.capgemini.com\/de-de\/#website"},"primaryImageOfPage":{"@id":"https:\/\/www.capgemini.com\/de-de\/services\/#primaryimage"},"image":{"@id":"https:\/\/www.capgemini.com\/de-de\/services\/#primaryimage"},"thumbnailUrl":"https:\/\/www.capgemini.com\/de-de\/wp-content\/uploads\/sites\/8\/2021\/04\/Capgemini_Services.jpg","datePublished":"2026-01-01T07:44:00+00:00","dateModified":"2026-02-02T05:31:26+00:00","description":"Capgemini bietet Unternehmen die richtigen L\u00f6sungen und Technologien, um Transformation und Innovation zu erm\u00f6glichen.","inLanguage":"de-DE","potentialAction":[{"@type":"ReadAction","target":["https:\/\/www.capgemini.com\/de-de\/services\/"]}]},{"@type":"ImageObject","inLanguage":"de-DE","@id":"https:\/\/www.capgemini.com\/de-de\/services\/#primaryimage","url":"https:\/\/www.capgemini.com\/de-de\/wp-content\/uploads\/sites\/8\/2021\/04\/Capgemini_Services.jpg","contentUrl":"https:\/\/www.capgemini.com\/de-de\/wp-content\/uploads\/sites\/8\/2021\/04\/Capgemini_Services.jpg","width":2880,"height":1800},{"@type":"WebSite","@id":"https:\/\/www.capgemini.com\/de-de\/#website","url":"https:\/\/www.capgemini.com\/de-de\/","name":"Capgemini Deutschland","description":"Make it real","potentialAction":[{"@type":"SearchAction","target":{"@type":"EntryPoint","urlTemplate":"https:\/\/www.capgemini.com\/de-de\/?s={search_term_string}"},"query-input":"required name=search_term_string"}],"inLanguage":"de-DE"}]}},"brand_term":[],"parsely":{"version":"1.1.0","canonical_url":"https:\/\/capgemini.com\/de-de\/services\/","smart_links":{"inbound":0,"outbound":0},"traffic_boost_suggestions_count":0,"meta":{"@context":"https:\/\/schema.org","@type":"WebPage","headline":"Services","url":"http:\/\/www.capgemini.com\/de-de\/services\/","mainEntityOfPage":{"@type":"WebPage","@id":"http:\/\/www.capgemini.com\/de-de\/services\/"},"thumbnailUrl":"https:\/\/www.capgemini.com\/de-de\/wp-content\/uploads\/sites\/8\/2021\/04\/Capgemini_Services.jpg?w=150&h=150&crop=1","image":{"@type":"ImageObject","url":"https:\/\/www.capgemini.com\/de-de\/wp-content\/uploads\/sites\/8\/2021\/04\/Capgemini_Services.jpg"},"articleSection":"Uncategorized","author":[],"creator":[],"publisher":{"@type":"Organization","name":"Capgemini","logo":""},"keywords":[],"dateCreated":"2026-01-01T07:44:00Z","datePublished":"2026-01-01T07:44:00Z","dateModified":"2026-02-02T05:31:26Z"},"rendered":"<script type=\"application\/ld+json\" class=\"wp-parsely-metadata\">{\"@context\":\"https:\\\/\\\/schema.org\",\"@type\":\"WebPage\",\"headline\":\"Services\",\"url\":\"http:\\\/\\\/www.capgemini.com\\\/de-de\\\/services\\\/\",\"mainEntityOfPage\":{\"@type\":\"WebPage\",\"@id\":\"http:\\\/\\\/www.capgemini.com\\\/de-de\\\/services\\\/\"},\"thumbnailUrl\":\"https:\\\/\\\/www.capgemini.com\\\/de-de\\\/wp-content\\\/uploads\\\/sites\\\/8\\\/2021\\\/04\\\/Capgemini_Services.jpg?w=150&h=150&crop=1\",\"image\":{\"@type\":\"ImageObject\",\"url\":\"https:\\\/\\\/www.capgemini.com\\\/de-de\\\/wp-content\\\/uploads\\\/sites\\\/8\\\/2021\\\/04\\\/Capgemini_Services.jpg\"},\"articleSection\":\"Uncategorized\",\"author\":[],\"creator\":[],\"publisher\":{\"@type\":\"Organization\",\"name\":\"Capgemini\",\"logo\":\"\"},\"keywords\":[],\"dateCreated\":\"2026-01-01T07:44:00Z\",\"datePublished\":\"2026-01-01T07:44:00Z\",\"dateModified\":\"2026-02-02T05:31:26Z\"}<\/script>","tracker_url":"https:\/\/cdn.parsely.com\/keys\/capgemini.com\/p.js"},"archive_status":false,"featured_image_src":"https:\/\/www.capgemini.com\/de-de\/wp-content\/uploads\/sites\/8\/2021\/04\/Capgemini_Services.jpg","featured_image_alt":"","jetpack_sharing_enabled":true,"distributor_meta":false,"distributor_terms":false,"distributor_media":false,"distributor_original_site_name":"Capgemini","distributor_original_site_url":"https:\/\/www.capgemini.com\/de-de","push-errors":false,"_links":{"self":[{"href":"https:\/\/www.capgemini.com\/de-de\/wp-json\/wp\/v2\/pages\/743968","targetHints":{"allow":["GET"]}}],"collection":[{"href":"https:\/\/www.capgemini.com\/de-de\/wp-json\/wp\/v2\/pages"}],"about":[{"href":"https:\/\/www.capgemini.com\/de-de\/wp-json\/wp\/v2\/types\/page"}],"author":[{"embeddable":true,"href":"https:\/\/www.capgemini.com\/de-de\/wp-json\/wp\/v2\/users\/118"}],"replies":[{"embeddable":true,"href":"https:\/\/www.capgemini.com\/de-de\/wp-json\/wp\/v2\/comments?post=743968"}],"version-history":[{"count":14,"href":"https:\/\/www.capgemini.com\/de-de\/wp-json\/wp\/v2\/pages\/743968\/revisions"}],"predecessor-version":[{"id":887926,"href":"https:\/\/www.capgemini.com\/de-de\/wp-json\/wp\/v2\/pages\/743968\/revisions\/887926"}],"wp:featuredmedia":[{"embeddable":true,"href":"https:\/\/www.capgemini.com\/de-de\/wp-json\/wp\/v2\/media\/744007"}],"wp:attachment":[{"href":"https:\/\/www.capgemini.com\/de-de\/wp-json\/wp\/v2\/media?parent=743968"}],"wp:term":[{"taxonomy":"brand","embeddable":true,"href":"https:\/\/www.capgemini.com\/de-de\/wp-json\/wp\/v2\/brand?post=743968"},{"taxonomy":"partner_type","embeddable":true,"href":"https:\/\/www.capgemini.com\/de-de\/wp-json\/wp\/v2\/partner_type?post=743968"},{"taxonomy":"service","embeddable":true,"href":"https:\/\/www.capgemini.com\/de-de\/wp-json\/wp\/v2\/service?post=743968"},{"taxonomy":"industry","embeddable":true,"href":"https:\/\/www.capgemini.com\/de-de\/wp-json\/wp\/v2\/industry?post=743968"},{"taxonomy":"partners","embeddable":true,"href":"https:\/\/www.capgemini.com\/de-de\/wp-json\/wp\/v2\/partners?post=743968"},{"taxonomy":"page-type","embeddable":true,"href":"https:\/\/www.capgemini.com\/de-de\/wp-json\/wp\/v2\/page-type?post=743968"},{"taxonomy":"content-group","embeddable":true,"href":"https:\/\/www.capgemini.com\/de-de\/wp-json\/wp\/v2\/content-group?post=743968"}],"curies":[{"name":"wp","href":"https:\/\/api.w.org\/{rel}","templated":true}]}}