{"id":743579,"date":"2022-09-19T18:12:27","date_gmt":"2022-09-19T18:12:27","guid":{"rendered":"https:\/\/www.capgemini.com\/?page_id=611744"},"modified":"2025-03-05T04:58:35","modified_gmt":"2025-03-05T04:58:35","slug":"social-media-house-rules","status":"publish","type":"page","link":"https:\/\/www.capgemini.com\/de-de\/news\/social-media\/social-media-hausregeln\/","title":{"rendered":"Social Media Hausregeln"},"content":{"rendered":"\n<div class=\"wp-block-cg-blocks-hero-picture-card undefined  heroPictureCard header header--sub header--news card-outside\"><div class=\"heroPictureCardBgs\"><picture><source srcset=\"https:\/\/www.capgemini.com\/wp-content\/uploads\/2021\/12\/Capgemini_Social-media_house-rules_crop.jpg?w=2880&amp;quality=70 1x, https:\/\/www.capgemini.com\/wp-content\/uploads\/2021\/12\/Capgemini_Social-media_house-rules_crop.jpg?w=2880&amp;quality=70 2x\" media=\"(min-width: 1500px)\"\/><source srcset=\"https:\/\/www.capgemini.com\/wp-content\/uploads\/2021\/12\/Capgemini_Social-media_house-rules_crop.jpg?w=1440&amp;quality=70 1x, https:\/\/www.capgemini.com\/wp-content\/uploads\/2021\/12\/Capgemini_Social-media_house-rules_crop.jpg?w=2880&amp;quality=70 2x\" media=\"(min-width: 992px)\"\/><source srcset=\"https:\/\/www.capgemini.com\/wp-content\/uploads\/2021\/12\/Capgemini_Social-media_house-rules_crop.jpg?w=1024&amp;quality=70 1x, https:\/\/www.capgemini.com\/wp-content\/uploads\/2021\/12\/Capgemini_Social-media_house-rules_crop.jpg?w=1024&amp;quality=70 2x\" media=\"(min-width: 768px)\"\/><source srcset=\"https:\/\/www.capgemini.com\/wp-content\/uploads\/2021\/12\/Capgemini_Social-media_house-rules_crop.jpg?w=768&amp;quality=70 1x, https:\/\/www.capgemini.com\/wp-content\/uploads\/2021\/12\/Capgemini_Social-media_house-rules_crop.jpg?w=768&amp;quality=70 2x\" media=\"(min-width: 0)\"\/><img decoding=\"async\" src=\"https:\/\/www.capgemini.com\/wp-content\/uploads\/2021\/12\/Capgemini_Social-media_house-rules_crop.jpg\" class=\"desktopImage\" alt=\"\" style=\"object-fit:cover;object-position:50% 50%\" loading=\"eager\"\/><\/picture><picture><source srcset=\"https:\/\/www.capgemini.com\/wp-content\/uploads\/2021\/12\/Capgemini_Social-media_house-rules_crop.jpg?w=2880&amp;quality=70 1x, https:\/\/www.capgemini.com\/wp-content\/uploads\/2021\/12\/Capgemini_Social-media_house-rules_crop.jpg?w=2880&amp;quality=70 2x\" media=\"(min-width: 1500px)\"\/><source srcset=\"https:\/\/www.capgemini.com\/wp-content\/uploads\/2021\/12\/Capgemini_Social-media_house-rules_crop.jpg?w=1440&amp;quality=70 1x, https:\/\/www.capgemini.com\/wp-content\/uploads\/2021\/12\/Capgemini_Social-media_house-rules_crop.jpg?w=2880&amp;quality=70 2x\" media=\"(min-width: 992px)\"\/><source srcset=\"https:\/\/www.capgemini.com\/wp-content\/uploads\/2021\/12\/Capgemini_Social-media_house-rules_crop.jpg?w=1024&amp;quality=70 1x, https:\/\/www.capgemini.com\/wp-content\/uploads\/2021\/12\/Capgemini_Social-media_house-rules_crop.jpg?w=1024&amp;quality=70 2x\" media=\"(min-width: 768px)\"\/><source srcset=\"https:\/\/www.capgemini.com\/wp-content\/uploads\/2021\/12\/Capgemini_Social-media_house-rules_crop.jpg?w=768&amp;quality=70 1x, https:\/\/www.capgemini.com\/wp-content\/uploads\/2021\/12\/Capgemini_Social-media_house-rules_crop.jpg?w=768&amp;quality=70 2x\" media=\"(min-width: 0)\"\/><img decoding=\"async\" src=\"https:\/\/www.capgemini.com\/wp-content\/uploads\/2021\/12\/Capgemini_Social-media_house-rules_crop.jpg\" class=\"mobileImage\" alt=\"\" style=\"object-fit:cover;object-position:50% 50%\" loading=\"eager\"\/><\/picture><\/div><div class=\"heroPictureCardHeaderShape\"><\/div><div class=\"container\"><div class=\"row\"><div class=\"col-md-8 col-lg-6\"><div class=\"heroPictureCardBox\"><div class=\"heroPictureCardBoxTitle\"><h1 data-maxlength=\"144\">Social Media Hausregeln<\/h1><\/div><\/div><\/div><\/div><\/div><div class=\"small-device\"><div class=\"brandLogoWrapper\"> <\/div><\/div><\/div>\n\n\n\n<section class=\"wp-block-cg-blocks-intro-para undefined section section--intro pt48\"><div class=\"intro-para\"><div class=\"container\"><div class=\"row\"><div class=\"col-12 col-md-1\"><nav class=\"article-social\"><ul class=\"social-nav\"><li class=\"ip-order-fb\"><a href=\"https:\/\/www.facebook.com\/sharer\/sharer.php?u=https:\/\/www.capgemini.com\/de-de\/news\/social-media\/social-media-hausregeln\/\" target=\"_blank\" rel=\"noopener noreferrer\" title=\"In neuem Fenster \u00f6ffnen\"><i aria-hidden=\"true\" class=\"icon-fb\"><\/i><span class=\"sr-only\">Facebook<\/span><\/a><\/li><li class=\"ip-order-li\"><a href=\"https:\/\/www.linkedin.com\/sharing\/share-offsite\/?url=https:\/\/www.capgemini.com\/de-de\/news\/social-media\/social-media-hausregeln\/\" target=\"_blank\" rel=\"noopener noreferrer\" title=\"In neuem Fenster \u00f6ffnen\"><i aria-hidden=\"true\" class=\"icon-li\"><\/i><span class=\"sr-only\">Linkedin<\/span><\/a><\/li><\/ul><\/nav><\/div><div class=\"col-12 col-md-11 col-lg-10\"><h2 class=\"intro-para-title\">Mit den\u00a0<a href=\"https:\/\/www.capgemini.com\/de-de\/news\/social-media\/social-media-guidelines\/\">Social Media Guidelines<\/a>\u00a0nehmen wir unsere Capgemini-Kolleginnen und -Kollegen bei der Erstellung und Pflege ihrer Social-Media-Profile an die Hand.<\/h2><p class=\"intro-para-content\"><br>Die auf dieser Seite vorliegenden\u00a0Social Media \u201eHausregeln\u201c\u00a0hingegen beschreiben, welche Erwartungshaltung wir an Interaktionen stellen, die online auf unseren sozialen Netzwerkkan\u00e4len stattfinden.<br><br>Wir pflegen einen offenen und wertsch\u00e4tzenden Umgang miteinander und setzen uns f\u00fcr ein Klima ein, in dem jeder zu Wort kommen kann, ohne dass dabei etwaige Grenzen \u00fcberschritten werden. Unsere Social-Media-Pr\u00e4senz soll Raum geben f\u00fcr einen angenehmen, positiven, konstruktiven und kreativen Austausch. In diesem Sinne behalten wir uns vor, jegliche Kommentare oder Individuen, die mit unserem Regelwerk in Konflikt stehen, zu entfernen oder zu blockieren.<\/p><\/div><\/div><\/div><\/div><\/section>\n\n\n\n<section class=\"wp-block-cg-blocks-group undefined section section--article-content\"><div class=\"article-main-content\"><div class=\"container\"><div class=\"row\"><div class=\"col-12 col-md-11 col-lg-10 offset-md-1 offset-lg-1\"><div class=\"article-text article-quote-text\">\n<h3 class=\"wp-block-heading\" id=\"h-von-uns-entfernt-werden-kommentare\">Von uns entfernt werden Kommentare, \u2026<\/h3>\n\n\n\n<p><\/p>\n\n\n\n<ul class=\"wp-block-list\">\n<li>in denen andere verleumdet, bel\u00e4stigt, verfolgt, bedroht werden oder die auf eine andere Art und Weise die Rechte anderer verletzen.<\/li>\n\n\n\n<li>die rassistische, sexistische, homophobe, beleidigende, explizit sexuelle oder anderweitig objektivierende Inhalte aufweisen.<\/li>\n\n\n\n<li>die Schimpfw\u00f6rter oder Ausdr\u00fccke enthalten, die andere verletzen oder ihnen schaden k\u00f6nnen.<\/li>\n\n\n\n<li>von denen wir wissen oder vermuten, dass sie gegen geltendes Recht versto\u00dfen, oder von denen wir ausgehen k\u00f6nnen, dass sie rechtswidrige Handlungen dulden oder f\u00f6rdern. Dazu geh\u00f6rt die Ver\u00f6ffentlichung oder Verbreitung von diffamierendem, verletzendem, obsz\u00f6nem, anst\u00f6\u00dfigem, irref\u00fchrendem oder rechtswidrigem Material oder Informationen.<\/li>\n\n\n\n<li>in denen bestimmte Produkte oder gewinnorientierte Dienstleistungen beworben werden.<\/li>\n\n\n\n<li>die den Anschein haben, als w\u00e4ren sie von jemandem anderen gepostet worden.<\/li>\n\n\n\n<li>die wiederholt ein und dieselbe Nachricht posten oder in absolut keinem Zusammenhang mit Capgemini stehen \u2013 \u201eSpam\u201c.<\/li>\n<\/ul>\n\n\n\n<p> Wir behalten uns vor, dieses Regelwerk nach Bedarf anzupassen und au\u00dferdem Inhalte auf Basis weiterer, hier nicht aufgef\u00fchrter Gr\u00fcnde zu l\u00f6schen.<\/p>\n\n\n\n<p>Wenn Sie sich auf unseren Social-Media-Kan\u00e4len bewegen, stimmen Sie unserem Regelwerk und den plattformspezifischen Bedingungen und Anforderungen automatisch zu.<\/p>\n<\/div><\/div><\/div><\/div><\/div><\/section>\n\n\n\n<section class=\"wp-block-cg-blocks-wrapper-card-text-pic wrapperCardTextPic hero-bg-shape undefined section section--insights section--brands-subbrands\"><div class=\"container\"><div class=\"content-title\"><h3>Einhaltung unserer Hausregeln<\/h3><\/div><div class=\"row\"><div class=\"col-md-12\">\n\n<div class=\"wp-block-cg-blocks-card-text-pic-left row card-text-pic leftCard\"><div class=\"row card-text-pic leftCard\"><div class=\"col-md-12\"><div class=\"box--section\"><div class=\"box row-nobleed\"><div class=\"col-lg-5 col-md-12 box-img-wrapper \"><picture><source srcset=\"https:\/\/www.capgemini.com\/wp-content\/uploads\/2021\/09\/Capgemini_Office-loby.jpg?w=1000&amp;quality=70 1x, https:\/\/www.capgemini.com\/wp-content\/uploads\/2021\/09\/Capgemini_Office-loby.jpg?w=1000&amp;quality=70 2x\" media=\"(min-width: 1500px)\"\/><source srcset=\"https:\/\/www.capgemini.com\/wp-content\/uploads\/2021\/09\/Capgemini_Office-loby.jpg?w=500&amp;quality=70 1x, https:\/\/www.capgemini.com\/wp-content\/uploads\/2021\/09\/Capgemini_Office-loby.jpg?w=1000&amp;quality=70 2x\" media=\"(min-width: 992px)\"\/><source srcset=\"https:\/\/www.capgemini.com\/wp-content\/uploads\/2021\/09\/Capgemini_Office-loby.jpg?w=768&amp;quality=70 1x, https:\/\/www.capgemini.com\/wp-content\/uploads\/2021\/09\/Capgemini_Office-loby.jpg?w=768&amp;quality=70 2x\" media=\"(min-width: 768px)\"\/><source srcset=\"https:\/\/www.capgemini.com\/wp-content\/uploads\/2021\/09\/Capgemini_Office-loby.jpg?w=556&amp;quality=70 1x, https:\/\/www.capgemini.com\/wp-content\/uploads\/2021\/09\/Capgemini_Office-loby.jpg?w=556&amp;quality=70 2x\" media=\"(min-width: 0)\"\/><img decoding=\"async\" src=\"https:\/\/www.capgemini.com\/wp-content\/uploads\/2021\/09\/Capgemini_Office-loby.jpg\" class=\"box-img-without-hover\" alt=\"\" style=\"object-fit:cover;object-position:50% 50%\" loading=\"lazy\"\/><\/picture><\/div><div class=\"col-lg-8 col-md-12 box-inner \"><h4 class=\"titlewithoutLink\" data-maxlength=\"144\"><\/h4><p class=\"box-text\" data-maxlength=\"600\">Kommentare und weiteres Material, das von den Usern unserer sozialen Kan\u00e4le ver\u00f6ffentlicht wird, spiegeln weder die Meinung von Capgemini wider, noch best\u00e4tigt Capgemini deren Richtigkeit.<br><br>Wenn Sie selbst einen Versto\u00df gegen unser Regelwerk bemerken, z\u00f6gern Sie nicht, mit uns Kontakt aufzunehmen:\u00a0<a href=\"mailto:socialmedia.dach.de@capgemini.com\">socialmedia.dach.de@capgemini.com<\/a><\/p><\/div><\/div><\/div><\/div><\/div><\/div>\n\n<\/div><\/div><\/div><\/section>\n\n\n\n<section class=\"wp-block-cg-blocks-learn-more learnMoreBlock updated-new-sample-amal section section--stories section--paths-opportunities\"><div class=\"container\"><div class=\"content-title\"><h2 class=\"learnmore-heading\">Mehr erfahren<\/h2><\/div><div class=\"row\"><div class=\"col-md-4\"><div class=\"box\"><div class=\"box-wrapper\"><a class=\"box-title\" href=\"\/de-de\/news\/social-media\/\" target=\"\" aria-label=\"Unsere Social Media Kan\u00e4le\" rel=\"noopener noreferrer\"><div class=\"box-img-wrapper\"><img decoding=\"async\" src=\"https:\/\/www.capgemini.com\/wp-content\/uploads\/2021\/08\/Capgemini_Social-media-1.jpg?w=500&amp;quality=70\" srcset=\"https:\/\/www.capgemini.com\/wp-content\/uploads\/2021\/08\/Capgemini_Social-media-1.jpg?w=500&amp;quality=70 1x, https:\/\/www.capgemini.com\/wp-content\/uploads\/2021\/08\/Capgemini_Social-media-1.jpg?w=1000&amp;quality=70 2x\" class=\"box-img\" alt=\"\" style=\"object-fit:cover;object-position:50% 50%\" loading=\"lazy\"\/><\/div><h3 class=\"titleWithoutLink_learnMore\">Unsere Social Media Kan\u00e4le<\/h3><\/a><\/div><\/div><div class=\"box-inner\"><\/div><\/div><div class=\"col-md-4\"><div class=\"box\"><div class=\"box-wrapper\"><a class=\"box-title\" href=\"\/de-de\/news\/social-media\/social-media-guidelines\/\" target=\"\" aria-label=\"<a href=&quot;https:\/\/www.capgemini.com\/de-de\/news\/social-media\/social-media-guidelines\/&quot;&gt;Verhaltenskodex f\u00fcr Social Media<\/a&gt;\" rel=\"noopener noreferrer\"><div class=\"box-img-wrapper\"><img decoding=\"async\" src=\"https:\/\/www.capgemini.com\/wp-content\/uploads\/2021\/12\/Capgemini_Social-media_code-of-conduct.jpg?w=500&amp;quality=70\" srcset=\"https:\/\/www.capgemini.com\/wp-content\/uploads\/2021\/12\/Capgemini_Social-media_code-of-conduct.jpg?w=500&amp;quality=70 1x, https:\/\/www.capgemini.com\/wp-content\/uploads\/2021\/12\/Capgemini_Social-media_code-of-conduct.jpg?w=1000&amp;quality=70 2x\" class=\"box-img\" alt=\"\" style=\"object-fit:cover;object-position:50% 50%\" loading=\"lazy\"\/><\/div><h3 class=\"titleWithoutLink_learnMore\"><a href=\"https:\/\/www.capgemini.com\/de-de\/news\/social-media\/social-media-guidelines\/\">Verhaltenskodex f\u00fcr Social Media<\/a><\/h3><\/a><\/div><\/div><div class=\"box-inner\"><\/div><\/div><div class=\"col-md-4\"><div class=\"box\"><div class=\"box-wrapper\"><a class=\"box-title\" href=\"\/de-de\/unternehmen\/management-governance\/verantwortung\/cybersecurity-datenschutz\/\" target=\"\" aria-label=\"Cybersecurity und Datenschutz\" rel=\"noopener noreferrer\"><div class=\"box-img-wrapper\"><img decoding=\"async\" src=\"https:\/\/www.capgemini.com\/wp-content\/uploads\/2021\/09\/Capgemini_About-US_DataProtection.jpg?w=500&amp;quality=70\" srcset=\"https:\/\/www.capgemini.com\/wp-content\/uploads\/2021\/09\/Capgemini_About-US_DataProtection.jpg?w=500&amp;quality=70 1x, https:\/\/www.capgemini.com\/wp-content\/uploads\/2021\/09\/Capgemini_About-US_DataProtection.jpg?w=1000&amp;quality=70 2x\" class=\"box-img\" alt=\"\" style=\"object-fit:cover;object-position:50% 50%\" loading=\"lazy\"\/><\/div><h3 class=\"titleWithoutLink_learnMore\">Cybersecurity und Datenschutz<\/h3><\/a><\/div><\/div><div class=\"box-inner\"><\/div><\/div><\/div><\/div><\/section>\n","protected":false},"excerpt":{"rendered":"","protected":false},"author":33,"featured_media":0,"parent":744742,"menu_order":0,"comment_status":"closed","ping_status":"closed","template":"","meta":{"cg_dt_proposed_to":[],"cg_seo_hreflang_relations":"[]","cg_seo_canonical_relation":"{\"uuid\":\"f8f43fac-d23d-4416-a502-9d4d34fe7b9a\",\"blogId\":\"\",\"domain\":\"\",\"sitePath\":\"\",\"postLink\":\"\",\"postId\":null,\"isSaved\":true,\"isCrossLink\":false,\"hasCrossLink\":false}","cg_seo_hreflang_x_default_relation":"{\"uuid\":\"a2f59b03-791d-4a8f-81b3-3846649d35ef\",\"blogId\":\"\",\"domain\":\"\",\"sitePath\":\"\",\"postLink\":\"\",\"postId\":null,\"isSaved\":true,\"isCrossLink\":false,\"hasCrossLink\":false}","cg_dt_approved_content":true,"cg_dt_mandatory_content":false,"cg_dt_notes":"","cg_dg_source_changed":false,"cg_dt_link_disabled":false,"_yoast_wpseo_primary_brand":"","footnotes":"","featured_focal_points":"","partner_card_description":"","gsap_animation":0},"brand":[],"partner_type":[],"service":[],"industry":[],"partners":[],"page-type":[],"content-group":[],"class_list":["post-743579","page","type-page","status-publish","hentry"],"yoast_head":"<!-- This site is optimized with the Yoast SEO Premium plugin v22.8 (Yoast SEO v22.8) - https:\/\/yoast.com\/wordpress\/plugins\/seo\/ -->\n<title>Social Media House Rules | Capgemini<\/title>\n<meta name=\"description\" content=\"Mit den Social Media Guidelines nehmen wir unsere Capgemini-Kolleginnen und -Kollegen bei der Erstellung und Pflege ihrer Social-Media-Profile an die Hand.\" \/>\n<meta name=\"robots\" content=\"index, follow, max-snippet:-1, max-image-preview:large, max-video-preview:-1\" \/>\n<link rel=\"canonical\" href=\"https:\/\/www.capgemini.com\/de-de\/news\/social-media\/social-media-hausregeln\/\" \/>\n<meta property=\"og:locale\" content=\"de_DE\" \/>\n<meta property=\"og:type\" content=\"article\" \/>\n<meta property=\"og:title\" content=\"Social Media House Rules | Capgemini\" \/>\n<meta property=\"og:description\" content=\"Mit den Social Media Guidelines nehmen wir unsere Capgemini-Kolleginnen und -Kollegen bei der Erstellung und Pflege ihrer Social-Media-Profile an die Hand.\" \/>\n<meta property=\"og:url\" content=\"https:\/\/www.capgemini.com\/de-de\/news\/social-media\/social-media-hausregeln\/\" \/>\n<meta property=\"og:site_name\" content=\"Capgemini\" \/>\n<meta property=\"article:modified_time\" content=\"2025-03-05T04:58:35+00:00\" \/>\n<meta property=\"og:image\" content=\"https:\/\/www.capgemini.com\/wp-content\/uploads\/2021\/12\/Capgemini_Social-media_house-rules_crop.jpg\" \/>\n<meta name=\"twitter:card\" content=\"summary_large_image\" \/>\n<script type=\"application\/ld+json\" class=\"yoast-schema-graph\">{\"@context\":\"https:\/\/schema.org\",\"@graph\":[{\"@type\":\"WebPage\",\"@id\":\"https:\/\/www.capgemini.com\/de-de\/news\/social-media\/social-media-hausregeln\/\",\"url\":\"https:\/\/www.capgemini.com\/de-de\/news\/social-media\/social-media-hausregeln\/\",\"name\":\"Social Media House Rules | Capgemini\",\"isPartOf\":{\"@id\":\"https:\/\/www.capgemini.com\/de-de\/#website\"},\"primaryImageOfPage\":{\"@id\":\"https:\/\/www.capgemini.com\/de-de\/news\/social-media\/social-media-hausregeln\/#primaryimage\"},\"image\":{\"@id\":\"https:\/\/www.capgemini.com\/de-de\/news\/social-media\/social-media-hausregeln\/#primaryimage\"},\"thumbnailUrl\":\"https:\/\/www.capgemini.com\/wp-content\/uploads\/2021\/12\/Capgemini_Social-media_house-rules_crop.jpg\",\"datePublished\":\"2022-09-19T18:12:27+00:00\",\"dateModified\":\"2025-03-05T04:58:35+00:00\",\"description\":\"Mit den Social Media Guidelines nehmen wir unsere Capgemini-Kolleginnen und -Kollegen bei der Erstellung und Pflege ihrer Social-Media-Profile an die Hand.\",\"breadcrumb\":{\"@id\":\"https:\/\/www.capgemini.com\/de-de\/news\/social-media\/social-media-hausregeln\/#breadcrumb\"},\"inLanguage\":\"de-DE\",\"potentialAction\":[{\"@type\":\"ReadAction\",\"target\":[\"https:\/\/www.capgemini.com\/de-de\/news\/social-media\/social-media-hausregeln\/\"]}]},{\"@type\":\"ImageObject\",\"inLanguage\":\"de-DE\",\"@id\":\"https:\/\/www.capgemini.com\/de-de\/news\/social-media\/social-media-hausregeln\/#primaryimage\",\"url\":\"https:\/\/www.capgemini.com\/wp-content\/uploads\/2021\/12\/Capgemini_Social-media_house-rules_crop.jpg\",\"contentUrl\":\"https:\/\/www.capgemini.com\/wp-content\/uploads\/2021\/12\/Capgemini_Social-media_house-rules_crop.jpg\"},{\"@type\":\"BreadcrumbList\",\"@id\":\"https:\/\/www.capgemini.com\/de-de\/news\/social-media\/social-media-hausregeln\/#breadcrumb\",\"itemListElement\":[{\"@type\":\"ListItem\",\"position\":1,\"name\":\"News\",\"item\":\"https:\/\/www.capgemini.com\/de-de\/news\/\"},{\"@type\":\"ListItem\",\"position\":2,\"name\":\"Social Media\",\"item\":\"https:\/\/www.capgemini.com\/de-de\/news\/social-media\/\"},{\"@type\":\"ListItem\",\"position\":3,\"name\":\"Social Media Hausregeln\"}]},{\"@type\":\"WebSite\",\"@id\":\"https:\/\/www.capgemini.com\/de-de\/#website\",\"url\":\"https:\/\/www.capgemini.com\/de-de\/\",\"name\":\"Capgemini Deutschland\",\"description\":\"Make it real\",\"potentialAction\":[{\"@type\":\"SearchAction\",\"target\":{\"@type\":\"EntryPoint\",\"urlTemplate\":\"https:\/\/www.capgemini.com\/de-de\/?s={search_term_string}\"},\"query-input\":\"required name=search_term_string\"}],\"inLanguage\":\"de-DE\"}]}<\/script>\n<!-- \/ Yoast SEO Premium plugin. -->","yoast_head_json":{"title":"Social Media House Rules | Capgemini","description":"Mit den Social Media Guidelines nehmen wir unsere Capgemini-Kolleginnen und -Kollegen bei der Erstellung und Pflege ihrer Social-Media-Profile an die Hand.","robots":{"index":"index","follow":"follow","max-snippet":"max-snippet:-1","max-image-preview":"max-image-preview:large","max-video-preview":"max-video-preview:-1"},"canonical":"https:\/\/www.capgemini.com\/de-de\/news\/social-media\/social-media-hausregeln\/","og_locale":"de_DE","og_type":"article","og_title":"Social Media House Rules | Capgemini","og_description":"Mit den Social Media Guidelines nehmen wir unsere Capgemini-Kolleginnen und -Kollegen bei der Erstellung und Pflege ihrer Social-Media-Profile an die Hand.","og_url":"https:\/\/www.capgemini.com\/de-de\/news\/social-media\/social-media-hausregeln\/","og_site_name":"Capgemini","article_modified_time":"2025-03-05T04:58:35+00:00","og_image":[{"url":"https:\/\/www.capgemini.com\/wp-content\/uploads\/2021\/12\/Capgemini_Social-media_house-rules_crop.jpg"}],"twitter_card":"summary_large_image","schema":{"@context":"https:\/\/schema.org","@graph":[{"@type":"WebPage","@id":"https:\/\/www.capgemini.com\/de-de\/news\/social-media\/social-media-hausregeln\/","url":"https:\/\/www.capgemini.com\/de-de\/news\/social-media\/social-media-hausregeln\/","name":"Social Media House Rules | Capgemini","isPartOf":{"@id":"https:\/\/www.capgemini.com\/de-de\/#website"},"primaryImageOfPage":{"@id":"https:\/\/www.capgemini.com\/de-de\/news\/social-media\/social-media-hausregeln\/#primaryimage"},"image":{"@id":"https:\/\/www.capgemini.com\/de-de\/news\/social-media\/social-media-hausregeln\/#primaryimage"},"thumbnailUrl":"https:\/\/www.capgemini.com\/wp-content\/uploads\/2021\/12\/Capgemini_Social-media_house-rules_crop.jpg","datePublished":"2022-09-19T18:12:27+00:00","dateModified":"2025-03-05T04:58:35+00:00","description":"Mit den Social Media Guidelines nehmen wir unsere Capgemini-Kolleginnen und -Kollegen bei der Erstellung und Pflege ihrer Social-Media-Profile an die Hand.","breadcrumb":{"@id":"https:\/\/www.capgemini.com\/de-de\/news\/social-media\/social-media-hausregeln\/#breadcrumb"},"inLanguage":"de-DE","potentialAction":[{"@type":"ReadAction","target":["https:\/\/www.capgemini.com\/de-de\/news\/social-media\/social-media-hausregeln\/"]}]},{"@type":"ImageObject","inLanguage":"de-DE","@id":"https:\/\/www.capgemini.com\/de-de\/news\/social-media\/social-media-hausregeln\/#primaryimage","url":"https:\/\/www.capgemini.com\/wp-content\/uploads\/2021\/12\/Capgemini_Social-media_house-rules_crop.jpg","contentUrl":"https:\/\/www.capgemini.com\/wp-content\/uploads\/2021\/12\/Capgemini_Social-media_house-rules_crop.jpg"},{"@type":"BreadcrumbList","@id":"https:\/\/www.capgemini.com\/de-de\/news\/social-media\/social-media-hausregeln\/#breadcrumb","itemListElement":[{"@type":"ListItem","position":1,"name":"News","item":"https:\/\/www.capgemini.com\/de-de\/news\/"},{"@type":"ListItem","position":2,"name":"Social Media","item":"https:\/\/www.capgemini.com\/de-de\/news\/social-media\/"},{"@type":"ListItem","position":3,"name":"Social Media Hausregeln"}]},{"@type":"WebSite","@id":"https:\/\/www.capgemini.com\/de-de\/#website","url":"https:\/\/www.capgemini.com\/de-de\/","name":"Capgemini Deutschland","description":"Make it real","potentialAction":[{"@type":"SearchAction","target":{"@type":"EntryPoint","urlTemplate":"https:\/\/www.capgemini.com\/de-de\/?s={search_term_string}"},"query-input":"required name=search_term_string"}],"inLanguage":"de-DE"}]}},"brand_term":[],"parsely":{"version":"1.1.0","canonical_url":"https:\/\/capgemini.com\/de-de\/news\/social-media\/social-media-hausregeln\/","smart_links":{"inbound":0,"outbound":0},"traffic_boost_suggestions_count":0,"meta":{"@context":"https:\/\/schema.org","@type":"WebPage","headline":"Social Media Hausregeln","url":"http:\/\/www.capgemini.com\/de-de\/news\/social-media\/social-media-hausregeln\/","mainEntityOfPage":{"@type":"WebPage","@id":"http:\/\/www.capgemini.com\/de-de\/news\/social-media\/social-media-hausregeln\/"},"thumbnailUrl":"","image":{"@type":"ImageObject","url":""},"articleSection":"Uncategorized","author":[],"creator":[],"publisher":{"@type":"Organization","name":"Capgemini","logo":""},"keywords":[],"dateCreated":"2022-09-19T18:12:27Z","datePublished":"2022-09-19T18:12:27Z","dateModified":"2025-03-05T04:58:35Z"},"rendered":"<script type=\"application\/ld+json\" class=\"wp-parsely-metadata\">{\"@context\":\"https:\\\/\\\/schema.org\",\"@type\":\"WebPage\",\"headline\":\"Social Media Hausregeln\",\"url\":\"http:\\\/\\\/www.capgemini.com\\\/de-de\\\/news\\\/social-media\\\/social-media-hausregeln\\\/\",\"mainEntityOfPage\":{\"@type\":\"WebPage\",\"@id\":\"http:\\\/\\\/www.capgemini.com\\\/de-de\\\/news\\\/social-media\\\/social-media-hausregeln\\\/\"},\"thumbnailUrl\":\"\",\"image\":{\"@type\":\"ImageObject\",\"url\":\"\"},\"articleSection\":\"Uncategorized\",\"author\":[],\"creator\":[],\"publisher\":{\"@type\":\"Organization\",\"name\":\"Capgemini\",\"logo\":\"\"},\"keywords\":[],\"dateCreated\":\"2022-09-19T18:12:27Z\",\"datePublished\":\"2022-09-19T18:12:27Z\",\"dateModified\":\"2025-03-05T04:58:35Z\"}<\/script>","tracker_url":"https:\/\/cdn.parsely.com\/keys\/capgemini.com\/p.js"},"archive_status":false,"featured_image_src":"https:\/\/www.capgemini.com\/de-de\/wp-content\/themes\/capgemini2025\/assets\/images\/mockup.png","featured_image_alt":false,"jetpack_sharing_enabled":true,"distributor_meta":false,"distributor_terms":false,"distributor_media":false,"distributor_original_site_name":"Capgemini","distributor_original_site_url":"https:\/\/www.capgemini.com\/de-de","push-errors":false,"_links":{"self":[{"href":"https:\/\/www.capgemini.com\/de-de\/wp-json\/wp\/v2\/pages\/743579","targetHints":{"allow":["GET"]}}],"collection":[{"href":"https:\/\/www.capgemini.com\/de-de\/wp-json\/wp\/v2\/pages"}],"about":[{"href":"https:\/\/www.capgemini.com\/de-de\/wp-json\/wp\/v2\/types\/page"}],"author":[{"embeddable":true,"href":"https:\/\/www.capgemini.com\/de-de\/wp-json\/wp\/v2\/users\/33"}],"replies":[{"embeddable":true,"href":"https:\/\/www.capgemini.com\/de-de\/wp-json\/wp\/v2\/comments?post=743579"}],"version-history":[{"count":16,"href":"https:\/\/www.capgemini.com\/de-de\/wp-json\/wp\/v2\/pages\/743579\/revisions"}],"predecessor-version":[{"id":875807,"href":"https:\/\/www.capgemini.com\/de-de\/wp-json\/wp\/v2\/pages\/743579\/revisions\/875807"}],"up":[{"embeddable":true,"href":"https:\/\/www.capgemini.com\/de-de\/wp-json\/wp\/v2\/pages\/744742"}],"wp:attachment":[{"href":"https:\/\/www.capgemini.com\/de-de\/wp-json\/wp\/v2\/media?parent=743579"}],"wp:term":[{"taxonomy":"brand","embeddable":true,"href":"https:\/\/www.capgemini.com\/de-de\/wp-json\/wp\/v2\/brand?post=743579"},{"taxonomy":"partner_type","embeddable":true,"href":"https:\/\/www.capgemini.com\/de-de\/wp-json\/wp\/v2\/partner_type?post=743579"},{"taxonomy":"service","embeddable":true,"href":"https:\/\/www.capgemini.com\/de-de\/wp-json\/wp\/v2\/service?post=743579"},{"taxonomy":"industry","embeddable":true,"href":"https:\/\/www.capgemini.com\/de-de\/wp-json\/wp\/v2\/industry?post=743579"},{"taxonomy":"partners","embeddable":true,"href":"https:\/\/www.capgemini.com\/de-de\/wp-json\/wp\/v2\/partners?post=743579"},{"taxonomy":"page-type","embeddable":true,"href":"https:\/\/www.capgemini.com\/de-de\/wp-json\/wp\/v2\/page-type?post=743579"},{"taxonomy":"content-group","embeddable":true,"href":"https:\/\/www.capgemini.com\/de-de\/wp-json\/wp\/v2\/content-group?post=743579"}],"curies":[{"name":"wp","href":"https:\/\/api.w.org\/{rel}","templated":true}]}}