{"id":743030,"date":"2021-09-21T12:18:13","date_gmt":"2021-09-21T12:18:13","guid":{"rendered":"https:\/\/www.capgemini.com\/?page_id=626712"},"modified":"2025-03-05T06:12:19","modified_gmt":"2025-03-05T06:12:19","slug":"admnext-for-electric-utilities","status":"publish","type":"page","link":"https:\/\/www.capgemini.com\/de-de\/solutions\/admnext-for-electric-utilities\/","title":{"rendered":"Admnext f\u00fcr Stromversorger"},"content":{"rendered":"\n<header class=\"wp-block-cg-blocks-hero-reusable header heroReusable  \"><div class=\"header-bgs\"><picture><source srcset=\"https:\/\/www.capgemini.com\/wp-content\/uploads\/2018\/11\/sap-hana.jpg?w=2880&amp;quality=70 1x, https:\/\/www.capgemini.com\/wp-content\/uploads\/2018\/11\/sap-hana.jpg?w=2880&amp;quality=70 2x\" media=\"(min-width: 1500px)\"\/><source srcset=\"https:\/\/www.capgemini.com\/wp-content\/uploads\/2018\/11\/sap-hana.jpg?w=1440&amp;quality=70 1x, https:\/\/www.capgemini.com\/wp-content\/uploads\/2018\/11\/sap-hana.jpg?w=2880&amp;quality=70 2x\" media=\"(min-width: 992px)\"\/><source srcset=\"https:\/\/www.capgemini.com\/wp-content\/uploads\/2018\/11\/sap-hana.jpg?w=1024&amp;quality=70 1x, https:\/\/www.capgemini.com\/wp-content\/uploads\/2018\/11\/sap-hana.jpg?w=1024&amp;quality=70 2x\" media=\"(min-width: 768px)\"\/><source srcset=\"https:\/\/www.capgemini.com\/wp-content\/uploads\/2018\/11\/sap-hana.jpg?w=768&amp;quality=70 1x, https:\/\/www.capgemini.com\/wp-content\/uploads\/2018\/11\/sap-hana.jpg?w=768&amp;quality=70 2x\" media=\"(min-width: 0)\"\/><img decoding=\"async\" src=\"https:\/\/www.capgemini.com\/wp-content\/uploads\/2018\/11\/sap-hana.jpg\" class=\"header-img header-img-d\" alt=\"\" style=\"object-fit:cover;object-position:50% 50%\" loading=\"eager\"\/><\/picture><\/div><div class=\"heroPictureCardHeaderShape\"><\/div><div class=\"container\"><div class=\"row\"><div class=\"col-md-12\"><div class=\"box\"><div class=\"boxTagWrapper\"><div class=\"tagInfo\"><div><span class=\"box-tag\">Solution<\/span><\/div><\/div><\/div><div class=\"box-title\"><h1 data-maxlength=\"34\">Admnext f\u00fcr Stromversorger<\/h1><\/div><div class=\"inner-row-insight download-btn\"><div class=\"col-md-4 downloadFiles addPadding\"><a class=\"button-download--small\" type=\"download\" href=\"https:\/\/www.capgemini.com\/wp-content\/uploads\/2021\/09\/ADMnext-Electric-Utilities.pdf\" target=\"_blank\" rel=\"noopener noreferrer\" title=\"In neuem Fenster \u00f6ffnen\"><span>Download Brochure<\/span><span class=\"type\">2 MB  pdf<\/span><\/a><\/div><\/div><\/div><\/div><\/div><\/div><\/header>\n\n\n\n<section class=\"wp-block-cg-blocks-intro-para undefined section section--intro\"><div class=\"intro-para\"><div class=\"container\"><div class=\"row\"><div class=\"col-12 col-md-1\"><nav class=\"article-social\"><ul class=\"social-nav\"><li class=\"ip-order-fb\"><a href=\"https:\/\/www.facebook.com\/sharer\/sharer.php?u=https:\/\/www.capgemini.com\/de-de\/solutions\/admnext-for-electric-utilities\/\" target=\"_blank\" rel=\"noopener noreferrer\" title=\"In neuem Fenster \u00f6ffnen\"><i aria-hidden=\"true\" class=\"icon-fb\"><\/i><span class=\"sr-only\">Facebook<\/span><\/a><\/li><li class=\"ip-order-li\"><a href=\"https:\/\/www.linkedin.com\/sharing\/share-offsite\/?url=https:\/\/www.capgemini.com\/de-de\/solutions\/admnext-for-electric-utilities\/\" target=\"_blank\" rel=\"noopener noreferrer\" title=\"In neuem Fenster \u00f6ffnen\"><i aria-hidden=\"true\" class=\"icon-li\"><\/i><span class=\"sr-only\">Linkedin<\/span><\/a><\/li><\/ul><\/nav><\/div><div class=\"col-12 col-md-11 col-lg-10\"><h2 class=\"intro-para-title\">Im Zuge der Umgestaltung der Netze m\u00fcssen sich die Betreiber von intelligenten \u00dcbertragungs- und Verteilernetzen anpassen und eine Vielzahl von wachsenden Herausforderungen bew\u00e4ltigen.<\/h2><p class=\"intro-para-content\">Zu diesen Herausforderungen geh\u00f6ren ein h\u00f6herer Anteil dezentraler und intermittierender erneuerbarer Energien, die zu einer gr\u00f6\u00dferen Netzinstabilit\u00e4t f\u00fchren k\u00f6nnen, sowie der Bedarf an besseren Speicherl\u00f6sungen und die Nutzung ausgereifter digitaler Technologien wie IoT, 5G und KI, um Fortschritte zu erzielen.<\/p><\/div><\/div><\/div><\/div><\/section>\n\n\n\n<section class=\"wp-block-cg-blocks-group undefined section section--article-content\"><div class=\"article-main-content\"><div class=\"container\"><div class=\"row\"><div class=\"col-12 col-md-11 col-lg-10 offset-md-1 offset-lg-1\"><div class=\"article-text article-quote-text\">\n<p>Es besteht auch ein Bedarf an gr\u00f6\u00dferer Netzresilienz angesichts von Wetterereignissen und an Verantwortlichkeit f\u00fcr die Energiewende. Dar\u00fcber hinaus geraten die derzeitigen Gesch\u00e4ftsmodelle zunehmend unter Druck, da Microgrids und Eigenverbrauch die Einnahmen aus der Energie\u00fcbertragung und -verteilung beeintr\u00e4chtigen. Die folgenden Punkte sind f\u00fcr \u00dcbertragungs- und Verteilungsbetreiber wichtig:<\/p>\n\n\n\n<ul class=\"wp-block-list\">\n<li>Effizientere Verwaltung des Verteilernetzes und Ber\u00fccksichtigung von Architektur\u00e4nderungen und bidirektionalem Fluss<\/li>\n\n\n\n<li>Integration neuer Anwendungen und dezentraler Stromerzeuger<\/li>\n\n\n\n<li>Verbreitung, Schutz und sichere Weitergabe von Daten an verschiedene Interessengruppen<\/li>\n<\/ul>\n\n\n\n<p>Wie k\u00f6nnen Sie also sicherstellen, dass Sie all diese Herausforderungen meistern und Ihr Unternehmen in diesem sich schnell ver\u00e4ndernden Umfeld wachsen kann?<\/p>\n\n\n\n<h2 class=\"wp-block-heading\" id=\"h-\"><\/h2>\n\n\n\n<h3 class=\"wp-block-heading\" id=\"h-wir-stellen-admnext-von-capgemini-fur-energieversorgungsunternehmen-vor-kundenzentrierung-cybersicherheit-modernisierung-kostensenkung-und-einhaltung-gesetzlicher-vorschriften\">Wir stellen ADMnext von Capgemini f\u00fcr Energieversorgungsunternehmen vor: Kundenzentrierung, Cybersicherheit, Modernisierung, Kostensenkung und Einhaltung gesetzlicher Vorschriften<\/h3>\n\n\n\n<p>Capgemini&#8217;s ADMnext for Electric Utilities unterst\u00fctzt Sie bei der Erf\u00fcllung all Ihrer Top-Priorit\u00e4ten, indem Sie sich mit gesch\u00e4ftsorientierten, personalisierten Mehrwertdiensten, die durch digitale, hochmoderne Technologien und L\u00f6sungen erm\u00f6glicht werden, besser auf Ihre Endkunden konzentrieren k\u00f6nnen:<\/p>\n\n\n\n<ul class=\"wp-block-list\">\n<li><strong>Adaptive ADM Services<\/strong>&nbsp;setzen unsere Hyper-Automatisierungsf\u00e4higkeiten mit der Intelligent Automation Platform von Capgemini ein, um Ihnen zu helfen, Kosten zu senken und kontinuierliche Verbesserungen zu erzielen<\/li>\n\n\n\n<li><strong>Modernization Services<\/strong>&nbsp;optimieren Ihren IT-Bestand und die Verwaltung Ihrer Cloud- und Dateninfrastruktur zur Gew\u00e4hrleistung der IT-OT-Konvergenz<\/li>\n\n\n\n<li><strong>Business Insightful Services<\/strong>&nbsp;beinhalten die Intelligent Automation Platform for Business von Capgemini, die einen ergebnisorientierten Ansatz gew\u00e4hrleistet, der die KPIs von Business und Smart AM sowie die Prozesseffizienz erf\u00fcllt<\/li>\n\n\n\n<li><strong>Emerging Services &amp; Products<\/strong>&nbsp;bieten L\u00f6sungen f\u00fcr ein intelligentes Stromnetz im gro\u00dfen Ma\u00dfstab, um Sie bei der Modernisierung Ihres Stromnetzes und der Bew\u00e4ltigung von Cybersecurity-Risiken zu unterst\u00fctzen.<\/li>\n<\/ul>\n\n\n\n<h2 class=\"wp-block-heading\" id=\"h-\"><\/h2>\n\n\n\n<p>Bei der Anwendung dieser Dienstleistungen in Ihrem gesamten Betrieb arbeitet Capgemini eng mit Ihnen zusammen, um:<\/p>\n\n\n\n<ul class=\"wp-block-list\">\n<li>Intelligente Netzl\u00f6sungen in gro\u00dfem Ma\u00dfstab umsetzen<\/li>\n\n\n\n<li>Ihr Dienstleistungsspektrum zu erweitern und die Resilienz und Kontinuit\u00e4t der Versorgung zu verbessern<\/li>\n\n\n\n<li>Daten zu nutzen und IT-OT-Konvergenz zu erm\u00f6glichen<\/li>\n\n\n\n<li>Kosten zu senken und kontinuierliche Verbesserungen voranzutreiben.<\/li>\n<\/ul>\n<\/div><\/div><\/div><\/div><\/div><\/section>\n","protected":false},"excerpt":{"rendered":"","protected":false},"author":151,"featured_media":0,"parent":743171,"menu_order":0,"comment_status":"closed","ping_status":"closed","template":"","meta":{"cg_dt_proposed_to":[],"cg_seo_hreflang_relations":"[]","cg_seo_canonical_relation":"{\"uuid\":\"63fda2b7-27ac-46af-8dbc-4073cc45874e\",\"blogId\":\"\",\"domain\":\"\",\"sitePath\":\"\",\"postLink\":\"\",\"postId\":null,\"isSaved\":true,\"isCrossLink\":false,\"hasCrossLink\":false}","cg_seo_hreflang_x_default_relation":"{\"uuid\":\"3d262aae-ed7c-44f7-af2d-8d7f806d6591\",\"blogId\":\"\",\"domain\":\"\",\"sitePath\":\"\",\"postLink\":\"\",\"postId\":null,\"isSaved\":true,\"isCrossLink\":false,\"hasCrossLink\":false}","cg_dt_approved_content":true,"cg_dt_mandatory_content":false,"cg_dt_notes":"","cg_dg_source_changed":false,"cg_dt_link_disabled":false,"_yoast_wpseo_primary_brand":"","footnotes":"","featured_focal_points":"","partner_card_description":"","gsap_animation":0},"brand":[],"partner_type":[],"service":[],"industry":[],"partners":[],"page-type":[287],"content-group":[],"class_list":["post-743030","page","type-page","status-publish","hentry","page-type-solutions"],"yoast_head":"<!-- This site is optimized with the Yoast SEO Premium plugin v22.8 (Yoast SEO v22.8) - https:\/\/yoast.com\/wordpress\/plugins\/seo\/ -->\n<title>Admnext f\u00fcr Stromversorger - Capgemini<\/title>\n<meta name=\"description\" content=\"Mit Admnext k\u00f6nnen Stromversorger ihren Kundenservice verbessern, die Cybersicherheit erh\u00f6hen, modernisieren und Kosten sparen.\" \/>\n<meta name=\"robots\" content=\"index, follow, max-snippet:-1, max-image-preview:large, max-video-preview:-1\" \/>\n<link rel=\"canonical\" href=\"https:\/\/www.capgemini.com\/de-de\/solutions\/admnext-for-electric-utilities\/\" \/>\n<meta property=\"og:locale\" content=\"de_DE\" \/>\n<meta property=\"og:type\" content=\"article\" \/>\n<meta property=\"og:title\" content=\"Admnext f\u00fcr Stromversorger - Capgemini\" \/>\n<meta property=\"og:description\" content=\"Mit Admnext k\u00f6nnen Stromversorger ihren Kundenservice verbessern, die Cybersicherheit erh\u00f6hen, modernisieren und Kosten sparen.\" \/>\n<meta property=\"og:url\" content=\"https:\/\/www.capgemini.com\/de-de\/solutions\/admnext-for-electric-utilities\/\" \/>\n<meta property=\"og:site_name\" content=\"Capgemini\" \/>\n<meta property=\"article:modified_time\" content=\"2025-03-05T06:12:19+00:00\" \/>\n<meta property=\"og:image\" content=\"https:\/\/www.capgemini.com\/wp-content\/uploads\/2018\/11\/sap-hana.jpg\" \/>\n<meta name=\"twitter:card\" content=\"summary_large_image\" \/>\n<meta name=\"twitter:label1\" content=\"Est. reading time\" \/>\n\t<meta name=\"twitter:data1\" content=\"3 minutes\" \/>\n<script type=\"application\/ld+json\" class=\"yoast-schema-graph\">{\"@context\":\"https:\/\/schema.org\",\"@graph\":[{\"@type\":\"WebPage\",\"@id\":\"https:\/\/www.capgemini.com\/de-de\/solutions\/admnext-for-electric-utilities\/\",\"url\":\"https:\/\/www.capgemini.com\/de-de\/solutions\/admnext-for-electric-utilities\/\",\"name\":\"Admnext f\u00fcr Stromversorger - Capgemini\",\"isPartOf\":{\"@id\":\"https:\/\/www.capgemini.com\/de-de\/#website\"},\"primaryImageOfPage\":{\"@id\":\"https:\/\/www.capgemini.com\/de-de\/solutions\/admnext-for-electric-utilities\/#primaryimage\"},\"image\":{\"@id\":\"https:\/\/www.capgemini.com\/de-de\/solutions\/admnext-for-electric-utilities\/#primaryimage\"},\"thumbnailUrl\":\"https:\/\/www.capgemini.com\/wp-content\/uploads\/2018\/11\/sap-hana.jpg\",\"datePublished\":\"2021-09-21T12:18:13+00:00\",\"dateModified\":\"2025-03-05T06:12:19+00:00\",\"description\":\"Mit Admnext k\u00f6nnen Stromversorger ihren Kundenservice verbessern, die Cybersicherheit erh\u00f6hen, modernisieren und Kosten sparen.\",\"breadcrumb\":{\"@id\":\"https:\/\/www.capgemini.com\/de-de\/solutions\/admnext-for-electric-utilities\/#breadcrumb\"},\"inLanguage\":\"de-DE\",\"potentialAction\":[{\"@type\":\"ReadAction\",\"target\":[\"https:\/\/www.capgemini.com\/de-de\/solutions\/admnext-for-electric-utilities\/\"]}]},{\"@type\":\"ImageObject\",\"inLanguage\":\"de-DE\",\"@id\":\"https:\/\/www.capgemini.com\/de-de\/solutions\/admnext-for-electric-utilities\/#primaryimage\",\"url\":\"https:\/\/www.capgemini.com\/wp-content\/uploads\/2018\/11\/sap-hana.jpg\",\"contentUrl\":\"https:\/\/www.capgemini.com\/wp-content\/uploads\/2018\/11\/sap-hana.jpg\"},{\"@type\":\"BreadcrumbList\",\"@id\":\"https:\/\/www.capgemini.com\/de-de\/solutions\/admnext-for-electric-utilities\/#breadcrumb\",\"itemListElement\":[{\"@type\":\"ListItem\",\"position\":1,\"name\":\"Solutions\",\"item\":\"https:\/\/www.capgemini.com\/de-de\/solutions\/\"},{\"@type\":\"ListItem\",\"position\":2,\"name\":\"Admnext f\u00fcr Stromversorger\"}]},{\"@type\":\"WebSite\",\"@id\":\"https:\/\/www.capgemini.com\/de-de\/#website\",\"url\":\"https:\/\/www.capgemini.com\/de-de\/\",\"name\":\"Capgemini Deutschland\",\"description\":\"Make it real\",\"potentialAction\":[{\"@type\":\"SearchAction\",\"target\":{\"@type\":\"EntryPoint\",\"urlTemplate\":\"https:\/\/www.capgemini.com\/de-de\/?s={search_term_string}\"},\"query-input\":\"required name=search_term_string\"}],\"inLanguage\":\"de-DE\"}]}<\/script>\n<!-- \/ Yoast SEO Premium plugin. -->","yoast_head_json":{"title":"Admnext f\u00fcr Stromversorger - Capgemini","description":"Mit Admnext k\u00f6nnen Stromversorger ihren Kundenservice verbessern, die Cybersicherheit erh\u00f6hen, modernisieren und Kosten sparen.","robots":{"index":"index","follow":"follow","max-snippet":"max-snippet:-1","max-image-preview":"max-image-preview:large","max-video-preview":"max-video-preview:-1"},"canonical":"https:\/\/www.capgemini.com\/de-de\/solutions\/admnext-for-electric-utilities\/","og_locale":"de_DE","og_type":"article","og_title":"Admnext f\u00fcr Stromversorger - Capgemini","og_description":"Mit Admnext k\u00f6nnen Stromversorger ihren Kundenservice verbessern, die Cybersicherheit erh\u00f6hen, modernisieren und Kosten sparen.","og_url":"https:\/\/www.capgemini.com\/de-de\/solutions\/admnext-for-electric-utilities\/","og_site_name":"Capgemini","article_modified_time":"2025-03-05T06:12:19+00:00","og_image":[{"url":"https:\/\/www.capgemini.com\/wp-content\/uploads\/2018\/11\/sap-hana.jpg"}],"twitter_card":"summary_large_image","twitter_misc":{"Est. reading time":"3 minutes"},"schema":{"@context":"https:\/\/schema.org","@graph":[{"@type":"WebPage","@id":"https:\/\/www.capgemini.com\/de-de\/solutions\/admnext-for-electric-utilities\/","url":"https:\/\/www.capgemini.com\/de-de\/solutions\/admnext-for-electric-utilities\/","name":"Admnext f\u00fcr Stromversorger - Capgemini","isPartOf":{"@id":"https:\/\/www.capgemini.com\/de-de\/#website"},"primaryImageOfPage":{"@id":"https:\/\/www.capgemini.com\/de-de\/solutions\/admnext-for-electric-utilities\/#primaryimage"},"image":{"@id":"https:\/\/www.capgemini.com\/de-de\/solutions\/admnext-for-electric-utilities\/#primaryimage"},"thumbnailUrl":"https:\/\/www.capgemini.com\/wp-content\/uploads\/2018\/11\/sap-hana.jpg","datePublished":"2021-09-21T12:18:13+00:00","dateModified":"2025-03-05T06:12:19+00:00","description":"Mit Admnext k\u00f6nnen Stromversorger ihren Kundenservice verbessern, die Cybersicherheit erh\u00f6hen, modernisieren und Kosten sparen.","breadcrumb":{"@id":"https:\/\/www.capgemini.com\/de-de\/solutions\/admnext-for-electric-utilities\/#breadcrumb"},"inLanguage":"de-DE","potentialAction":[{"@type":"ReadAction","target":["https:\/\/www.capgemini.com\/de-de\/solutions\/admnext-for-electric-utilities\/"]}]},{"@type":"ImageObject","inLanguage":"de-DE","@id":"https:\/\/www.capgemini.com\/de-de\/solutions\/admnext-for-electric-utilities\/#primaryimage","url":"https:\/\/www.capgemini.com\/wp-content\/uploads\/2018\/11\/sap-hana.jpg","contentUrl":"https:\/\/www.capgemini.com\/wp-content\/uploads\/2018\/11\/sap-hana.jpg"},{"@type":"BreadcrumbList","@id":"https:\/\/www.capgemini.com\/de-de\/solutions\/admnext-for-electric-utilities\/#breadcrumb","itemListElement":[{"@type":"ListItem","position":1,"name":"Solutions","item":"https:\/\/www.capgemini.com\/de-de\/solutions\/"},{"@type":"ListItem","position":2,"name":"Admnext f\u00fcr Stromversorger"}]},{"@type":"WebSite","@id":"https:\/\/www.capgemini.com\/de-de\/#website","url":"https:\/\/www.capgemini.com\/de-de\/","name":"Capgemini Deutschland","description":"Make it real","potentialAction":[{"@type":"SearchAction","target":{"@type":"EntryPoint","urlTemplate":"https:\/\/www.capgemini.com\/de-de\/?s={search_term_string}"},"query-input":"required name=search_term_string"}],"inLanguage":"de-DE"}]}},"brand_term":[],"parsely":{"version":"1.1.0","canonical_url":"https:\/\/capgemini.com\/de-de\/solutions\/admnext-for-electric-utilities\/","smart_links":{"inbound":0,"outbound":0},"traffic_boost_suggestions_count":0,"meta":{"@context":"https:\/\/schema.org","@type":"WebPage","headline":"Admnext f\u00fcr Stromversorger","url":"http:\/\/www.capgemini.com\/de-de\/solutions\/admnext-for-electric-utilities\/","mainEntityOfPage":{"@type":"WebPage","@id":"http:\/\/www.capgemini.com\/de-de\/solutions\/admnext-for-electric-utilities\/"},"thumbnailUrl":"","image":{"@type":"ImageObject","url":""},"articleSection":"Uncategorized","author":[],"creator":[],"publisher":{"@type":"Organization","name":"Capgemini","logo":""},"keywords":[],"dateCreated":"2021-09-21T12:18:13Z","datePublished":"2021-09-21T12:18:13Z","dateModified":"2025-03-05T06:12:19Z"},"rendered":"<script type=\"application\/ld+json\" class=\"wp-parsely-metadata\">{\"@context\":\"https:\\\/\\\/schema.org\",\"@type\":\"WebPage\",\"headline\":\"Admnext f\\u00fcr Stromversorger\",\"url\":\"http:\\\/\\\/www.capgemini.com\\\/de-de\\\/solutions\\\/admnext-for-electric-utilities\\\/\",\"mainEntityOfPage\":{\"@type\":\"WebPage\",\"@id\":\"http:\\\/\\\/www.capgemini.com\\\/de-de\\\/solutions\\\/admnext-for-electric-utilities\\\/\"},\"thumbnailUrl\":\"\",\"image\":{\"@type\":\"ImageObject\",\"url\":\"\"},\"articleSection\":\"Uncategorized\",\"author\":[],\"creator\":[],\"publisher\":{\"@type\":\"Organization\",\"name\":\"Capgemini\",\"logo\":\"\"},\"keywords\":[],\"dateCreated\":\"2021-09-21T12:18:13Z\",\"datePublished\":\"2021-09-21T12:18:13Z\",\"dateModified\":\"2025-03-05T06:12:19Z\"}<\/script>","tracker_url":"https:\/\/cdn.parsely.com\/keys\/capgemini.com\/p.js"},"archive_status":false,"featured_image_src":"https:\/\/www.capgemini.com\/de-de\/wp-content\/themes\/capgemini2025\/assets\/images\/mockup.png","featured_image_alt":false,"jetpack_sharing_enabled":true,"distributor_meta":false,"distributor_terms":false,"distributor_media":false,"distributor_original_site_name":"Capgemini","distributor_original_site_url":"https:\/\/www.capgemini.com\/de-de","push-errors":false,"_links":{"self":[{"href":"https:\/\/www.capgemini.com\/de-de\/wp-json\/wp\/v2\/pages\/743030","targetHints":{"allow":["GET"]}}],"collection":[{"href":"https:\/\/www.capgemini.com\/de-de\/wp-json\/wp\/v2\/pages"}],"about":[{"href":"https:\/\/www.capgemini.com\/de-de\/wp-json\/wp\/v2\/types\/page"}],"author":[{"embeddable":true,"href":"https:\/\/www.capgemini.com\/de-de\/wp-json\/wp\/v2\/users\/151"}],"replies":[{"embeddable":true,"href":"https:\/\/www.capgemini.com\/de-de\/wp-json\/wp\/v2\/comments?post=743030"}],"version-history":[{"count":12,"href":"https:\/\/www.capgemini.com\/de-de\/wp-json\/wp\/v2\/pages\/743030\/revisions"}],"predecessor-version":[{"id":876274,"href":"https:\/\/www.capgemini.com\/de-de\/wp-json\/wp\/v2\/pages\/743030\/revisions\/876274"}],"up":[{"embeddable":true,"href":"https:\/\/www.capgemini.com\/de-de\/wp-json\/wp\/v2\/pages\/743171"}],"wp:attachment":[{"href":"https:\/\/www.capgemini.com\/de-de\/wp-json\/wp\/v2\/media?parent=743030"}],"wp:term":[{"taxonomy":"brand","embeddable":true,"href":"https:\/\/www.capgemini.com\/de-de\/wp-json\/wp\/v2\/brand?post=743030"},{"taxonomy":"partner_type","embeddable":true,"href":"https:\/\/www.capgemini.com\/de-de\/wp-json\/wp\/v2\/partner_type?post=743030"},{"taxonomy":"service","embeddable":true,"href":"https:\/\/www.capgemini.com\/de-de\/wp-json\/wp\/v2\/service?post=743030"},{"taxonomy":"industry","embeddable":true,"href":"https:\/\/www.capgemini.com\/de-de\/wp-json\/wp\/v2\/industry?post=743030"},{"taxonomy":"partners","embeddable":true,"href":"https:\/\/www.capgemini.com\/de-de\/wp-json\/wp\/v2\/partners?post=743030"},{"taxonomy":"page-type","embeddable":true,"href":"https:\/\/www.capgemini.com\/de-de\/wp-json\/wp\/v2\/page-type?post=743030"},{"taxonomy":"content-group","embeddable":true,"href":"https:\/\/www.capgemini.com\/de-de\/wp-json\/wp\/v2\/content-group?post=743030"}],"curies":[{"name":"wp","href":"https:\/\/api.w.org\/{rel}","templated":true}]}}