{"id":742526,"date":"2021-11-25T07:54:57","date_gmt":"2021-11-25T07:54:57","guid":{"rendered":"https:\/\/www.capgemini.com\/?page_id=636748"},"modified":"2026-03-26T08:41:38","modified_gmt":"2026-03-26T08:41:38","slug":"digital-twin","status":"publish","type":"page","link":"https:\/\/www.capgemini.com\/de-de\/solutions\/digital-twin\/","title":{"rendered":"Digital Twin"},"content":{"rendered":"\n<header class=\"wp-block-cg-blocks-hero-reusable header heroReusable  \"><div class=\"header-bgs\"><picture><source srcset=\"https:\/\/www.capgemini.com\/wp-content\/uploads\/2022\/04\/Capgemini_Intelligent-business-operations_frictionless-finance_Digital-twin.jpg?w=2880&amp;quality=70 1x, https:\/\/www.capgemini.com\/wp-content\/uploads\/2022\/04\/Capgemini_Intelligent-business-operations_frictionless-finance_Digital-twin.jpg?w=2880&amp;quality=70 2x\" media=\"(min-width: 1500px)\"\/><source srcset=\"https:\/\/www.capgemini.com\/wp-content\/uploads\/2022\/04\/Capgemini_Intelligent-business-operations_frictionless-finance_Digital-twin.jpg?w=1440&amp;quality=70 1x, https:\/\/www.capgemini.com\/wp-content\/uploads\/2022\/04\/Capgemini_Intelligent-business-operations_frictionless-finance_Digital-twin.jpg?w=2880&amp;quality=70 2x\" media=\"(min-width: 992px)\"\/><source srcset=\"https:\/\/www.capgemini.com\/wp-content\/uploads\/2022\/04\/Capgemini_Intelligent-business-operations_frictionless-finance_Digital-twin.jpg?w=1024&amp;quality=70 1x, https:\/\/www.capgemini.com\/wp-content\/uploads\/2022\/04\/Capgemini_Intelligent-business-operations_frictionless-finance_Digital-twin.jpg?w=1024&amp;quality=70 2x\" media=\"(min-width: 768px)\"\/><source srcset=\"https:\/\/www.capgemini.com\/wp-content\/uploads\/2022\/04\/Capgemini_Intelligent-business-operations_frictionless-finance_Digital-twin.jpg?w=768&amp;quality=70 1x, https:\/\/www.capgemini.com\/wp-content\/uploads\/2022\/04\/Capgemini_Intelligent-business-operations_frictionless-finance_Digital-twin.jpg?w=768&amp;quality=70 2x\" media=\"(min-width: 0)\"\/><img decoding=\"async\" src=\"https:\/\/www.capgemini.com\/wp-content\/uploads\/2022\/04\/Capgemini_Intelligent-business-operations_frictionless-finance_Digital-twin.jpg\" class=\"header-img header-img-d\" alt=\"\" style=\"object-fit:cover;object-position:67% 28.000000000000004%\" loading=\"eager\"\/><\/picture><\/div><div class=\"heroPictureCardHeaderShape\"><\/div><div class=\"container\"><div class=\"row\"><div class=\"col-md-12\"><div class=\"box\"><div class=\"boxTagWrapper\"><div class=\"tagInfo\"><div><span class=\"box-tag\">Solution<\/span><\/div><\/div><\/div><div class=\"box-title\"><h1 data-maxlength=\"34\">digital twin<\/h1><\/div><div class=\"inner-row-insight download-btn\"><div class=\"col-md-4 downloadFiles addPadding\"><a class=\"button-download--small\" type=\"download\" href=\"https:\/\/www.capgemini.com\/wp-content\/uploads\/2022\/09\/Digital-Twin-in-Finance-Frictionless-Finance.pdf\" target=\"_blank\" rel=\"noopener noreferrer\" title=\"opens in a new window\"><span>Download Brosch\u00fcre<\/span><span class=\"type\">2 MB pdf<\/span><\/a><\/div><\/div><\/div><\/div><\/div><\/div><\/header>\n\n\n\n<section class=\"wp-block-cg-blocks-group undefined section--story-content article-body section section--article-content\"><div class=\"article-main-content\"><div class=\"container\"><div class=\"grid-container\"><div class=\"col-12 col-md-2\"><nav class=\"article-social\"><ul class=\"social-nav\"><li class=\"ip-order-fb\"><a href=\"https:\/\/www.facebook.com\/sharer\/sharer.php?u=https:\/\/www.capgemini.com\/de-de\/solutions\/digital-twin\/\" target=\"_blank\" rel=\"noopener noreferrer\" title=\"opens in a new window\"><i aria-hidden=\"true\" class=\"icon-fb\"><\/i><span class=\"sr-only\">Facebook<\/span><\/a><\/li><li class=\"ip-order-li\"><a href=\"https:\/\/www.linkedin.com\/sharing\/share-offsite\/?url=https:\/\/www.capgemini.com\/de-de\/solutions\/digital-twin\/\" target=\"_blank\" rel=\"noopener noreferrer\" title=\"opens in a new window\"><i aria-hidden=\"true\" class=\"icon-li\"><\/i><span class=\"sr-only\">Linkedin<\/span><\/a><\/li><\/ul><\/nav><\/div><div><div class=\"article-text article-quote-text\">\n<h2 class=\"wp-block-heading\" id=\"h-schaffen-sie-die-grundlagen-fur-eine-unkomplizierte-transformation-und-kontinuierliche-innovation\">Schaffen Sie die Grundlagen f\u00fcr eine unkomplizierte Transformation und kontinuierliche Innovation.<\/h2>\n\n\n\n<p>Die Digital Twin L\u00f6sung von Capgemini ist ein integraler Bestandteil unseres Frictionless Finance Angebots und eine Schl\u00fcsselkomponente unserer <a href=\"https:\/\/www.capgemini.com\/de-de\/solutions\/digital-global-enterprise-model\/\"><strong>Digital Global Enterprise (D-GEM)<\/strong><\/a> Plattform. Unsere L\u00f6sung nutzt k\u00fcnstliche Intelligenz (KI), intelligente Automatisierung und Daten, um einen positiven Kreislauf aus Business Mining, Modellierung, Simulation und Verbesserung in Gang zu setzen, der Ihrer Finanzfunktion kontinuierliche Innovation bringt.<\/p>\n\n\n\n<p>Unsere L\u00f6sung identifiziert und \u00fcberwindet Reibungsverluste in Ihren Gesch\u00e4ftsabl\u00e4ufen, modelliert und verbessert Ihre Finanzprozesse in einem sicheren, digital isolierten Echtzeit-Szenario, um:<\/p>\n\n\n\n<ul class=\"wp-block-list\">\n<li>Identifizierung von St\u00e4rken und Schw\u00e4chen in Ihrem Unternehmen, einschlie\u00dflich Kapazit\u00e4tsbeschr\u00e4nkungen, Engp\u00e4ssen, kritischen Punkten des Versagens und gegenseitigen Abh\u00e4ngigkeiten<\/li>\n\n\n\n<li>Erm\u00f6glichen Sie eine einfache Entscheidungsfindung durch die Bereitstellung von Daten und Erkenntnissen<\/li>\n\n\n\n<li>Erfassen, Bewerten und Priorisieren von M\u00f6glichkeiten zur Umgestaltung und Verbesserung von End-to-End-Prozessen<\/li>\n\n\n\n<li>Messen Sie die Auswirkungen potenzieller \u00c4nderungen, bevor sie in einer Live-Umgebung umgesetzt werden.<\/li>\n\n\n\n<li>Erstellen und Testen alternativer Abl\u00e4ufe und Ergebnisse, um zu verstehen, wie ein optimaler Nutzen erzielt werden kann<\/li>\n\n\n\n<li>\u00dcberwachen Sie Ihre Kapitalrendite (ROI)<\/li>\n<\/ul>\n\n\n\n<div style=\"height:20px\" aria-hidden=\"true\" class=\"wp-block-spacer\"><\/div>\n\n\n\n<figure class=\"wp-block-image alignleft\"><img decoding=\"async\" src=\"https:\/\/www.capgemini.com\/wp-content\/uploads\/2021\/05\/Outcomes_AI-Digital-Twin.jpg\" alt=\"Outcomes AI Digital Twin\" class=\"wp-image-595227\"\/><\/figure>\n\n\n\n<div style=\"height:20px\" aria-hidden=\"true\" class=\"wp-block-spacer\"><\/div>\n\n\n\n<p>Dadurch wird Ihre Finanzfunktion so umgestaltet, dass sie einen reibungslosen, unternehmensweiten Nutzen und Ergebnisse in Ihrem Unternehmen erzielt, einschlie\u00dflich einer verbesserten Kundenerfahrung und Entscheidungsfindung, einer Verbesserung des Betriebskapitals und der Produktivit\u00e4t sowie einer Reduzierung der Betriebskosten.<\/p>\n\n\n\n<p>Unsere L\u00f6sung untermauert und unterst\u00fctzt unsere zentralen Finanzl\u00f6sungen, die eine KI-gest\u00fctzte Belegschaft, KI-gesteuerte Betriebsmodelle und eine Partnerschaftsphilosophie nutzen, um eine unkomplizierte Abwicklung zu erm\u00f6glichen. Dies erm\u00f6glicht Ihrem Unternehmen den \u00dcbergang zum &#8211; wie wir es nennen &#8211; &#8220;Frictionless Enterprise&#8221;.<\/p>\n\n\n\n<p>Erfahren Sie mehr \u00fcber das &#8220;Frictionless Enterprise&#8221; mit unseren <a href=\"https:\/\/www.capgemini.com\/de-de\/services\/enterprise-management\/intelligent-business-operations\/\">Intelligent Business Operations.<\/a><\/p>\n<\/div><\/div><\/div><\/div><\/div><\/section>\n","protected":false},"excerpt":{"rendered":"","protected":false},"author":33,"featured_media":742529,"parent":743171,"menu_order":0,"comment_status":"closed","ping_status":"closed","template":"","meta":{"cg_dt_proposed_to":[],"cg_seo_hreflang_relations":"[]","cg_seo_canonical_relation":"","cg_seo_hreflang_x_default_relation":"{\"uuid\":\"85e207d0-0c17-4ffe-9979-b9c904a76b05\",\"blogId\":\"\",\"domain\":\"\",\"sitePath\":\"\",\"postLink\":\"\",\"postId\":null,\"isSaved\":true,\"isCrossLink\":false,\"hasCrossLink\":false}","cg_dt_approved_content":true,"cg_dt_mandatory_content":false,"cg_dt_notes":"","cg_dg_source_changed":false,"cg_dt_link_disabled":false,"_yoast_wpseo_primary_brand":"","footnotes":"","featured_focal_points":"","partner_card_description":"","gsap_animation":0},"brand":[],"partner_type":[],"service":[],"industry":[],"partners":[],"page-type":[287],"content-group":[],"class_list":["post-742526","page","type-page","status-publish","has-post-thumbnail","hentry","page-type-solutions"],"yoast_head":"<!-- This site is optimized with the Yoast SEO Premium plugin v22.8 (Yoast SEO v22.8) - https:\/\/yoast.com\/wordpress\/plugins\/seo\/ -->\n<title>Digital Twin - Capgemini<\/title>\n<meta name=\"robots\" content=\"index, follow, max-snippet:-1, max-image-preview:large, max-video-preview:-1\" \/>\n<link rel=\"canonical\" href=\"https:\/\/www.capgemini.com\/de-de\/solutions\/digital-twin\/\" \/>\n<meta property=\"og:locale\" content=\"de_DE\" \/>\n<meta property=\"og:type\" content=\"article\" \/>\n<meta property=\"og:title\" content=\"Digital Twin - Capgemini\" \/>\n<meta property=\"og:url\" content=\"https:\/\/www.capgemini.com\/de-de\/solutions\/digital-twin\/\" \/>\n<meta property=\"og:site_name\" content=\"Capgemini\" \/>\n<meta property=\"article:modified_time\" content=\"2026-03-26T08:41:38+00:00\" \/>\n<meta property=\"og:image\" content=\"https:\/\/www.capgemini.com\/de-de\/wp-content\/uploads\/sites\/8\/2021\/11\/Capgemini_Intelligent-business-operations_frictionless-finance_Digital-twin.jpg\" \/>\n\t<meta property=\"og:image:width\" content=\"2880\" \/>\n\t<meta property=\"og:image:height\" content=\"1800\" \/>\n\t<meta property=\"og:image:type\" content=\"image\/jpeg\" \/>\n<meta name=\"twitter:card\" content=\"summary_large_image\" \/>\n<meta name=\"twitter:label1\" content=\"Est. reading time\" \/>\n\t<meta name=\"twitter:data1\" content=\"3 minutes\" \/>\n<script type=\"application\/ld+json\" class=\"yoast-schema-graph\">{\"@context\":\"https:\/\/schema.org\",\"@graph\":[{\"@type\":\"WebPage\",\"@id\":\"https:\/\/www.capgemini.com\/de-de\/solutions\/digital-twin\/\",\"url\":\"https:\/\/www.capgemini.com\/de-de\/solutions\/digital-twin\/\",\"name\":\"Digital Twin - Capgemini\",\"isPartOf\":{\"@id\":\"https:\/\/www.capgemini.com\/de-de\/#website\"},\"primaryImageOfPage\":{\"@id\":\"https:\/\/www.capgemini.com\/de-de\/solutions\/digital-twin\/#primaryimage\"},\"image\":{\"@id\":\"https:\/\/www.capgemini.com\/de-de\/solutions\/digital-twin\/#primaryimage\"},\"thumbnailUrl\":\"https:\/\/www.capgemini.com\/de-de\/wp-content\/uploads\/sites\/8\/2021\/11\/Capgemini_Intelligent-business-operations_frictionless-finance_Digital-twin.jpg\",\"datePublished\":\"2021-11-25T07:54:57+00:00\",\"dateModified\":\"2026-03-26T08:41:38+00:00\",\"breadcrumb\":{\"@id\":\"https:\/\/www.capgemini.com\/de-de\/solutions\/digital-twin\/#breadcrumb\"},\"inLanguage\":\"de-DE\",\"potentialAction\":[{\"@type\":\"ReadAction\",\"target\":[\"https:\/\/www.capgemini.com\/de-de\/solutions\/digital-twin\/\"]}]},{\"@type\":\"ImageObject\",\"inLanguage\":\"de-DE\",\"@id\":\"https:\/\/www.capgemini.com\/de-de\/solutions\/digital-twin\/#primaryimage\",\"url\":\"https:\/\/www.capgemini.com\/de-de\/wp-content\/uploads\/sites\/8\/2021\/11\/Capgemini_Intelligent-business-operations_frictionless-finance_Digital-twin.jpg\",\"contentUrl\":\"https:\/\/www.capgemini.com\/de-de\/wp-content\/uploads\/sites\/8\/2021\/11\/Capgemini_Intelligent-business-operations_frictionless-finance_Digital-twin.jpg\",\"width\":2880,\"height\":1800},{\"@type\":\"BreadcrumbList\",\"@id\":\"https:\/\/www.capgemini.com\/de-de\/solutions\/digital-twin\/#breadcrumb\",\"itemListElement\":[{\"@type\":\"ListItem\",\"position\":1,\"name\":\"Solutions\",\"item\":\"https:\/\/www.capgemini.com\/de-de\/solutions\/\"},{\"@type\":\"ListItem\",\"position\":2,\"name\":\"Digital Twin\"}]},{\"@type\":\"WebSite\",\"@id\":\"https:\/\/www.capgemini.com\/de-de\/#website\",\"url\":\"https:\/\/www.capgemini.com\/de-de\/\",\"name\":\"Capgemini Deutschland\",\"description\":\"Make it real\",\"potentialAction\":[{\"@type\":\"SearchAction\",\"target\":{\"@type\":\"EntryPoint\",\"urlTemplate\":\"https:\/\/www.capgemini.com\/de-de\/?s={search_term_string}\"},\"query-input\":\"required name=search_term_string\"}],\"inLanguage\":\"de-DE\"}]}<\/script>\n<!-- \/ Yoast SEO Premium plugin. -->","yoast_head_json":{"title":"Digital Twin - Capgemini","robots":{"index":"index","follow":"follow","max-snippet":"max-snippet:-1","max-image-preview":"max-image-preview:large","max-video-preview":"max-video-preview:-1"},"canonical":"https:\/\/www.capgemini.com\/de-de\/solutions\/digital-twin\/","og_locale":"de_DE","og_type":"article","og_title":"Digital Twin - Capgemini","og_url":"https:\/\/www.capgemini.com\/de-de\/solutions\/digital-twin\/","og_site_name":"Capgemini","article_modified_time":"2026-03-26T08:41:38+00:00","og_image":[{"width":2880,"height":1800,"url":"https:\/\/www.capgemini.com\/de-de\/wp-content\/uploads\/sites\/8\/2021\/11\/Capgemini_Intelligent-business-operations_frictionless-finance_Digital-twin.jpg","type":"image\/jpeg"}],"twitter_card":"summary_large_image","twitter_misc":{"Est. reading time":"3 minutes"},"schema":{"@context":"https:\/\/schema.org","@graph":[{"@type":"WebPage","@id":"https:\/\/www.capgemini.com\/de-de\/solutions\/digital-twin\/","url":"https:\/\/www.capgemini.com\/de-de\/solutions\/digital-twin\/","name":"Digital Twin - Capgemini","isPartOf":{"@id":"https:\/\/www.capgemini.com\/de-de\/#website"},"primaryImageOfPage":{"@id":"https:\/\/www.capgemini.com\/de-de\/solutions\/digital-twin\/#primaryimage"},"image":{"@id":"https:\/\/www.capgemini.com\/de-de\/solutions\/digital-twin\/#primaryimage"},"thumbnailUrl":"https:\/\/www.capgemini.com\/de-de\/wp-content\/uploads\/sites\/8\/2021\/11\/Capgemini_Intelligent-business-operations_frictionless-finance_Digital-twin.jpg","datePublished":"2021-11-25T07:54:57+00:00","dateModified":"2026-03-26T08:41:38+00:00","breadcrumb":{"@id":"https:\/\/www.capgemini.com\/de-de\/solutions\/digital-twin\/#breadcrumb"},"inLanguage":"de-DE","potentialAction":[{"@type":"ReadAction","target":["https:\/\/www.capgemini.com\/de-de\/solutions\/digital-twin\/"]}]},{"@type":"ImageObject","inLanguage":"de-DE","@id":"https:\/\/www.capgemini.com\/de-de\/solutions\/digital-twin\/#primaryimage","url":"https:\/\/www.capgemini.com\/de-de\/wp-content\/uploads\/sites\/8\/2021\/11\/Capgemini_Intelligent-business-operations_frictionless-finance_Digital-twin.jpg","contentUrl":"https:\/\/www.capgemini.com\/de-de\/wp-content\/uploads\/sites\/8\/2021\/11\/Capgemini_Intelligent-business-operations_frictionless-finance_Digital-twin.jpg","width":2880,"height":1800},{"@type":"BreadcrumbList","@id":"https:\/\/www.capgemini.com\/de-de\/solutions\/digital-twin\/#breadcrumb","itemListElement":[{"@type":"ListItem","position":1,"name":"Solutions","item":"https:\/\/www.capgemini.com\/de-de\/solutions\/"},{"@type":"ListItem","position":2,"name":"Digital Twin"}]},{"@type":"WebSite","@id":"https:\/\/www.capgemini.com\/de-de\/#website","url":"https:\/\/www.capgemini.com\/de-de\/","name":"Capgemini Deutschland","description":"Make it real","potentialAction":[{"@type":"SearchAction","target":{"@type":"EntryPoint","urlTemplate":"https:\/\/www.capgemini.com\/de-de\/?s={search_term_string}"},"query-input":"required name=search_term_string"}],"inLanguage":"de-DE"}]}},"brand_term":[],"parsely":{"version":"1.1.0","canonical_url":"https:\/\/capgemini.com\/de-de\/solutions\/digital-twin\/","smart_links":{"inbound":0,"outbound":0},"traffic_boost_suggestions_count":0,"meta":{"@context":"https:\/\/schema.org","@type":"WebPage","headline":"Digital Twin","url":"http:\/\/www.capgemini.com\/de-de\/solutions\/digital-twin\/","mainEntityOfPage":{"@type":"WebPage","@id":"http:\/\/www.capgemini.com\/de-de\/solutions\/digital-twin\/"},"thumbnailUrl":"https:\/\/www.capgemini.com\/de-de\/wp-content\/uploads\/sites\/8\/2021\/11\/Capgemini_Intelligent-business-operations_frictionless-finance_Digital-twin.jpg?w=150&h=150&crop=1","image":{"@type":"ImageObject","url":"https:\/\/www.capgemini.com\/de-de\/wp-content\/uploads\/sites\/8\/2021\/11\/Capgemini_Intelligent-business-operations_frictionless-finance_Digital-twin.jpg"},"articleSection":"Uncategorized","author":[],"creator":[],"publisher":{"@type":"Organization","name":"Capgemini","logo":""},"keywords":[],"dateCreated":"2021-11-25T07:54:57Z","datePublished":"2021-11-25T07:54:57Z","dateModified":"2026-03-26T08:41:38Z"},"rendered":"<script type=\"application\/ld+json\" class=\"wp-parsely-metadata\">{\"@context\":\"https:\\\/\\\/schema.org\",\"@type\":\"WebPage\",\"headline\":\"Digital Twin\",\"url\":\"http:\\\/\\\/www.capgemini.com\\\/de-de\\\/solutions\\\/digital-twin\\\/\",\"mainEntityOfPage\":{\"@type\":\"WebPage\",\"@id\":\"http:\\\/\\\/www.capgemini.com\\\/de-de\\\/solutions\\\/digital-twin\\\/\"},\"thumbnailUrl\":\"https:\\\/\\\/www.capgemini.com\\\/de-de\\\/wp-content\\\/uploads\\\/sites\\\/8\\\/2021\\\/11\\\/Capgemini_Intelligent-business-operations_frictionless-finance_Digital-twin.jpg?w=150&h=150&crop=1\",\"image\":{\"@type\":\"ImageObject\",\"url\":\"https:\\\/\\\/www.capgemini.com\\\/de-de\\\/wp-content\\\/uploads\\\/sites\\\/8\\\/2021\\\/11\\\/Capgemini_Intelligent-business-operations_frictionless-finance_Digital-twin.jpg\"},\"articleSection\":\"Uncategorized\",\"author\":[],\"creator\":[],\"publisher\":{\"@type\":\"Organization\",\"name\":\"Capgemini\",\"logo\":\"\"},\"keywords\":[],\"dateCreated\":\"2021-11-25T07:54:57Z\",\"datePublished\":\"2021-11-25T07:54:57Z\",\"dateModified\":\"2026-03-26T08:41:38Z\"}<\/script>","tracker_url":"https:\/\/cdn.parsely.com\/keys\/capgemini.com\/p.js"},"archive_status":false,"featured_image_src":"https:\/\/www.capgemini.com\/de-de\/wp-content\/uploads\/sites\/8\/2021\/11\/Capgemini_Intelligent-business-operations_frictionless-finance_Digital-twin.jpg","featured_image_alt":"","jetpack_sharing_enabled":true,"distributor_meta":false,"distributor_terms":false,"distributor_media":false,"distributor_original_site_name":"Capgemini","distributor_original_site_url":"https:\/\/www.capgemini.com\/de-de","push-errors":false,"_links":{"self":[{"href":"https:\/\/www.capgemini.com\/de-de\/wp-json\/wp\/v2\/pages\/742526","targetHints":{"allow":["GET"]}}],"collection":[{"href":"https:\/\/www.capgemini.com\/de-de\/wp-json\/wp\/v2\/pages"}],"about":[{"href":"https:\/\/www.capgemini.com\/de-de\/wp-json\/wp\/v2\/types\/page"}],"author":[{"embeddable":true,"href":"https:\/\/www.capgemini.com\/de-de\/wp-json\/wp\/v2\/users\/33"}],"replies":[{"embeddable":true,"href":"https:\/\/www.capgemini.com\/de-de\/wp-json\/wp\/v2\/comments?post=742526"}],"version-history":[{"count":15,"href":"https:\/\/www.capgemini.com\/de-de\/wp-json\/wp\/v2\/pages\/742526\/revisions"}],"predecessor-version":[{"id":893908,"href":"https:\/\/www.capgemini.com\/de-de\/wp-json\/wp\/v2\/pages\/742526\/revisions\/893908"}],"up":[{"embeddable":true,"href":"https:\/\/www.capgemini.com\/de-de\/wp-json\/wp\/v2\/pages\/743171"}],"wp:featuredmedia":[{"embeddable":true,"href":"https:\/\/www.capgemini.com\/de-de\/wp-json\/wp\/v2\/media\/742529"}],"wp:attachment":[{"href":"https:\/\/www.capgemini.com\/de-de\/wp-json\/wp\/v2\/media?parent=742526"}],"wp:term":[{"taxonomy":"brand","embeddable":true,"href":"https:\/\/www.capgemini.com\/de-de\/wp-json\/wp\/v2\/brand?post=742526"},{"taxonomy":"partner_type","embeddable":true,"href":"https:\/\/www.capgemini.com\/de-de\/wp-json\/wp\/v2\/partner_type?post=742526"},{"taxonomy":"service","embeddable":true,"href":"https:\/\/www.capgemini.com\/de-de\/wp-json\/wp\/v2\/service?post=742526"},{"taxonomy":"industry","embeddable":true,"href":"https:\/\/www.capgemini.com\/de-de\/wp-json\/wp\/v2\/industry?post=742526"},{"taxonomy":"partners","embeddable":true,"href":"https:\/\/www.capgemini.com\/de-de\/wp-json\/wp\/v2\/partners?post=742526"},{"taxonomy":"page-type","embeddable":true,"href":"https:\/\/www.capgemini.com\/de-de\/wp-json\/wp\/v2\/page-type?post=742526"},{"taxonomy":"content-group","embeddable":true,"href":"https:\/\/www.capgemini.com\/de-de\/wp-json\/wp\/v2\/content-group?post=742526"}],"curies":[{"name":"wp","href":"https:\/\/api.w.org\/{rel}","templated":true}]}}