{"id":742474,"date":"2021-12-07T10:17:35","date_gmt":"2021-12-07T10:17:35","guid":{"rendered":"https:\/\/www.capgemini.com\/?page_id=639157"},"modified":"2026-01-08T09:56:31","modified_gmt":"2026-01-08T09:56:31","slug":"speakup","status":"publish","type":"page","link":"https:\/\/www.capgemini.com\/de-de\/unternehmen\/management-governance\/policies\/speakup\/","title":{"rendered":"SpeakUp-Richtlinie"},"content":{"rendered":"\n<header class=\"wp-block-cg-blocks-hero-reusable is-style-blue-line header heroReusable  \"><div class=\"header-bgs\"><\/div><div class=\"heroPictureCardHeaderShape\"><\/div><div class=\"container\"><div class=\"row\"><div class=\"col-md-12\"><div class=\"box\"><div class=\"boxTagWrapper\"><div class=\"tagInfo\"><div><span class=\"box-tag\">Policy<\/span><\/div><\/div><\/div><div class=\"box-title\"><h1 data-maxlength=\"34\">SpeakUp-Richtlinie<\/h1><\/div><div class=\"inner-row-insight download-btn\"><div class=\"col-md-4 downloadFiles addPadding\"><a class=\"button-download--small\" type=\"download\" href=\"https:\/\/www.capgemini.com\/de-de\/wp-content\/uploads\/sites\/8\/2025\/04\/Capgemini_SpeakUpPolicy_German-1.pdf\" target=\"_blank\" rel=\"noopener noreferrer\" title=\"In neuem Fenster \u00f6ffnen\"><span>Download SpeakUp-Richtlinie (DE)<\/span><span class=\"type\">261 KB pdf<\/span><\/a><\/div><\/div><\/div><\/div><\/div><\/div><\/header>\n\n\n\n<section class=\"wp-block-cg-blocks-group undefined section section--article-content\"><div class=\"article-main-content\"><div class=\"container\"><div class=\"row\"><div class=\"col-12 col-md-1\"><nav class=\"article-social\"><ul class=\"social-nav\"><li class=\"ip-order-fb\"><a href=\"https:\/\/www.facebook.com\/sharer\/sharer.php?u=https:\/\/www.capgemini.com\/de-de\/unternehmen\/management-governance\/policies\/speakup\/\" target=\"_blank\" rel=\"noopener noreferrer\" title=\"In neuem Fenster \u00f6ffnen\"><i aria-hidden=\"true\" class=\"icon-fb\"><\/i><span class=\"sr-only\">Facebook<\/span><\/a><\/li><li class=\"ip-order-tw\"><a href=\"https:\/\/twitter.com\/intent\/tweet?url=https:\/\/www.capgemini.com\/de-de\/unternehmen\/management-governance\/policies\/speakup\/&amp;text=SpeakUp-Richtlinie\" target=\"_blank\" rel=\"noopener noreferrer\" title=\"In neuem Fenster \u00f6ffnen\"><i aria-hidden=\"true\" class=\"icon-tw\"><\/i><span class=\"sr-only\">Twitter<\/span><\/a><\/li><li class=\"ip-order-li\"><a href=\"https:\/\/www.linkedin.com\/sharing\/share-offsite\/?url=https:\/\/www.capgemini.com\/de-de\/unternehmen\/management-governance\/policies\/speakup\/&amp;text=SpeakUp-Richtlinie\" target=\"_blank\" rel=\"noopener noreferrer\" title=\"In neuem Fenster \u00f6ffnen\"><i aria-hidden=\"true\" class=\"icon-li\"><\/i><span class=\"sr-only\">Linkedin<\/span><\/a><\/li><\/ul><\/nav><\/div><div class=\"col-12 col-md-11 col-lg-10\"><div class=\"article-text article-quote-text\">\n<h2 class=\"wp-block-heading\" id=\"h-speakup-ist-ein-web-und-telefonbasiertes-tool-zur-meldung-von-ethikverstossen-zum-management-von-vorfallen-und-zur-beratung-das-von-einem-unabhangigen-dienstleister-betrieben-wird\"><strong>SpeakUp ist ein web- und telefonbasiertes Tool zur Meldung von Ethikverst\u00f6\u00dfen, zum Management von Vorf\u00e4llen und zur Beratung, das von einem unabh\u00e4ngigen Dienstleister betrieben wird<\/strong><\/h2>\n\n\n\n<p>Es wird von unserer Abteilung f\u00fcr Konzernethik verwaltet und von unserem globalen Netzwerk von General Counsels, Ethik- und Compliance-Beauftragten und der HR-Abteilung unterst\u00fctzt.<\/p>\n\n\n\n<p>Die Nutzung ist freiwillig, vertraulich und erlaubt Anonymit\u00e4t, au\u00dfer in L\u00e4ndern, in denen Anonymit\u00e4t nicht mit den lokalen Gesetzen vereinbar w\u00e4re. Sie wird von Capgemini f\u00fcr unsere Teammitglieder, Kunden, Lieferanten und Gesch\u00e4ftspartner zur Verf\u00fcgung gestellt.<\/p>\n\n\n\n<div class=\"wp-block-buttons is-layout-flex wp-block-buttons-is-layout-flex\">\n<div class=\"wp-block-button is-style-outline is-style-outline--1\"><a class=\"wp-block-button__link wp-element-button\" href=\"https:\/\/capgemini.integrityline.com\/\" target=\"_blank\" rel=\"noreferrer noopener\">SpeakUp-Helpline kontaktieren<\/a><\/div>\n<\/div>\n<\/div><\/div><\/div><\/div><\/div><\/section>\n\n\n\n<section class=\"wp-block-cg-blocks-intro-para-video is-style-cg-sapphire3 section section--info-2cols section--insights section-video \"><div class=\"bg-color video-align-left\"><div class=\"container\"><div class=\"row video-align-right\"><div class=\"col-md-12\"><div class=\"video-align-right row box box--4 box--mini\"><div class=\"col-md-1\"><\/div><div class=\"col-md-8 box-img-wrapper\"><div class=\"video-box\"><div class=\"video-wrapper\"><iframe title=\"video-section\" src=\"https:\/\/www.youtube.com\/embed\/B86vB6qSXi0?rel=0&amp;modestbranding=1&amp;playsinline=1&amp;enablejsapi=1\" frameborder=\"0\" allow=\"accelerometer; autoplay; clipboard-write; encrypted-media; gyroscope; picture-in-picture\" allowfullscreen loading=\"lazy\" referrerpolicy=\"strict-origin-when-cross-origin\"><\/iframe><\/div><\/div><\/div><div class=\"col-md-3\"><h3 class=\"Video-title\" data-maxlength=\"34\">Introduction to SpeakUp<\/h3><div class=\"video-info\"><p data-maxlength=\"68\">One way employees can raise concerns at work<\/p><\/div><\/div><div class=\"col-md-1\"><\/div><\/div><\/div><\/div><\/div><\/div><\/section>\n\n\n\n<section class=\"wp-block-cg-blocks-group undefined section section--article-content\"><div class=\"article-main-content\"><div class=\"container\"><div class=\"row\"><div class=\"col-12 col-md-11 col-lg-10 offset-md-1 offset-lg-1\"><div class=\"article-text article-quote-text\">\n<p>SpeakUp ist rund um die Uhr erreichbar und kann genutzt werden, um Bedenken zu melden oder um Rat und Hilfe zu Ma\u00dfnahmen oder Angelegenheiten zu bitten, die:<\/p>\n\n\n\n<ul class=\"wp-block-list\">\n<li>nicht im Einklang mit unseren <a href=\"https:\/\/www.capgemini.com\/de-de\/unternehmen\/wer-wir-sind\/werte-ethik\/\">Werten<\/a> und ethischen Bestrebungen, wie sie in unserem <a href=\"https:\/\/www.capgemini.com\/de-de\/unternehmen\/wer-wir-sind\/werte-ethik\/our-ethical-culture\/our-code-of-business-ethics\/\">Ethikkodex<\/a> und den dazugeh\u00f6rigen Richtlinien dargelegt sind<\/li>\n\n\n\n<li>nicht in \u00dcbereinstimmung mit den geltenden Gesetzen, Vorschriften und internen Compliance-Anforderungen sind<\/li>\n\n\n\n<li>wesentliche Interessen von Capgemini und den mit dem Konzern verbundenen Unternehmen erheblich beeintr\u00e4chtigen k\u00f6nnen.<\/li>\n<\/ul>\n\n\n\n<div class=\"wp-block-buttons is-layout-flex wp-block-buttons-is-layout-flex\">\n<div class=\"wp-block-button\"><a class=\"wp-block-button__link wp-element-button\" href=\"https:\/\/www.capgemini.com\/de-de\/wp-content\/uploads\/sites\/8\/2025\/04\/Capgemini_SpeakUpPolicy_German-1.pdf\" target=\"_blank\" rel=\"noreferrer noopener\">Download SpeakUp-Richtlinie (DE)<\/a><\/div>\n<\/div>\n\n\n\n<div style=\"height:100px\" aria-hidden=\"true\" class=\"wp-block-spacer is-style-default\"><\/div>\n\n\n\n<p>Die SpeakUp-Richtlinie ist in weiteren Sprachen auf unserer <strong><a href=\"https:\/\/www.capgemini.com\/about-us\/management-and-governance\/policies\/speakup\/\" target=\"_blank\" rel=\"noreferrer noopener\">globalen Website<\/a><\/strong> abrufbar. <\/p>\n\n\n\n<p>Neben dem internen Meldeweg steht es Dir\/Ihnen auch frei sich an eine staatliche Stelle zu wenden,&nbsp;um einen Rechtsversto\u00df zu melden, z.B. bei<\/p>\n\n\n\n<p><a href=\"https:\/\/www.bmj.de\/DE\/Service\/Buergerservice\/Kontaktformular\/Kontakt_node.html\" target=\"_blank\" rel=\"noreferrer noopener\"><strong>Bundesamt f\u00fcr Justiz<\/strong><\/a><br>+49 (0) 228 99 410 40<br><a href=\"https:\/\/www.bundesjustizamt.de\/DE\/MeldestelledesBundes\/MeldestelledesBundes_node.html\" target=\"_blank\" rel=\"noreferrer noopener\">Online-Meldung<\/a><\/p>\n\n\n\n<p><strong><a href=\"https:\/\/verwaltungsportal.hessen.de\/leistung?leistung_id=B100019%3A%3A102806773\" target=\"_blank\" rel=\"noreferrer noopener\">Bundesanstalt f\u00fcr Finanzaufsicht<\/a><\/strong><br>+49 228 4108 2355<\/p>\n\n\n\n<p><strong><a href=\"https:\/\/www.bkms-system.net\/bkwebanon\/report\/clientInfo?cin=2bkarta151&amp;c=-1&amp;language=ger\" target=\"_blank\" rel=\"noreferrer noopener\">Bundeskartellamt<\/a><\/strong><br>+49 228 9499 386<br>E-Mail: <a href=\"mailto:info@bundeskartellamt.bund.de\">info@bundeskartellamt.bund.de<\/a><\/p>\n<\/div><\/div><\/div><\/div><\/div><\/section>\n","protected":false},"excerpt":{"rendered":"","protected":false},"author":33,"featured_media":0,"parent":742475,"menu_order":9,"comment_status":"closed","ping_status":"closed","template":"","meta":{"cg_dt_proposed_to":[],"cg_seo_hreflang_relations":"[]","cg_seo_canonical_relation":"","cg_seo_hreflang_x_default_relation":"{\"uuid\":\"f862e5c8-8b79-41d2-a296-a5ab32e7274e\",\"blogId\":\"\",\"domain\":\"\",\"sitePath\":\"\",\"postLink\":\"\",\"postId\":null,\"isSaved\":true,\"isCrossLink\":false,\"hasCrossLink\":false}","cg_dt_approved_content":true,"cg_dt_mandatory_content":false,"cg_dt_notes":"","cg_dg_source_changed":false,"cg_dt_link_disabled":false,"_yoast_wpseo_primary_brand":"","footnotes":"","featured_focal_points":"","partner_card_description":"","gsap_animation":0},"brand":[],"partner_type":[],"service":[],"industry":[],"partners":[],"page-type":[],"content-group":[],"class_list":["post-742474","page","type-page","status-publish","hentry"],"yoast_head":"<!-- This site is optimized with the Yoast SEO Premium plugin v22.8 (Yoast SEO v22.8) - https:\/\/yoast.com\/wordpress\/plugins\/seo\/ -->\n<title>SpeakUp-Richtlinie | Management und Governance | Capgemini<\/title>\n<meta name=\"robots\" content=\"index, follow, max-snippet:-1, max-image-preview:large, max-video-preview:-1\" \/>\n<link rel=\"canonical\" href=\"https:\/\/www.capgemini.com\/de-de\/unternehmen\/management-governance\/policies\/speakup\/\" \/>\n<meta property=\"og:locale\" content=\"de_DE\" \/>\n<meta property=\"og:type\" content=\"article\" \/>\n<meta property=\"og:title\" content=\"SpeakUp-Richtlinie | Management und Governance | Capgemini\" \/>\n<meta property=\"og:url\" content=\"https:\/\/www.capgemini.com\/de-de\/unternehmen\/management-governance\/policies\/speakup\/\" \/>\n<meta property=\"og:site_name\" content=\"Capgemini\" \/>\n<meta property=\"article:modified_time\" content=\"2026-01-08T09:56:31+00:00\" \/>\n<meta property=\"og:image\" content=\"https:\/\/www.capgemini.com\/de-de\/wp-content\/uploads\/sites\/8\/2025\/10\/New-Web-preview-global.jpg\" \/>\n\t<meta property=\"og:image:width\" content=\"1200\" \/>\n\t<meta property=\"og:image:height\" content=\"627\" \/>\n\t<meta property=\"og:image:type\" content=\"image\/jpeg\" \/>\n<meta name=\"twitter:card\" content=\"summary_large_image\" \/>\n<meta name=\"twitter:label1\" content=\"Est. reading time\" \/>\n\t<meta name=\"twitter:data1\" content=\"2 minutes\" \/>\n<script type=\"application\/ld+json\" class=\"yoast-schema-graph\">{\"@context\":\"https:\/\/schema.org\",\"@graph\":[{\"@type\":\"WebPage\",\"@id\":\"https:\/\/www.capgemini.com\/de-de\/unternehmen\/management-governance\/policies\/speakup\/\",\"url\":\"https:\/\/www.capgemini.com\/de-de\/unternehmen\/management-governance\/policies\/speakup\/\",\"name\":\"SpeakUp-Richtlinie | Management und Governance | Capgemini\",\"isPartOf\":{\"@id\":\"https:\/\/www.capgemini.com\/de-de\/#website\"},\"datePublished\":\"2021-12-07T10:17:35+00:00\",\"dateModified\":\"2026-01-08T09:56:31+00:00\",\"breadcrumb\":{\"@id\":\"https:\/\/www.capgemini.com\/de-de\/unternehmen\/management-governance\/policies\/speakup\/#breadcrumb\"},\"inLanguage\":\"de-DE\",\"potentialAction\":[{\"@type\":\"ReadAction\",\"target\":[\"https:\/\/www.capgemini.com\/de-de\/unternehmen\/management-governance\/policies\/speakup\/\"]}]},{\"@type\":\"BreadcrumbList\",\"@id\":\"https:\/\/www.capgemini.com\/de-de\/unternehmen\/management-governance\/policies\/speakup\/#breadcrumb\",\"itemListElement\":[{\"@type\":\"ListItem\",\"position\":1,\"name\":\"\u00dcber Uns\",\"item\":\"https:\/\/www.capgemini.com\/de-de\/unternehmen\/\"},{\"@type\":\"ListItem\",\"position\":2,\"name\":\"Management und Governance\",\"item\":\"https:\/\/www.capgemini.com\/de-de\/unternehmen\/management-governance\/\"},{\"@type\":\"ListItem\",\"position\":3,\"name\":\"Gruppen-Richtlinien\",\"item\":\"https:\/\/www.capgemini.com\/de-de\/unternehmen\/management-governance\/policies\/\"},{\"@type\":\"ListItem\",\"position\":4,\"name\":\"SpeakUp-Richtlinie\"}]},{\"@type\":\"WebSite\",\"@id\":\"https:\/\/www.capgemini.com\/de-de\/#website\",\"url\":\"https:\/\/www.capgemini.com\/de-de\/\",\"name\":\"Capgemini Deutschland\",\"description\":\"Make it real\",\"potentialAction\":[{\"@type\":\"SearchAction\",\"target\":{\"@type\":\"EntryPoint\",\"urlTemplate\":\"https:\/\/www.capgemini.com\/de-de\/?s={search_term_string}\"},\"query-input\":\"required name=search_term_string\"}],\"inLanguage\":\"de-DE\"}]}<\/script>\n<!-- \/ Yoast SEO Premium plugin. -->","yoast_head_json":{"title":"SpeakUp-Richtlinie | Management und Governance | Capgemini","robots":{"index":"index","follow":"follow","max-snippet":"max-snippet:-1","max-image-preview":"max-image-preview:large","max-video-preview":"max-video-preview:-1"},"canonical":"https:\/\/www.capgemini.com\/de-de\/unternehmen\/management-governance\/policies\/speakup\/","og_locale":"de_DE","og_type":"article","og_title":"SpeakUp-Richtlinie | Management und Governance | Capgemini","og_url":"https:\/\/www.capgemini.com\/de-de\/unternehmen\/management-governance\/policies\/speakup\/","og_site_name":"Capgemini","article_modified_time":"2026-01-08T09:56:31+00:00","og_image":[{"width":1200,"height":627,"url":"https:\/\/www.capgemini.com\/de-de\/wp-content\/uploads\/sites\/8\/2025\/10\/New-Web-preview-global.jpg","type":"image\/jpeg"}],"twitter_card":"summary_large_image","twitter_misc":{"Est. reading time":"2 minutes"},"schema":{"@context":"https:\/\/schema.org","@graph":[{"@type":"WebPage","@id":"https:\/\/www.capgemini.com\/de-de\/unternehmen\/management-governance\/policies\/speakup\/","url":"https:\/\/www.capgemini.com\/de-de\/unternehmen\/management-governance\/policies\/speakup\/","name":"SpeakUp-Richtlinie | Management und Governance | Capgemini","isPartOf":{"@id":"https:\/\/www.capgemini.com\/de-de\/#website"},"datePublished":"2021-12-07T10:17:35+00:00","dateModified":"2026-01-08T09:56:31+00:00","breadcrumb":{"@id":"https:\/\/www.capgemini.com\/de-de\/unternehmen\/management-governance\/policies\/speakup\/#breadcrumb"},"inLanguage":"de-DE","potentialAction":[{"@type":"ReadAction","target":["https:\/\/www.capgemini.com\/de-de\/unternehmen\/management-governance\/policies\/speakup\/"]}]},{"@type":"BreadcrumbList","@id":"https:\/\/www.capgemini.com\/de-de\/unternehmen\/management-governance\/policies\/speakup\/#breadcrumb","itemListElement":[{"@type":"ListItem","position":1,"name":"\u00dcber Uns","item":"https:\/\/www.capgemini.com\/de-de\/unternehmen\/"},{"@type":"ListItem","position":2,"name":"Management und Governance","item":"https:\/\/www.capgemini.com\/de-de\/unternehmen\/management-governance\/"},{"@type":"ListItem","position":3,"name":"Gruppen-Richtlinien","item":"https:\/\/www.capgemini.com\/de-de\/unternehmen\/management-governance\/policies\/"},{"@type":"ListItem","position":4,"name":"SpeakUp-Richtlinie"}]},{"@type":"WebSite","@id":"https:\/\/www.capgemini.com\/de-de\/#website","url":"https:\/\/www.capgemini.com\/de-de\/","name":"Capgemini Deutschland","description":"Make it real","potentialAction":[{"@type":"SearchAction","target":{"@type":"EntryPoint","urlTemplate":"https:\/\/www.capgemini.com\/de-de\/?s={search_term_string}"},"query-input":"required name=search_term_string"}],"inLanguage":"de-DE"}]}},"brand_term":[],"parsely":{"version":"1.1.0","canonical_url":"https:\/\/capgemini.com\/de-de\/unternehmen\/management-governance\/policies\/speakup\/","smart_links":{"inbound":0,"outbound":0},"traffic_boost_suggestions_count":0,"meta":{"@context":"https:\/\/schema.org","@type":"WebPage","headline":"SpeakUp-Richtlinie","url":"http:\/\/www.capgemini.com\/de-de\/unternehmen\/management-governance\/policies\/speakup\/","mainEntityOfPage":{"@type":"WebPage","@id":"http:\/\/www.capgemini.com\/de-de\/unternehmen\/management-governance\/policies\/speakup\/"},"thumbnailUrl":"","image":{"@type":"ImageObject","url":""},"articleSection":"Uncategorized","author":[],"creator":[],"publisher":{"@type":"Organization","name":"Capgemini","logo":""},"keywords":[],"dateCreated":"2021-12-07T10:17:35Z","datePublished":"2021-12-07T10:17:35Z","dateModified":"2026-01-08T09:56:31Z"},"rendered":"<script type=\"application\/ld+json\" class=\"wp-parsely-metadata\">{\"@context\":\"https:\\\/\\\/schema.org\",\"@type\":\"WebPage\",\"headline\":\"SpeakUp-Richtlinie\",\"url\":\"http:\\\/\\\/www.capgemini.com\\\/de-de\\\/unternehmen\\\/management-governance\\\/policies\\\/speakup\\\/\",\"mainEntityOfPage\":{\"@type\":\"WebPage\",\"@id\":\"http:\\\/\\\/www.capgemini.com\\\/de-de\\\/unternehmen\\\/management-governance\\\/policies\\\/speakup\\\/\"},\"thumbnailUrl\":\"\",\"image\":{\"@type\":\"ImageObject\",\"url\":\"\"},\"articleSection\":\"Uncategorized\",\"author\":[],\"creator\":[],\"publisher\":{\"@type\":\"Organization\",\"name\":\"Capgemini\",\"logo\":\"\"},\"keywords\":[],\"dateCreated\":\"2021-12-07T10:17:35Z\",\"datePublished\":\"2021-12-07T10:17:35Z\",\"dateModified\":\"2026-01-08T09:56:31Z\"}<\/script>","tracker_url":"https:\/\/cdn.parsely.com\/keys\/capgemini.com\/p.js"},"archive_status":false,"featured_image_src":"https:\/\/www.capgemini.com\/de-de\/wp-content\/themes\/capgemini2025\/assets\/images\/mockup.png","featured_image_alt":false,"jetpack_sharing_enabled":true,"distributor_meta":false,"distributor_terms":false,"distributor_media":false,"distributor_original_site_name":"Capgemini","distributor_original_site_url":"https:\/\/www.capgemini.com\/de-de","push-errors":false,"_links":{"self":[{"href":"https:\/\/www.capgemini.com\/de-de\/wp-json\/wp\/v2\/pages\/742474","targetHints":{"allow":["GET"]}}],"collection":[{"href":"https:\/\/www.capgemini.com\/de-de\/wp-json\/wp\/v2\/pages"}],"about":[{"href":"https:\/\/www.capgemini.com\/de-de\/wp-json\/wp\/v2\/types\/page"}],"author":[{"embeddable":true,"href":"https:\/\/www.capgemini.com\/de-de\/wp-json\/wp\/v2\/users\/33"}],"replies":[{"embeddable":true,"href":"https:\/\/www.capgemini.com\/de-de\/wp-json\/wp\/v2\/comments?post=742474"}],"version-history":[{"count":19,"href":"https:\/\/www.capgemini.com\/de-de\/wp-json\/wp\/v2\/pages\/742474\/revisions"}],"predecessor-version":[{"id":890538,"href":"https:\/\/www.capgemini.com\/de-de\/wp-json\/wp\/v2\/pages\/742474\/revisions\/890538"}],"up":[{"embeddable":true,"href":"https:\/\/www.capgemini.com\/de-de\/wp-json\/wp\/v2\/pages\/742475"}],"wp:attachment":[{"href":"https:\/\/www.capgemini.com\/de-de\/wp-json\/wp\/v2\/media?parent=742474"}],"wp:term":[{"taxonomy":"brand","embeddable":true,"href":"https:\/\/www.capgemini.com\/de-de\/wp-json\/wp\/v2\/brand?post=742474"},{"taxonomy":"partner_type","embeddable":true,"href":"https:\/\/www.capgemini.com\/de-de\/wp-json\/wp\/v2\/partner_type?post=742474"},{"taxonomy":"service","embeddable":true,"href":"https:\/\/www.capgemini.com\/de-de\/wp-json\/wp\/v2\/service?post=742474"},{"taxonomy":"industry","embeddable":true,"href":"https:\/\/www.capgemini.com\/de-de\/wp-json\/wp\/v2\/industry?post=742474"},{"taxonomy":"partners","embeddable":true,"href":"https:\/\/www.capgemini.com\/de-de\/wp-json\/wp\/v2\/partners?post=742474"},{"taxonomy":"page-type","embeddable":true,"href":"https:\/\/www.capgemini.com\/de-de\/wp-json\/wp\/v2\/page-type?post=742474"},{"taxonomy":"content-group","embeddable":true,"href":"https:\/\/www.capgemini.com\/de-de\/wp-json\/wp\/v2\/content-group?post=742474"}],"curies":[{"name":"wp","href":"https:\/\/api.w.org\/{rel}","templated":true}]}}