{"id":742473,"date":"2021-12-07T10:35:17","date_gmt":"2021-12-07T10:35:17","guid":{"rendered":"https:\/\/www.capgemini.com\/?page_id=639194"},"modified":"2025-03-05T06:03:36","modified_gmt":"2025-03-05T06:03:36","slug":"group-competition-laws-policy","status":"publish","type":"page","link":"https:\/\/www.capgemini.com\/de-de\/unternehmen\/management-governance\/policies\/group-competition-laws-policy\/","title":{"rendered":"Wettbewerbsrichtlinie"},"content":{"rendered":"\n<header class=\"wp-block-cg-blocks-hero-reusable is-style-blue-line header heroReusable  \"><div class=\"header-bgs\"><\/div><div class=\"heroPictureCardHeaderShape\"><\/div><div class=\"container\"><div class=\"row\"><div class=\"col-md-12\"><div class=\"box\"><div class=\"boxTagWrapper\"><div class=\"tagInfo\"><div><span class=\"box-tag\">Policy<\/span><\/div><\/div><\/div><div class=\"box-title\"><h1 data-maxlength=\"34\">Wettbewerbsrichtlinie<\/h1><\/div><div class=\"inner-row-insight download-btn\"><div class=\"col-md-4 downloadFiles addPadding\"><a class=\"button-download--small\" type=\"download\" href=\"https:\/\/www.capgemini.com\/wp-content\/uploads\/2021\/12\/6_-_Group_Competition_Laws_Policy_-_EN.pdf\" target=\"_blank\" rel=\"noopener noreferrer\" title=\"In neuem Fenster \u00f6ffnen\"><span>Download Policy (EN)<\/span><span class=\"type\">26 MB  pdf<\/span><\/a><\/div><\/div><\/div><\/div><\/div><\/div><\/header>\n\n\n\n<section class=\"wp-block-cg-blocks-group undefined section section--article-content\"><div class=\"article-main-content\"><div class=\"container\"><div class=\"row\"><div class=\"col-12 col-md-11 col-lg-10 offset-md-1 offset-lg-1\"><div class=\"article-text article-quote-text\">\n<p>Capgemini hat sich verpflichtet, seine Gesch\u00e4fte nach den Grunds\u00e4tzen des fairen und offenen Wettbewerbs und in voller \u00dcbereinstimmung mit den geltenden Wettbewerbsgesetzen zu f\u00fchren. Die Einhaltung dieser Gesetze f\u00fchrt zu besseren Gesch\u00e4ften und st\u00e4rkt das Vertrauen unserer Kunden und der allgemeinen \u00d6ffentlichkeit. Au\u00dferdem verhindert sie finanzielle und rufsch\u00e4digende Sch\u00e4den f\u00fcr Capgemini.&nbsp;&nbsp;<\/p>\n\n\n\n<p>Aus diesem Grund hat Capgemini eine Wettbewerbsrichtlinie erarbeitet, die f\u00fcr alle Capgemini-Mitarbeiter verbindlich ist.&nbsp;Darin sind die Grunds\u00e4tze des ehrlichen Wettbewerbs festgelegt, die in den Beziehungen zu allen relevanten Interessengruppen gelten: Mitarbeiter, Kunden, Wettbewerber, Lieferanten, Aktion\u00e4re, Partner sowie die Gesellschaft als Ganzes.&nbsp;<\/p>\n\n\n\n<p>Die Wettbewerbsrichtlinie der Gruppe bietet auch einen umfassenden \u00dcberblick \u00fcber unannehmbare oder problematische Praktiken, einschlie\u00dflich konkreter Szenarien, die in unserem Unternehmen auftreten k\u00f6nnen, sowie \u00fcber die zu befolgenden Grunds\u00e4tze. Au\u00dferdem enth\u00e4lt sie praktische Hinweise und erkl\u00e4rt, wo man Unterst\u00fctzung finden kann.&nbsp;<\/p>\n\n\n\n<p>Die Wettbewerbsrichtlinie der Gruppe ist in den folgenden Sprachen verf\u00fcgbar:<\/p>\n\n\n\n<p><a href=\"https:\/\/www.capgemini.com\/wp-content\/uploads\/2021\/12\/6_-_Group_Competition_Laws_Policy_-_EN.pdf\" target=\"_blank\" rel=\"noreferrer noopener\">EN<\/a>&nbsp;|&nbsp;<a href=\"https:\/\/www.capgemini.com\/wp-content\/uploads\/2021\/12\/03-Capgemini_GCLP_V1_Spanish_HD.pdf\" target=\"_blank\" rel=\"noreferrer noopener\">ES<\/a>&nbsp;| <a href=\"https:\/\/www.capgemini.com\/wp-content\/uploads\/2021\/12\/04-Capgemini_GCLP_German_HD_1.1.pdf\" target=\"_blank\" rel=\"noreferrer noopener\">DE<\/a> | <a href=\"https:\/\/www.capgemini.com\/wp-content\/uploads\/2021\/12\/5_-_Politique_du_Groupe__sur_le_Droit_de_la_Concurrence_-_FR.pdf\" target=\"_blank\" rel=\"noreferrer noopener\">FR<\/a> | <a href=\"https:\/\/www.capgemini.com\/wp-content\/uploads\/2021\/12\/07-Capgemini_GCLP_V1_Polish_HD.pdf\" target=\"_blank\" rel=\"noreferrer noopener\">PL<\/a> | <a href=\"https:\/\/www.capgemini.com\/wp-content\/uploads\/2021\/12\/08-Capgemini_GCLP_V1_Port._Braz_HD.pdf\" target=\"_blank\" rel=\"noreferrer noopener\">PT<\/a> | <a href=\"https:\/\/www.capgemini.com\/wp-content\/uploads\/2021\/12\/05-Capgemini_GCLP_V1_Dutch_HD.pdf\" target=\"_blank\" rel=\"noreferrer noopener\">NL<\/a> |&nbsp;<a href=\"https:\/\/www.capgemini.com\/wp-content\/uploads\/2021\/12\/06-Capgemini_GCLP_V1_Chinese_HD.pdf\" target=\"_blank\" rel=\"noreferrer noopener\">ZH<\/a>  <\/p>\n<\/div><\/div><\/div><\/div><\/div><\/section>\n","protected":false},"excerpt":{"rendered":"","protected":false},"author":121,"featured_media":0,"parent":742475,"menu_order":5,"comment_status":"closed","ping_status":"closed","template":"","meta":{"cg_dt_proposed_to":[],"cg_seo_hreflang_relations":"[]","cg_seo_canonical_relation":"{\"uuid\":\"406428a2-9c40-4d5c-80e8-dd286458f60b\",\"blogId\":\"\",\"domain\":\"\",\"sitePath\":\"\",\"postLink\":\"\",\"postId\":null,\"isSaved\":true,\"isCrossLink\":false,\"hasCrossLink\":false}","cg_seo_hreflang_x_default_relation":"{\"uuid\":\"0d055dfb-8099-4c7c-af39-918c53b85029\",\"blogId\":\"\",\"domain\":\"\",\"sitePath\":\"\",\"postLink\":\"\",\"postId\":null,\"isSaved\":true,\"isCrossLink\":false,\"hasCrossLink\":false}","cg_dt_approved_content":true,"cg_dt_mandatory_content":false,"cg_dt_notes":"","cg_dg_source_changed":false,"cg_dt_link_disabled":false,"_yoast_wpseo_primary_brand":"","footnotes":"","featured_focal_points":"","partner_card_description":"","gsap_animation":0},"brand":[],"partner_type":[],"service":[],"industry":[],"partners":[],"page-type":[],"content-group":[],"class_list":["post-742473","page","type-page","status-publish","hentry"],"yoast_head":"<!-- This site is optimized with the Yoast SEO Premium plugin v22.8 (Yoast SEO v22.8) - https:\/\/yoast.com\/wordpress\/plugins\/seo\/ -->\n<title>Wettbewerbsrichtlinie | Management und Governance | Capgemini<\/title>\n<meta name=\"robots\" content=\"index, follow, max-snippet:-1, max-image-preview:large, max-video-preview:-1\" \/>\n<link rel=\"canonical\" href=\"https:\/\/www.capgemini.com\/de-de\/unternehmen\/management-governance\/policies\/group-competition-laws-policy\/\" \/>\n<meta property=\"og:locale\" content=\"de_DE\" \/>\n<meta property=\"og:type\" content=\"article\" \/>\n<meta property=\"og:title\" content=\"Wettbewerbsrichtlinie | Management und Governance | Capgemini\" \/>\n<meta property=\"og:url\" content=\"https:\/\/www.capgemini.com\/de-de\/unternehmen\/management-governance\/policies\/group-competition-laws-policy\/\" \/>\n<meta property=\"og:site_name\" content=\"Capgemini\" \/>\n<meta property=\"article:modified_time\" content=\"2025-03-05T06:03:36+00:00\" \/>\n<meta property=\"og:image\" content=\"https:\/\/www.capgemini.com\/de-de\/wp-content\/uploads\/sites\/8\/2025\/10\/New-Web-preview-global.jpg\" \/>\n\t<meta property=\"og:image:width\" content=\"1200\" \/>\n\t<meta property=\"og:image:height\" content=\"627\" \/>\n\t<meta property=\"og:image:type\" content=\"image\/jpeg\" \/>\n<meta name=\"twitter:card\" content=\"summary_large_image\" \/>\n<meta name=\"twitter:label1\" content=\"Est. reading time\" \/>\n\t<meta name=\"twitter:data1\" content=\"1 minute\" \/>\n<script type=\"application\/ld+json\" class=\"yoast-schema-graph\">{\"@context\":\"https:\/\/schema.org\",\"@graph\":[{\"@type\":\"WebPage\",\"@id\":\"https:\/\/www.capgemini.com\/de-de\/unternehmen\/management-governance\/policies\/group-competition-laws-policy\/\",\"url\":\"https:\/\/www.capgemini.com\/de-de\/unternehmen\/management-governance\/policies\/group-competition-laws-policy\/\",\"name\":\"Wettbewerbsrichtlinie | Management und Governance | Capgemini\",\"isPartOf\":{\"@id\":\"https:\/\/www.capgemini.com\/de-de\/#website\"},\"datePublished\":\"2021-12-07T10:35:17+00:00\",\"dateModified\":\"2025-03-05T06:03:36+00:00\",\"breadcrumb\":{\"@id\":\"https:\/\/www.capgemini.com\/de-de\/unternehmen\/management-governance\/policies\/group-competition-laws-policy\/#breadcrumb\"},\"inLanguage\":\"de-DE\",\"potentialAction\":[{\"@type\":\"ReadAction\",\"target\":[\"https:\/\/www.capgemini.com\/de-de\/unternehmen\/management-governance\/policies\/group-competition-laws-policy\/\"]}]},{\"@type\":\"BreadcrumbList\",\"@id\":\"https:\/\/www.capgemini.com\/de-de\/unternehmen\/management-governance\/policies\/group-competition-laws-policy\/#breadcrumb\",\"itemListElement\":[{\"@type\":\"ListItem\",\"position\":1,\"name\":\"\u00dcber Uns\",\"item\":\"https:\/\/www.capgemini.com\/de-de\/unternehmen\/\"},{\"@type\":\"ListItem\",\"position\":2,\"name\":\"Management und Governance\",\"item\":\"https:\/\/www.capgemini.com\/de-de\/unternehmen\/management-governance\/\"},{\"@type\":\"ListItem\",\"position\":3,\"name\":\"Gruppen-Richtlinien\",\"item\":\"https:\/\/www.capgemini.com\/de-de\/unternehmen\/management-governance\/policies\/\"},{\"@type\":\"ListItem\",\"position\":4,\"name\":\"Wettbewerbsrichtlinie\"}]},{\"@type\":\"WebSite\",\"@id\":\"https:\/\/www.capgemini.com\/de-de\/#website\",\"url\":\"https:\/\/www.capgemini.com\/de-de\/\",\"name\":\"Capgemini Deutschland\",\"description\":\"Make it real\",\"potentialAction\":[{\"@type\":\"SearchAction\",\"target\":{\"@type\":\"EntryPoint\",\"urlTemplate\":\"https:\/\/www.capgemini.com\/de-de\/?s={search_term_string}\"},\"query-input\":\"required name=search_term_string\"}],\"inLanguage\":\"de-DE\"}]}<\/script>\n<!-- \/ Yoast SEO Premium plugin. -->","yoast_head_json":{"title":"Wettbewerbsrichtlinie | Management und Governance | Capgemini","robots":{"index":"index","follow":"follow","max-snippet":"max-snippet:-1","max-image-preview":"max-image-preview:large","max-video-preview":"max-video-preview:-1"},"canonical":"https:\/\/www.capgemini.com\/de-de\/unternehmen\/management-governance\/policies\/group-competition-laws-policy\/","og_locale":"de_DE","og_type":"article","og_title":"Wettbewerbsrichtlinie | Management und Governance | Capgemini","og_url":"https:\/\/www.capgemini.com\/de-de\/unternehmen\/management-governance\/policies\/group-competition-laws-policy\/","og_site_name":"Capgemini","article_modified_time":"2025-03-05T06:03:36+00:00","og_image":[{"width":1200,"height":627,"url":"https:\/\/www.capgemini.com\/de-de\/wp-content\/uploads\/sites\/8\/2025\/10\/New-Web-preview-global.jpg","type":"image\/jpeg"}],"twitter_card":"summary_large_image","twitter_misc":{"Est. reading time":"1 minute"},"schema":{"@context":"https:\/\/schema.org","@graph":[{"@type":"WebPage","@id":"https:\/\/www.capgemini.com\/de-de\/unternehmen\/management-governance\/policies\/group-competition-laws-policy\/","url":"https:\/\/www.capgemini.com\/de-de\/unternehmen\/management-governance\/policies\/group-competition-laws-policy\/","name":"Wettbewerbsrichtlinie | Management und Governance | Capgemini","isPartOf":{"@id":"https:\/\/www.capgemini.com\/de-de\/#website"},"datePublished":"2021-12-07T10:35:17+00:00","dateModified":"2025-03-05T06:03:36+00:00","breadcrumb":{"@id":"https:\/\/www.capgemini.com\/de-de\/unternehmen\/management-governance\/policies\/group-competition-laws-policy\/#breadcrumb"},"inLanguage":"de-DE","potentialAction":[{"@type":"ReadAction","target":["https:\/\/www.capgemini.com\/de-de\/unternehmen\/management-governance\/policies\/group-competition-laws-policy\/"]}]},{"@type":"BreadcrumbList","@id":"https:\/\/www.capgemini.com\/de-de\/unternehmen\/management-governance\/policies\/group-competition-laws-policy\/#breadcrumb","itemListElement":[{"@type":"ListItem","position":1,"name":"\u00dcber Uns","item":"https:\/\/www.capgemini.com\/de-de\/unternehmen\/"},{"@type":"ListItem","position":2,"name":"Management und Governance","item":"https:\/\/www.capgemini.com\/de-de\/unternehmen\/management-governance\/"},{"@type":"ListItem","position":3,"name":"Gruppen-Richtlinien","item":"https:\/\/www.capgemini.com\/de-de\/unternehmen\/management-governance\/policies\/"},{"@type":"ListItem","position":4,"name":"Wettbewerbsrichtlinie"}]},{"@type":"WebSite","@id":"https:\/\/www.capgemini.com\/de-de\/#website","url":"https:\/\/www.capgemini.com\/de-de\/","name":"Capgemini Deutschland","description":"Make it real","potentialAction":[{"@type":"SearchAction","target":{"@type":"EntryPoint","urlTemplate":"https:\/\/www.capgemini.com\/de-de\/?s={search_term_string}"},"query-input":"required name=search_term_string"}],"inLanguage":"de-DE"}]}},"brand_term":[],"parsely":{"version":"1.1.0","canonical_url":"https:\/\/capgemini.com\/de-de\/unternehmen\/management-governance\/policies\/group-competition-laws-policy\/","smart_links":{"inbound":0,"outbound":0},"traffic_boost_suggestions_count":0,"meta":{"@context":"https:\/\/schema.org","@type":"WebPage","headline":"Wettbewerbsrichtlinie","url":"http:\/\/www.capgemini.com\/de-de\/unternehmen\/management-governance\/policies\/group-competition-laws-policy\/","mainEntityOfPage":{"@type":"WebPage","@id":"http:\/\/www.capgemini.com\/de-de\/unternehmen\/management-governance\/policies\/group-competition-laws-policy\/"},"thumbnailUrl":"","image":{"@type":"ImageObject","url":""},"articleSection":"Uncategorized","author":[],"creator":[],"publisher":{"@type":"Organization","name":"Capgemini","logo":""},"keywords":[],"dateCreated":"2021-12-07T10:35:17Z","datePublished":"2021-12-07T10:35:17Z","dateModified":"2025-03-05T06:03:36Z"},"rendered":"<script type=\"application\/ld+json\" class=\"wp-parsely-metadata\">{\"@context\":\"https:\\\/\\\/schema.org\",\"@type\":\"WebPage\",\"headline\":\"Wettbewerbsrichtlinie\",\"url\":\"http:\\\/\\\/www.capgemini.com\\\/de-de\\\/unternehmen\\\/management-governance\\\/policies\\\/group-competition-laws-policy\\\/\",\"mainEntityOfPage\":{\"@type\":\"WebPage\",\"@id\":\"http:\\\/\\\/www.capgemini.com\\\/de-de\\\/unternehmen\\\/management-governance\\\/policies\\\/group-competition-laws-policy\\\/\"},\"thumbnailUrl\":\"\",\"image\":{\"@type\":\"ImageObject\",\"url\":\"\"},\"articleSection\":\"Uncategorized\",\"author\":[],\"creator\":[],\"publisher\":{\"@type\":\"Organization\",\"name\":\"Capgemini\",\"logo\":\"\"},\"keywords\":[],\"dateCreated\":\"2021-12-07T10:35:17Z\",\"datePublished\":\"2021-12-07T10:35:17Z\",\"dateModified\":\"2025-03-05T06:03:36Z\"}<\/script>","tracker_url":"https:\/\/cdn.parsely.com\/keys\/capgemini.com\/p.js"},"archive_status":false,"featured_image_src":"https:\/\/www.capgemini.com\/de-de\/wp-content\/themes\/capgemini2025\/assets\/images\/mockup.png","featured_image_alt":false,"jetpack_sharing_enabled":true,"distributor_meta":false,"distributor_terms":false,"distributor_media":false,"distributor_original_site_name":"Capgemini","distributor_original_site_url":"https:\/\/www.capgemini.com\/de-de","push-errors":false,"_links":{"self":[{"href":"https:\/\/www.capgemini.com\/de-de\/wp-json\/wp\/v2\/pages\/742473","targetHints":{"allow":["GET"]}}],"collection":[{"href":"https:\/\/www.capgemini.com\/de-de\/wp-json\/wp\/v2\/pages"}],"about":[{"href":"https:\/\/www.capgemini.com\/de-de\/wp-json\/wp\/v2\/types\/page"}],"author":[{"embeddable":true,"href":"https:\/\/www.capgemini.com\/de-de\/wp-json\/wp\/v2\/users\/121"}],"replies":[{"embeddable":true,"href":"https:\/\/www.capgemini.com\/de-de\/wp-json\/wp\/v2\/comments?post=742473"}],"version-history":[{"count":8,"href":"https:\/\/www.capgemini.com\/de-de\/wp-json\/wp\/v2\/pages\/742473\/revisions"}],"predecessor-version":[{"id":876218,"href":"https:\/\/www.capgemini.com\/de-de\/wp-json\/wp\/v2\/pages\/742473\/revisions\/876218"}],"up":[{"embeddable":true,"href":"https:\/\/www.capgemini.com\/de-de\/wp-json\/wp\/v2\/pages\/742475"}],"wp:attachment":[{"href":"https:\/\/www.capgemini.com\/de-de\/wp-json\/wp\/v2\/media?parent=742473"}],"wp:term":[{"taxonomy":"brand","embeddable":true,"href":"https:\/\/www.capgemini.com\/de-de\/wp-json\/wp\/v2\/brand?post=742473"},{"taxonomy":"partner_type","embeddable":true,"href":"https:\/\/www.capgemini.com\/de-de\/wp-json\/wp\/v2\/partner_type?post=742473"},{"taxonomy":"service","embeddable":true,"href":"https:\/\/www.capgemini.com\/de-de\/wp-json\/wp\/v2\/service?post=742473"},{"taxonomy":"industry","embeddable":true,"href":"https:\/\/www.capgemini.com\/de-de\/wp-json\/wp\/v2\/industry?post=742473"},{"taxonomy":"partners","embeddable":true,"href":"https:\/\/www.capgemini.com\/de-de\/wp-json\/wp\/v2\/partners?post=742473"},{"taxonomy":"page-type","embeddable":true,"href":"https:\/\/www.capgemini.com\/de-de\/wp-json\/wp\/v2\/page-type?post=742473"},{"taxonomy":"content-group","embeddable":true,"href":"https:\/\/www.capgemini.com\/de-de\/wp-json\/wp\/v2\/content-group?post=742473"}],"curies":[{"name":"wp","href":"https:\/\/api.w.org\/{rel}","templated":true}]}}