{"id":742444,"date":"2022-01-10T06:44:28","date_gmt":"2022-01-10T06:44:28","guid":{"rendered":"https:\/\/www.capgemini.com\/?page_id=642108"},"modified":"2025-03-05T06:02:10","modified_gmt":"2025-03-05T06:02:10","slug":"supplier-standards-of-conduct","status":"publish","type":"page","link":"https:\/\/www.capgemini.com\/de-de\/unternehmen\/management-governance\/policies\/supplier-standards-of-conduct\/","title":{"rendered":"Verhaltensrichtlinien f\u00fcr Lieferanten, LKSG"},"content":{"rendered":"\n<header class=\"wp-block-cg-blocks-hero-reusable is-style-blue-line header heroReusable  \"><div class=\"header-bgs\"><\/div><div class=\"heroPictureCardHeaderShape\"><\/div><div class=\"container\"><div class=\"row\"><div class=\"col-md-12\"><div class=\"box\"><div class=\"boxTagWrapper\"><div class=\"tagInfo\"><div><span class=\"box-tag\">Policy<\/span><\/div><\/div><\/div><div class=\"box-title\"><h1 data-maxlength=\"34\">Verhaltensrichtlinien f\u00fcr Lieferanten, LKSG<\/h1><\/div><div class=\"inner-row-insight download-btn\"><div class=\"col-md-4 downloadFiles \"><a class=\"button-download--small\" type=\"download\" href=\"https:\/\/www.capgemini.com\/de-de\/wp-content\/uploads\/sites\/8\/2024\/07\/Supplier-Standards-of-Conduct-v7.0_German.pdf\" target=\"_blank\" rel=\"noopener noreferrer\" title=\"In neuem Fenster \u00f6ffnen\"><span>Download Supplier Standards of Conduct (German)<\/span><span class=\"type\">336 KB  pdf<\/span><\/a><\/div><div class=\"col-md-4 downloadFiles \"><a class=\"button-download--small\" type=\"download\" href=\"https:\/\/www.capgemini.com\/de-de\/wp-content\/uploads\/sites\/8\/2024\/07\/Supplier-Standards-of-Conduct-v7.0.pdf\" target=\"_blank\" rel=\"noopener noreferrer\" title=\"In neuem Fenster \u00f6ffnen\"><span>Download Supplier Standards of Conduct (English)<\/span><span class=\"type\">1 MB  pdf<\/span><\/a><\/div><\/div><\/div><\/div><\/div><\/div><\/header>\n\n\n\n<section class=\"wp-block-cg-blocks-group undefined section section--article-content\"><div class=\"article-main-content\"><div class=\"container\"><div class=\"row\"><div class=\"col-12 col-md-11 col-lg-10 offset-md-1 offset-lg-1\"><div class=\"article-text article-quote-text\">\n<h4 class=\"wp-block-heading\" id=\"h-unsere-verhaltensstandards-fur-lieferanten-legen-die-mindestanforderungen-fest-die-capgemini-von-seinen-lieferanten-in-bezug-auf-soziale-unternehmensverantwortung-ethik-und-korruptionsbekampfung-einhaltung-gesetzlicher-vorschriften-und-standards-fur-geschaftsbeziehungen-erwartet-nbsp\">Unsere Verhaltensstandards f\u00fcr Lieferanten legen die Mindestanforderungen fest, die Capgemini von seinen Lieferanten in Bezug auf soziale Unternehmensverantwortung, Ethik und Korruptionsbek\u00e4mpfung, Einhaltung gesetzlicher Vorschriften und Standards f\u00fcr Gesch\u00e4ftsbeziehungen erwartet.&nbsp;<\/h4>\n\n\n\n<p>Von allen Capgemini-Lieferanten wird erwartet, dass sie sich ausnahmslos an unsere Verhaltensstandards f\u00fcr Lieferanten halten, und zwar unabh\u00e4ngig von der Art und dem Wert des Gesch\u00e4fts, das wir gemeinsam t\u00e4tigen.&nbsp;<\/p>\n\n\n\n<p>Die Verhaltensstandards enthalten unsere Grunds\u00e4tze in Bezug auf die Einhaltung internationaler, nationaler und lokaler Gesetze, der Menschenrechte, der Arbeitsrechte und der modernen Sklaverei. Au\u00dferdem verpflichten sie unsere Lieferanten, ihre Gesch\u00e4fte nach den h\u00f6chsten Integrit\u00e4tsstandards zu f\u00fchren und alle Formen von Korruption, Bestechung, Erpressung oder Veruntreuung sowie unlautere Gesch\u00e4ftspraktiken zu vermeiden.&nbsp;<\/p>\n\n\n\n<h2 class=\"wp-block-heading\" id=\"h-unser-bekenntnis-zur-achtung-der-menschenrechte-und-umwelt\">Unser Bekenntnis zur Achtung der Menschenrechte und Umwelt<\/h2>\n\n\n\n<p>Capgemini ist seit jeher ein Unternehmen, bei dem die Menschen im Mittelpunkt stehen. Es wurde 1967 mit der \u00dcberzeugung gegr\u00fcndet, dass Technologie von und f\u00fcr Menschen geschaffen werden sollte.<\/p>\n\n\n\n<p>Indem wir den Schutz der Menschenrechte und die Abwendung umweltbezogener Risiken in der Unternehmensstrategie verankert haben, k\u00f6nnen wir nicht nur einen positiven Beitrag f\u00fcr eine intakte Umwelt und Gesellschaft leisten, sondern auch das Vertrauen unserer Kunden, Lieferanten und anderer Stakeholder st\u00e4rken.<\/p>\n\n\n\n<p>Wir sind fest davon \u00fcberzeugt, dass nachhaltiges Wirtschaften und verantwortungsbewusste Gesch\u00e4ftspraktiken langfristig zu unserem eigenen Erfolg beitragen. Daher verpflichten wir uns dazu, die Vorgaben des deutschen Lieferkettengesetzes umfassend umzusetzen und kontinuierlich an der Weiterentwicklung unserer Prozesse und Ma\u00dfnahmen zu arbeiten. Erfahren Sie mehr unter:<\/p>\n\n\n\n<p><strong>GRUNDSATZERKL\u00c4RUNG DER CAPGEMINI GRUPPE IN DEUTSCHLAND ZUM LIEFERKETTENSORGFALTSPFLICHTENGESETZ (LKSG)<\/strong><\/p>\n\n\n\n<div class=\"wp-block-buttons is-layout-flex wp-block-buttons-is-layout-flex\">\n<div class=\"wp-block-button\"><a class=\"wp-block-button__link wp-element-button\" href=\"https:\/\/www.capgemini.com\/de-de\/wp-content\/uploads\/sites\/8\/2024\/01\/Grundsatzerklaerung-der-Capgemini-Gruppe-in-Deutschland.pdf\" target=\"_blank\" rel=\"noreferrer noopener\">Download PDF (deutsch)<\/a><\/div>\n\n\n\n<div class=\"wp-block-button\"><a class=\"wp-block-button__link wp-element-button\" href=\"https:\/\/www.capgemini.com\/de-de\/wp-content\/uploads\/sites\/8\/2024\/07\/Policy-statement-of-the-Capgemini-Group-in-Germany.pdf\" target=\"_blank\" rel=\"noreferrer noopener\">Download PDF (english)<\/a><\/div>\n<\/div>\n\n\n\n<div style=\"height:100px\" aria-hidden=\"true\" class=\"wp-block-spacer is-style-default\"><\/div>\n\n\n\n<h2 class=\"wp-block-heading\" id=\"h-jahrliche-berichte-zum-lksg\">J\u00e4hrliche Berichte zum LKSG<\/h2>\n\n\n\n<h3 class=\"wp-block-heading\" id=\"h-2023\">2023<\/h3>\n\n\n\n<ul class=\"wp-block-list\">\n<li><a href=\"https:\/\/www.capgemini.com\/de-de\/wp-content\/uploads\/sites\/8\/2024\/08\/CGDH_lksg_bericht_01_01_2023-31_12_2023.pdf\" target=\"_blank\" rel=\"noreferrer noopener\">Bericht der Capgemini Deutschland Holding GmbH<\/a><\/li>\n\n\n\n<li><a href=\"https:\/\/www.capgemini.com\/de-de\/wp-content\/uploads\/sites\/8\/2024\/08\/CGD_lksg_bericht_01_01_2023-31_12_2023.pdf\" target=\"_blank\" rel=\"noreferrer noopener\">Bericht der Capgemini Deutschland GmbH<\/a><\/li>\n\n\n\n<li><a href=\"https:\/\/www.capgemini.com\/de-de\/wp-content\/uploads\/sites\/8\/2024\/08\/CGE_lksg_bericht_01_01_2023-31_12_2023.pdf\" target=\"_blank\" rel=\"noreferrer noopener\">Bericht der Capgemini Engineering Deutschland S.A.S. &amp; Co. KG<\/a><\/li>\n<\/ul>\n<\/div><\/div><\/div><\/div><\/div><\/section>\n","protected":false},"excerpt":{"rendered":"","protected":false},"author":121,"featured_media":0,"parent":742475,"menu_order":10,"comment_status":"closed","ping_status":"closed","template":"","meta":{"cg_dt_proposed_to":[],"cg_seo_hreflang_relations":"[]","cg_seo_canonical_relation":"{\"uuid\":\"86933a9a-237c-4824-a892-8e3d0146e09b\",\"blogId\":\"\",\"domain\":\"\",\"sitePath\":\"\",\"postLink\":\"\",\"postId\":null,\"isSaved\":true,\"isCrossLink\":false,\"hasCrossLink\":false}","cg_seo_hreflang_x_default_relation":"{\"uuid\":\"dbf9f94e-2588-487e-9264-aef1f6e39afd\",\"blogId\":\"\",\"domain\":\"\",\"sitePath\":\"\",\"postLink\":\"\",\"postId\":null,\"isSaved\":true,\"isCrossLink\":false,\"hasCrossLink\":false}","cg_dt_approved_content":true,"cg_dt_mandatory_content":false,"cg_dt_notes":"","cg_dg_source_changed":false,"cg_dt_link_disabled":false,"_yoast_wpseo_primary_brand":"","footnotes":"","featured_focal_points":"","partner_card_description":"","gsap_animation":0},"brand":[],"partner_type":[],"service":[],"industry":[],"partners":[],"page-type":[295],"content-group":[],"class_list":["post-742444","page","type-page","status-publish","hentry","page-type-about-us"],"yoast_head":"<!-- This site is optimized with the Yoast SEO Premium plugin v22.8 (Yoast SEO v22.8) - https:\/\/yoast.com\/wordpress\/plugins\/seo\/ -->\n<title>Verhaltensrichtlinien f\u00fcr Lieferanten | Capgemini<\/title>\n<meta name=\"description\" content=\"Unsere Verhaltensstandards f\u00fcr Lieferanten legen die Mindestanforderungen fest, die Capgemini von seinen Lieferanten in Bezug auf soziale Unternehmensverantwortung, Ethik und Korruptionsbek\u00e4mpfung, Einhaltung gesetzlicher Vorschriften und Standards f\u00fcr Gesch\u00e4ftsbeziehungen erwartet.\u00a0\" \/>\n<meta name=\"robots\" content=\"index, follow, max-snippet:-1, max-image-preview:large, max-video-preview:-1\" \/>\n<link rel=\"canonical\" href=\"https:\/\/www.capgemini.com\/de-de\/unternehmen\/management-governance\/policies\/supplier-standards-of-conduct\/\" \/>\n<meta property=\"og:locale\" content=\"de_DE\" \/>\n<meta property=\"og:type\" content=\"article\" \/>\n<meta property=\"og:title\" content=\"Verhaltensrichtlinien f\u00fcr Lieferanten | Capgemini\" \/>\n<meta property=\"og:description\" content=\"Unsere Verhaltensstandards f\u00fcr Lieferanten legen die Mindestanforderungen fest, die Capgemini von seinen Lieferanten in Bezug auf soziale Unternehmensverantwortung, Ethik und Korruptionsbek\u00e4mpfung, Einhaltung gesetzlicher Vorschriften und Standards f\u00fcr Gesch\u00e4ftsbeziehungen erwartet.\u00a0\" \/>\n<meta property=\"og:url\" content=\"https:\/\/www.capgemini.com\/de-de\/unternehmen\/management-governance\/policies\/supplier-standards-of-conduct\/\" \/>\n<meta property=\"og:site_name\" content=\"Capgemini\" \/>\n<meta property=\"article:modified_time\" content=\"2025-03-05T06:02:10+00:00\" \/>\n<meta property=\"og:image\" content=\"https:\/\/www.capgemini.com\/de-de\/wp-content\/uploads\/sites\/8\/2025\/10\/New-Web-preview-global.jpg\" \/>\n\t<meta property=\"og:image:width\" content=\"1200\" \/>\n\t<meta property=\"og:image:height\" content=\"627\" \/>\n\t<meta property=\"og:image:type\" content=\"image\/jpeg\" \/>\n<meta name=\"twitter:card\" content=\"summary_large_image\" \/>\n<meta name=\"twitter:label1\" content=\"Est. reading time\" \/>\n\t<meta name=\"twitter:data1\" content=\"2 minutes\" \/>\n<script type=\"application\/ld+json\" class=\"yoast-schema-graph\">{\"@context\":\"https:\/\/schema.org\",\"@graph\":[{\"@type\":\"WebPage\",\"@id\":\"https:\/\/www.capgemini.com\/de-de\/unternehmen\/management-governance\/policies\/supplier-standards-of-conduct\/\",\"url\":\"https:\/\/www.capgemini.com\/de-de\/unternehmen\/management-governance\/policies\/supplier-standards-of-conduct\/\",\"name\":\"Verhaltensrichtlinien f\u00fcr Lieferanten | Capgemini\",\"isPartOf\":{\"@id\":\"https:\/\/www.capgemini.com\/de-de\/#website\"},\"datePublished\":\"2022-01-10T06:44:28+00:00\",\"dateModified\":\"2025-03-05T06:02:10+00:00\",\"description\":\"Unsere Verhaltensstandards f\u00fcr Lieferanten legen die Mindestanforderungen fest, die Capgemini von seinen Lieferanten in Bezug auf soziale Unternehmensverantwortung, Ethik und Korruptionsbek\u00e4mpfung, Einhaltung gesetzlicher Vorschriften und Standards f\u00fcr Gesch\u00e4ftsbeziehungen erwartet.\u00a0\",\"breadcrumb\":{\"@id\":\"https:\/\/www.capgemini.com\/de-de\/unternehmen\/management-governance\/policies\/supplier-standards-of-conduct\/#breadcrumb\"},\"inLanguage\":\"de-DE\",\"potentialAction\":[{\"@type\":\"ReadAction\",\"target\":[\"https:\/\/www.capgemini.com\/de-de\/unternehmen\/management-governance\/policies\/supplier-standards-of-conduct\/\"]}]},{\"@type\":\"BreadcrumbList\",\"@id\":\"https:\/\/www.capgemini.com\/de-de\/unternehmen\/management-governance\/policies\/supplier-standards-of-conduct\/#breadcrumb\",\"itemListElement\":[{\"@type\":\"ListItem\",\"position\":1,\"name\":\"\u00dcber Uns\",\"item\":\"https:\/\/www.capgemini.com\/de-de\/unternehmen\/\"},{\"@type\":\"ListItem\",\"position\":2,\"name\":\"Management und Governance\",\"item\":\"https:\/\/www.capgemini.com\/de-de\/unternehmen\/management-governance\/\"},{\"@type\":\"ListItem\",\"position\":3,\"name\":\"Gruppen-Richtlinien\",\"item\":\"https:\/\/www.capgemini.com\/de-de\/unternehmen\/management-governance\/policies\/\"},{\"@type\":\"ListItem\",\"position\":4,\"name\":\"Verhaltensrichtlinien f\u00fcr Lieferanten, LKSG\"}]},{\"@type\":\"WebSite\",\"@id\":\"https:\/\/www.capgemini.com\/de-de\/#website\",\"url\":\"https:\/\/www.capgemini.com\/de-de\/\",\"name\":\"Capgemini Deutschland\",\"description\":\"Make it real\",\"potentialAction\":[{\"@type\":\"SearchAction\",\"target\":{\"@type\":\"EntryPoint\",\"urlTemplate\":\"https:\/\/www.capgemini.com\/de-de\/?s={search_term_string}\"},\"query-input\":\"required name=search_term_string\"}],\"inLanguage\":\"de-DE\"}]}<\/script>\n<!-- \/ Yoast SEO Premium plugin. -->","yoast_head_json":{"title":"Verhaltensrichtlinien f\u00fcr Lieferanten | Capgemini","description":"Unsere Verhaltensstandards f\u00fcr Lieferanten legen die Mindestanforderungen fest, die Capgemini von seinen Lieferanten in Bezug auf soziale Unternehmensverantwortung, Ethik und Korruptionsbek\u00e4mpfung, Einhaltung gesetzlicher Vorschriften und Standards f\u00fcr Gesch\u00e4ftsbeziehungen erwartet.\u00a0","robots":{"index":"index","follow":"follow","max-snippet":"max-snippet:-1","max-image-preview":"max-image-preview:large","max-video-preview":"max-video-preview:-1"},"canonical":"https:\/\/www.capgemini.com\/de-de\/unternehmen\/management-governance\/policies\/supplier-standards-of-conduct\/","og_locale":"de_DE","og_type":"article","og_title":"Verhaltensrichtlinien f\u00fcr Lieferanten | Capgemini","og_description":"Unsere Verhaltensstandards f\u00fcr Lieferanten legen die Mindestanforderungen fest, die Capgemini von seinen Lieferanten in Bezug auf soziale Unternehmensverantwortung, Ethik und Korruptionsbek\u00e4mpfung, Einhaltung gesetzlicher Vorschriften und Standards f\u00fcr Gesch\u00e4ftsbeziehungen erwartet.\u00a0","og_url":"https:\/\/www.capgemini.com\/de-de\/unternehmen\/management-governance\/policies\/supplier-standards-of-conduct\/","og_site_name":"Capgemini","article_modified_time":"2025-03-05T06:02:10+00:00","og_image":[{"width":1200,"height":627,"url":"https:\/\/www.capgemini.com\/de-de\/wp-content\/uploads\/sites\/8\/2025\/10\/New-Web-preview-global.jpg","type":"image\/jpeg"}],"twitter_card":"summary_large_image","twitter_misc":{"Est. reading time":"2 minutes"},"schema":{"@context":"https:\/\/schema.org","@graph":[{"@type":"WebPage","@id":"https:\/\/www.capgemini.com\/de-de\/unternehmen\/management-governance\/policies\/supplier-standards-of-conduct\/","url":"https:\/\/www.capgemini.com\/de-de\/unternehmen\/management-governance\/policies\/supplier-standards-of-conduct\/","name":"Verhaltensrichtlinien f\u00fcr Lieferanten | Capgemini","isPartOf":{"@id":"https:\/\/www.capgemini.com\/de-de\/#website"},"datePublished":"2022-01-10T06:44:28+00:00","dateModified":"2025-03-05T06:02:10+00:00","description":"Unsere Verhaltensstandards f\u00fcr Lieferanten legen die Mindestanforderungen fest, die Capgemini von seinen Lieferanten in Bezug auf soziale Unternehmensverantwortung, Ethik und Korruptionsbek\u00e4mpfung, Einhaltung gesetzlicher Vorschriften und Standards f\u00fcr Gesch\u00e4ftsbeziehungen erwartet.\u00a0","breadcrumb":{"@id":"https:\/\/www.capgemini.com\/de-de\/unternehmen\/management-governance\/policies\/supplier-standards-of-conduct\/#breadcrumb"},"inLanguage":"de-DE","potentialAction":[{"@type":"ReadAction","target":["https:\/\/www.capgemini.com\/de-de\/unternehmen\/management-governance\/policies\/supplier-standards-of-conduct\/"]}]},{"@type":"BreadcrumbList","@id":"https:\/\/www.capgemini.com\/de-de\/unternehmen\/management-governance\/policies\/supplier-standards-of-conduct\/#breadcrumb","itemListElement":[{"@type":"ListItem","position":1,"name":"\u00dcber Uns","item":"https:\/\/www.capgemini.com\/de-de\/unternehmen\/"},{"@type":"ListItem","position":2,"name":"Management und Governance","item":"https:\/\/www.capgemini.com\/de-de\/unternehmen\/management-governance\/"},{"@type":"ListItem","position":3,"name":"Gruppen-Richtlinien","item":"https:\/\/www.capgemini.com\/de-de\/unternehmen\/management-governance\/policies\/"},{"@type":"ListItem","position":4,"name":"Verhaltensrichtlinien f\u00fcr Lieferanten, LKSG"}]},{"@type":"WebSite","@id":"https:\/\/www.capgemini.com\/de-de\/#website","url":"https:\/\/www.capgemini.com\/de-de\/","name":"Capgemini Deutschland","description":"Make it real","potentialAction":[{"@type":"SearchAction","target":{"@type":"EntryPoint","urlTemplate":"https:\/\/www.capgemini.com\/de-de\/?s={search_term_string}"},"query-input":"required name=search_term_string"}],"inLanguage":"de-DE"}]}},"brand_term":[],"parsely":{"version":"1.1.0","canonical_url":"https:\/\/capgemini.com\/de-de\/unternehmen\/management-governance\/policies\/supplier-standards-of-conduct\/","smart_links":{"inbound":0,"outbound":0},"traffic_boost_suggestions_count":0,"meta":{"@context":"https:\/\/schema.org","@type":"WebPage","headline":"Verhaltensrichtlinien f\u00fcr Lieferanten, LKSG","url":"http:\/\/www.capgemini.com\/de-de\/unternehmen\/management-governance\/policies\/supplier-standards-of-conduct\/","mainEntityOfPage":{"@type":"WebPage","@id":"http:\/\/www.capgemini.com\/de-de\/unternehmen\/management-governance\/policies\/supplier-standards-of-conduct\/"},"thumbnailUrl":"","image":{"@type":"ImageObject","url":""},"articleSection":"Uncategorized","author":[],"creator":[],"publisher":{"@type":"Organization","name":"Capgemini","logo":""},"keywords":[],"dateCreated":"2022-01-10T06:44:28Z","datePublished":"2022-01-10T06:44:28Z","dateModified":"2025-03-05T06:02:10Z"},"rendered":"<script type=\"application\/ld+json\" class=\"wp-parsely-metadata\">{\"@context\":\"https:\\\/\\\/schema.org\",\"@type\":\"WebPage\",\"headline\":\"Verhaltensrichtlinien f\\u00fcr Lieferanten, LKSG\",\"url\":\"http:\\\/\\\/www.capgemini.com\\\/de-de\\\/unternehmen\\\/management-governance\\\/policies\\\/supplier-standards-of-conduct\\\/\",\"mainEntityOfPage\":{\"@type\":\"WebPage\",\"@id\":\"http:\\\/\\\/www.capgemini.com\\\/de-de\\\/unternehmen\\\/management-governance\\\/policies\\\/supplier-standards-of-conduct\\\/\"},\"thumbnailUrl\":\"\",\"image\":{\"@type\":\"ImageObject\",\"url\":\"\"},\"articleSection\":\"Uncategorized\",\"author\":[],\"creator\":[],\"publisher\":{\"@type\":\"Organization\",\"name\":\"Capgemini\",\"logo\":\"\"},\"keywords\":[],\"dateCreated\":\"2022-01-10T06:44:28Z\",\"datePublished\":\"2022-01-10T06:44:28Z\",\"dateModified\":\"2025-03-05T06:02:10Z\"}<\/script>","tracker_url":"https:\/\/cdn.parsely.com\/keys\/capgemini.com\/p.js"},"archive_status":false,"featured_image_src":"https:\/\/www.capgemini.com\/de-de\/wp-content\/themes\/capgemini2025\/assets\/images\/mockup.png","featured_image_alt":false,"jetpack_sharing_enabled":true,"distributor_meta":false,"distributor_terms":false,"distributor_media":false,"distributor_original_site_name":"Capgemini","distributor_original_site_url":"https:\/\/www.capgemini.com\/de-de","push-errors":false,"_links":{"self":[{"href":"https:\/\/www.capgemini.com\/de-de\/wp-json\/wp\/v2\/pages\/742444","targetHints":{"allow":["GET"]}}],"collection":[{"href":"https:\/\/www.capgemini.com\/de-de\/wp-json\/wp\/v2\/pages"}],"about":[{"href":"https:\/\/www.capgemini.com\/de-de\/wp-json\/wp\/v2\/types\/page"}],"author":[{"embeddable":true,"href":"https:\/\/www.capgemini.com\/de-de\/wp-json\/wp\/v2\/users\/121"}],"replies":[{"embeddable":true,"href":"https:\/\/www.capgemini.com\/de-de\/wp-json\/wp\/v2\/comments?post=742444"}],"version-history":[{"count":20,"href":"https:\/\/www.capgemini.com\/de-de\/wp-json\/wp\/v2\/pages\/742444\/revisions"}],"predecessor-version":[{"id":876207,"href":"https:\/\/www.capgemini.com\/de-de\/wp-json\/wp\/v2\/pages\/742444\/revisions\/876207"}],"up":[{"embeddable":true,"href":"https:\/\/www.capgemini.com\/de-de\/wp-json\/wp\/v2\/pages\/742475"}],"wp:attachment":[{"href":"https:\/\/www.capgemini.com\/de-de\/wp-json\/wp\/v2\/media?parent=742444"}],"wp:term":[{"taxonomy":"brand","embeddable":true,"href":"https:\/\/www.capgemini.com\/de-de\/wp-json\/wp\/v2\/brand?post=742444"},{"taxonomy":"partner_type","embeddable":true,"href":"https:\/\/www.capgemini.com\/de-de\/wp-json\/wp\/v2\/partner_type?post=742444"},{"taxonomy":"service","embeddable":true,"href":"https:\/\/www.capgemini.com\/de-de\/wp-json\/wp\/v2\/service?post=742444"},{"taxonomy":"industry","embeddable":true,"href":"https:\/\/www.capgemini.com\/de-de\/wp-json\/wp\/v2\/industry?post=742444"},{"taxonomy":"partners","embeddable":true,"href":"https:\/\/www.capgemini.com\/de-de\/wp-json\/wp\/v2\/partners?post=742444"},{"taxonomy":"page-type","embeddable":true,"href":"https:\/\/www.capgemini.com\/de-de\/wp-json\/wp\/v2\/page-type?post=742444"},{"taxonomy":"content-group","embeddable":true,"href":"https:\/\/www.capgemini.com\/de-de\/wp-json\/wp\/v2\/content-group?post=742444"}],"curies":[{"name":"wp","href":"https:\/\/api.w.org\/{rel}","templated":true}]}}