{"id":742307,"date":"2022-01-28T09:27:11","date_gmt":"2022-01-28T09:27:11","guid":{"rendered":"https:\/\/www.capgemini.com\/?page_id=646985"},"modified":"2026-01-08T09:53:09","modified_gmt":"2026-01-08T09:53:09","slug":"capgeminis-intelligent-assistant-for-automotive-delivers-the-data-suppliers-need-right-now","status":"publish","type":"page","link":"https:\/\/www.capgemini.com\/de-de\/solutions\/intelligent-assistant-for-automotive\/","title":{"rendered":"Intelligenter Assistent f\u00fcr die Automobilindustrie"},"content":{"rendered":"\n<header class=\"wp-block-cg-blocks-hero-reusable header heroReusable  \"><div class=\"header-bgs\"><picture><source srcset=\"https:\/\/www.capgemini.com\/wp-content\/uploads\/2022\/04\/Capgemini_Solutions_Intelligent-Assistant-for-Automotive.jpg?w=2880&amp;quality=70 1x, https:\/\/www.capgemini.com\/wp-content\/uploads\/2022\/04\/Capgemini_Solutions_Intelligent-Assistant-for-Automotive.jpg?w=2880&amp;quality=70 2x\" media=\"(min-width: 1500px)\"\/><source srcset=\"https:\/\/www.capgemini.com\/wp-content\/uploads\/2022\/04\/Capgemini_Solutions_Intelligent-Assistant-for-Automotive.jpg?w=1440&amp;quality=70 1x, https:\/\/www.capgemini.com\/wp-content\/uploads\/2022\/04\/Capgemini_Solutions_Intelligent-Assistant-for-Automotive.jpg?w=2880&amp;quality=70 2x\" media=\"(min-width: 992px)\"\/><source srcset=\"https:\/\/www.capgemini.com\/wp-content\/uploads\/2022\/04\/Capgemini_Solutions_Intelligent-Assistant-for-Automotive.jpg?w=1024&amp;quality=70 1x, https:\/\/www.capgemini.com\/wp-content\/uploads\/2022\/04\/Capgemini_Solutions_Intelligent-Assistant-for-Automotive.jpg?w=1024&amp;quality=70 2x\" media=\"(min-width: 768px)\"\/><source srcset=\"https:\/\/www.capgemini.com\/wp-content\/uploads\/2022\/04\/Capgemini_Solutions_Intelligent-Assistant-for-Automotive.jpg?w=768&amp;quality=70 1x, https:\/\/www.capgemini.com\/wp-content\/uploads\/2022\/04\/Capgemini_Solutions_Intelligent-Assistant-for-Automotive.jpg?w=768&amp;quality=70 2x\" media=\"(min-width: 0)\"\/><img decoding=\"async\" src=\"https:\/\/www.capgemini.com\/wp-content\/uploads\/2022\/04\/Capgemini_Solutions_Intelligent-Assistant-for-Automotive.jpg\" class=\"header-img header-img-d\" alt=\"\" style=\"object-fit:cover;object-position:52% 37%\" loading=\"eager\"\/><\/picture><\/div><div class=\"heroPictureCardHeaderShape\"><\/div><div class=\"container\"><div class=\"row\"><div class=\"col-md-12\"><div class=\"box\"><div class=\"boxTagWrapper\"><div class=\"tagInfo\"><div><span class=\"box-tag\">Solution<\/span><\/div><\/div><\/div><div class=\"box-title\"><h1 data-maxlength=\"34\">Intelligenter Assistent f\u00fcr die Automobilindustrie <\/h1><\/div><div class=\"inner-row-insight download-btn\"><\/div><\/div><\/div><\/div><\/div><\/header>\n\n\n\n<section class=\"wp-block-cg-blocks-intro-para undefined section section--intro\"><div class=\"intro-para\"><div class=\"container\"><div class=\"row\"><div class=\"col-12 col-md-1\"><nav class=\"article-social\"><ul class=\"social-nav\"><li class=\"ip-order-fb\"><a href=\"https:\/\/www.facebook.com\/sharer\/sharer.php?u=https:\/\/www.capgemini.com\/de-de\/solutions\/intelligent-assistant-for-automotive\/\" target=\"_blank\" rel=\"noopener noreferrer\" title=\"In neuem Fenster \u00f6ffnen\"><i aria-hidden=\"true\" class=\"icon-fb\"><\/i><span class=\"sr-only\">Facebook<\/span><\/a><\/li><li class=\"ip-order-li\"><a href=\"https:\/\/www.linkedin.com\/sharing\/share-offsite\/?url=https:\/\/www.capgemini.com\/de-de\/solutions\/intelligent-assistant-for-automotive\/\" target=\"_blank\" rel=\"noopener noreferrer\" title=\"In neuem Fenster \u00f6ffnen\"><i aria-hidden=\"true\" class=\"icon-li\"><\/i><span class=\"sr-only\">Linkedin<\/span><\/a><\/li><\/ul><\/nav><\/div><div class=\"col-12 col-md-11 col-lg-10\"><h2 class=\"intro-para-title\">Aktivierung von Daten zur Beschleunigung der Lieferkettenintelligenz in der Automobilindustrie.<\/h2><p class=\"intro-para-content\">Automobilunternehmen haben Daten. Die Herausforderung besteht darin, Daten in Echtzeit zu extrahieren und diese Daten f\u00fcr sich arbeiten zu lassen.<br><br>SAP\u00ae ist eine Datenmaschine, und es ist an der Zeit, sie zu nutzen. Die Zeiten, in denen Daten im Nachhinein \u00fcber benutzerdefinierte Berichte gepr\u00fcft wurden, sind vorbei. Automobilhersteller und -zulieferer ben\u00f6tigen Informationen, um intelligente Gesch\u00e4ftsentscheidungen in Echtzeit zu treffen. Es ist an der Zeit, Probleme zu finden, bevor sie zu kostspieligen Problemen werden.<br><br>Die Capgemini Intelligent Assistant for Automotive App (CIA4AUTO) nutzt die Leistungsf\u00e4higkeit von SAP-Daten, um sich jetzt auf die richtigen Daten zu konzentrieren. Sie scannt Transaktionen, Buchungen, Ereignisse oder das Fehlen von Ereignissen, um Anomalien zu erkennen und auf m\u00f6gliche Probleme in der Lieferkette hinzuweisen. Abweichungen in Transaktionen l\u00f6sen eine Warnung an die zust\u00e4ndigen Mitarbeiter aus.<br><br>CIA4AUTO ist Teil der SAP-L\u00f6sungen von Capgemini f\u00fcr die Automobilbranche. Die gesamte Angebotspalette umfasst die SAP S\/4HANA Cloud f\u00fcr Automobilzulieferer und den AutoPath Accelerator.<\/p><\/div><\/div><\/div><\/div><\/section>\n\n\n\n<section class=\"wp-block-cg-blocks-group undefined section section--article-content\"><div class=\"article-main-content\"><div class=\"container\"><div class=\"row\"><div class=\"col-12 col-md-11 col-lg-10 offset-md-1 offset-lg-1\"><div class=\"article-text article-quote-text\">\n<section class=\"wp-block-cg-blocks-intro-para-video section section--info-2cols section--insights section-video \"><div class=\"bg-color video-align-right\"><div class=\"container\"><div class=\"row video-align-left\"><div class=\"col-md-12\"><div class=\"video-align-left row box box--4 box--mini\"><div class=\"col-md-3\"><h3 class=\"Video-title\" data-maxlength=\"34\">Capgemini Intelligent Assistant for Automotive (CIA4Auto)<br><\/h3><div class=\"video-info\"><p data-maxlength=\"68\"><\/p><\/div><\/div><div class=\"col-md-8 box-img-wrapper\"><div class=\"video-box\"><div class=\"video-wrapper\"><iframe title=\"video-section\" src=\"https:\/\/www.youtube.com\/embed\/YpG_ZYtl0ZA?rel=0&amp;modestbranding=1&amp;playsinline=1&amp;enablejsapi=1\" frameborder=\"0\" allow=\"accelerometer; autoplay; clipboard-write; encrypted-media; gyroscope; picture-in-picture\" allowfullscreen loading=\"lazy\" referrerpolicy=\"strict-origin-when-cross-origin\"><\/iframe><\/div><\/div><\/div><div class=\"col-md-1\"><\/div><\/div><\/div><\/div><\/div><\/div><\/section>\n\n\n\n<p>CIA4AUTO verfolgt Kundenauftr\u00e4ge, Preise, Lieferungen, Quittungen, IDOC\/EDI-Eing\u00e4nge und -Ausg\u00e4nge sowie Rechnungen, um die Abl\u00e4ufe zu verbessern. Die Anwendung verfolgt auch die Daten und nimmt Datenanpassungen vor, um sicherzustellen, dass saubere Daten f\u00fcr die Verarbeitung verwendet werden. Das bedeutet eine bessere Kunden- und Mitarbeitererfahrung, da Probleme viel fr\u00fcher im Prozess erkannt werden k\u00f6nnen. Und die Anwendung lernt anhand der Interaktionen des Benutzers, so dass sie sich anpasst, um die f\u00fcr Ihr Unternehmen wichtigen Informationen zu liefern.<\/p>\n\n\n\n<p>CIA4AUTO bietet:<\/p>\n\n\n\n<ul class=\"wp-block-list\">\n<li>Echtzeit-Datenanalyse der wichtigsten Probleme in der Automobil-Lieferkette<\/li>\n\n\n\n<li>Individuell anpassbare Benachrichtigungen, um die Effizienz der Mitarbeiter zu steigern und St\u00f6rungen zu minimieren<\/li>\n\n\n\n<li>Schnelle Einsatzm\u00f6glichkeiten in der Cloud.<\/li>\n<\/ul>\n\n\n\n<h2 class=\"wp-block-heading\" id=\"h-\"><\/h2>\n\n\n\n<figure class=\"wp-block-image alignleft size-full\"><img decoding=\"async\" src=\"https:\/\/www.capgemini.com\/wp-content\/uploads\/2022\/01\/Endorsed-on-available-on-sap-store-wh-bg.png\" alt=\"\" class=\"wp-image-647017\"\/><\/figure>\n\n\n\n<p>CIA4AUTO ist iOS-, Android- und webbasiert und funktioniert in jeder SAP-Umgebung &#8211; ECC oder SAP S\/4HANA &#8211; unabh\u00e4ngig vom Grad der Anpassung.<\/p>\n<\/div><\/div><\/div><\/div><\/div><\/section>\n","protected":false},"excerpt":{"rendered":"","protected":false},"author":151,"featured_media":742309,"parent":743171,"menu_order":0,"comment_status":"closed","ping_status":"closed","template":"","meta":{"cg_dt_proposed_to":[],"cg_seo_hreflang_relations":"[]","cg_seo_canonical_relation":"","cg_seo_hreflang_x_default_relation":"{\"uuid\":\"1308a463-aa85-4138-8818-13be40bb85c7\",\"blogId\":\"\",\"domain\":\"\",\"sitePath\":\"\",\"postLink\":\"\",\"postId\":null,\"isSaved\":true,\"isCrossLink\":false,\"hasCrossLink\":false}","cg_dt_approved_content":true,"cg_dt_mandatory_content":false,"cg_dt_notes":"","cg_dg_source_changed":false,"cg_dt_link_disabled":false,"_yoast_wpseo_primary_brand":"","footnotes":"","featured_focal_points":"","partner_card_description":"","gsap_animation":0},"brand":[],"partner_type":[],"service":[52],"industry":[25],"partners":[],"page-type":[287],"content-group":[],"class_list":["post-742307","page","type-page","status-publish","has-post-thumbnail","hentry","service-intelligent-industry","industry-automotive","page-type-solutions"],"yoast_head":"<!-- This site is optimized with the Yoast SEO Premium plugin v22.8 (Yoast SEO v22.8) - https:\/\/yoast.com\/wordpress\/plugins\/seo\/ -->\n<title>Intelligenter Assistent f\u00fcr die Automobilindustrie - Capgemini<\/title>\n<meta name=\"description\" content=\"Wie k\u00f6nnen Automobilhersteller mit dem Intelligent Assistant for Automotive Daten in Echtzeit nutzen und f\u00fcr sich arbeiten lassen?\" \/>\n<meta name=\"robots\" content=\"index, follow, max-snippet:-1, max-image-preview:large, max-video-preview:-1\" \/>\n<link rel=\"canonical\" href=\"https:\/\/www.capgemini.com\/de-de\/solutions\/intelligent-assistant-for-automotive\/\" \/>\n<meta property=\"og:locale\" content=\"de_DE\" \/>\n<meta property=\"og:type\" content=\"article\" \/>\n<meta property=\"og:title\" content=\"Intelligenter Assistent f\u00fcr die Automobilindustrie - Capgemini\" \/>\n<meta property=\"og:description\" content=\"Wie k\u00f6nnen Automobilhersteller mit dem Intelligent Assistant for Automotive Daten in Echtzeit nutzen und f\u00fcr sich arbeiten lassen?\" \/>\n<meta property=\"og:url\" content=\"https:\/\/www.capgemini.com\/de-de\/solutions\/intelligent-assistant-for-automotive\/\" \/>\n<meta property=\"og:site_name\" content=\"Capgemini\" \/>\n<meta property=\"article:modified_time\" content=\"2026-01-08T09:53:09+00:00\" \/>\n<meta property=\"og:image\" content=\"https:\/\/www.capgemini.com\/de-de\/wp-content\/uploads\/sites\/8\/2022\/01\/Capgemini_Solutions_Intelligent-Assistant-for-Automotive.jpg\" \/>\n\t<meta property=\"og:image:width\" content=\"2880\" \/>\n\t<meta property=\"og:image:height\" content=\"1800\" \/>\n\t<meta property=\"og:image:type\" content=\"image\/jpeg\" \/>\n<meta name=\"twitter:card\" content=\"summary_large_image\" \/>\n<meta name=\"twitter:label1\" content=\"Est. reading time\" \/>\n\t<meta name=\"twitter:data1\" content=\"3 minutes\" \/>\n<script type=\"application\/ld+json\" class=\"yoast-schema-graph\">{\"@context\":\"https:\/\/schema.org\",\"@graph\":[{\"@type\":\"WebPage\",\"@id\":\"https:\/\/www.capgemini.com\/de-de\/solutions\/intelligent-assistant-for-automotive\/\",\"url\":\"https:\/\/www.capgemini.com\/de-de\/solutions\/intelligent-assistant-for-automotive\/\",\"name\":\"Intelligenter Assistent f\u00fcr die Automobilindustrie - Capgemini\",\"isPartOf\":{\"@id\":\"https:\/\/www.capgemini.com\/de-de\/#website\"},\"primaryImageOfPage\":{\"@id\":\"https:\/\/www.capgemini.com\/de-de\/solutions\/intelligent-assistant-for-automotive\/#primaryimage\"},\"image\":{\"@id\":\"https:\/\/www.capgemini.com\/de-de\/solutions\/intelligent-assistant-for-automotive\/#primaryimage\"},\"thumbnailUrl\":\"https:\/\/www.capgemini.com\/de-de\/wp-content\/uploads\/sites\/8\/2022\/01\/Capgemini_Solutions_Intelligent-Assistant-for-Automotive.jpg\",\"datePublished\":\"2022-01-28T09:27:11+00:00\",\"dateModified\":\"2026-01-08T09:53:09+00:00\",\"description\":\"Wie k\u00f6nnen Automobilhersteller mit dem Intelligent Assistant for Automotive Daten in Echtzeit nutzen und f\u00fcr sich arbeiten lassen?\",\"breadcrumb\":{\"@id\":\"https:\/\/www.capgemini.com\/de-de\/solutions\/intelligent-assistant-for-automotive\/#breadcrumb\"},\"inLanguage\":\"de-DE\",\"potentialAction\":[{\"@type\":\"ReadAction\",\"target\":[\"https:\/\/www.capgemini.com\/de-de\/solutions\/intelligent-assistant-for-automotive\/\"]}]},{\"@type\":\"ImageObject\",\"inLanguage\":\"de-DE\",\"@id\":\"https:\/\/www.capgemini.com\/de-de\/solutions\/intelligent-assistant-for-automotive\/#primaryimage\",\"url\":\"https:\/\/www.capgemini.com\/de-de\/wp-content\/uploads\/sites\/8\/2022\/01\/Capgemini_Solutions_Intelligent-Assistant-for-Automotive.jpg\",\"contentUrl\":\"https:\/\/www.capgemini.com\/de-de\/wp-content\/uploads\/sites\/8\/2022\/01\/Capgemini_Solutions_Intelligent-Assistant-for-Automotive.jpg\",\"width\":2880,\"height\":1800},{\"@type\":\"BreadcrumbList\",\"@id\":\"https:\/\/www.capgemini.com\/de-de\/solutions\/intelligent-assistant-for-automotive\/#breadcrumb\",\"itemListElement\":[{\"@type\":\"ListItem\",\"position\":1,\"name\":\"Solutions\",\"item\":\"https:\/\/www.capgemini.com\/de-de\/solutions\/\"},{\"@type\":\"ListItem\",\"position\":2,\"name\":\"Intelligenter Assistent f\u00fcr die Automobilindustrie\"}]},{\"@type\":\"WebSite\",\"@id\":\"https:\/\/www.capgemini.com\/de-de\/#website\",\"url\":\"https:\/\/www.capgemini.com\/de-de\/\",\"name\":\"Capgemini Deutschland\",\"description\":\"Make it real\",\"potentialAction\":[{\"@type\":\"SearchAction\",\"target\":{\"@type\":\"EntryPoint\",\"urlTemplate\":\"https:\/\/www.capgemini.com\/de-de\/?s={search_term_string}\"},\"query-input\":\"required name=search_term_string\"}],\"inLanguage\":\"de-DE\"}]}<\/script>\n<!-- \/ Yoast SEO Premium plugin. -->","yoast_head_json":{"title":"Intelligenter Assistent f\u00fcr die Automobilindustrie - Capgemini","description":"Wie k\u00f6nnen Automobilhersteller mit dem Intelligent Assistant for Automotive Daten in Echtzeit nutzen und f\u00fcr sich arbeiten lassen?","robots":{"index":"index","follow":"follow","max-snippet":"max-snippet:-1","max-image-preview":"max-image-preview:large","max-video-preview":"max-video-preview:-1"},"canonical":"https:\/\/www.capgemini.com\/de-de\/solutions\/intelligent-assistant-for-automotive\/","og_locale":"de_DE","og_type":"article","og_title":"Intelligenter Assistent f\u00fcr die Automobilindustrie - Capgemini","og_description":"Wie k\u00f6nnen Automobilhersteller mit dem Intelligent Assistant for Automotive Daten in Echtzeit nutzen und f\u00fcr sich arbeiten lassen?","og_url":"https:\/\/www.capgemini.com\/de-de\/solutions\/intelligent-assistant-for-automotive\/","og_site_name":"Capgemini","article_modified_time":"2026-01-08T09:53:09+00:00","og_image":[{"width":2880,"height":1800,"url":"https:\/\/www.capgemini.com\/de-de\/wp-content\/uploads\/sites\/8\/2022\/01\/Capgemini_Solutions_Intelligent-Assistant-for-Automotive.jpg","type":"image\/jpeg"}],"twitter_card":"summary_large_image","twitter_misc":{"Est. reading time":"3 minutes"},"schema":{"@context":"https:\/\/schema.org","@graph":[{"@type":"WebPage","@id":"https:\/\/www.capgemini.com\/de-de\/solutions\/intelligent-assistant-for-automotive\/","url":"https:\/\/www.capgemini.com\/de-de\/solutions\/intelligent-assistant-for-automotive\/","name":"Intelligenter Assistent f\u00fcr die Automobilindustrie - Capgemini","isPartOf":{"@id":"https:\/\/www.capgemini.com\/de-de\/#website"},"primaryImageOfPage":{"@id":"https:\/\/www.capgemini.com\/de-de\/solutions\/intelligent-assistant-for-automotive\/#primaryimage"},"image":{"@id":"https:\/\/www.capgemini.com\/de-de\/solutions\/intelligent-assistant-for-automotive\/#primaryimage"},"thumbnailUrl":"https:\/\/www.capgemini.com\/de-de\/wp-content\/uploads\/sites\/8\/2022\/01\/Capgemini_Solutions_Intelligent-Assistant-for-Automotive.jpg","datePublished":"2022-01-28T09:27:11+00:00","dateModified":"2026-01-08T09:53:09+00:00","description":"Wie k\u00f6nnen Automobilhersteller mit dem Intelligent Assistant for Automotive Daten in Echtzeit nutzen und f\u00fcr sich arbeiten lassen?","breadcrumb":{"@id":"https:\/\/www.capgemini.com\/de-de\/solutions\/intelligent-assistant-for-automotive\/#breadcrumb"},"inLanguage":"de-DE","potentialAction":[{"@type":"ReadAction","target":["https:\/\/www.capgemini.com\/de-de\/solutions\/intelligent-assistant-for-automotive\/"]}]},{"@type":"ImageObject","inLanguage":"de-DE","@id":"https:\/\/www.capgemini.com\/de-de\/solutions\/intelligent-assistant-for-automotive\/#primaryimage","url":"https:\/\/www.capgemini.com\/de-de\/wp-content\/uploads\/sites\/8\/2022\/01\/Capgemini_Solutions_Intelligent-Assistant-for-Automotive.jpg","contentUrl":"https:\/\/www.capgemini.com\/de-de\/wp-content\/uploads\/sites\/8\/2022\/01\/Capgemini_Solutions_Intelligent-Assistant-for-Automotive.jpg","width":2880,"height":1800},{"@type":"BreadcrumbList","@id":"https:\/\/www.capgemini.com\/de-de\/solutions\/intelligent-assistant-for-automotive\/#breadcrumb","itemListElement":[{"@type":"ListItem","position":1,"name":"Solutions","item":"https:\/\/www.capgemini.com\/de-de\/solutions\/"},{"@type":"ListItem","position":2,"name":"Intelligenter Assistent f\u00fcr die Automobilindustrie"}]},{"@type":"WebSite","@id":"https:\/\/www.capgemini.com\/de-de\/#website","url":"https:\/\/www.capgemini.com\/de-de\/","name":"Capgemini Deutschland","description":"Make it real","potentialAction":[{"@type":"SearchAction","target":{"@type":"EntryPoint","urlTemplate":"https:\/\/www.capgemini.com\/de-de\/?s={search_term_string}"},"query-input":"required name=search_term_string"}],"inLanguage":"de-DE"}]}},"brand_term":[],"parsely":{"version":"1.1.0","canonical_url":"https:\/\/capgemini.com\/de-de\/solutions\/intelligent-assistant-for-automotive\/","smart_links":{"inbound":0,"outbound":0},"traffic_boost_suggestions_count":0,"meta":{"@context":"https:\/\/schema.org","@type":"WebPage","headline":"Intelligenter Assistent f\u00fcr die Automobilindustrie","url":"http:\/\/www.capgemini.com\/de-de\/solutions\/intelligent-assistant-for-automotive\/","mainEntityOfPage":{"@type":"WebPage","@id":"http:\/\/www.capgemini.com\/de-de\/solutions\/intelligent-assistant-for-automotive\/"},"thumbnailUrl":"https:\/\/www.capgemini.com\/de-de\/wp-content\/uploads\/sites\/8\/2022\/01\/Capgemini_Solutions_Intelligent-Assistant-for-Automotive.jpg?w=150&h=150&crop=1","image":{"@type":"ImageObject","url":"https:\/\/www.capgemini.com\/de-de\/wp-content\/uploads\/sites\/8\/2022\/01\/Capgemini_Solutions_Intelligent-Assistant-for-Automotive.jpg"},"articleSection":"Uncategorized","author":[],"creator":[],"publisher":{"@type":"Organization","name":"Capgemini","logo":""},"keywords":[],"dateCreated":"2022-01-28T09:27:11Z","datePublished":"2022-01-28T09:27:11Z","dateModified":"2026-01-08T09:53:09Z"},"rendered":"<script type=\"application\/ld+json\" class=\"wp-parsely-metadata\">{\"@context\":\"https:\\\/\\\/schema.org\",\"@type\":\"WebPage\",\"headline\":\"Intelligenter Assistent f\\u00fcr die Automobilindustrie\",\"url\":\"http:\\\/\\\/www.capgemini.com\\\/de-de\\\/solutions\\\/intelligent-assistant-for-automotive\\\/\",\"mainEntityOfPage\":{\"@type\":\"WebPage\",\"@id\":\"http:\\\/\\\/www.capgemini.com\\\/de-de\\\/solutions\\\/intelligent-assistant-for-automotive\\\/\"},\"thumbnailUrl\":\"https:\\\/\\\/www.capgemini.com\\\/de-de\\\/wp-content\\\/uploads\\\/sites\\\/8\\\/2022\\\/01\\\/Capgemini_Solutions_Intelligent-Assistant-for-Automotive.jpg?w=150&h=150&crop=1\",\"image\":{\"@type\":\"ImageObject\",\"url\":\"https:\\\/\\\/www.capgemini.com\\\/de-de\\\/wp-content\\\/uploads\\\/sites\\\/8\\\/2022\\\/01\\\/Capgemini_Solutions_Intelligent-Assistant-for-Automotive.jpg\"},\"articleSection\":\"Uncategorized\",\"author\":[],\"creator\":[],\"publisher\":{\"@type\":\"Organization\",\"name\":\"Capgemini\",\"logo\":\"\"},\"keywords\":[],\"dateCreated\":\"2022-01-28T09:27:11Z\",\"datePublished\":\"2022-01-28T09:27:11Z\",\"dateModified\":\"2026-01-08T09:53:09Z\"}<\/script>","tracker_url":"https:\/\/cdn.parsely.com\/keys\/capgemini.com\/p.js"},"archive_status":false,"featured_image_src":"https:\/\/www.capgemini.com\/de-de\/wp-content\/uploads\/sites\/8\/2022\/01\/Capgemini_Solutions_Intelligent-Assistant-for-Automotive.jpg","featured_image_alt":"","jetpack_sharing_enabled":true,"distributor_meta":false,"distributor_terms":false,"distributor_media":false,"distributor_original_site_name":"Capgemini","distributor_original_site_url":"https:\/\/www.capgemini.com\/de-de","push-errors":false,"_links":{"self":[{"href":"https:\/\/www.capgemini.com\/de-de\/wp-json\/wp\/v2\/pages\/742307","targetHints":{"allow":["GET"]}}],"collection":[{"href":"https:\/\/www.capgemini.com\/de-de\/wp-json\/wp\/v2\/pages"}],"about":[{"href":"https:\/\/www.capgemini.com\/de-de\/wp-json\/wp\/v2\/types\/page"}],"author":[{"embeddable":true,"href":"https:\/\/www.capgemini.com\/de-de\/wp-json\/wp\/v2\/users\/151"}],"replies":[{"embeddable":true,"href":"https:\/\/www.capgemini.com\/de-de\/wp-json\/wp\/v2\/comments?post=742307"}],"version-history":[{"count":12,"href":"https:\/\/www.capgemini.com\/de-de\/wp-json\/wp\/v2\/pages\/742307\/revisions"}],"predecessor-version":[{"id":890531,"href":"https:\/\/www.capgemini.com\/de-de\/wp-json\/wp\/v2\/pages\/742307\/revisions\/890531"}],"up":[{"embeddable":true,"href":"https:\/\/www.capgemini.com\/de-de\/wp-json\/wp\/v2\/pages\/743171"}],"wp:featuredmedia":[{"embeddable":true,"href":"https:\/\/www.capgemini.com\/de-de\/wp-json\/wp\/v2\/media\/742309"}],"wp:attachment":[{"href":"https:\/\/www.capgemini.com\/de-de\/wp-json\/wp\/v2\/media?parent=742307"}],"wp:term":[{"taxonomy":"brand","embeddable":true,"href":"https:\/\/www.capgemini.com\/de-de\/wp-json\/wp\/v2\/brand?post=742307"},{"taxonomy":"partner_type","embeddable":true,"href":"https:\/\/www.capgemini.com\/de-de\/wp-json\/wp\/v2\/partner_type?post=742307"},{"taxonomy":"service","embeddable":true,"href":"https:\/\/www.capgemini.com\/de-de\/wp-json\/wp\/v2\/service?post=742307"},{"taxonomy":"industry","embeddable":true,"href":"https:\/\/www.capgemini.com\/de-de\/wp-json\/wp\/v2\/industry?post=742307"},{"taxonomy":"partners","embeddable":true,"href":"https:\/\/www.capgemini.com\/de-de\/wp-json\/wp\/v2\/partners?post=742307"},{"taxonomy":"page-type","embeddable":true,"href":"https:\/\/www.capgemini.com\/de-de\/wp-json\/wp\/v2\/page-type?post=742307"},{"taxonomy":"content-group","embeddable":true,"href":"https:\/\/www.capgemini.com\/de-de\/wp-json\/wp\/v2\/content-group?post=742307"}],"curies":[{"name":"wp","href":"https:\/\/api.w.org\/{rel}","templated":true}]}}