{"id":742165,"date":"2022-01-28T16:21:34","date_gmt":"2022-01-28T16:21:34","guid":{"rendered":"https:\/\/www.capgemini.com\/?page_id=647530"},"modified":"2025-03-05T05:55:51","modified_gmt":"2025-03-05T05:55:51","slug":"solutions-for-the-5g-edge-revolution","status":"publish","type":"page","link":"https:\/\/www.capgemini.com\/de-de\/solutions\/solutions-for-the-5g-edge-revolution\/","title":{"rendered":"L\u00f6sungen f\u00fcr die 5G- und Edge-Entwicklung"},"content":{"rendered":"\n<header class=\"wp-block-cg-blocks-hero-reusable header heroReusable  \"><div class=\"header-bgs\"><picture><source srcset=\"https:\/\/www.capgemini.com\/wp-content\/uploads\/2022\/04\/Capture-42.jpg?w=2880&amp;quality=70 1x, https:\/\/www.capgemini.com\/wp-content\/uploads\/2022\/04\/Capture-42.jpg?w=2880&amp;quality=70 2x\" media=\"(min-width: 1500px)\"\/><source srcset=\"https:\/\/www.capgemini.com\/wp-content\/uploads\/2022\/04\/Capture-42.jpg?w=1440&amp;quality=70 1x, https:\/\/www.capgemini.com\/wp-content\/uploads\/2022\/04\/Capture-42.jpg?w=2880&amp;quality=70 2x\" media=\"(min-width: 992px)\"\/><source srcset=\"https:\/\/www.capgemini.com\/wp-content\/uploads\/2022\/04\/Capture-42.jpg?w=1024&amp;quality=70 1x, https:\/\/www.capgemini.com\/wp-content\/uploads\/2022\/04\/Capture-42.jpg?w=1024&amp;quality=70 2x\" media=\"(min-width: 768px)\"\/><source srcset=\"https:\/\/www.capgemini.com\/wp-content\/uploads\/2022\/04\/Capture-42.jpg?w=768&amp;quality=70 1x, https:\/\/www.capgemini.com\/wp-content\/uploads\/2022\/04\/Capture-42.jpg?w=768&amp;quality=70 2x\" media=\"(min-width: 0)\"\/><img decoding=\"async\" src=\"https:\/\/www.capgemini.com\/wp-content\/uploads\/2022\/04\/Capture-42.jpg\" class=\"header-img header-img-d\" alt=\"\" style=\"object-fit:cover;object-position:50% 50%\" loading=\"eager\"\/><\/picture><\/div><div class=\"heroPictureCardHeaderShape\"><\/div><div class=\"container\"><div class=\"row\"><div class=\"col-md-12\"><div class=\"box\"><div class=\"boxTagWrapper\"><div class=\"tagInfo\"><div><span class=\"box-tag\">Solution<\/span><\/div><\/div><div class=\"brandInfo\"><div class=\"brandLogo\"><img decoding=\"async\" loading=\"lazy\" src=\"\/wp-content\/themes\/capgemini2020\/assets\/images\/capgemini-engineering.svg\" alt=\"capgemini-engineering\"\/><\/div><\/div><\/div><div class=\"box-title\"><h1 data-maxlength=\"34\">L\u00f6sungen f\u00fcr die 5G- und Edge-Entwicklung<\/h1><\/div><div class=\"inner-row-insight download-btn\"><\/div><\/div><\/div><\/div><\/div><\/header>\n\n\n\n<section class=\"wp-block-cg-blocks-intro-para undefined section section--intro\"><div class=\"intro-para\"><div class=\"container\"><div class=\"row\"><div class=\"col-12 col-md-1\"><nav class=\"article-social\"><ul class=\"social-nav\"><li class=\"ip-order-fb\"><a href=\"https:\/\/www.facebook.com\/sharer\/sharer.php?u=https:\/\/www.capgemini.com\/de-de\/solutions\/solutions-for-the-5g-edge-revolution\/\" target=\"_blank\" rel=\"noopener noreferrer\" title=\"In neuem Fenster \u00f6ffnen\"><i aria-hidden=\"true\" class=\"icon-fb\"><\/i><span class=\"sr-only\">Facebook<\/span><\/a><\/li><li class=\"ip-order-li\"><a href=\"https:\/\/www.linkedin.com\/sharing\/share-offsite\/?url=https:\/\/www.capgemini.com\/de-de\/solutions\/solutions-for-the-5g-edge-revolution\/\" target=\"_blank\" rel=\"noopener noreferrer\" title=\"In neuem Fenster \u00f6ffnen\"><i aria-hidden=\"true\" class=\"icon-li\"><\/i><span class=\"sr-only\">Linkedin<\/span><\/a><\/li><\/ul><\/nav><\/div><div class=\"col-12 col-md-11 col-lg-10\"><h2 class=\"intro-para-title\">Zwei der Schl\u00fcsseltechnologien f\u00fcr die intelligente Industrie, 5G und Edge Computing, werden radikale Auswirkungen auf die Industrie haben, die Abl\u00e4ufe ver\u00e4ndern und Innovationen in einer Weise vorantreiben, die wir uns heute noch gar nicht vorstellen k\u00f6nnen.<\/h2><p class=\"intro-para-content\"><br>Capgemini, ein Leader in der Everest Group PEAK Matrix\u00ae f\u00fcr 5G Engineering Services, unterst\u00fctzt Sie bei der Nutzung der Chancen und der Bew\u00e4ltigung der Herausforderungen, die diese Revolution mit sich bringt, mit Technologieberatung, technischem Fachwissen und F\u00e4higkeiten in den Bereichen Informationstechnologie (IT), Betriebstechnologie (OT) und Netzwerkintegration in diesem neuen \u00d6kosystem.<\/p><\/div><\/div><\/div><\/div><\/section>\n\n\n\n<section class=\"wp-block-cg-blocks-group undefined section section--article-content\"><div class=\"article-main-content\"><div class=\"container\"><div class=\"row\"><div class=\"col-12 col-md-11 col-lg-10 offset-md-1 offset-lg-1\"><div class=\"article-text article-quote-text\">\n<h4 class=\"wp-block-heading\">5G-Innovation und Edge-Computing werden jede Branche ver\u00e4ndern<\/h4>\n\n\n\n<p>Die 5G-Innovation und das Edge-Computing sind die Grundlage der datengesteuerten Transformation. Sie werden die Art und Weise ver\u00e4ndern, wie jeder &#8211; Unternehmen, Regierungen und Verbraucher &#8211; interagiert und Gesch\u00e4fte t\u00e4tigt, was zu grundlegend neuen Innovationen und Dienstleistungen f\u00fchrt.<\/p>\n\n\n\n<p>In allen Sektoren befinden sich Industrieunternehmen mitten im digitalen Wandel und nutzen Daten zur Steigerung von Effizienz und Innovation. Dies bedeutet, dass die F\u00e4higkeit, Ger\u00e4te zu verbinden, diese Daten zu sammeln und zu nutzen, gesch\u00e4ftskritisch wird.<\/p>\n\n\n\n<p>5G, der neue globale Mobilfunkstandard, bringt einen entscheidenden Wandel in der Konnektivit\u00e4t, die jetzt f\u00fcr Endnutzer und das Internet der Dinge (IoT) m\u00f6glich ist. Er bietet h\u00f6here Geschwindigkeiten und Kapazit\u00e4ten, geringere Latenzzeiten und mehr Zuverl\u00e4ssigkeit. Dies wiederum ebnet den Weg f\u00fcr viele weitere innovative Anwendungsf\u00e4lle wie Roboter, automatisierte Maschinen, eine st\u00e4rkere Fabrikautomatisierung, Augmented und Virtual Reality, die in gro\u00dfem Umfang und kosteng\u00fcnstig \u00fcber ein Mehrzwecknetz mit noch nie dagewesener Flexibilit\u00e4t bereitgestellt werden.<\/p>\n\n\n\n<p>Edge Computing wird die Art und Weise, wie vernetzte Objekte entworfen werden, ver\u00e4ndern, indem die Rechenleistung f\u00fcr eine gro\u00dfe Anzahl von Ger\u00e4ten in die Infrastruktur um uns herum verlegt wird. Jedes Produkt oder jede Anlage kann sofort intelligent werden, indem Cloud-Anwendungen n\u00e4her an das Ger\u00e4t gebracht werden und die Leistung und das Erlebnis der Dienste optimiert werden.<\/p>\n\n\n\n<figure class=\"wp-block-image size-large is-resized\"><img decoding=\"async\" src=\"https:\/\/www.capgemini.com\/wp-content\/uploads\/2022\/01\/5GandEdge_Infographic.png?w=960\" alt=\"\" class=\"wp-image-647543\" style=\"width:959px;height:462px\"\/><\/figure>\n\n\n\n<h4 class=\"wp-block-heading\">5G und Edge f\u00fcr Kommunikationsdiensteanbieter<\/h4>\n\n\n\n<p>F\u00fcr Anbieter von Kommunikationsdiensten (CSPs) erm\u00f6glicht 5G eine skalierbare, zukunftssichere Infrastruktur, die sehr unterschiedliche Anwendungsf\u00e4lle abdecken kann. Sie erm\u00f6glicht die Schaffung ma\u00dfgeschneiderter Netze, die den unterschiedlichen Konnektivit\u00e4tsanforderungen von Verbrauchern und vielen verschiedenen Branchen gerecht werden und schneller und kosteng\u00fcnstiger erweitert werden k\u00f6nnen. Und da die 5G-Infrastruktur softwaregesteuert ist, ist sie \u00e4u\u00dferst flexibel und l\u00e4sst sich ohne gro\u00dfen Aufwand verwalten.<\/p>\n\n\n\n<p>Die Telco-Edge-Infrastruktur ist auch ein Instrument zur Netzoptimierung f\u00fcr CSPs und eine M\u00f6glichkeit, verteilte Cloud-Dienste f\u00fcr Unternehmen und Drittanbieter von Anwendungen anzubieten. Da die Rechenleistung viel n\u00e4her an dem Ort liegt, an dem die Daten generiert werden, gibt es fast keine Latenz bei der Verbindung und Verarbeitung, was eine wichtige Monetarisierungsm\u00f6glichkeit f\u00fcr CSPs darstellt.<\/p>\n\n\n\n<p>Grunds\u00e4tzlich ist Edge-Cloud-Computing eine Technologie, die grenzenlose Anwendungsm\u00f6glichkeiten bietet und die Entwicklung von immersiven und interaktiven Diensten und Erlebnissen vorantreiben wird.<\/p>\n\n\n\n<div style=\"height:20px\" aria-hidden=\"true\" class=\"wp-block-spacer\"><\/div>\n<\/div><\/div><\/div><\/div><\/div><\/section>\n\n\n\n<section class=\"wp-block-cg-blocks-group undefined section section--article-content\"><div class=\"article-main-content\"><div class=\"container\"><div class=\"row\"><div class=\"col-12 col-md-11 col-lg-10 offset-md-1 offset-lg-1\"><div class=\"article-text article-quote-text\">\n<h4 class=\"wp-block-heading\" id=\"h-warum-capgemini\">Warum Capgemini?<\/h4>\n\n\n\n<p>Capgemini verf\u00fcgt \u00fcber ein umfassendes IT- und Netzwerk-Know-how, um Ihre 5G- und Edge-L\u00f6sung schnell, kosteneffizient und in gro\u00dfem Umfang zu entwickeln und bereitzustellen.<\/p>\n\n\n\n<p>Wir kombinieren technologisches Fachwissen mit fundierten technischen Kenntnissen in den Bereichen IT, OT und Netzwerke. Und weil wir die Technologie kennen und wissen, wie man sie anwendet, k\u00f6nnen wir unsere Kunden w\u00e4hrend der gesamten 5G- und Edge-Transformation unterst\u00fctzen. Und wir sind auch tief in das sich entwickelnde 5G- und Edge-\u00d6kosystem eingebettet.<\/p>\n\n\n\n<p>Wir bringen Technologie, Systemintegration und technisches Fachwissen zusammen, um Sie dabei zu unterst\u00fctzen, die richtigen Investitionen in die Grundlage Ihrer datengesteuerten Transformation zu t\u00e4tigen &#8211; und diese zu monetarisieren.<\/p>\n\n\n\n<p>Und wir liefern dies durch unsere wichtigsten Serviceangebote, die Sie bei der Strategieentwicklung, dem Aufbau, der Transformation und der Bereitstellung von Gesch\u00e4ftswerten mit 5G und Edge unterst\u00fctzen werden:<\/p>\n\n\n\n<ul class=\"wp-block-list\">\n<li>Planung &amp; Strategie &#8211; Digitale Transformation<\/li>\n\n\n\n<li>Offene 5G-Netzwerkinfrastruktur<\/li>\n\n\n\n<li>Strategische Serviceplattformen<\/li>\n\n\n\n<li>Anwendungsf\u00e4lle &amp; Applikationen<\/li>\n\n\n\n<li>\u00d6kosystem-Orchestrierung und -Integration<\/li>\n\n\n\n<li>5G End-to-End-Gesch\u00e4fts- und operative Dienste.<\/li>\n<\/ul>\n<\/div><\/div><\/div><\/div><\/div><\/section>\n","protected":false},"excerpt":{"rendered":"","protected":false},"author":151,"featured_media":0,"parent":743171,"menu_order":0,"comment_status":"closed","ping_status":"closed","template":"","meta":{"cg_dt_proposed_to":[],"cg_seo_hreflang_relations":"[]","cg_seo_canonical_relation":"{\"uuid\":\"afa4e6cf-78b8-48f9-b1d3-b39347f8deb5\",\"blogId\":\"\",\"domain\":\"\",\"sitePath\":\"\",\"postLink\":\"\",\"postId\":null,\"isSaved\":true,\"isCrossLink\":false,\"hasCrossLink\":false}","cg_seo_hreflang_x_default_relation":"{\"uuid\":\"4e8370a4-55b6-43bc-b53b-0b5ce258e916\",\"blogId\":\"\",\"domain\":\"\",\"sitePath\":\"\",\"postLink\":\"\",\"postId\":null,\"isSaved\":true,\"isCrossLink\":false,\"hasCrossLink\":false}","cg_dt_approved_content":true,"cg_dt_mandatory_content":false,"cg_dt_notes":"","cg_dg_source_changed":false,"cg_dt_link_disabled":false,"_yoast_wpseo_primary_brand":"141","footnotes":"","featured_focal_points":"","partner_card_description":"","gsap_animation":0},"brand":[141],"partner_type":[],"service":[],"industry":[97],"partners":[],"page-type":[287],"content-group":[],"class_list":["post-742165","page","type-page","status-publish","hentry","brand-capgemini-engineering","industry-telecoms","page-type-solutions"],"yoast_head":"<!-- This site is optimized with the Yoast SEO Premium plugin v22.8 (Yoast SEO v22.8) - https:\/\/yoast.com\/wordpress\/plugins\/seo\/ -->\n<title>L\u00f6sungen f\u00fcr die 5G- und Edge-Entwicklung | Capgemini<\/title>\n<meta name=\"description\" content=\"Capgemini, ein Leader in der Everest Group PEAK Matrix\u00ae f\u00fcr 5G Engineering Services, unterst\u00fctzt Unternehmen bei 5G-Innovation und Edge-Computing\" \/>\n<meta name=\"robots\" content=\"index, follow, max-snippet:-1, max-image-preview:large, max-video-preview:-1\" \/>\n<link rel=\"canonical\" href=\"https:\/\/www.capgemini.com\/de-de\/solutions\/solutions-for-the-5g-edge-revolution\/\" \/>\n<meta property=\"og:locale\" content=\"de_DE\" \/>\n<meta property=\"og:type\" content=\"article\" \/>\n<meta property=\"og:title\" content=\"L\u00f6sungen f\u00fcr die 5G- und Edge-Entwicklung | Capgemini\" \/>\n<meta property=\"og:description\" content=\"Capgemini, ein Leader in der Everest Group PEAK Matrix\u00ae f\u00fcr 5G Engineering Services, unterst\u00fctzt Unternehmen bei 5G-Innovation und Edge-Computing\" \/>\n<meta property=\"og:url\" content=\"https:\/\/www.capgemini.com\/de-de\/solutions\/solutions-for-the-5g-edge-revolution\/\" \/>\n<meta property=\"og:site_name\" content=\"Capgemini\" \/>\n<meta property=\"article:modified_time\" content=\"2025-03-05T05:55:51+00:00\" \/>\n<meta property=\"og:image\" content=\"https:\/\/www.capgemini.com\/wp-content\/uploads\/2022\/04\/Capture-42.jpg\" \/>\n<meta name=\"twitter:card\" content=\"summary_large_image\" \/>\n<meta name=\"twitter:label1\" content=\"Est. reading time\" \/>\n\t<meta name=\"twitter:data1\" content=\"4 minutes\" \/>\n<script type=\"application\/ld+json\" class=\"yoast-schema-graph\">{\"@context\":\"https:\/\/schema.org\",\"@graph\":[{\"@type\":\"WebPage\",\"@id\":\"https:\/\/www.capgemini.com\/de-de\/solutions\/solutions-for-the-5g-edge-revolution\/\",\"url\":\"https:\/\/www.capgemini.com\/de-de\/solutions\/solutions-for-the-5g-edge-revolution\/\",\"name\":\"L\u00f6sungen f\u00fcr die 5G- und Edge-Entwicklung | Capgemini\",\"isPartOf\":{\"@id\":\"https:\/\/www.capgemini.com\/de-de\/#website\"},\"primaryImageOfPage\":{\"@id\":\"https:\/\/www.capgemini.com\/de-de\/solutions\/solutions-for-the-5g-edge-revolution\/#primaryimage\"},\"image\":{\"@id\":\"https:\/\/www.capgemini.com\/de-de\/solutions\/solutions-for-the-5g-edge-revolution\/#primaryimage\"},\"thumbnailUrl\":\"https:\/\/www.capgemini.com\/wp-content\/uploads\/2022\/04\/Capture-42.jpg\",\"datePublished\":\"2022-01-28T16:21:34+00:00\",\"dateModified\":\"2025-03-05T05:55:51+00:00\",\"description\":\"Capgemini, ein Leader in der Everest Group PEAK Matrix\u00ae f\u00fcr 5G Engineering Services, unterst\u00fctzt Unternehmen bei 5G-Innovation und Edge-Computing\",\"breadcrumb\":{\"@id\":\"https:\/\/www.capgemini.com\/de-de\/solutions\/solutions-for-the-5g-edge-revolution\/#breadcrumb\"},\"inLanguage\":\"de-DE\",\"potentialAction\":[{\"@type\":\"ReadAction\",\"target\":[\"https:\/\/www.capgemini.com\/de-de\/solutions\/solutions-for-the-5g-edge-revolution\/\"]}]},{\"@type\":\"ImageObject\",\"inLanguage\":\"de-DE\",\"@id\":\"https:\/\/www.capgemini.com\/de-de\/solutions\/solutions-for-the-5g-edge-revolution\/#primaryimage\",\"url\":\"https:\/\/www.capgemini.com\/wp-content\/uploads\/2022\/04\/Capture-42.jpg\",\"contentUrl\":\"https:\/\/www.capgemini.com\/wp-content\/uploads\/2022\/04\/Capture-42.jpg\"},{\"@type\":\"BreadcrumbList\",\"@id\":\"https:\/\/www.capgemini.com\/de-de\/solutions\/solutions-for-the-5g-edge-revolution\/#breadcrumb\",\"itemListElement\":[{\"@type\":\"ListItem\",\"position\":1,\"name\":\"Solutions\",\"item\":\"https:\/\/www.capgemini.com\/de-de\/solutions\/\"},{\"@type\":\"ListItem\",\"position\":2,\"name\":\"L\u00f6sungen f\u00fcr die 5G- und Edge-Entwicklung\"}]},{\"@type\":\"WebSite\",\"@id\":\"https:\/\/www.capgemini.com\/de-de\/#website\",\"url\":\"https:\/\/www.capgemini.com\/de-de\/\",\"name\":\"Capgemini Deutschland\",\"description\":\"Make it real\",\"potentialAction\":[{\"@type\":\"SearchAction\",\"target\":{\"@type\":\"EntryPoint\",\"urlTemplate\":\"https:\/\/www.capgemini.com\/de-de\/?s={search_term_string}\"},\"query-input\":\"required name=search_term_string\"}],\"inLanguage\":\"de-DE\"}]}<\/script>\n<!-- \/ Yoast SEO Premium plugin. -->","yoast_head_json":{"title":"L\u00f6sungen f\u00fcr die 5G- und Edge-Entwicklung | Capgemini","description":"Capgemini, ein Leader in der Everest Group PEAK Matrix\u00ae f\u00fcr 5G Engineering Services, unterst\u00fctzt Unternehmen bei 5G-Innovation und Edge-Computing","robots":{"index":"index","follow":"follow","max-snippet":"max-snippet:-1","max-image-preview":"max-image-preview:large","max-video-preview":"max-video-preview:-1"},"canonical":"https:\/\/www.capgemini.com\/de-de\/solutions\/solutions-for-the-5g-edge-revolution\/","og_locale":"de_DE","og_type":"article","og_title":"L\u00f6sungen f\u00fcr die 5G- und Edge-Entwicklung | Capgemini","og_description":"Capgemini, ein Leader in der Everest Group PEAK Matrix\u00ae f\u00fcr 5G Engineering Services, unterst\u00fctzt Unternehmen bei 5G-Innovation und Edge-Computing","og_url":"https:\/\/www.capgemini.com\/de-de\/solutions\/solutions-for-the-5g-edge-revolution\/","og_site_name":"Capgemini","article_modified_time":"2025-03-05T05:55:51+00:00","og_image":[{"url":"https:\/\/www.capgemini.com\/wp-content\/uploads\/2022\/04\/Capture-42.jpg"}],"twitter_card":"summary_large_image","twitter_misc":{"Est. reading time":"4 minutes"},"schema":{"@context":"https:\/\/schema.org","@graph":[{"@type":"WebPage","@id":"https:\/\/www.capgemini.com\/de-de\/solutions\/solutions-for-the-5g-edge-revolution\/","url":"https:\/\/www.capgemini.com\/de-de\/solutions\/solutions-for-the-5g-edge-revolution\/","name":"L\u00f6sungen f\u00fcr die 5G- und Edge-Entwicklung | Capgemini","isPartOf":{"@id":"https:\/\/www.capgemini.com\/de-de\/#website"},"primaryImageOfPage":{"@id":"https:\/\/www.capgemini.com\/de-de\/solutions\/solutions-for-the-5g-edge-revolution\/#primaryimage"},"image":{"@id":"https:\/\/www.capgemini.com\/de-de\/solutions\/solutions-for-the-5g-edge-revolution\/#primaryimage"},"thumbnailUrl":"https:\/\/www.capgemini.com\/wp-content\/uploads\/2022\/04\/Capture-42.jpg","datePublished":"2022-01-28T16:21:34+00:00","dateModified":"2025-03-05T05:55:51+00:00","description":"Capgemini, ein Leader in der Everest Group PEAK Matrix\u00ae f\u00fcr 5G Engineering Services, unterst\u00fctzt Unternehmen bei 5G-Innovation und Edge-Computing","breadcrumb":{"@id":"https:\/\/www.capgemini.com\/de-de\/solutions\/solutions-for-the-5g-edge-revolution\/#breadcrumb"},"inLanguage":"de-DE","potentialAction":[{"@type":"ReadAction","target":["https:\/\/www.capgemini.com\/de-de\/solutions\/solutions-for-the-5g-edge-revolution\/"]}]},{"@type":"ImageObject","inLanguage":"de-DE","@id":"https:\/\/www.capgemini.com\/de-de\/solutions\/solutions-for-the-5g-edge-revolution\/#primaryimage","url":"https:\/\/www.capgemini.com\/wp-content\/uploads\/2022\/04\/Capture-42.jpg","contentUrl":"https:\/\/www.capgemini.com\/wp-content\/uploads\/2022\/04\/Capture-42.jpg"},{"@type":"BreadcrumbList","@id":"https:\/\/www.capgemini.com\/de-de\/solutions\/solutions-for-the-5g-edge-revolution\/#breadcrumb","itemListElement":[{"@type":"ListItem","position":1,"name":"Solutions","item":"https:\/\/www.capgemini.com\/de-de\/solutions\/"},{"@type":"ListItem","position":2,"name":"L\u00f6sungen f\u00fcr die 5G- und Edge-Entwicklung"}]},{"@type":"WebSite","@id":"https:\/\/www.capgemini.com\/de-de\/#website","url":"https:\/\/www.capgemini.com\/de-de\/","name":"Capgemini Deutschland","description":"Make it real","potentialAction":[{"@type":"SearchAction","target":{"@type":"EntryPoint","urlTemplate":"https:\/\/www.capgemini.com\/de-de\/?s={search_term_string}"},"query-input":"required name=search_term_string"}],"inLanguage":"de-DE"}]}},"brand_term":[{"id":141,"slug":"capgemini-engineering"}],"parsely":{"version":"1.1.0","canonical_url":"https:\/\/capgemini.com\/de-de\/solutions\/solutions-for-the-5g-edge-revolution\/","smart_links":{"inbound":0,"outbound":0},"traffic_boost_suggestions_count":0,"meta":{"@context":"https:\/\/schema.org","@type":"WebPage","headline":"L\u00f6sungen f\u00fcr die 5G- und Edge-Entwicklung","url":"http:\/\/www.capgemini.com\/de-de\/solutions\/solutions-for-the-5g-edge-revolution\/","mainEntityOfPage":{"@type":"WebPage","@id":"http:\/\/www.capgemini.com\/de-de\/solutions\/solutions-for-the-5g-edge-revolution\/"},"thumbnailUrl":"","image":{"@type":"ImageObject","url":""},"articleSection":"Uncategorized","author":[],"creator":[],"publisher":{"@type":"Organization","name":"Capgemini","logo":""},"keywords":[],"dateCreated":"2022-01-28T16:21:34Z","datePublished":"2022-01-28T16:21:34Z","dateModified":"2025-03-05T05:55:51Z"},"rendered":"<script type=\"application\/ld+json\" class=\"wp-parsely-metadata\">{\"@context\":\"https:\\\/\\\/schema.org\",\"@type\":\"WebPage\",\"headline\":\"L\\u00f6sungen f\\u00fcr die 5G- und Edge-Entwicklung\",\"url\":\"http:\\\/\\\/www.capgemini.com\\\/de-de\\\/solutions\\\/solutions-for-the-5g-edge-revolution\\\/\",\"mainEntityOfPage\":{\"@type\":\"WebPage\",\"@id\":\"http:\\\/\\\/www.capgemini.com\\\/de-de\\\/solutions\\\/solutions-for-the-5g-edge-revolution\\\/\"},\"thumbnailUrl\":\"\",\"image\":{\"@type\":\"ImageObject\",\"url\":\"\"},\"articleSection\":\"Uncategorized\",\"author\":[],\"creator\":[],\"publisher\":{\"@type\":\"Organization\",\"name\":\"Capgemini\",\"logo\":\"\"},\"keywords\":[],\"dateCreated\":\"2022-01-28T16:21:34Z\",\"datePublished\":\"2022-01-28T16:21:34Z\",\"dateModified\":\"2025-03-05T05:55:51Z\"}<\/script>","tracker_url":"https:\/\/cdn.parsely.com\/keys\/capgemini.com\/p.js"},"archive_status":false,"featured_image_src":"https:\/\/www.capgemini.com\/de-de\/wp-content\/themes\/capgemini2025\/assets\/images\/mockup.png","featured_image_alt":false,"jetpack_sharing_enabled":true,"distributor_meta":false,"distributor_terms":false,"distributor_media":false,"distributor_original_site_name":"Capgemini","distributor_original_site_url":"https:\/\/www.capgemini.com\/de-de","push-errors":false,"_links":{"self":[{"href":"https:\/\/www.capgemini.com\/de-de\/wp-json\/wp\/v2\/pages\/742165","targetHints":{"allow":["GET"]}}],"collection":[{"href":"https:\/\/www.capgemini.com\/de-de\/wp-json\/wp\/v2\/pages"}],"about":[{"href":"https:\/\/www.capgemini.com\/de-de\/wp-json\/wp\/v2\/types\/page"}],"author":[{"embeddable":true,"href":"https:\/\/www.capgemini.com\/de-de\/wp-json\/wp\/v2\/users\/151"}],"replies":[{"embeddable":true,"href":"https:\/\/www.capgemini.com\/de-de\/wp-json\/wp\/v2\/comments?post=742165"}],"version-history":[{"count":8,"href":"https:\/\/www.capgemini.com\/de-de\/wp-json\/wp\/v2\/pages\/742165\/revisions"}],"predecessor-version":[{"id":876162,"href":"https:\/\/www.capgemini.com\/de-de\/wp-json\/wp\/v2\/pages\/742165\/revisions\/876162"}],"up":[{"embeddable":true,"href":"https:\/\/www.capgemini.com\/de-de\/wp-json\/wp\/v2\/pages\/743171"}],"wp:attachment":[{"href":"https:\/\/www.capgemini.com\/de-de\/wp-json\/wp\/v2\/media?parent=742165"}],"wp:term":[{"taxonomy":"brand","embeddable":true,"href":"https:\/\/www.capgemini.com\/de-de\/wp-json\/wp\/v2\/brand?post=742165"},{"taxonomy":"partner_type","embeddable":true,"href":"https:\/\/www.capgemini.com\/de-de\/wp-json\/wp\/v2\/partner_type?post=742165"},{"taxonomy":"service","embeddable":true,"href":"https:\/\/www.capgemini.com\/de-de\/wp-json\/wp\/v2\/service?post=742165"},{"taxonomy":"industry","embeddable":true,"href":"https:\/\/www.capgemini.com\/de-de\/wp-json\/wp\/v2\/industry?post=742165"},{"taxonomy":"partners","embeddable":true,"href":"https:\/\/www.capgemini.com\/de-de\/wp-json\/wp\/v2\/partners?post=742165"},{"taxonomy":"page-type","embeddable":true,"href":"https:\/\/www.capgemini.com\/de-de\/wp-json\/wp\/v2\/page-type?post=742165"},{"taxonomy":"content-group","embeddable":true,"href":"https:\/\/www.capgemini.com\/de-de\/wp-json\/wp\/v2\/content-group?post=742165"}],"curies":[{"name":"wp","href":"https:\/\/api.w.org\/{rel}","templated":true}]}}