{"id":742153,"date":"2022-12-09T07:21:54","date_gmt":"2022-12-09T07:21:54","guid":{"rendered":"https:\/\/www.capgemini.com\/?page_id=659337"},"modified":"2025-12-04T06:32:19","modified_gmt":"2025-12-04T06:32:19","slug":"epm-with-microsoft-2","status":"publish","type":"page","link":"https:\/\/www.capgemini.com\/de-de\/solutions\/unite-with-servicenow\/","title":{"rendered":"Gemeinsam mit ServiceNow\ufffc"},"content":{"rendered":"\n<header class=\"wp-block-cg-blocks-hero-reusable header heroReusable  \"><div class=\"header-bgs\"><picture><source srcset=\"https:\/\/www.capgemini.com\/wp-content\/uploads\/2022\/03\/Capgemini_Service-Now.jpg?w=2880&amp;quality=70 1x, https:\/\/www.capgemini.com\/wp-content\/uploads\/2022\/03\/Capgemini_Service-Now.jpg?w=2880&amp;quality=70 2x\" media=\"(min-width: 1500px)\"\/><source srcset=\"https:\/\/www.capgemini.com\/wp-content\/uploads\/2022\/03\/Capgemini_Service-Now.jpg?w=1440&amp;quality=70 1x, https:\/\/www.capgemini.com\/wp-content\/uploads\/2022\/03\/Capgemini_Service-Now.jpg?w=2880&amp;quality=70 2x\" media=\"(min-width: 992px)\"\/><source srcset=\"https:\/\/www.capgemini.com\/wp-content\/uploads\/2022\/03\/Capgemini_Service-Now.jpg?w=1024&amp;quality=70 1x, https:\/\/www.capgemini.com\/wp-content\/uploads\/2022\/03\/Capgemini_Service-Now.jpg?w=1024&amp;quality=70 2x\" media=\"(min-width: 768px)\"\/><source srcset=\"https:\/\/www.capgemini.com\/wp-content\/uploads\/2022\/03\/Capgemini_Service-Now.jpg?w=768&amp;quality=70 1x, https:\/\/www.capgemini.com\/wp-content\/uploads\/2022\/03\/Capgemini_Service-Now.jpg?w=768&amp;quality=70 2x\" media=\"(min-width: 0)\"\/><img decoding=\"async\" src=\"https:\/\/www.capgemini.com\/wp-content\/uploads\/2022\/03\/Capgemini_Service-Now.jpg\" class=\"header-img header-img-d\" alt=\"\" style=\"object-fit:cover;object-position:48% 28.000000000000004%\" loading=\"eager\"\/><\/picture><\/div><div class=\"heroPictureCardHeaderShape\"><\/div><div class=\"container\"><div class=\"row\"><div class=\"col-md-12\"><div class=\"box\"><div class=\"boxTagWrapper\"><div class=\"tagInfo\"><div><span class=\"box-tag\">Solution<\/span><\/div><\/div><\/div><div class=\"box-title\"><h1 data-maxlength=\"34\">Gemeinsam mit ServiceNow<br><\/h1><\/div><div class=\"inner-row-insight download-btn\"><\/div><\/div><\/div><\/div><\/div><\/header>\n\n\n\n<section class=\"wp-block-cg-blocks-intro-para undefined section section--intro\"><div class=\"intro-para\"><div class=\"container\"><div class=\"row\"><div class=\"col-12 col-md-1\"><nav class=\"article-social\"><ul class=\"social-nav\"><li class=\"ip-order-fb\"><a href=\"https:\/\/www.facebook.com\/sharer\/sharer.php?u=https:\/\/www.capgemini.com\/de-de\/solutions\/unite-with-servicenow\/\" target=\"_blank\" rel=\"noopener noreferrer\" title=\"In neuem Fenster \u00f6ffnen\"><i aria-hidden=\"true\" class=\"icon-fb\"><\/i><span class=\"sr-only\">Facebook<\/span><\/a><\/li><li class=\"ip-order-li\"><a href=\"https:\/\/www.linkedin.com\/sharing\/share-offsite\/?url=https:\/\/www.capgemini.com\/de-de\/solutions\/unite-with-servicenow\/\" target=\"_blank\" rel=\"noopener noreferrer\" title=\"In neuem Fenster \u00f6ffnen\"><i aria-hidden=\"true\" class=\"icon-li\"><\/i><span class=\"sr-only\">Linkedin<\/span><\/a><\/li><\/ul><\/nav><\/div><div class=\"col-12 col-md-11 col-lg-10\"><h2 class=\"intro-para-title\">Hervorragende Leistungen durch vereinheitlichte digitale Landschaften.<\/h2><p class=\"intro-para-content\">Capgemini und ServiceNow bringen Menschen, Prozesse, Technologien, Daten und Dienstleistungen zusammen, um au\u00dfergew\u00f6hnliche Erfahrungen und nachhaltige Gesch\u00e4ftsergebnisse zu erzielen. Wir helfen unseren Kunden, funktions\u00fcbergreifende Workflows zu erstellen und zu optimieren, indem wir unterschiedliche Unternehmenssysteme zu integrierten, nahtlosen Erfahrungen verbinden.<br><br>Werden manuelle Arbeitsabl\u00e4ufe Ihre digitale Transformation blockieren? Oder wird eine integrierte Plattform die digitale L\u00fccke schlie\u00dfen?<br><br>Capgemini ist ein End-to-End-Transformationspartner, der eine breite und tiefgreifende Erfahrung in jedes Kundenprojekt einbringt und alle notwendigen F\u00e4higkeiten zusammenf\u00fchrt, die Unternehmen ben\u00f6tigen, um ihre ServiceNow-Investition zu maximieren und einen kontinuierlichen Wert zu erschlie\u00dfen &#8211; und das alles bei h\u00f6herer Effizienz und Produktivit\u00e4t.<br><br><strong>Erschlie\u00dfen Sie mit uns die Kraft des Workflows f\u00fcr eine neu gestaltete Zukunft.<\/strong><\/p><\/div><\/div><\/div><\/div><\/section>\n\n\n\n<section class=\"wp-block-cg-blocks-how-we-do-it section section--howwedoit block-howwedoit\"><div class=\"container\"><div><div class=\"content-title\"><h2 data-maxlength=\"72\" class=\"expandable-heading-tag\">Unsere L\u00f6sungen<\/h2><\/div><p><\/p><\/div><div class=\"section-content\">\n<div class=\"wp-block-cg-blocks-card-howwedoit expanders\"><div class=\"box card-regulated-agreements card-howwedoit\"><div class=\"expander-box filter-box tag-active \"><div class=\"expander-title\" tabindex=\"0\" role=\"button\" aria-pressed=\"false\" aria-expanded=\"false\"><h3 class=\"expander-heading-title\">Future Franchise Services\u00a0<\/h3><\/div><div class=\"expander-subtitle\"><p class=\"small-description\">Die Dienstleistungen von Future Franchise erm\u00f6glichen es den Franchisenehmern, hervorragende Kundenerlebnisse zu schaffen.<\/p><\/div><div class=\"expander-content\"><p><\/p><div class=\"bg-color video-align-right\"><div class=\"container\"><div class=\"row video-align-left\"><div class=\"col-md-12\"><div class=\"video-align-left row box box--4 box--mini\"><div class=\"col-md-3\"><\/div><div class=\"col-md-8 box-img-wrapper\"><div class=\"video-box\"><\/div><\/div><\/div><\/div><\/div><\/div><\/div><div class=\"content-more\"><\/div><\/div><\/div><\/div><\/div>\n\n\n\n<div class=\"wp-block-cg-blocks-card-howwedoit expanders\"><div class=\"box card-regulated-agreements card-howwedoit\"><div class=\"expander-box filter-box tag-active \"><div class=\"expander-title\" tabindex=\"0\" role=\"button\" aria-pressed=\"false\" aria-expanded=\"false\"><h3 class=\"expander-heading-title\">Digitale Shopfloor-L\u00f6sungen (DSS) powered by ServiceNow<\/h3><\/div><div class=\"expander-subtitle\"><p class=\"small-description\">Unsere Digital Shopfloor Solutions verbessern die Arbeitsabl\u00e4ufe in der Produktion und die Leistung der Mitarbeiter durch standardisierte Prozesse und helfen den Herstellern, die Zukunft zu gestalten, die sie wollen.<\/p><\/div><div class=\"expander-content\"><p>Unsere Digital Shopfloor Solutions bieten eine einfach zu konfigurierende, benutzerfreundliche digitale App f\u00fcr Techniker und Arbeiter in der Produktion zur \u00dcberpr\u00fcfung und Ausf\u00fchrung von Anweisungen f\u00fcr die Pr\u00fcfung und Wartung von Fertigungsanlagen.<\/p><div class=\"bg-color video-align-right\"><div class=\"container\"><div class=\"row video-align-left\"><div class=\"col-md-12\"><div class=\"video-align-left row box box--4 box--mini\"><div class=\"col-md-3\"><\/div><div class=\"col-md-8 box-img-wrapper\"><div class=\"video-box\"><\/div><\/div><\/div><\/div><\/div><\/div><\/div>\n<p><\/p>\n<div class=\"content-more\"><a class=\"more2\" aria-label=\"Download Brosch\u00fcre link\" href=\"https:\/\/www.capgemini.com\/wp-content\/uploads\/2022\/01\/ServiceNow-DSS.pdf\" target=\"\" title=\"\" rel=\"noopener noreferrer\">Download Brosch\u00fcre<\/a><\/div><\/div><\/div><\/div><\/div>\n\n\n\n<div class=\"wp-block-cg-blocks-card-howwedoit expanders\"><div class=\"box card-regulated-agreements card-howwedoit\"><div class=\"expander-box filter-box tag-active \"><div class=\"expander-title\" tabindex=\"0\" role=\"button\" aria-pressed=\"false\" aria-expanded=\"false\"><h3 class=\"expander-heading-title\">Enterprise Service Management (ESM) auf NOW<\/h3><\/div><div class=\"expander-subtitle\"><p class=\"small-description\">Erzielen Sie herausragende Leistungen f\u00fcr Ihre Kunden &#8211; und Ihr Unternehmen.<\/p><\/div><div class=\"expander-content\"><p>Enterprise Service Management auf NOW hilft Unternehmen, Gesch\u00e4ftsprozesse im gesamten Unternehmen entscheidend zu verbessern.<br><br>Dazu geh\u00f6ren Customer Service Management (CSM), HR Service Management (HRSM), Security Operations (SecOps), Finanzen, Business Service Management (BSM), IT Service Management (ITSM), IT Operations Management (ITOM), IT Business Management (ITBM) und mehr.<\/p><div class=\"bg-color video-align-right\"><div class=\"container\"><div class=\"row video-align-left\"><div class=\"col-md-12\"><div class=\"video-align-left row box box--4 box--mini\"><div class=\"col-md-3\"><\/div><div class=\"col-md-8 box-img-wrapper\"><div class=\"video-box\"><\/div><\/div><\/div><\/div><\/div><\/div><\/div><div class=\"content-more\"><a class=\"more2\" aria-label=\"Unsere ESM Services link\" href=\"https:\/\/www.capgemini.com\/de-de\/services\/enterprise-management\/enterprise-service-management\/\" target=\"\" title=\"\" rel=\"noopener noreferrer\">Unsere ESM Services<\/a><\/div><\/div><\/div><\/div><\/div>\n\n\n\n<div class=\"wp-block-cg-blocks-card-howwedoit expanders\"><div class=\"box card-regulated-agreements card-howwedoit\"><div class=\"expander-box filter-box tag-active \"><div class=\"expander-title\" tabindex=\"0\" role=\"button\" aria-pressed=\"false\" aria-expanded=\"false\"><h4>Digital Service Integration and Management (SIAM)<\/h4><\/div><div class=\"expander-subtitle\"><h5>Sch\u00f6pfen Sie mit unseren SIAM-L\u00f6sungen (Digital Service Integration and Management) das volle Potenzial Ihres komplexen, anbieter\u00fcbergreifenden Gesch\u00e4ftssystems aus, und erreichen Sie eine durchg\u00e4ngige Kundenzufriedenheit.<\/h5><\/div><div class=\"expander-content\"><p>Digital SIAM f\u00fchrt separat beauftragte IT-Dienste zusammen, um sicherzustellen, dass sie konsistent zusammenarbeiten und einen gesch\u00e4ftlichen Mehrwert liefern.<br><br>Es gibt Ihnen die Kontrolle, indem es die Duplizierung von Diensten beseitigt und ein Plug-and-Play-Anbietermodell schafft &#8211; und es bietet auch eine dynamische Benutzererfahrung.<\/p><div class=\"bg-color video-align-right\"><div class=\"container\"><div class=\"row video-align-left\"><div class=\"col-md-12\"><div class=\"video-align-left row box box--4 box--mini\"><div class=\"col-md-3\"><\/div><div class=\"col-md-8 box-img-wrapper\"><div class=\"video-box\"><\/div><\/div><\/div><\/div><\/div><\/div><\/div><div class=\"content-more\"><\/div><\/div><\/div><\/div><\/div>\n\n\n\n<div class=\"wp-block-cg-blocks-card-howwedoit expanders\"><div class=\"box card-regulated-agreements card-howwedoit\"><div class=\"expander-box filter-box tag-active \"><div class=\"expander-title\" tabindex=\"0\" role=\"button\" aria-pressed=\"false\" aria-expanded=\"false\"><h3 class=\"expander-heading-title\">Intelligent People Operations (IPO) powered by ServiceNow<\/h3><\/div><div class=\"expander-subtitle\"><p class=\"small-description\">Intelligent People Operations powered by ServiceNow bringt HR-Services auf einer einzigen, nahtlosen Plattform zusammen, damit die Mitarbeiter alles bekommen, was sie brauchen. Zufriedene Mitarbeiter. Gesteigerte Produktivit\u00e4t.<\/p><\/div><div class=\"expander-content\"><p>Durch den Einsatz der ServiceNow HR Service Delivery-Anwendung ist Ihre Personalabteilung in der Lage, die Erfahrung ihrer Mitarbeiter zu verbessern, Kosten zu senken, die Produktivit\u00e4t zu steigern und die Ressourceneffizienz zu erh\u00f6hen.<\/p><div class=\"bg-color video-align-right\"><div class=\"container\"><div class=\"row video-align-left\"><div class=\"col-md-12\"><div class=\"video-align-left row box box--4 box--mini\"><div class=\"col-md-3\"><\/div><div class=\"col-md-8 box-img-wrapper\"><div class=\"video-box\"><\/div><\/div><\/div><\/div><\/div><\/div><\/div><div class=\"content-more\"><a class=\"more2\" aria-label=\"Download Brosch\u00fcre link\" href=\"https:\/\/www.capgemini.com\/wp-content\/uploads\/2021\/09\/Digital-Employee-Operations-Powered-by-ServiceNow%C2%AE.pdf\" target=\"\" title=\"\" rel=\"noopener noreferrer\">Download Brosch\u00fcre<\/a><a class=\"more2\" aria-label=\"Read more link\" href=\"https:\/\/www.capgemini.com\/de-de\/services\/enterprise-management\/intelligent-business-operations\/intelligent-people-operations\/\" target=\"\" title=\"\" rel=\"noopener noreferrer\">Read more<\/a><\/div><\/div><\/div><\/div><\/div>\n<\/div><\/div><\/section>\n","protected":false},"excerpt":{"rendered":"","protected":false},"author":151,"featured_media":756262,"parent":743171,"menu_order":0,"comment_status":"closed","ping_status":"closed","template":"","meta":{"cg_dt_proposed_to":[],"cg_seo_hreflang_relations":"[]","cg_seo_canonical_relation":"","cg_seo_hreflang_x_default_relation":"{\"uuid\":\"6935a349-eae5-4635-a097-a2db30df44b7\",\"blogId\":\"\",\"domain\":\"\",\"sitePath\":\"\",\"postLink\":\"\",\"postId\":null,\"isSaved\":true,\"isCrossLink\":false,\"hasCrossLink\":false}","cg_dt_approved_content":true,"cg_dt_mandatory_content":false,"cg_dt_notes":"","cg_dg_source_changed":false,"cg_dt_link_disabled":false,"_yoast_wpseo_primary_brand":"","footnotes":"","featured_focal_points":"","partner_card_description":"","gsap_animation":0},"brand":[],"partner_type":[],"service":[],"industry":[],"partners":[139],"page-type":[296,287],"content-group":[],"class_list":["post-742153","page","type-page","status-publish","has-post-thumbnail","hentry","partners-servicenow","page-type-partner","page-type-solutions"],"yoast_head":"<!-- This site is optimized with the Yoast SEO Premium plugin v22.8 (Yoast SEO v22.8) - https:\/\/yoast.com\/wordpress\/plugins\/seo\/ -->\n<title>Gemeinsam mit ServiceNow\ufffc - Capgemini<\/title>\n<meta name=\"robots\" content=\"index, follow, max-snippet:-1, max-image-preview:large, max-video-preview:-1\" \/>\n<link rel=\"canonical\" href=\"https:\/\/www.capgemini.com\/de-de\/solutions\/unite-with-servicenow\/\" \/>\n<meta property=\"og:locale\" content=\"de_DE\" \/>\n<meta property=\"og:type\" content=\"article\" \/>\n<meta property=\"og:title\" content=\"Gemeinsam mit ServiceNow\ufffc - Capgemini\" \/>\n<meta property=\"og:url\" content=\"https:\/\/www.capgemini.com\/de-de\/solutions\/unite-with-servicenow\/\" \/>\n<meta property=\"og:site_name\" content=\"Capgemini\" \/>\n<meta property=\"article:modified_time\" content=\"2025-12-04T06:32:19+00:00\" \/>\n<meta property=\"og:image\" content=\"https:\/\/www.capgemini.com\/de-de\/wp-content\/uploads\/sites\/8\/2022\/07\/Capgemini_Service-Now.jpg\" \/>\n\t<meta property=\"og:image:width\" content=\"2880\" \/>\n\t<meta property=\"og:image:height\" content=\"1800\" \/>\n\t<meta property=\"og:image:type\" content=\"image\/jpeg\" \/>\n<meta name=\"twitter:card\" content=\"summary_large_image\" \/>\n<meta name=\"twitter:label1\" content=\"Est. reading time\" \/>\n\t<meta name=\"twitter:data1\" content=\"1 minute\" \/>\n<script type=\"application\/ld+json\" class=\"yoast-schema-graph\">{\"@context\":\"https:\/\/schema.org\",\"@graph\":[{\"@type\":\"WebPage\",\"@id\":\"https:\/\/www.capgemini.com\/de-de\/solutions\/unite-with-servicenow\/\",\"url\":\"https:\/\/www.capgemini.com\/de-de\/solutions\/unite-with-servicenow\/\",\"name\":\"Gemeinsam mit ServiceNow\ufffc - Capgemini\",\"isPartOf\":{\"@id\":\"https:\/\/www.capgemini.com\/de-de\/#website\"},\"primaryImageOfPage\":{\"@id\":\"https:\/\/www.capgemini.com\/de-de\/solutions\/unite-with-servicenow\/#primaryimage\"},\"image\":{\"@id\":\"https:\/\/www.capgemini.com\/de-de\/solutions\/unite-with-servicenow\/#primaryimage\"},\"thumbnailUrl\":\"https:\/\/www.capgemini.com\/de-de\/wp-content\/uploads\/sites\/8\/2022\/07\/Capgemini_Service-Now.jpg\",\"datePublished\":\"2022-12-09T07:21:54+00:00\",\"dateModified\":\"2025-12-04T06:32:19+00:00\",\"breadcrumb\":{\"@id\":\"https:\/\/www.capgemini.com\/de-de\/solutions\/unite-with-servicenow\/#breadcrumb\"},\"inLanguage\":\"de-DE\",\"potentialAction\":[{\"@type\":\"ReadAction\",\"target\":[\"https:\/\/www.capgemini.com\/de-de\/solutions\/unite-with-servicenow\/\"]}]},{\"@type\":\"ImageObject\",\"inLanguage\":\"de-DE\",\"@id\":\"https:\/\/www.capgemini.com\/de-de\/solutions\/unite-with-servicenow\/#primaryimage\",\"url\":\"https:\/\/www.capgemini.com\/de-de\/wp-content\/uploads\/sites\/8\/2022\/07\/Capgemini_Service-Now.jpg\",\"contentUrl\":\"https:\/\/www.capgemini.com\/de-de\/wp-content\/uploads\/sites\/8\/2022\/07\/Capgemini_Service-Now.jpg\",\"width\":2880,\"height\":1800},{\"@type\":\"BreadcrumbList\",\"@id\":\"https:\/\/www.capgemini.com\/de-de\/solutions\/unite-with-servicenow\/#breadcrumb\",\"itemListElement\":[{\"@type\":\"ListItem\",\"position\":1,\"name\":\"Solutions\",\"item\":\"https:\/\/www.capgemini.com\/de-de\/solutions\/\"},{\"@type\":\"ListItem\",\"position\":2,\"name\":\"Gemeinsam mit ServiceNow\ufffc\"}]},{\"@type\":\"WebSite\",\"@id\":\"https:\/\/www.capgemini.com\/de-de\/#website\",\"url\":\"https:\/\/www.capgemini.com\/de-de\/\",\"name\":\"Capgemini Deutschland\",\"description\":\"Make it real\",\"potentialAction\":[{\"@type\":\"SearchAction\",\"target\":{\"@type\":\"EntryPoint\",\"urlTemplate\":\"https:\/\/www.capgemini.com\/de-de\/?s={search_term_string}\"},\"query-input\":\"required name=search_term_string\"}],\"inLanguage\":\"de-DE\"}]}<\/script>\n<!-- \/ Yoast SEO Premium plugin. -->","yoast_head_json":{"title":"Gemeinsam mit ServiceNow\ufffc - Capgemini","robots":{"index":"index","follow":"follow","max-snippet":"max-snippet:-1","max-image-preview":"max-image-preview:large","max-video-preview":"max-video-preview:-1"},"canonical":"https:\/\/www.capgemini.com\/de-de\/solutions\/unite-with-servicenow\/","og_locale":"de_DE","og_type":"article","og_title":"Gemeinsam mit ServiceNow\ufffc - Capgemini","og_url":"https:\/\/www.capgemini.com\/de-de\/solutions\/unite-with-servicenow\/","og_site_name":"Capgemini","article_modified_time":"2025-12-04T06:32:19+00:00","og_image":[{"width":2880,"height":1800,"url":"https:\/\/www.capgemini.com\/de-de\/wp-content\/uploads\/sites\/8\/2022\/07\/Capgemini_Service-Now.jpg","type":"image\/jpeg"}],"twitter_card":"summary_large_image","twitter_misc":{"Est. reading time":"1 minute"},"schema":{"@context":"https:\/\/schema.org","@graph":[{"@type":"WebPage","@id":"https:\/\/www.capgemini.com\/de-de\/solutions\/unite-with-servicenow\/","url":"https:\/\/www.capgemini.com\/de-de\/solutions\/unite-with-servicenow\/","name":"Gemeinsam mit ServiceNow\ufffc - Capgemini","isPartOf":{"@id":"https:\/\/www.capgemini.com\/de-de\/#website"},"primaryImageOfPage":{"@id":"https:\/\/www.capgemini.com\/de-de\/solutions\/unite-with-servicenow\/#primaryimage"},"image":{"@id":"https:\/\/www.capgemini.com\/de-de\/solutions\/unite-with-servicenow\/#primaryimage"},"thumbnailUrl":"https:\/\/www.capgemini.com\/de-de\/wp-content\/uploads\/sites\/8\/2022\/07\/Capgemini_Service-Now.jpg","datePublished":"2022-12-09T07:21:54+00:00","dateModified":"2025-12-04T06:32:19+00:00","breadcrumb":{"@id":"https:\/\/www.capgemini.com\/de-de\/solutions\/unite-with-servicenow\/#breadcrumb"},"inLanguage":"de-DE","potentialAction":[{"@type":"ReadAction","target":["https:\/\/www.capgemini.com\/de-de\/solutions\/unite-with-servicenow\/"]}]},{"@type":"ImageObject","inLanguage":"de-DE","@id":"https:\/\/www.capgemini.com\/de-de\/solutions\/unite-with-servicenow\/#primaryimage","url":"https:\/\/www.capgemini.com\/de-de\/wp-content\/uploads\/sites\/8\/2022\/07\/Capgemini_Service-Now.jpg","contentUrl":"https:\/\/www.capgemini.com\/de-de\/wp-content\/uploads\/sites\/8\/2022\/07\/Capgemini_Service-Now.jpg","width":2880,"height":1800},{"@type":"BreadcrumbList","@id":"https:\/\/www.capgemini.com\/de-de\/solutions\/unite-with-servicenow\/#breadcrumb","itemListElement":[{"@type":"ListItem","position":1,"name":"Solutions","item":"https:\/\/www.capgemini.com\/de-de\/solutions\/"},{"@type":"ListItem","position":2,"name":"Gemeinsam mit ServiceNow\ufffc"}]},{"@type":"WebSite","@id":"https:\/\/www.capgemini.com\/de-de\/#website","url":"https:\/\/www.capgemini.com\/de-de\/","name":"Capgemini Deutschland","description":"Make it real","potentialAction":[{"@type":"SearchAction","target":{"@type":"EntryPoint","urlTemplate":"https:\/\/www.capgemini.com\/de-de\/?s={search_term_string}"},"query-input":"required name=search_term_string"}],"inLanguage":"de-DE"}]}},"brand_term":[],"parsely":{"version":"1.1.0","canonical_url":"https:\/\/capgemini.com\/de-de\/solutions\/unite-with-servicenow\/","smart_links":{"inbound":0,"outbound":0},"traffic_boost_suggestions_count":0,"meta":{"@context":"https:\/\/schema.org","@type":"WebPage","headline":"Gemeinsam mit ServiceNow\ufffc","url":"http:\/\/www.capgemini.com\/de-de\/solutions\/unite-with-servicenow\/","mainEntityOfPage":{"@type":"WebPage","@id":"http:\/\/www.capgemini.com\/de-de\/solutions\/unite-with-servicenow\/"},"thumbnailUrl":"https:\/\/www.capgemini.com\/de-de\/wp-content\/uploads\/sites\/8\/2022\/07\/Capgemini_Service-Now.jpg?w=150&h=150&crop=1","image":{"@type":"ImageObject","url":"https:\/\/www.capgemini.com\/de-de\/wp-content\/uploads\/sites\/8\/2022\/07\/Capgemini_Service-Now.jpg"},"articleSection":"Uncategorized","author":[],"creator":[],"publisher":{"@type":"Organization","name":"Capgemini","logo":""},"keywords":[],"dateCreated":"2022-12-09T07:21:54Z","datePublished":"2022-12-09T07:21:54Z","dateModified":"2025-12-04T06:32:19Z"},"rendered":"<script type=\"application\/ld+json\" class=\"wp-parsely-metadata\">{\"@context\":\"https:\\\/\\\/schema.org\",\"@type\":\"WebPage\",\"headline\":\"Gemeinsam mit ServiceNow\\ufffc\",\"url\":\"http:\\\/\\\/www.capgemini.com\\\/de-de\\\/solutions\\\/unite-with-servicenow\\\/\",\"mainEntityOfPage\":{\"@type\":\"WebPage\",\"@id\":\"http:\\\/\\\/www.capgemini.com\\\/de-de\\\/solutions\\\/unite-with-servicenow\\\/\"},\"thumbnailUrl\":\"https:\\\/\\\/www.capgemini.com\\\/de-de\\\/wp-content\\\/uploads\\\/sites\\\/8\\\/2022\\\/07\\\/Capgemini_Service-Now.jpg?w=150&h=150&crop=1\",\"image\":{\"@type\":\"ImageObject\",\"url\":\"https:\\\/\\\/www.capgemini.com\\\/de-de\\\/wp-content\\\/uploads\\\/sites\\\/8\\\/2022\\\/07\\\/Capgemini_Service-Now.jpg\"},\"articleSection\":\"Uncategorized\",\"author\":[],\"creator\":[],\"publisher\":{\"@type\":\"Organization\",\"name\":\"Capgemini\",\"logo\":\"\"},\"keywords\":[],\"dateCreated\":\"2022-12-09T07:21:54Z\",\"datePublished\":\"2022-12-09T07:21:54Z\",\"dateModified\":\"2025-12-04T06:32:19Z\"}<\/script>","tracker_url":"https:\/\/cdn.parsely.com\/keys\/capgemini.com\/p.js"},"archive_status":false,"featured_image_src":"https:\/\/www.capgemini.com\/de-de\/wp-content\/uploads\/sites\/8\/2022\/07\/Capgemini_Service-Now.jpg","featured_image_alt":"","jetpack_sharing_enabled":true,"distributor_meta":false,"distributor_terms":false,"distributor_media":false,"distributor_original_site_name":"Capgemini","distributor_original_site_url":"https:\/\/www.capgemini.com\/de-de","push-errors":false,"_links":{"self":[{"href":"https:\/\/www.capgemini.com\/de-de\/wp-json\/wp\/v2\/pages\/742153","targetHints":{"allow":["GET"]}}],"collection":[{"href":"https:\/\/www.capgemini.com\/de-de\/wp-json\/wp\/v2\/pages"}],"about":[{"href":"https:\/\/www.capgemini.com\/de-de\/wp-json\/wp\/v2\/types\/page"}],"author":[{"embeddable":true,"href":"https:\/\/www.capgemini.com\/de-de\/wp-json\/wp\/v2\/users\/151"}],"replies":[{"embeddable":true,"href":"https:\/\/www.capgemini.com\/de-de\/wp-json\/wp\/v2\/comments?post=742153"}],"version-history":[{"count":17,"href":"https:\/\/www.capgemini.com\/de-de\/wp-json\/wp\/v2\/pages\/742153\/revisions"}],"predecessor-version":[{"id":889595,"href":"https:\/\/www.capgemini.com\/de-de\/wp-json\/wp\/v2\/pages\/742153\/revisions\/889595"}],"up":[{"embeddable":true,"href":"https:\/\/www.capgemini.com\/de-de\/wp-json\/wp\/v2\/pages\/743171"}],"wp:featuredmedia":[{"embeddable":true,"href":"https:\/\/www.capgemini.com\/de-de\/wp-json\/wp\/v2\/media\/756262"}],"wp:attachment":[{"href":"https:\/\/www.capgemini.com\/de-de\/wp-json\/wp\/v2\/media?parent=742153"}],"wp:term":[{"taxonomy":"brand","embeddable":true,"href":"https:\/\/www.capgemini.com\/de-de\/wp-json\/wp\/v2\/brand?post=742153"},{"taxonomy":"partner_type","embeddable":true,"href":"https:\/\/www.capgemini.com\/de-de\/wp-json\/wp\/v2\/partner_type?post=742153"},{"taxonomy":"service","embeddable":true,"href":"https:\/\/www.capgemini.com\/de-de\/wp-json\/wp\/v2\/service?post=742153"},{"taxonomy":"industry","embeddable":true,"href":"https:\/\/www.capgemini.com\/de-de\/wp-json\/wp\/v2\/industry?post=742153"},{"taxonomy":"partners","embeddable":true,"href":"https:\/\/www.capgemini.com\/de-de\/wp-json\/wp\/v2\/partners?post=742153"},{"taxonomy":"page-type","embeddable":true,"href":"https:\/\/www.capgemini.com\/de-de\/wp-json\/wp\/v2\/page-type?post=742153"},{"taxonomy":"content-group","embeddable":true,"href":"https:\/\/www.capgemini.com\/de-de\/wp-json\/wp\/v2\/content-group?post=742153"}],"curies":[{"name":"wp","href":"https:\/\/api.w.org\/{rel}","templated":true}]}}