{"id":742148,"date":"2022-12-13T07:56:50","date_gmt":"2022-12-13T07:56:50","guid":{"rendered":"https:\/\/www.capgemini.com\/?page_id=659338"},"modified":"2025-03-05T04:34:23","modified_gmt":"2025-03-05T04:34:23","slug":"intelligent-industry-with-microsoft","status":"publish","type":"page","link":"https:\/\/www.capgemini.com\/de-de\/solutions\/intelligent-industry-mit-microsoft\/","title":{"rendered":"Intelligent Industry mit Microsoft"},"content":{"rendered":"\n<header class=\"wp-block-cg-blocks-hero-reusable header heroReusable  \"><div class=\"header-bgs\"><picture><source srcset=\"https:\/\/www.capgemini.com\/wp-content\/uploads\/2022\/03\/Capgemini_Microsoft_Factory-of-the-Future-e1647947012146.jpg?w=2880&amp;quality=70 1x, https:\/\/www.capgemini.com\/wp-content\/uploads\/2022\/03\/Capgemini_Microsoft_Factory-of-the-Future-e1647947012146.jpg?w=2880&amp;quality=70 2x\" media=\"(min-width: 1500px)\"\/><source srcset=\"https:\/\/www.capgemini.com\/wp-content\/uploads\/2022\/03\/Capgemini_Microsoft_Factory-of-the-Future-e1647947012146.jpg?w=1440&amp;quality=70 1x, https:\/\/www.capgemini.com\/wp-content\/uploads\/2022\/03\/Capgemini_Microsoft_Factory-of-the-Future-e1647947012146.jpg?w=2880&amp;quality=70 2x\" media=\"(min-width: 992px)\"\/><source srcset=\"https:\/\/www.capgemini.com\/wp-content\/uploads\/2022\/03\/Capgemini_Microsoft_Factory-of-the-Future-e1647947012146.jpg?w=1024&amp;quality=70 1x, https:\/\/www.capgemini.com\/wp-content\/uploads\/2022\/03\/Capgemini_Microsoft_Factory-of-the-Future-e1647947012146.jpg?w=1024&amp;quality=70 2x\" media=\"(min-width: 768px)\"\/><source srcset=\"https:\/\/www.capgemini.com\/wp-content\/uploads\/2022\/03\/Capgemini_Microsoft_Factory-of-the-Future-e1647947012146.jpg?w=768&amp;quality=70 1x, https:\/\/www.capgemini.com\/wp-content\/uploads\/2022\/03\/Capgemini_Microsoft_Factory-of-the-Future-e1647947012146.jpg?w=768&amp;quality=70 2x\" media=\"(min-width: 0)\"\/><img decoding=\"async\" src=\"https:\/\/www.capgemini.com\/wp-content\/uploads\/2022\/03\/Capgemini_Microsoft_Factory-of-the-Future-e1647947012146.jpg\" class=\"header-img header-img-d\" alt=\"\" style=\"object-fit:cover;object-position:50% 50%\" loading=\"eager\"\/><\/picture><\/div><div class=\"heroPictureCardHeaderShape\"><\/div><div class=\"container\"><div class=\"row\"><div class=\"col-md-12\"><div class=\"box\"><div class=\"boxTagWrapper\"><div class=\"tagInfo\"><div><span class=\"box-tag\">Solution<\/span><\/div><\/div><\/div><div class=\"box-title\"><h1 data-maxlength=\"34\">Intelligent Industry mit Microsoft<\/h1><\/div><div class=\"inner-row-insight download-btn\"><\/div><\/div><\/div><\/div><\/div><\/header>\n\n\n\n<section class=\"wp-block-cg-blocks-intro-para undefined section section--intro pt48\"><div class=\"intro-para\"><div class=\"container\"><div class=\"row\"><div class=\"col-12 col-md-1\"><nav class=\"article-social\"><ul class=\"social-nav\"><li class=\"ip-order-fb\"><a href=\"https:\/\/www.facebook.com\/sharer\/sharer.php?u=https:\/\/www.capgemini.com\/de-de\/solutions\/intelligent-industry-mit-microsoft\/\" target=\"_blank\" rel=\"noopener noreferrer\" title=\"In neuem Fenster \u00f6ffnen\"><i aria-hidden=\"true\" class=\"icon-fb\"><\/i><span class=\"sr-only\">Facebook<\/span><\/a><\/li><li class=\"ip-order-li\"><a href=\"https:\/\/www.linkedin.com\/sharing\/share-offsite\/?url=https:\/\/www.capgemini.com\/de-de\/solutions\/intelligent-industry-mit-microsoft\/\" target=\"_blank\" rel=\"noopener noreferrer\" title=\"In neuem Fenster \u00f6ffnen\"><i aria-hidden=\"true\" class=\"icon-li\"><\/i><span class=\"sr-only\">Linkedin<\/span><\/a><\/li><\/ul><\/nav><\/div><div class=\"col-12 col-md-11 col-lg-10\"><h2 class=\"intro-para-title\">Gemeinsam haben Capgemini und Microsoft die Initiative &#8220;Factory of the Future&#8221; entwickelt, um Herstellern dabei zu helfen, eine klare Vision zu entwickeln, wie sie ihr Fabrik-\u00d6kosystem digital transformieren k\u00f6nnen.<\/h2><p class=\"intro-para-content\">Um eine Idee in die Realit\u00e4t umzusetzen, braucht man eine Vision. Unser Ansatz der Fabrik der Zukunft hilft Herstellern, die Skalierbarkeit zu erreichen, die erforderlich ist, um gute Ideen in unternehmensweite Ergebnisse zu verwandeln.<br><br>Es beginnt mit einer Intelligent Operations Platform (IOP), die sich in den vorhandenen Technologie-Stack integrieren und schnell implementieren l\u00e4sst. Die Anwendungsf\u00e4lle werden dann mit einem schrittweisen Ansatz ausgef\u00fchrt, der eine innovative M\u00f6glichkeit nach der anderen bietet. Sie werden mit einer agilen Methodik eingef\u00fchrt, die das Betriebsmodell schrittweise verbessert und die Innovation in die Unternehmenskultur einbettet.<\/p><\/div><\/div><\/div><\/div><\/section>\n","protected":false},"excerpt":{"rendered":"","protected":false},"author":151,"featured_media":0,"parent":743171,"menu_order":0,"comment_status":"closed","ping_status":"closed","template":"","meta":{"cg_dt_proposed_to":[],"cg_seo_hreflang_relations":"[]","cg_seo_canonical_relation":"{\"uuid\":\"78677d29-0430-40ce-bf72-59ded445a2eb\",\"blogId\":\"\",\"domain\":\"\",\"sitePath\":\"\",\"postLink\":\"\",\"postId\":null,\"isSaved\":true,\"isCrossLink\":false,\"hasCrossLink\":false}","cg_seo_hreflang_x_default_relation":"{\"uuid\":\"2b0e15ad-11d1-4ebb-9ad1-e438d334d928\",\"blogId\":\"\",\"domain\":\"\",\"sitePath\":\"\",\"postLink\":\"\",\"postId\":null,\"isSaved\":true,\"isCrossLink\":false,\"hasCrossLink\":false}","cg_dt_approved_content":true,"cg_dt_mandatory_content":false,"cg_dt_notes":"","cg_dg_source_changed":false,"cg_dt_link_disabled":false,"_yoast_wpseo_primary_brand":"","footnotes":"","featured_focal_points":"","partner_card_description":"","gsap_animation":0},"brand":[],"partner_type":[],"service":[],"industry":[],"partners":[],"page-type":[287],"content-group":[],"class_list":["post-742148","page","type-page","status-publish","hentry","page-type-solutions"],"yoast_head":"<!-- This site is optimized with the Yoast SEO Premium plugin v22.8 (Yoast SEO v22.8) - https:\/\/yoast.com\/wordpress\/plugins\/seo\/ -->\n<title>Intelligent Industry mit Microsoft - Capgemini<\/title>\n<meta name=\"description\" content=\"Die &quot;Fabrik der Zukunft&quot; hilft Herstellern, eine klare Vision zu entwickeln, wie sie ihr Fabrik\u00f6kosystem digital transformieren k\u00f6nnen.\" \/>\n<meta name=\"robots\" content=\"index, follow, max-snippet:-1, max-image-preview:large, max-video-preview:-1\" \/>\n<link rel=\"canonical\" href=\"https:\/\/www.capgemini.com\/de-de\/solutions\/intelligent-industry-mit-microsoft\/\" \/>\n<meta property=\"og:locale\" content=\"de_DE\" \/>\n<meta property=\"og:type\" content=\"article\" \/>\n<meta property=\"og:title\" content=\"Intelligent Industry mit Microsoft - Capgemini\" \/>\n<meta property=\"og:description\" content=\"Die &quot;Fabrik der Zukunft&quot; hilft Herstellern, eine klare Vision zu entwickeln, wie sie ihr Fabrik\u00f6kosystem digital transformieren k\u00f6nnen.\" \/>\n<meta property=\"og:url\" content=\"https:\/\/www.capgemini.com\/de-de\/solutions\/intelligent-industry-mit-microsoft\/\" \/>\n<meta property=\"og:site_name\" content=\"Capgemini\" \/>\n<meta property=\"article:modified_time\" content=\"2025-03-05T04:34:23+00:00\" \/>\n<meta property=\"og:image\" content=\"https:\/\/www.capgemini.com\/wp-content\/uploads\/2022\/03\/Capgemini_Microsoft_Factory-of-the-Future-e1647947012146.jpg\" \/>\n<meta name=\"twitter:card\" content=\"summary_large_image\" \/>\n<script type=\"application\/ld+json\" class=\"yoast-schema-graph\">{\"@context\":\"https:\/\/schema.org\",\"@graph\":[{\"@type\":\"WebPage\",\"@id\":\"https:\/\/www.capgemini.com\/de-de\/solutions\/intelligent-industry-mit-microsoft\/\",\"url\":\"https:\/\/www.capgemini.com\/de-de\/solutions\/intelligent-industry-mit-microsoft\/\",\"name\":\"Intelligent Industry mit Microsoft - Capgemini\",\"isPartOf\":{\"@id\":\"https:\/\/www.capgemini.com\/de-de\/#website\"},\"primaryImageOfPage\":{\"@id\":\"https:\/\/www.capgemini.com\/de-de\/solutions\/intelligent-industry-mit-microsoft\/#primaryimage\"},\"image\":{\"@id\":\"https:\/\/www.capgemini.com\/de-de\/solutions\/intelligent-industry-mit-microsoft\/#primaryimage\"},\"thumbnailUrl\":\"https:\/\/www.capgemini.com\/wp-content\/uploads\/2022\/03\/Capgemini_Microsoft_Factory-of-the-Future-e1647947012146.jpg\",\"datePublished\":\"2022-12-13T07:56:50+00:00\",\"dateModified\":\"2025-03-05T04:34:23+00:00\",\"description\":\"Die \\\"Fabrik der Zukunft\\\" hilft Herstellern, eine klare Vision zu entwickeln, wie sie ihr Fabrik\u00f6kosystem digital transformieren k\u00f6nnen.\",\"breadcrumb\":{\"@id\":\"https:\/\/www.capgemini.com\/de-de\/solutions\/intelligent-industry-mit-microsoft\/#breadcrumb\"},\"inLanguage\":\"de-DE\",\"potentialAction\":[{\"@type\":\"ReadAction\",\"target\":[\"https:\/\/www.capgemini.com\/de-de\/solutions\/intelligent-industry-mit-microsoft\/\"]}]},{\"@type\":\"ImageObject\",\"inLanguage\":\"de-DE\",\"@id\":\"https:\/\/www.capgemini.com\/de-de\/solutions\/intelligent-industry-mit-microsoft\/#primaryimage\",\"url\":\"https:\/\/www.capgemini.com\/wp-content\/uploads\/2022\/03\/Capgemini_Microsoft_Factory-of-the-Future-e1647947012146.jpg\",\"contentUrl\":\"https:\/\/www.capgemini.com\/wp-content\/uploads\/2022\/03\/Capgemini_Microsoft_Factory-of-the-Future-e1647947012146.jpg\"},{\"@type\":\"BreadcrumbList\",\"@id\":\"https:\/\/www.capgemini.com\/de-de\/solutions\/intelligent-industry-mit-microsoft\/#breadcrumb\",\"itemListElement\":[{\"@type\":\"ListItem\",\"position\":1,\"name\":\"Solutions\",\"item\":\"https:\/\/www.capgemini.com\/de-de\/solutions\/\"},{\"@type\":\"ListItem\",\"position\":2,\"name\":\"Intelligent Industry mit Microsoft\"}]},{\"@type\":\"WebSite\",\"@id\":\"https:\/\/www.capgemini.com\/de-de\/#website\",\"url\":\"https:\/\/www.capgemini.com\/de-de\/\",\"name\":\"Capgemini Deutschland\",\"description\":\"Make it real\",\"potentialAction\":[{\"@type\":\"SearchAction\",\"target\":{\"@type\":\"EntryPoint\",\"urlTemplate\":\"https:\/\/www.capgemini.com\/de-de\/?s={search_term_string}\"},\"query-input\":\"required name=search_term_string\"}],\"inLanguage\":\"de-DE\"}]}<\/script>\n<!-- \/ Yoast SEO Premium plugin. -->","yoast_head_json":{"title":"Intelligent Industry mit Microsoft - Capgemini","description":"Die \"Fabrik der Zukunft\" hilft Herstellern, eine klare Vision zu entwickeln, wie sie ihr Fabrik\u00f6kosystem digital transformieren k\u00f6nnen.","robots":{"index":"index","follow":"follow","max-snippet":"max-snippet:-1","max-image-preview":"max-image-preview:large","max-video-preview":"max-video-preview:-1"},"canonical":"https:\/\/www.capgemini.com\/de-de\/solutions\/intelligent-industry-mit-microsoft\/","og_locale":"de_DE","og_type":"article","og_title":"Intelligent Industry mit Microsoft - Capgemini","og_description":"Die \"Fabrik der Zukunft\" hilft Herstellern, eine klare Vision zu entwickeln, wie sie ihr Fabrik\u00f6kosystem digital transformieren k\u00f6nnen.","og_url":"https:\/\/www.capgemini.com\/de-de\/solutions\/intelligent-industry-mit-microsoft\/","og_site_name":"Capgemini","article_modified_time":"2025-03-05T04:34:23+00:00","og_image":[{"url":"https:\/\/www.capgemini.com\/wp-content\/uploads\/2022\/03\/Capgemini_Microsoft_Factory-of-the-Future-e1647947012146.jpg"}],"twitter_card":"summary_large_image","schema":{"@context":"https:\/\/schema.org","@graph":[{"@type":"WebPage","@id":"https:\/\/www.capgemini.com\/de-de\/solutions\/intelligent-industry-mit-microsoft\/","url":"https:\/\/www.capgemini.com\/de-de\/solutions\/intelligent-industry-mit-microsoft\/","name":"Intelligent Industry mit Microsoft - Capgemini","isPartOf":{"@id":"https:\/\/www.capgemini.com\/de-de\/#website"},"primaryImageOfPage":{"@id":"https:\/\/www.capgemini.com\/de-de\/solutions\/intelligent-industry-mit-microsoft\/#primaryimage"},"image":{"@id":"https:\/\/www.capgemini.com\/de-de\/solutions\/intelligent-industry-mit-microsoft\/#primaryimage"},"thumbnailUrl":"https:\/\/www.capgemini.com\/wp-content\/uploads\/2022\/03\/Capgemini_Microsoft_Factory-of-the-Future-e1647947012146.jpg","datePublished":"2022-12-13T07:56:50+00:00","dateModified":"2025-03-05T04:34:23+00:00","description":"Die \"Fabrik der Zukunft\" hilft Herstellern, eine klare Vision zu entwickeln, wie sie ihr Fabrik\u00f6kosystem digital transformieren k\u00f6nnen.","breadcrumb":{"@id":"https:\/\/www.capgemini.com\/de-de\/solutions\/intelligent-industry-mit-microsoft\/#breadcrumb"},"inLanguage":"de-DE","potentialAction":[{"@type":"ReadAction","target":["https:\/\/www.capgemini.com\/de-de\/solutions\/intelligent-industry-mit-microsoft\/"]}]},{"@type":"ImageObject","inLanguage":"de-DE","@id":"https:\/\/www.capgemini.com\/de-de\/solutions\/intelligent-industry-mit-microsoft\/#primaryimage","url":"https:\/\/www.capgemini.com\/wp-content\/uploads\/2022\/03\/Capgemini_Microsoft_Factory-of-the-Future-e1647947012146.jpg","contentUrl":"https:\/\/www.capgemini.com\/wp-content\/uploads\/2022\/03\/Capgemini_Microsoft_Factory-of-the-Future-e1647947012146.jpg"},{"@type":"BreadcrumbList","@id":"https:\/\/www.capgemini.com\/de-de\/solutions\/intelligent-industry-mit-microsoft\/#breadcrumb","itemListElement":[{"@type":"ListItem","position":1,"name":"Solutions","item":"https:\/\/www.capgemini.com\/de-de\/solutions\/"},{"@type":"ListItem","position":2,"name":"Intelligent Industry mit Microsoft"}]},{"@type":"WebSite","@id":"https:\/\/www.capgemini.com\/de-de\/#website","url":"https:\/\/www.capgemini.com\/de-de\/","name":"Capgemini Deutschland","description":"Make it real","potentialAction":[{"@type":"SearchAction","target":{"@type":"EntryPoint","urlTemplate":"https:\/\/www.capgemini.com\/de-de\/?s={search_term_string}"},"query-input":"required name=search_term_string"}],"inLanguage":"de-DE"}]}},"brand_term":[],"parsely":{"version":"1.1.0","canonical_url":"https:\/\/capgemini.com\/de-de\/solutions\/intelligent-industry-mit-microsoft\/","smart_links":{"inbound":0,"outbound":0},"traffic_boost_suggestions_count":0,"meta":{"@context":"https:\/\/schema.org","@type":"WebPage","headline":"Intelligent Industry mit Microsoft","url":"http:\/\/www.capgemini.com\/de-de\/solutions\/intelligent-industry-mit-microsoft\/","mainEntityOfPage":{"@type":"WebPage","@id":"http:\/\/www.capgemini.com\/de-de\/solutions\/intelligent-industry-mit-microsoft\/"},"thumbnailUrl":"","image":{"@type":"ImageObject","url":""},"articleSection":"Uncategorized","author":[],"creator":[],"publisher":{"@type":"Organization","name":"Capgemini","logo":""},"keywords":[],"dateCreated":"2022-12-13T07:56:50Z","datePublished":"2022-12-13T07:56:50Z","dateModified":"2025-03-05T04:34:23Z"},"rendered":"<script type=\"application\/ld+json\" class=\"wp-parsely-metadata\">{\"@context\":\"https:\\\/\\\/schema.org\",\"@type\":\"WebPage\",\"headline\":\"Intelligent Industry mit Microsoft\",\"url\":\"http:\\\/\\\/www.capgemini.com\\\/de-de\\\/solutions\\\/intelligent-industry-mit-microsoft\\\/\",\"mainEntityOfPage\":{\"@type\":\"WebPage\",\"@id\":\"http:\\\/\\\/www.capgemini.com\\\/de-de\\\/solutions\\\/intelligent-industry-mit-microsoft\\\/\"},\"thumbnailUrl\":\"\",\"image\":{\"@type\":\"ImageObject\",\"url\":\"\"},\"articleSection\":\"Uncategorized\",\"author\":[],\"creator\":[],\"publisher\":{\"@type\":\"Organization\",\"name\":\"Capgemini\",\"logo\":\"\"},\"keywords\":[],\"dateCreated\":\"2022-12-13T07:56:50Z\",\"datePublished\":\"2022-12-13T07:56:50Z\",\"dateModified\":\"2025-03-05T04:34:23Z\"}<\/script>","tracker_url":"https:\/\/cdn.parsely.com\/keys\/capgemini.com\/p.js"},"archive_status":false,"featured_image_src":"https:\/\/www.capgemini.com\/de-de\/wp-content\/themes\/capgemini2025\/assets\/images\/mockup.png","featured_image_alt":false,"jetpack_sharing_enabled":true,"distributor_meta":false,"distributor_terms":false,"distributor_media":false,"distributor_original_site_name":"Capgemini","distributor_original_site_url":"https:\/\/www.capgemini.com\/de-de","push-errors":false,"_links":{"self":[{"href":"https:\/\/www.capgemini.com\/de-de\/wp-json\/wp\/v2\/pages\/742148","targetHints":{"allow":["GET"]}}],"collection":[{"href":"https:\/\/www.capgemini.com\/de-de\/wp-json\/wp\/v2\/pages"}],"about":[{"href":"https:\/\/www.capgemini.com\/de-de\/wp-json\/wp\/v2\/types\/page"}],"author":[{"embeddable":true,"href":"https:\/\/www.capgemini.com\/de-de\/wp-json\/wp\/v2\/users\/151"}],"replies":[{"embeddable":true,"href":"https:\/\/www.capgemini.com\/de-de\/wp-json\/wp\/v2\/comments?post=742148"}],"version-history":[{"count":16,"href":"https:\/\/www.capgemini.com\/de-de\/wp-json\/wp\/v2\/pages\/742148\/revisions"}],"predecessor-version":[{"id":875583,"href":"https:\/\/www.capgemini.com\/de-de\/wp-json\/wp\/v2\/pages\/742148\/revisions\/875583"}],"up":[{"embeddable":true,"href":"https:\/\/www.capgemini.com\/de-de\/wp-json\/wp\/v2\/pages\/743171"}],"wp:attachment":[{"href":"https:\/\/www.capgemini.com\/de-de\/wp-json\/wp\/v2\/media?parent=742148"}],"wp:term":[{"taxonomy":"brand","embeddable":true,"href":"https:\/\/www.capgemini.com\/de-de\/wp-json\/wp\/v2\/brand?post=742148"},{"taxonomy":"partner_type","embeddable":true,"href":"https:\/\/www.capgemini.com\/de-de\/wp-json\/wp\/v2\/partner_type?post=742148"},{"taxonomy":"service","embeddable":true,"href":"https:\/\/www.capgemini.com\/de-de\/wp-json\/wp\/v2\/service?post=742148"},{"taxonomy":"industry","embeddable":true,"href":"https:\/\/www.capgemini.com\/de-de\/wp-json\/wp\/v2\/industry?post=742148"},{"taxonomy":"partners","embeddable":true,"href":"https:\/\/www.capgemini.com\/de-de\/wp-json\/wp\/v2\/partners?post=742148"},{"taxonomy":"page-type","embeddable":true,"href":"https:\/\/www.capgemini.com\/de-de\/wp-json\/wp\/v2\/page-type?post=742148"},{"taxonomy":"content-group","embeddable":true,"href":"https:\/\/www.capgemini.com\/de-de\/wp-json\/wp\/v2\/content-group?post=742148"}],"curies":[{"name":"wp","href":"https:\/\/api.w.org\/{rel}","templated":true}]}}