{"id":742146,"date":"2022-01-31T07:40:12","date_gmt":"2022-01-31T07:40:12","guid":{"rendered":"https:\/\/www.capgemini.com\/?page_id=647799"},"modified":"2025-03-05T05:55:35","modified_gmt":"2025-03-05T05:55:35","slug":"application-modernization-with-aws","status":"publish","type":"page","link":"https:\/\/www.capgemini.com\/de-de\/solutions\/application-modernization-with-aws\/","title":{"rendered":"Anwendungsmodernisierung mit AWS"},"content":{"rendered":"\n<header class=\"wp-block-cg-blocks-hero-reusable header heroReusable  \"><div class=\"header-bgs\"><picture><source srcset=\"https:\/\/www.capgemini.com\/wp-content\/uploads\/2021\/09\/Capgemini_Tech-Partners_AWS.jpg?w=2880&amp;quality=70 1x, https:\/\/www.capgemini.com\/wp-content\/uploads\/2021\/09\/Capgemini_Tech-Partners_AWS.jpg?w=2880&amp;quality=70 2x\" media=\"(min-width: 1500px)\"\/><source srcset=\"https:\/\/www.capgemini.com\/wp-content\/uploads\/2021\/09\/Capgemini_Tech-Partners_AWS.jpg?w=1440&amp;quality=70 1x, https:\/\/www.capgemini.com\/wp-content\/uploads\/2021\/09\/Capgemini_Tech-Partners_AWS.jpg?w=2880&amp;quality=70 2x\" media=\"(min-width: 992px)\"\/><source srcset=\"https:\/\/www.capgemini.com\/wp-content\/uploads\/2021\/09\/Capgemini_Tech-Partners_AWS.jpg?w=1024&amp;quality=70 1x, https:\/\/www.capgemini.com\/wp-content\/uploads\/2021\/09\/Capgemini_Tech-Partners_AWS.jpg?w=1024&amp;quality=70 2x\" media=\"(min-width: 768px)\"\/><source srcset=\"https:\/\/www.capgemini.com\/wp-content\/uploads\/2021\/09\/Capgemini_Tech-Partners_AWS.jpg?w=768&amp;quality=70 1x, https:\/\/www.capgemini.com\/wp-content\/uploads\/2021\/09\/Capgemini_Tech-Partners_AWS.jpg?w=768&amp;quality=70 2x\" media=\"(min-width: 0)\"\/><img decoding=\"async\" src=\"https:\/\/www.capgemini.com\/wp-content\/uploads\/2021\/09\/Capgemini_Tech-Partners_AWS.jpg\" class=\"header-img header-img-d\" alt=\"\" style=\"object-fit:cover;object-position:80% 75%\" loading=\"eager\"\/><\/picture><\/div><div class=\"heroPictureCardHeaderShape\"><\/div><div class=\"container\"><div class=\"row\"><div class=\"col-md-12\"><div class=\"box\"><div class=\"boxTagWrapper\"><div class=\"tagInfo\"><div><span class=\"box-tag\">Solution<\/span><\/div><\/div><\/div><div class=\"box-title\"><h1 data-maxlength=\"34\">Anwendungsmodernisierung mit AWS<\/h1><\/div><div class=\"inner-row-insight download-btn\"><\/div><\/div><\/div><\/div><\/div><\/header>\n\n\n\n<section class=\"wp-block-cg-blocks-intro-para undefined section section--intro\"><div class=\"intro-para\"><div class=\"container\"><div class=\"row\"><div class=\"col-12 col-md-1\"><nav class=\"article-social\"><ul class=\"social-nav\"><li class=\"ip-order-fb\"><a href=\"https:\/\/www.facebook.com\/sharer\/sharer.php?u=https:\/\/www.capgemini.com\/de-de\/solutions\/application-modernization-with-aws\/\" target=\"_blank\" rel=\"noopener noreferrer\" title=\"In neuem Fenster \u00f6ffnen\"><i aria-hidden=\"true\" class=\"icon-fb\"><\/i><span class=\"sr-only\">Facebook<\/span><\/a><\/li><li class=\"ip-order-li\"><a href=\"https:\/\/www.linkedin.com\/sharing\/share-offsite\/?url=https:\/\/www.capgemini.com\/de-de\/solutions\/application-modernization-with-aws\/\" target=\"_blank\" rel=\"noopener noreferrer\" title=\"In neuem Fenster \u00f6ffnen\"><i aria-hidden=\"true\" class=\"icon-li\"><\/i><span class=\"sr-only\">Linkedin<\/span><\/a><\/li><\/ul><\/nav><\/div><div class=\"col-12 col-md-11 col-lg-10\"><h2 class=\"intro-para-title\">Applikationen sind das Herzst\u00fcck des digitalen Gesch\u00e4fts. Sie erm\u00f6glichen es Unternehmen, bahnbrechende Kundenerlebnisse zu schaffen, die Leistung bahnbrechender Technologien zu nutzen und schnell zu innovieren.<\/h2><p class=\"intro-para-content\">Um die Vorteile von Anwendungen wirklich nutzen zu k\u00f6nnen, m\u00fcssen Unternehmen sicherstellen, dass sie Cloud-f\u00e4hig sind und eine kontinuierliche Bereitstellung unterst\u00fctzen. Dies erfordert eine Strategie zur Anwendungsmodernisierung. Genau dabei k\u00f6nnen wir helfen.<\/p><\/div><\/div><\/div><\/div><\/section>\n\n\n\n<section class=\"wp-block-cg-blocks-group undefined section section--article-content\"><div class=\"article-main-content\"><div class=\"container\"><div class=\"row\"><div class=\"col-12 col-md-11 col-lg-10 offset-md-1 offset-lg-1\"><div class=\"article-text article-quote-text\">\n<h3 class=\"wp-block-heading\" id=\"h-moderne-architekturen-mit-aws\">Moderne Architekturen mit AWS<\/h3>\n\n\n\n<p>Capgemini unterst\u00fctzt Unternehmen bei der Modernisierung durch Refactoring, Re-Architektur oder Ersatz von Kernanwendungen im Einklang mit ihren digitalen Zielen.<\/p>\n\n\n\n<p>Modernisierte Anwendungen, die auf AWS erstellt oder ausgef\u00fchrt werden, erm\u00f6glichen eine gr\u00f6\u00dfere betriebliche Effizienz, h\u00f6here Skalierbarkeit, bessere Leistung und geringere Kosten.<\/p>\n\n\n\n<p>Dar\u00fcber hinaus haben Unternehmen bei der Nutzung der AWS Serverless-Plattform Zugriff auf eine Reihe vollst\u00e4ndig verwalteter Services zum Erstellen und Ausf\u00fchren von Anwendungen und Services, ohne sich um Server oder Infrastrukturmanagement k\u00fcmmern zu m\u00fcssen.<\/p>\n\n\n\n<h3 class=\"wp-block-heading\" id=\"h-bereitstellung-von-anwendungen-im-innovationstempo\">Bereitstellung von Anwendungen im Innovationstempo<\/h3>\n\n\n\n<p>Capgemini und AWS haben mit Unternehmen aller Art zusammengearbeitet, um ihre Anwendungen zu modernisieren und das digitale Gesch\u00e4ft Wirklichkeit werden zu lassen.<\/p>\n\n\n\n<p>Capgemini nutzt seine branchenf\u00fchrenden Accelerators, darunter eAPM, ein hochgradig visuelles Tool zur Anwendungsbewertung, und die Digital Cloud Platform, eine Reihe von Blueprints und vorgefertigten Komponenten, die die Entwicklung und Bereitstellung von Cloud-L\u00f6sungen beschleunigen.<\/p>\n\n\n\n<p>Gemeinsam haben wir beispielsweise Corteva geholfen, die Bearbeitungszeit f\u00fcr Genome von 30 Tagen auf einen Tag zu verk\u00fcrzen.<\/p>\n<\/div><\/div><\/div><\/div><\/div><\/section>\n\n\n\n<p><a href=\"https:\/\/www.facebook.com\/sharer\/sharer.php?u=https%3A%2F%2Fwww.capgemini.com%2Fus-en%2Fservice%2Fcloud-services-2%2Fapplication-modernization%2Fapplication-modernization-with-aws%2F\" target=\"_blank\" rel=\"noreferrer noopener\"><\/a><a href=\"https:\/\/twitter.com\/intent\/tweet?url=https%3A%2F%2Fwww.capgemini.com%2Fus-en%2Fservice%2Fcloud-services-2%2Fapplication-modernization%2Fapplication-modernization-with-aws%2F&amp;text=\" target=\"_blank\" rel=\"noreferrer noopener\"><\/a><a href=\"https:\/\/www.linkedin.com\/shareArticle?mini=true&amp;url=https%3A%2F%2Fwww.capgemini.com%2Fus-en%2Fservice%2Fcloud-services-2%2Fapplication-modernization%2Fapplication-modernization-with-aws%2F\" target=\"_blank\" rel=\"noreferrer noopener\"><\/a><\/p>\n","protected":false},"excerpt":{"rendered":"","protected":false},"author":151,"featured_media":0,"parent":743171,"menu_order":0,"comment_status":"closed","ping_status":"closed","template":"","meta":{"cg_dt_proposed_to":[],"cg_seo_hreflang_relations":"[]","cg_seo_canonical_relation":"{\"uuid\":\"a16de720-177e-4bdc-b3f1-1829b52a313e\",\"blogId\":\"\",\"domain\":\"\",\"sitePath\":\"\",\"postLink\":\"\",\"postId\":null,\"isSaved\":true,\"isCrossLink\":false,\"hasCrossLink\":false}","cg_seo_hreflang_x_default_relation":"{\"uuid\":\"cb33e3d4-530f-4471-ac58-6f16c1ea7b65\",\"blogId\":\"\",\"domain\":\"\",\"sitePath\":\"\",\"postLink\":\"\",\"postId\":null,\"isSaved\":true,\"isCrossLink\":false,\"hasCrossLink\":false}","cg_dt_approved_content":true,"cg_dt_mandatory_content":false,"cg_dt_notes":"","cg_dg_source_changed":false,"cg_dt_link_disabled":false,"_yoast_wpseo_primary_brand":"","footnotes":"","featured_focal_points":"","partner_card_description":"","gsap_animation":0},"brand":[],"partner_type":[],"service":[],"industry":[],"partners":[126],"page-type":[287],"content-group":[],"class_list":["post-742146","page","type-page","status-publish","hentry","partners-aws","page-type-solutions"],"yoast_head":"<!-- This site is optimized with the Yoast SEO Premium plugin v22.8 (Yoast SEO v22.8) - https:\/\/yoast.com\/wordpress\/plugins\/seo\/ -->\n<title>Anwendungsmodernisierung mit AWS - Capgemini<\/title>\n<meta name=\"description\" content=\"AWS f\u00fcr die Modernisierung Ihrer Anwendungen - profitieren Sie von verbesserter Leistung, Sicherheit und Effizienz.\" \/>\n<meta name=\"robots\" content=\"index, follow, max-snippet:-1, max-image-preview:large, max-video-preview:-1\" \/>\n<link rel=\"canonical\" href=\"https:\/\/www.capgemini.com\/de-de\/solutions\/application-modernization-with-aws\/\" \/>\n<meta property=\"og:locale\" content=\"de_DE\" \/>\n<meta property=\"og:type\" content=\"article\" \/>\n<meta property=\"og:title\" content=\"Anwendungsmodernisierung mit AWS - Capgemini\" \/>\n<meta property=\"og:description\" content=\"AWS f\u00fcr die Modernisierung Ihrer Anwendungen - profitieren Sie von verbesserter Leistung, Sicherheit und Effizienz.\" \/>\n<meta property=\"og:url\" content=\"https:\/\/www.capgemini.com\/de-de\/solutions\/application-modernization-with-aws\/\" \/>\n<meta property=\"og:site_name\" content=\"Capgemini\" \/>\n<meta property=\"article:modified_time\" content=\"2025-03-05T05:55:35+00:00\" \/>\n<meta property=\"og:image\" content=\"https:\/\/www.capgemini.com\/wp-content\/uploads\/2021\/09\/Capgemini_Tech-Partners_AWS.jpg\" \/>\n<meta name=\"twitter:card\" content=\"summary_large_image\" \/>\n<script type=\"application\/ld+json\" class=\"yoast-schema-graph\">{\"@context\":\"https:\/\/schema.org\",\"@graph\":[{\"@type\":\"WebPage\",\"@id\":\"https:\/\/www.capgemini.com\/de-de\/solutions\/application-modernization-with-aws\/\",\"url\":\"https:\/\/www.capgemini.com\/de-de\/solutions\/application-modernization-with-aws\/\",\"name\":\"Anwendungsmodernisierung mit AWS - Capgemini\",\"isPartOf\":{\"@id\":\"https:\/\/www.capgemini.com\/de-de\/#website\"},\"primaryImageOfPage\":{\"@id\":\"https:\/\/www.capgemini.com\/de-de\/solutions\/application-modernization-with-aws\/#primaryimage\"},\"image\":{\"@id\":\"https:\/\/www.capgemini.com\/de-de\/solutions\/application-modernization-with-aws\/#primaryimage\"},\"thumbnailUrl\":\"https:\/\/www.capgemini.com\/wp-content\/uploads\/2021\/09\/Capgemini_Tech-Partners_AWS.jpg\",\"datePublished\":\"2022-01-31T07:40:12+00:00\",\"dateModified\":\"2025-03-05T05:55:35+00:00\",\"description\":\"AWS f\u00fcr die Modernisierung Ihrer Anwendungen - profitieren Sie von verbesserter Leistung, Sicherheit und Effizienz.\",\"breadcrumb\":{\"@id\":\"https:\/\/www.capgemini.com\/de-de\/solutions\/application-modernization-with-aws\/#breadcrumb\"},\"inLanguage\":\"de-DE\",\"potentialAction\":[{\"@type\":\"ReadAction\",\"target\":[\"https:\/\/www.capgemini.com\/de-de\/solutions\/application-modernization-with-aws\/\"]}]},{\"@type\":\"ImageObject\",\"inLanguage\":\"de-DE\",\"@id\":\"https:\/\/www.capgemini.com\/de-de\/solutions\/application-modernization-with-aws\/#primaryimage\",\"url\":\"https:\/\/www.capgemini.com\/wp-content\/uploads\/2021\/09\/Capgemini_Tech-Partners_AWS.jpg\",\"contentUrl\":\"https:\/\/www.capgemini.com\/wp-content\/uploads\/2021\/09\/Capgemini_Tech-Partners_AWS.jpg\"},{\"@type\":\"BreadcrumbList\",\"@id\":\"https:\/\/www.capgemini.com\/de-de\/solutions\/application-modernization-with-aws\/#breadcrumb\",\"itemListElement\":[{\"@type\":\"ListItem\",\"position\":1,\"name\":\"Solutions\",\"item\":\"https:\/\/www.capgemini.com\/de-de\/solutions\/\"},{\"@type\":\"ListItem\",\"position\":2,\"name\":\"Anwendungsmodernisierung mit AWS\"}]},{\"@type\":\"WebSite\",\"@id\":\"https:\/\/www.capgemini.com\/de-de\/#website\",\"url\":\"https:\/\/www.capgemini.com\/de-de\/\",\"name\":\"Capgemini Deutschland\",\"description\":\"Make it real\",\"potentialAction\":[{\"@type\":\"SearchAction\",\"target\":{\"@type\":\"EntryPoint\",\"urlTemplate\":\"https:\/\/www.capgemini.com\/de-de\/?s={search_term_string}\"},\"query-input\":\"required name=search_term_string\"}],\"inLanguage\":\"de-DE\"}]}<\/script>\n<!-- \/ Yoast SEO Premium plugin. -->","yoast_head_json":{"title":"Anwendungsmodernisierung mit AWS - Capgemini","description":"AWS f\u00fcr die Modernisierung Ihrer Anwendungen - profitieren Sie von verbesserter Leistung, Sicherheit und Effizienz.","robots":{"index":"index","follow":"follow","max-snippet":"max-snippet:-1","max-image-preview":"max-image-preview:large","max-video-preview":"max-video-preview:-1"},"canonical":"https:\/\/www.capgemini.com\/de-de\/solutions\/application-modernization-with-aws\/","og_locale":"de_DE","og_type":"article","og_title":"Anwendungsmodernisierung mit AWS - Capgemini","og_description":"AWS f\u00fcr die Modernisierung Ihrer Anwendungen - profitieren Sie von verbesserter Leistung, Sicherheit und Effizienz.","og_url":"https:\/\/www.capgemini.com\/de-de\/solutions\/application-modernization-with-aws\/","og_site_name":"Capgemini","article_modified_time":"2025-03-05T05:55:35+00:00","og_image":[{"url":"https:\/\/www.capgemini.com\/wp-content\/uploads\/2021\/09\/Capgemini_Tech-Partners_AWS.jpg"}],"twitter_card":"summary_large_image","schema":{"@context":"https:\/\/schema.org","@graph":[{"@type":"WebPage","@id":"https:\/\/www.capgemini.com\/de-de\/solutions\/application-modernization-with-aws\/","url":"https:\/\/www.capgemini.com\/de-de\/solutions\/application-modernization-with-aws\/","name":"Anwendungsmodernisierung mit AWS - Capgemini","isPartOf":{"@id":"https:\/\/www.capgemini.com\/de-de\/#website"},"primaryImageOfPage":{"@id":"https:\/\/www.capgemini.com\/de-de\/solutions\/application-modernization-with-aws\/#primaryimage"},"image":{"@id":"https:\/\/www.capgemini.com\/de-de\/solutions\/application-modernization-with-aws\/#primaryimage"},"thumbnailUrl":"https:\/\/www.capgemini.com\/wp-content\/uploads\/2021\/09\/Capgemini_Tech-Partners_AWS.jpg","datePublished":"2022-01-31T07:40:12+00:00","dateModified":"2025-03-05T05:55:35+00:00","description":"AWS f\u00fcr die Modernisierung Ihrer Anwendungen - profitieren Sie von verbesserter Leistung, Sicherheit und Effizienz.","breadcrumb":{"@id":"https:\/\/www.capgemini.com\/de-de\/solutions\/application-modernization-with-aws\/#breadcrumb"},"inLanguage":"de-DE","potentialAction":[{"@type":"ReadAction","target":["https:\/\/www.capgemini.com\/de-de\/solutions\/application-modernization-with-aws\/"]}]},{"@type":"ImageObject","inLanguage":"de-DE","@id":"https:\/\/www.capgemini.com\/de-de\/solutions\/application-modernization-with-aws\/#primaryimage","url":"https:\/\/www.capgemini.com\/wp-content\/uploads\/2021\/09\/Capgemini_Tech-Partners_AWS.jpg","contentUrl":"https:\/\/www.capgemini.com\/wp-content\/uploads\/2021\/09\/Capgemini_Tech-Partners_AWS.jpg"},{"@type":"BreadcrumbList","@id":"https:\/\/www.capgemini.com\/de-de\/solutions\/application-modernization-with-aws\/#breadcrumb","itemListElement":[{"@type":"ListItem","position":1,"name":"Solutions","item":"https:\/\/www.capgemini.com\/de-de\/solutions\/"},{"@type":"ListItem","position":2,"name":"Anwendungsmodernisierung mit AWS"}]},{"@type":"WebSite","@id":"https:\/\/www.capgemini.com\/de-de\/#website","url":"https:\/\/www.capgemini.com\/de-de\/","name":"Capgemini Deutschland","description":"Make it real","potentialAction":[{"@type":"SearchAction","target":{"@type":"EntryPoint","urlTemplate":"https:\/\/www.capgemini.com\/de-de\/?s={search_term_string}"},"query-input":"required name=search_term_string"}],"inLanguage":"de-DE"}]}},"brand_term":[],"parsely":{"version":"1.1.0","canonical_url":"https:\/\/capgemini.com\/de-de\/solutions\/application-modernization-with-aws\/","smart_links":{"inbound":0,"outbound":0},"traffic_boost_suggestions_count":0,"meta":{"@context":"https:\/\/schema.org","@type":"WebPage","headline":"Anwendungsmodernisierung mit AWS","url":"http:\/\/www.capgemini.com\/de-de\/solutions\/application-modernization-with-aws\/","mainEntityOfPage":{"@type":"WebPage","@id":"http:\/\/www.capgemini.com\/de-de\/solutions\/application-modernization-with-aws\/"},"thumbnailUrl":"","image":{"@type":"ImageObject","url":""},"articleSection":"Uncategorized","author":[],"creator":[],"publisher":{"@type":"Organization","name":"Capgemini","logo":""},"keywords":[],"dateCreated":"2022-01-31T07:40:12Z","datePublished":"2022-01-31T07:40:12Z","dateModified":"2025-03-05T05:55:35Z"},"rendered":"<script type=\"application\/ld+json\" class=\"wp-parsely-metadata\">{\"@context\":\"https:\\\/\\\/schema.org\",\"@type\":\"WebPage\",\"headline\":\"Anwendungsmodernisierung mit AWS\",\"url\":\"http:\\\/\\\/www.capgemini.com\\\/de-de\\\/solutions\\\/application-modernization-with-aws\\\/\",\"mainEntityOfPage\":{\"@type\":\"WebPage\",\"@id\":\"http:\\\/\\\/www.capgemini.com\\\/de-de\\\/solutions\\\/application-modernization-with-aws\\\/\"},\"thumbnailUrl\":\"\",\"image\":{\"@type\":\"ImageObject\",\"url\":\"\"},\"articleSection\":\"Uncategorized\",\"author\":[],\"creator\":[],\"publisher\":{\"@type\":\"Organization\",\"name\":\"Capgemini\",\"logo\":\"\"},\"keywords\":[],\"dateCreated\":\"2022-01-31T07:40:12Z\",\"datePublished\":\"2022-01-31T07:40:12Z\",\"dateModified\":\"2025-03-05T05:55:35Z\"}<\/script>","tracker_url":"https:\/\/cdn.parsely.com\/keys\/capgemini.com\/p.js"},"archive_status":false,"featured_image_src":"https:\/\/www.capgemini.com\/de-de\/wp-content\/themes\/capgemini2025\/assets\/images\/mockup.png","featured_image_alt":false,"jetpack_sharing_enabled":true,"distributor_meta":false,"distributor_terms":false,"distributor_media":false,"distributor_original_site_name":"Capgemini","distributor_original_site_url":"https:\/\/www.capgemini.com\/de-de","push-errors":false,"_links":{"self":[{"href":"https:\/\/www.capgemini.com\/de-de\/wp-json\/wp\/v2\/pages\/742146","targetHints":{"allow":["GET"]}}],"collection":[{"href":"https:\/\/www.capgemini.com\/de-de\/wp-json\/wp\/v2\/pages"}],"about":[{"href":"https:\/\/www.capgemini.com\/de-de\/wp-json\/wp\/v2\/types\/page"}],"author":[{"embeddable":true,"href":"https:\/\/www.capgemini.com\/de-de\/wp-json\/wp\/v2\/users\/151"}],"replies":[{"embeddable":true,"href":"https:\/\/www.capgemini.com\/de-de\/wp-json\/wp\/v2\/comments?post=742146"}],"version-history":[{"count":11,"href":"https:\/\/www.capgemini.com\/de-de\/wp-json\/wp\/v2\/pages\/742146\/revisions"}],"predecessor-version":[{"id":876160,"href":"https:\/\/www.capgemini.com\/de-de\/wp-json\/wp\/v2\/pages\/742146\/revisions\/876160"}],"up":[{"embeddable":true,"href":"https:\/\/www.capgemini.com\/de-de\/wp-json\/wp\/v2\/pages\/743171"}],"wp:attachment":[{"href":"https:\/\/www.capgemini.com\/de-de\/wp-json\/wp\/v2\/media?parent=742146"}],"wp:term":[{"taxonomy":"brand","embeddable":true,"href":"https:\/\/www.capgemini.com\/de-de\/wp-json\/wp\/v2\/brand?post=742146"},{"taxonomy":"partner_type","embeddable":true,"href":"https:\/\/www.capgemini.com\/de-de\/wp-json\/wp\/v2\/partner_type?post=742146"},{"taxonomy":"service","embeddable":true,"href":"https:\/\/www.capgemini.com\/de-de\/wp-json\/wp\/v2\/service?post=742146"},{"taxonomy":"industry","embeddable":true,"href":"https:\/\/www.capgemini.com\/de-de\/wp-json\/wp\/v2\/industry?post=742146"},{"taxonomy":"partners","embeddable":true,"href":"https:\/\/www.capgemini.com\/de-de\/wp-json\/wp\/v2\/partners?post=742146"},{"taxonomy":"page-type","embeddable":true,"href":"https:\/\/www.capgemini.com\/de-de\/wp-json\/wp\/v2\/page-type?post=742146"},{"taxonomy":"content-group","embeddable":true,"href":"https:\/\/www.capgemini.com\/de-de\/wp-json\/wp\/v2\/content-group?post=742146"}],"curies":[{"name":"wp","href":"https:\/\/api.w.org\/{rel}","templated":true}]}}