{"id":742144,"date":"2022-12-13T07:48:55","date_gmt":"2022-12-13T07:48:55","guid":{"rendered":"https:\/\/www.capgemini.com\/?page_id=659339"},"modified":"2025-12-04T06:30:59","modified_gmt":"2025-12-04T06:30:59","slug":"epm-with-microsoft","status":"publish","type":"page","link":"https:\/\/www.capgemini.com\/de-de\/solutions\/epm-with-microsoft\/","title":{"rendered":"EPM mit Microsoft"},"content":{"rendered":"\n<header class=\"wp-block-cg-blocks-hero-reusable header heroReusable  \"><div class=\"header-bgs\"><picture><source srcset=\"https:\/\/www.capgemini.com\/wp-content\/uploads\/2022\/03\/Capgemini_EMP-with-Microsoft-e1647959461929.jpg?w=2880&amp;quality=70 1x, https:\/\/www.capgemini.com\/wp-content\/uploads\/2022\/03\/Capgemini_EMP-with-Microsoft-e1647959461929.jpg?w=2880&amp;quality=70 2x\" media=\"(min-width: 1500px)\"\/><source srcset=\"https:\/\/www.capgemini.com\/wp-content\/uploads\/2022\/03\/Capgemini_EMP-with-Microsoft-e1647959461929.jpg?w=1440&amp;quality=70 1x, https:\/\/www.capgemini.com\/wp-content\/uploads\/2022\/03\/Capgemini_EMP-with-Microsoft-e1647959461929.jpg?w=2880&amp;quality=70 2x\" media=\"(min-width: 992px)\"\/><source srcset=\"https:\/\/www.capgemini.com\/wp-content\/uploads\/2022\/03\/Capgemini_EMP-with-Microsoft-e1647959461929.jpg?w=1024&amp;quality=70 1x, https:\/\/www.capgemini.com\/wp-content\/uploads\/2022\/03\/Capgemini_EMP-with-Microsoft-e1647959461929.jpg?w=1024&amp;quality=70 2x\" media=\"(min-width: 768px)\"\/><source srcset=\"https:\/\/www.capgemini.com\/wp-content\/uploads\/2022\/03\/Capgemini_EMP-with-Microsoft-e1647959461929.jpg?w=768&amp;quality=70 1x, https:\/\/www.capgemini.com\/wp-content\/uploads\/2022\/03\/Capgemini_EMP-with-Microsoft-e1647959461929.jpg?w=768&amp;quality=70 2x\" media=\"(min-width: 0)\"\/><img decoding=\"async\" src=\"https:\/\/www.capgemini.com\/wp-content\/uploads\/2022\/03\/Capgemini_EMP-with-Microsoft-e1647959461929.jpg\" class=\"header-img header-img-d\" alt=\"\" style=\"object-fit:cover;object-position:50% 67%\" loading=\"eager\"\/><\/picture><\/div><div class=\"heroPictureCardHeaderShape\"><\/div><div class=\"container\"><div class=\"row\"><div class=\"col-md-12\"><div class=\"box\"><div class=\"boxTagWrapper\"><div class=\"tagInfo\"><div><span class=\"box-tag\">Solution<\/span><\/div><\/div><\/div><div class=\"box-title\"><h1 data-maxlength=\"34\">EPM mit Microsoft<\/h1><\/div><div class=\"inner-row-insight download-btn\"><\/div><\/div><\/div><\/div><\/div><\/header>\n\n\n\n<section class=\"wp-block-cg-blocks-intro-para undefined pt48 section section--intro\"><div class=\"intro-para\"><div class=\"container\"><div class=\"row\"><div class=\"col-12 col-md-1\"><nav class=\"article-social\"><ul class=\"social-nav\"><li class=\"ip-order-fb\"><a href=\"https:\/\/www.facebook.com\/sharer\/sharer.php?u=https:\/\/www.capgemini.com\/de-de\/solutions\/epm-with-microsoft\/\" target=\"_blank\" rel=\"noopener noreferrer\" title=\"In neuem Fenster \u00f6ffnen\"><i aria-hidden=\"true\" class=\"icon-fb\"><\/i><span class=\"sr-only\">Facebook<\/span><\/a><\/li><li class=\"ip-order-li\"><a href=\"https:\/\/www.linkedin.com\/sharing\/share-offsite\/?url=https:\/\/www.capgemini.com\/de-de\/solutions\/epm-with-microsoft\/\" target=\"_blank\" rel=\"noopener noreferrer\" title=\"In neuem Fenster \u00f6ffnen\"><i aria-hidden=\"true\" class=\"icon-li\"><\/i><span class=\"sr-only\">Linkedin<\/span><\/a><\/li><\/ul><\/nav><\/div><div class=\"col-12 col-md-11 col-lg-10\"><h2 class=\"intro-para-title\">Capgemini und Microsoft haben eine gemeinsame Initiative &#8211; Enterprise Portfolio Modernization &#8211; entwickelt, die eine Reihe von Services unterst\u00fctzt, die auf Microsoft Azure abgestimmt sind und alles bieten, was Sie f\u00fcr Ihre digitale Transformation ben\u00f6tigen.<\/h2><p class=\"intro-para-content\">Die Verlagerung von Workloads in die Microsoft Cloud ist eine Sache. Aber haben Sie wirklich eine solide Cloud-Strategie? Wir k\u00f6nnen die IT-Infrastruktur bereitstellen, die Sie zur Optimierung Ihrer Cloud-basierten Anwendungen ben\u00f6tigen.<br><br>Wenn Sie sich auf dem Weg zur digitalen Transformation befinden, ist es wichtig, dass Sie Ihren Ausgangspunkt kennen. Unsere industrialisierten Methoden, Tools und Beschleuniger helfen Ihnen bei der effektiven Umstellung auf die Cloud &#8211; so k\u00f6nnen Sie heute Gesch\u00e4ftsvorteile erzielen und eine Grundlage f\u00fcr zuk\u00fcnftiges Wachstum schaffen.<\/p><\/div><\/div><\/div><\/div><\/section>\n\n\n\n<section class=\"wp-block-cg-blocks-how-we-do-it section section--howwedoit block-howwedoit\"><div class=\"container\"><div><div class=\"content-title\"><h2 data-maxlength=\"72\" class=\"expandable-heading-tag\">Was wir tun<\/h2><\/div><p><\/p><\/div><div class=\"section-content\">\n<div class=\"wp-block-cg-blocks-card-howwedoit expanders\"><div class=\"box card-regulated-agreements card-howwedoit\"><div class=\"expander-box filter-box tag-active \"><div class=\"expander-title\" tabindex=\"0\" role=\"button\" aria-pressed=\"false\" aria-expanded=\"false\"><h3 class=\"expander-heading-title\">SAP-Anwendungen auf Microsoft\u00ae Azure\u00ae migrieren<\/h3><\/div><div class=\"expander-content\"><p>Marktf\u00fchrende Unternehmen auf der ganzen Welt f\u00fchren ihre Gesch\u00e4fte mit SAP-Software aus. Dar\u00fcber hinaus nutzen sie Microsoft Azure, um Sicherheit, Skalierbarkeit und Agilit\u00e4t aus der Cloud zu erhalten. Kombinieren Sie das Beste aus beiden Welten mit den Capgemini-Services f\u00fcr die Migration von SAP-Anwendungen in die Microsoft Cloud.<\/p><div class=\"bg-color video-align-right\"><div class=\"container\"><div class=\"row video-align-left\"><div class=\"col-md-12\"><div class=\"video-align-left row box box--4 box--mini\"><div class=\"col-md-3\"><\/div><div class=\"col-md-8 box-img-wrapper\"><div class=\"video-box\"><\/div><\/div><\/div><\/div><\/div><\/div><\/div><div class=\"content-more\"><\/div><\/div><\/div><\/div><\/div>\n\n\n\n<div class=\"wp-block-cg-blocks-card-howwedoit expanders\"><div class=\"box card-regulated-agreements card-howwedoit\"><div class=\"expander-box filter-box tag-active \"><div class=\"expander-title\" tabindex=\"0\" role=\"button\" aria-pressed=\"false\" aria-expanded=\"false\"><h3 class=\"expander-heading-title\">Transformation des Rechenzentrums mit Azure<\/h3><\/div><div class=\"expander-content\"><p>Wir bieten mehr als nur Cloud-Migration. Die einfache Verlagerung Ihrer Anwendungen in die Cloud sch\u00f6pft nicht unbedingt alle M\u00f6glichkeiten der Cloud aus. Wir k\u00f6nnen Ihnen helfen, den zuk\u00fcnftigen Zustand Ihres Rechenzentrums zu definieren und zu erreichen &#8211; mit minimalen Betriebsunterbrechungen und maximalen Vorteilen f\u00fcr Ihr Unternehmen.<\/p><div class=\"bg-color video-align-right\"><div class=\"container\"><div class=\"row video-align-left\"><div class=\"col-md-12\"><div class=\"video-align-left row box box--4 box--mini\"><div class=\"col-md-3\"><\/div><div class=\"col-md-8 box-img-wrapper\"><div class=\"video-box\"><\/div><\/div><\/div><\/div><\/div><\/div><\/div><div class=\"content-more\"><\/div><\/div><\/div><\/div><\/div>\n\n\n\n<div class=\"wp-block-cg-blocks-card-howwedoit expanders\"><div class=\"box card-regulated-agreements card-howwedoit\"><div class=\"expander-box filter-box tag-active \"><div class=\"expander-title\" tabindex=\"0\" role=\"button\" aria-pressed=\"false\" aria-expanded=\"false\"><h3 class=\"expander-heading-title\">Modernisieren und Modernisieren von Legacy-Anwendungen<\/h3><\/div><div class=\"expander-content\"><p>Wir verf\u00fcgen \u00fcber das Wissen, die Erfahrung und die Prozesse, um die meisten Ihrer Anwendungen sicher in die Cloud zu migrieren. Durch die methodische Bewertung Ihrer Software und die Anwendung von Gesch\u00e4ftsanforderungen k\u00f6nnen wir Unterbrechungen minimieren, Kosten senken und die Geschwindigkeit optimieren.<\/p><div class=\"bg-color video-align-right\"><div class=\"container\"><div class=\"row video-align-left\"><div class=\"col-md-12\"><div class=\"video-align-left row box box--4 box--mini\"><div class=\"col-md-3\"><\/div><div class=\"col-md-8 box-img-wrapper\"><div class=\"video-box\"><\/div><\/div><\/div><\/div><\/div><\/div><\/div><div class=\"content-more\"><\/div><\/div><\/div><\/div><\/div>\n\n\n\n<div class=\"wp-block-cg-blocks-card-howwedoit expanders\"><div class=\"box card-regulated-agreements card-howwedoit\"><div class=\"expander-box filter-box tag-active \"><div class=\"expander-title\" tabindex=\"0\" role=\"button\" aria-pressed=\"false\" aria-expanded=\"false\"><h3 class=\"expander-heading-title\">Nutzung von Cloud-nativen Anwendungen<\/h3><\/div><div class=\"expander-content\"><p>Wir unterst\u00fctzen Sie bei der Modernisierung Ihrer gesch\u00e4ftskritischen Anwendungen und beschleunigen Ihren Weg zur Cloud-nativen, agilen Anwendungsentwicklung. Durch die Nutzung von Microservices, die f\u00fcr Microsoft Azure entwickelt wurden, bietet unser Ansatz optimierte API-Integration, Leistung, Flexibilit\u00e4t und Gesch\u00e4ftsgeschwindigkeit.<\/p><div class=\"bg-color video-align-right\"><div class=\"container\"><div class=\"row video-align-left\"><div class=\"col-md-12\"><div class=\"video-align-left row box box--4 box--mini\"><div class=\"col-md-3\"><\/div><div class=\"col-md-8 box-img-wrapper\"><div class=\"video-box\"><\/div><\/div><\/div><\/div><\/div><\/div><\/div><div class=\"content-more\"><\/div><\/div><\/div><\/div><\/div>\n<\/div><\/div><\/section>\n","protected":false},"excerpt":{"rendered":"","protected":false},"author":151,"featured_media":757357,"parent":743171,"menu_order":90,"comment_status":"closed","ping_status":"closed","template":"","meta":{"cg_dt_proposed_to":[],"cg_seo_hreflang_relations":"[{\"uuid\":\"176006b6-2e5e-4706-b4af-3ebf6316f999\",\"blogId\":\"1\",\"domain\":\"www.capgemini.com\",\"sitePath\":\"\/\",\"postLink\":\"https:\/\/www.capgemini.com\/solutions\/epm-with-microsoft\/\",\"postId\":659339,\"isSaved\":true,\"isCrossLink\":true,\"hasCrossLink\":false},{\"uuid\":\"e3be7916-0147-4849-b775-1801c2ea723d\",\"blogId\":\"1\",\"domain\":\"www.capgemini.com\",\"sitePath\":\"\/\",\"postLink\":\"https:\/\/www.capgemini.com\/us-en\/solutions\/epm-with-microsoft\/\",\"postId\":566732,\"isSaved\":true,\"isCrossLink\":true,\"hasCrossLink\":false},{\"uuid\":\"9c58305c-bcca-40a9-8388-d782bb3f9966\",\"blogId\":\"9\",\"domain\":\"www.capgemini.com\",\"sitePath\":\"\/ar-es\/\",\"postLink\":\"https:\/\/www.capgemini.com\/ar-es\/solutions\/epm-con-microsoft\/\",\"postId\":5437,\"isSaved\":true,\"isCrossLink\":true,\"hasCrossLink\":false},{\"uuid\":\"89003903-df59-49d2-a2de-db967f1d56a8\",\"blogId\":\"17\",\"domain\":\"www.capgemini.com\",\"sitePath\":\"\/ca-en\/\",\"postLink\":\"https:\/\/www.capgemini.com\/ca-en\/solutions\/epm-with-microsoft\/\",\"postId\":566732,\"isSaved\":true,\"isCrossLink\":true,\"hasCrossLink\":false},{\"uuid\":\"d5282ed2-8f41-4a6f-9d90-d5a72fc59244\",\"blogId\":\"25\",\"domain\":\"www.capgemini.com\",\"sitePath\":\"\/co-es\/\",\"postLink\":\"https:\/\/www.capgemini.com\/co-es\/solutions\/epm-con-microsoft\/\",\"postId\":5437,\"isSaved\":true,\"isCrossLink\":true,\"hasCrossLink\":false},{\"uuid\":\"2a671049-11a1-452c-832f-07d0387ce1bf\",\"blogId\":\"28\",\"domain\":\"www.capgemini.com\",\"sitePath\":\"\/mx-es\/\",\"postLink\":\"https:\/\/www.capgemini.com\/mx-es\/solutions\/epm-con-microsoft\/\",\"postId\":5437,\"isSaved\":true,\"isCrossLink\":true,\"hasCrossLink\":false},{\"uuid\":\"c62c32c3-790f-4e0f-ab9f-c66d38983356\",\"blogId\":\"10\",\"domain\":\"www.capgemini.com\",\"sitePath\":\"\/au-en\/\",\"postLink\":\"https:\/\/www.capgemini.com\/au-en\/solutions\/epm-with-microsoft\/\",\"postId\":143140,\"isSaved\":true,\"isCrossLink\":true,\"hasCrossLink\":false},{\"uuid\":\"2a30d7e4-7a0a-49ac-9578-fad2931e431f\",\"blogId\":\"18\",\"domain\":\"www.capgemini.com\",\"sitePath\":\"\/in-en\/\",\"postLink\":\"https:\/\/www.capgemini.com\/in-en\/solutions\/epm-with-microsoft\/\",\"postId\":986439,\"isSaved\":true,\"isCrossLink\":true,\"hasCrossLink\":false},{\"uuid\":\"069a673d-8952-4655-9c73-eef5ce4d868c\",\"blogId\":\"14\",\"domain\":\"www.capgemini.com\",\"sitePath\":\"\/be-en\/\",\"postLink\":\"https:\/\/www.capgemini.com\/be-en\/solutions\/epm-with-microsoft\/\",\"postId\":659339,\"isSaved\":true,\"isCrossLink\":true,\"hasCrossLink\":false},{\"uuid\":\"1eee03ef-3373-4bd7-8484-176733017822\",\"blogId\":\"7\",\"domain\":\"www.capgemini.com\",\"sitePath\":\"\/dk-en\/\",\"postLink\":\"https:\/\/www.capgemini.com\/dk-en\/solutions\/epm-with-microsoft\/\",\"postId\":659339,\"isSaved\":true,\"isCrossLink\":true,\"hasCrossLink\":false},{\"uuid\":\"2a5584e9-6a0b-42f8-a438-15191f773591\",\"blogId\":\"26\",\"domain\":\"www.capgemini.com\",\"sitePath\":\"\/fi-en\/\",\"postLink\":\"https:\/\/www.capgemini.com\/fi-en\/solutions\/epm-with-microsoft\/\",\"postId\":501730,\"isSaved\":true,\"isCrossLink\":true,\"hasCrossLink\":false},{\"uuid\":\"e3ad81d0-24f0-46cf-a3d6-6698806a732b\",\"blogId\":\"8\",\"domain\":\"www.capgemini.com\",\"sitePath\":\"\/de-de\/\",\"postLink\":\"https:\/\/www.capgemini.com\/de-de\/solutions\/epm-with-microsoft\/\",\"postId\":742144,\"isSaved\":true,\"isCrossLink\":true,\"hasCrossLink\":false},{\"uuid\":\"f0b522d6-fde2-4dc2-913d-a25f08272a3a\",\"blogId\":\"19\",\"domain\":\"www.capgemini.com\",\"sitePath\":\"\/nl-nl\/\",\"postLink\":\"https:\/\/www.capgemini.com\/nl-nl\/oplossingen\/epm-met-microsoft\/\",\"postId\":659339,\"isSaved\":true,\"isCrossLink\":true,\"hasCrossLink\":false},{\"uuid\":\"b59c35e6-f9a5-48b3-a105-9f443c69d67b\",\"blogId\":\"23\",\"domain\":\"www.capgemini.com\",\"sitePath\":\"\/no-no\/\",\"postLink\":\"https:\/\/www.capgemini.com\/no-no\/solutions\/epm-with-microsoft\/\",\"postId\":659339,\"isSaved\":true,\"isCrossLink\":true,\"hasCrossLink\":false},{\"uuid\":\"8a95d36a-a932-4ebe-9203-933b7b94acd4\",\"blogId\":\"42\",\"domain\":\"www.capgemini.com\",\"sitePath\":\"\/pt-en\/\",\"postLink\":\"https:\/\/www.capgemini.com\/pt-en\/solutions\/epm-with-microsoft\/\",\"postId\":501730,\"isSaved\":true,\"isCrossLink\":true,\"hasCrossLink\":false},{\"uuid\":\"c213c089-07fd-4d05-aa14-804e54451ebb\",\"blogId\":\"16\",\"domain\":\"www.capgemini.com\",\"sitePath\":\"\/es-es\/\",\"postLink\":\"https:\/\/www.capgemini.com\/es-es\/soluciones\/epm-con-microsoft\/\",\"postId\":5437,\"isSaved\":true,\"isCrossLink\":true,\"hasCrossLink\":false},{\"uuid\":\"feb55a78-ed3b-4283-995e-b324d23d7903\",\"blogId\":\"20\",\"domain\":\"www.capgemini.com\",\"sitePath\":\"\/se-en\/\",\"postLink\":\"https:\/\/www.capgemini.com\/se-en\/epm-with-microsoft\/\",\"postId\":143140,\"isSaved\":true,\"isCrossLink\":true,\"hasCrossLink\":false}]","cg_seo_canonical_relation":"","cg_seo_hreflang_x_default_relation":"{\"uuid\":\"e43af877-a115-4504-b841-8d43766b307e\",\"blogId\":\"\",\"domain\":\"\",\"sitePath\":\"\",\"postLink\":\"\",\"postId\":null,\"isSaved\":true,\"isCrossLink\":false,\"hasCrossLink\":false}","cg_dt_approved_content":true,"cg_dt_mandatory_content":false,"cg_dt_notes":"","cg_dg_source_changed":false,"cg_dt_link_disabled":false,"_yoast_wpseo_primary_brand":"","footnotes":"","featured_focal_points":"","partner_card_description":"","gsap_animation":0},"brand":[],"partner_type":[],"service":[],"industry":[],"partners":[132],"page-type":[287],"content-group":[],"class_list":["post-742144","page","type-page","status-publish","has-post-thumbnail","hentry","partners-microsoft","page-type-solutions"],"yoast_head":"<!-- This site is optimized with the Yoast SEO Premium plugin v22.8 (Yoast SEO v22.8) - https:\/\/yoast.com\/wordpress\/plugins\/seo\/ -->\n<title>EPM mit Microsoft - Capgemini<\/title>\n<meta name=\"robots\" content=\"index, follow, max-snippet:-1, max-image-preview:large, max-video-preview:-1\" \/>\n<link rel=\"canonical\" href=\"https:\/\/www.capgemini.com\/de-de\/solutions\/epm-with-microsoft\/\" \/>\n<meta property=\"og:locale\" content=\"de_DE\" \/>\n<meta property=\"og:type\" content=\"article\" \/>\n<meta property=\"og:title\" content=\"EPM mit Microsoft - Capgemini\" \/>\n<meta property=\"og:url\" content=\"https:\/\/www.capgemini.com\/de-de\/solutions\/epm-with-microsoft\/\" \/>\n<meta property=\"og:site_name\" content=\"Capgemini\" \/>\n<meta property=\"article:modified_time\" content=\"2025-12-04T06:30:59+00:00\" \/>\n<meta property=\"og:image\" content=\"https:\/\/www.capgemini.com\/de-de\/wp-content\/uploads\/sites\/8\/2022\/07\/Capgemini_EMP-with-Microsoft-e1647959461929.jpg\" \/>\n\t<meta property=\"og:image:width\" content=\"2880\" \/>\n\t<meta property=\"og:image:height\" content=\"1800\" \/>\n\t<meta property=\"og:image:type\" content=\"image\/jpeg\" \/>\n<meta name=\"twitter:card\" content=\"summary_large_image\" \/>\n<meta name=\"twitter:label1\" content=\"Est. reading time\" \/>\n\t<meta name=\"twitter:data1\" content=\"3 minutes\" \/>\n<script type=\"application\/ld+json\" class=\"yoast-schema-graph\">{\"@context\":\"https:\/\/schema.org\",\"@graph\":[{\"@type\":\"WebPage\",\"@id\":\"https:\/\/www.capgemini.com\/de-de\/solutions\/epm-with-microsoft\/\",\"url\":\"https:\/\/www.capgemini.com\/de-de\/solutions\/epm-with-microsoft\/\",\"name\":\"EPM mit Microsoft - Capgemini\",\"isPartOf\":{\"@id\":\"https:\/\/www.capgemini.com\/de-de\/#website\"},\"primaryImageOfPage\":{\"@id\":\"https:\/\/www.capgemini.com\/de-de\/solutions\/epm-with-microsoft\/#primaryimage\"},\"image\":{\"@id\":\"https:\/\/www.capgemini.com\/de-de\/solutions\/epm-with-microsoft\/#primaryimage\"},\"thumbnailUrl\":\"https:\/\/www.capgemini.com\/de-de\/wp-content\/uploads\/sites\/8\/2022\/07\/Capgemini_EMP-with-Microsoft-e1647959461929.jpg\",\"datePublished\":\"2022-12-13T07:48:55+00:00\",\"dateModified\":\"2025-12-04T06:30:59+00:00\",\"breadcrumb\":{\"@id\":\"https:\/\/www.capgemini.com\/de-de\/solutions\/epm-with-microsoft\/#breadcrumb\"},\"inLanguage\":\"de-DE\",\"potentialAction\":[{\"@type\":\"ReadAction\",\"target\":[\"https:\/\/www.capgemini.com\/de-de\/solutions\/epm-with-microsoft\/\"]}]},{\"@type\":\"ImageObject\",\"inLanguage\":\"de-DE\",\"@id\":\"https:\/\/www.capgemini.com\/de-de\/solutions\/epm-with-microsoft\/#primaryimage\",\"url\":\"https:\/\/www.capgemini.com\/de-de\/wp-content\/uploads\/sites\/8\/2022\/07\/Capgemini_EMP-with-Microsoft-e1647959461929.jpg\",\"contentUrl\":\"https:\/\/www.capgemini.com\/de-de\/wp-content\/uploads\/sites\/8\/2022\/07\/Capgemini_EMP-with-Microsoft-e1647959461929.jpg\",\"width\":2880,\"height\":1800},{\"@type\":\"BreadcrumbList\",\"@id\":\"https:\/\/www.capgemini.com\/de-de\/solutions\/epm-with-microsoft\/#breadcrumb\",\"itemListElement\":[{\"@type\":\"ListItem\",\"position\":1,\"name\":\"Solutions\",\"item\":\"https:\/\/www.capgemini.com\/de-de\/solutions\/\"},{\"@type\":\"ListItem\",\"position\":2,\"name\":\"EPM mit Microsoft\"}]},{\"@type\":\"WebSite\",\"@id\":\"https:\/\/www.capgemini.com\/de-de\/#website\",\"url\":\"https:\/\/www.capgemini.com\/de-de\/\",\"name\":\"Capgemini Deutschland\",\"description\":\"Make it real\",\"potentialAction\":[{\"@type\":\"SearchAction\",\"target\":{\"@type\":\"EntryPoint\",\"urlTemplate\":\"https:\/\/www.capgemini.com\/de-de\/?s={search_term_string}\"},\"query-input\":\"required name=search_term_string\"}],\"inLanguage\":\"de-DE\"}]}<\/script>\n<!-- \/ Yoast SEO Premium plugin. -->","yoast_head_json":{"title":"EPM mit Microsoft - Capgemini","robots":{"index":"index","follow":"follow","max-snippet":"max-snippet:-1","max-image-preview":"max-image-preview:large","max-video-preview":"max-video-preview:-1"},"canonical":"https:\/\/www.capgemini.com\/de-de\/solutions\/epm-with-microsoft\/","og_locale":"de_DE","og_type":"article","og_title":"EPM mit Microsoft - Capgemini","og_url":"https:\/\/www.capgemini.com\/de-de\/solutions\/epm-with-microsoft\/","og_site_name":"Capgemini","article_modified_time":"2025-12-04T06:30:59+00:00","og_image":[{"width":2880,"height":1800,"url":"https:\/\/www.capgemini.com\/de-de\/wp-content\/uploads\/sites\/8\/2022\/07\/Capgemini_EMP-with-Microsoft-e1647959461929.jpg","type":"image\/jpeg"}],"twitter_card":"summary_large_image","twitter_misc":{"Est. reading time":"3 minutes"},"schema":{"@context":"https:\/\/schema.org","@graph":[{"@type":"WebPage","@id":"https:\/\/www.capgemini.com\/de-de\/solutions\/epm-with-microsoft\/","url":"https:\/\/www.capgemini.com\/de-de\/solutions\/epm-with-microsoft\/","name":"EPM mit Microsoft - Capgemini","isPartOf":{"@id":"https:\/\/www.capgemini.com\/de-de\/#website"},"primaryImageOfPage":{"@id":"https:\/\/www.capgemini.com\/de-de\/solutions\/epm-with-microsoft\/#primaryimage"},"image":{"@id":"https:\/\/www.capgemini.com\/de-de\/solutions\/epm-with-microsoft\/#primaryimage"},"thumbnailUrl":"https:\/\/www.capgemini.com\/de-de\/wp-content\/uploads\/sites\/8\/2022\/07\/Capgemini_EMP-with-Microsoft-e1647959461929.jpg","datePublished":"2022-12-13T07:48:55+00:00","dateModified":"2025-12-04T06:30:59+00:00","breadcrumb":{"@id":"https:\/\/www.capgemini.com\/de-de\/solutions\/epm-with-microsoft\/#breadcrumb"},"inLanguage":"de-DE","potentialAction":[{"@type":"ReadAction","target":["https:\/\/www.capgemini.com\/de-de\/solutions\/epm-with-microsoft\/"]}]},{"@type":"ImageObject","inLanguage":"de-DE","@id":"https:\/\/www.capgemini.com\/de-de\/solutions\/epm-with-microsoft\/#primaryimage","url":"https:\/\/www.capgemini.com\/de-de\/wp-content\/uploads\/sites\/8\/2022\/07\/Capgemini_EMP-with-Microsoft-e1647959461929.jpg","contentUrl":"https:\/\/www.capgemini.com\/de-de\/wp-content\/uploads\/sites\/8\/2022\/07\/Capgemini_EMP-with-Microsoft-e1647959461929.jpg","width":2880,"height":1800},{"@type":"BreadcrumbList","@id":"https:\/\/www.capgemini.com\/de-de\/solutions\/epm-with-microsoft\/#breadcrumb","itemListElement":[{"@type":"ListItem","position":1,"name":"Solutions","item":"https:\/\/www.capgemini.com\/de-de\/solutions\/"},{"@type":"ListItem","position":2,"name":"EPM mit Microsoft"}]},{"@type":"WebSite","@id":"https:\/\/www.capgemini.com\/de-de\/#website","url":"https:\/\/www.capgemini.com\/de-de\/","name":"Capgemini Deutschland","description":"Make it real","potentialAction":[{"@type":"SearchAction","target":{"@type":"EntryPoint","urlTemplate":"https:\/\/www.capgemini.com\/de-de\/?s={search_term_string}"},"query-input":"required name=search_term_string"}],"inLanguage":"de-DE"}]}},"brand_term":[],"parsely":{"version":"1.1.0","canonical_url":"https:\/\/capgemini.com\/de-de\/solutions\/epm-with-microsoft\/","smart_links":{"inbound":0,"outbound":0},"traffic_boost_suggestions_count":0,"meta":{"@context":"https:\/\/schema.org","@type":"WebPage","headline":"EPM mit Microsoft","url":"http:\/\/www.capgemini.com\/de-de\/solutions\/epm-with-microsoft\/","mainEntityOfPage":{"@type":"WebPage","@id":"http:\/\/www.capgemini.com\/de-de\/solutions\/epm-with-microsoft\/"},"thumbnailUrl":"https:\/\/www.capgemini.com\/de-de\/wp-content\/uploads\/sites\/8\/2022\/07\/Capgemini_EMP-with-Microsoft-e1647959461929.jpg?w=150&h=150&crop=1","image":{"@type":"ImageObject","url":"https:\/\/www.capgemini.com\/de-de\/wp-content\/uploads\/sites\/8\/2022\/07\/Capgemini_EMP-with-Microsoft-e1647959461929.jpg"},"articleSection":"Uncategorized","author":[],"creator":[],"publisher":{"@type":"Organization","name":"Capgemini","logo":""},"keywords":[],"dateCreated":"2022-12-13T07:48:55Z","datePublished":"2022-12-13T07:48:55Z","dateModified":"2025-12-04T06:30:59Z"},"rendered":"<script type=\"application\/ld+json\" class=\"wp-parsely-metadata\">{\"@context\":\"https:\\\/\\\/schema.org\",\"@type\":\"WebPage\",\"headline\":\"EPM mit Microsoft\",\"url\":\"http:\\\/\\\/www.capgemini.com\\\/de-de\\\/solutions\\\/epm-with-microsoft\\\/\",\"mainEntityOfPage\":{\"@type\":\"WebPage\",\"@id\":\"http:\\\/\\\/www.capgemini.com\\\/de-de\\\/solutions\\\/epm-with-microsoft\\\/\"},\"thumbnailUrl\":\"https:\\\/\\\/www.capgemini.com\\\/de-de\\\/wp-content\\\/uploads\\\/sites\\\/8\\\/2022\\\/07\\\/Capgemini_EMP-with-Microsoft-e1647959461929.jpg?w=150&h=150&crop=1\",\"image\":{\"@type\":\"ImageObject\",\"url\":\"https:\\\/\\\/www.capgemini.com\\\/de-de\\\/wp-content\\\/uploads\\\/sites\\\/8\\\/2022\\\/07\\\/Capgemini_EMP-with-Microsoft-e1647959461929.jpg\"},\"articleSection\":\"Uncategorized\",\"author\":[],\"creator\":[],\"publisher\":{\"@type\":\"Organization\",\"name\":\"Capgemini\",\"logo\":\"\"},\"keywords\":[],\"dateCreated\":\"2022-12-13T07:48:55Z\",\"datePublished\":\"2022-12-13T07:48:55Z\",\"dateModified\":\"2025-12-04T06:30:59Z\"}<\/script>","tracker_url":"https:\/\/cdn.parsely.com\/keys\/capgemini.com\/p.js"},"archive_status":false,"featured_image_src":"https:\/\/www.capgemini.com\/de-de\/wp-content\/uploads\/sites\/8\/2022\/07\/Capgemini_EMP-with-Microsoft-e1647959461929.jpg","featured_image_alt":"","jetpack_sharing_enabled":true,"distributor_meta":false,"distributor_terms":false,"distributor_media":false,"distributor_original_site_name":"Capgemini","distributor_original_site_url":"https:\/\/www.capgemini.com\/de-de","push-errors":false,"_links":{"self":[{"href":"https:\/\/www.capgemini.com\/de-de\/wp-json\/wp\/v2\/pages\/742144","targetHints":{"allow":["GET"]}}],"collection":[{"href":"https:\/\/www.capgemini.com\/de-de\/wp-json\/wp\/v2\/pages"}],"about":[{"href":"https:\/\/www.capgemini.com\/de-de\/wp-json\/wp\/v2\/types\/page"}],"author":[{"embeddable":true,"href":"https:\/\/www.capgemini.com\/de-de\/wp-json\/wp\/v2\/users\/151"}],"replies":[{"embeddable":true,"href":"https:\/\/www.capgemini.com\/de-de\/wp-json\/wp\/v2\/comments?post=742144"}],"version-history":[{"count":18,"href":"https:\/\/www.capgemini.com\/de-de\/wp-json\/wp\/v2\/pages\/742144\/revisions"}],"predecessor-version":[{"id":889592,"href":"https:\/\/www.capgemini.com\/de-de\/wp-json\/wp\/v2\/pages\/742144\/revisions\/889592"}],"up":[{"embeddable":true,"href":"https:\/\/www.capgemini.com\/de-de\/wp-json\/wp\/v2\/pages\/743171"}],"wp:featuredmedia":[{"embeddable":true,"href":"https:\/\/www.capgemini.com\/de-de\/wp-json\/wp\/v2\/media\/757357"}],"wp:attachment":[{"href":"https:\/\/www.capgemini.com\/de-de\/wp-json\/wp\/v2\/media?parent=742144"}],"wp:term":[{"taxonomy":"brand","embeddable":true,"href":"https:\/\/www.capgemini.com\/de-de\/wp-json\/wp\/v2\/brand?post=742144"},{"taxonomy":"partner_type","embeddable":true,"href":"https:\/\/www.capgemini.com\/de-de\/wp-json\/wp\/v2\/partner_type?post=742144"},{"taxonomy":"service","embeddable":true,"href":"https:\/\/www.capgemini.com\/de-de\/wp-json\/wp\/v2\/service?post=742144"},{"taxonomy":"industry","embeddable":true,"href":"https:\/\/www.capgemini.com\/de-de\/wp-json\/wp\/v2\/industry?post=742144"},{"taxonomy":"partners","embeddable":true,"href":"https:\/\/www.capgemini.com\/de-de\/wp-json\/wp\/v2\/partners?post=742144"},{"taxonomy":"page-type","embeddable":true,"href":"https:\/\/www.capgemini.com\/de-de\/wp-json\/wp\/v2\/page-type?post=742144"},{"taxonomy":"content-group","embeddable":true,"href":"https:\/\/www.capgemini.com\/de-de\/wp-json\/wp\/v2\/content-group?post=742144"}],"curies":[{"name":"wp","href":"https:\/\/api.w.org\/{rel}","templated":true}]}}