{"id":742036,"date":"2022-12-08T10:04:09","date_gmt":"2022-12-08T10:04:09","guid":{"rendered":"https:\/\/www.capgemini.com\/?page_id=663528"},"modified":"2025-03-05T04:38:20","modified_gmt":"2025-03-05T04:38:20","slug":"della-with-dassault-systemes","status":"publish","type":"page","link":"https:\/\/www.capgemini.com\/de-de\/solutions\/intelligent-industry-dassault-systemes\/","title":{"rendered":"Intelligent Industry mit Dassault Syst\u00e8mes"},"content":{"rendered":"\n<header class=\"wp-block-cg-blocks-hero-reusable is-style-blue-line header heroReusable  \"><div class=\"header-bgs\"><picture><source srcset=\"https:\/\/www.capgemini.com\/wp-content\/uploads\/2022\/03\/Capgemini_Intelligent-Industry-with-Dassault-Systemes.jpg?w=2880&amp;quality=70 1x, https:\/\/www.capgemini.com\/wp-content\/uploads\/2022\/03\/Capgemini_Intelligent-Industry-with-Dassault-Systemes.jpg?w=2880&amp;quality=70 2x\" media=\"(min-width: 1500px)\"\/><source srcset=\"https:\/\/www.capgemini.com\/wp-content\/uploads\/2022\/03\/Capgemini_Intelligent-Industry-with-Dassault-Systemes.jpg?w=1440&amp;quality=70 1x, https:\/\/www.capgemini.com\/wp-content\/uploads\/2022\/03\/Capgemini_Intelligent-Industry-with-Dassault-Systemes.jpg?w=2880&amp;quality=70 2x\" media=\"(min-width: 992px)\"\/><source srcset=\"https:\/\/www.capgemini.com\/wp-content\/uploads\/2022\/03\/Capgemini_Intelligent-Industry-with-Dassault-Systemes.jpg?w=1024&amp;quality=70 1x, https:\/\/www.capgemini.com\/wp-content\/uploads\/2022\/03\/Capgemini_Intelligent-Industry-with-Dassault-Systemes.jpg?w=1024&amp;quality=70 2x\" media=\"(min-width: 768px)\"\/><source srcset=\"https:\/\/www.capgemini.com\/wp-content\/uploads\/2022\/03\/Capgemini_Intelligent-Industry-with-Dassault-Systemes.jpg?w=768&amp;quality=70 1x, https:\/\/www.capgemini.com\/wp-content\/uploads\/2022\/03\/Capgemini_Intelligent-Industry-with-Dassault-Systemes.jpg?w=768&amp;quality=70 2x\" media=\"(min-width: 0)\"\/><img decoding=\"async\" src=\"https:\/\/www.capgemini.com\/wp-content\/uploads\/2022\/03\/Capgemini_Intelligent-Industry-with-Dassault-Systemes.jpg\" class=\"header-img header-img-d\" alt=\"\" style=\"object-fit:cover;object-position:52% 34%\" loading=\"eager\"\/><\/picture><\/div><div class=\"heroPictureCardHeaderShape\"><\/div><div class=\"container\"><div class=\"row\"><div class=\"col-md-12\"><div class=\"box\"><div class=\"boxTagWrapper\"><div class=\"tagInfo\"><div><span class=\"box-tag\">Solution<\/span><\/div><\/div><\/div><div class=\"box-title\"><h1 data-maxlength=\"34\">Intelligent Industry mit Dassault Syst\u00e8mes<\/h1><\/div><div class=\"inner-row-insight download-btn\"><\/div><\/div><\/div><\/div><\/div><\/header>\n\n\n\n<section class=\"wp-block-cg-blocks-intro-para undefined section section--intro is-style-default\"><div class=\"intro-para\"><div class=\"container\"><div class=\"row\"><div class=\"col-12 col-md-1\"><nav class=\"article-social\"><ul class=\"social-nav\"><li class=\"ip-order-fb\"><a href=\"https:\/\/www.facebook.com\/sharer\/sharer.php?u=https:\/\/www.capgemini.com\/de-de\/solutions\/intelligent-industry-dassault-systemes\/\" target=\"_blank\" rel=\"noopener noreferrer\" title=\"In neuem Fenster \u00f6ffnen\"><i aria-hidden=\"true\" class=\"icon-fb\"><\/i><span class=\"sr-only\">Facebook<\/span><\/a><\/li><li class=\"ip-order-li\"><a href=\"https:\/\/www.linkedin.com\/sharing\/share-offsite\/?url=https:\/\/www.capgemini.com\/de-de\/solutions\/intelligent-industry-dassault-systemes\/\" target=\"_blank\" rel=\"noopener noreferrer\" title=\"In neuem Fenster \u00f6ffnen\"><i aria-hidden=\"true\" class=\"icon-li\"><\/i><span class=\"sr-only\">Linkedin<\/span><\/a><\/li><\/ul><\/nav><\/div><div class=\"col-12 col-md-11 col-lg-10\"><h2 class=\"intro-para-title\">Capgemini und Dassault Syst\u00e8mes. Geben Sie der digitalen Transformation einen Sinn. Verleihen Sie Ihrem Unternehmen Einblick und Flexibilit\u00e4t. Und schaffen Sie Mehrwert f\u00fcr Ihre Kunden.\u00a0<\/h2><p class=\"intro-para-content\">Gemeinsam mit Dassault Syst\u00e8mes unterst\u00fctzen wir unsere Kunden dabei, anspruchsvollere und innovativere Produkte zu entwickeln, mit einer neuen Effizienz zu produzieren und schneller als bisher auf den Markt zu bringen.\u00a0Unzusammenh\u00e4ngende Altsysteme geh\u00f6ren der Vergangenheit an. Stattdessen nutzen Sie Daten aus dem gesamten Unternehmen, gewinnen daraus Erkenntnisse &#8211; und handeln danach.<br><br>Im Jahr 2021 vertiefte sich unsere Beziehung mit der Ver\u00f6ffentlichung weiterer gemeinsamer L\u00f6sungen, die Sie unten finden.<br><br><\/p><\/div><\/div><\/div><\/div><\/section>\n\n\n\n<section class=\"wp-block-cg-blocks-how-we-do-it section section--howwedoit block-howwedoit\"><div class=\"container\"><div><div class=\"content-title\"><h2 data-maxlength=\"72\" class=\"expandable-heading-tag\">Unser Angebot<\/h2><\/div><p><\/p><\/div><div class=\"section-content\">\n<div class=\"wp-block-cg-blocks-card-howwedoit expanders\"><div class=\"box card-regulated-agreements card-howwedoit\"><div class=\"expander-box filter-box tag-active \"><div class=\"expander-title\" tabindex=\"0\" role=\"button\" aria-pressed=\"false\" aria-expanded=\"false\"><h4>Advanced analytics (ADA)<\/h4><\/div><div class=\"expander-content\"><p>ADA hilft, den Wert von Daten \u00fcber den gesamten Lebenszyklus hinweg zu maximieren. Erweiterte Analysen, die mit KI und ML integriert sind, helfen dabei, Entwicklungskapazit\u00e4ten f\u00fcr Innovationen freizusetzen, Make- vs. Buy-Entscheidungen zu verbessern, Echtzeit-Einsichten zu gewinnen, die Vorhersagbarkeit zu erh\u00f6hen und die Agilit\u00e4t zu verbessern.<\/p><div class=\"bg-color video-align-right\"><div class=\"container\"><div class=\"row video-align-left\"><div class=\"col-md-12\"><div class=\"video-align-left row box box--4 box--mini\"><div class=\"col-md-3\"><\/div><div class=\"col-md-8 box-img-wrapper\"><div class=\"video-box\"><\/div><\/div><\/div><\/div><\/div><\/div><\/div><div class=\"content-more\"><a class=\"more2\" aria-label=\"Brosch\u00fcre herunterladen link\" href=\"https:\/\/www.capgemini.com\/wp-content\/uploads\/2022\/01\/Advanced-Analytics-brochure-July-2021.pdf\" target=\"_blank\" title=\"In neuem Fenster \u00f6ffnen\" rel=\"noopener noreferrer\">Brosch\u00fcre herunterladen<\/a><\/div><\/div><\/div><\/div><\/div>\n\n\n\n<div class=\"wp-block-cg-blocks-card-howwedoit expanders\"><div class=\"box card-regulated-agreements card-howwedoit\"><div class=\"expander-box filter-box tag-active \"><div class=\"expander-title\" tabindex=\"0\" role=\"button\" aria-pressed=\"false\" aria-expanded=\"false\"><h4>Advanced planning and scheduling\u00a0(APS)<\/h4><\/div><div class=\"expander-content\"><p>APS stattet seine Kunden mit einer Reihe von Werkzeugen aus, um komplexe logistische und personelle Herausforderungen zu meistern und sicherzustellen, dass sie die richtigen Ressourcen in der richtigen Menge zur richtigen Zeit zur Verf\u00fcgung haben.<\/p><div class=\"bg-color video-align-right\"><div class=\"container\"><div class=\"row video-align-left\"><div class=\"col-md-12\"><div class=\"video-align-left row box box--4 box--mini\"><div class=\"col-md-3\"><\/div><div class=\"col-md-8 box-img-wrapper\"><div class=\"video-box\"><\/div><\/div><\/div><\/div><\/div><\/div><\/div><div class=\"content-more\"><a class=\"more2\" aria-label=\"Brosch\u00fcre herunterladen link\" href=\"https:\/\/www.capgemini.com\/wp-content\/uploads\/2022\/01\/Advanced-Planning-and-Scheduling-brochure-July-2021.pdf\" target=\"_blank\" title=\"In neuem Fenster \u00f6ffnen\" rel=\"noopener noreferrer\">Brosch\u00fcre herunterladen<\/a><\/div><\/div><\/div><\/div><\/div>\n\n\n\n<div class=\"wp-block-cg-blocks-card-howwedoit expanders\"><div class=\"box card-regulated-agreements card-howwedoit\"><div class=\"expander-box filter-box tag-active \"><div class=\"expander-title\" tabindex=\"0\" role=\"button\" aria-pressed=\"false\" aria-expanded=\"false\"><h4>Digital engineering lifecycle management\u00a0(DELM)<\/h4><\/div><div class=\"expander-content\"><p>DELM sorgt f\u00fcr eine durchg\u00e4ngige digitale Kontinuit\u00e4t, indem es ganzheitliche Simulations- und digitale Zwillingstechnologien einsetzt und so einen digitalen Zusammenhang schafft, der Entwicklung, Fertigung, Planung und Dienstleistungen nahtlos miteinander verbindet.<\/p><div class=\"bg-color video-align-right\"><div class=\"container\"><div class=\"row video-align-left\"><div class=\"col-md-12\"><div class=\"video-align-left row box box--4 box--mini\"><div class=\"col-md-3\"><\/div><div class=\"col-md-8 box-img-wrapper\"><div class=\"video-box\"><\/div><\/div><\/div><\/div><\/div><\/div><\/div><div class=\"content-more\"><a class=\"more2\" aria-label=\"Brosch\u00fcre herunterladen link\" href=\"https:\/\/www.capgemini.com\/wp-content\/uploads\/2022\/01\/Digital-Engineering-Lifecycle-Management-brochure-July-2021.pdf\" target=\"_blank\" title=\"In neuem Fenster \u00f6ffnen\" rel=\"noopener noreferrer\">Brosch\u00fcre herunterladen<\/a><\/div><\/div><\/div><\/div><\/div>\n\n\n\n<div class=\"wp-block-cg-blocks-card-howwedoit expanders\"><div class=\"box card-regulated-agreements card-howwedoit\"><div class=\"expander-box filter-box tag-active \"><div class=\"expander-title\" tabindex=\"0\" role=\"button\" aria-pressed=\"false\" aria-expanded=\"false\"><h4>Manufacturing operations management\u00a0(MOM)<\/h4><\/div><div class=\"expander-content\"><p>MOM verbindet, \u00fcberwacht und steuert anspruchsvolle Fertigungssysteme und schl\u00e4gt die Br\u00fccke zwischen der physischen Produktion und dem breiteren digitalen \u00d6kosystem.<\/p><div class=\"bg-color video-align-right\"><div class=\"container\"><div class=\"row video-align-left\"><div class=\"col-md-12\"><div class=\"video-align-left row box box--4 box--mini\"><div class=\"col-md-3\"><\/div><div class=\"col-md-8 box-img-wrapper\"><div class=\"video-box\"><\/div><\/div><\/div><\/div><\/div><\/div><\/div><div class=\"content-more\"><a class=\"more2\" aria-label=\"Brosch\u00fcre herunterladen link\" href=\"https:\/\/www.capgemini.com\/wp-content\/uploads\/2022\/01\/Manufacturing-Operations-Management-brochure-July-2021.pdf\" target=\"_blank\" title=\"In neuem Fenster \u00f6ffnen\" rel=\"noopener noreferrer\">Brosch\u00fcre herunterladen<\/a><\/div><\/div><\/div><\/div><\/div>\n\n\n\n<div class=\"wp-block-cg-blocks-card-howwedoit expanders\"><div class=\"box card-regulated-agreements card-howwedoit\"><div class=\"expander-box filter-box tag-active \"><div class=\"expander-title\" tabindex=\"0\" role=\"button\" aria-pressed=\"false\" aria-expanded=\"false\"><h4>Model based systems engineering\u00a0(MBSE)<\/h4><\/div><div class=\"expander-content\"><p>MBSE bietet moderne Modellierungsmethoden, die Ihren Entwicklungsteams helfen, besser zusammenzuarbeiten und die Systemkomplexit\u00e4t \u00fcber den gesamten Lebenszyklus hinweg zu bew\u00e4ltigen &#8211; vom konzeptionellen Entwurf bis zum Ende der Nutzungsdauer.<\/p><div class=\"bg-color video-align-right\"><div class=\"container\"><div class=\"row video-align-left\"><div class=\"col-md-12\"><div class=\"video-align-left row box box--4 box--mini\"><div class=\"col-md-3\"><\/div><div class=\"col-md-8 box-img-wrapper\"><div class=\"video-box\"><\/div><\/div><\/div><\/div><\/div><\/div><\/div><div class=\"content-more\"><a class=\"more2\" aria-label=\"Brosch\u00fcre herunterladen link\" href=\"https:\/\/www.capgemini.com\/wp-content\/uploads\/2022\/01\/Model-Based-Systems-Engineering-brochure-July-2021.pdf\" target=\"_blank\" title=\"In neuem Fenster \u00f6ffnen\" rel=\"noopener noreferrer\">Brosch\u00fcre herunterladen<\/a><\/div><\/div><\/div><\/div><\/div>\n<\/div><\/div><\/section>\n\n\n\n<p><\/p>\n","protected":false},"excerpt":{"rendered":"","protected":false},"author":151,"featured_media":757252,"parent":743171,"menu_order":0,"comment_status":"closed","ping_status":"closed","template":"","meta":{"cg_dt_proposed_to":[],"cg_seo_hreflang_relations":"[]","cg_seo_canonical_relation":"{\"uuid\":\"94bf6c45-fb18-4f58-9a9e-b658cb5816bc\",\"blogId\":\"\",\"domain\":\"\",\"sitePath\":\"\",\"postLink\":\"\",\"postId\":null,\"isSaved\":true,\"isCrossLink\":false,\"hasCrossLink\":false}","cg_seo_hreflang_x_default_relation":"{\"uuid\":\"4571e45d-12f4-4447-bd49-1b4607cc5fdb\",\"blogId\":\"\",\"domain\":\"\",\"sitePath\":\"\",\"postLink\":\"\",\"postId\":null,\"isSaved\":true,\"isCrossLink\":false,\"hasCrossLink\":false}","cg_dt_approved_content":true,"cg_dt_mandatory_content":false,"cg_dt_notes":"","cg_dg_source_changed":false,"cg_dt_link_disabled":false,"_yoast_wpseo_primary_brand":"","footnotes":"","featured_focal_points":"","partner_card_description":"","gsap_animation":0},"brand":[],"partner_type":[],"service":[],"industry":[],"partners":[245,127],"page-type":[],"content-group":[],"class_list":["post-742036","page","type-page","status-publish","has-post-thumbnail","hentry","partners-dassault-systemes","partners-dassault-systems"],"yoast_head":"<!-- This site is optimized with the Yoast SEO Premium plugin v22.8 (Yoast SEO v22.8) - https:\/\/yoast.com\/wordpress\/plugins\/seo\/ -->\n<title>Intelligent Industry mit Dassault Syst\u00e8mes - Capgemini<\/title>\n<meta name=\"robots\" content=\"index, follow, max-snippet:-1, max-image-preview:large, max-video-preview:-1\" \/>\n<link rel=\"canonical\" href=\"https:\/\/www.capgemini.com\/de-de\/solutions\/intelligent-industry-dassault-systemes\/\" \/>\n<meta property=\"og:locale\" content=\"de_DE\" \/>\n<meta property=\"og:type\" content=\"article\" \/>\n<meta property=\"og:title\" content=\"Intelligent Industry mit Dassault Syst\u00e8mes - Capgemini\" \/>\n<meta property=\"og:url\" content=\"https:\/\/www.capgemini.com\/de-de\/solutions\/intelligent-industry-dassault-systemes\/\" \/>\n<meta property=\"og:site_name\" content=\"Capgemini\" \/>\n<meta property=\"article:modified_time\" content=\"2025-03-05T04:38:20+00:00\" \/>\n<meta property=\"og:image\" content=\"https:\/\/www.capgemini.com\/de-de\/wp-content\/uploads\/sites\/8\/2022\/07\/Capgemini_Intelligent-Industry-with-Dassault-Systemes.jpg\" \/>\n\t<meta property=\"og:image:width\" content=\"2880\" \/>\n\t<meta property=\"og:image:height\" content=\"1800\" \/>\n\t<meta property=\"og:image:type\" content=\"image\/jpeg\" \/>\n<meta name=\"twitter:card\" content=\"summary_large_image\" \/>\n<meta name=\"twitter:label1\" content=\"Est. reading time\" \/>\n\t<meta name=\"twitter:data1\" content=\"1 minute\" \/>\n<script type=\"application\/ld+json\" class=\"yoast-schema-graph\">{\"@context\":\"https:\/\/schema.org\",\"@graph\":[{\"@type\":\"WebPage\",\"@id\":\"https:\/\/www.capgemini.com\/de-de\/solutions\/intelligent-industry-dassault-systemes\/\",\"url\":\"https:\/\/www.capgemini.com\/de-de\/solutions\/intelligent-industry-dassault-systemes\/\",\"name\":\"Intelligent Industry mit Dassault Syst\u00e8mes - Capgemini\",\"isPartOf\":{\"@id\":\"https:\/\/www.capgemini.com\/de-de\/#website\"},\"primaryImageOfPage\":{\"@id\":\"https:\/\/www.capgemini.com\/de-de\/solutions\/intelligent-industry-dassault-systemes\/#primaryimage\"},\"image\":{\"@id\":\"https:\/\/www.capgemini.com\/de-de\/solutions\/intelligent-industry-dassault-systemes\/#primaryimage\"},\"thumbnailUrl\":\"https:\/\/www.capgemini.com\/de-de\/wp-content\/uploads\/sites\/8\/2022\/07\/Capgemini_Intelligent-Industry-with-Dassault-Systemes.jpg\",\"datePublished\":\"2022-12-08T10:04:09+00:00\",\"dateModified\":\"2025-03-05T04:38:20+00:00\",\"breadcrumb\":{\"@id\":\"https:\/\/www.capgemini.com\/de-de\/solutions\/intelligent-industry-dassault-systemes\/#breadcrumb\"},\"inLanguage\":\"de-DE\",\"potentialAction\":[{\"@type\":\"ReadAction\",\"target\":[\"https:\/\/www.capgemini.com\/de-de\/solutions\/intelligent-industry-dassault-systemes\/\"]}]},{\"@type\":\"ImageObject\",\"inLanguage\":\"de-DE\",\"@id\":\"https:\/\/www.capgemini.com\/de-de\/solutions\/intelligent-industry-dassault-systemes\/#primaryimage\",\"url\":\"https:\/\/www.capgemini.com\/de-de\/wp-content\/uploads\/sites\/8\/2022\/07\/Capgemini_Intelligent-Industry-with-Dassault-Systemes.jpg\",\"contentUrl\":\"https:\/\/www.capgemini.com\/de-de\/wp-content\/uploads\/sites\/8\/2022\/07\/Capgemini_Intelligent-Industry-with-Dassault-Systemes.jpg\",\"width\":2880,\"height\":1800},{\"@type\":\"BreadcrumbList\",\"@id\":\"https:\/\/www.capgemini.com\/de-de\/solutions\/intelligent-industry-dassault-systemes\/#breadcrumb\",\"itemListElement\":[{\"@type\":\"ListItem\",\"position\":1,\"name\":\"Solutions\",\"item\":\"https:\/\/www.capgemini.com\/de-de\/solutions\/\"},{\"@type\":\"ListItem\",\"position\":2,\"name\":\"Intelligent Industry mit Dassault Syst\u00e8mes\"}]},{\"@type\":\"WebSite\",\"@id\":\"https:\/\/www.capgemini.com\/de-de\/#website\",\"url\":\"https:\/\/www.capgemini.com\/de-de\/\",\"name\":\"Capgemini Deutschland\",\"description\":\"Make it real\",\"potentialAction\":[{\"@type\":\"SearchAction\",\"target\":{\"@type\":\"EntryPoint\",\"urlTemplate\":\"https:\/\/www.capgemini.com\/de-de\/?s={search_term_string}\"},\"query-input\":\"required name=search_term_string\"}],\"inLanguage\":\"de-DE\"}]}<\/script>\n<!-- \/ Yoast SEO Premium plugin. -->","yoast_head_json":{"title":"Intelligent Industry mit Dassault Syst\u00e8mes - Capgemini","robots":{"index":"index","follow":"follow","max-snippet":"max-snippet:-1","max-image-preview":"max-image-preview:large","max-video-preview":"max-video-preview:-1"},"canonical":"https:\/\/www.capgemini.com\/de-de\/solutions\/intelligent-industry-dassault-systemes\/","og_locale":"de_DE","og_type":"article","og_title":"Intelligent Industry mit Dassault Syst\u00e8mes - Capgemini","og_url":"https:\/\/www.capgemini.com\/de-de\/solutions\/intelligent-industry-dassault-systemes\/","og_site_name":"Capgemini","article_modified_time":"2025-03-05T04:38:20+00:00","og_image":[{"width":2880,"height":1800,"url":"https:\/\/www.capgemini.com\/de-de\/wp-content\/uploads\/sites\/8\/2022\/07\/Capgemini_Intelligent-Industry-with-Dassault-Systemes.jpg","type":"image\/jpeg"}],"twitter_card":"summary_large_image","twitter_misc":{"Est. reading time":"1 minute"},"schema":{"@context":"https:\/\/schema.org","@graph":[{"@type":"WebPage","@id":"https:\/\/www.capgemini.com\/de-de\/solutions\/intelligent-industry-dassault-systemes\/","url":"https:\/\/www.capgemini.com\/de-de\/solutions\/intelligent-industry-dassault-systemes\/","name":"Intelligent Industry mit Dassault Syst\u00e8mes - Capgemini","isPartOf":{"@id":"https:\/\/www.capgemini.com\/de-de\/#website"},"primaryImageOfPage":{"@id":"https:\/\/www.capgemini.com\/de-de\/solutions\/intelligent-industry-dassault-systemes\/#primaryimage"},"image":{"@id":"https:\/\/www.capgemini.com\/de-de\/solutions\/intelligent-industry-dassault-systemes\/#primaryimage"},"thumbnailUrl":"https:\/\/www.capgemini.com\/de-de\/wp-content\/uploads\/sites\/8\/2022\/07\/Capgemini_Intelligent-Industry-with-Dassault-Systemes.jpg","datePublished":"2022-12-08T10:04:09+00:00","dateModified":"2025-03-05T04:38:20+00:00","breadcrumb":{"@id":"https:\/\/www.capgemini.com\/de-de\/solutions\/intelligent-industry-dassault-systemes\/#breadcrumb"},"inLanguage":"de-DE","potentialAction":[{"@type":"ReadAction","target":["https:\/\/www.capgemini.com\/de-de\/solutions\/intelligent-industry-dassault-systemes\/"]}]},{"@type":"ImageObject","inLanguage":"de-DE","@id":"https:\/\/www.capgemini.com\/de-de\/solutions\/intelligent-industry-dassault-systemes\/#primaryimage","url":"https:\/\/www.capgemini.com\/de-de\/wp-content\/uploads\/sites\/8\/2022\/07\/Capgemini_Intelligent-Industry-with-Dassault-Systemes.jpg","contentUrl":"https:\/\/www.capgemini.com\/de-de\/wp-content\/uploads\/sites\/8\/2022\/07\/Capgemini_Intelligent-Industry-with-Dassault-Systemes.jpg","width":2880,"height":1800},{"@type":"BreadcrumbList","@id":"https:\/\/www.capgemini.com\/de-de\/solutions\/intelligent-industry-dassault-systemes\/#breadcrumb","itemListElement":[{"@type":"ListItem","position":1,"name":"Solutions","item":"https:\/\/www.capgemini.com\/de-de\/solutions\/"},{"@type":"ListItem","position":2,"name":"Intelligent Industry mit Dassault Syst\u00e8mes"}]},{"@type":"WebSite","@id":"https:\/\/www.capgemini.com\/de-de\/#website","url":"https:\/\/www.capgemini.com\/de-de\/","name":"Capgemini Deutschland","description":"Make it real","potentialAction":[{"@type":"SearchAction","target":{"@type":"EntryPoint","urlTemplate":"https:\/\/www.capgemini.com\/de-de\/?s={search_term_string}"},"query-input":"required name=search_term_string"}],"inLanguage":"de-DE"}]}},"brand_term":[],"parsely":{"version":"1.1.0","canonical_url":"https:\/\/capgemini.com\/de-de\/solutions\/intelligent-industry-dassault-systemes\/","smart_links":{"inbound":0,"outbound":0},"traffic_boost_suggestions_count":0,"meta":{"@context":"https:\/\/schema.org","@type":"WebPage","headline":"Intelligent Industry mit Dassault Syst\u00e8mes","url":"http:\/\/www.capgemini.com\/de-de\/solutions\/intelligent-industry-dassault-systemes\/","mainEntityOfPage":{"@type":"WebPage","@id":"http:\/\/www.capgemini.com\/de-de\/solutions\/intelligent-industry-dassault-systemes\/"},"thumbnailUrl":"https:\/\/www.capgemini.com\/de-de\/wp-content\/uploads\/sites\/8\/2022\/07\/Capgemini_Intelligent-Industry-with-Dassault-Systemes.jpg?w=150&h=150&crop=1","image":{"@type":"ImageObject","url":"https:\/\/www.capgemini.com\/de-de\/wp-content\/uploads\/sites\/8\/2022\/07\/Capgemini_Intelligent-Industry-with-Dassault-Systemes.jpg"},"articleSection":"Uncategorized","author":[],"creator":[],"publisher":{"@type":"Organization","name":"Capgemini","logo":""},"keywords":[],"dateCreated":"2022-12-08T10:04:09Z","datePublished":"2022-12-08T10:04:09Z","dateModified":"2025-03-05T04:38:20Z"},"rendered":"<script type=\"application\/ld+json\" class=\"wp-parsely-metadata\">{\"@context\":\"https:\\\/\\\/schema.org\",\"@type\":\"WebPage\",\"headline\":\"Intelligent Industry mit Dassault Syst\\u00e8mes\",\"url\":\"http:\\\/\\\/www.capgemini.com\\\/de-de\\\/solutions\\\/intelligent-industry-dassault-systemes\\\/\",\"mainEntityOfPage\":{\"@type\":\"WebPage\",\"@id\":\"http:\\\/\\\/www.capgemini.com\\\/de-de\\\/solutions\\\/intelligent-industry-dassault-systemes\\\/\"},\"thumbnailUrl\":\"https:\\\/\\\/www.capgemini.com\\\/de-de\\\/wp-content\\\/uploads\\\/sites\\\/8\\\/2022\\\/07\\\/Capgemini_Intelligent-Industry-with-Dassault-Systemes.jpg?w=150&h=150&crop=1\",\"image\":{\"@type\":\"ImageObject\",\"url\":\"https:\\\/\\\/www.capgemini.com\\\/de-de\\\/wp-content\\\/uploads\\\/sites\\\/8\\\/2022\\\/07\\\/Capgemini_Intelligent-Industry-with-Dassault-Systemes.jpg\"},\"articleSection\":\"Uncategorized\",\"author\":[],\"creator\":[],\"publisher\":{\"@type\":\"Organization\",\"name\":\"Capgemini\",\"logo\":\"\"},\"keywords\":[],\"dateCreated\":\"2022-12-08T10:04:09Z\",\"datePublished\":\"2022-12-08T10:04:09Z\",\"dateModified\":\"2025-03-05T04:38:20Z\"}<\/script>","tracker_url":"https:\/\/cdn.parsely.com\/keys\/capgemini.com\/p.js"},"archive_status":false,"featured_image_src":"https:\/\/www.capgemini.com\/de-de\/wp-content\/uploads\/sites\/8\/2022\/07\/Capgemini_Intelligent-Industry-with-Dassault-Systemes.jpg","featured_image_alt":"","jetpack_sharing_enabled":true,"distributor_meta":false,"distributor_terms":false,"distributor_media":false,"distributor_original_site_name":"Capgemini","distributor_original_site_url":"https:\/\/www.capgemini.com\/de-de","push-errors":false,"_links":{"self":[{"href":"https:\/\/www.capgemini.com\/de-de\/wp-json\/wp\/v2\/pages\/742036","targetHints":{"allow":["GET"]}}],"collection":[{"href":"https:\/\/www.capgemini.com\/de-de\/wp-json\/wp\/v2\/pages"}],"about":[{"href":"https:\/\/www.capgemini.com\/de-de\/wp-json\/wp\/v2\/types\/page"}],"author":[{"embeddable":true,"href":"https:\/\/www.capgemini.com\/de-de\/wp-json\/wp\/v2\/users\/151"}],"replies":[{"embeddable":true,"href":"https:\/\/www.capgemini.com\/de-de\/wp-json\/wp\/v2\/comments?post=742036"}],"version-history":[{"count":19,"href":"https:\/\/www.capgemini.com\/de-de\/wp-json\/wp\/v2\/pages\/742036\/revisions"}],"predecessor-version":[{"id":875621,"href":"https:\/\/www.capgemini.com\/de-de\/wp-json\/wp\/v2\/pages\/742036\/revisions\/875621"}],"up":[{"embeddable":true,"href":"https:\/\/www.capgemini.com\/de-de\/wp-json\/wp\/v2\/pages\/743171"}],"wp:featuredmedia":[{"embeddable":true,"href":"https:\/\/www.capgemini.com\/de-de\/wp-json\/wp\/v2\/media\/757252"}],"wp:attachment":[{"href":"https:\/\/www.capgemini.com\/de-de\/wp-json\/wp\/v2\/media?parent=742036"}],"wp:term":[{"taxonomy":"brand","embeddable":true,"href":"https:\/\/www.capgemini.com\/de-de\/wp-json\/wp\/v2\/brand?post=742036"},{"taxonomy":"partner_type","embeddable":true,"href":"https:\/\/www.capgemini.com\/de-de\/wp-json\/wp\/v2\/partner_type?post=742036"},{"taxonomy":"service","embeddable":true,"href":"https:\/\/www.capgemini.com\/de-de\/wp-json\/wp\/v2\/service?post=742036"},{"taxonomy":"industry","embeddable":true,"href":"https:\/\/www.capgemini.com\/de-de\/wp-json\/wp\/v2\/industry?post=742036"},{"taxonomy":"partners","embeddable":true,"href":"https:\/\/www.capgemini.com\/de-de\/wp-json\/wp\/v2\/partners?post=742036"},{"taxonomy":"page-type","embeddable":true,"href":"https:\/\/www.capgemini.com\/de-de\/wp-json\/wp\/v2\/page-type?post=742036"},{"taxonomy":"content-group","embeddable":true,"href":"https:\/\/www.capgemini.com\/de-de\/wp-json\/wp\/v2\/content-group?post=742036"}],"curies":[{"name":"wp","href":"https:\/\/api.w.org\/{rel}","templated":true}]}}