{"id":741940,"date":"2022-12-13T13:24:08","date_gmt":"2022-12-13T13:24:08","guid":{"rendered":"https:\/\/www.capgemini.com\/?page_id=671520"},"modified":"2026-01-08T08:38:50","modified_gmt":"2026-01-08T08:38:50","slug":"data-driven-rd-engineering-manufacturing-operations","status":"publish","type":"page","link":"https:\/\/www.capgemini.com\/de-de\/solutions\/data-driven-rd-engineering-manufacturing-operations\/","title":{"rendered":"Datengesteuerte F&#038;E, Technik, Fertigung und Betrieb"},"content":{"rendered":"\n<header class=\"wp-block-cg-blocks-hero-reusable header heroReusable  \"><div class=\"header-bgs\"><picture><source srcset=\"https:\/\/www.capgemini.com\/wp-content\/uploads\/2022\/04\/Capgemini_Solutions_DATA-DRIVEN-RD-ENGINEERING-MANUFACTURING-and-OPERATIONS.jpg?w=2880&amp;quality=70 1x, https:\/\/www.capgemini.com\/wp-content\/uploads\/2022\/04\/Capgemini_Solutions_DATA-DRIVEN-RD-ENGINEERING-MANUFACTURING-and-OPERATIONS.jpg?w=2880&amp;quality=70 2x\" media=\"(min-width: 1500px)\"\/><source srcset=\"https:\/\/www.capgemini.com\/wp-content\/uploads\/2022\/04\/Capgemini_Solutions_DATA-DRIVEN-RD-ENGINEERING-MANUFACTURING-and-OPERATIONS.jpg?w=1440&amp;quality=70 1x, https:\/\/www.capgemini.com\/wp-content\/uploads\/2022\/04\/Capgemini_Solutions_DATA-DRIVEN-RD-ENGINEERING-MANUFACTURING-and-OPERATIONS.jpg?w=2880&amp;quality=70 2x\" media=\"(min-width: 992px)\"\/><source srcset=\"https:\/\/www.capgemini.com\/wp-content\/uploads\/2022\/04\/Capgemini_Solutions_DATA-DRIVEN-RD-ENGINEERING-MANUFACTURING-and-OPERATIONS.jpg?w=1024&amp;quality=70 1x, https:\/\/www.capgemini.com\/wp-content\/uploads\/2022\/04\/Capgemini_Solutions_DATA-DRIVEN-RD-ENGINEERING-MANUFACTURING-and-OPERATIONS.jpg?w=1024&amp;quality=70 2x\" media=\"(min-width: 768px)\"\/><source srcset=\"https:\/\/www.capgemini.com\/wp-content\/uploads\/2022\/04\/Capgemini_Solutions_DATA-DRIVEN-RD-ENGINEERING-MANUFACTURING-and-OPERATIONS.jpg?w=768&amp;quality=70 1x, https:\/\/www.capgemini.com\/wp-content\/uploads\/2022\/04\/Capgemini_Solutions_DATA-DRIVEN-RD-ENGINEERING-MANUFACTURING-and-OPERATIONS.jpg?w=768&amp;quality=70 2x\" media=\"(min-width: 0)\"\/><img decoding=\"async\" src=\"https:\/\/www.capgemini.com\/wp-content\/uploads\/2022\/04\/Capgemini_Solutions_DATA-DRIVEN-RD-ENGINEERING-MANUFACTURING-and-OPERATIONS.jpg\" class=\"header-img header-img-d\" alt=\"\" style=\"object-fit:cover;object-position:50% 50%\" loading=\"eager\"\/><\/picture><\/div><div class=\"heroPictureCardHeaderShape\"><\/div><div class=\"container\"><div class=\"row\"><div class=\"col-md-12\"><div class=\"box\"><div class=\"boxTagWrapper\"><div class=\"tagInfo\"><div><span class=\"box-tag\">Solution<\/span><\/div><\/div><div class=\"brandInfo\"><div class=\"brandLogo\"><img decoding=\"async\" loading=\"lazy\" src=\"\/wp-content\/themes\/capgemini2025\/assets\/images\/capgemini-engineering-white.svg\" alt=\"capgemini-engineering\" class=\"dark\"\/><img decoding=\"async\" loading=\"lazy\" src=\"\/wp-content\/themes\/capgemini2025\/assets\/images\/capgemini-engineering.svg\" alt=\"capgemini-engineering\" class=\"light\"\/><\/div><\/div><\/div><div class=\"box-title\"><h1 data-maxlength=\"34\">Datengesteuerte F&amp;E, Technik, Fertigung und Betrieb<\/h1><\/div><div class=\"inner-row-insight download-btn\"><\/div><\/div><\/div><\/div><\/div><\/header>\n\n\n\n<section class=\"wp-block-cg-blocks-intro-para undefined section section--intro\"><div class=\"intro-para\"><div class=\"container\"><div class=\"row\"><div class=\"col-12 col-md-1\"><nav class=\"article-social\"><ul class=\"social-nav\"><li class=\"ip-order-fb\"><a href=\"https:\/\/www.facebook.com\/sharer\/sharer.php?u=https:\/\/www.capgemini.com\/de-de\/solutions\/data-driven-rd-engineering-manufacturing-operations\/\" target=\"_blank\" rel=\"noopener noreferrer\" title=\"In neuem Fenster \u00f6ffnen\"><i aria-hidden=\"true\" class=\"icon-fb\"><\/i><span class=\"sr-only\">Facebook<\/span><\/a><\/li><li class=\"ip-order-li\"><a href=\"https:\/\/www.linkedin.com\/sharing\/share-offsite\/?url=https:\/\/www.capgemini.com\/de-de\/solutions\/data-driven-rd-engineering-manufacturing-operations\/\" target=\"_blank\" rel=\"noopener noreferrer\" title=\"In neuem Fenster \u00f6ffnen\"><i aria-hidden=\"true\" class=\"icon-li\"><\/i><span class=\"sr-only\">Linkedin<\/span><\/a><\/li><\/ul><\/nav><\/div><div class=\"col-12 col-md-11 col-lg-10\"><h2 class=\"intro-para-title\">Ein neuer, innovativer Ansatz f\u00fcr F&amp;E und Technik.<\/h2><p class=\"intro-para-content\">F\u00fchrende Ingenieure und F&amp;E-Experten stellen sich einer neuen Generation globaler Herausforderungen, die von der Nutzung umweltfreundlicher Energie \u00fcber die Erm\u00f6glichung nachhaltiger Mobilit\u00e4t bis hin zur Entwicklung neuartiger Behandlungsmethoden f\u00fcr Krankheiten reichen.<br><br>Der Umfang und die Vielfalt dieser Herausforderungen erfordern einen neuen, innovativen Ansatz. Wir kombinieren physische Intelligenz aus der realen Welt mit neuartigen KI- und Modellierungsl\u00f6sungen, um Ihre gesamte Wertsch\u00f6pfungskette vom Konzept bis zur Marktreife zu beeinflussen.<br><br>Wir wissen, dass es sich um eine langfristige Aufgabe und nicht um ein Projekt handelt. Sie erfordert ein neues Denken in Bezug auf Technologien, Datenlandschaften, Gesch\u00e4ftsprozesse und die Menschen, die all dies erm\u00f6glichen. Wir begleiten Sie bei jedem Schritt, damit Sie Ihre Ziele erreichen.<\/p><\/div><\/div><\/div><\/div><\/section>\n\n\n\n<section class=\"wp-block-cg-blocks-intro-para-video section section--info-2cols section--insights section-video \"><div class=\"bg-color video-align-left\"><div class=\"container\"><div class=\"row video-align-right\"><div class=\"col-md-12\"><div class=\"video-align-right row box box--4 box--mini\"><div class=\"col-md-1\"><\/div><div class=\"col-md-8 box-img-wrapper\"><div class=\"video-box\"><div class=\"video-wrapper\"><iframe title=\"video-section\" src=\"https:\/\/www.youtube.com\/embed\/cpvfA-jQLjE?rel=0&amp;modestbranding=1&amp;playsinline=1&amp;enablejsapi=1\" frameborder=\"0\" allow=\"accelerometer; autoplay; clipboard-write; encrypted-media; gyroscope; picture-in-picture\" allowfullscreen loading=\"lazy\" referrerpolicy=\"strict-origin-when-cross-origin\"><\/iframe><\/div><\/div><\/div><div class=\"col-md-3\"><h3 class=\"Video-title\" data-maxlength=\"34\"><\/h3><div class=\"video-info\"><p data-maxlength=\"68\">Schnellere Markteinf\u00fchrung mit weniger Risiko<\/p><\/div><\/div><div class=\"col-md-1\"><\/div><\/div><\/div><\/div><\/div><\/div><\/section>\n\n\n\n<section class=\"wp-block-cg-blocks-how-we-do-it section section--howwedoit block-howwedoit\"><div class=\"container\"><div><div class=\"content-title\"><h2 data-maxlength=\"72\" class=\"expandable-heading-tag\">Was wir tun<\/h2><\/div><p><\/p><\/div><div class=\"section-content\">\n<div class=\"wp-block-cg-blocks-card-howwedoit expanders\"><div class=\"box card-regulated-agreements card-howwedoit\"><div class=\"expander-box filter-box tag-active \"><div class=\"expander-title\" tabindex=\"0\" role=\"button\" aria-pressed=\"false\" aria-expanded=\"false\"><h3 class=\"expander-heading-title\">R&amp;D Data Strategy<\/h3><\/div><div class=\"expander-content\"><p><strong>Data &amp; AI Strategy &amp; Roadmapping<\/strong><br><strong><br><\/strong>Wir machen Ihre komplexen Datenlandschaften transparent und liefern Ihnen eine umsetzbare Roadmap zur Erreichung Ihrer strategischen Ziele.<br><br><strong>RAPIDE-Start Proof-of-value<\/strong><br><strong><br><\/strong>Wir bestimmen in k\u00fcrzester Zeit den realen Wert von Anwendungsf\u00e4llen oder Proof-of-Concepts, die auf strukturierter Evidenz und nicht auf subjektiven Vermutungen beruhen, um zuverl\u00e4ssig Fortschritte zu erzielen.<\/p><div class=\"bg-color video-align-right\"><div class=\"container\"><div class=\"row video-align-left\"><div class=\"col-md-12\"><div class=\"video-align-left row box box--4 box--mini\"><div class=\"col-md-3\"><\/div><div class=\"col-md-8 box-img-wrapper\"><div class=\"video-box\"><\/div><\/div><\/div><\/div><\/div><\/div><\/div><div class=\"content-more\"><\/div><\/div><\/div><\/div><\/div>\n\n\n\n<div class=\"wp-block-cg-blocks-card-howwedoit expanders\"><div class=\"box card-regulated-agreements card-howwedoit\"><div class=\"expander-box filter-box tag-active \"><div class=\"expander-title\" tabindex=\"0\" role=\"button\" aria-pressed=\"false\" aria-expanded=\"false\"><h3 class=\"expander-heading-title\">Data Governance &amp; Data Sharing<\/h3><\/div><div class=\"expander-content\"><p><strong>Data Engineering Services<\/strong><br><strong><br><\/strong>Vollst\u00e4ndige Bewertung Ihres Datenmanagement-Reifegrads anhand unseres bew\u00e4hrten DM-Reifegradmodells, das auf Industriestandards, einschlie\u00dflich DM-BOK, aufbaut.<br><br><strong>Data Ontology and Taxonomy Mapping<\/strong><br><strong><br><\/strong>Entwicklung von Ontologien f\u00fcr komplexe Wissensgraphen, Verwirklichung der FAIR-Datengrunds\u00e4tze und Erm\u00f6glichung des Datenzugriffs durch Self Services<\/p><div class=\"bg-color video-align-right\"><div class=\"container\"><div class=\"row video-align-left\"><div class=\"col-md-12\"><div class=\"video-align-left row box box--4 box--mini\"><div class=\"col-md-3\"><\/div><div class=\"col-md-8 box-img-wrapper\"><div class=\"video-box\"><\/div><\/div><\/div><\/div><\/div><\/div><\/div><div class=\"content-more\"><\/div><\/div><\/div><\/div><\/div>\n\n\n\n<div class=\"wp-block-cg-blocks-card-howwedoit expanders\"><div class=\"box card-regulated-agreements card-howwedoit\"><div class=\"expander-box filter-box tag-active \"><div class=\"expander-title\" tabindex=\"0\" role=\"button\" aria-pressed=\"false\" aria-expanded=\"false\"><h3 class=\"expander-heading-title\">Explore, Engineer &amp; Insight Generation<\/h3><\/div><div class=\"expander-content\"><p><strong>Data Science Partnership<br><\/strong><br>Flexible, skalierbare KI- und Data Science-Innovationspartnerschaft zur Beschleunigung von F&amp;E- und Betriebszyklen, Verbesserung der Analysequalit\u00e4t und Automatisierung komplexer Prozesse. Erfahrene KI-, Daten- und Software-Engineering-Experten von Capgemini Hybrid Intelligence<\/p><div class=\"bg-color video-align-right\"><div class=\"container\"><div class=\"row video-align-left\"><div class=\"col-md-12\"><div class=\"video-align-left row box box--4 box--mini\"><div class=\"col-md-3\"><\/div><div class=\"col-md-8 box-img-wrapper\"><div class=\"video-box\"><\/div><\/div><\/div><\/div><\/div><\/div><\/div><div class=\"content-more\"><\/div><\/div><\/div><\/div><\/div>\n\n\n\n<div class=\"wp-block-cg-blocks-card-howwedoit expanders\"><div class=\"box card-regulated-agreements card-howwedoit\"><div class=\"expander-box filter-box tag-active \"><div class=\"expander-title\" tabindex=\"0\" role=\"button\" aria-pressed=\"false\" aria-expanded=\"false\"><h3 class=\"expander-heading-title\">Operationalize &amp; Scale Data-Driven R&amp;D<\/h3><\/div><div class=\"expander-content\"><p>Schnelle, kontrollierte Entwicklung, Bereitstellung und Operationalisierung von intelligenten Daten- und KI-Systemen im industriellen Ma\u00dfstab.<\/p><div class=\"bg-color video-align-right\"><div class=\"container\"><div class=\"row video-align-left\"><div class=\"col-md-12\"><div class=\"video-align-left row box box--4 box--mini\"><div class=\"col-md-3\"><\/div><div class=\"col-md-8 box-img-wrapper\"><div class=\"video-box\"><\/div><\/div><\/div><\/div><\/div><\/div><\/div><div class=\"content-more\"><\/div><\/div><\/div><\/div><\/div>\n<\/div><\/div><\/section>\n","protected":false},"excerpt":{"rendered":"","protected":false},"author":151,"featured_media":756057,"parent":743171,"menu_order":0,"comment_status":"closed","ping_status":"closed","template":"","meta":{"cg_dt_proposed_to":[],"cg_seo_hreflang_relations":"[]","cg_seo_canonical_relation":"","cg_seo_hreflang_x_default_relation":"{\"uuid\":\"20af3031-cc41-4db7-958b-509c209c8ec3\",\"blogId\":\"\",\"domain\":\"\",\"sitePath\":\"\",\"postLink\":\"\",\"postId\":null,\"isSaved\":true,\"isCrossLink\":false,\"hasCrossLink\":false}","cg_dt_approved_content":true,"cg_dt_mandatory_content":false,"cg_dt_notes":"","cg_dg_source_changed":false,"cg_dt_link_disabled":false,"_yoast_wpseo_primary_brand":"141","footnotes":"","featured_focal_points":"","partner_card_description":"","gsap_animation":0},"brand":[141],"partner_type":[],"service":[],"industry":[],"partners":[],"page-type":[287],"content-group":[],"class_list":["post-741940","page","type-page","status-publish","has-post-thumbnail","hentry","brand-capgemini-engineering","page-type-solutions"],"yoast_head":"<!-- This site is optimized with the Yoast SEO Premium plugin v22.8 (Yoast SEO v22.8) - https:\/\/yoast.com\/wordpress\/plugins\/seo\/ -->\n<title>Datengesteuerte F&amp;E, Technik, Fertigung und Betrieb - Capgemini<\/title>\n<meta name=\"description\" content=\"Ein neuer, innovativer Ansatz: Verbessern Sie Ihre Prozesse durch den Einsatz unserer datengetriebenen F&amp;E-Technologie.\" \/>\n<meta name=\"robots\" content=\"index, follow, max-snippet:-1, max-image-preview:large, max-video-preview:-1\" \/>\n<link rel=\"canonical\" href=\"https:\/\/www.capgemini.com\/de-de\/solutions\/data-driven-rd-engineering-manufacturing-operations\/\" \/>\n<meta property=\"og:locale\" content=\"de_DE\" \/>\n<meta property=\"og:type\" content=\"article\" \/>\n<meta property=\"og:title\" content=\"Datengesteuerte F&amp;E, Technik, Fertigung und Betrieb - Capgemini\" \/>\n<meta property=\"og:description\" content=\"Ein neuer, innovativer Ansatz: Verbessern Sie Ihre Prozesse durch den Einsatz unserer datengetriebenen F&amp;E-Technologie.\" \/>\n<meta property=\"og:url\" content=\"https:\/\/www.capgemini.com\/de-de\/solutions\/data-driven-rd-engineering-manufacturing-operations\/\" \/>\n<meta property=\"og:site_name\" content=\"Capgemini\" \/>\n<meta property=\"article:modified_time\" content=\"2026-01-08T08:38:50+00:00\" \/>\n<meta property=\"og:image\" content=\"https:\/\/www.capgemini.com\/de-de\/wp-content\/uploads\/sites\/8\/2022\/07\/Capgemini_Solutions_DATA-DRIVEN-RD-ENGINEERING-MANUFACTURING-and-OPERATIONS.jpg\" \/>\n\t<meta property=\"og:image:width\" content=\"2880\" \/>\n\t<meta property=\"og:image:height\" content=\"1800\" \/>\n\t<meta property=\"og:image:type\" content=\"image\/jpeg\" \/>\n<meta name=\"twitter:card\" content=\"summary_large_image\" \/>\n<meta name=\"twitter:label1\" content=\"Est. reading time\" \/>\n\t<meta name=\"twitter:data1\" content=\"3 minutes\" \/>\n<script type=\"application\/ld+json\" class=\"yoast-schema-graph\">{\"@context\":\"https:\/\/schema.org\",\"@graph\":[{\"@type\":\"WebPage\",\"@id\":\"https:\/\/www.capgemini.com\/de-de\/solutions\/data-driven-rd-engineering-manufacturing-operations\/\",\"url\":\"https:\/\/www.capgemini.com\/de-de\/solutions\/data-driven-rd-engineering-manufacturing-operations\/\",\"name\":\"Datengesteuerte F&E, Technik, Fertigung und Betrieb - Capgemini\",\"isPartOf\":{\"@id\":\"https:\/\/www.capgemini.com\/de-de\/#website\"},\"primaryImageOfPage\":{\"@id\":\"https:\/\/www.capgemini.com\/de-de\/solutions\/data-driven-rd-engineering-manufacturing-operations\/#primaryimage\"},\"image\":{\"@id\":\"https:\/\/www.capgemini.com\/de-de\/solutions\/data-driven-rd-engineering-manufacturing-operations\/#primaryimage\"},\"thumbnailUrl\":\"https:\/\/www.capgemini.com\/de-de\/wp-content\/uploads\/sites\/8\/2022\/07\/Capgemini_Solutions_DATA-DRIVEN-RD-ENGINEERING-MANUFACTURING-and-OPERATIONS.jpg\",\"datePublished\":\"2022-12-13T13:24:08+00:00\",\"dateModified\":\"2026-01-08T08:38:50+00:00\",\"description\":\"Ein neuer, innovativer Ansatz: Verbessern Sie Ihre Prozesse durch den Einsatz unserer datengetriebenen F&E-Technologie.\",\"breadcrumb\":{\"@id\":\"https:\/\/www.capgemini.com\/de-de\/solutions\/data-driven-rd-engineering-manufacturing-operations\/#breadcrumb\"},\"inLanguage\":\"de-DE\",\"potentialAction\":[{\"@type\":\"ReadAction\",\"target\":[\"https:\/\/www.capgemini.com\/de-de\/solutions\/data-driven-rd-engineering-manufacturing-operations\/\"]}]},{\"@type\":\"ImageObject\",\"inLanguage\":\"de-DE\",\"@id\":\"https:\/\/www.capgemini.com\/de-de\/solutions\/data-driven-rd-engineering-manufacturing-operations\/#primaryimage\",\"url\":\"https:\/\/www.capgemini.com\/de-de\/wp-content\/uploads\/sites\/8\/2022\/07\/Capgemini_Solutions_DATA-DRIVEN-RD-ENGINEERING-MANUFACTURING-and-OPERATIONS.jpg\",\"contentUrl\":\"https:\/\/www.capgemini.com\/de-de\/wp-content\/uploads\/sites\/8\/2022\/07\/Capgemini_Solutions_DATA-DRIVEN-RD-ENGINEERING-MANUFACTURING-and-OPERATIONS.jpg\",\"width\":2880,\"height\":1800},{\"@type\":\"BreadcrumbList\",\"@id\":\"https:\/\/www.capgemini.com\/de-de\/solutions\/data-driven-rd-engineering-manufacturing-operations\/#breadcrumb\",\"itemListElement\":[{\"@type\":\"ListItem\",\"position\":1,\"name\":\"Solutions\",\"item\":\"https:\/\/www.capgemini.com\/de-de\/solutions\/\"},{\"@type\":\"ListItem\",\"position\":2,\"name\":\"Datengesteuerte F&#038;E, Technik, Fertigung und Betrieb\"}]},{\"@type\":\"WebSite\",\"@id\":\"https:\/\/www.capgemini.com\/de-de\/#website\",\"url\":\"https:\/\/www.capgemini.com\/de-de\/\",\"name\":\"Capgemini Deutschland\",\"description\":\"Make it real\",\"potentialAction\":[{\"@type\":\"SearchAction\",\"target\":{\"@type\":\"EntryPoint\",\"urlTemplate\":\"https:\/\/www.capgemini.com\/de-de\/?s={search_term_string}\"},\"query-input\":\"required name=search_term_string\"}],\"inLanguage\":\"de-DE\"}]}<\/script>\n<!-- \/ Yoast SEO Premium plugin. -->","yoast_head_json":{"title":"Datengesteuerte F&E, Technik, Fertigung und Betrieb - Capgemini","description":"Ein neuer, innovativer Ansatz: Verbessern Sie Ihre Prozesse durch den Einsatz unserer datengetriebenen F&E-Technologie.","robots":{"index":"index","follow":"follow","max-snippet":"max-snippet:-1","max-image-preview":"max-image-preview:large","max-video-preview":"max-video-preview:-1"},"canonical":"https:\/\/www.capgemini.com\/de-de\/solutions\/data-driven-rd-engineering-manufacturing-operations\/","og_locale":"de_DE","og_type":"article","og_title":"Datengesteuerte F&E, Technik, Fertigung und Betrieb - Capgemini","og_description":"Ein neuer, innovativer Ansatz: Verbessern Sie Ihre Prozesse durch den Einsatz unserer datengetriebenen F&E-Technologie.","og_url":"https:\/\/www.capgemini.com\/de-de\/solutions\/data-driven-rd-engineering-manufacturing-operations\/","og_site_name":"Capgemini","article_modified_time":"2026-01-08T08:38:50+00:00","og_image":[{"width":2880,"height":1800,"url":"https:\/\/www.capgemini.com\/de-de\/wp-content\/uploads\/sites\/8\/2022\/07\/Capgemini_Solutions_DATA-DRIVEN-RD-ENGINEERING-MANUFACTURING-and-OPERATIONS.jpg","type":"image\/jpeg"}],"twitter_card":"summary_large_image","twitter_misc":{"Est. reading time":"3 minutes"},"schema":{"@context":"https:\/\/schema.org","@graph":[{"@type":"WebPage","@id":"https:\/\/www.capgemini.com\/de-de\/solutions\/data-driven-rd-engineering-manufacturing-operations\/","url":"https:\/\/www.capgemini.com\/de-de\/solutions\/data-driven-rd-engineering-manufacturing-operations\/","name":"Datengesteuerte F&E, Technik, Fertigung und Betrieb - Capgemini","isPartOf":{"@id":"https:\/\/www.capgemini.com\/de-de\/#website"},"primaryImageOfPage":{"@id":"https:\/\/www.capgemini.com\/de-de\/solutions\/data-driven-rd-engineering-manufacturing-operations\/#primaryimage"},"image":{"@id":"https:\/\/www.capgemini.com\/de-de\/solutions\/data-driven-rd-engineering-manufacturing-operations\/#primaryimage"},"thumbnailUrl":"https:\/\/www.capgemini.com\/de-de\/wp-content\/uploads\/sites\/8\/2022\/07\/Capgemini_Solutions_DATA-DRIVEN-RD-ENGINEERING-MANUFACTURING-and-OPERATIONS.jpg","datePublished":"2022-12-13T13:24:08+00:00","dateModified":"2026-01-08T08:38:50+00:00","description":"Ein neuer, innovativer Ansatz: Verbessern Sie Ihre Prozesse durch den Einsatz unserer datengetriebenen F&E-Technologie.","breadcrumb":{"@id":"https:\/\/www.capgemini.com\/de-de\/solutions\/data-driven-rd-engineering-manufacturing-operations\/#breadcrumb"},"inLanguage":"de-DE","potentialAction":[{"@type":"ReadAction","target":["https:\/\/www.capgemini.com\/de-de\/solutions\/data-driven-rd-engineering-manufacturing-operations\/"]}]},{"@type":"ImageObject","inLanguage":"de-DE","@id":"https:\/\/www.capgemini.com\/de-de\/solutions\/data-driven-rd-engineering-manufacturing-operations\/#primaryimage","url":"https:\/\/www.capgemini.com\/de-de\/wp-content\/uploads\/sites\/8\/2022\/07\/Capgemini_Solutions_DATA-DRIVEN-RD-ENGINEERING-MANUFACTURING-and-OPERATIONS.jpg","contentUrl":"https:\/\/www.capgemini.com\/de-de\/wp-content\/uploads\/sites\/8\/2022\/07\/Capgemini_Solutions_DATA-DRIVEN-RD-ENGINEERING-MANUFACTURING-and-OPERATIONS.jpg","width":2880,"height":1800},{"@type":"BreadcrumbList","@id":"https:\/\/www.capgemini.com\/de-de\/solutions\/data-driven-rd-engineering-manufacturing-operations\/#breadcrumb","itemListElement":[{"@type":"ListItem","position":1,"name":"Solutions","item":"https:\/\/www.capgemini.com\/de-de\/solutions\/"},{"@type":"ListItem","position":2,"name":"Datengesteuerte F&#038;E, Technik, Fertigung und Betrieb"}]},{"@type":"WebSite","@id":"https:\/\/www.capgemini.com\/de-de\/#website","url":"https:\/\/www.capgemini.com\/de-de\/","name":"Capgemini Deutschland","description":"Make it real","potentialAction":[{"@type":"SearchAction","target":{"@type":"EntryPoint","urlTemplate":"https:\/\/www.capgemini.com\/de-de\/?s={search_term_string}"},"query-input":"required name=search_term_string"}],"inLanguage":"de-DE"}]}},"brand_term":[{"id":141,"slug":"capgemini-engineering"}],"parsely":{"version":"1.1.0","canonical_url":"https:\/\/capgemini.com\/de-de\/solutions\/data-driven-rd-engineering-manufacturing-operations\/","smart_links":{"inbound":0,"outbound":0},"traffic_boost_suggestions_count":0,"meta":{"@context":"https:\/\/schema.org","@type":"WebPage","headline":"Datengesteuerte F&#038;E, Technik, Fertigung und Betrieb","url":"http:\/\/www.capgemini.com\/de-de\/solutions\/data-driven-rd-engineering-manufacturing-operations\/","mainEntityOfPage":{"@type":"WebPage","@id":"http:\/\/www.capgemini.com\/de-de\/solutions\/data-driven-rd-engineering-manufacturing-operations\/"},"thumbnailUrl":"https:\/\/www.capgemini.com\/de-de\/wp-content\/uploads\/sites\/8\/2022\/07\/Capgemini_Solutions_DATA-DRIVEN-RD-ENGINEERING-MANUFACTURING-and-OPERATIONS.jpg?w=150&h=150&crop=1","image":{"@type":"ImageObject","url":"https:\/\/www.capgemini.com\/de-de\/wp-content\/uploads\/sites\/8\/2022\/07\/Capgemini_Solutions_DATA-DRIVEN-RD-ENGINEERING-MANUFACTURING-and-OPERATIONS.jpg"},"articleSection":"Uncategorized","author":[],"creator":[],"publisher":{"@type":"Organization","name":"Capgemini","logo":""},"keywords":[],"dateCreated":"2022-12-13T13:24:08Z","datePublished":"2022-12-13T13:24:08Z","dateModified":"2026-01-08T08:38:50Z"},"rendered":"<script type=\"application\/ld+json\" class=\"wp-parsely-metadata\">{\"@context\":\"https:\\\/\\\/schema.org\",\"@type\":\"WebPage\",\"headline\":\"Datengesteuerte F&#038;E, Technik, Fertigung und Betrieb\",\"url\":\"http:\\\/\\\/www.capgemini.com\\\/de-de\\\/solutions\\\/data-driven-rd-engineering-manufacturing-operations\\\/\",\"mainEntityOfPage\":{\"@type\":\"WebPage\",\"@id\":\"http:\\\/\\\/www.capgemini.com\\\/de-de\\\/solutions\\\/data-driven-rd-engineering-manufacturing-operations\\\/\"},\"thumbnailUrl\":\"https:\\\/\\\/www.capgemini.com\\\/de-de\\\/wp-content\\\/uploads\\\/sites\\\/8\\\/2022\\\/07\\\/Capgemini_Solutions_DATA-DRIVEN-RD-ENGINEERING-MANUFACTURING-and-OPERATIONS.jpg?w=150&h=150&crop=1\",\"image\":{\"@type\":\"ImageObject\",\"url\":\"https:\\\/\\\/www.capgemini.com\\\/de-de\\\/wp-content\\\/uploads\\\/sites\\\/8\\\/2022\\\/07\\\/Capgemini_Solutions_DATA-DRIVEN-RD-ENGINEERING-MANUFACTURING-and-OPERATIONS.jpg\"},\"articleSection\":\"Uncategorized\",\"author\":[],\"creator\":[],\"publisher\":{\"@type\":\"Organization\",\"name\":\"Capgemini\",\"logo\":\"\"},\"keywords\":[],\"dateCreated\":\"2022-12-13T13:24:08Z\",\"datePublished\":\"2022-12-13T13:24:08Z\",\"dateModified\":\"2026-01-08T08:38:50Z\"}<\/script>","tracker_url":"https:\/\/cdn.parsely.com\/keys\/capgemini.com\/p.js"},"archive_status":false,"featured_image_src":"https:\/\/www.capgemini.com\/de-de\/wp-content\/uploads\/sites\/8\/2022\/07\/Capgemini_Solutions_DATA-DRIVEN-RD-ENGINEERING-MANUFACTURING-and-OPERATIONS.jpg","featured_image_alt":"","jetpack_sharing_enabled":true,"distributor_meta":false,"distributor_terms":false,"distributor_media":false,"distributor_original_site_name":"Capgemini","distributor_original_site_url":"https:\/\/www.capgemini.com\/de-de","push-errors":false,"_links":{"self":[{"href":"https:\/\/www.capgemini.com\/de-de\/wp-json\/wp\/v2\/pages\/741940","targetHints":{"allow":["GET"]}}],"collection":[{"href":"https:\/\/www.capgemini.com\/de-de\/wp-json\/wp\/v2\/pages"}],"about":[{"href":"https:\/\/www.capgemini.com\/de-de\/wp-json\/wp\/v2\/types\/page"}],"author":[{"embeddable":true,"href":"https:\/\/www.capgemini.com\/de-de\/wp-json\/wp\/v2\/users\/151"}],"replies":[{"embeddable":true,"href":"https:\/\/www.capgemini.com\/de-de\/wp-json\/wp\/v2\/comments?post=741940"}],"version-history":[{"count":15,"href":"https:\/\/www.capgemini.com\/de-de\/wp-json\/wp\/v2\/pages\/741940\/revisions"}],"predecessor-version":[{"id":889589,"href":"https:\/\/www.capgemini.com\/de-de\/wp-json\/wp\/v2\/pages\/741940\/revisions\/889589"}],"up":[{"embeddable":true,"href":"https:\/\/www.capgemini.com\/de-de\/wp-json\/wp\/v2\/pages\/743171"}],"wp:featuredmedia":[{"embeddable":true,"href":"https:\/\/www.capgemini.com\/de-de\/wp-json\/wp\/v2\/media\/756057"}],"wp:attachment":[{"href":"https:\/\/www.capgemini.com\/de-de\/wp-json\/wp\/v2\/media?parent=741940"}],"wp:term":[{"taxonomy":"brand","embeddable":true,"href":"https:\/\/www.capgemini.com\/de-de\/wp-json\/wp\/v2\/brand?post=741940"},{"taxonomy":"partner_type","embeddable":true,"href":"https:\/\/www.capgemini.com\/de-de\/wp-json\/wp\/v2\/partner_type?post=741940"},{"taxonomy":"service","embeddable":true,"href":"https:\/\/www.capgemini.com\/de-de\/wp-json\/wp\/v2\/service?post=741940"},{"taxonomy":"industry","embeddable":true,"href":"https:\/\/www.capgemini.com\/de-de\/wp-json\/wp\/v2\/industry?post=741940"},{"taxonomy":"partners","embeddable":true,"href":"https:\/\/www.capgemini.com\/de-de\/wp-json\/wp\/v2\/partners?post=741940"},{"taxonomy":"page-type","embeddable":true,"href":"https:\/\/www.capgemini.com\/de-de\/wp-json\/wp\/v2\/page-type?post=741940"},{"taxonomy":"content-group","embeddable":true,"href":"https:\/\/www.capgemini.com\/de-de\/wp-json\/wp\/v2\/content-group?post=741940"}],"curies":[{"name":"wp","href":"https:\/\/api.w.org\/{rel}","templated":true}]}}