{"id":741924,"date":"2022-12-13T12:53:27","date_gmt":"2022-12-13T12:53:27","guid":{"rendered":"https:\/\/www.capgemini.com\/?page_id=671623"},"modified":"2025-12-04T06:28:55","modified_gmt":"2025-12-04T06:28:55","slug":"smart-factory","status":"publish","type":"page","link":"https:\/\/www.capgemini.com\/de-de\/solutions\/smart-factory\/","title":{"rendered":"Intelligent Manufacturing"},"content":{"rendered":"\n<header class=\"wp-block-cg-blocks-hero-reusable header heroReusable  \"><div class=\"header-bgs\"><picture><source srcset=\"https:\/\/www.capgemini.com\/wp-content\/uploads\/2022\/04\/Capgemini_solution_SMART-FACTORY.jpg?w=2880&amp;quality=70 1x, https:\/\/www.capgemini.com\/wp-content\/uploads\/2022\/04\/Capgemini_solution_SMART-FACTORY.jpg?w=2880&amp;quality=70 2x\" media=\"(min-width: 1500px)\"\/><source srcset=\"https:\/\/www.capgemini.com\/wp-content\/uploads\/2022\/04\/Capgemini_solution_SMART-FACTORY.jpg?w=1440&amp;quality=70 1x, https:\/\/www.capgemini.com\/wp-content\/uploads\/2022\/04\/Capgemini_solution_SMART-FACTORY.jpg?w=2880&amp;quality=70 2x\" media=\"(min-width: 992px)\"\/><source srcset=\"https:\/\/www.capgemini.com\/wp-content\/uploads\/2022\/04\/Capgemini_solution_SMART-FACTORY.jpg?w=1024&amp;quality=70 1x, https:\/\/www.capgemini.com\/wp-content\/uploads\/2022\/04\/Capgemini_solution_SMART-FACTORY.jpg?w=1024&amp;quality=70 2x\" media=\"(min-width: 768px)\"\/><source srcset=\"https:\/\/www.capgemini.com\/wp-content\/uploads\/2022\/04\/Capgemini_solution_SMART-FACTORY.jpg?w=768&amp;quality=70 1x, https:\/\/www.capgemini.com\/wp-content\/uploads\/2022\/04\/Capgemini_solution_SMART-FACTORY.jpg?w=768&amp;quality=70 2x\" media=\"(min-width: 0)\"\/><img decoding=\"async\" src=\"https:\/\/www.capgemini.com\/wp-content\/uploads\/2022\/04\/Capgemini_solution_SMART-FACTORY.jpg\" class=\"header-img header-img-d\" alt=\"\" style=\"object-fit:cover;object-position:50% 50%\" loading=\"eager\"\/><\/picture><\/div><div class=\"heroPictureCardHeaderShape\"><\/div><div class=\"container\"><div class=\"row\"><div class=\"col-md-12\"><div class=\"box\"><div class=\"boxTagWrapper\"><div class=\"tagInfo\"><div><span class=\"box-tag\">Solution<\/span><\/div><\/div><div class=\"brandInfo\"><div class=\"brandLogo\"><img decoding=\"async\" loading=\"lazy\" src=\"\/wp-content\/themes\/capgemini2025\/assets\/images\/capgemini-engineering-white.svg\" alt=\"capgemini-engineering\" class=\"dark\"\/><img decoding=\"async\" loading=\"lazy\" src=\"\/wp-content\/themes\/capgemini2025\/assets\/images\/capgemini-engineering.svg\" alt=\"capgemini-engineering\" class=\"light\"\/><\/div><\/div><\/div><div class=\"box-title\"><h1 data-maxlength=\"34\">Intelligent Manufacturing<\/h1><\/div><div class=\"inner-row-insight download-btn\"><\/div><\/div><\/div><\/div><\/div><\/header>\n\n\n\n<section class=\"wp-block-cg-blocks-intro-para undefined section section--intro\"><div class=\"intro-para\"><div class=\"container\"><div class=\"row\"><div class=\"col-12 col-md-1\"><nav class=\"article-social\"><ul class=\"social-nav\"><li class=\"ip-order-fb\"><a href=\"https:\/\/www.facebook.com\/sharer\/sharer.php?u=https:\/\/www.capgemini.com\/de-de\/solutions\/smart-factory\/\" target=\"_blank\" rel=\"noopener noreferrer\" title=\"In neuem Fenster \u00f6ffnen\"><i aria-hidden=\"true\" class=\"icon-fb\"><\/i><span class=\"sr-only\">Facebook<\/span><\/a><\/li><li class=\"ip-order-li\"><a href=\"https:\/\/www.linkedin.com\/sharing\/share-offsite\/?url=https:\/\/www.capgemini.com\/de-de\/solutions\/smart-factory\/\" target=\"_blank\" rel=\"noopener noreferrer\" title=\"In neuem Fenster \u00f6ffnen\"><i aria-hidden=\"true\" class=\"icon-li\"><\/i><span class=\"sr-only\">Linkedin<\/span><\/a><\/li><\/ul><\/nav><\/div><div class=\"col-12 col-md-11 col-lg-10\"><h2 class=\"intro-para-title\">Die n\u00e4chste Generation von Fabriken wird hypervernetzt, intelligent, autonom und nachhaltig sein. Sie werden sich auch durch hohe Anpassungsf\u00e4higkeit und optimale Ressourcennutzung auszeichnen.<\/h2><p class=\"intro-para-content\">Digitale Technologien erm\u00f6glichen es traditionellen Systemen, intelligent zu werden und ihre Arbeitsweise zu ver\u00e4ndern. Die Grundlage eines jeden Wandels in einer von Industrie 4.0 getriebenen Fertigungsumgebung wird durch Daten und Konnektivit\u00e4t kontextualisiert.<br><br>Vernetzte Anlagen in Fabriken und Unternehmen und die Nutzung besserer, zuverl\u00e4ssigerer und gr\u00f6\u00dferer Datenmengen zur Revolutionierung der Fertigung sind der Schl\u00fcssel zu einer umfassenden Transformation der Fertigung.<\/p><\/div><\/div><\/div><\/div><\/section>\n\n\n\n<section class=\"wp-block-cg-blocks-how-we-do-it section section--howwedoit block-howwedoit\"><div class=\"container\"><div><div class=\"content-title\"><h2 data-maxlength=\"72\" class=\"expandable-heading-tag\">Was wir tun<\/h2><\/div><p><\/p><\/div><div class=\"section-content\">\n<div class=\"wp-block-cg-blocks-card-howwedoit expanders\"><div class=\"box card-regulated-agreements card-howwedoit\"><div class=\"expander-box filter-box tag-active \"><div class=\"expander-title\" tabindex=\"0\" role=\"button\" aria-pressed=\"false\" aria-expanded=\"false\"><h3 class=\"expander-heading-title\">Strategie &amp; Assessment<\/h3><\/div><div class=\"expander-content\"><p>Wir helfen unseren Kunden bei der Definition ihrer Industrie 4.0-Strategie, -Architektur und -Roadmap, bei der Bewertung und beim Benchmarking des digitalen Reifegrads und der Konnektivit\u00e4t von Standorten, um einen mehrj\u00e4hrigen Innovationsfahrplan zu entwickeln, der durch Greenfield-Projekte beschleunigt werden kann, die f\u00fcr eine weltweite Replikation in gro\u00dfem Ma\u00dfstab konzipiert sind.<\/p><div class=\"bg-color video-align-right\"><div class=\"container\"><div class=\"row video-align-left\"><div class=\"col-md-12\"><div class=\"video-align-left row box box--4 box--mini\"><div class=\"col-md-3\"><\/div><div class=\"col-md-8 box-img-wrapper\"><div class=\"video-box\"><\/div><\/div><\/div><\/div><\/div><\/div><\/div><div class=\"content-more\"><\/div><\/div><\/div><\/div><\/div>\n\n\n\n<div class=\"wp-block-cg-blocks-card-howwedoit expanders\"><div class=\"box card-regulated-agreements card-howwedoit\"><div class=\"expander-box filter-box tag-active \"><div class=\"expander-title\" tabindex=\"0\" role=\"button\" aria-pressed=\"false\" aria-expanded=\"false\"><h3 class=\"expander-heading-title\">Fertigungsmanagement-System<\/h3><\/div><div class=\"expander-content\"><p>Wir definieren und implementieren die funktionalen Kernelemente, die das R\u00fcckgrat der Betriebsabl\u00e4ufe bilden, einschlie\u00dflich Manufacturing Execution Systems (MES), SCADA, Historian, Laboratory Information Management Systems (LIMS), usw.<\/p><div class=\"bg-color video-align-right\"><div class=\"container\"><div class=\"row video-align-left\"><div class=\"col-md-12\"><div class=\"video-align-left row box box--4 box--mini\"><div class=\"col-md-3\"><\/div><div class=\"col-md-8 box-img-wrapper\"><div class=\"video-box\"><\/div><\/div><\/div><\/div><\/div><\/div><\/div><div class=\"content-more\"><\/div><\/div><\/div><\/div><\/div>\n\n\n\n<div class=\"wp-block-cg-blocks-card-howwedoit expanders\"><div class=\"box card-regulated-agreements card-howwedoit\"><div class=\"expander-box filter-box tag-active \"><div class=\"expander-title\" tabindex=\"0\" role=\"button\" aria-pressed=\"false\" aria-expanded=\"false\"><h3 class=\"expander-heading-title\">Plattform f\u00fcr Fertigungsdaten<\/h3><\/div><div class=\"expander-content\"><p>Wir definieren und entwickeln die Architektur, die erforderlich ist, um das volle Potenzial digitaler Technologien im Betrieb zu nutzen, basierend auf IoT-Technologien und mit einer vertikalen Integration vom Produktionsbereich bis zur Cloud.<\/p><div class=\"bg-color video-align-right\"><div class=\"container\"><div class=\"row video-align-left\"><div class=\"col-md-12\"><div class=\"video-align-left row box box--4 box--mini\"><div class=\"col-md-3\"><\/div><div class=\"col-md-8 box-img-wrapper\"><div class=\"video-box\"><\/div><\/div><\/div><\/div><\/div><\/div><\/div><div class=\"content-more\"><\/div><\/div><\/div><\/div><\/div>\n\n\n\n<div class=\"wp-block-cg-blocks-card-howwedoit expanders\"><div class=\"box card-regulated-agreements card-howwedoit\"><div class=\"expander-box filter-box tag-active \"><div class=\"expander-title\" tabindex=\"0\" role=\"button\" aria-pressed=\"false\" aria-expanded=\"false\"><h3 class=\"expander-heading-title\">Digitale Anwendungen f\u00fcr die Fertigung<\/h3><\/div><div class=\"expander-content\"><p>Wir helfen unseren Kunden, die wichtigsten Anwendungsf\u00e4lle zu identifizieren, Anwendungen zu entwickeln und diese in gro\u00dfem Umfang im gesamten Unternehmen einzusetzen. Dazu geh\u00f6ren Simulationen, Augmented Operator, OEE- und Linienstatusverfolgung usw.<\/p><div class=\"bg-color video-align-right\"><div class=\"container\"><div class=\"row video-align-left\"><div class=\"col-md-12\"><div class=\"video-align-left row box box--4 box--mini\"><div class=\"col-md-3\"><\/div><div class=\"col-md-8 box-img-wrapper\"><div class=\"video-box\"><\/div><\/div><\/div><\/div><\/div><\/div><\/div><div class=\"content-more\"><\/div><\/div><\/div><\/div><\/div>\n\n\n\n<div class=\"wp-block-cg-blocks-card-howwedoit expanders\"><div class=\"box card-regulated-agreements card-howwedoit\"><div class=\"expander-box filter-box tag-active \"><div class=\"expander-title\" tabindex=\"0\" role=\"button\" aria-pressed=\"false\" aria-expanded=\"false\"><h3 class=\"expander-heading-title\">Intelligente Fertigung<\/h3><\/div><div class=\"expander-content\"><p>Wir nutzen Analytik und k\u00fcnstliche Intelligenz, um den Fertigungsbetrieb als Gesamtsystem zu optimieren (Control Tower, vorausschauende Planung, Ersatzteilpooling, vorausschauende Wartung und vorausschauende Qualit\u00e4t usw.).<\/p><div class=\"bg-color video-align-right\"><div class=\"container\"><div class=\"row video-align-left\"><div class=\"col-md-12\"><div class=\"video-align-left row box box--4 box--mini\"><div class=\"col-md-3\"><\/div><div class=\"col-md-8 box-img-wrapper\"><div class=\"video-box\"><\/div><\/div><\/div><\/div><\/div><\/div><\/div><div class=\"content-more\"><\/div><\/div><\/div><\/div><\/div>\n<\/div><\/div><\/section>\n\n\n\n\n<section class=\"section section--expert-perspectives\"><div class=\"container\"><div class=\"row\"><div class=\"content-title col-12 col-md-8\"><h2 class=\"expert-heading\">Blogposts<\/h2><\/div><\/div><div class=\"expert-prospective-container\"><div class=\"row\"><div class=\"col-12 col-md-4 row-space\"><div class=\"box\"><div class=\"box-img-wrapper\"><a href=\"https:\/\/www.capgemini.com\/de-de\/insights\/blog\/kooperation-auf-augenhoehe-die-neue-aera-der-lieferantenbeziehungen\/\" aria-label=\"Kooperation auf Augenh\u00f6he: Die neue \u00c4ra der Lieferantenbeziehungen\" tabindex=\"-1\"><img decoding=\"async\" class=\"box-img\" alt=\"\" src=\"https:\/\/www.capgemini.com\/de-de\/wp-content\/uploads\/sites\/8\/2026\/03\/GettyImages-1475188130-1.jpeg?w=600&#038;quality=70\" style=\"object-position: 50% 50%; object-fit: cover;\" loading=\"lazy\" \/><\/a><\/div><div class=\"box-inner\"><div class=\"box-tag\">Intelligent Industry<\/div><a class=\"content-box-title\" href=\"https:\/\/www.capgemini.com\/de-de\/insights\/blog\/kooperation-auf-augenhoehe-die-neue-aera-der-lieferantenbeziehungen\/\" aria-label=\"Kooperation auf Augenh\u00f6he: Die neue \u00c4ra der Lieferantenbeziehungen\"><h3 class=\"expert-subtitle\">Kooperation auf Augenh\u00f6he: Die neue \u00c4ra der Lieferantenbeziehungen<\/h3><\/a><div class=\"box-bottom\">\n\t\t   <div class=\"box-logo\"><img decoding=\"async\" class=\"\" loading=\"lazy\" alt=\"\" src=\"https:\/\/www.capgemini.com\/de-de\/wp-content\/uploads\/sites\/8\/2026\/03\/Screenshot-2026-03-23-102601.png?w=448\" \/><\/div><div class=\"date-name-info\"><div class=\"author-text\">Philip Kossen<\/div><div class=\"date-text\">M\u00e4rz 25, 2026<\/div><\/div><\/div><\/div><\/div><\/div><div class=\"col-12 col-md-4 row-space\"><div class=\"box\"><div class=\"box-img-wrapper\"><a href=\"https:\/\/www.capgemini.com\/de-de\/insights\/blog\/global-trade-ki-sap-hannover-messe\/\" aria-label=\"Global Trade neu gedacht: Wie KI-gest\u00fctzte SAP-L\u00f6sungen Importprozesse transformieren \u2013 live auf der HANNOVER MESSE 2026\" tabindex=\"-1\"><img decoding=\"async\" class=\"box-img\" alt=\"\" src=\"https:\/\/www.capgemini.com\/de-de\/wp-content\/uploads\/sites\/8\/2026\/03\/GettyImages-1311635894.jpeg?w=600&#038;quality=70\" style=\"object-position: 50% 50%; object-fit: cover;\" loading=\"lazy\" \/><\/a><\/div><div class=\"box-inner\"><div class=\"box-tag\">Intelligent Industry<\/div><a class=\"content-box-title\" href=\"https:\/\/www.capgemini.com\/de-de\/insights\/blog\/global-trade-ki-sap-hannover-messe\/\" aria-label=\"Global Trade neu gedacht: Wie KI-gest\u00fctzte SAP-L\u00f6sungen Importprozesse transformieren \u2013 live auf der HANNOVER MESSE 2026\"><h3 class=\"expert-subtitle\">Global Trade neu gedacht: Wie KI-gest\u00fctzte SAP-L\u00f6sungen Importprozesse transformieren \u2013 live auf der HANNOVER MESSE 2026<\/h3><\/a><div class=\"box-bottom\">\n\t\t   <div class=\"box-logo\"><img decoding=\"async\" class=\"\" loading=\"lazy\" alt=\"\" src=\"https:\/\/www.capgemini.com\/de-de\/wp-content\/uploads\/sites\/8\/2026\/03\/Foto-Florian-Kanus.jpg?w=855\" \/><\/div><div class=\"date-name-info\"><div class=\"author-text\">Florian Kanus<\/div><div class=\"date-text\">M\u00e4rz 17, 2026<\/div><\/div><\/div><\/div><\/div><\/div><div class=\"col-12 col-md-4 row-space\"><div class=\"box\"><div class=\"box-img-wrapper\"><a href=\"https:\/\/www.capgemini.com\/de-de\/insights\/blog\/luftfahrtindustrie-energiesektor-medtech-automobilbranche\/\" aria-label=\"Was Luftfahrtindustrie, Energiesektor oder MedTech von der Automobilbranche lernen k\u00f6nnen\" tabindex=\"-1\"><img decoding=\"async\" class=\"box-img\" alt=\"\" src=\"https:\/\/www.capgemini.com\/de-de\/wp-content\/uploads\/sites\/8\/2025\/11\/GettyImages-723502845.jpeg?w=600&#038;quality=70\" style=\"object-position: 50% 50%; object-fit: cover;\" loading=\"lazy\" \/><\/a><\/div><div class=\"box-inner\"><div class=\"box-tag\">Intelligent Industry<\/div><a class=\"content-box-title\" href=\"https:\/\/www.capgemini.com\/de-de\/insights\/blog\/luftfahrtindustrie-energiesektor-medtech-automobilbranche\/\" aria-label=\"Was Luftfahrtindustrie, Energiesektor oder MedTech von der Automobilbranche lernen k\u00f6nnen\"><h3 class=\"expert-subtitle\">Was Luftfahrtindustrie, Energiesektor oder MedTech von der Automobilbranche lernen k\u00f6nnen<\/h3><\/a><div class=\"box-bottom\">\n\t\t   <div class=\"box-logo\"><img decoding=\"async\" class=\"\" loading=\"lazy\" alt=\"\" src=\"https:\/\/www.capgemini.com\/de-de\/wp-content\/uploads\/sites\/8\/2023\/01\/Peter_Fintl_0168.jpg?w=960\" \/><\/div><div class=\"date-name-info\"><div class=\"author-text\">Peter Fintl<\/div><div class=\"date-text\">Nov. 18, 2025<\/div><\/div><\/div><\/div><\/div><\/div><\/div><\/div><div class=\"cta-wrapper\"><a class=\"cta-link\" target=\"\" aria-label=\"Weitere Blogposts about Blogposts\" href=\"http:\/\/www.capgemini.com\/de-de\/insights\/blog\/\" rel=\"noopener noreferrer\">Weitere Blogposts<\/a><\/div><\/div><\/section>","protected":false},"excerpt":{"rendered":"","protected":false},"author":151,"featured_media":761246,"parent":743171,"menu_order":0,"comment_status":"closed","ping_status":"closed","template":"","meta":{"cg_dt_proposed_to":[],"cg_seo_hreflang_relations":"[]","cg_seo_canonical_relation":"","cg_seo_hreflang_x_default_relation":"{\"uuid\":\"7c02477f-f6a9-4a80-8c68-b7939b497e4a\",\"blogId\":\"\",\"domain\":\"\",\"sitePath\":\"\",\"postLink\":\"\",\"postId\":null,\"isSaved\":true,\"isCrossLink\":false,\"hasCrossLink\":false}","cg_dt_approved_content":true,"cg_dt_mandatory_content":false,"cg_dt_notes":"","cg_dg_source_changed":false,"cg_dt_link_disabled":false,"_yoast_wpseo_primary_brand":"141","footnotes":"","featured_focal_points":"","partner_card_description":"","gsap_animation":0},"brand":[141],"partner_type":[],"service":[122,52],"industry":[],"partners":[],"page-type":[287],"content-group":[],"class_list":["post-741924","page","type-page","status-publish","has-post-thumbnail","hentry","brand-capgemini-engineering","service-engineering","service-intelligent-industry","page-type-solutions"],"yoast_head":"<!-- This site is optimized with the Yoast SEO Premium plugin v22.8 (Yoast SEO v22.8) - https:\/\/yoast.com\/wordpress\/plugins\/seo\/ -->\n<title>Intelligent Manufacturing - Capgemini<\/title>\n<meta name=\"robots\" content=\"index, follow, max-snippet:-1, max-image-preview:large, max-video-preview:-1\" \/>\n<link rel=\"canonical\" href=\"https:\/\/www.capgemini.com\/de-de\/solutions\/smart-factory\/\" \/>\n<meta property=\"og:locale\" content=\"de_DE\" \/>\n<meta property=\"og:type\" content=\"article\" \/>\n<meta property=\"og:title\" content=\"Intelligent Manufacturing - Capgemini\" \/>\n<meta property=\"og:url\" content=\"https:\/\/www.capgemini.com\/de-de\/solutions\/smart-factory\/\" \/>\n<meta property=\"og:site_name\" content=\"Capgemini\" \/>\n<meta property=\"article:modified_time\" content=\"2025-12-04T06:28:55+00:00\" \/>\n<meta property=\"og:image\" content=\"https:\/\/www.capgemini.com\/de-de\/wp-content\/uploads\/sites\/8\/2022\/07\/Capgemini_solution_SMART-FACTORY.jpg\" \/>\n\t<meta property=\"og:image:width\" content=\"2880\" \/>\n\t<meta property=\"og:image:height\" content=\"1800\" \/>\n\t<meta property=\"og:image:type\" content=\"image\/jpeg\" \/>\n<meta name=\"twitter:card\" content=\"summary_large_image\" \/>\n<meta name=\"twitter:label1\" content=\"Est. reading time\" \/>\n\t<meta name=\"twitter:data1\" content=\"3 minutes\" \/>\n<script type=\"application\/ld+json\" class=\"yoast-schema-graph\">{\"@context\":\"https:\/\/schema.org\",\"@graph\":[{\"@type\":\"WebPage\",\"@id\":\"https:\/\/www.capgemini.com\/de-de\/solutions\/smart-factory\/\",\"url\":\"https:\/\/www.capgemini.com\/de-de\/solutions\/smart-factory\/\",\"name\":\"Intelligent Manufacturing - Capgemini\",\"isPartOf\":{\"@id\":\"https:\/\/www.capgemini.com\/de-de\/#website\"},\"primaryImageOfPage\":{\"@id\":\"https:\/\/www.capgemini.com\/de-de\/solutions\/smart-factory\/#primaryimage\"},\"image\":{\"@id\":\"https:\/\/www.capgemini.com\/de-de\/solutions\/smart-factory\/#primaryimage\"},\"thumbnailUrl\":\"https:\/\/www.capgemini.com\/de-de\/wp-content\/uploads\/sites\/8\/2022\/07\/Capgemini_solution_SMART-FACTORY.jpg\",\"datePublished\":\"2022-12-13T12:53:27+00:00\",\"dateModified\":\"2025-12-04T06:28:55+00:00\",\"breadcrumb\":{\"@id\":\"https:\/\/www.capgemini.com\/de-de\/solutions\/smart-factory\/#breadcrumb\"},\"inLanguage\":\"de-DE\",\"potentialAction\":[{\"@type\":\"ReadAction\",\"target\":[\"https:\/\/www.capgemini.com\/de-de\/solutions\/smart-factory\/\"]}]},{\"@type\":\"ImageObject\",\"inLanguage\":\"de-DE\",\"@id\":\"https:\/\/www.capgemini.com\/de-de\/solutions\/smart-factory\/#primaryimage\",\"url\":\"https:\/\/www.capgemini.com\/de-de\/wp-content\/uploads\/sites\/8\/2022\/07\/Capgemini_solution_SMART-FACTORY.jpg\",\"contentUrl\":\"https:\/\/www.capgemini.com\/de-de\/wp-content\/uploads\/sites\/8\/2022\/07\/Capgemini_solution_SMART-FACTORY.jpg\",\"width\":2880,\"height\":1800},{\"@type\":\"BreadcrumbList\",\"@id\":\"https:\/\/www.capgemini.com\/de-de\/solutions\/smart-factory\/#breadcrumb\",\"itemListElement\":[{\"@type\":\"ListItem\",\"position\":1,\"name\":\"Solutions\",\"item\":\"https:\/\/www.capgemini.com\/de-de\/solutions\/\"},{\"@type\":\"ListItem\",\"position\":2,\"name\":\"Intelligent Manufacturing\"}]},{\"@type\":\"WebSite\",\"@id\":\"https:\/\/www.capgemini.com\/de-de\/#website\",\"url\":\"https:\/\/www.capgemini.com\/de-de\/\",\"name\":\"Capgemini Deutschland\",\"description\":\"Make it real\",\"potentialAction\":[{\"@type\":\"SearchAction\",\"target\":{\"@type\":\"EntryPoint\",\"urlTemplate\":\"https:\/\/www.capgemini.com\/de-de\/?s={search_term_string}\"},\"query-input\":\"required name=search_term_string\"}],\"inLanguage\":\"de-DE\"}]}<\/script>\n<!-- \/ Yoast SEO Premium plugin. -->","yoast_head_json":{"title":"Intelligent Manufacturing - Capgemini","robots":{"index":"index","follow":"follow","max-snippet":"max-snippet:-1","max-image-preview":"max-image-preview:large","max-video-preview":"max-video-preview:-1"},"canonical":"https:\/\/www.capgemini.com\/de-de\/solutions\/smart-factory\/","og_locale":"de_DE","og_type":"article","og_title":"Intelligent Manufacturing - Capgemini","og_url":"https:\/\/www.capgemini.com\/de-de\/solutions\/smart-factory\/","og_site_name":"Capgemini","article_modified_time":"2025-12-04T06:28:55+00:00","og_image":[{"width":2880,"height":1800,"url":"https:\/\/www.capgemini.com\/de-de\/wp-content\/uploads\/sites\/8\/2022\/07\/Capgemini_solution_SMART-FACTORY.jpg","type":"image\/jpeg"}],"twitter_card":"summary_large_image","twitter_misc":{"Est. reading time":"3 minutes"},"schema":{"@context":"https:\/\/schema.org","@graph":[{"@type":"WebPage","@id":"https:\/\/www.capgemini.com\/de-de\/solutions\/smart-factory\/","url":"https:\/\/www.capgemini.com\/de-de\/solutions\/smart-factory\/","name":"Intelligent Manufacturing - Capgemini","isPartOf":{"@id":"https:\/\/www.capgemini.com\/de-de\/#website"},"primaryImageOfPage":{"@id":"https:\/\/www.capgemini.com\/de-de\/solutions\/smart-factory\/#primaryimage"},"image":{"@id":"https:\/\/www.capgemini.com\/de-de\/solutions\/smart-factory\/#primaryimage"},"thumbnailUrl":"https:\/\/www.capgemini.com\/de-de\/wp-content\/uploads\/sites\/8\/2022\/07\/Capgemini_solution_SMART-FACTORY.jpg","datePublished":"2022-12-13T12:53:27+00:00","dateModified":"2025-12-04T06:28:55+00:00","breadcrumb":{"@id":"https:\/\/www.capgemini.com\/de-de\/solutions\/smart-factory\/#breadcrumb"},"inLanguage":"de-DE","potentialAction":[{"@type":"ReadAction","target":["https:\/\/www.capgemini.com\/de-de\/solutions\/smart-factory\/"]}]},{"@type":"ImageObject","inLanguage":"de-DE","@id":"https:\/\/www.capgemini.com\/de-de\/solutions\/smart-factory\/#primaryimage","url":"https:\/\/www.capgemini.com\/de-de\/wp-content\/uploads\/sites\/8\/2022\/07\/Capgemini_solution_SMART-FACTORY.jpg","contentUrl":"https:\/\/www.capgemini.com\/de-de\/wp-content\/uploads\/sites\/8\/2022\/07\/Capgemini_solution_SMART-FACTORY.jpg","width":2880,"height":1800},{"@type":"BreadcrumbList","@id":"https:\/\/www.capgemini.com\/de-de\/solutions\/smart-factory\/#breadcrumb","itemListElement":[{"@type":"ListItem","position":1,"name":"Solutions","item":"https:\/\/www.capgemini.com\/de-de\/solutions\/"},{"@type":"ListItem","position":2,"name":"Intelligent Manufacturing"}]},{"@type":"WebSite","@id":"https:\/\/www.capgemini.com\/de-de\/#website","url":"https:\/\/www.capgemini.com\/de-de\/","name":"Capgemini Deutschland","description":"Make it real","potentialAction":[{"@type":"SearchAction","target":{"@type":"EntryPoint","urlTemplate":"https:\/\/www.capgemini.com\/de-de\/?s={search_term_string}"},"query-input":"required name=search_term_string"}],"inLanguage":"de-DE"}]}},"brand_term":[{"id":141,"slug":"capgemini-engineering"}],"parsely":{"version":"1.1.0","canonical_url":"https:\/\/capgemini.com\/de-de\/solutions\/smart-factory\/","smart_links":{"inbound":0,"outbound":0},"traffic_boost_suggestions_count":0,"meta":{"@context":"https:\/\/schema.org","@type":"WebPage","headline":"Intelligent Manufacturing","url":"http:\/\/www.capgemini.com\/de-de\/solutions\/smart-factory\/","mainEntityOfPage":{"@type":"WebPage","@id":"http:\/\/www.capgemini.com\/de-de\/solutions\/smart-factory\/"},"thumbnailUrl":"https:\/\/www.capgemini.com\/de-de\/wp-content\/uploads\/sites\/8\/2022\/07\/Capgemini_solution_SMART-FACTORY.jpg?w=150&h=150&crop=1","image":{"@type":"ImageObject","url":"https:\/\/www.capgemini.com\/de-de\/wp-content\/uploads\/sites\/8\/2022\/07\/Capgemini_solution_SMART-FACTORY.jpg"},"articleSection":"Uncategorized","author":[],"creator":[],"publisher":{"@type":"Organization","name":"Capgemini","logo":""},"keywords":[],"dateCreated":"2022-12-13T12:53:27Z","datePublished":"2022-12-13T12:53:27Z","dateModified":"2025-12-04T06:28:55Z"},"rendered":"<script type=\"application\/ld+json\" class=\"wp-parsely-metadata\">{\"@context\":\"https:\\\/\\\/schema.org\",\"@type\":\"WebPage\",\"headline\":\"Intelligent Manufacturing\",\"url\":\"http:\\\/\\\/www.capgemini.com\\\/de-de\\\/solutions\\\/smart-factory\\\/\",\"mainEntityOfPage\":{\"@type\":\"WebPage\",\"@id\":\"http:\\\/\\\/www.capgemini.com\\\/de-de\\\/solutions\\\/smart-factory\\\/\"},\"thumbnailUrl\":\"https:\\\/\\\/www.capgemini.com\\\/de-de\\\/wp-content\\\/uploads\\\/sites\\\/8\\\/2022\\\/07\\\/Capgemini_solution_SMART-FACTORY.jpg?w=150&h=150&crop=1\",\"image\":{\"@type\":\"ImageObject\",\"url\":\"https:\\\/\\\/www.capgemini.com\\\/de-de\\\/wp-content\\\/uploads\\\/sites\\\/8\\\/2022\\\/07\\\/Capgemini_solution_SMART-FACTORY.jpg\"},\"articleSection\":\"Uncategorized\",\"author\":[],\"creator\":[],\"publisher\":{\"@type\":\"Organization\",\"name\":\"Capgemini\",\"logo\":\"\"},\"keywords\":[],\"dateCreated\":\"2022-12-13T12:53:27Z\",\"datePublished\":\"2022-12-13T12:53:27Z\",\"dateModified\":\"2025-12-04T06:28:55Z\"}<\/script>","tracker_url":"https:\/\/cdn.parsely.com\/keys\/capgemini.com\/p.js"},"archive_status":false,"featured_image_src":"https:\/\/www.capgemini.com\/de-de\/wp-content\/uploads\/sites\/8\/2022\/07\/Capgemini_solution_SMART-FACTORY.jpg","featured_image_alt":"","jetpack_sharing_enabled":true,"distributor_meta":false,"distributor_terms":false,"distributor_media":false,"distributor_original_site_name":"Capgemini","distributor_original_site_url":"https:\/\/www.capgemini.com\/de-de","push-errors":false,"_links":{"self":[{"href":"https:\/\/www.capgemini.com\/de-de\/wp-json\/wp\/v2\/pages\/741924","targetHints":{"allow":["GET"]}}],"collection":[{"href":"https:\/\/www.capgemini.com\/de-de\/wp-json\/wp\/v2\/pages"}],"about":[{"href":"https:\/\/www.capgemini.com\/de-de\/wp-json\/wp\/v2\/types\/page"}],"author":[{"embeddable":true,"href":"https:\/\/www.capgemini.com\/de-de\/wp-json\/wp\/v2\/users\/151"}],"replies":[{"embeddable":true,"href":"https:\/\/www.capgemini.com\/de-de\/wp-json\/wp\/v2\/comments?post=741924"}],"version-history":[{"count":20,"href":"https:\/\/www.capgemini.com\/de-de\/wp-json\/wp\/v2\/pages\/741924\/revisions"}],"predecessor-version":[{"id":889590,"href":"https:\/\/www.capgemini.com\/de-de\/wp-json\/wp\/v2\/pages\/741924\/revisions\/889590"}],"up":[{"embeddable":true,"href":"https:\/\/www.capgemini.com\/de-de\/wp-json\/wp\/v2\/pages\/743171"}],"wp:featuredmedia":[{"embeddable":true,"href":"https:\/\/www.capgemini.com\/de-de\/wp-json\/wp\/v2\/media\/761246"}],"wp:attachment":[{"href":"https:\/\/www.capgemini.com\/de-de\/wp-json\/wp\/v2\/media?parent=741924"}],"wp:term":[{"taxonomy":"brand","embeddable":true,"href":"https:\/\/www.capgemini.com\/de-de\/wp-json\/wp\/v2\/brand?post=741924"},{"taxonomy":"partner_type","embeddable":true,"href":"https:\/\/www.capgemini.com\/de-de\/wp-json\/wp\/v2\/partner_type?post=741924"},{"taxonomy":"service","embeddable":true,"href":"https:\/\/www.capgemini.com\/de-de\/wp-json\/wp\/v2\/service?post=741924"},{"taxonomy":"industry","embeddable":true,"href":"https:\/\/www.capgemini.com\/de-de\/wp-json\/wp\/v2\/industry?post=741924"},{"taxonomy":"partners","embeddable":true,"href":"https:\/\/www.capgemini.com\/de-de\/wp-json\/wp\/v2\/partners?post=741924"},{"taxonomy":"page-type","embeddable":true,"href":"https:\/\/www.capgemini.com\/de-de\/wp-json\/wp\/v2\/page-type?post=741924"},{"taxonomy":"content-group","embeddable":true,"href":"https:\/\/www.capgemini.com\/de-de\/wp-json\/wp\/v2\/content-group?post=741924"}],"curies":[{"name":"wp","href":"https:\/\/api.w.org\/{rel}","templated":true}]}}