{"id":741904,"date":"2022-03-21T07:30:04","date_gmt":"2022-03-21T07:30:04","guid":{"rendered":"https:\/\/www.capgemini.com\/?page_id=662151"},"modified":"2026-01-08T09:28:42","modified_gmt":"2026-01-08T09:28:42","slug":"transforming-the-digital-core-for-retail","status":"publish","type":"page","link":"https:\/\/www.capgemini.com\/de-de\/solutions\/umgestaltung-des-digitalen-kerns-fuer-den-einzelhandel\/","title":{"rendered":"Umgestaltung des digitalen Kerns f\u00fcr den Einzelhandel"},"content":{"rendered":"\n<header class=\"wp-block-cg-blocks-hero-reusable header heroReusable  \"><div class=\"header-bgs\"><picture><source srcset=\"https:\/\/www.capgemini.com\/wp-content\/uploads\/2022\/04\/Capture-48.jpg?w=2880&amp;quality=70 1x, https:\/\/www.capgemini.com\/wp-content\/uploads\/2022\/04\/Capture-48.jpg?w=2880&amp;quality=70 2x\" media=\"(min-width: 1500px)\"\/><source srcset=\"https:\/\/www.capgemini.com\/wp-content\/uploads\/2022\/04\/Capture-48.jpg?w=1440&amp;quality=70 1x, https:\/\/www.capgemini.com\/wp-content\/uploads\/2022\/04\/Capture-48.jpg?w=2880&amp;quality=70 2x\" media=\"(min-width: 992px)\"\/><source srcset=\"https:\/\/www.capgemini.com\/wp-content\/uploads\/2022\/04\/Capture-48.jpg?w=1024&amp;quality=70 1x, https:\/\/www.capgemini.com\/wp-content\/uploads\/2022\/04\/Capture-48.jpg?w=1024&amp;quality=70 2x\" media=\"(min-width: 768px)\"\/><source srcset=\"https:\/\/www.capgemini.com\/wp-content\/uploads\/2022\/04\/Capture-48.jpg?w=768&amp;quality=70 1x, https:\/\/www.capgemini.com\/wp-content\/uploads\/2022\/04\/Capture-48.jpg?w=768&amp;quality=70 2x\" media=\"(min-width: 0)\"\/><img decoding=\"async\" src=\"https:\/\/www.capgemini.com\/wp-content\/uploads\/2022\/04\/Capture-48.jpg\" class=\"header-img header-img-d\" alt=\"\" style=\"object-fit:cover;object-position:50% 50%\" loading=\"eager\"\/><\/picture><\/div><div class=\"heroPictureCardHeaderShape\"><\/div><div class=\"container\"><div class=\"row\"><div class=\"col-md-12\"><div class=\"box\"><div class=\"boxTagWrapper\"><div class=\"tagInfo\"><div><span class=\"box-tag\">Solution<\/span><\/div><\/div><\/div><div class=\"box-title\"><h1 data-maxlength=\"34\">Umgestaltung des digitalen Kerns f\u00fcr den Einzelhandel<\/h1><\/div><div class=\"inner-row-insight download-btn\"><\/div><\/div><\/div><\/div><\/div><\/header>\n\n\n\n<section class=\"wp-block-cg-blocks-intro-para undefined section section--intro\"><div class=\"intro-para\"><div class=\"container\"><div class=\"row\"><div class=\"col-12 col-md-1\"><nav class=\"article-social\"><ul class=\"social-nav\"><li class=\"ip-order-fb\"><a href=\"https:\/\/www.facebook.com\/sharer\/sharer.php?u=https:\/\/www.capgemini.com\/de-de\/solutions\/umgestaltung-des-digitalen-kerns-fuer-den-einzelhandel\/\" target=\"_blank\" rel=\"noopener noreferrer\" title=\"In neuem Fenster \u00f6ffnen\"><i aria-hidden=\"true\" class=\"icon-fb\"><\/i><span class=\"sr-only\">Facebook<\/span><\/a><\/li><li class=\"ip-order-li\"><a href=\"https:\/\/www.linkedin.com\/sharing\/share-offsite\/?url=https:\/\/www.capgemini.com\/de-de\/solutions\/umgestaltung-des-digitalen-kerns-fuer-den-einzelhandel\/\" target=\"_blank\" rel=\"noopener noreferrer\" title=\"In neuem Fenster \u00f6ffnen\"><i aria-hidden=\"true\" class=\"icon-li\"><\/i><span class=\"sr-only\">Linkedin<\/span><\/a><\/li><\/ul><\/nav><\/div><div class=\"col-12 col-md-11 col-lg-10\"><h2 class=\"intro-para-title\">Transforming the Digital Core for Retail erm\u00f6glicht Einzelh\u00e4ndlern eine schnelle und reibungslose Implementierung von SAP S\/4HANA, w\u00e4hrend sie gleichzeitig das Versprechen von &#8220;The Renewable Enterprise&#8221; einl\u00f6sen. Das Ergebnis ist ein agiler digitaler Kern, der sich flexibel an das Wachstum und die Entwicklung Ihres Unternehmens anpassen kann.<br><\/h2><\/div><\/div><\/div><\/div><\/section>\n\n\n\n<section class=\"wp-block-cg-blocks-group undefined section section--article-content\"><div class=\"article-main-content\"><div class=\"container\"><div class=\"row\"><div class=\"col-12 col-md-11 col-lg-10 offset-md-1 offset-lg-1\"><div class=\"article-text article-quote-text\">\n<p>Durch die Kombination unserer Einzelhandelsl\u00f6sung f\u00fcr SAP S\/4HANA mit dem Versprechen &#8220;The Renewable Enterprise&#8221; (Das erneuerbare Unternehmen) versetzt Transforming the Digital Core for Retail Sie in die Lage, ein Unternehmen zu entwickeln, das st\u00e4ndig wachsen, sich anpassen und erneuern kann. Auf diese Weise entwickeln Sie sich st\u00e4ndig weiter, um die Erwartungen Ihrer Kunden zu \u00fcbertreffen, den Gesch\u00e4ftswert zu steigern und den Wettbewerb zu \u00fcbertreffen.<\/p>\n\n\n\n<h2 class=\"wp-block-heading\" id=\"h-\"><\/h2>\n\n\n\n<h3 class=\"wp-block-heading\" id=\"h-ihr-ultimativer-leitfaden\">Ihr ultimativer Leitfaden<\/h3>\n\n\n\n<p>Unser Angebot best\u00e4tigt Capgemini als den ultimativen Wegweiser f\u00fcr die digitale Kerntransformation f\u00fcr Einzelh\u00e4ndler, der in der Lage ist, einzigartige, speziell entwickelte F\u00e4higkeiten zu vermitteln, die Ihnen helfen, beispiellose Marktver\u00e4nderungen und durch Technologie ausgel\u00f6ste Trends zu bew\u00e4ltigen.<\/p>\n\n\n\n<p>Als Partner von Capgemini profitieren Sie von unserer umfassenden und bew\u00e4hrten Erfahrung bei der Optimierung der Abl\u00e4ufe im Einzelhandel \u00fcber die gesamte Wertsch\u00f6pfungskette hinweg. Unser tiefes Verst\u00e4ndnis f\u00fcr die einzigartigen Herausforderungen des Einzelhandels spiegelt unsere bew\u00e4hrte Erfahrung in der Zusammenarbeit mit den gr\u00f6\u00dften und erfolgreichsten Einzelh\u00e4ndlern der Welt wider. Wir sind einzigartig positioniert und verf\u00fcgen \u00fcber eigene Talente, um Ihre Visionen zu verwirklichen.<\/p>\n\n\n\n<p>Wir setzen bew\u00e4hrte Methoden und unsere neuesten Innovationen ein, um die Hebel von Plattformen, Anwendungen, Prozessen, Ver\u00e4nderungen, F\u00fchrung, Talent und Kultur zu orchestrieren.<\/p>\n\n\n\n<p>Unser Expertenteam f\u00fcr den Einzelhandel arbeitet mit Ihnen zusammen, um eine digitale Vision und einen ma\u00dfgeschneiderten Transformationsfahrplan zu erstellen, damit Sie heute mit Projekten beginnen k\u00f6nnen, die sich morgen in langfristige strategische Ziele verwandeln.<\/p>\n\n\n\n<section class=\"wp-block-cg-blocks-intro-para-video section section--info-2cols section--insights section-video \"><div class=\"bg-color video-align-left\"><div class=\"container\"><div class=\"row video-align-right\"><div class=\"col-md-12\"><div class=\"video-align-right row box box--4 box--mini\"><div class=\"col-md-1\"><\/div><div class=\"col-md-8 box-img-wrapper\"><div class=\"video-box\"><div class=\"video-wrapper\"><iframe title=\"video-section\" src=\"https:\/\/www.youtube.com\/embed\/iBihNuCkTKY?rel=0&amp;modestbranding=1&amp;playsinline=1&amp;enablejsapi=1\" frameborder=\"0\" allow=\"accelerometer; autoplay; clipboard-write; encrypted-media; gyroscope; picture-in-picture\" allowfullscreen loading=\"lazy\" referrerpolicy=\"strict-origin-when-cross-origin\"><\/iframe><\/div><\/div><\/div><div class=\"col-md-3\"><h3 class=\"Video-title\" data-maxlength=\"34\">Capgemini SAP vision<\/h3><div class=\"video-info\"><p data-maxlength=\"68\"><\/p><\/div><\/div><div class=\"col-md-1\"><\/div><\/div><\/div><\/div><\/div><\/div><\/section>\n\n\n\n<p><\/p>\n\n\n\n<h3 class=\"wp-block-heading\">Transforming the Digital Core for Retail bringt unsere bew\u00e4hrten L\u00f6sungen und neuesten Innovationen zusammen und erm\u00f6glicht es uns, eine ma\u00dfgeschneiderte, flexible und skalierbare Roadmap f\u00fcr Ihre Transformationsreise zu erstellen<\/h3>\n\n\n\n<ul class=\"wp-block-list\">\n<li><strong>Ein rascher und reibungsloser Migrationspfad:&nbsp;<\/strong>Highway to S\/4HANA ist unser industrialisierter Ansatz, der so entwickelt wurde, dass Sie keine Strategien von Grund auf neu entwickeln m\u00fcssen.&nbsp;Wir nutzen ihn als Plattform, die es Ihnen erm\u00f6glicht, sich schnell entwickelnde Gesch\u00e4ftsmodelle zu \u00fcbernehmen und eine kontinuierliche Gesch\u00e4ftsumgestaltung zu erreichen.<\/li>\n<\/ul>\n\n\n\n<p><\/p>\n\n\n\n<ul class=\"wp-block-list\">\n<li><strong>Schneller auf den Markt kommen:&nbsp;<\/strong>Die RetailPath-L\u00f6sung wurde speziell f\u00fcr Einzelh\u00e4ndler entwickelt. Es handelt sich um eine Plattform mit Premium-Assets und Beschleunigern, die die Leistung verbessern, die Bereitstellung beschleunigen und die Risiken f\u00fcr Ihr Transformationsprogramm mindern.<\/li>\n<\/ul>\n\n\n\n<p><\/p>\n\n\n\n<ul class=\"wp-block-list\">\n<li><strong>Agile L\u00f6sungen f\u00fcr ein florierendes Unternehmen: <\/strong>iCaptivate ist die marktf\u00fchrende Agile for SAP-Methodik.&nbsp;Eine End-to-End-S\/4HANA-L\u00f6sung (digitaler Kern), die auf branchen\u00fcblichen Best Practices basiert.<\/li>\n<\/ul>\n\n\n\n<p><\/p>\n\n\n\n<ul class=\"wp-block-list\">\n<li><strong>Agile, flexible und skalierbare Architekturen:&nbsp;<\/strong>Das Renewable Enterprise ist unser Versprechen, dass wir die Plattform bei der Migration oder Aktualisierung so gestalten, dass sie sich kontinuierlich weiterentwickeln kann, wenn Kunden unterschiedliche Arten von Engagement, Produkten und Dienstleistungen nachfragen.<\/li>\n<\/ul>\n\n\n\n<p><\/p>\n\n\n\n<ul class=\"wp-block-list\">\n<li><strong>SAP Marketing Cloud:&nbsp;<\/strong>Mit SAP Marketing Cloud k\u00f6nnen Sie Kunden mit relevanten Kampagnen ansprechen und binden. Es handelt sich um eine wirklich intelligente Marketingl\u00f6sung f\u00fcr Unternehmen, mit der Vermarkter Kunden gezielt ansprechen und mit relevanten Erlebnissen einbinden k\u00f6nnen.<\/li>\n<\/ul>\n\n\n\n<p><\/p>\n\n\n\n<ul class=\"wp-block-list\">\n<li><strong>SAP Commerce Cloud:&nbsp;<\/strong>SAP Commerce Cloud bietet personalisierten, nahtlosen Handel und Auftragsmanagement. F\u00fcr B2B-Gesch\u00e4fte vereinfacht und verbessert sie die Erfahrung Ihrer Online-Kunden mit personalisierten Empfehlungen.<\/li>\n<\/ul>\n\n\n\n<p><\/p>\n\n\n\n<ul class=\"wp-block-list\">\n<li><strong>SAP Customer Activity Repository:&nbsp;<\/strong>SAP Customer Activity Repository ist eine branchenspezifische L\u00f6sung f\u00fcr den Einzelhandel, die verschiedene Planungs-, Analyse- und Datenmanagementl\u00f6sungen vereint, die zuvor Teil von SAP BW waren. &nbsp;Dar\u00fcber hinaus bietet es L\u00f6sungen, die f\u00fcr den Omnichannel-Einzelhandel erforderlich sind: Omnichannel-Artikelverf\u00fcgbarkeit, Omnichannel-Preisgestaltung und -Promotion sowie eine einheitliche Bedarfsprognose.<\/li>\n<\/ul>\n\n\n\n<h2 class=\"wp-block-heading\" id=\"h-\"><\/h2>\n\n\n\n<h3 class=\"wp-block-heading\">Werden Sie die Chance einer ganzen Generation nutzen?<\/h3>\n\n\n\n<p><strong>Die Transformation des digitalen Kerns f\u00fcr den Einzelhandel <\/strong>bietet uns die Chance einer ganzen Generation. Die Chance, die digitale Transformation richtig zu gestalten. Die Chance, das Versprechen des &#8220;Erneuerbaren Unternehmens&#8221; zu verwirklichen. Die Chance, Erlebnisse zu schaffen, die die von den Kunden zunehmend geforderte Intimit\u00e4t erreichen.<\/p>\n<\/div><\/div><\/div><\/div><\/div><\/section>\n","protected":false},"excerpt":{"rendered":"","protected":false},"author":151,"featured_media":741912,"parent":743171,"menu_order":0,"comment_status":"closed","ping_status":"closed","template":"","meta":{"cg_dt_proposed_to":[],"cg_seo_hreflang_relations":"[]","cg_seo_canonical_relation":"","cg_seo_hreflang_x_default_relation":"{\"uuid\":\"438562f4-a197-49c7-b7a3-e10fe54078c3\",\"blogId\":\"\",\"domain\":\"\",\"sitePath\":\"\",\"postLink\":\"\",\"postId\":null,\"isSaved\":true,\"isCrossLink\":false,\"hasCrossLink\":false}","cg_dt_approved_content":true,"cg_dt_mandatory_content":false,"cg_dt_notes":"","cg_dg_source_changed":false,"cg_dt_link_disabled":false,"_yoast_wpseo_primary_brand":"","footnotes":"","featured_focal_points":"","partner_card_description":"","gsap_animation":0},"brand":[],"partner_type":[],"service":[],"industry":[],"partners":[],"page-type":[287],"content-group":[],"class_list":["post-741904","page","type-page","status-publish","has-post-thumbnail","hentry","page-type-solutions"],"yoast_head":"<!-- This site is optimized with the Yoast SEO Premium plugin v22.8 (Yoast SEO v22.8) - https:\/\/yoast.com\/wordpress\/plugins\/seo\/ -->\n<title>Umgestaltung des digitalen Kerns f\u00fcr den Einzelhandel - Capgemini<\/title>\n<meta name=\"robots\" content=\"index, follow, max-snippet:-1, max-image-preview:large, max-video-preview:-1\" \/>\n<link rel=\"canonical\" href=\"https:\/\/www.capgemini.com\/de-de\/solutions\/umgestaltung-des-digitalen-kerns-fuer-den-einzelhandel\/\" \/>\n<meta property=\"og:locale\" content=\"de_DE\" \/>\n<meta property=\"og:type\" content=\"article\" \/>\n<meta property=\"og:title\" content=\"Umgestaltung des digitalen Kerns f\u00fcr den Einzelhandel - Capgemini\" \/>\n<meta property=\"og:url\" content=\"https:\/\/www.capgemini.com\/de-de\/solutions\/umgestaltung-des-digitalen-kerns-fuer-den-einzelhandel\/\" \/>\n<meta property=\"og:site_name\" content=\"Capgemini\" \/>\n<meta property=\"article:modified_time\" content=\"2026-01-08T09:28:42+00:00\" \/>\n<meta property=\"og:image\" content=\"https:\/\/www.capgemini.com\/de-de\/wp-content\/uploads\/sites\/8\/2022\/03\/Capgemini_Solutions_TRANSFORMING-THE-DIGITAL-CORE-FOR-RETAIL-1.jpg\" \/>\n\t<meta property=\"og:image:width\" content=\"2880\" \/>\n\t<meta property=\"og:image:height\" content=\"1800\" \/>\n\t<meta property=\"og:image:type\" content=\"image\/jpeg\" \/>\n<meta name=\"twitter:card\" content=\"summary_large_image\" \/>\n<meta name=\"twitter:label1\" content=\"Est. reading time\" \/>\n\t<meta name=\"twitter:data1\" content=\"1 minute\" \/>\n<script type=\"application\/ld+json\" class=\"yoast-schema-graph\">{\"@context\":\"https:\/\/schema.org\",\"@graph\":[{\"@type\":\"WebPage\",\"@id\":\"https:\/\/www.capgemini.com\/de-de\/solutions\/umgestaltung-des-digitalen-kerns-fuer-den-einzelhandel\/\",\"url\":\"https:\/\/www.capgemini.com\/de-de\/solutions\/umgestaltung-des-digitalen-kerns-fuer-den-einzelhandel\/\",\"name\":\"Umgestaltung des digitalen Kerns f\u00fcr den Einzelhandel - Capgemini\",\"isPartOf\":{\"@id\":\"https:\/\/www.capgemini.com\/de-de\/#website\"},\"primaryImageOfPage\":{\"@id\":\"https:\/\/www.capgemini.com\/de-de\/solutions\/umgestaltung-des-digitalen-kerns-fuer-den-einzelhandel\/#primaryimage\"},\"image\":{\"@id\":\"https:\/\/www.capgemini.com\/de-de\/solutions\/umgestaltung-des-digitalen-kerns-fuer-den-einzelhandel\/#primaryimage\"},\"thumbnailUrl\":\"https:\/\/www.capgemini.com\/de-de\/wp-content\/uploads\/sites\/8\/2022\/03\/Capgemini_Solutions_TRANSFORMING-THE-DIGITAL-CORE-FOR-RETAIL-1.jpg\",\"datePublished\":\"2022-03-21T07:30:04+00:00\",\"dateModified\":\"2026-01-08T09:28:42+00:00\",\"breadcrumb\":{\"@id\":\"https:\/\/www.capgemini.com\/de-de\/solutions\/umgestaltung-des-digitalen-kerns-fuer-den-einzelhandel\/#breadcrumb\"},\"inLanguage\":\"de-DE\",\"potentialAction\":[{\"@type\":\"ReadAction\",\"target\":[\"https:\/\/www.capgemini.com\/de-de\/solutions\/umgestaltung-des-digitalen-kerns-fuer-den-einzelhandel\/\"]}]},{\"@type\":\"ImageObject\",\"inLanguage\":\"de-DE\",\"@id\":\"https:\/\/www.capgemini.com\/de-de\/solutions\/umgestaltung-des-digitalen-kerns-fuer-den-einzelhandel\/#primaryimage\",\"url\":\"https:\/\/www.capgemini.com\/de-de\/wp-content\/uploads\/sites\/8\/2022\/03\/Capgemini_Solutions_TRANSFORMING-THE-DIGITAL-CORE-FOR-RETAIL-1.jpg\",\"contentUrl\":\"https:\/\/www.capgemini.com\/de-de\/wp-content\/uploads\/sites\/8\/2022\/03\/Capgemini_Solutions_TRANSFORMING-THE-DIGITAL-CORE-FOR-RETAIL-1.jpg\",\"width\":2880,\"height\":1800},{\"@type\":\"BreadcrumbList\",\"@id\":\"https:\/\/www.capgemini.com\/de-de\/solutions\/umgestaltung-des-digitalen-kerns-fuer-den-einzelhandel\/#breadcrumb\",\"itemListElement\":[{\"@type\":\"ListItem\",\"position\":1,\"name\":\"Solutions\",\"item\":\"https:\/\/www.capgemini.com\/de-de\/solutions\/\"},{\"@type\":\"ListItem\",\"position\":2,\"name\":\"Umgestaltung des digitalen Kerns f\u00fcr den Einzelhandel\"}]},{\"@type\":\"WebSite\",\"@id\":\"https:\/\/www.capgemini.com\/de-de\/#website\",\"url\":\"https:\/\/www.capgemini.com\/de-de\/\",\"name\":\"Capgemini Deutschland\",\"description\":\"Make it real\",\"potentialAction\":[{\"@type\":\"SearchAction\",\"target\":{\"@type\":\"EntryPoint\",\"urlTemplate\":\"https:\/\/www.capgemini.com\/de-de\/?s={search_term_string}\"},\"query-input\":\"required name=search_term_string\"}],\"inLanguage\":\"de-DE\"}]}<\/script>\n<!-- \/ Yoast SEO Premium plugin. -->","yoast_head_json":{"title":"Umgestaltung des digitalen Kerns f\u00fcr den Einzelhandel - Capgemini","robots":{"index":"index","follow":"follow","max-snippet":"max-snippet:-1","max-image-preview":"max-image-preview:large","max-video-preview":"max-video-preview:-1"},"canonical":"https:\/\/www.capgemini.com\/de-de\/solutions\/umgestaltung-des-digitalen-kerns-fuer-den-einzelhandel\/","og_locale":"de_DE","og_type":"article","og_title":"Umgestaltung des digitalen Kerns f\u00fcr den Einzelhandel - Capgemini","og_url":"https:\/\/www.capgemini.com\/de-de\/solutions\/umgestaltung-des-digitalen-kerns-fuer-den-einzelhandel\/","og_site_name":"Capgemini","article_modified_time":"2026-01-08T09:28:42+00:00","og_image":[{"width":2880,"height":1800,"url":"https:\/\/www.capgemini.com\/de-de\/wp-content\/uploads\/sites\/8\/2022\/03\/Capgemini_Solutions_TRANSFORMING-THE-DIGITAL-CORE-FOR-RETAIL-1.jpg","type":"image\/jpeg"}],"twitter_card":"summary_large_image","twitter_misc":{"Est. reading time":"1 minute"},"schema":{"@context":"https:\/\/schema.org","@graph":[{"@type":"WebPage","@id":"https:\/\/www.capgemini.com\/de-de\/solutions\/umgestaltung-des-digitalen-kerns-fuer-den-einzelhandel\/","url":"https:\/\/www.capgemini.com\/de-de\/solutions\/umgestaltung-des-digitalen-kerns-fuer-den-einzelhandel\/","name":"Umgestaltung des digitalen Kerns f\u00fcr den Einzelhandel - Capgemini","isPartOf":{"@id":"https:\/\/www.capgemini.com\/de-de\/#website"},"primaryImageOfPage":{"@id":"https:\/\/www.capgemini.com\/de-de\/solutions\/umgestaltung-des-digitalen-kerns-fuer-den-einzelhandel\/#primaryimage"},"image":{"@id":"https:\/\/www.capgemini.com\/de-de\/solutions\/umgestaltung-des-digitalen-kerns-fuer-den-einzelhandel\/#primaryimage"},"thumbnailUrl":"https:\/\/www.capgemini.com\/de-de\/wp-content\/uploads\/sites\/8\/2022\/03\/Capgemini_Solutions_TRANSFORMING-THE-DIGITAL-CORE-FOR-RETAIL-1.jpg","datePublished":"2022-03-21T07:30:04+00:00","dateModified":"2026-01-08T09:28:42+00:00","breadcrumb":{"@id":"https:\/\/www.capgemini.com\/de-de\/solutions\/umgestaltung-des-digitalen-kerns-fuer-den-einzelhandel\/#breadcrumb"},"inLanguage":"de-DE","potentialAction":[{"@type":"ReadAction","target":["https:\/\/www.capgemini.com\/de-de\/solutions\/umgestaltung-des-digitalen-kerns-fuer-den-einzelhandel\/"]}]},{"@type":"ImageObject","inLanguage":"de-DE","@id":"https:\/\/www.capgemini.com\/de-de\/solutions\/umgestaltung-des-digitalen-kerns-fuer-den-einzelhandel\/#primaryimage","url":"https:\/\/www.capgemini.com\/de-de\/wp-content\/uploads\/sites\/8\/2022\/03\/Capgemini_Solutions_TRANSFORMING-THE-DIGITAL-CORE-FOR-RETAIL-1.jpg","contentUrl":"https:\/\/www.capgemini.com\/de-de\/wp-content\/uploads\/sites\/8\/2022\/03\/Capgemini_Solutions_TRANSFORMING-THE-DIGITAL-CORE-FOR-RETAIL-1.jpg","width":2880,"height":1800},{"@type":"BreadcrumbList","@id":"https:\/\/www.capgemini.com\/de-de\/solutions\/umgestaltung-des-digitalen-kerns-fuer-den-einzelhandel\/#breadcrumb","itemListElement":[{"@type":"ListItem","position":1,"name":"Solutions","item":"https:\/\/www.capgemini.com\/de-de\/solutions\/"},{"@type":"ListItem","position":2,"name":"Umgestaltung des digitalen Kerns f\u00fcr den Einzelhandel"}]},{"@type":"WebSite","@id":"https:\/\/www.capgemini.com\/de-de\/#website","url":"https:\/\/www.capgemini.com\/de-de\/","name":"Capgemini Deutschland","description":"Make it real","potentialAction":[{"@type":"SearchAction","target":{"@type":"EntryPoint","urlTemplate":"https:\/\/www.capgemini.com\/de-de\/?s={search_term_string}"},"query-input":"required name=search_term_string"}],"inLanguage":"de-DE"}]}},"brand_term":[],"parsely":{"version":"1.1.0","canonical_url":"https:\/\/capgemini.com\/de-de\/solutions\/umgestaltung-des-digitalen-kerns-fuer-den-einzelhandel\/","smart_links":{"inbound":0,"outbound":0},"traffic_boost_suggestions_count":0,"meta":{"@context":"https:\/\/schema.org","@type":"WebPage","headline":"Umgestaltung des digitalen Kerns f\u00fcr den Einzelhandel","url":"http:\/\/www.capgemini.com\/de-de\/solutions\/umgestaltung-des-digitalen-kerns-fuer-den-einzelhandel\/","mainEntityOfPage":{"@type":"WebPage","@id":"http:\/\/www.capgemini.com\/de-de\/solutions\/umgestaltung-des-digitalen-kerns-fuer-den-einzelhandel\/"},"thumbnailUrl":"https:\/\/www.capgemini.com\/de-de\/wp-content\/uploads\/sites\/8\/2022\/03\/Capgemini_Solutions_TRANSFORMING-THE-DIGITAL-CORE-FOR-RETAIL-1.jpg?w=150&h=150&crop=1","image":{"@type":"ImageObject","url":"https:\/\/www.capgemini.com\/de-de\/wp-content\/uploads\/sites\/8\/2022\/03\/Capgemini_Solutions_TRANSFORMING-THE-DIGITAL-CORE-FOR-RETAIL-1.jpg"},"articleSection":"Uncategorized","author":[],"creator":[],"publisher":{"@type":"Organization","name":"Capgemini","logo":""},"keywords":[],"dateCreated":"2022-03-21T07:30:04Z","datePublished":"2022-03-21T07:30:04Z","dateModified":"2026-01-08T09:28:42Z"},"rendered":"<script type=\"application\/ld+json\" class=\"wp-parsely-metadata\">{\"@context\":\"https:\\\/\\\/schema.org\",\"@type\":\"WebPage\",\"headline\":\"Umgestaltung des digitalen Kerns f\\u00fcr den Einzelhandel\",\"url\":\"http:\\\/\\\/www.capgemini.com\\\/de-de\\\/solutions\\\/umgestaltung-des-digitalen-kerns-fuer-den-einzelhandel\\\/\",\"mainEntityOfPage\":{\"@type\":\"WebPage\",\"@id\":\"http:\\\/\\\/www.capgemini.com\\\/de-de\\\/solutions\\\/umgestaltung-des-digitalen-kerns-fuer-den-einzelhandel\\\/\"},\"thumbnailUrl\":\"https:\\\/\\\/www.capgemini.com\\\/de-de\\\/wp-content\\\/uploads\\\/sites\\\/8\\\/2022\\\/03\\\/Capgemini_Solutions_TRANSFORMING-THE-DIGITAL-CORE-FOR-RETAIL-1.jpg?w=150&h=150&crop=1\",\"image\":{\"@type\":\"ImageObject\",\"url\":\"https:\\\/\\\/www.capgemini.com\\\/de-de\\\/wp-content\\\/uploads\\\/sites\\\/8\\\/2022\\\/03\\\/Capgemini_Solutions_TRANSFORMING-THE-DIGITAL-CORE-FOR-RETAIL-1.jpg\"},\"articleSection\":\"Uncategorized\",\"author\":[],\"creator\":[],\"publisher\":{\"@type\":\"Organization\",\"name\":\"Capgemini\",\"logo\":\"\"},\"keywords\":[],\"dateCreated\":\"2022-03-21T07:30:04Z\",\"datePublished\":\"2022-03-21T07:30:04Z\",\"dateModified\":\"2026-01-08T09:28:42Z\"}<\/script>","tracker_url":"https:\/\/cdn.parsely.com\/keys\/capgemini.com\/p.js"},"archive_status":false,"featured_image_src":"https:\/\/www.capgemini.com\/de-de\/wp-content\/uploads\/sites\/8\/2022\/03\/Capgemini_Solutions_TRANSFORMING-THE-DIGITAL-CORE-FOR-RETAIL-1.jpg","featured_image_alt":"","jetpack_sharing_enabled":true,"distributor_meta":false,"distributor_terms":false,"distributor_media":false,"distributor_original_site_name":"Capgemini","distributor_original_site_url":"https:\/\/www.capgemini.com\/de-de","push-errors":false,"_links":{"self":[{"href":"https:\/\/www.capgemini.com\/de-de\/wp-json\/wp\/v2\/pages\/741904","targetHints":{"allow":["GET"]}}],"collection":[{"href":"https:\/\/www.capgemini.com\/de-de\/wp-json\/wp\/v2\/pages"}],"about":[{"href":"https:\/\/www.capgemini.com\/de-de\/wp-json\/wp\/v2\/types\/page"}],"author":[{"embeddable":true,"href":"https:\/\/www.capgemini.com\/de-de\/wp-json\/wp\/v2\/users\/151"}],"replies":[{"embeddable":true,"href":"https:\/\/www.capgemini.com\/de-de\/wp-json\/wp\/v2\/comments?post=741904"}],"version-history":[{"count":11,"href":"https:\/\/www.capgemini.com\/de-de\/wp-json\/wp\/v2\/pages\/741904\/revisions"}],"predecessor-version":[{"id":890516,"href":"https:\/\/www.capgemini.com\/de-de\/wp-json\/wp\/v2\/pages\/741904\/revisions\/890516"}],"up":[{"embeddable":true,"href":"https:\/\/www.capgemini.com\/de-de\/wp-json\/wp\/v2\/pages\/743171"}],"wp:featuredmedia":[{"embeddable":true,"href":"https:\/\/www.capgemini.com\/de-de\/wp-json\/wp\/v2\/media\/741912"}],"wp:attachment":[{"href":"https:\/\/www.capgemini.com\/de-de\/wp-json\/wp\/v2\/media?parent=741904"}],"wp:term":[{"taxonomy":"brand","embeddable":true,"href":"https:\/\/www.capgemini.com\/de-de\/wp-json\/wp\/v2\/brand?post=741904"},{"taxonomy":"partner_type","embeddable":true,"href":"https:\/\/www.capgemini.com\/de-de\/wp-json\/wp\/v2\/partner_type?post=741904"},{"taxonomy":"service","embeddable":true,"href":"https:\/\/www.capgemini.com\/de-de\/wp-json\/wp\/v2\/service?post=741904"},{"taxonomy":"industry","embeddable":true,"href":"https:\/\/www.capgemini.com\/de-de\/wp-json\/wp\/v2\/industry?post=741904"},{"taxonomy":"partners","embeddable":true,"href":"https:\/\/www.capgemini.com\/de-de\/wp-json\/wp\/v2\/partners?post=741904"},{"taxonomy":"page-type","embeddable":true,"href":"https:\/\/www.capgemini.com\/de-de\/wp-json\/wp\/v2\/page-type?post=741904"},{"taxonomy":"content-group","embeddable":true,"href":"https:\/\/www.capgemini.com\/de-de\/wp-json\/wp\/v2\/content-group?post=741904"}],"curies":[{"name":"wp","href":"https:\/\/api.w.org\/{rel}","templated":true}]}}