{"id":741743,"date":"2022-01-28T14:20:53","date_gmt":"2022-01-28T14:20:53","guid":{"rendered":"https:\/\/www.capgemini.com\/?page_id=647362"},"modified":"2026-01-08T09:52:44","modified_gmt":"2026-01-08T09:52:44","slug":"do-good-with-data-and-ai","status":"publish","type":"page","link":"https:\/\/www.capgemini.com\/de-de\/solutions\/do-good-with-data-and-ai\/","title":{"rendered":"Gutes Tun mit Daten und KI"},"content":{"rendered":"\n<header class=\"wp-block-cg-blocks-hero-reusable header heroReusable  \"><div class=\"header-bgs\"><picture><source srcset=\"https:\/\/www.capgemini.com\/wp-content\/uploads\/2022\/04\/0_3_AI-for-Good-Banner.jpg?w=2880&amp;quality=70 1x, https:\/\/www.capgemini.com\/wp-content\/uploads\/2022\/04\/0_3_AI-for-Good-Banner.jpg?w=2880&amp;quality=70 2x\" media=\"(min-width: 1500px)\"\/><source srcset=\"https:\/\/www.capgemini.com\/wp-content\/uploads\/2022\/04\/0_3_AI-for-Good-Banner.jpg?w=1440&amp;quality=70 1x, https:\/\/www.capgemini.com\/wp-content\/uploads\/2022\/04\/0_3_AI-for-Good-Banner.jpg?w=2880&amp;quality=70 2x\" media=\"(min-width: 992px)\"\/><source srcset=\"https:\/\/www.capgemini.com\/wp-content\/uploads\/2022\/04\/0_3_AI-for-Good-Banner.jpg?w=1024&amp;quality=70 1x, https:\/\/www.capgemini.com\/wp-content\/uploads\/2022\/04\/0_3_AI-for-Good-Banner.jpg?w=1024&amp;quality=70 2x\" media=\"(min-width: 768px)\"\/><source srcset=\"https:\/\/www.capgemini.com\/wp-content\/uploads\/2022\/04\/0_3_AI-for-Good-Banner.jpg?w=768&amp;quality=70 1x, https:\/\/www.capgemini.com\/wp-content\/uploads\/2022\/04\/0_3_AI-for-Good-Banner.jpg?w=768&amp;quality=70 2x\" media=\"(min-width: 0)\"\/><img decoding=\"async\" src=\"https:\/\/www.capgemini.com\/wp-content\/uploads\/2022\/04\/0_3_AI-for-Good-Banner.jpg\" class=\"header-img header-img-d\" alt=\"\" style=\"object-fit:cover;object-position:73% 60%\" loading=\"eager\"\/><\/picture><\/div><div class=\"heroPictureCardHeaderShape\"><\/div><div class=\"container\"><div class=\"row\"><div class=\"col-md-12\"><div class=\"box\"><div class=\"boxTagWrapper\"><div class=\"tagInfo\"><div><span class=\"box-tag\">Solution<\/span><\/div><\/div><\/div><div class=\"box-title\"><h1 data-maxlength=\"34\">Gutes Tun mit Daten Und KI<\/h1><\/div><div class=\"inner-row-insight download-btn\"><\/div><\/div><\/div><\/div><\/div><\/header>\n\n\n\n<section class=\"wp-block-cg-blocks-intro-para undefined section section--intro\"><div class=\"intro-para\"><div class=\"container\"><div class=\"row\"><div class=\"col-12 col-md-1\"><nav class=\"article-social\"><ul class=\"social-nav\"><li class=\"ip-order-fb\"><a href=\"https:\/\/www.facebook.com\/sharer\/sharer.php?u=https:\/\/www.capgemini.com\/de-de\/solutions\/do-good-with-data-and-ai\/\" target=\"_blank\" rel=\"noopener noreferrer\" title=\"In neuem Fenster \u00f6ffnen\"><i aria-hidden=\"true\" class=\"icon-fb\"><\/i><span class=\"sr-only\">Facebook<\/span><\/a><\/li><li class=\"ip-order-li\"><a href=\"https:\/\/www.linkedin.com\/sharing\/share-offsite\/?url=https:\/\/www.capgemini.com\/de-de\/solutions\/do-good-with-data-and-ai\/\" target=\"_blank\" rel=\"noopener noreferrer\" title=\"In neuem Fenster \u00f6ffnen\"><i aria-hidden=\"true\" class=\"icon-li\"><\/i><span class=\"sr-only\">Linkedin<\/span><\/a><\/li><\/ul><\/nav><\/div><div class=\"col-12 col-md-11 col-lg-10\"><h2 class=\"intro-para-title\">Wir bei Capgemini sind \u00fcberzeugt, dass KI einen gro\u00dfen Einfluss auf die Realisierung einer nachhaltigen Welt haben kann.<\/h2><p class=\"intro-para-content\">Wir glauben an die transformative Kraft von Daten und k\u00fcnstlicher Intelligenz (KI), um eine positive Zukunft f\u00fcr die Menschen und die Gesellschaft zu schaffen. Deshalb arbeiten wir mit ihnen zusammen, um Daten und k\u00fcnstliche Intelligenz (KI) auf eine ethische und menschenzentrierte Weise zu nutzen. Wir unterst\u00fctzen Ihre Teams bei der Entwicklung des richtigen daten- und kI-gest\u00fctzten Leaderships, der entsprechenden Denkweise, Kultur und Arbeitsweise, die zu den Werten Ihres Unternehmens passen.<br><br>Hierzu m\u00fcssen alle Akteure &#8211; Regierungen und Unternehmen, Forscher und B\u00fcrger &#8211; an einem Strang ziehen und ein gemeinsames Handwerkszeug nutzen.<\/p><\/div><\/div><\/div><\/div><\/section>\n\n\n\n<section class=\"wp-block-cg-blocks-group undefined section section--article-content\"><div class=\"article-main-content\"><div class=\"container\"><div class=\"row\"><div class=\"col-12 col-md-11 col-lg-10 offset-md-1 offset-lg-1\"><div class=\"article-text article-quote-text\">\n<h3 class=\"wp-block-heading\" id=\"h-das-streben-nach-nachhaltigkeit\">Das Streben nach Nachhaltigkeit<\/h3>\n\n\n\n<p>Mit der <a href=\"https:\/\/sdgs.un.org\/\" target=\"_blank\" rel=\"noreferrer noopener\">Agenda 2030 f\u00fcr nachhaltige Entwicklung<\/a> und den damit verbundenen <a href=\"https:\/\/sdgs.un.org\/\">17 Zielen f\u00fcr nachhaltige Entwicklung (SDGs)<\/a> haben die Vereinten Nationen (UN) einen entscheidenden Aufruf zum Handeln an alle Staaten gerichtet. Sie erkennen die Dringlichkeit an, Armut und andere Missst\u00e4nde durch wirksame Strategien zu beenden, die die Gesundheit verbessern und eine integrative Bildung f\u00f6rdern, Ungleichheit abbauen und das Wirtschaftswachstum ankurbeln &#8211; und gleichzeitig die Klimakrise zu bew\u00e4ltigen, den Zugang zu bezahlbaren, nachhaltigen Energien zu f\u00f6rdern, Frieden zu sichern und Desinformation zu verhindern.<\/p>\n\n\n\n<p>Capgemini nutzt Daten und KI auf verschiedene Weise, um eine nachhaltige Zukunft zu erreichen:<\/p>\n\n\n\n<ul class=\"wp-block-list\">\n<li>Unsere Platform PublicGoesAI f\u00fcr L\u00f6sungen f\u00fcr den \u00f6ffentlichen Dienst<\/li>\n\n\n\n<li>Ein Data-Science-Wettbewerb zum Thema Erdbebenvorhersage<\/li>\n\n\n\n<li>Unser j\u00e4hrlicher Global Data Science Challenge, bei dem es 2020 um den Einsatz von KI zur Identifizierung und Verfolgung der Pottwalpopulation ging<\/li>\n\n\n\n<li>FARM 2.0, eine intelligente Datenplattform, die am Applied Innovation Exchange (AIE) von Capgemini in den Niederlanden entwickelt wurde, um die weltweite Nahrungsmittelknappheit zu beheben<\/li>\n\n\n\n<li>Nachhaltige KI-L\u00f6sungen, die Sie bei der Verwirklichung Ihrer Netto-Null-Ambitionen in Bereichen wie Fertigung, Recycling und Energieerzeugung unterst\u00fctzen<\/li>\n<\/ul>\n\n\n\n<p>Capgemini hat mit seiner Teilnahme am AI for Good Global Summit 2020 dazu beigetragen, die nachhaltigen Entwicklungsziele der UN zu beschleunigen.&nbsp;Unsere Experten pr\u00e4sentierten gemeinsam mit 17 Gastrednern und F\u00fchrungskr\u00e4ften aus dem \u00f6ffentlichen Sektor konkrete Erfolgsgeschichten von Kunden, die im \u00f6ffentlichen Sektor t\u00e4tig sind, und zeigten, wie Regierungen ethische KI erreichen k\u00f6nnen.<\/p>\n\n\n\n<p>Die Diskussionen auf dem Summit drehten sich um den gewinnbringenden Einsatz und die praktische Anwendung von KI, um die von den Vereinten Nationen gesetzten SDGs zu erreichen. Klicken Sie hier, um <a href=\"https:\/\/www.youtube.com\/playlist?list=PLQqkkIwS_4kUxKSddLjOhWSyv4gWkxspx\" target=\"_blank\" rel=\"noreferrer noopener\">alle Vortr\u00e4ge <\/a>zu sehen.<\/p>\n\n\n\n<h3 class=\"wp-block-heading\" id=\"h-demovideo-fur-unsere-kunden\">Demovideo f\u00fcr unsere Kunden <\/h3>\n\n\n\n<p>Im untenstehenden Video erl\u00e4utert das Team der Pariser Gesundheitsbeh\u00f6rde und Capgemini Invent die Entwicklung des STEP-Tools, eines KI-gesteuerten Prognosewerkzeugs zur Vorhersage und \u00dcberwachung von Krisentrends bei Covid-19 und der Belegung von Krankenhausbetten, sowohl in Krisenzeiten als auch zur Unterst\u00fctzung der Entscheidungsfindung in der t\u00e4glichen Gesundheitsversorgung.<\/p>\n<\/div><\/div><\/div><\/div><\/div><\/section>\n\n\n\n<section class=\"wp-block-cg-blocks-intro-para-video section section--info-2cols section--insights section-video \"><div class=\"bg-color video-align-left\"><div class=\"container\"><div class=\"row video-align-right\"><div class=\"col-md-12\"><div class=\"video-align-right row box box--4 box--mini\"><div class=\"col-md-1\"><\/div><div class=\"col-md-8 box-img-wrapper\"><div class=\"video-box\"><div class=\"video-wrapper\"><iframe title=\"video-section\" src=\"https:\/\/www.youtube.com\/embed\/45q3CNdfaOs?rel=0&amp;modestbranding=1&amp;playsinline=1&amp;enablejsapi=1\" frameborder=\"0\" allow=\"accelerometer; autoplay; clipboard-write; encrypted-media; gyroscope; picture-in-picture\" allowfullscreen loading=\"lazy\" referrerpolicy=\"strict-origin-when-cross-origin\"><\/iframe><\/div><\/div><\/div><div class=\"col-md-3\"><h3 class=\"Video-title\" data-maxlength=\"34\">KI f\u00fcr gute Zwecke<\/h3><div class=\"video-info\"><p data-maxlength=\"68\">\u00dcberzeugen Sie sich selbst.<\/p><\/div><\/div><div class=\"col-md-1\"><\/div><\/div><\/div><\/div><\/div><\/div><\/section>\n\n\n\n<section class=\"wp-block-cg-blocks-group undefined section section--article-content\"><div class=\"article-main-content\"><div class=\"container\"><div class=\"row\"><div class=\"col-12 col-md-11 col-lg-10 offset-md-1 offset-lg-1\"><div class=\"article-text article-quote-text\">\n<h3 class=\"wp-block-heading\">AI4Good &#8211; Anwendung von KI im Rahmen der Ziele f\u00fcr nachhaltige Entwicklung<\/h3>\n\n\n\n<p>Im Folgenden finden Sie unsere nachhaltigen Gesch\u00e4ftsl\u00f6sungen, die dazu beitragen, eine positive Zukunft f\u00fcr Mensch und Gesellschaft zu schaffen.<\/p>\n\n\n\n<figure class=\"wp-block-table\"><table class=\"has-fixed-layout\"><tbody><tr><td><\/td><td><a href=\"https:\/\/www.capgemini.com\/service\/perform-ai\/do-good-with-data-ai\/ai-for-education\/\" target=\"_blank\" rel=\"noreferrer noopener\"><strong>AI4Education<\/strong><\/a><br>KI f\u00fcr die automatische Aktualisierung von Lehrpl\u00e4nen, die Erkennung von Schulabbrechern und die Optimierung der Interaktion mit Sch\u00fclern.<\/td><td><\/td><\/tr><tr><td><a href=\"https:\/\/www.capgemini.com\/service\/perform-ai\/do-good-with-data-ai\/ai-for-health\/\" target=\"_blank\" rel=\"noreferrer noopener\"><strong>AI4Health<br><\/strong><\/a>KI f\u00fcr gesundheitsbezogene Forschung, Diagnose und Prozesse<\/td><td><\/td><td><a href=\"https:\/\/www.capgemini.com\/service\/perform-ai\/do-good-with-data-ai\/ai-for-food-and-zero-hunger\/\" target=\"_blank\" rel=\"noreferrer noopener\"><strong>AI4Food &amp; Zero Hunger<\/strong><\/a><br>KI-Funktionen f\u00fcr Hersteller, Verbraucher und Vertreiber von Lebensmitteln<\/td><\/tr><tr><td><a href=\"https:\/\/www.capgemini.com\/service\/perform-ai\/do-good-with-data-ai\/ai-for-justice\/\" target=\"_blank\" rel=\"noreferrer noopener\"><strong>AI4Justice<\/strong><\/a><br>KI f\u00fcr die Strafverfolgung und Erkennung von kriminellem Verhalten<\/td><td><a href=\"https:\/\/www.capgemini.com\/service\/perform-ai\/do-good-with-data-ai\/ai-for-information\/\" target=\"_blank\" rel=\"noreferrer noopener\"><strong>AI4Information<\/strong><\/a><br>Automatisierungs- und Analysef\u00e4higkeiten zur Identifizierung, Analyse und Auswertung von Informationen<\/td><\/tr><tr><td><\/td><td><a href=\"https:\/\/www.capgemini.com\/service\/perform-ai\/do-good-with-data-ai\/ai-for-the-environment\/\" target=\"_blank\" rel=\"noreferrer noopener\"><strong>AI4Environment<\/strong><\/a><br>KI f\u00fcr dezentrale Energienetze, intelligente St\u00e4dte, Klima- und Biodiversit\u00e4ts\u00fcberwachung<\/td><td><\/td><\/tr><\/tbody><\/table><\/figure>\n<\/div><\/div><\/div><\/div><\/div><\/section>\n","protected":false},"excerpt":{"rendered":"","protected":false},"author":151,"featured_media":813883,"parent":743171,"menu_order":0,"comment_status":"closed","ping_status":"closed","template":"","meta":{"cg_dt_proposed_to":[],"cg_seo_hreflang_relations":"[]","cg_seo_canonical_relation":"","cg_seo_hreflang_x_default_relation":"{\"uuid\":\"2019b93a-68e4-4bb5-93a4-44c8309b75d1\",\"blogId\":\"\",\"domain\":\"\",\"sitePath\":\"\",\"postLink\":\"\",\"postId\":null,\"isSaved\":true,\"isCrossLink\":false,\"hasCrossLink\":false}","cg_dt_approved_content":true,"cg_dt_mandatory_content":false,"cg_dt_notes":"","cg_dg_source_changed":false,"cg_dt_link_disabled":false,"_yoast_wpseo_primary_brand":"","footnotes":"","featured_focal_points":"","partner_card_description":"","gsap_animation":0},"brand":[],"partner_type":[],"service":[],"industry":[],"partners":[],"page-type":[287],"content-group":[],"class_list":["post-741743","page","type-page","status-publish","has-post-thumbnail","hentry","page-type-solutions"],"yoast_head":"<!-- This site is optimized with the Yoast SEO Premium plugin v22.8 (Yoast SEO v22.8) - https:\/\/yoast.com\/wordpress\/plugins\/seo\/ -->\n<title>Gutes Tun mit Daten und KI - Capgemini<\/title>\n<meta name=\"description\" content=\"Wir sind \u00fcberzeugt, dass KI einen gro\u00dfen Einfluss auf die Realisierung einer nachhaltigen Welt haben kann. Erfahren Sie, welche Vorteile Sie mit Daten und KI nutzen k\u00f6nnen.\" \/>\n<meta name=\"robots\" content=\"index, follow, max-snippet:-1, max-image-preview:large, max-video-preview:-1\" \/>\n<link rel=\"canonical\" href=\"https:\/\/www.capgemini.com\/de-de\/solutions\/do-good-with-data-and-ai\/\" \/>\n<meta property=\"og:locale\" content=\"de_DE\" \/>\n<meta property=\"og:type\" content=\"article\" \/>\n<meta property=\"og:title\" content=\"Gutes Tun mit Daten und KI - Capgemini\" \/>\n<meta property=\"og:description\" content=\"Wir sind \u00fcberzeugt, dass KI einen gro\u00dfen Einfluss auf die Realisierung einer nachhaltigen Welt haben kann. Erfahren Sie, welche Vorteile Sie mit Daten und KI nutzen k\u00f6nnen.\" \/>\n<meta property=\"og:url\" content=\"https:\/\/www.capgemini.com\/de-de\/solutions\/do-good-with-data-and-ai\/\" \/>\n<meta property=\"og:site_name\" content=\"Capgemini\" \/>\n<meta property=\"article:modified_time\" content=\"2026-01-08T09:52:44+00:00\" \/>\n<meta property=\"og:image\" content=\"https:\/\/www.capgemini.com\/de-de\/wp-content\/uploads\/sites\/8\/2025\/10\/New-Web-preview-global.jpg\" \/>\n\t<meta property=\"og:image:width\" content=\"1200\" \/>\n\t<meta property=\"og:image:height\" content=\"627\" \/>\n\t<meta property=\"og:image:type\" content=\"image\/jpeg\" \/>\n<meta name=\"twitter:card\" content=\"summary_large_image\" \/>\n<meta name=\"twitter:label1\" content=\"Est. reading time\" \/>\n\t<meta name=\"twitter:data1\" content=\"4 minutes\" \/>\n<script type=\"application\/ld+json\" class=\"yoast-schema-graph\">{\"@context\":\"https:\/\/schema.org\",\"@graph\":[{\"@type\":\"WebPage\",\"@id\":\"https:\/\/www.capgemini.com\/de-de\/solutions\/do-good-with-data-and-ai\/\",\"url\":\"https:\/\/www.capgemini.com\/de-de\/solutions\/do-good-with-data-and-ai\/\",\"name\":\"Gutes Tun mit Daten und KI - Capgemini\",\"isPartOf\":{\"@id\":\"https:\/\/www.capgemini.com\/de-de\/#website\"},\"primaryImageOfPage\":{\"@id\":\"https:\/\/www.capgemini.com\/de-de\/solutions\/do-good-with-data-and-ai\/#primaryimage\"},\"image\":{\"@id\":\"https:\/\/www.capgemini.com\/de-de\/solutions\/do-good-with-data-and-ai\/#primaryimage\"},\"thumbnailUrl\":\"https:\/\/www.capgemini.com\/de-de\/wp-content\/uploads\/sites\/8\/2023\/01\/ai-for-good.png\",\"datePublished\":\"2022-01-28T14:20:53+00:00\",\"dateModified\":\"2026-01-08T09:52:44+00:00\",\"description\":\"Wir sind \u00fcberzeugt, dass KI einen gro\u00dfen Einfluss auf die Realisierung einer nachhaltigen Welt haben kann. Erfahren Sie, welche Vorteile Sie mit Daten und KI nutzen k\u00f6nnen.\",\"breadcrumb\":{\"@id\":\"https:\/\/www.capgemini.com\/de-de\/solutions\/do-good-with-data-and-ai\/#breadcrumb\"},\"inLanguage\":\"de-DE\",\"potentialAction\":[{\"@type\":\"ReadAction\",\"target\":[\"https:\/\/www.capgemini.com\/de-de\/solutions\/do-good-with-data-and-ai\/\"]}]},{\"@type\":\"ImageObject\",\"inLanguage\":\"de-DE\",\"@id\":\"https:\/\/www.capgemini.com\/de-de\/solutions\/do-good-with-data-and-ai\/#primaryimage\",\"url\":\"https:\/\/www.capgemini.com\/de-de\/wp-content\/uploads\/sites\/8\/2023\/01\/ai-for-good.png\",\"contentUrl\":\"https:\/\/www.capgemini.com\/de-de\/wp-content\/uploads\/sites\/8\/2023\/01\/ai-for-good.png\",\"width\":2459,\"height\":3280},{\"@type\":\"BreadcrumbList\",\"@id\":\"https:\/\/www.capgemini.com\/de-de\/solutions\/do-good-with-data-and-ai\/#breadcrumb\",\"itemListElement\":[{\"@type\":\"ListItem\",\"position\":1,\"name\":\"Solutions\",\"item\":\"https:\/\/www.capgemini.com\/de-de\/solutions\/\"},{\"@type\":\"ListItem\",\"position\":2,\"name\":\"Gutes Tun mit Daten und KI\"}]},{\"@type\":\"WebSite\",\"@id\":\"https:\/\/www.capgemini.com\/de-de\/#website\",\"url\":\"https:\/\/www.capgemini.com\/de-de\/\",\"name\":\"Capgemini Deutschland\",\"description\":\"Make it real\",\"potentialAction\":[{\"@type\":\"SearchAction\",\"target\":{\"@type\":\"EntryPoint\",\"urlTemplate\":\"https:\/\/www.capgemini.com\/de-de\/?s={search_term_string}\"},\"query-input\":\"required name=search_term_string\"}],\"inLanguage\":\"de-DE\"}]}<\/script>\n<!-- \/ Yoast SEO Premium plugin. -->","yoast_head_json":{"title":"Gutes Tun mit Daten und KI - Capgemini","description":"Wir sind \u00fcberzeugt, dass KI einen gro\u00dfen Einfluss auf die Realisierung einer nachhaltigen Welt haben kann. Erfahren Sie, welche Vorteile Sie mit Daten und KI nutzen k\u00f6nnen.","robots":{"index":"index","follow":"follow","max-snippet":"max-snippet:-1","max-image-preview":"max-image-preview:large","max-video-preview":"max-video-preview:-1"},"canonical":"https:\/\/www.capgemini.com\/de-de\/solutions\/do-good-with-data-and-ai\/","og_locale":"de_DE","og_type":"article","og_title":"Gutes Tun mit Daten und KI - Capgemini","og_description":"Wir sind \u00fcberzeugt, dass KI einen gro\u00dfen Einfluss auf die Realisierung einer nachhaltigen Welt haben kann. Erfahren Sie, welche Vorteile Sie mit Daten und KI nutzen k\u00f6nnen.","og_url":"https:\/\/www.capgemini.com\/de-de\/solutions\/do-good-with-data-and-ai\/","og_site_name":"Capgemini","article_modified_time":"2026-01-08T09:52:44+00:00","og_image":[{"width":1200,"height":627,"url":"https:\/\/www.capgemini.com\/de-de\/wp-content\/uploads\/sites\/8\/2025\/10\/New-Web-preview-global.jpg","type":"image\/jpeg"}],"twitter_card":"summary_large_image","twitter_misc":{"Est. reading time":"4 minutes"},"schema":{"@context":"https:\/\/schema.org","@graph":[{"@type":"WebPage","@id":"https:\/\/www.capgemini.com\/de-de\/solutions\/do-good-with-data-and-ai\/","url":"https:\/\/www.capgemini.com\/de-de\/solutions\/do-good-with-data-and-ai\/","name":"Gutes Tun mit Daten und KI - Capgemini","isPartOf":{"@id":"https:\/\/www.capgemini.com\/de-de\/#website"},"primaryImageOfPage":{"@id":"https:\/\/www.capgemini.com\/de-de\/solutions\/do-good-with-data-and-ai\/#primaryimage"},"image":{"@id":"https:\/\/www.capgemini.com\/de-de\/solutions\/do-good-with-data-and-ai\/#primaryimage"},"thumbnailUrl":"https:\/\/www.capgemini.com\/de-de\/wp-content\/uploads\/sites\/8\/2023\/01\/ai-for-good.png","datePublished":"2022-01-28T14:20:53+00:00","dateModified":"2026-01-08T09:52:44+00:00","description":"Wir sind \u00fcberzeugt, dass KI einen gro\u00dfen Einfluss auf die Realisierung einer nachhaltigen Welt haben kann. Erfahren Sie, welche Vorteile Sie mit Daten und KI nutzen k\u00f6nnen.","breadcrumb":{"@id":"https:\/\/www.capgemini.com\/de-de\/solutions\/do-good-with-data-and-ai\/#breadcrumb"},"inLanguage":"de-DE","potentialAction":[{"@type":"ReadAction","target":["https:\/\/www.capgemini.com\/de-de\/solutions\/do-good-with-data-and-ai\/"]}]},{"@type":"ImageObject","inLanguage":"de-DE","@id":"https:\/\/www.capgemini.com\/de-de\/solutions\/do-good-with-data-and-ai\/#primaryimage","url":"https:\/\/www.capgemini.com\/de-de\/wp-content\/uploads\/sites\/8\/2023\/01\/ai-for-good.png","contentUrl":"https:\/\/www.capgemini.com\/de-de\/wp-content\/uploads\/sites\/8\/2023\/01\/ai-for-good.png","width":2459,"height":3280},{"@type":"BreadcrumbList","@id":"https:\/\/www.capgemini.com\/de-de\/solutions\/do-good-with-data-and-ai\/#breadcrumb","itemListElement":[{"@type":"ListItem","position":1,"name":"Solutions","item":"https:\/\/www.capgemini.com\/de-de\/solutions\/"},{"@type":"ListItem","position":2,"name":"Gutes Tun mit Daten und KI"}]},{"@type":"WebSite","@id":"https:\/\/www.capgemini.com\/de-de\/#website","url":"https:\/\/www.capgemini.com\/de-de\/","name":"Capgemini Deutschland","description":"Make it real","potentialAction":[{"@type":"SearchAction","target":{"@type":"EntryPoint","urlTemplate":"https:\/\/www.capgemini.com\/de-de\/?s={search_term_string}"},"query-input":"required name=search_term_string"}],"inLanguage":"de-DE"}]}},"brand_term":[],"parsely":{"version":"1.1.0","canonical_url":"https:\/\/capgemini.com\/de-de\/solutions\/do-good-with-data-and-ai\/","smart_links":{"inbound":0,"outbound":0},"traffic_boost_suggestions_count":0,"meta":{"@context":"https:\/\/schema.org","@type":"WebPage","headline":"Gutes Tun mit Daten und KI","url":"http:\/\/www.capgemini.com\/de-de\/solutions\/do-good-with-data-and-ai\/","mainEntityOfPage":{"@type":"WebPage","@id":"http:\/\/www.capgemini.com\/de-de\/solutions\/do-good-with-data-and-ai\/"},"thumbnailUrl":"https:\/\/www.capgemini.com\/de-de\/wp-content\/uploads\/sites\/8\/2023\/01\/ai-for-good.png?w=150&h=150&crop=1","image":{"@type":"ImageObject","url":"https:\/\/www.capgemini.com\/de-de\/wp-content\/uploads\/sites\/8\/2023\/01\/ai-for-good.png"},"articleSection":"Uncategorized","author":[],"creator":[],"publisher":{"@type":"Organization","name":"Capgemini","logo":""},"keywords":[],"dateCreated":"2022-01-28T14:20:53Z","datePublished":"2022-01-28T14:20:53Z","dateModified":"2026-01-08T09:52:44Z"},"rendered":"<script type=\"application\/ld+json\" class=\"wp-parsely-metadata\">{\"@context\":\"https:\\\/\\\/schema.org\",\"@type\":\"WebPage\",\"headline\":\"Gutes Tun mit Daten und KI\",\"url\":\"http:\\\/\\\/www.capgemini.com\\\/de-de\\\/solutions\\\/do-good-with-data-and-ai\\\/\",\"mainEntityOfPage\":{\"@type\":\"WebPage\",\"@id\":\"http:\\\/\\\/www.capgemini.com\\\/de-de\\\/solutions\\\/do-good-with-data-and-ai\\\/\"},\"thumbnailUrl\":\"https:\\\/\\\/www.capgemini.com\\\/de-de\\\/wp-content\\\/uploads\\\/sites\\\/8\\\/2023\\\/01\\\/ai-for-good.png?w=150&h=150&crop=1\",\"image\":{\"@type\":\"ImageObject\",\"url\":\"https:\\\/\\\/www.capgemini.com\\\/de-de\\\/wp-content\\\/uploads\\\/sites\\\/8\\\/2023\\\/01\\\/ai-for-good.png\"},\"articleSection\":\"Uncategorized\",\"author\":[],\"creator\":[],\"publisher\":{\"@type\":\"Organization\",\"name\":\"Capgemini\",\"logo\":\"\"},\"keywords\":[],\"dateCreated\":\"2022-01-28T14:20:53Z\",\"datePublished\":\"2022-01-28T14:20:53Z\",\"dateModified\":\"2026-01-08T09:52:44Z\"}<\/script>","tracker_url":"https:\/\/cdn.parsely.com\/keys\/capgemini.com\/p.js"},"archive_status":false,"featured_image_src":"https:\/\/www.capgemini.com\/de-de\/wp-content\/uploads\/sites\/8\/2023\/01\/ai-for-good.png","featured_image_alt":"","jetpack_sharing_enabled":true,"distributor_meta":false,"distributor_terms":false,"distributor_media":false,"distributor_original_site_name":"Capgemini","distributor_original_site_url":"https:\/\/www.capgemini.com\/de-de","push-errors":false,"_links":{"self":[{"href":"https:\/\/www.capgemini.com\/de-de\/wp-json\/wp\/v2\/pages\/741743","targetHints":{"allow":["GET"]}}],"collection":[{"href":"https:\/\/www.capgemini.com\/de-de\/wp-json\/wp\/v2\/pages"}],"about":[{"href":"https:\/\/www.capgemini.com\/de-de\/wp-json\/wp\/v2\/types\/page"}],"author":[{"embeddable":true,"href":"https:\/\/www.capgemini.com\/de-de\/wp-json\/wp\/v2\/users\/151"}],"replies":[{"embeddable":true,"href":"https:\/\/www.capgemini.com\/de-de\/wp-json\/wp\/v2\/comments?post=741743"}],"version-history":[{"count":16,"href":"https:\/\/www.capgemini.com\/de-de\/wp-json\/wp\/v2\/pages\/741743\/revisions"}],"predecessor-version":[{"id":890529,"href":"https:\/\/www.capgemini.com\/de-de\/wp-json\/wp\/v2\/pages\/741743\/revisions\/890529"}],"up":[{"embeddable":true,"href":"https:\/\/www.capgemini.com\/de-de\/wp-json\/wp\/v2\/pages\/743171"}],"wp:featuredmedia":[{"embeddable":true,"href":"https:\/\/www.capgemini.com\/de-de\/wp-json\/wp\/v2\/media\/813883"}],"wp:attachment":[{"href":"https:\/\/www.capgemini.com\/de-de\/wp-json\/wp\/v2\/media?parent=741743"}],"wp:term":[{"taxonomy":"brand","embeddable":true,"href":"https:\/\/www.capgemini.com\/de-de\/wp-json\/wp\/v2\/brand?post=741743"},{"taxonomy":"partner_type","embeddable":true,"href":"https:\/\/www.capgemini.com\/de-de\/wp-json\/wp\/v2\/partner_type?post=741743"},{"taxonomy":"service","embeddable":true,"href":"https:\/\/www.capgemini.com\/de-de\/wp-json\/wp\/v2\/service?post=741743"},{"taxonomy":"industry","embeddable":true,"href":"https:\/\/www.capgemini.com\/de-de\/wp-json\/wp\/v2\/industry?post=741743"},{"taxonomy":"partners","embeddable":true,"href":"https:\/\/www.capgemini.com\/de-de\/wp-json\/wp\/v2\/partners?post=741743"},{"taxonomy":"page-type","embeddable":true,"href":"https:\/\/www.capgemini.com\/de-de\/wp-json\/wp\/v2\/page-type?post=741743"},{"taxonomy":"content-group","embeddable":true,"href":"https:\/\/www.capgemini.com\/de-de\/wp-json\/wp\/v2\/content-group?post=741743"}],"curies":[{"name":"wp","href":"https:\/\/api.w.org\/{rel}","templated":true}]}}