{"id":741740,"date":"2022-01-28T14:33:01","date_gmt":"2022-01-28T14:33:01","guid":{"rendered":"https:\/\/www.capgemini.com\/?page_id=647387"},"modified":"2026-01-08T09:52:18","modified_gmt":"2026-01-08T09:52:18","slug":"industrialized-data-and-ai-engineering-acceleration-by-capgemini","status":"publish","type":"page","link":"https:\/\/www.capgemini.com\/de-de\/solutions\/industrialized-data-and-ai-engineering-acceleration-by-capgemini\/","title":{"rendered":"IDEA von Capgemini"},"content":{"rendered":"\n<header class=\"wp-block-cg-blocks-hero-reusable header heroReusable  \"><div class=\"header-bgs\"><picture><source srcset=\"https:\/\/www.capgemini.com\/wp-content\/uploads\/2021\/12\/Capgemini_Data-andAI_IDEA.jpg?w=2880&amp;quality=70 1x, https:\/\/www.capgemini.com\/wp-content\/uploads\/2021\/12\/Capgemini_Data-andAI_IDEA.jpg?w=2880&amp;quality=70 2x\" media=\"(min-width: 1500px)\"\/><source srcset=\"https:\/\/www.capgemini.com\/wp-content\/uploads\/2021\/12\/Capgemini_Data-andAI_IDEA.jpg?w=1440&amp;quality=70 1x, https:\/\/www.capgemini.com\/wp-content\/uploads\/2021\/12\/Capgemini_Data-andAI_IDEA.jpg?w=2880&amp;quality=70 2x\" media=\"(min-width: 992px)\"\/><source srcset=\"https:\/\/www.capgemini.com\/wp-content\/uploads\/2021\/12\/Capgemini_Data-andAI_IDEA.jpg?w=1024&amp;quality=70 1x, https:\/\/www.capgemini.com\/wp-content\/uploads\/2021\/12\/Capgemini_Data-andAI_IDEA.jpg?w=1024&amp;quality=70 2x\" media=\"(min-width: 768px)\"\/><source srcset=\"https:\/\/www.capgemini.com\/wp-content\/uploads\/2021\/12\/Capgemini_Data-andAI_IDEA.jpg?w=768&amp;quality=70 1x, https:\/\/www.capgemini.com\/wp-content\/uploads\/2021\/12\/Capgemini_Data-andAI_IDEA.jpg?w=768&amp;quality=70 2x\" media=\"(min-width: 0)\"\/><img decoding=\"async\" src=\"https:\/\/www.capgemini.com\/wp-content\/uploads\/2021\/12\/Capgemini_Data-andAI_IDEA.jpg\" class=\"header-img header-img-d\" alt=\"\" style=\"object-fit:cover;object-position:55.00000000000001% 20%\" loading=\"eager\"\/><\/picture><\/div><div class=\"heroPictureCardHeaderShape\"><\/div><div class=\"container\"><div class=\"row\"><div class=\"col-md-12\"><div class=\"box\"><div class=\"boxTagWrapper\"><div class=\"tagInfo\"><\/div><\/div><div class=\"box-title\"><h1 data-maxlength=\"34\">Industrialisierte Daten- und KI-Entwicklungsbeschleunigung (IDEA) von Capgemini<\/h1><\/div><div class=\"inner-row-insight download-btn\"><div class=\"col-md-4 downloadFiles addPadding\"><a class=\"button-download--small\" type=\"download\" href=\"https:\/\/www.capgemini.com\/wp-content\/uploads\/2022\/05\/Brochure-IDEA-by-Capgemini-with-Microsoft.pdf\" target=\"_blank\" rel=\"noopener noreferrer\" title=\"In neuem Fenster \u00f6ffnen\"><span>Download Brosch\u00fcre<\/span><span class=\"type\">1 MB pdf<\/span><\/a><\/div><\/div><\/div><\/div><\/div><\/div><\/header>\n\n\n\n<section class=\"wp-block-cg-blocks-intro-para undefined pt48 section section--intro\"><div class=\"intro-para\"><div class=\"container\"><div class=\"row\"><div class=\"col-12 col-md-1\"><nav class=\"article-social\"><ul class=\"social-nav\"><li class=\"ip-order-fb\"><a href=\"https:\/\/www.facebook.com\/sharer\/sharer.php?u=https:\/\/www.capgemini.com\/de-de\/solutions\/industrialized-data-and-ai-engineering-acceleration-by-capgemini\/\" target=\"_blank\" rel=\"noopener noreferrer\" title=\"In neuem Fenster \u00f6ffnen\"><i aria-hidden=\"true\" class=\"icon-fb\"><\/i><span class=\"sr-only\">Facebook<\/span><\/a><\/li><li class=\"ip-order-li\"><a href=\"https:\/\/www.linkedin.com\/sharing\/share-offsite\/?url=https:\/\/www.capgemini.com\/de-de\/solutions\/industrialized-data-and-ai-engineering-acceleration-by-capgemini\/\" target=\"_blank\" rel=\"noopener noreferrer\" title=\"In neuem Fenster \u00f6ffnen\"><i aria-hidden=\"true\" class=\"icon-li\"><\/i><span class=\"sr-only\">Linkedin<\/span><\/a><\/li><\/ul><\/nav><\/div><div class=\"col-12 col-md-11 col-lg-10\"><h2 class=\"intro-para-title\">M\u00f6chten Sie Ihren Datenbestand industrialisieren? Oder das volle Potenzial Ihres Unternehmens durch Daten freisetzen?\u00a0Holen Sie sich den Schl\u00fcssel zu Ihrem datengest\u00fctzten Unternehmen mit IDEA von Capgemini.<\/h2><\/div><\/div><\/div><\/div><\/section>\n\n\n\n<section class=\"wp-block-cg-blocks-intro-para-video section section--info-2cols section--insights section-video \"><div class=\"bg-color video-align-left\"><div class=\"container\"><div class=\"row video-align-right\"><div class=\"col-md-12\"><div class=\"video-align-right row box box--4 box--mini\"><div class=\"col-md-1\"><\/div><div class=\"col-md-8 box-img-wrapper\"><div class=\"video-box\"><div class=\"video-wrapper\"><iframe title=\"video-section\" src=\"https:\/\/www.youtube.com\/embed\/OPXpOV6CZOo?rel=0&amp;modestbranding=1&amp;playsinline=1&amp;enablejsapi=1\" frameborder=\"0\" allow=\"accelerometer; autoplay; clipboard-write; encrypted-media; gyroscope; picture-in-picture\" allowfullscreen loading=\"lazy\" referrerpolicy=\"strict-origin-when-cross-origin\"><\/iframe><\/div><\/div><\/div><div class=\"col-md-3\"><h3 class=\"Video-title\" data-maxlength=\"34\">IDEA by Capgemini<\/h3><div class=\"video-info\"><p data-maxlength=\"68\">Get the keys to your data-powered organization.<\/p><\/div><\/div><div class=\"col-md-1\"><\/div><\/div><\/div><\/div><\/div><\/div><\/section>\n\n\n\n<section class=\"wp-block-cg-blocks-group undefined section--story-content article-body section section--article-content\"><div class=\"article-main-content\"><div class=\"container\"><div class=\"row\"><div class=\"col-12 col-md-11 col-lg-10 offset-md-1 offset-lg-1\"><div class=\"article-text article-quote-text\">\n<h4 class=\"wp-block-heading\" id=\"h-gestalten-sie-ihr-datengestutztes-unternehmen-neu\">Gestalten Sie Ihr datengest\u00fctztes Unternehmen neu<\/h4>\n\n\n\n<p>IDEA by Capgemini hilft Unternehmen nicht nur, Dinge schneller, sondern auch anders zu machen &#8211; n\u00e4mlich moderner. \u202fUnsere F\u00e4higkeit, produktionsfertige, sofort einsetzbare Anwendungen und Module zu kombinieren, die zudem vollst\u00e4ndig anpassbar sind, verleiht Unternehmen sowohl Geschwindigkeit als auch Flexibilit\u00e4t bei der Transformation ihres Datenbestands.&nbsp;<\/p>\n\n\n\n<p>Daten sind das wettbewerbsf\u00e4higste und strategischste Kapital eines jeden Unternehmens &#8211; nur sind sie in vielen F\u00e4llen auch eine verstreute Ressource, die nur schwer zu erfassen, zu speichern, zu analysieren und \u00fcber Funktionen, Anwendungen und Initiativen hinweg zu verwalten ist.&nbsp;<\/p>\n\n\n\n<p><strong>IDEA von Capgemini<\/strong> &#8211; Industrialized Data &amp; AI Engineering Acceleration &#8211; ist eine neue F\u00e4higkeit von Capgemini, die Unternehmen dabei hilft, ihre Datenflut in einen echten strategischen Vorteil zu verwandeln.&nbsp;<\/p>\n\n\n\n<p>Ausgehend von unserer Studie <a href=\"https:\/\/www.capgemini.com\/insights\/research-library\/the-data-powered-enterprise\/\">The Data-powered Enterprise<\/a> ist eine starke Betonung der Datenqualit\u00e4t von entscheidender Bedeutung:&nbsp;<\/p>\n\n\n\n<figure class=\"wp-block-image\"><img decoding=\"async\" src=\"https:\/\/www.capgemini.com\/wp-content\/uploads\/2021\/05\/reduced-project-cost-v3-TD-24.6.21.jpg\" alt=\"\" class=\"wp-image-609690\"\/><\/figure>\n\n\n\n<h4 class=\"wp-block-heading\" id=\"h-bewegen-sie-ihre-datenmuskulatur-und-lassen-sie-sie-wachsen\">Bewegen Sie Ihre Datenmuskulatur &#8211; und lassen Sie sie wachsen<\/h4>\n\n\n\n<p>IDEA von Capgemini unterst\u00fctzt Unternehmen bei der Schaffung der notwendigen Datengrundlage und -infrastruktur sowie beim Aufbau der erg\u00e4nzenden F\u00e4higkeiten, die erforderlich sind, um ein datengest\u00fctztes Unternehmen zu werden. sowie beim Aufbau der erg\u00e4nzenden F\u00e4higkeiten, die erforderlich sind, um ein datengest\u00fctztes Unternehmen zu werden.<\/p>\n\n\n\n<h4 class=\"wp-block-heading\" id=\"h-seien-wir-konkret-es-ist-an-der-zeit-etwas-zu-bewirken\">Seien wir konkret &#8211; es ist an der Zeit, etwas zu bewirken<\/h4>\n\n\n\n<p>IDEA von Capgemini wurde speziell f\u00fcr die moderne Welt entwickelt, um Unternehmen bei der Bew\u00e4ltigung der h\u00e4ufigsten Herausforderungen im Rahmen ihrer Datenmodernisierung zu unterst\u00fctzen.&nbsp;<\/p>\n\n\n\n<figure class=\"wp-block-image\"><img decoding=\"async\" src=\"https:\/\/www.capgemini.com\/wp-content\/uploads\/2021\/06\/Data-discovery-modernization-platform-idea.jpg\" alt=\"\" class=\"wp-image-612546\"\/><\/figure>\n\n\n\n<p>Wir helfen dabei:&nbsp;<\/p>\n\n\n\n<ul class=\"wp-block-list\">\n<li>Vermeiden Sie KI-M\u00fcdigkeit, indem Sie eine solide, aber flexible Grundlage und Infrastruktur aufbauen, von der aus Sie Anwendungsf\u00e4lle starten und skalieren k\u00f6nnen.&nbsp;<\/li>\n\n\n\n<li>Legen Sie den Datensumpf mit unserem Assessment &amp; Discovery Accelerator trocken.&nbsp;<\/li>\n\n\n\n<li>Bewahren Sie mit den in IDEA integrierten Methoden ein H\u00f6chstma\u00df an Sicherheit, Datenschutz und ethischen Grunds\u00e4tzen.&nbsp;<\/li>\n\n\n\n<li>Bew\u00e4ltigen Sie das zunehmend komplexe und sich st\u00e4ndig weiterentwickelnde regulatorische Umfeld.&nbsp;<\/li>\n<\/ul>\n\n\n\n<h4 class=\"wp-block-heading\" id=\"h-wie-konnen-wir-ihnen-helfen-daten-zu-ihrem-wettbewerbsvorteil-zu-machen\">Wie k\u00f6nnen wir Ihnen helfen, Daten zu Ihrem Wettbewerbsvorteil zu machen?<\/h4>\n\n\n\n<figure class=\"wp-block-image\"><img decoding=\"async\" src=\"https:\/\/www.capgemini.com\/wp-content\/uploads\/2021\/05\/modernize-democratize-industrialize-24.6.21.jpg\" alt=\"\" class=\"wp-image-609689\"\/><\/figure>\n\n\n\n<p>Eine moderne Datenstrategie ist der Schl\u00fcssel zu einem datengesteuerten Unternehmen. Finden Sie heraus, wie IDEA von Capgemini Ihr Unternehmen unterst\u00fctzen kann:&nbsp;<\/p>\n\n\n\n<ul class=\"wp-block-list\">\n<li>Erschlie\u00dfung neuer Umsatzmodelle durch hochwertige, intelligente Produkte und Dienstleistungen&nbsp;<\/li>\n\n\n\n<li>Verbesserung der Kundenerfahrung und -bindung durch personalisiertes, relevantes Marketing und Kommunikation&nbsp;<\/li>\n\n\n\n<li>Nutzung von Datenprodukten und Echtzeiteinblicken f\u00fcr eine schnellere und bessere Entscheidungsfindung&nbsp;<\/li>\n\n\n\n<li>Optimierung der Gesch\u00e4ftsabl\u00e4ufe im gesamten Unternehmen&nbsp;<\/li>\n<\/ul>\n\n\n\n<div class=\"wp-block-buttons is-layout-flex wp-block-buttons-is-layout-flex\">\n<div class=\"wp-block-button\"><a class=\"wp-block-button__link wp-element-button\" href=\"https:\/\/www.capgemini.com\/wp-content\/uploads\/2022\/05\/Brochure-IDEA-by-Capgemini-with-Microsoft.pdf\" target=\"_blank\" rel=\"noreferrer noopener\">Download Brosch\u00fcre<\/a><\/div>\n<\/div>\n<\/div><\/div><\/div><\/div><\/div><\/section>\n","protected":false},"excerpt":{"rendered":"","protected":false},"author":151,"featured_media":741742,"parent":743171,"menu_order":0,"comment_status":"closed","ping_status":"closed","template":"","meta":{"cg_dt_proposed_to":[],"cg_seo_hreflang_relations":"[]","cg_seo_canonical_relation":"","cg_seo_hreflang_x_default_relation":"{\"uuid\":\"18ace3ea-1988-4ffe-bfa3-09dae4b206d9\",\"blogId\":\"\",\"domain\":\"\",\"sitePath\":\"\",\"postLink\":\"\",\"postId\":null,\"isSaved\":true,\"isCrossLink\":false,\"hasCrossLink\":false}","cg_dt_approved_content":true,"cg_dt_mandatory_content":false,"cg_dt_notes":"","cg_dg_source_changed":false,"cg_dt_link_disabled":false,"_yoast_wpseo_primary_brand":"","footnotes":"","featured_focal_points":"","partner_card_description":"","gsap_animation":0},"brand":[],"partner_type":[],"service":[],"industry":[],"partners":[],"page-type":[287],"content-group":[],"class_list":["post-741740","page","type-page","status-publish","has-post-thumbnail","hentry","page-type-solutions"],"yoast_head":"<!-- This site is optimized with the Yoast SEO Premium plugin v22.8 (Yoast SEO v22.8) - https:\/\/yoast.com\/wordpress\/plugins\/seo\/ -->\n<title>IDEA von Capgemini - Capgemini<\/title>\n<meta name=\"description\" content=\"Wie Capgemini&#039;s IDEA Unternehmen bei der Umwandlung ihrer Datenflut in einen echten strategischen Vorteil unterst\u00fctzt.\" \/>\n<meta name=\"robots\" content=\"index, follow, max-snippet:-1, max-image-preview:large, max-video-preview:-1\" \/>\n<link rel=\"canonical\" href=\"https:\/\/www.capgemini.com\/de-de\/solutions\/industrialized-data-and-ai-engineering-acceleration-by-capgemini\/\" \/>\n<meta property=\"og:locale\" content=\"de_DE\" \/>\n<meta property=\"og:type\" content=\"article\" \/>\n<meta property=\"og:title\" content=\"IDEA von Capgemini - Capgemini\" \/>\n<meta property=\"og:description\" content=\"Wie Capgemini&#039;s IDEA Unternehmen bei der Umwandlung ihrer Datenflut in einen echten strategischen Vorteil unterst\u00fctzt.\" \/>\n<meta property=\"og:url\" content=\"https:\/\/www.capgemini.com\/de-de\/solutions\/industrialized-data-and-ai-engineering-acceleration-by-capgemini\/\" \/>\n<meta property=\"og:site_name\" content=\"Capgemini\" \/>\n<meta property=\"article:modified_time\" content=\"2026-01-08T09:52:18+00:00\" \/>\n<meta property=\"og:image\" content=\"https:\/\/www.capgemini.com\/de-de\/wp-content\/uploads\/sites\/8\/2022\/01\/Capgemini_Solutions_Industrialized-Data-and-AI-Engineering-Acceleration.jpg\" \/>\n\t<meta property=\"og:image:width\" content=\"2880\" \/>\n\t<meta property=\"og:image:height\" content=\"1800\" \/>\n\t<meta property=\"og:image:type\" content=\"image\/jpeg\" \/>\n<meta name=\"twitter:card\" content=\"summary_large_image\" \/>\n<meta name=\"twitter:label1\" content=\"Est. reading time\" \/>\n\t<meta name=\"twitter:data1\" content=\"4 minutes\" \/>\n<script type=\"application\/ld+json\" class=\"yoast-schema-graph\">{\"@context\":\"https:\/\/schema.org\",\"@graph\":[{\"@type\":\"WebPage\",\"@id\":\"https:\/\/www.capgemini.com\/de-de\/solutions\/industrialized-data-and-ai-engineering-acceleration-by-capgemini\/\",\"url\":\"https:\/\/www.capgemini.com\/de-de\/solutions\/industrialized-data-and-ai-engineering-acceleration-by-capgemini\/\",\"name\":\"IDEA von Capgemini - Capgemini\",\"isPartOf\":{\"@id\":\"https:\/\/www.capgemini.com\/de-de\/#website\"},\"primaryImageOfPage\":{\"@id\":\"https:\/\/www.capgemini.com\/de-de\/solutions\/industrialized-data-and-ai-engineering-acceleration-by-capgemini\/#primaryimage\"},\"image\":{\"@id\":\"https:\/\/www.capgemini.com\/de-de\/solutions\/industrialized-data-and-ai-engineering-acceleration-by-capgemini\/#primaryimage\"},\"thumbnailUrl\":\"https:\/\/www.capgemini.com\/de-de\/wp-content\/uploads\/sites\/8\/2022\/01\/Capgemini_Solutions_Industrialized-Data-and-AI-Engineering-Acceleration.jpg\",\"datePublished\":\"2022-01-28T14:33:01+00:00\",\"dateModified\":\"2026-01-08T09:52:18+00:00\",\"description\":\"Wie Capgemini's IDEA Unternehmen bei der Umwandlung ihrer Datenflut in einen echten strategischen Vorteil unterst\u00fctzt.\",\"breadcrumb\":{\"@id\":\"https:\/\/www.capgemini.com\/de-de\/solutions\/industrialized-data-and-ai-engineering-acceleration-by-capgemini\/#breadcrumb\"},\"inLanguage\":\"de-DE\",\"potentialAction\":[{\"@type\":\"ReadAction\",\"target\":[\"https:\/\/www.capgemini.com\/de-de\/solutions\/industrialized-data-and-ai-engineering-acceleration-by-capgemini\/\"]}]},{\"@type\":\"ImageObject\",\"inLanguage\":\"de-DE\",\"@id\":\"https:\/\/www.capgemini.com\/de-de\/solutions\/industrialized-data-and-ai-engineering-acceleration-by-capgemini\/#primaryimage\",\"url\":\"https:\/\/www.capgemini.com\/de-de\/wp-content\/uploads\/sites\/8\/2022\/01\/Capgemini_Solutions_Industrialized-Data-and-AI-Engineering-Acceleration.jpg\",\"contentUrl\":\"https:\/\/www.capgemini.com\/de-de\/wp-content\/uploads\/sites\/8\/2022\/01\/Capgemini_Solutions_Industrialized-Data-and-AI-Engineering-Acceleration.jpg\",\"width\":2880,\"height\":1800},{\"@type\":\"BreadcrumbList\",\"@id\":\"https:\/\/www.capgemini.com\/de-de\/solutions\/industrialized-data-and-ai-engineering-acceleration-by-capgemini\/#breadcrumb\",\"itemListElement\":[{\"@type\":\"ListItem\",\"position\":1,\"name\":\"Solutions\",\"item\":\"https:\/\/www.capgemini.com\/de-de\/solutions\/\"},{\"@type\":\"ListItem\",\"position\":2,\"name\":\"IDEA von Capgemini\"}]},{\"@type\":\"WebSite\",\"@id\":\"https:\/\/www.capgemini.com\/de-de\/#website\",\"url\":\"https:\/\/www.capgemini.com\/de-de\/\",\"name\":\"Capgemini Deutschland\",\"description\":\"Make it real\",\"potentialAction\":[{\"@type\":\"SearchAction\",\"target\":{\"@type\":\"EntryPoint\",\"urlTemplate\":\"https:\/\/www.capgemini.com\/de-de\/?s={search_term_string}\"},\"query-input\":\"required name=search_term_string\"}],\"inLanguage\":\"de-DE\"}]}<\/script>\n<!-- \/ Yoast SEO Premium plugin. -->","yoast_head_json":{"title":"IDEA von Capgemini - Capgemini","description":"Wie Capgemini's IDEA Unternehmen bei der Umwandlung ihrer Datenflut in einen echten strategischen Vorteil unterst\u00fctzt.","robots":{"index":"index","follow":"follow","max-snippet":"max-snippet:-1","max-image-preview":"max-image-preview:large","max-video-preview":"max-video-preview:-1"},"canonical":"https:\/\/www.capgemini.com\/de-de\/solutions\/industrialized-data-and-ai-engineering-acceleration-by-capgemini\/","og_locale":"de_DE","og_type":"article","og_title":"IDEA von Capgemini - Capgemini","og_description":"Wie Capgemini's IDEA Unternehmen bei der Umwandlung ihrer Datenflut in einen echten strategischen Vorteil unterst\u00fctzt.","og_url":"https:\/\/www.capgemini.com\/de-de\/solutions\/industrialized-data-and-ai-engineering-acceleration-by-capgemini\/","og_site_name":"Capgemini","article_modified_time":"2026-01-08T09:52:18+00:00","og_image":[{"width":2880,"height":1800,"url":"https:\/\/www.capgemini.com\/de-de\/wp-content\/uploads\/sites\/8\/2022\/01\/Capgemini_Solutions_Industrialized-Data-and-AI-Engineering-Acceleration.jpg","type":"image\/jpeg"}],"twitter_card":"summary_large_image","twitter_misc":{"Est. reading time":"4 minutes"},"schema":{"@context":"https:\/\/schema.org","@graph":[{"@type":"WebPage","@id":"https:\/\/www.capgemini.com\/de-de\/solutions\/industrialized-data-and-ai-engineering-acceleration-by-capgemini\/","url":"https:\/\/www.capgemini.com\/de-de\/solutions\/industrialized-data-and-ai-engineering-acceleration-by-capgemini\/","name":"IDEA von Capgemini - Capgemini","isPartOf":{"@id":"https:\/\/www.capgemini.com\/de-de\/#website"},"primaryImageOfPage":{"@id":"https:\/\/www.capgemini.com\/de-de\/solutions\/industrialized-data-and-ai-engineering-acceleration-by-capgemini\/#primaryimage"},"image":{"@id":"https:\/\/www.capgemini.com\/de-de\/solutions\/industrialized-data-and-ai-engineering-acceleration-by-capgemini\/#primaryimage"},"thumbnailUrl":"https:\/\/www.capgemini.com\/de-de\/wp-content\/uploads\/sites\/8\/2022\/01\/Capgemini_Solutions_Industrialized-Data-and-AI-Engineering-Acceleration.jpg","datePublished":"2022-01-28T14:33:01+00:00","dateModified":"2026-01-08T09:52:18+00:00","description":"Wie Capgemini's IDEA Unternehmen bei der Umwandlung ihrer Datenflut in einen echten strategischen Vorteil unterst\u00fctzt.","breadcrumb":{"@id":"https:\/\/www.capgemini.com\/de-de\/solutions\/industrialized-data-and-ai-engineering-acceleration-by-capgemini\/#breadcrumb"},"inLanguage":"de-DE","potentialAction":[{"@type":"ReadAction","target":["https:\/\/www.capgemini.com\/de-de\/solutions\/industrialized-data-and-ai-engineering-acceleration-by-capgemini\/"]}]},{"@type":"ImageObject","inLanguage":"de-DE","@id":"https:\/\/www.capgemini.com\/de-de\/solutions\/industrialized-data-and-ai-engineering-acceleration-by-capgemini\/#primaryimage","url":"https:\/\/www.capgemini.com\/de-de\/wp-content\/uploads\/sites\/8\/2022\/01\/Capgemini_Solutions_Industrialized-Data-and-AI-Engineering-Acceleration.jpg","contentUrl":"https:\/\/www.capgemini.com\/de-de\/wp-content\/uploads\/sites\/8\/2022\/01\/Capgemini_Solutions_Industrialized-Data-and-AI-Engineering-Acceleration.jpg","width":2880,"height":1800},{"@type":"BreadcrumbList","@id":"https:\/\/www.capgemini.com\/de-de\/solutions\/industrialized-data-and-ai-engineering-acceleration-by-capgemini\/#breadcrumb","itemListElement":[{"@type":"ListItem","position":1,"name":"Solutions","item":"https:\/\/www.capgemini.com\/de-de\/solutions\/"},{"@type":"ListItem","position":2,"name":"IDEA von Capgemini"}]},{"@type":"WebSite","@id":"https:\/\/www.capgemini.com\/de-de\/#website","url":"https:\/\/www.capgemini.com\/de-de\/","name":"Capgemini Deutschland","description":"Make it real","potentialAction":[{"@type":"SearchAction","target":{"@type":"EntryPoint","urlTemplate":"https:\/\/www.capgemini.com\/de-de\/?s={search_term_string}"},"query-input":"required name=search_term_string"}],"inLanguage":"de-DE"}]}},"brand_term":[],"parsely":{"version":"1.1.0","canonical_url":"https:\/\/capgemini.com\/de-de\/solutions\/industrialized-data-and-ai-engineering-acceleration-by-capgemini\/","smart_links":{"inbound":0,"outbound":0},"traffic_boost_suggestions_count":0,"meta":{"@context":"https:\/\/schema.org","@type":"WebPage","headline":"IDEA von Capgemini","url":"http:\/\/www.capgemini.com\/de-de\/solutions\/industrialized-data-and-ai-engineering-acceleration-by-capgemini\/","mainEntityOfPage":{"@type":"WebPage","@id":"http:\/\/www.capgemini.com\/de-de\/solutions\/industrialized-data-and-ai-engineering-acceleration-by-capgemini\/"},"thumbnailUrl":"https:\/\/www.capgemini.com\/de-de\/wp-content\/uploads\/sites\/8\/2022\/01\/Capgemini_Solutions_Industrialized-Data-and-AI-Engineering-Acceleration.jpg?w=150&h=150&crop=1","image":{"@type":"ImageObject","url":"https:\/\/www.capgemini.com\/de-de\/wp-content\/uploads\/sites\/8\/2022\/01\/Capgemini_Solutions_Industrialized-Data-and-AI-Engineering-Acceleration.jpg"},"articleSection":"Uncategorized","author":[],"creator":[],"publisher":{"@type":"Organization","name":"Capgemini","logo":""},"keywords":[],"dateCreated":"2022-01-28T14:33:01Z","datePublished":"2022-01-28T14:33:01Z","dateModified":"2026-01-08T09:52:18Z"},"rendered":"<script type=\"application\/ld+json\" class=\"wp-parsely-metadata\">{\"@context\":\"https:\\\/\\\/schema.org\",\"@type\":\"WebPage\",\"headline\":\"IDEA von Capgemini\",\"url\":\"http:\\\/\\\/www.capgemini.com\\\/de-de\\\/solutions\\\/industrialized-data-and-ai-engineering-acceleration-by-capgemini\\\/\",\"mainEntityOfPage\":{\"@type\":\"WebPage\",\"@id\":\"http:\\\/\\\/www.capgemini.com\\\/de-de\\\/solutions\\\/industrialized-data-and-ai-engineering-acceleration-by-capgemini\\\/\"},\"thumbnailUrl\":\"https:\\\/\\\/www.capgemini.com\\\/de-de\\\/wp-content\\\/uploads\\\/sites\\\/8\\\/2022\\\/01\\\/Capgemini_Solutions_Industrialized-Data-and-AI-Engineering-Acceleration.jpg?w=150&h=150&crop=1\",\"image\":{\"@type\":\"ImageObject\",\"url\":\"https:\\\/\\\/www.capgemini.com\\\/de-de\\\/wp-content\\\/uploads\\\/sites\\\/8\\\/2022\\\/01\\\/Capgemini_Solutions_Industrialized-Data-and-AI-Engineering-Acceleration.jpg\"},\"articleSection\":\"Uncategorized\",\"author\":[],\"creator\":[],\"publisher\":{\"@type\":\"Organization\",\"name\":\"Capgemini\",\"logo\":\"\"},\"keywords\":[],\"dateCreated\":\"2022-01-28T14:33:01Z\",\"datePublished\":\"2022-01-28T14:33:01Z\",\"dateModified\":\"2026-01-08T09:52:18Z\"}<\/script>","tracker_url":"https:\/\/cdn.parsely.com\/keys\/capgemini.com\/p.js"},"archive_status":false,"featured_image_src":"https:\/\/www.capgemini.com\/de-de\/wp-content\/uploads\/sites\/8\/2022\/01\/Capgemini_Solutions_Industrialized-Data-and-AI-Engineering-Acceleration.jpg","featured_image_alt":"","jetpack_sharing_enabled":true,"distributor_meta":false,"distributor_terms":false,"distributor_media":false,"distributor_original_site_name":"Capgemini","distributor_original_site_url":"https:\/\/www.capgemini.com\/de-de","push-errors":false,"_links":{"self":[{"href":"https:\/\/www.capgemini.com\/de-de\/wp-json\/wp\/v2\/pages\/741740","targetHints":{"allow":["GET"]}}],"collection":[{"href":"https:\/\/www.capgemini.com\/de-de\/wp-json\/wp\/v2\/pages"}],"about":[{"href":"https:\/\/www.capgemini.com\/de-de\/wp-json\/wp\/v2\/types\/page"}],"author":[{"embeddable":true,"href":"https:\/\/www.capgemini.com\/de-de\/wp-json\/wp\/v2\/users\/151"}],"replies":[{"embeddable":true,"href":"https:\/\/www.capgemini.com\/de-de\/wp-json\/wp\/v2\/comments?post=741740"}],"version-history":[{"count":12,"href":"https:\/\/www.capgemini.com\/de-de\/wp-json\/wp\/v2\/pages\/741740\/revisions"}],"predecessor-version":[{"id":890528,"href":"https:\/\/www.capgemini.com\/de-de\/wp-json\/wp\/v2\/pages\/741740\/revisions\/890528"}],"up":[{"embeddable":true,"href":"https:\/\/www.capgemini.com\/de-de\/wp-json\/wp\/v2\/pages\/743171"}],"wp:featuredmedia":[{"embeddable":true,"href":"https:\/\/www.capgemini.com\/de-de\/wp-json\/wp\/v2\/media\/741742"}],"wp:attachment":[{"href":"https:\/\/www.capgemini.com\/de-de\/wp-json\/wp\/v2\/media?parent=741740"}],"wp:term":[{"taxonomy":"brand","embeddable":true,"href":"https:\/\/www.capgemini.com\/de-de\/wp-json\/wp\/v2\/brand?post=741740"},{"taxonomy":"partner_type","embeddable":true,"href":"https:\/\/www.capgemini.com\/de-de\/wp-json\/wp\/v2\/partner_type?post=741740"},{"taxonomy":"service","embeddable":true,"href":"https:\/\/www.capgemini.com\/de-de\/wp-json\/wp\/v2\/service?post=741740"},{"taxonomy":"industry","embeddable":true,"href":"https:\/\/www.capgemini.com\/de-de\/wp-json\/wp\/v2\/industry?post=741740"},{"taxonomy":"partners","embeddable":true,"href":"https:\/\/www.capgemini.com\/de-de\/wp-json\/wp\/v2\/partners?post=741740"},{"taxonomy":"page-type","embeddable":true,"href":"https:\/\/www.capgemini.com\/de-de\/wp-json\/wp\/v2\/page-type?post=741740"},{"taxonomy":"content-group","embeddable":true,"href":"https:\/\/www.capgemini.com\/de-de\/wp-json\/wp\/v2\/content-group?post=741740"}],"curies":[{"name":"wp","href":"https:\/\/api.w.org\/{rel}","templated":true}]}}