{"id":741694,"date":"2022-01-31T09:20:54","date_gmt":"2022-01-31T09:20:54","guid":{"rendered":"https:\/\/www.capgemini.com\/?page_id=647831"},"modified":"2026-01-08T09:51:22","modified_gmt":"2026-01-08T09:51:22","slug":"internet-of-things-smart-services","status":"publish","type":"page","link":"https:\/\/www.capgemini.com\/de-de\/solutions\/internet-of-things-smart-services\/","title":{"rendered":"Internet of Things \u2013 Smart Services"},"content":{"rendered":"\n<header class=\"wp-block-cg-blocks-hero-reusable header heroReusable  \"><div class=\"header-bgs\"><picture><source srcset=\"https:\/\/www.capgemini.com\/wp-content\/uploads\/2022\/05\/Capgemini_Solutions_Internet-of-Things_Smart-Services.jpg?w=2880&amp;quality=70 1x, https:\/\/www.capgemini.com\/wp-content\/uploads\/2022\/05\/Capgemini_Solutions_Internet-of-Things_Smart-Services.jpg?w=2880&amp;quality=70 2x\" media=\"(min-width: 1500px)\"\/><source srcset=\"https:\/\/www.capgemini.com\/wp-content\/uploads\/2022\/05\/Capgemini_Solutions_Internet-of-Things_Smart-Services.jpg?w=1440&amp;quality=70 1x, https:\/\/www.capgemini.com\/wp-content\/uploads\/2022\/05\/Capgemini_Solutions_Internet-of-Things_Smart-Services.jpg?w=2880&amp;quality=70 2x\" media=\"(min-width: 992px)\"\/><source srcset=\"https:\/\/www.capgemini.com\/wp-content\/uploads\/2022\/05\/Capgemini_Solutions_Internet-of-Things_Smart-Services.jpg?w=1024&amp;quality=70 1x, https:\/\/www.capgemini.com\/wp-content\/uploads\/2022\/05\/Capgemini_Solutions_Internet-of-Things_Smart-Services.jpg?w=1024&amp;quality=70 2x\" media=\"(min-width: 768px)\"\/><source srcset=\"https:\/\/www.capgemini.com\/wp-content\/uploads\/2022\/05\/Capgemini_Solutions_Internet-of-Things_Smart-Services.jpg?w=768&amp;quality=70 1x, https:\/\/www.capgemini.com\/wp-content\/uploads\/2022\/05\/Capgemini_Solutions_Internet-of-Things_Smart-Services.jpg?w=768&amp;quality=70 2x\" media=\"(min-width: 0)\"\/><img decoding=\"async\" src=\"https:\/\/www.capgemini.com\/wp-content\/uploads\/2022\/05\/Capgemini_Solutions_Internet-of-Things_Smart-Services.jpg\" class=\"header-img header-img-d\" alt=\"\" style=\"object-fit:cover;object-position:48% 39%\" loading=\"eager\"\/><\/picture><\/div><div class=\"heroPictureCardHeaderShape\"><\/div><div class=\"container\"><div class=\"row\"><div class=\"col-md-12\"><div class=\"box\"><div class=\"boxTagWrapper\"><div class=\"tagInfo\"><div><span class=\"box-tag\">Solution<\/span><\/div><\/div><\/div><div class=\"box-title\"><h1 data-maxlength=\"34\">Internet of Things \u2013 Smart Services <\/h1><\/div><div class=\"inner-row-insight download-btn\"><\/div><\/div><\/div><\/div><\/div><\/header>\n\n\n\n<section class=\"wp-block-cg-blocks-intro-para undefined section section--intro\"><div class=\"intro-para\"><div class=\"container\"><div class=\"row\"><div class=\"col-12 col-md-1\"><nav class=\"article-social\"><ul class=\"social-nav\"><li class=\"ip-order-fb\"><a href=\"https:\/\/www.facebook.com\/sharer\/sharer.php?u=https:\/\/www.capgemini.com\/de-de\/solutions\/internet-of-things-smart-services\/\" target=\"_blank\" rel=\"noopener noreferrer\" title=\"In neuem Fenster \u00f6ffnen\"><i aria-hidden=\"true\" class=\"icon-fb\"><\/i><span class=\"sr-only\">Facebook<\/span><\/a><\/li><li class=\"ip-order-li\"><a href=\"https:\/\/www.linkedin.com\/sharing\/share-offsite\/?url=https:\/\/www.capgemini.com\/de-de\/solutions\/internet-of-things-smart-services\/\" target=\"_blank\" rel=\"noopener noreferrer\" title=\"In neuem Fenster \u00f6ffnen\"><i aria-hidden=\"true\" class=\"icon-li\"><\/i><span class=\"sr-only\">Linkedin<\/span><\/a><\/li><\/ul><\/nav><\/div><div class=\"col-12 col-md-11 col-lg-10\"><h2 class=\"intro-para-title\">Entdecken Sie, wie eine offene, skalierbare, sichere und durchg\u00e4ngige Plattform wie XIoT von Capgemini neue Dienstleistungen f\u00fcr Unternehmen aus den Bereichen Energieversorgung, Industrie, Fertigung, Automotive, Transport und Logistik unterst\u00fctzt.<\/h2><\/div><\/div><\/div><\/div><\/section>\n\n\n\n<section class=\"wp-block-cg-blocks-intro-para-video section section--info-2cols section--insights section-video \"><div class=\"bg-color video-align-left\"><div class=\"container\"><div class=\"row video-align-right\"><div class=\"col-md-12\"><div class=\"video-align-right row box box--4 box--mini\"><div class=\"col-md-1\"><\/div><div class=\"col-md-8 box-img-wrapper\"><div class=\"video-box\"><div class=\"video-wrapper\"><iframe title=\"video-section\" src=\"https:\/\/www.youtube.com\/embed\/uLDZBy_rAKU?rel=0&amp;modestbranding=1&amp;playsinline=1&amp;enablejsapi=1\" frameborder=\"0\" allow=\"accelerometer; autoplay; clipboard-write; encrypted-media; gyroscope; picture-in-picture\" allowfullscreen loading=\"lazy\" referrerpolicy=\"strict-origin-when-cross-origin\"><\/iframe><\/div><\/div><\/div><div class=\"col-md-3\"><h3 class=\"Video-title\" data-maxlength=\"34\">Connecting up<\/h3><div class=\"video-info\"><p data-maxlength=\"68\">Unsere Internet der Dinge XIoT-Plattform<\/p><\/div><\/div><div class=\"col-md-1\"><\/div><\/div><\/div><\/div><\/div><\/div><\/section>\n\n\n\n<section class=\"wp-block-cg-blocks-group undefined section section--article-content\"><div class=\"article-main-content\"><div class=\"container\"><div class=\"row\"><div class=\"col-12 col-md-11 col-lg-10 offset-md-1 offset-lg-1\"><div class=\"article-text article-quote-text\">\n<h3 class=\"wp-block-heading\" id=\"h-connecting-up\">Connecting up<\/h3>\n\n\n\n<p>Wir verbinden Sie mit:<\/p>\n\n\n\n<ul class=\"wp-block-list\">\n<li>Verbesserung der Anlagen\u00fcberwachung und -wartung in den Bereichen Energieversorgung, Industrie, Fertigung, Automobil, Transport und Logistik<\/li>\n\n\n\n<li>Bereitstellung neuer vernetzter und intelligenter Dienste f\u00fcr Privat-, Gewerbe- und Gesch\u00e4ftskunden<\/li>\n\n\n\n<li>Integration der Belegschaft in Anlagenbetrieb, Au\u00dfendienst und Fertigung<\/li>\n<\/ul>\n\n\n\n<p>Viele Branchen bewegen sich weg von altersabh\u00e4ngigen Wartungspl\u00e4nen und visuellen Inspektionen hin zu IoT-Netzwerkmanagement, Fernverfolgung sowie vorbeugender und vorausschauender Wartung.&nbsp; Unternehmen m\u00fcssen sich anpassen und innovativ sein, um sicherzustellen, dass die erforderlichen Anlagen und Ger\u00e4te sicher verbunden sind und die riesigen Datenmengen, die sie produzieren, sinnvoll genutzt werden k\u00f6nnen. Und sie m\u00fcssen dies schnell und kosteneffizient tun.<\/p>\n<\/div><\/div><\/div><\/div><\/div><\/section>\n\n\n\n<section class=\"wp-block-cg-blocks-column-text is-style-cg-sapphire2 column-text-block\"><div class=\"container\"><div class=\"row\"><div class=\"col-12\"><div class=\"column-text\"><h3 class=\"column-title caps-text\">BEW\u00c4LTIGUNG DER HEUTIGEN GESCH\u00c4FTLICHEN HERAUSFORDERUNGEN<\/h3><p class=\"column-subtitle\">Die Smart Services und die XIoT-Plattform von Capgemini nutzen bew\u00e4hrte IoT-Technologien von Capgemini und Intel sowie unser umfassendes Know-how in den Bereichen Energieversorgung, Industrie, Fertigung, Automotive, Transport und Logistik. Diese Services und die dazugeh\u00f6rige Plattform erm\u00f6glichen es Unternehmen, L\u00f6sungen f\u00fcr die unterschiedlichsten Anwendungsf\u00e4lle durch intelligente Edge-Technologien, offene Machine-to-Machine-Kommunikation und Big Data\/Analytics einzusetzen.<\/p><div class=\"inner-column-text\"><div class=\"col-12 col-md-4 column-outer\"><div class=\"column-wrapper\"><h5 class=\"jest-column1text\">BENEFITS <br><br>Jedes Ger\u00e4t anschlie\u00dfen<br><br>Hohe Skalierbarkeit<br><br>Schnelle Bereitstellung von Ger\u00e4ten<br><br>Edge- und Cloud-Analytik<br><br>Erweiterte Sicherheit im gro\u00dfen Ma\u00dfstab<br><br>As-a-service model<\/h5><\/div><\/div><div class=\"col-12 col-md-4 column-outer\"><div class=\"column-wrapper\"><h5 class=\"jest-column2text\">SOLUTIONS<br><br>Intelligente Anlagen\u00fcberwachung<br><br>Vorausschauende Anlagenwartung mit Edge Compute<br><br>Energiemanagement f\u00fcr Industrie und Gewerbe<br><br>Umfassende Anlagenverfolgung und -\u00fcberwachung f\u00fcr die Logistik auf Microsoft Azure<br><\/h5><\/div><\/div><div class=\"col-12 col-md-4 column-outer\"><div class=\"column-wrapper\"><h5 class=\"jest-column3text\"><br><br>Umfassendes Asset Tracking und Monitoring f\u00fcr die Logistik in der Cloud<br><br>Robotik als Dienstleistung<br><br>Erm\u00f6glichung der intelligenten Umspannwerke<br><br>Aktive Netzverwaltung<\/h5><\/div><\/div><\/div><\/div><\/div><\/div><\/div><\/section>\n\n\n\n<section class=\"wp-block-cg-blocks-group undefined section section--article-content\"><div class=\"article-main-content\"><div class=\"container\"><div class=\"row\"><div class=\"col-12 col-md-11 col-lg-10 offset-md-1 offset-lg-1\"><div class=\"article-text article-quote-text\">\n<p>Wir verf\u00fcgen \u00fcber un\u00fcbertroffene Erfahrungen in den Branchen Versorger, Industrie, Fertigung, Automobil, Transport und Logistik. Wir liefern branchenspezifische L\u00f6sungen und nutzen unser Fachwissen im Bereich SMAC (Social, Mobile, Analytics und Cloud), um einer Vielzahl von Unternehmen auf der ganzen Welt zu helfen, greifbare Gesch\u00e4ftsergebnisse zu erzielen. Unsere umfangreiche Erfolgsbilanz bei Innovationen und Lieferungen in diesen Branchen wird durch unser umfassendes Netzwerk von Tausenden von engagierten Branchenberatern unterst\u00fctzt.<\/p>\n<\/div><\/div><\/div><\/div><\/div><\/section>\n","protected":false},"excerpt":{"rendered":"","protected":false},"author":151,"featured_media":741695,"parent":743171,"menu_order":99,"comment_status":"closed","ping_status":"closed","template":"","meta":{"cg_dt_proposed_to":[],"cg_seo_hreflang_relations":"[]","cg_seo_canonical_relation":"","cg_seo_hreflang_x_default_relation":"{\"uuid\":\"198adbd2-a3a5-476a-b8b9-e5a597e19514\",\"blogId\":\"\",\"domain\":\"\",\"sitePath\":\"\",\"postLink\":\"\",\"postId\":null,\"isSaved\":true,\"isCrossLink\":false,\"hasCrossLink\":false}","cg_dt_approved_content":true,"cg_dt_mandatory_content":false,"cg_dt_notes":"","cg_dg_source_changed":false,"cg_dt_link_disabled":false,"_yoast_wpseo_primary_brand":"","footnotes":"","featured_focal_points":"","partner_card_description":"","gsap_animation":0},"brand":[],"partner_type":[],"service":[],"industry":[],"partners":[],"page-type":[287],"content-group":[],"class_list":["post-741694","page","type-page","status-publish","has-post-thumbnail","hentry","page-type-solutions"],"yoast_head":"<!-- This site is optimized with the Yoast SEO Premium plugin v22.8 (Yoast SEO v22.8) - https:\/\/yoast.com\/wordpress\/plugins\/seo\/ -->\n<title>Internet of Things \u2013 Smart Services - Capgemini<\/title>\n<meta name=\"description\" content=\"Unternehmen m\u00fcssen sich anpassen, aber wie k\u00f6nnen sie innovativ sein und die dabei anfallenden Datenmengen sinnvoll nutzen?\" \/>\n<meta name=\"robots\" content=\"index, follow, max-snippet:-1, max-image-preview:large, max-video-preview:-1\" \/>\n<link rel=\"canonical\" href=\"https:\/\/www.capgemini.com\/de-de\/solutions\/internet-of-things-smart-services\/\" \/>\n<meta property=\"og:locale\" content=\"de_DE\" \/>\n<meta property=\"og:type\" content=\"article\" \/>\n<meta property=\"og:title\" content=\"Internet of Things \u2013 Smart Services - Capgemini\" \/>\n<meta property=\"og:description\" content=\"Unternehmen m\u00fcssen sich anpassen, aber wie k\u00f6nnen sie innovativ sein und die dabei anfallenden Datenmengen sinnvoll nutzen?\" \/>\n<meta property=\"og:url\" content=\"https:\/\/www.capgemini.com\/de-de\/solutions\/internet-of-things-smart-services\/\" \/>\n<meta property=\"og:site_name\" content=\"Capgemini\" \/>\n<meta property=\"article:modified_time\" content=\"2026-01-08T09:51:22+00:00\" \/>\n<meta property=\"og:image\" content=\"https:\/\/www.capgemini.com\/de-de\/wp-content\/uploads\/sites\/8\/2022\/01\/Capgemini_Solutions_Internet-of-Things_Smart-Services.jpg\" \/>\n\t<meta property=\"og:image:width\" content=\"2880\" \/>\n\t<meta property=\"og:image:height\" content=\"1800\" \/>\n\t<meta property=\"og:image:type\" content=\"image\/jpeg\" \/>\n<meta name=\"twitter:card\" content=\"summary_large_image\" \/>\n<meta name=\"twitter:label1\" content=\"Est. reading time\" \/>\n\t<meta name=\"twitter:data1\" content=\"1 minute\" \/>\n<script type=\"application\/ld+json\" class=\"yoast-schema-graph\">{\"@context\":\"https:\/\/schema.org\",\"@graph\":[{\"@type\":\"WebPage\",\"@id\":\"https:\/\/www.capgemini.com\/de-de\/solutions\/internet-of-things-smart-services\/\",\"url\":\"https:\/\/www.capgemini.com\/de-de\/solutions\/internet-of-things-smart-services\/\",\"name\":\"Internet of Things \u2013 Smart Services - Capgemini\",\"isPartOf\":{\"@id\":\"https:\/\/www.capgemini.com\/de-de\/#website\"},\"primaryImageOfPage\":{\"@id\":\"https:\/\/www.capgemini.com\/de-de\/solutions\/internet-of-things-smart-services\/#primaryimage\"},\"image\":{\"@id\":\"https:\/\/www.capgemini.com\/de-de\/solutions\/internet-of-things-smart-services\/#primaryimage\"},\"thumbnailUrl\":\"https:\/\/www.capgemini.com\/de-de\/wp-content\/uploads\/sites\/8\/2022\/01\/Capgemini_Solutions_Internet-of-Things_Smart-Services.jpg\",\"datePublished\":\"2022-01-31T09:20:54+00:00\",\"dateModified\":\"2026-01-08T09:51:22+00:00\",\"description\":\"Unternehmen m\u00fcssen sich anpassen, aber wie k\u00f6nnen sie innovativ sein und die dabei anfallenden Datenmengen sinnvoll nutzen?\",\"breadcrumb\":{\"@id\":\"https:\/\/www.capgemini.com\/de-de\/solutions\/internet-of-things-smart-services\/#breadcrumb\"},\"inLanguage\":\"de-DE\",\"potentialAction\":[{\"@type\":\"ReadAction\",\"target\":[\"https:\/\/www.capgemini.com\/de-de\/solutions\/internet-of-things-smart-services\/\"]}]},{\"@type\":\"ImageObject\",\"inLanguage\":\"de-DE\",\"@id\":\"https:\/\/www.capgemini.com\/de-de\/solutions\/internet-of-things-smart-services\/#primaryimage\",\"url\":\"https:\/\/www.capgemini.com\/de-de\/wp-content\/uploads\/sites\/8\/2022\/01\/Capgemini_Solutions_Internet-of-Things_Smart-Services.jpg\",\"contentUrl\":\"https:\/\/www.capgemini.com\/de-de\/wp-content\/uploads\/sites\/8\/2022\/01\/Capgemini_Solutions_Internet-of-Things_Smart-Services.jpg\",\"width\":2880,\"height\":1800},{\"@type\":\"BreadcrumbList\",\"@id\":\"https:\/\/www.capgemini.com\/de-de\/solutions\/internet-of-things-smart-services\/#breadcrumb\",\"itemListElement\":[{\"@type\":\"ListItem\",\"position\":1,\"name\":\"Solutions\",\"item\":\"https:\/\/www.capgemini.com\/de-de\/solutions\/\"},{\"@type\":\"ListItem\",\"position\":2,\"name\":\"Internet of Things \u2013 Smart Services\"}]},{\"@type\":\"WebSite\",\"@id\":\"https:\/\/www.capgemini.com\/de-de\/#website\",\"url\":\"https:\/\/www.capgemini.com\/de-de\/\",\"name\":\"Capgemini Deutschland\",\"description\":\"Make it real\",\"potentialAction\":[{\"@type\":\"SearchAction\",\"target\":{\"@type\":\"EntryPoint\",\"urlTemplate\":\"https:\/\/www.capgemini.com\/de-de\/?s={search_term_string}\"},\"query-input\":\"required name=search_term_string\"}],\"inLanguage\":\"de-DE\"}]}<\/script>\n<!-- \/ Yoast SEO Premium plugin. -->","yoast_head_json":{"title":"Internet of Things \u2013 Smart Services - Capgemini","description":"Unternehmen m\u00fcssen sich anpassen, aber wie k\u00f6nnen sie innovativ sein und die dabei anfallenden Datenmengen sinnvoll nutzen?","robots":{"index":"index","follow":"follow","max-snippet":"max-snippet:-1","max-image-preview":"max-image-preview:large","max-video-preview":"max-video-preview:-1"},"canonical":"https:\/\/www.capgemini.com\/de-de\/solutions\/internet-of-things-smart-services\/","og_locale":"de_DE","og_type":"article","og_title":"Internet of Things \u2013 Smart Services - Capgemini","og_description":"Unternehmen m\u00fcssen sich anpassen, aber wie k\u00f6nnen sie innovativ sein und die dabei anfallenden Datenmengen sinnvoll nutzen?","og_url":"https:\/\/www.capgemini.com\/de-de\/solutions\/internet-of-things-smart-services\/","og_site_name":"Capgemini","article_modified_time":"2026-01-08T09:51:22+00:00","og_image":[{"width":2880,"height":1800,"url":"https:\/\/www.capgemini.com\/de-de\/wp-content\/uploads\/sites\/8\/2022\/01\/Capgemini_Solutions_Internet-of-Things_Smart-Services.jpg","type":"image\/jpeg"}],"twitter_card":"summary_large_image","twitter_misc":{"Est. reading time":"1 minute"},"schema":{"@context":"https:\/\/schema.org","@graph":[{"@type":"WebPage","@id":"https:\/\/www.capgemini.com\/de-de\/solutions\/internet-of-things-smart-services\/","url":"https:\/\/www.capgemini.com\/de-de\/solutions\/internet-of-things-smart-services\/","name":"Internet of Things \u2013 Smart Services - Capgemini","isPartOf":{"@id":"https:\/\/www.capgemini.com\/de-de\/#website"},"primaryImageOfPage":{"@id":"https:\/\/www.capgemini.com\/de-de\/solutions\/internet-of-things-smart-services\/#primaryimage"},"image":{"@id":"https:\/\/www.capgemini.com\/de-de\/solutions\/internet-of-things-smart-services\/#primaryimage"},"thumbnailUrl":"https:\/\/www.capgemini.com\/de-de\/wp-content\/uploads\/sites\/8\/2022\/01\/Capgemini_Solutions_Internet-of-Things_Smart-Services.jpg","datePublished":"2022-01-31T09:20:54+00:00","dateModified":"2026-01-08T09:51:22+00:00","description":"Unternehmen m\u00fcssen sich anpassen, aber wie k\u00f6nnen sie innovativ sein und die dabei anfallenden Datenmengen sinnvoll nutzen?","breadcrumb":{"@id":"https:\/\/www.capgemini.com\/de-de\/solutions\/internet-of-things-smart-services\/#breadcrumb"},"inLanguage":"de-DE","potentialAction":[{"@type":"ReadAction","target":["https:\/\/www.capgemini.com\/de-de\/solutions\/internet-of-things-smart-services\/"]}]},{"@type":"ImageObject","inLanguage":"de-DE","@id":"https:\/\/www.capgemini.com\/de-de\/solutions\/internet-of-things-smart-services\/#primaryimage","url":"https:\/\/www.capgemini.com\/de-de\/wp-content\/uploads\/sites\/8\/2022\/01\/Capgemini_Solutions_Internet-of-Things_Smart-Services.jpg","contentUrl":"https:\/\/www.capgemini.com\/de-de\/wp-content\/uploads\/sites\/8\/2022\/01\/Capgemini_Solutions_Internet-of-Things_Smart-Services.jpg","width":2880,"height":1800},{"@type":"BreadcrumbList","@id":"https:\/\/www.capgemini.com\/de-de\/solutions\/internet-of-things-smart-services\/#breadcrumb","itemListElement":[{"@type":"ListItem","position":1,"name":"Solutions","item":"https:\/\/www.capgemini.com\/de-de\/solutions\/"},{"@type":"ListItem","position":2,"name":"Internet of Things \u2013 Smart Services"}]},{"@type":"WebSite","@id":"https:\/\/www.capgemini.com\/de-de\/#website","url":"https:\/\/www.capgemini.com\/de-de\/","name":"Capgemini Deutschland","description":"Make it real","potentialAction":[{"@type":"SearchAction","target":{"@type":"EntryPoint","urlTemplate":"https:\/\/www.capgemini.com\/de-de\/?s={search_term_string}"},"query-input":"required name=search_term_string"}],"inLanguage":"de-DE"}]}},"brand_term":[],"parsely":{"version":"1.1.0","canonical_url":"https:\/\/capgemini.com\/de-de\/solutions\/internet-of-things-smart-services\/","smart_links":{"inbound":0,"outbound":0},"traffic_boost_suggestions_count":0,"meta":{"@context":"https:\/\/schema.org","@type":"WebPage","headline":"Internet of Things \u2013 Smart Services","url":"http:\/\/www.capgemini.com\/de-de\/solutions\/internet-of-things-smart-services\/","mainEntityOfPage":{"@type":"WebPage","@id":"http:\/\/www.capgemini.com\/de-de\/solutions\/internet-of-things-smart-services\/"},"thumbnailUrl":"https:\/\/www.capgemini.com\/de-de\/wp-content\/uploads\/sites\/8\/2022\/01\/Capgemini_Solutions_Internet-of-Things_Smart-Services.jpg?w=150&h=150&crop=1","image":{"@type":"ImageObject","url":"https:\/\/www.capgemini.com\/de-de\/wp-content\/uploads\/sites\/8\/2022\/01\/Capgemini_Solutions_Internet-of-Things_Smart-Services.jpg"},"articleSection":"Uncategorized","author":[],"creator":[],"publisher":{"@type":"Organization","name":"Capgemini","logo":""},"keywords":[],"dateCreated":"2022-01-31T09:20:54Z","datePublished":"2022-01-31T09:20:54Z","dateModified":"2026-01-08T09:51:22Z"},"rendered":"<script type=\"application\/ld+json\" class=\"wp-parsely-metadata\">{\"@context\":\"https:\\\/\\\/schema.org\",\"@type\":\"WebPage\",\"headline\":\"Internet of Things \\u2013 Smart Services\",\"url\":\"http:\\\/\\\/www.capgemini.com\\\/de-de\\\/solutions\\\/internet-of-things-smart-services\\\/\",\"mainEntityOfPage\":{\"@type\":\"WebPage\",\"@id\":\"http:\\\/\\\/www.capgemini.com\\\/de-de\\\/solutions\\\/internet-of-things-smart-services\\\/\"},\"thumbnailUrl\":\"https:\\\/\\\/www.capgemini.com\\\/de-de\\\/wp-content\\\/uploads\\\/sites\\\/8\\\/2022\\\/01\\\/Capgemini_Solutions_Internet-of-Things_Smart-Services.jpg?w=150&h=150&crop=1\",\"image\":{\"@type\":\"ImageObject\",\"url\":\"https:\\\/\\\/www.capgemini.com\\\/de-de\\\/wp-content\\\/uploads\\\/sites\\\/8\\\/2022\\\/01\\\/Capgemini_Solutions_Internet-of-Things_Smart-Services.jpg\"},\"articleSection\":\"Uncategorized\",\"author\":[],\"creator\":[],\"publisher\":{\"@type\":\"Organization\",\"name\":\"Capgemini\",\"logo\":\"\"},\"keywords\":[],\"dateCreated\":\"2022-01-31T09:20:54Z\",\"datePublished\":\"2022-01-31T09:20:54Z\",\"dateModified\":\"2026-01-08T09:51:22Z\"}<\/script>","tracker_url":"https:\/\/cdn.parsely.com\/keys\/capgemini.com\/p.js"},"archive_status":false,"featured_image_src":"https:\/\/www.capgemini.com\/de-de\/wp-content\/uploads\/sites\/8\/2022\/01\/Capgemini_Solutions_Internet-of-Things_Smart-Services.jpg","featured_image_alt":"","jetpack_sharing_enabled":true,"distributor_meta":false,"distributor_terms":false,"distributor_media":false,"distributor_original_site_name":"Capgemini","distributor_original_site_url":"https:\/\/www.capgemini.com\/de-de","push-errors":false,"_links":{"self":[{"href":"https:\/\/www.capgemini.com\/de-de\/wp-json\/wp\/v2\/pages\/741694","targetHints":{"allow":["GET"]}}],"collection":[{"href":"https:\/\/www.capgemini.com\/de-de\/wp-json\/wp\/v2\/pages"}],"about":[{"href":"https:\/\/www.capgemini.com\/de-de\/wp-json\/wp\/v2\/types\/page"}],"author":[{"embeddable":true,"href":"https:\/\/www.capgemini.com\/de-de\/wp-json\/wp\/v2\/users\/151"}],"replies":[{"embeddable":true,"href":"https:\/\/www.capgemini.com\/de-de\/wp-json\/wp\/v2\/comments?post=741694"}],"version-history":[{"count":14,"href":"https:\/\/www.capgemini.com\/de-de\/wp-json\/wp\/v2\/pages\/741694\/revisions"}],"predecessor-version":[{"id":890526,"href":"https:\/\/www.capgemini.com\/de-de\/wp-json\/wp\/v2\/pages\/741694\/revisions\/890526"}],"up":[{"embeddable":true,"href":"https:\/\/www.capgemini.com\/de-de\/wp-json\/wp\/v2\/pages\/743171"}],"wp:featuredmedia":[{"embeddable":true,"href":"https:\/\/www.capgemini.com\/de-de\/wp-json\/wp\/v2\/media\/741695"}],"wp:attachment":[{"href":"https:\/\/www.capgemini.com\/de-de\/wp-json\/wp\/v2\/media?parent=741694"}],"wp:term":[{"taxonomy":"brand","embeddable":true,"href":"https:\/\/www.capgemini.com\/de-de\/wp-json\/wp\/v2\/brand?post=741694"},{"taxonomy":"partner_type","embeddable":true,"href":"https:\/\/www.capgemini.com\/de-de\/wp-json\/wp\/v2\/partner_type?post=741694"},{"taxonomy":"service","embeddable":true,"href":"https:\/\/www.capgemini.com\/de-de\/wp-json\/wp\/v2\/service?post=741694"},{"taxonomy":"industry","embeddable":true,"href":"https:\/\/www.capgemini.com\/de-de\/wp-json\/wp\/v2\/industry?post=741694"},{"taxonomy":"partners","embeddable":true,"href":"https:\/\/www.capgemini.com\/de-de\/wp-json\/wp\/v2\/partners?post=741694"},{"taxonomy":"page-type","embeddable":true,"href":"https:\/\/www.capgemini.com\/de-de\/wp-json\/wp\/v2\/page-type?post=741694"},{"taxonomy":"content-group","embeddable":true,"href":"https:\/\/www.capgemini.com\/de-de\/wp-json\/wp\/v2\/content-group?post=741694"}],"curies":[{"name":"wp","href":"https:\/\/api.w.org\/{rel}","templated":true}]}}