{"id":741675,"date":"2022-01-31T11:59:41","date_gmt":"2022-01-31T11:59:41","guid":{"rendered":"https:\/\/www.capgemini.com\/?page_id=648047"},"modified":"2025-03-05T05:54:04","modified_gmt":"2025-03-05T05:54:04","slug":"microsoft-dynamics-365-and-power-platform","status":"publish","type":"page","link":"https:\/\/www.capgemini.com\/de-de\/solutions\/microsoft-dynamics-365-and-power-platform\/","title":{"rendered":"Microsoft Dynamics 365 und Power Platform"},"content":{"rendered":"\n<header class=\"wp-block-cg-blocks-hero-reusable header heroReusable  \"><div class=\"header-bgs\"><picture><source srcset=\"https:\/\/www.capgemini.com\/wp-content\/uploads\/2021\/10\/Capgemini_RapidCX_transformation.jpg?w=2880&amp;quality=70 1x, https:\/\/www.capgemini.com\/wp-content\/uploads\/2021\/10\/Capgemini_RapidCX_transformation.jpg?w=2880&amp;quality=70 2x\" media=\"(min-width: 1500px)\"\/><source srcset=\"https:\/\/www.capgemini.com\/wp-content\/uploads\/2021\/10\/Capgemini_RapidCX_transformation.jpg?w=1440&amp;quality=70 1x, https:\/\/www.capgemini.com\/wp-content\/uploads\/2021\/10\/Capgemini_RapidCX_transformation.jpg?w=2880&amp;quality=70 2x\" media=\"(min-width: 992px)\"\/><source srcset=\"https:\/\/www.capgemini.com\/wp-content\/uploads\/2021\/10\/Capgemini_RapidCX_transformation.jpg?w=1024&amp;quality=70 1x, https:\/\/www.capgemini.com\/wp-content\/uploads\/2021\/10\/Capgemini_RapidCX_transformation.jpg?w=1024&amp;quality=70 2x\" media=\"(min-width: 768px)\"\/><source srcset=\"https:\/\/www.capgemini.com\/wp-content\/uploads\/2021\/10\/Capgemini_RapidCX_transformation.jpg?w=768&amp;quality=70 1x, https:\/\/www.capgemini.com\/wp-content\/uploads\/2021\/10\/Capgemini_RapidCX_transformation.jpg?w=768&amp;quality=70 2x\" media=\"(min-width: 0)\"\/><img decoding=\"async\" src=\"https:\/\/www.capgemini.com\/wp-content\/uploads\/2021\/10\/Capgemini_RapidCX_transformation.jpg\" class=\"header-img header-img-d\" alt=\"\" style=\"object-fit:cover;object-position:35% 30%\" loading=\"eager\"\/><\/picture><\/div><div class=\"heroPictureCardHeaderShape\"><\/div><div class=\"container\"><div class=\"row\"><div class=\"col-md-12\"><div class=\"box\"><div class=\"boxTagWrapper\"><div class=\"tagInfo\"><div><span class=\"box-tag\">Solution<\/span><\/div><\/div><\/div><div class=\"box-title\"><h1 data-maxlength=\"34\">Microsoft Dynamics 365 und Power Platform<\/h1><\/div><div class=\"inner-row-insight download-btn\"><\/div><\/div><\/div><\/div><\/div><\/header>\n\n\n\n<section class=\"wp-block-cg-blocks-intro-para undefined section section--intro\"><div class=\"intro-para\"><div class=\"container\"><div class=\"row\"><div class=\"col-12 col-md-1\"><nav class=\"article-social\"><ul class=\"social-nav\"><li class=\"ip-order-fb\"><a href=\"https:\/\/www.facebook.com\/sharer\/sharer.php?u=https:\/\/www.capgemini.com\/de-de\/solutions\/microsoft-dynamics-365-and-power-platform\/\" target=\"_blank\" rel=\"noopener noreferrer\" title=\"In neuem Fenster \u00f6ffnen\"><i aria-hidden=\"true\" class=\"icon-fb\"><\/i><span class=\"sr-only\">Facebook<\/span><\/a><\/li><li class=\"ip-order-li\"><a href=\"https:\/\/www.linkedin.com\/sharing\/share-offsite\/?url=https:\/\/www.capgemini.com\/de-de\/solutions\/microsoft-dynamics-365-and-power-platform\/\" target=\"_blank\" rel=\"noopener noreferrer\" title=\"In neuem Fenster \u00f6ffnen\"><i aria-hidden=\"true\" class=\"icon-li\"><\/i><span class=\"sr-only\">Linkedin<\/span><\/a><\/li><\/ul><\/nav><\/div><div class=\"col-12 col-md-11 col-lg-10\"><h2 class=\"intro-para-title\">Verfolgen Sie einen intelligenteren Ansatz, um mit Kunden in Kontakt zu treten und Ihr Unternehmen zu f\u00fchren.<\/h2><p class=\"intro-para-content\">Verlagerung von reaktiven zu proaktiven datengesteuerten Entscheidungen. Geben Sie Ihren Mitarbeitern Einblicke, die die Ergebnisse beschleunigen. Mit Microsoft Dynamics 365 und Power Platform k\u00f6nnen Sie mehr aus Ihren Daten herausholen und Echtzeit-Einsichten nutzen, die f\u00fcr Ihr Unternehmen einen Unterschied machen.<\/p><\/div><\/div><\/div><\/div><\/section>\n\n\n\n<section class=\"wp-block-cg-blocks-group undefined section section--article-content\"><div class=\"article-main-content\"><div class=\"container\"><div class=\"row\"><div class=\"col-12 col-md-11 col-lg-10 offset-md-1 offset-lg-1\"><div class=\"article-text article-quote-text\">\n<h3 class=\"wp-block-heading\" id=\"h-beschleunigen-sie-ihre-digitale-transformation-mit-microsoft-dynamics-365-und-power-platform\">Beschleunigen Sie Ihre digitale Transformation mit Microsoft Dynamics 365 und Power Platform<\/h3>\n\n\n\n<p><\/p>\n\n\n\n<p>Verfolgen Sie einen intelligenten Ansatz f\u00fcr den Umgang mit Kunden und die Verwaltung Ihres Unternehmens. Wechseln Sie von reaktiven zu proaktiven, datengesteuerten Entscheidungen. Geben Sie Ihren Mitarbeitern Einblicke, die die Ergebnisse beschleunigen. Mit Microsoft Dynamics 365 und Power Platform k\u00f6nnen Sie mehr aus Ihren Daten herausholen und Echtzeit-Einsichten nutzen, die f\u00fcr Ihr Unternehmen einen Unterschied machen.<\/p>\n\n\n\n<h2 class=\"wp-block-heading\" id=\"h-\"><\/h2>\n\n\n\n<h3 class=\"wp-block-heading\" id=\"h-intelligente-geschaftsanwendungen-der-nachsten-generation-und-low-code-no-code-plattform\">Intelligente Gesch\u00e4ftsanwendungen der n\u00e4chsten Generation und Low-Code\/No-Code-Plattform<\/h3>\n\n\n\n<p><\/p>\n\n\n\n<p>Dynamics 365 ist eine Reihe von intelligenten Gesch\u00e4ftsanwendungen, die Ihnen helfen, Ihr gesamtes Unternehmen zu f\u00fchren und durch vorausschauende, KI-gesteuerte Erkenntnisse bessere Ergebnisse zu erzielen. Dynamics 365-Anwendungen arbeiten nahtlos zusammen, um eine umfassende L\u00f6sung f\u00fcr Ihr gesamtes Unternehmen zu schaffen. Einige der Module von Dynamics 365 sind:<\/p>\n\n\n\n<ul class=\"wp-block-list\">\n<li><strong>Dynamics 365 Customer Engagement &#8211; Vertrieb, Service, Marketing und Kundendienst: <\/strong>Erh\u00f6hen Sie den Umsatz, verbessern Sie das Marketing-Engagement und die Kundenerfahrung mit Modulen und Tools f\u00fcr Vertrieb, Pipeline-Management, Lead-Generierung und -Qualifizierung, Marketing, Kundenservice und Au\u00dfendienst.<\/li>\n<\/ul>\n\n\n\n<ul class=\"wp-block-list\">\n<li><strong>Dynamics 365 Kundeneinblicke: <\/strong>Verwandeln Sie Daten aus beliebigen Quellen in verwertbare Erkenntnisse, die Ihr Omnichannel-Engagement entlang der gesamten Customer Journey unterst\u00fctzen &#8211; mit dem Customer Data Hub-Angebot von Capgemini.<\/li>\n<\/ul>\n\n\n\n<ul class=\"wp-block-list\">\n<li><strong>Dynamics 365 f\u00fcr Finanzen und Betrieb: <\/strong>Revolutionieren Sie Ihr Unternehmen mit einer leistungsstarken ERP-L\u00f6sung, um Finanzvorg\u00e4nge zu automatisieren und zu modernisieren, die Leistung in Echtzeit zu \u00fcberwachen und datengesteuerte Entscheidungen zu treffen, um das Unternehmenswachstum voranzutreiben. Die L\u00f6sung vereint IoT, Mixed Reality und KI, um die Transparenz zu verbessern und das Finanzwesen, das Supply Chain Management, die Verwaltung von Kundenauftr\u00e4gen, die Beschaffung, die Anlagenverwaltung, die Fertigung, die Masterplanung, die Lagerverwaltung, den Handel und das Personalwesen zu optimieren.<\/li>\n<\/ul>\n\n\n\n<ul class=\"wp-block-list\">\n<li><strong>Power Platform:<\/strong> Ein One-Stop-Shop mit einer besseren, Low-Code-Methode zur Erstellung von Unternehmensanwendungen &#8211; mit einer deutlichen Reduzierung der Entwicklungskosten. Power Platform ist eine Mischung aus vier leistungsstarken Business Enablern: Power Apps, Power BI, Power Automate und Power Virtual Agents. Sie wird eingesetzt, um sowohl neue Gesch\u00e4ftsanwendungen zu entwickeln als auch die Funktionalit\u00e4t von Dynamics 365 schnell zu erweitern.<\/li>\n<\/ul>\n\n\n\n<p><\/p>\n\n\n\n<p><\/p>\n\n\n\n<figure class=\"wp-block-image\"><img decoding=\"async\" src=\"https:\/\/www.sogeti.com\/globalassets\/global\/content-images\/our-services\/digital\/00127-002-power-app-figure-1-v0.2.png\" alt=\"\"\/><\/figure>\n\n\n\n<p><\/p>\n\n\n\n<p>Durch die Verbindung von Dynamics 365 und Power Platform mit Office 365, Azure und Hunderten von anderen Anwendungen erm\u00f6glicht das Microsoft-\u00d6kosystem Ihren Teams, Daten zu analysieren, L\u00f6sungen zu entwickeln, Prozesse zu automatisieren und virtuelle Agenten zu erstellen, wenn Sie sie brauchen.<\/p>\n\n\n\n<p>Die Kombination von Dynamics 365 und Power Platform bildet die Grundlage f\u00fcr eine schnelle Wertsch\u00f6pfung und digitale Transformation der Kundenerfahrung.<\/p>\n\n\n\n<h2 class=\"wp-block-heading\" id=\"h-wertschopfung-mit-capgemini-beschleunigen\">Wertsch\u00f6pfung mit Capgemini beschleunigen<\/h2>\n\n\n\n<p>Capgemini unterst\u00fctzt Sie bei der Steigerung des Gesch\u00e4ftswerts von Dynamics 365 und der Power Platform, unabh\u00e4ngig davon, ob Sie zum ersten Mal implementieren oder einen Partner f\u00fcr Managed Services suchen.<\/p>\n\n\n\n<h4 class=\"wp-block-heading\" id=\"h-schnelle-cx-transformation-mit-dynamics-365-und-power-platform\">Schnelle CX-Transformation mit Dynamics 365 und Power Platform<\/h4>\n\n\n\n<p>Capgemini&#8217;s Customer Experience Proposition und Suite of Offerings erm\u00f6glicht es unseren Kunden, ihre Kundenbeziehungen zu transformieren und Erlebnisse zu schaffen, die sowohl f\u00fcr den Endkunden als auch f\u00fcr das eigene Unternehmen einen schnellen und nachhaltigen Wert darstellen. Wir helfen unseren Kunden bei:<\/p>\n\n\n\n<figure class=\"wp-block-image\"><img decoding=\"async\" src=\"https:\/\/www.capgemini.com\/wp-content\/uploads\/2018\/08\/Image-for-CX-web_25102019_PG_V1.png\" alt=\"\"\/><\/figure>\n\n\n\n<p>W\u00e4hrend die Dynamics 365-Produkte sofort einsatzbereite Funktionen zur Unterst\u00fctzung von Marketing-, Vertriebs-, Service- und Handelsprozessen bieten, erm\u00f6glicht die no-code \/ low-code Power Platform Ihrem Unternehmen eine schnelle Implementierung von benutzerdefinierten, aufgabenbasierten Anwendungen, wodurch die Investitionsrendite und die Markteinf\u00fchrungszeit Ihrer Customer Experience Transformation erheblich gesteigert werden.<\/p>\n\n\n\n<h4 class=\"wp-block-heading\" id=\"h-etablierung-und-einfuhrung-der-low-code-no-code-power-platform-in-ihrem-unternehmen\">Etablierung und Einf\u00fchrung der Low-Code\/No-Code Power Platform in Ihrem Unternehmen<\/h4>\n\n\n\n<p><\/p>\n\n\n\n<p>Wir erwecken Microsoft Power Platform in Ihrem Unternehmen zum Leben, damit Sie durch die Entwicklung innovativer Anwendungen und L\u00f6sungen schnell einen Mehrwert f\u00fcr Ihr Unternehmen schaffen k\u00f6nnen. Mit Dynamics 365 oder als eigenst\u00e4ndige L\u00f6sung.<\/p>\n\n\n\n<p>Wir helfen Ihnen bei der Modernisierung von Prozessen in Ihrem Unternehmen, indem wir die Barrieren beseitigen, die verhindern, dass aus Ideen Apps werden. Mit Power Apps kann jeder einen Mehrwert f\u00fcr Ihr Unternehmen schaffen, indem er schnell innovative Apps mit einfacher Drag-and-Drop-Funktionalit\u00e4t und unbegrenzten Anpassungsm\u00f6glichkeiten entwickelt. Verbinden Sie Apps mit einem Mausklick mit Ihren Daten, so dass Sie immer bereit sind, auf neue Erkenntnisse zu reagieren, ohne dabei Ihre Sicherheits-, Governance- und Compliance-Standards zu gef\u00e4hrden.<\/p>\n\n\n\n<p>Unser Angebot umfasst Beratung und Schulung sowie L\u00f6sungserstellung, Legacy-Migration und Plattformentwicklung. Wir bieten Beratung, Build &amp; Deployment, Insights und Factory Support Services.<\/p>\n\n\n\n<figure class=\"wp-block-image aligncenter\"><img decoding=\"async\" src=\"https:\/\/www.capgemini.com\/wp-content\/uploads\/2017\/07\/Capgemini_Accelerators.jpg\" alt=\"\" class=\"wp-image-548169\"\/><\/figure>\n\n\n\n<h4 class=\"wp-block-heading\" id=\"h-modernisierung-des-legacy-anwendungsportfolios-mit-dynamics-365-und-der-power-platform-mit-niedrigem-code-ohne-code\">Modernisierung des Legacy-Anwendungsportfolios mit Dynamics 365 und der Power Platform mit niedrigem Code \/ ohne Code<\/h4>\n\n\n\n<p><\/p>\n\n\n\n<p>Wir unterst\u00fctzen Sie bei der \u00dcberpr\u00fcfung Ihres Anwendungsportfolios und der Planung der Modernisierung und\/oder der Migration zu Dynamics 365 und Microsoft Power Platform.<\/p>\n\n\n\n<ul class=\"wp-block-list\">\n<li><strong>Kunst des M\u00f6glichen und Planung:<\/strong> Verstehen der Vision und der aktuellen Landschaft, Aufzeigen der Kunst des M\u00f6glichen, Sch\u00e4tzung und Planung<\/li>\n\n\n\n<li><strong>Modernisieren und Migrieren:<\/strong> Modernisieren und neu implementieren, Daten migrieren, Zeit mit Beschleunigern verk\u00fcrzen<\/li>\n\n\n\n<li><strong>\u00c4nderungs- und Erfolgsmanagement:&nbsp;<\/strong>M\u00fcheloser \u00dcbergang, verbesserte Benutzerfreundlichkeit, h\u00f6here Benutzerakzeptanz durch Schulung und Erfolgsmanagement<\/li>\n<\/ul>\n\n\n\n<h4 class=\"wp-block-heading\" id=\"h-datengesteuerte-kundenerfahrungsplattform-die-durch-dynamics-365-customer-insights-dynamics-365-und-low-code-no-code-power-platform-ermoglicht-wird\">Datengesteuerte Kundenerfahrungsplattform, die durch Dynamics 365 Customer Insights, Dynamics 365 und Low-Code\/No-Code Power Platform erm\u00f6glicht wird<\/h4>\n\n\n\n<p><\/p>\n\n\n\n<p>Mit dem Customer Data Hub-Angebot von Capgemini helfen wir Ihnen dabei:<\/p>\n\n\n\n<ul class=\"wp-block-list\">\n<li>Erfassen und strukturieren Sie relevante Kundendaten, um ein einheitliches Kundenprofil zu erstellen<\/li>\n\n\n\n<li>Analysieren Sie Kundendaten und leiten Sie umsetzbare Erkenntnisse ab<\/li>\n\n\n\n<li>Handeln, messen und optimieren Sie das Erlebnis \u00fcber eine datengesteuerte Kundenplattform<\/li>\n<\/ul>\n\n\n\n<figure class=\"wp-block-image aligncenter\"><img decoding=\"async\" src=\"https:\/\/www.capgemini.com\/wp-content\/uploads\/2017\/07\/Capgemini-Customer-Data-Hub-1.png?w=648\" alt=\"\" class=\"wp-image-548174\"\/><\/figure>\n\n\n\n<h2 class=\"wp-block-heading\" id=\"h-\"><\/h2>\n\n\n\n<h3 class=\"wp-block-heading\" id=\"h-profitieren-sie-von-unserer-fundierten-expertise-und-starten-sie-noch-heute-ihre-transformation\">Profitieren Sie von unserer fundierten Expertise und starten Sie noch heute Ihre Transformation<\/h3>\n\n\n\n<p>Wir st\u00fctzen uns auf unser Team von mehr als 25.000 zertifizierten Microsoft-Experten und unsere umfassende Microsoft-Erfahrung in allen Branchenvertikalen, um Ihren Erfolg sicherzustellen. Beispielsweise haben wir einem globalen Schnellrestaurant dabei geholfen, Dynamics 365 und Power Platform zu nutzen, um die Art und Weise, wie es auf Zehntausende von Kundenkommentaren und -beschwerden reagiert, die es jeden Monat erh\u00e4lt, vollst\u00e4ndig zu ver\u00e4ndern, um in Echtzeit reagieren zu k\u00f6nnen. Wir haben auch mit einem f\u00fchrenden Hersteller zusammengearbeitet, um die Vorteile der Microsoft Power Platform zu nutzen, um Teile in Echtzeit zu verfolgen und Tausende von Arbeitsstunden pro Jahr einzusparen.<\/p>\n\n\n\n<p>Beginnen Sie noch heute!<\/p>\n\n\n\n<ul class=\"wp-block-list\">\n<li>Vereinbaren Sie einen Art-of-possible-Katalysator-Workshop mit Capgemini und Microsoft<\/li>\n\n\n\n<li>Vereinbaren Sie einen App-in-a-Day-Workshop, um praktische Erfahrungen mit Power Platform zu sammeln!<\/li>\n\n\n\n<li>Planen Sie einen Customer Insights-in-a-Day-Workshop, um praktische Erfahrungen mit Dynamics 365 Customer Insights zu sammeln<\/li>\n\n\n\n<li>Wenden Sie sich bei weiteren Fragen zur digitalen Transformation mit Dynamics 365 und Power Platform an uns.<\/li>\n<\/ul>\n<\/div><\/div><\/div><\/div><\/div><\/section>\n","protected":false},"excerpt":{"rendered":"","protected":false},"author":151,"featured_media":0,"parent":743171,"menu_order":0,"comment_status":"closed","ping_status":"closed","template":"","meta":{"cg_dt_proposed_to":[],"cg_seo_hreflang_relations":"[]","cg_seo_canonical_relation":"{\"uuid\":\"c4ecef82-de83-43ec-92b4-9018f88a5917\",\"blogId\":\"\",\"domain\":\"\",\"sitePath\":\"\",\"postLink\":\"\",\"postId\":null,\"isSaved\":true,\"isCrossLink\":false,\"hasCrossLink\":false}","cg_seo_hreflang_x_default_relation":"{\"uuid\":\"4cf018a4-e3fa-4bc1-81a9-a488c9f21156\",\"blogId\":\"\",\"domain\":\"\",\"sitePath\":\"\",\"postLink\":\"\",\"postId\":null,\"isSaved\":true,\"isCrossLink\":false,\"hasCrossLink\":false}","cg_dt_approved_content":true,"cg_dt_mandatory_content":false,"cg_dt_notes":"","cg_dg_source_changed":false,"cg_dt_link_disabled":false,"_yoast_wpseo_primary_brand":"","footnotes":"","featured_focal_points":"","partner_card_description":"","gsap_animation":0},"brand":[],"partner_type":[],"service":[],"industry":[],"partners":[132],"page-type":[287],"content-group":[],"class_list":["post-741675","page","type-page","status-publish","hentry","partners-microsoft","page-type-solutions"],"yoast_head":"<!-- This site is optimized with the Yoast SEO Premium plugin v22.8 (Yoast SEO v22.8) - https:\/\/yoast.com\/wordpress\/plugins\/seo\/ -->\n<title>Microsoft Dynamics 365 und Power Platform - Capgemini<\/title>\n<meta name=\"robots\" content=\"index, follow, max-snippet:-1, max-image-preview:large, max-video-preview:-1\" \/>\n<link rel=\"canonical\" href=\"https:\/\/www.capgemini.com\/de-de\/solutions\/microsoft-dynamics-365-and-power-platform\/\" \/>\n<meta property=\"og:locale\" content=\"de_DE\" \/>\n<meta property=\"og:type\" content=\"article\" \/>\n<meta property=\"og:title\" content=\"Microsoft Dynamics 365 und Power Platform - Capgemini\" \/>\n<meta property=\"og:url\" content=\"https:\/\/www.capgemini.com\/de-de\/solutions\/microsoft-dynamics-365-and-power-platform\/\" \/>\n<meta property=\"og:site_name\" content=\"Capgemini\" \/>\n<meta property=\"article:modified_time\" content=\"2025-03-05T05:54:04+00:00\" \/>\n<meta property=\"og:image\" content=\"https:\/\/www.capgemini.com\/wp-content\/uploads\/2021\/10\/Capgemini_RapidCX_transformation.jpg\" \/>\n<meta name=\"twitter:card\" content=\"summary_large_image\" \/>\n<script type=\"application\/ld+json\" class=\"yoast-schema-graph\">{\"@context\":\"https:\/\/schema.org\",\"@graph\":[{\"@type\":\"WebPage\",\"@id\":\"https:\/\/www.capgemini.com\/de-de\/solutions\/microsoft-dynamics-365-and-power-platform\/\",\"url\":\"https:\/\/www.capgemini.com\/de-de\/solutions\/microsoft-dynamics-365-and-power-platform\/\",\"name\":\"Microsoft Dynamics 365 und Power Platform - Capgemini\",\"isPartOf\":{\"@id\":\"https:\/\/www.capgemini.com\/de-de\/#website\"},\"primaryImageOfPage\":{\"@id\":\"https:\/\/www.capgemini.com\/de-de\/solutions\/microsoft-dynamics-365-and-power-platform\/#primaryimage\"},\"image\":{\"@id\":\"https:\/\/www.capgemini.com\/de-de\/solutions\/microsoft-dynamics-365-and-power-platform\/#primaryimage\"},\"thumbnailUrl\":\"https:\/\/www.capgemini.com\/wp-content\/uploads\/2021\/10\/Capgemini_RapidCX_transformation.jpg\",\"datePublished\":\"2022-01-31T11:59:41+00:00\",\"dateModified\":\"2025-03-05T05:54:04+00:00\",\"breadcrumb\":{\"@id\":\"https:\/\/www.capgemini.com\/de-de\/solutions\/microsoft-dynamics-365-and-power-platform\/#breadcrumb\"},\"inLanguage\":\"de-DE\",\"potentialAction\":[{\"@type\":\"ReadAction\",\"target\":[\"https:\/\/www.capgemini.com\/de-de\/solutions\/microsoft-dynamics-365-and-power-platform\/\"]}]},{\"@type\":\"ImageObject\",\"inLanguage\":\"de-DE\",\"@id\":\"https:\/\/www.capgemini.com\/de-de\/solutions\/microsoft-dynamics-365-and-power-platform\/#primaryimage\",\"url\":\"https:\/\/www.capgemini.com\/wp-content\/uploads\/2021\/10\/Capgemini_RapidCX_transformation.jpg\",\"contentUrl\":\"https:\/\/www.capgemini.com\/wp-content\/uploads\/2021\/10\/Capgemini_RapidCX_transformation.jpg\"},{\"@type\":\"BreadcrumbList\",\"@id\":\"https:\/\/www.capgemini.com\/de-de\/solutions\/microsoft-dynamics-365-and-power-platform\/#breadcrumb\",\"itemListElement\":[{\"@type\":\"ListItem\",\"position\":1,\"name\":\"Solutions\",\"item\":\"https:\/\/www.capgemini.com\/de-de\/solutions\/\"},{\"@type\":\"ListItem\",\"position\":2,\"name\":\"Microsoft Dynamics 365 und Power Platform\"}]},{\"@type\":\"WebSite\",\"@id\":\"https:\/\/www.capgemini.com\/de-de\/#website\",\"url\":\"https:\/\/www.capgemini.com\/de-de\/\",\"name\":\"Capgemini Deutschland\",\"description\":\"Make it real\",\"potentialAction\":[{\"@type\":\"SearchAction\",\"target\":{\"@type\":\"EntryPoint\",\"urlTemplate\":\"https:\/\/www.capgemini.com\/de-de\/?s={search_term_string}\"},\"query-input\":\"required name=search_term_string\"}],\"inLanguage\":\"de-DE\"}]}<\/script>\n<!-- \/ Yoast SEO Premium plugin. -->","yoast_head_json":{"title":"Microsoft Dynamics 365 und Power Platform - Capgemini","robots":{"index":"index","follow":"follow","max-snippet":"max-snippet:-1","max-image-preview":"max-image-preview:large","max-video-preview":"max-video-preview:-1"},"canonical":"https:\/\/www.capgemini.com\/de-de\/solutions\/microsoft-dynamics-365-and-power-platform\/","og_locale":"de_DE","og_type":"article","og_title":"Microsoft Dynamics 365 und Power Platform - Capgemini","og_url":"https:\/\/www.capgemini.com\/de-de\/solutions\/microsoft-dynamics-365-and-power-platform\/","og_site_name":"Capgemini","article_modified_time":"2025-03-05T05:54:04+00:00","og_image":[{"url":"https:\/\/www.capgemini.com\/wp-content\/uploads\/2021\/10\/Capgemini_RapidCX_transformation.jpg"}],"twitter_card":"summary_large_image","schema":{"@context":"https:\/\/schema.org","@graph":[{"@type":"WebPage","@id":"https:\/\/www.capgemini.com\/de-de\/solutions\/microsoft-dynamics-365-and-power-platform\/","url":"https:\/\/www.capgemini.com\/de-de\/solutions\/microsoft-dynamics-365-and-power-platform\/","name":"Microsoft Dynamics 365 und Power Platform - Capgemini","isPartOf":{"@id":"https:\/\/www.capgemini.com\/de-de\/#website"},"primaryImageOfPage":{"@id":"https:\/\/www.capgemini.com\/de-de\/solutions\/microsoft-dynamics-365-and-power-platform\/#primaryimage"},"image":{"@id":"https:\/\/www.capgemini.com\/de-de\/solutions\/microsoft-dynamics-365-and-power-platform\/#primaryimage"},"thumbnailUrl":"https:\/\/www.capgemini.com\/wp-content\/uploads\/2021\/10\/Capgemini_RapidCX_transformation.jpg","datePublished":"2022-01-31T11:59:41+00:00","dateModified":"2025-03-05T05:54:04+00:00","breadcrumb":{"@id":"https:\/\/www.capgemini.com\/de-de\/solutions\/microsoft-dynamics-365-and-power-platform\/#breadcrumb"},"inLanguage":"de-DE","potentialAction":[{"@type":"ReadAction","target":["https:\/\/www.capgemini.com\/de-de\/solutions\/microsoft-dynamics-365-and-power-platform\/"]}]},{"@type":"ImageObject","inLanguage":"de-DE","@id":"https:\/\/www.capgemini.com\/de-de\/solutions\/microsoft-dynamics-365-and-power-platform\/#primaryimage","url":"https:\/\/www.capgemini.com\/wp-content\/uploads\/2021\/10\/Capgemini_RapidCX_transformation.jpg","contentUrl":"https:\/\/www.capgemini.com\/wp-content\/uploads\/2021\/10\/Capgemini_RapidCX_transformation.jpg"},{"@type":"BreadcrumbList","@id":"https:\/\/www.capgemini.com\/de-de\/solutions\/microsoft-dynamics-365-and-power-platform\/#breadcrumb","itemListElement":[{"@type":"ListItem","position":1,"name":"Solutions","item":"https:\/\/www.capgemini.com\/de-de\/solutions\/"},{"@type":"ListItem","position":2,"name":"Microsoft Dynamics 365 und Power Platform"}]},{"@type":"WebSite","@id":"https:\/\/www.capgemini.com\/de-de\/#website","url":"https:\/\/www.capgemini.com\/de-de\/","name":"Capgemini Deutschland","description":"Make it real","potentialAction":[{"@type":"SearchAction","target":{"@type":"EntryPoint","urlTemplate":"https:\/\/www.capgemini.com\/de-de\/?s={search_term_string}"},"query-input":"required name=search_term_string"}],"inLanguage":"de-DE"}]}},"brand_term":[],"parsely":{"version":"1.1.0","canonical_url":"https:\/\/capgemini.com\/de-de\/solutions\/microsoft-dynamics-365-and-power-platform\/","smart_links":{"inbound":0,"outbound":0},"traffic_boost_suggestions_count":0,"meta":{"@context":"https:\/\/schema.org","@type":"WebPage","headline":"Microsoft Dynamics 365 und Power Platform","url":"http:\/\/www.capgemini.com\/de-de\/solutions\/microsoft-dynamics-365-and-power-platform\/","mainEntityOfPage":{"@type":"WebPage","@id":"http:\/\/www.capgemini.com\/de-de\/solutions\/microsoft-dynamics-365-and-power-platform\/"},"thumbnailUrl":"","image":{"@type":"ImageObject","url":""},"articleSection":"Uncategorized","author":[],"creator":[],"publisher":{"@type":"Organization","name":"Capgemini","logo":""},"keywords":[],"dateCreated":"2022-01-31T11:59:41Z","datePublished":"2022-01-31T11:59:41Z","dateModified":"2025-03-05T05:54:04Z"},"rendered":"<script type=\"application\/ld+json\" class=\"wp-parsely-metadata\">{\"@context\":\"https:\\\/\\\/schema.org\",\"@type\":\"WebPage\",\"headline\":\"Microsoft Dynamics 365 und Power Platform\",\"url\":\"http:\\\/\\\/www.capgemini.com\\\/de-de\\\/solutions\\\/microsoft-dynamics-365-and-power-platform\\\/\",\"mainEntityOfPage\":{\"@type\":\"WebPage\",\"@id\":\"http:\\\/\\\/www.capgemini.com\\\/de-de\\\/solutions\\\/microsoft-dynamics-365-and-power-platform\\\/\"},\"thumbnailUrl\":\"\",\"image\":{\"@type\":\"ImageObject\",\"url\":\"\"},\"articleSection\":\"Uncategorized\",\"author\":[],\"creator\":[],\"publisher\":{\"@type\":\"Organization\",\"name\":\"Capgemini\",\"logo\":\"\"},\"keywords\":[],\"dateCreated\":\"2022-01-31T11:59:41Z\",\"datePublished\":\"2022-01-31T11:59:41Z\",\"dateModified\":\"2025-03-05T05:54:04Z\"}<\/script>","tracker_url":"https:\/\/cdn.parsely.com\/keys\/capgemini.com\/p.js"},"archive_status":false,"featured_image_src":"https:\/\/www.capgemini.com\/de-de\/wp-content\/themes\/capgemini2025\/assets\/images\/mockup.png","featured_image_alt":false,"jetpack_sharing_enabled":true,"distributor_meta":false,"distributor_terms":false,"distributor_media":false,"distributor_original_site_name":"Capgemini","distributor_original_site_url":"https:\/\/www.capgemini.com\/de-de","push-errors":false,"_links":{"self":[{"href":"https:\/\/www.capgemini.com\/de-de\/wp-json\/wp\/v2\/pages\/741675","targetHints":{"allow":["GET"]}}],"collection":[{"href":"https:\/\/www.capgemini.com\/de-de\/wp-json\/wp\/v2\/pages"}],"about":[{"href":"https:\/\/www.capgemini.com\/de-de\/wp-json\/wp\/v2\/types\/page"}],"author":[{"embeddable":true,"href":"https:\/\/www.capgemini.com\/de-de\/wp-json\/wp\/v2\/users\/151"}],"replies":[{"embeddable":true,"href":"https:\/\/www.capgemini.com\/de-de\/wp-json\/wp\/v2\/comments?post=741675"}],"version-history":[{"count":10,"href":"https:\/\/www.capgemini.com\/de-de\/wp-json\/wp\/v2\/pages\/741675\/revisions"}],"predecessor-version":[{"id":876149,"href":"https:\/\/www.capgemini.com\/de-de\/wp-json\/wp\/v2\/pages\/741675\/revisions\/876149"}],"up":[{"embeddable":true,"href":"https:\/\/www.capgemini.com\/de-de\/wp-json\/wp\/v2\/pages\/743171"}],"wp:attachment":[{"href":"https:\/\/www.capgemini.com\/de-de\/wp-json\/wp\/v2\/media?parent=741675"}],"wp:term":[{"taxonomy":"brand","embeddable":true,"href":"https:\/\/www.capgemini.com\/de-de\/wp-json\/wp\/v2\/brand?post=741675"},{"taxonomy":"partner_type","embeddable":true,"href":"https:\/\/www.capgemini.com\/de-de\/wp-json\/wp\/v2\/partner_type?post=741675"},{"taxonomy":"service","embeddable":true,"href":"https:\/\/www.capgemini.com\/de-de\/wp-json\/wp\/v2\/service?post=741675"},{"taxonomy":"industry","embeddable":true,"href":"https:\/\/www.capgemini.com\/de-de\/wp-json\/wp\/v2\/industry?post=741675"},{"taxonomy":"partners","embeddable":true,"href":"https:\/\/www.capgemini.com\/de-de\/wp-json\/wp\/v2\/partners?post=741675"},{"taxonomy":"page-type","embeddable":true,"href":"https:\/\/www.capgemini.com\/de-de\/wp-json\/wp\/v2\/page-type?post=741675"},{"taxonomy":"content-group","embeddable":true,"href":"https:\/\/www.capgemini.com\/de-de\/wp-json\/wp\/v2\/content-group?post=741675"}],"curies":[{"name":"wp","href":"https:\/\/api.w.org\/{rel}","templated":true}]}}