{"id":741638,"date":"2022-02-10T04:54:36","date_gmt":"2022-02-10T04:54:36","guid":{"rendered":"https:\/\/www.capgemini.com\/?page_id=649960"},"modified":"2026-03-31T14:17:27","modified_gmt":"2026-03-31T14:17:27","slug":"jobs","status":"publish","type":"page","link":"https:\/\/www.capgemini.com\/de-de\/jobs\/","title":{"rendered":"Jobs"},"content":{"rendered":"<div id=\"single\" data-job-id=\"\"><\/div>\n        <div class=\"modal\" id=\"bs-modal-job-apply\">\n            <div class=\"modal-dialog modal-dialog-centered modal-lg modal-dialog-scrollable landing-page-modals\">\n                <div class=\"modal-content\">\n                    <div class=\"modal-header\">\n                        <button type=\"button\" class=\"btn-close\" data-bs-dismiss=\"modal\"><\/button>\n                    <\/div>\n                    <div class=\"modal-body\">\n                        <div class=\"logo-wrapper\">\n                            <img decoding=\"async\" src=\"\/wp-content\/themes\/capgemini2020\/assets\/images\/logo-capgemini.svg\" alt=\"Capgemini Logo\" \/>\n                        <\/div>\n                        \t\t<div class=\"mf_forms__container \">\n\t\t\t\t\t\t\t\t<form id=\"mf_form_35671_1373343039\" class=\"mf_form__form row needs-validation\" action=\"\" method=\"post\" enctype=\"multipart\/form-data\" data-nosnippet>\n\n\t\t\t\t\t\t\t\t<input type=\"hidden\" name=\"form_id\" data-validate=\"number\" class=\"mf_form__id\" value=\"35671\" \/>\n\t\t\t\t<input type=\"hidden\" name=\"form_title\" class=\"mf_form__title\" value=\"\" \/>\n\t\t\t\t<input type=\"hidden\" name=\"wp_rest_nonce\" class=\"mf_form__wp_rest_nonce\" value=\"0066098e0b\" \/>\n\n\t\t\t\t<input type=\"hidden\" name=\"mf_form_conditional_logic\" class=\"mf_form__title conditional_logic\" value=\"\" \/>\n\t\t\t\t\n\t\t\t\t<input type=\"hidden\" name=\"mf_form_fields_country_dpo_field\" class=\"mf_form__title conditional_logic mf_form_fields_country_dpo_field\" value=\"\" \/>\n\n\t\t\t\t<!-- Anti-spam field -->\n\t\t\t\t<input type=\"text\" \n\t\t\t\t\tname=\"website_url\" \n\t\t\t\t\tclass=\"mf_field__url\" \n\t\t\t\t\tautocomplete=\"off\"\n\t\t\t\t\ttabindex=\"-1\"\n\t\t\t\t\taria-hidden=\"true\"\n\t\t\t\t\tstyle=\"position:absolute;left:-9999px;width:1px;height:1px;opacity:0;pointer-events:none;\" \n\t\t\t\t\/>\n\t\t\t<\/form>\n\n\t\t\t<div class=\"mf_form__success\" tabindex=\"0\" role=\"alert\">\n\t\t\t\t\t\t\t\t<p>Vielen Dank! Wir haben das \u00fcbermittelte Formular erhalten.\t\t\t\t<\/p>\n\t\t\t<\/div>\n\t\t\t<div class=\"mf_form__errors\">\n\t\t\t\t<p>Es tut uns leid, die \u00dcbermittlung des Formulars ist fehlgeschlagen. Bitte versuchen Sie es erneut.<\/p>\n\t\t\t<\/div>\n\t\t\t\t<\/div>\n\n\t\t<script>\n\t\t\twindow.MF_CONFIG35671 = {\"35671\":{\"errors\":[],\"redirect\":\"\"}};\n\t\t<\/script>\n\t\n                    <\/div>\n                <\/div>\n            <\/div>\n        <\/div>\n\n\n\n<section class=\"wp-block-cg-blocks-learn-more updated-new-sample-amal learnMoreBlock\"><div class=\"container\"><div class=\"row\"><div class=\"content-title col-12 col-md-8\"><h2 class=\"learnmore-heading\">Entdecke Capgeminis Benefits:<\/h2><\/div><\/div><div class=\"row\"><div class=\"col-md-4\"><div class=\"box\"><div class=\"box-wrapper\"><a class=\"box-title\" href=\"\/de-de\/karriere\/warum-capgemini\/benefits\" target=\"\" aria-label=\"Flexible Benefits\" rel=\"noopener noreferrer\"><div class=\"box-img-wrapper\"><img decoding=\"async\" src=\"https:\/\/www.capgemini.com\/de-de\/wp-content\/uploads\/sites\/8\/2022\/08\/GettyImages-1347652268.jpg?w=500&amp;quality=70\" srcset=\"https:\/\/www.capgemini.com\/de-de\/wp-content\/uploads\/sites\/8\/2022\/08\/GettyImages-1347652268.jpg?w=500&amp;quality=70 1x, https:\/\/www.capgemini.com\/de-de\/wp-content\/uploads\/sites\/8\/2022\/08\/GettyImages-1347652268.jpg?w=1000&amp;quality=70 2x\" class=\"box-img\" alt=\"\" style=\"object-fit:cover;object-position:50% 50%\" loading=\"lazy\"\/><\/div><h3 class=\"titleWithoutLink_learnMore\">Flexible Benefits<\/h3><\/a><\/div><\/div><div class=\"box-inner\"><p class=\"box-desc\">Bei Capgemini genie\u00dft du zahlreiche Benefits, die deine Mobilit\u00e4t, Work-Life-Balance und Gesundheit f\u00f6rdern. Entdecke hier, was dich erwartet.<\/p><\/div><\/div><div class=\"col-md-4\"><div class=\"box\"><div class=\"box-wrapper\"><a class=\"box-title\" href=\"\/de-de\/karriere\/warum-capgemini\/\" target=\"\" aria-label=\"Darum bist du bei Capgemini richtig \" rel=\"noopener noreferrer\"><div class=\"box-img-wrapper\"><img decoding=\"async\" src=\"https:\/\/www.capgemini.com\/wp-content\/uploads\/2021\/06\/Capgemini_Why-join.jpg?w=500&amp;quality=70\" srcset=\"https:\/\/www.capgemini.com\/wp-content\/uploads\/2021\/06\/Capgemini_Why-join.jpg?w=500&amp;quality=70 1x, https:\/\/www.capgemini.com\/wp-content\/uploads\/2021\/06\/Capgemini_Why-join.jpg?w=1000&amp;quality=70 2x\" class=\"box-img\" alt=\"\" style=\"object-fit:cover;object-position:50% 50%\" loading=\"lazy\"\/><\/div><h3 class=\"titleWithoutLink_learnMore\">Darum bist du bei Capgemini richtig <\/h3><\/a><\/div><\/div><div class=\"box-inner\"><p class=\"box-desc\">Bei Capgemini erwartet dich nicht einfach nur ein neuer Job. Du wirst Teil von etwas Gr\u00f6\u00dferem. Erfahre hier, warum du dich f\u00fcr eine Karriere bei Capgemini entscheiden solltest.<\/p><\/div><\/div><div class=\"col-md-4\"><div class=\"box\"><div class=\"box-wrapper\"><a class=\"box-title\" href=\"\/de-de\/karriere\/warum-capgemini\/diversity-inclusion\" target=\"\" aria-label=\"Vielfalt am Arbeitsplatz\" rel=\"noopener noreferrer\"><div class=\"box-img-wrapper\"><img decoding=\"async\" src=\"https:\/\/www.capgemini.com\/de-de\/wp-content\/uploads\/sites\/8\/2022\/07\/Capgemini_Rainbowflag_LGBTQ.jpg?w=500&amp;quality=70\" srcset=\"https:\/\/www.capgemini.com\/de-de\/wp-content\/uploads\/sites\/8\/2022\/07\/Capgemini_Rainbowflag_LGBTQ.jpg?w=500&amp;quality=70 1x, https:\/\/www.capgemini.com\/de-de\/wp-content\/uploads\/sites\/8\/2022\/07\/Capgemini_Rainbowflag_LGBTQ.jpg?w=1000&amp;quality=70 2x\" class=\"box-img\" alt=\"\" style=\"object-fit:cover;object-position:50% 50%\" loading=\"lazy\"\/><\/div><h3 class=\"titleWithoutLink_learnMore\">Vielfalt am Arbeitsplatz<\/h3><\/a><\/div><\/div><div class=\"box-inner\"><p class=\"box-desc\">Wir kennen die Kraft der Vielfalt. Deshalb leben wir kulturelle Diversit\u00e4t und Inklusion jeden Tag. Erfahre hier was das im Detail bedeutet.<\/p><\/div><\/div><div class=\"col-md-4\"><div class=\"box\"><div class=\"box-wrapper\"><a class=\"box-title\" href=\"\/de-de\/karriere\/karrierewege\/\" target=\"\" aria-label=\"Forme deinen Karriereweg\" rel=\"noopener noreferrer\"><div class=\"box-img-wrapper\"><img decoding=\"async\" src=\"https:\/\/www.capgemini.com\/de-de\/wp-content\/uploads\/sites\/8\/2022\/09\/Capgemini_Why-join-1.jpg?w=500&amp;quality=70\" srcset=\"https:\/\/www.capgemini.com\/de-de\/wp-content\/uploads\/sites\/8\/2022\/09\/Capgemini_Why-join-1.jpg?w=500&amp;quality=70 1x, https:\/\/www.capgemini.com\/de-de\/wp-content\/uploads\/sites\/8\/2022\/09\/Capgemini_Why-join-1.jpg?w=1000&amp;quality=70 2x\" class=\"box-img\" alt=\"\" style=\"object-fit:cover;object-position:50% 50%\" loading=\"lazy\"\/><\/div><h3 class=\"titleWithoutLink_learnMore\">Forme deinen Karriereweg<\/h3><\/a><\/div><\/div><div class=\"box-inner\"><p class=\"box-desc\">Bist du bereit, deiner Karriere eine eigene Richtung zu geben? Hier findest du alle Infos, wie du dich als Professional, (Quer-)Einsteiger*in oder Studierende*r verwirklichst.<br><\/p><\/div><\/div><div class=\"col-md-4\"><div class=\"box\"><div class=\"box-wrapper\"><a class=\"box-title\" href=\"\/de-de\/karriere\/insights\/hybrides-arbeiten\/\" target=\"\" aria-label=\"Hybrides Arbeiten\" rel=\"noopener noreferrer\"><div class=\"box-img-wrapper\"><img decoding=\"async\" src=\"https:\/\/www.capgemini.com\/de-de\/wp-content\/uploads\/sites\/8\/2022\/09\/lets-connect.jpg?w=500&amp;quality=70\" srcset=\"https:\/\/www.capgemini.com\/de-de\/wp-content\/uploads\/sites\/8\/2022\/09\/lets-connect.jpg?w=500&amp;quality=70 1x, https:\/\/www.capgemini.com\/de-de\/wp-content\/uploads\/sites\/8\/2022\/09\/lets-connect.jpg?w=1000&amp;quality=70 2x\" class=\"box-img\" alt=\"\" style=\"object-fit:cover;object-position:50% 50%\" loading=\"lazy\"\/><\/div><h3 class=\"titleWithoutLink_learnMore\">Hybrides Arbeiten<\/h3><\/a><\/div><\/div><div class=\"box-inner\"><p class=\"box-desc\">Zur Capgemini-DNA geh\u00f6rt es, den Mitarbeiterinnen und Mitarbeitern ein hohes Ma\u00df an beruflicher Freiheit, zeitlicher Flexibilit\u00e4t und unkomplizierte Zusammenarbeit zu erm\u00f6glichen. Erfahre hier mehr.<\/p><\/div><\/div><div class=\"col-md-4\"><div class=\"box\"><div class=\"box-wrapper\"><a class=\"box-title\" href=\"\/de-de\/karriere\/warum-capgemini\/weiterbildung\/\" target=\"\" aria-label=\"Setze Impulse, entfalte dich selbst \" rel=\"noopener noreferrer\"><div class=\"box-img-wrapper\"><img decoding=\"async\" src=\"https:\/\/www.capgemini.com\/de-de\/wp-content\/uploads\/sites\/8\/2022\/09\/betriebliche-weiterbildung-capgemini.jpg?w=500&amp;quality=70\" srcset=\"https:\/\/www.capgemini.com\/de-de\/wp-content\/uploads\/sites\/8\/2022\/09\/betriebliche-weiterbildung-capgemini.jpg?w=500&amp;quality=70 1x, https:\/\/www.capgemini.com\/de-de\/wp-content\/uploads\/sites\/8\/2022\/09\/betriebliche-weiterbildung-capgemini.jpg?w=1000&amp;quality=70 2x\" class=\"box-img\" alt=\"\" style=\"object-fit:cover;object-position:50% 50%\" loading=\"lazy\"\/><\/div><h3 class=\"titleWithoutLink_learnMore\">Setze Impulse, entfalte dich selbst <\/h3><\/a><\/div><\/div><div class=\"box-inner\"><p class=\"box-desc\">Profitiere von lebenslangem Lernen. Hier erf\u00e4hrst du alles \u00fcber unsere Weiterbildungsangebote und das Capgemini Karrieremodell.<\/p><\/div><\/div><\/div><\/div><\/section>\n\n\n\t<section class=\"wp-block-cg-blocks-wrapper-learning-slider section learning-slider\">\n\t\t<div class=\"container\">\n\t\t\t<div class=\"learning-header\">\n\t\t\t\t\n\t\t\t\t\t\t\t<\/div>\n\t\t<\/div>\n\n\t<div class=\"slider slider-fader\">\n\t\t\t\t<div class=\"slider-list\">\n\t\t\t\t\t\t\t\t\t\t\t\t\t\t\t\t\t\t\t\t<div class=\"slide active card-learning-slide right-card short-copy\" data-align-right=\"false\" data-long-copy=\"false\">\n\t\t\t\t\t\t\t\t<div>\n\t\t\t\t\t\t\t\t\t<div class=\"slide-bg-wrapper\">\n\n                                        \n\t\t\t\t\t\t\t\t\t\t\t\t\t\t\t\t\t\t\t\t\t\n                                            \n                                            \n                                            \n                                            <img decoding=\"async\" loading=\"lazy\" class=\"slide-bg d-md-block\" src=\"https:\/\/www.capgemini.com\/de-de\/wp-content\/uploads\/sites\/8\/2022\/09\/GettyImages-1297562070.jpg\" alt=\"employee-stories\" style=\"object-position: 87% 10%;object-fit: cover\" \/>\n                                        \n\n                  \t<\/div>\n\t\t\t\t\t\t\t\t\t<div class=\"slide-reveal\"><\/div>\n\n\t\t\t\t\t\t\t\t\t\t<div class=\"container slide-info-wrapper card-learning-slider\">\n\t\t\t\t\t\t\t\t\t\t\t<div class=\"row\">\n\t\t\t\t\t\t\t\t\t\t\t\t\t\t\t\t\t\t\t\t\t\t\t\t\t\t\t\t\t<div class=\"col-12 col-lg-10 col-xl-6 col-xxl-6 right-card\">\n\t\t\t\t\t\t\t\t\t\t\t\t<div class=\"slide-info short-copy\">\n\t\t\t\t\t\t\t\t\t\t\t\t\t<div class=\"box\">\n\t\t\t\t\t\t\t\t\t\t\t\t\t\t\t\t\t\t\t\t\t\t\t\t\t\t\t\t\t\t\t\t\t\t\t\t\t\t\t\t\t\t\t\t\t\t\t\t\t\t\t\t\t\t\t\t\t\t\t\t\t\t<a class=\"title-link\" href=\"https:\/\/www.capgemini.com\/de-de\/karriere\/employee-story\/\" target=\"\" rel=\"noopener noreferrer\">\n\t\t\t\t\t\t\t\t\t\t\t\t\t\t\t\t\t\t\t\t\t<h3 class=\"title-text\" data-maxlength=\"88\">Pers\u00f6nliche Einblicke<\/h3>\n\t\t\t\t\t\t\t\t\t\t\t\t\t\t\t\t\t\t\t\t\t<\/a>\n\t\t\t\t\t\t\t\t\t\t\t\t\t\t\t\t\t\t\t\t\t\t\t\t\t\t\t\t\t\t\t\t\t\t\t\t\t\t\t\t\t\t\t\t\t\t\t\t\t\t\t\t\t\t\t\t\t\t\t\t\t\t\t\t\t\t\t\t\t\t\t\t\t\t\t\t\t\t\t\t\t\t\t\t<p data-maxlength=\"330\">\n\t\t\t\t\t\t\t\t\t\t\t\t\t\t\t\t\t\t\t\t\tIn unseren Employee Stories lernst du unsere Kolleginnen und Kollegen kennen, die dir abwechslungsreiche Einblicke in den Alltag bei Capgemini geben.\t\t\t\t\t\t\t\t\t\t\t\t\t\t\t\t\t\t\t\t\t<\/p>\n\t\t\t\t\t\t\t\t\t\t\t\t\t\t\t\t\t\t\t\t\t\t\t\t\t\t\t\t\t\t\t\t\t\t<\/div>\n\t\t\t\t\t\t\t\t\t\t\t\t\t\t\t\t\t\t\t<div class=\"box-bottom\">\n\t\t\t\t\t\t\t\t\t\t\t\t\t\t\t\t\t\t\t\t<div class=\"col-12 col-md-6\">\n\t\t\t\t\t\t\t\t\t\t\t\t\t\t\t\t\t\t\t\t\t<div class=\"slide-info-footer\">\n\t\t\t\t\t\t\t\t\t\t\t\t\t\t\t<div class=\"brand-logo-wrapper\">\n\t\t\t\t\t\t\t\t\t\t\t\t\t\t\t\t\t\t\t\t\t\t\t\t\t\t\t\t\t\t\t\t\t\t\t\t\t\t\t\t<\/div>\n\t\t\t\t\t\t\t\t\t\t\t\t\t\t<\/div>\n\t\t\t\t\t\t\t\t\t\t\t\t\t\t\t\t\t\t\t\t<\/div>\n\t\t\t\t\t\t\t\t\t\t\t\t\t\t\t\t\t\t\t\t<div class=\"col-12 col-md-6\">\n\t\t\t\t\t\t\t\t\t\t\t\t\t\t\t\t\t\t\t\t\t\t\t\t\t\t\t\t\t\t\t\t\t\t\t\t\t\t\t\t\t\t<div class=\"btnDiv\">\t<a class=\"more2\" aria-label=\"Employee Stories \u00fcber Pers\u00f6nliche Einblicke\" href=\"https:\/\/www.capgemini.com\/de-de\/karriere\/employee-story\/\" target=\"\">\n\t\t\t\t\t\t\t\t\t\t\t\t\t\t\t\t\t\t\t\t\t\tEmployee Stories\t\t\t\t\t\t\t\t\t\t\t\t\t\t\t\t\t\t\t\t\t<\/a>\n\t\t\t\t\t\t\t\t\t\t\t\t\t\t\t\t\t\t\t\t<\/div>\n\t\t\t\t\t\t\t\t\t\t\t\t\t\t\t\t\t\t\t\t\t\t\t\t\t\t\t\t\t\t\t\t\t\t\t\t\t\t\t<\/div>\n\t\t\t\t\t\t\t\t\t\t\t\t\t\t\t\t\t\t\t<\/div>\n\t\t\t\t\t\t\t\t\t\t\t\t<\/div>\n\t\t\t\t\t\t\t\t\t\t\t\t<\/div>\n\n\t\t\t\t\t\t\t\t\t\t\t<\/div>\n\t\t\t\t\t         \t\t\t<\/div>\n\n\n\t\t\t\t\t\t\t\t<\/div>\n\n\t\t\t\t\t\t\t<\/div>\n\n\t\t\t\t\t\t\t\t\t\t\t\t<\/div>\n\t\t\t\t\t<div class=\"slider-nav-wrapper container\">\n\t\t\t\t\t\t\t\t\t\t<div class=\"row\">\n\t\t\t\t\t\t\t\t\t\t\t<div class=\"slider-nav-content col-12 col-lg-10 col-xl-6 col-xxl-6\" data-nav-content>\n\t\t\t\t\t\t\t\t\t\t\t\t<div class=\"slide-nav-container\">\n                                                                                                            <\/div>\n\t\t\t\t\t\t\t\t\t\t\t<\/div>\n\t\t\t\t\t\t\t\t\t\t<\/div>\n\t\t\t\t\t\t\t\t\t<\/div>\n\t\t\t\t<\/div>\n\t<\/section>\n\n\t","protected":false},"excerpt":{"rendered":"","protected":false},"author":112,"featured_media":0,"parent":0,"menu_order":0,"comment_status":"closed","ping_status":"closed","template":"","meta":{"cg_dt_proposed_to":[],"cg_seo_hreflang_relations":"[]","cg_seo_canonical_relation":"","cg_seo_hreflang_x_default_relation":"{\"uuid\":\"7ffba900-e7c5-4bba-b21d-ac5a5b44673b\",\"blogId\":\"\",\"domain\":\"\",\"sitePath\":\"\",\"postLink\":\"\",\"postId\":null,\"isSaved\":true,\"isCrossLink\":false,\"hasCrossLink\":false}","cg_dt_approved_content":true,"cg_dt_mandatory_content":false,"cg_dt_notes":"","cg_dg_source_changed":false,"cg_dt_link_disabled":false,"_yoast_wpseo_primary_brand":"","footnotes":"","featured_focal_points":"","partner_card_description":"","gsap_animation":0},"brand":[],"partner_type":[],"service":[],"industry":[],"partners":[],"page-type":[],"content-group":[],"class_list":["post-741638","page","type-page","status-publish","hentry"],"yoast_head":"<!-- This site is optimized with the Yoast SEO Premium plugin v22.8 (Yoast SEO v22.8) - https:\/\/yoast.com\/wordpress\/plugins\/seo\/ -->\n<title>Jobs - Capgemini<\/title>\n<meta name=\"description\" content=\"Bist du bereit, deine Expertise f\u00fcr eine nachhaltige &amp; integrative Zukunft einzusetzen? Dann finde jetzt deinen Traumjob bei Capgemini.\" \/>\n<meta name=\"robots\" content=\"index, follow, max-snippet:-1, max-image-preview:large, max-video-preview:-1\" \/>\n<link rel=\"canonical\" href=\"https:\/\/www.capgemini.com\/de-de\/jobs\/\" \/>\n<meta property=\"og:locale\" content=\"de_DE\" \/>\n<meta property=\"og:type\" content=\"article\" \/>\n<meta property=\"og:title\" content=\"Jobs - Capgemini\" \/>\n<meta property=\"og:description\" content=\"Bist du bereit, deine Expertise f\u00fcr eine nachhaltige &amp; integrative Zukunft einzusetzen? Dann finde jetzt deinen Traumjob bei Capgemini.\" \/>\n<meta property=\"og:url\" content=\"https:\/\/www.capgemini.com\/de-de\/jobs\/\" \/>\n<meta property=\"og:site_name\" content=\"Capgemini\" \/>\n<meta property=\"article:modified_time\" content=\"2026-03-31T14:17:27+00:00\" \/>\n<meta property=\"og:image\" content=\"https:\/\/www.capgemini.com\/de-de\/wp-content\/uploads\/sites\/8\/2025\/10\/New-Web-preview-global.jpg\" \/>\n\t<meta property=\"og:image:width\" content=\"1200\" \/>\n\t<meta property=\"og:image:height\" content=\"627\" \/>\n\t<meta property=\"og:image:type\" content=\"image\/jpeg\" \/>\n<meta name=\"twitter:card\" content=\"summary_large_image\" \/>\n<meta name=\"twitter:label1\" content=\"Est. reading time\" \/>\n\t<meta name=\"twitter:data1\" content=\"3 minutes\" \/>\n<script type=\"application\/ld+json\" class=\"yoast-schema-graph\">{\"@context\":\"https:\/\/schema.org\",\"@graph\":[{\"@type\":\"WebPage\",\"@id\":\"https:\/\/www.capgemini.com\/de-de\/jobs\/\",\"url\":\"https:\/\/www.capgemini.com\/de-de\/jobs\/\",\"name\":\"Jobs - Capgemini\",\"isPartOf\":{\"@id\":\"https:\/\/www.capgemini.com\/de-de\/#website\"},\"primaryImageOfPage\":{\"@id\":\"https:\/\/www.capgemini.com\/de-de\/jobs\/#primaryimage\"},\"image\":{\"@id\":\"https:\/\/www.capgemini.com\/de-de\/jobs\/#primaryimage\"},\"thumbnailUrl\":\"https:\/\/www.capgemini.com\/de-de\/wp-content\/uploads\/sites\/8\/2022\/08\/GettyImages-1347652268.jpg?w=500&amp;quality=70\",\"datePublished\":\"2022-02-10T04:54:36+00:00\",\"dateModified\":\"2026-03-31T14:17:27+00:00\",\"description\":\"Bist du bereit, deine Expertise f\u00fcr eine nachhaltige & integrative Zukunft einzusetzen? Dann finde jetzt deinen Traumjob bei Capgemini.\",\"inLanguage\":\"de-DE\",\"potentialAction\":[{\"@type\":\"ReadAction\",\"target\":[\"https:\/\/www.capgemini.com\/de-de\/jobs\/\"]}]},{\"@type\":\"ImageObject\",\"inLanguage\":\"de-DE\",\"@id\":\"https:\/\/www.capgemini.com\/de-de\/jobs\/#primaryimage\",\"url\":\"https:\/\/www.capgemini.com\/de-de\/wp-content\/uploads\/sites\/8\/2022\/08\/GettyImages-1347652268.jpg?w=500&amp;quality=70\",\"contentUrl\":\"https:\/\/www.capgemini.com\/de-de\/wp-content\/uploads\/sites\/8\/2022\/08\/GettyImages-1347652268.jpg?w=500&amp;quality=70\"},{\"@type\":\"WebSite\",\"@id\":\"https:\/\/www.capgemini.com\/de-de\/#website\",\"url\":\"https:\/\/www.capgemini.com\/de-de\/\",\"name\":\"Capgemini Deutschland\",\"description\":\"Make it real\",\"potentialAction\":[{\"@type\":\"SearchAction\",\"target\":{\"@type\":\"EntryPoint\",\"urlTemplate\":\"https:\/\/www.capgemini.com\/de-de\/?s={search_term_string}\"},\"query-input\":\"required name=search_term_string\"}],\"inLanguage\":\"de-DE\"}]}<\/script>\n<!-- \/ Yoast SEO Premium plugin. -->","yoast_head_json":{"title":"Jobs - Capgemini","description":"Bist du bereit, deine Expertise f\u00fcr eine nachhaltige & integrative Zukunft einzusetzen? Dann finde jetzt deinen Traumjob bei Capgemini.","robots":{"index":"index","follow":"follow","max-snippet":"max-snippet:-1","max-image-preview":"max-image-preview:large","max-video-preview":"max-video-preview:-1"},"canonical":"https:\/\/www.capgemini.com\/de-de\/jobs\/","og_locale":"de_DE","og_type":"article","og_title":"Jobs - Capgemini","og_description":"Bist du bereit, deine Expertise f\u00fcr eine nachhaltige & integrative Zukunft einzusetzen? Dann finde jetzt deinen Traumjob bei Capgemini.","og_url":"https:\/\/www.capgemini.com\/de-de\/jobs\/","og_site_name":"Capgemini","article_modified_time":"2026-03-31T14:17:27+00:00","og_image":[{"width":1200,"height":627,"url":"https:\/\/www.capgemini.com\/de-de\/wp-content\/uploads\/sites\/8\/2025\/10\/New-Web-preview-global.jpg","type":"image\/jpeg"}],"twitter_card":"summary_large_image","twitter_misc":{"Est. reading time":"3 minutes"},"schema":{"@context":"https:\/\/schema.org","@graph":[{"@type":"WebPage","@id":"https:\/\/www.capgemini.com\/de-de\/jobs\/","url":"https:\/\/www.capgemini.com\/de-de\/jobs\/","name":"Jobs - Capgemini","isPartOf":{"@id":"https:\/\/www.capgemini.com\/de-de\/#website"},"primaryImageOfPage":{"@id":"https:\/\/www.capgemini.com\/de-de\/jobs\/#primaryimage"},"image":{"@id":"https:\/\/www.capgemini.com\/de-de\/jobs\/#primaryimage"},"thumbnailUrl":"https:\/\/www.capgemini.com\/de-de\/wp-content\/uploads\/sites\/8\/2022\/08\/GettyImages-1347652268.jpg?w=500&amp;quality=70","datePublished":"2022-02-10T04:54:36+00:00","dateModified":"2026-03-31T14:17:27+00:00","description":"Bist du bereit, deine Expertise f\u00fcr eine nachhaltige & integrative Zukunft einzusetzen? Dann finde jetzt deinen Traumjob bei Capgemini.","inLanguage":"de-DE","potentialAction":[{"@type":"ReadAction","target":["https:\/\/www.capgemini.com\/de-de\/jobs\/"]}]},{"@type":"ImageObject","inLanguage":"de-DE","@id":"https:\/\/www.capgemini.com\/de-de\/jobs\/#primaryimage","url":"https:\/\/www.capgemini.com\/de-de\/wp-content\/uploads\/sites\/8\/2022\/08\/GettyImages-1347652268.jpg?w=500&amp;quality=70","contentUrl":"https:\/\/www.capgemini.com\/de-de\/wp-content\/uploads\/sites\/8\/2022\/08\/GettyImages-1347652268.jpg?w=500&amp;quality=70"},{"@type":"WebSite","@id":"https:\/\/www.capgemini.com\/de-de\/#website","url":"https:\/\/www.capgemini.com\/de-de\/","name":"Capgemini Deutschland","description":"Make it real","potentialAction":[{"@type":"SearchAction","target":{"@type":"EntryPoint","urlTemplate":"https:\/\/www.capgemini.com\/de-de\/?s={search_term_string}"},"query-input":"required name=search_term_string"}],"inLanguage":"de-DE"}]}},"brand_term":[],"parsely":{"version":"1.1.0","canonical_url":"https:\/\/capgemini.com\/de-de\/jobs\/","smart_links":{"inbound":0,"outbound":0},"traffic_boost_suggestions_count":0,"meta":{"@context":"https:\/\/schema.org","@type":"WebPage","headline":"Jobs","url":"http:\/\/www.capgemini.com\/de-de\/jobs\/","mainEntityOfPage":{"@type":"WebPage","@id":"http:\/\/www.capgemini.com\/de-de\/jobs\/"},"thumbnailUrl":"","image":{"@type":"ImageObject","url":""},"articleSection":"Uncategorized","author":[],"creator":[],"publisher":{"@type":"Organization","name":"Capgemini","logo":""},"keywords":[],"dateCreated":"2022-02-10T04:54:36Z","datePublished":"2022-02-10T04:54:36Z","dateModified":"2026-03-31T14:17:27Z"},"rendered":"<script type=\"application\/ld+json\" class=\"wp-parsely-metadata\">{\"@context\":\"https:\\\/\\\/schema.org\",\"@type\":\"WebPage\",\"headline\":\"Jobs\",\"url\":\"http:\\\/\\\/www.capgemini.com\\\/de-de\\\/jobs\\\/\",\"mainEntityOfPage\":{\"@type\":\"WebPage\",\"@id\":\"http:\\\/\\\/www.capgemini.com\\\/de-de\\\/jobs\\\/\"},\"thumbnailUrl\":\"\",\"image\":{\"@type\":\"ImageObject\",\"url\":\"\"},\"articleSection\":\"Uncategorized\",\"author\":[],\"creator\":[],\"publisher\":{\"@type\":\"Organization\",\"name\":\"Capgemini\",\"logo\":\"\"},\"keywords\":[],\"dateCreated\":\"2022-02-10T04:54:36Z\",\"datePublished\":\"2022-02-10T04:54:36Z\",\"dateModified\":\"2026-03-31T14:17:27Z\"}<\/script>","tracker_url":"https:\/\/cdn.parsely.com\/keys\/capgemini.com\/p.js"},"archive_status":false,"featured_image_src":"https:\/\/www.capgemini.com\/de-de\/wp-content\/themes\/capgemini2025\/assets\/images\/mockup.png","featured_image_alt":false,"jetpack_sharing_enabled":true,"distributor_meta":false,"distributor_terms":false,"distributor_media":false,"distributor_original_site_name":"Capgemini","distributor_original_site_url":"https:\/\/www.capgemini.com\/de-de","push-errors":false,"_links":{"self":[{"href":"https:\/\/www.capgemini.com\/de-de\/wp-json\/wp\/v2\/pages\/741638","targetHints":{"allow":["GET"]}}],"collection":[{"href":"https:\/\/www.capgemini.com\/de-de\/wp-json\/wp\/v2\/pages"}],"about":[{"href":"https:\/\/www.capgemini.com\/de-de\/wp-json\/wp\/v2\/types\/page"}],"author":[{"embeddable":true,"href":"https:\/\/www.capgemini.com\/de-de\/wp-json\/wp\/v2\/users\/112"}],"replies":[{"embeddable":true,"href":"https:\/\/www.capgemini.com\/de-de\/wp-json\/wp\/v2\/comments?post=741638"}],"version-history":[{"count":19,"href":"https:\/\/www.capgemini.com\/de-de\/wp-json\/wp\/v2\/pages\/741638\/revisions"}],"predecessor-version":[{"id":894004,"href":"https:\/\/www.capgemini.com\/de-de\/wp-json\/wp\/v2\/pages\/741638\/revisions\/894004"}],"wp:attachment":[{"href":"https:\/\/www.capgemini.com\/de-de\/wp-json\/wp\/v2\/media?parent=741638"}],"wp:term":[{"taxonomy":"brand","embeddable":true,"href":"https:\/\/www.capgemini.com\/de-de\/wp-json\/wp\/v2\/brand?post=741638"},{"taxonomy":"partner_type","embeddable":true,"href":"https:\/\/www.capgemini.com\/de-de\/wp-json\/wp\/v2\/partner_type?post=741638"},{"taxonomy":"service","embeddable":true,"href":"https:\/\/www.capgemini.com\/de-de\/wp-json\/wp\/v2\/service?post=741638"},{"taxonomy":"industry","embeddable":true,"href":"https:\/\/www.capgemini.com\/de-de\/wp-json\/wp\/v2\/industry?post=741638"},{"taxonomy":"partners","embeddable":true,"href":"https:\/\/www.capgemini.com\/de-de\/wp-json\/wp\/v2\/partners?post=741638"},{"taxonomy":"page-type","embeddable":true,"href":"https:\/\/www.capgemini.com\/de-de\/wp-json\/wp\/v2\/page-type?post=741638"},{"taxonomy":"content-group","embeddable":true,"href":"https:\/\/www.capgemini.com\/de-de\/wp-json\/wp\/v2\/content-group?post=741638"}],"curies":[{"name":"wp","href":"https:\/\/api.w.org\/{rel}","templated":true}]}}