{"id":741635,"date":"2022-02-10T06:53:31","date_gmt":"2022-02-10T06:53:31","guid":{"rendered":"https:\/\/www.capgemini.com\/?page_id=650171"},"modified":"2026-02-12T08:18:27","modified_gmt":"2026-02-12T08:18:27","slug":"employee-stories","status":"publish","type":"page","link":"https:\/\/www.capgemini.com\/de-de\/karriere\/employee-story\/","title":{"rendered":"Employee Stories"},"content":{"rendered":"\n<div class=\"wp-block-cg-blocks-hero-picture-card undefined  heroPictureCard\"><div class=\"heroPictureCardBgs\"><picture><source srcset=\"https:\/\/www.capgemini.com\/wp-content\/uploads\/2021\/08\/Capgemini_LandD_upskill-e1647859916374.jpg?w=2880&amp;quality=70 1x, https:\/\/www.capgemini.com\/wp-content\/uploads\/2021\/08\/Capgemini_LandD_upskill-e1647859916374.jpg?w=2880&amp;quality=70 2x\" media=\"(min-width: 1500px)\"\/><source srcset=\"https:\/\/www.capgemini.com\/wp-content\/uploads\/2021\/08\/Capgemini_LandD_upskill-e1647859916374.jpg?w=1440&amp;quality=70 1x, https:\/\/www.capgemini.com\/wp-content\/uploads\/2021\/08\/Capgemini_LandD_upskill-e1647859916374.jpg?w=2880&amp;quality=70 2x\" media=\"(min-width: 992px)\"\/><source srcset=\"https:\/\/www.capgemini.com\/wp-content\/uploads\/2021\/08\/Capgemini_LandD_upskill-e1647859916374.jpg?w=1024&amp;quality=70 1x, https:\/\/www.capgemini.com\/wp-content\/uploads\/2021\/08\/Capgemini_LandD_upskill-e1647859916374.jpg?w=1024&amp;quality=70 2x\" media=\"(min-width: 768px)\"\/><source srcset=\"https:\/\/www.capgemini.com\/wp-content\/uploads\/2021\/08\/Capgemini_LandD_upskill-e1647859916374.jpg?w=768&amp;quality=70 1x, https:\/\/www.capgemini.com\/wp-content\/uploads\/2021\/08\/Capgemini_LandD_upskill-e1647859916374.jpg?w=768&amp;quality=70 2x\" media=\"(min-width: 0)\"\/><img decoding=\"async\" src=\"https:\/\/www.capgemini.com\/wp-content\/uploads\/2021\/08\/Capgemini_LandD_upskill-e1647859916374.jpg\" class=\"desktopImage\" alt=\"\" style=\"object-fit:cover;object-position:38% 26%\" loading=\"eager\"\/><\/picture><picture><source srcset=\"https:\/\/www.capgemini.com\/wp-content\/uploads\/2021\/08\/Capgemini_LandD_upskill-e1647859916374.jpg?w=2880&amp;quality=70 1x, https:\/\/www.capgemini.com\/wp-content\/uploads\/2021\/08\/Capgemini_LandD_upskill-e1647859916374.jpg?w=2880&amp;quality=70 2x\" media=\"(min-width: 1500px)\"\/><source srcset=\"https:\/\/www.capgemini.com\/wp-content\/uploads\/2021\/08\/Capgemini_LandD_upskill-e1647859916374.jpg?w=1440&amp;quality=70 1x, https:\/\/www.capgemini.com\/wp-content\/uploads\/2021\/08\/Capgemini_LandD_upskill-e1647859916374.jpg?w=2880&amp;quality=70 2x\" media=\"(min-width: 992px)\"\/><source srcset=\"https:\/\/www.capgemini.com\/wp-content\/uploads\/2021\/08\/Capgemini_LandD_upskill-e1647859916374.jpg?w=1024&amp;quality=70 1x, https:\/\/www.capgemini.com\/wp-content\/uploads\/2021\/08\/Capgemini_LandD_upskill-e1647859916374.jpg?w=1024&amp;quality=70 2x\" media=\"(min-width: 768px)\"\/><source srcset=\"https:\/\/www.capgemini.com\/wp-content\/uploads\/2021\/08\/Capgemini_LandD_upskill-e1647859916374.jpg?w=768&amp;quality=70 1x, https:\/\/www.capgemini.com\/wp-content\/uploads\/2021\/08\/Capgemini_LandD_upskill-e1647859916374.jpg?w=768&amp;quality=70 2x\" media=\"(min-width: 0)\"\/><img decoding=\"async\" src=\"https:\/\/www.capgemini.com\/wp-content\/uploads\/2021\/08\/Capgemini_LandD_upskill-e1647859916374.jpg\" class=\"mobileImage\" alt=\"\" style=\"object-fit:cover;object-position:38% 26%\" loading=\"eager\"\/><\/picture><\/div><div class=\"heroPictureCardHeaderShape\"><\/div><div class=\"container\"><div class=\"row\"><div class=\"col-md-8 col-lg-6\"><div class=\"heroPictureCardBox\"><div class=\"heroPictureCardBoxTitle\"><h1 data-maxlength=\"144\">Employee Stories<\/h1><\/div><\/div><\/div><\/div><\/div><div class=\"small-device\"><div class=\"brandLogoWrapper\"> <\/div><\/div><\/div>\n\n\n\n<section class=\"wp-block-cg-blocks-intro-para undefined section section--intro\"><div class=\"intro-para\"><div class=\"container\"><div class=\"row\"><div class=\"col-12 col-md-11 col-lg-10\"><h2 class=\"intro-para-title\">Erfahre mehr \u00fcber den Arbeitsalltag bei Capgemini. Einige unserer Mitarbeitenden erz\u00e4hlen dir ihre Geschichte. <\/h2><p class=\"intro-para-content\">Die Berufe bei Capgemini sind vielf\u00e4ltig. Lern deine zuk\u00fcnftigen Teamkollegen und -kolleginnen kennen und erfahre, worauf es in den verschiedenen Fachbereichen bei Capgemini ankommt. Wie sieht ihr Arbeitsalltag aus? Wie funktioniert die Kommunikation im Team? Wie laufen Projekte bei Capgemini und die Zusammenarbeit mit den Kunden ab? Was fasziniert sie an ihrem Beruf? Wie war ihr pers\u00f6nlicher Werdegang, um dort hinzukommen, wo sie nun stehen? Und wo wollen sie noch hin? All das und mehr liest du in unseren Employee Stories. <br><\/p><\/div><\/div><\/div><\/div><\/section>\n\n\n<section class=\"section section--grey-boxes section--testimonial-boxes archive-pages\">\n\n\t<div class=\"container\">\n\n\t\t<div class=\"filters filters--vertical\" data-max=\"10\">\n\n\t\t\t<!-- filterStart -->\n\t\t\t<div class=\"filter-container\">\n\t\t\t\t<div class=\"filters-selects-label\" tabindex=\"0\" role=\"button\" aria-pressed=\"false\" aria-expanded=\"false\">\n\t\t\t\t\t<span class=\"d-none d-md-inline\">Filter<\/span>\n\t\t\t\t\t<span class=\"d-inline d-md-none\">Ergebnisse<\/span>\n\t\t\t\t<\/div>\n\n\t\t\t\t<div class=\"filters-selects-list\">\n\n\t\t\t\t\t<!-- filterDropdownGradeStart -->\n\t\t\t\t\t<div class=\"filters-selects-box\">\n\t\t\t\t\t\t<select aria-label=\"Berufserfahrung dropdown\"\n\t\t\t\t\t\t        placeholder=\"Berufserfahrung\" class=\"js-filter js-with-select2\"\n\t\t\t\t\t\t        name=\"grade\" id=\"select_et_grade\" multiple data-filter-select=\"0\">\n\t\t\t\t\t\t\t<option id=\"et-filter-options-first\" value=\"absolventin\" >Absolvent*in (5) <\/option><option id=\"et-filter-options-first\" value=\"professional\" >Professional (40) <\/option><option id=\"et-filter-options-first\" value=\"studentin\" >Student*in (1) <\/option>\n\t\t\t\t\t\t<\/select>\n\t\t\t\t\t<\/div>\n\t\t\t\t\t<!-- filterDropdownGradeEnd -->\n\n\t\t\t\t\t<!-- filterDropdownJobFamilyStart -->\n\t\t\t\t\t<div class=\"filters-selects-box\">\n\t\t\t\t\t\t<select aria-label=\"Profession dropdown\"\n\t\t\t\t\t\t        placeholder=\"Profession\" class=\"js-filter js-with-select2\"\n\t\t\t\t\t\t        name=\"job_family\" id=\"select_et_job_family\" multiple data-filter-select=\"1\">\n\t\t\t\t\t\t\t<option id=\"et-filter-options-first\" value=\"architecture\" >Architecture (7) <\/option><option id=\"et-filter-options-first\" value=\"business-analysis\" >Business Analysis (3) <\/option><option id=\"et-filter-options-first\" value=\"cloud-infrastructure-management\" >Cloud Infrastructure Management (1) <\/option><option id=\"et-filter-options-first\" value=\"cybersecurity\" >Cybersecurity (1) <\/option><option id=\"et-filter-options-first\" value=\"data-ai\" >Data &amp; AI (4) <\/option><option id=\"et-filter-options-first\" value=\"delivery-excellence\" >Delivery Excellence (4) <\/option><option id=\"et-filter-options-first\" value=\"human-resources\" >Human Resources (2) <\/option><option id=\"et-filter-options-first\" value=\"manufacturing-and-operations-engineering\" >Manufacturing and operations engineering (2) <\/option><option id=\"et-filter-options-first\" value=\"portfolio-and-product-management\" >Portfolio and product management (1) <\/option><option id=\"et-filter-options-first\" value=\"products-systems-engineering\" >Products &amp; Systems Engineering (9) <\/option><option id=\"et-filter-options-first\" value=\"saas-solutions\" >SAAS Solutions (5) <\/option><option id=\"et-filter-options-first\" value=\"software-engineering\" >Software Engineering (8) <\/option><option id=\"et-filter-options-first\" value=\"strategy-tranformation\" >Strategy &amp; Tranformation (8) <\/option>\n\t\t\t\t\t\t<\/select>\n\t\t\t\t\t<\/div>\n\t\t\t\t\t<!-- filterDropdownJobFamilyEnd -->\n\n\t\t\t\t\t<!-- filterDropdownCountryStart --><!-- filterDropdownCountryEnd -->\n\n\t\t\t\t\t<!-- filterDropdownBrandStart -->\n\t\t\t\t\t<div class=\"filters-selects-box\">\n\t\t\t\t\t\t<select aria-label=\"Marke dropdown\"\n\t\t\t\t\t\t        placeholder=\"Marke\" class=\"js-filter js-with-select2\"\n\t\t\t\t\t\t        name=\"brand\" id=\"select_et_brand\" multiple data-filter-select=\"3\">\n\t\t\t\t\t\t\t<option id=\"et-filter-options-first\" value=\"capgemini\" >Capgemini (22) <\/option><option id=\"et-filter-options-first\" value=\"capgemini-engineering\" >Capgemini Engineering (17) <\/option><option id=\"et-filter-options-first\" value=\"capgemini-invent\" >Capgemini Invent (8) <\/option><option id=\"et-filter-options-first\" value=\"frog\"  disabled>frog (0) <\/option><option id=\"et-filter-options-first\" value=\"sogeti\"  disabled>Sogeti (0) <\/option>\n\t\t\t\t\t\t<\/select>\n\t\t\t\t\t<\/div>\n\t\t\t\t\t<!-- filterDropdownBrandEnd -->\n\n\t\t\t\t\t<!-- filterDropdownIndustryStart --><!-- filterDropdownIndustryEnd -->\n\n\t\t\t\t<\/div>\n\n\t\t\t\t<div class=\"filters-tags-wrapper\">\n\t\t\t\t\t<div class=\"filters-tags-list\"><\/div>\n\t\t\t\t\t<button class=\"filters-clear\">Alle l\u00f6schen<\/button>\n\t\t\t\t<\/div>\n\t\t\t<\/div>\n\t\t\t<!-- filterEnd -->\n\n\t\t\t<div class=\"row\">\n\n\t\t\t\t<!-- Single Research & Insight REST Template -->\n\t\t\t\t<script id=\"search_result_item_template\" type=\"text\/template\">\n\n\t\t\t\t\t<div class=\"col-sm-12 col-md-6 col-lg-4 card-detail\">\n\n\t\t\t\t\t\t<div class=\"box\">\n\t\t\t\t\t\t\t{{ featuredimage }}\n\n\t\t\t\t\t\t\t<div class=\"box-inner\">\n\n\t\t\t\t\t\t\t\t<a class=\"box-title\" href=\"{{ url }}\"><h3 class=\"box-title__text archive-blogs-subtitle\">{{ title }}<\/h3><\/a>\n\n\t\t\t\t\t\t\t\t<p class=\"box-position\">{{ testimonialtitle }}<\/p>\n\n\t\t\t\t\t\t\t\t<p class=\"box-subtitle\">{{ excerpt }}<\/p>\n\n\t\t\t\t\t\t\t\t<div class=\"box-tags\"><\/div>\n\n\t\t\t\t\t\t\t<\/div>\n\n\t\t\t\t\t\t<\/div>\n\n\t\t\t\t\t<\/div>\n\n\t\t\t\t<\/script>\n\n\t\t\t<\/div>\n\n\t\t\t<div class=\"row filters-content filters-content-archive\" data-page=\"1\" data-type=\"employee-testimonial\"><\/div>\n\n\t\t\t<h3 class=\"js-no-results\">Es wurden keine Suchergebnisse gefunden<\/h3>\n\n\t\t\t<div class=\"slider-bottom filters-pagination\"><\/div>\n\n\t\t<\/div>\n\n\t<\/div>\n\n<\/section>\n\n\n\n\n<section class=\"wp-block-cg-blocks-wrapper-card-text-pic wrapperCardTextPic hero-bg-shape\"><div class=\"container\"><div class=\"row\"><div class=\"col-md-12\">\n<div class=\"wp-block-cg-blocks-card-text-pic-right\"><div class=\"row card-text-pic rightCard\"><div class=\"col-md-12\"><div class=\"box--section\"><div class=\"box  row-nobleed\"><div class=\"col-lg-8 col-md-12 box-inner\"><a href=\"https:\/\/www.capgemini.com\/de-de\/insights\/blog\/#theme=karriere-bei-capgemini\" aria-label=\"Viele weitere pers\u00f6nliche Einblicke erh\u00e4ltst du auf unserem Karriereblog \" target=\"\" rel=\"noopener noreferrer\" title=\"\"><h3 class=\"titlewithLink\" data-maxlength=\"144\">Viele weitere pers\u00f6nliche Einblicke erh\u00e4ltst du auf unserem Karriereblog <\/h3><\/a><p class=\"box-text\" data-maxlength=\"\">Software Engineers, IT Consultants, Business Analysts: Die Berufe in der IT-Jobs sind vielf\u00e4ltig. Entdecke auf unserem Karriereblog was es hei\u00dft, Teil des Capgemini-Teams zu sein. Unsere Kolleginnen und Kollegen geben dir zahlreiche Tipps f\u00fcr deine IT-Karriere. <\/p><div class=\"box-bottom\"><a aria-label=\"Mehr lesen Viele weitere pers\u00f6nliche Einblicke erh\u00e4ltst du auf unserem Karriereblog \" class=\"more2\" data-maxlength=\"24\" href=\"https:\/\/www.capgemini.com\/de-de\/insights\/blog\/#theme=karriere-bei-capgemini\" target=\"\" rel=\"noopener noreferrer\" title=\"\">Zum Karriereblog<\/a><\/div><\/div><div class=\"col-lg-5 col-md-12 box-img-wrapper\"><a href=\"https:\/\/www.capgemini.com\/de-de\/insights\/blog\/#theme=karriere-bei-capgemini\" aria-label=\"Zum Karriereblog \u00fcber Viele weitere pers\u00f6nliche Einblicke erh\u00e4ltst du auf unserem Karriereblog \" tabindex=\"-1\" target=\"\" rel=\"noopener noreferrer\" title=\"\"><picture><source srcset=\"https:\/\/www.capgemini.com\/de-de\/wp-content\/uploads\/sites\/8\/2022\/02\/Capgemini_research-and-insights_WHY-EXPERIENCE-SHOULD-BE-AT-THE-HEART-OF-YOUR-WORKPLACE-STRATEGY.jpg?w=1000&amp;quality=70 1x, https:\/\/www.capgemini.com\/de-de\/wp-content\/uploads\/sites\/8\/2022\/02\/Capgemini_research-and-insights_WHY-EXPERIENCE-SHOULD-BE-AT-THE-HEART-OF-YOUR-WORKPLACE-STRATEGY.jpg?w=1000&amp;quality=70 2x\" media=\"(min-width: 1500px)\"\/><source srcset=\"https:\/\/www.capgemini.com\/de-de\/wp-content\/uploads\/sites\/8\/2022\/02\/Capgemini_research-and-insights_WHY-EXPERIENCE-SHOULD-BE-AT-THE-HEART-OF-YOUR-WORKPLACE-STRATEGY.jpg?w=500&amp;quality=70 1x, https:\/\/www.capgemini.com\/de-de\/wp-content\/uploads\/sites\/8\/2022\/02\/Capgemini_research-and-insights_WHY-EXPERIENCE-SHOULD-BE-AT-THE-HEART-OF-YOUR-WORKPLACE-STRATEGY.jpg?w=1000&amp;quality=70 2x\" media=\"(min-width: 992px)\"\/><source srcset=\"https:\/\/www.capgemini.com\/de-de\/wp-content\/uploads\/sites\/8\/2022\/02\/Capgemini_research-and-insights_WHY-EXPERIENCE-SHOULD-BE-AT-THE-HEART-OF-YOUR-WORKPLACE-STRATEGY.jpg?w=768&amp;quality=70 1x, https:\/\/www.capgemini.com\/de-de\/wp-content\/uploads\/sites\/8\/2022\/02\/Capgemini_research-and-insights_WHY-EXPERIENCE-SHOULD-BE-AT-THE-HEART-OF-YOUR-WORKPLACE-STRATEGY.jpg?w=768&amp;quality=70 2x\" media=\"(min-width: 768px)\"\/><source srcset=\"https:\/\/www.capgemini.com\/de-de\/wp-content\/uploads\/sites\/8\/2022\/02\/Capgemini_research-and-insights_WHY-EXPERIENCE-SHOULD-BE-AT-THE-HEART-OF-YOUR-WORKPLACE-STRATEGY.jpg?w=556&amp;quality=70 1x, https:\/\/www.capgemini.com\/de-de\/wp-content\/uploads\/sites\/8\/2022\/02\/Capgemini_research-and-insights_WHY-EXPERIENCE-SHOULD-BE-AT-THE-HEART-OF-YOUR-WORKPLACE-STRATEGY.jpg?w=556&amp;quality=70 2x\" media=\"(min-width: 0)\"\/><img decoding=\"async\" src=\"https:\/\/www.capgemini.com\/de-de\/wp-content\/uploads\/sites\/8\/2022\/02\/Capgemini_research-and-insights_WHY-EXPERIENCE-SHOULD-BE-AT-THE-HEART-OF-YOUR-WORKPLACE-STRATEGY.jpg\" class=\"box-img\" alt=\"consultant\" style=\"object-fit:cover;object-position:17% 55.00000000000001%\" loading=\"lazy\"\/><\/picture><\/a><\/div><\/div><\/div><\/div><\/div><\/div>\n<\/div><\/div><\/div><\/section>\n","protected":false},"excerpt":{"rendered":"","protected":false},"author":120,"featured_media":0,"parent":533996,"menu_order":0,"comment_status":"closed","ping_status":"closed","template":"","meta":{"cg_dt_proposed_to":[],"cg_seo_hreflang_relations":"[]","cg_seo_canonical_relation":"","cg_seo_hreflang_x_default_relation":"{\"uuid\":\"6507fadf-d5dd-45c1-a9f4-d0287d07194e\",\"blogId\":\"\",\"domain\":\"\",\"sitePath\":\"\",\"postLink\":\"\",\"postId\":null,\"isSaved\":true,\"isCrossLink\":false,\"hasCrossLink\":false}","cg_dt_approved_content":true,"cg_dt_mandatory_content":false,"cg_dt_notes":"","cg_dg_source_changed":false,"cg_dt_link_disabled":false,"_yoast_wpseo_primary_brand":"","footnotes":"","featured_focal_points":"","partner_card_description":"","gsap_animation":0},"brand":[],"partner_type":[],"service":[],"industry":[],"partners":[],"page-type":[188],"content-group":[],"class_list":["post-741635","page","type-page","status-publish","hentry","page-type-careers"],"yoast_head":"<!-- This site is optimized with the Yoast SEO Premium plugin v22.8 (Yoast SEO v22.8) - https:\/\/yoast.com\/wordpress\/plugins\/seo\/ -->\n<title>Employee Stories<\/title>\n<meta name=\"description\" content=\"Erfahre mehr \u00fcber den Arbeitsalltag bei Capgemini. Einige unserer Mitarbeitenden erz\u00e4hlen dir ihre Geschichte.\" \/>\n<meta name=\"robots\" content=\"index, follow, max-snippet:-1, max-image-preview:large, max-video-preview:-1\" \/>\n<link rel=\"canonical\" href=\"https:\/\/www.capgemini.com\/de-de\/karriere\/employee-story\/\" \/>\n<meta property=\"og:locale\" content=\"de_DE\" \/>\n<meta property=\"og:type\" content=\"article\" \/>\n<meta property=\"og:title\" content=\"Employee Stories\" \/>\n<meta property=\"og:description\" content=\"Erfahre mehr \u00fcber den Arbeitsalltag bei Capgemini. Einige unserer Mitarbeitenden erz\u00e4hlen dir ihre Geschichte.\" \/>\n<meta property=\"og:url\" content=\"https:\/\/www.capgemini.com\/de-de\/karriere\/employee-story\/\" \/>\n<meta property=\"og:site_name\" content=\"Capgemini\" \/>\n<meta property=\"article:modified_time\" content=\"2026-02-12T08:18:27+00:00\" \/>\n<meta property=\"og:image\" content=\"https:\/\/www.capgemini.com\/wp-content\/uploads\/2021\/08\/Capgemini_LandD_upskill-e1647859916374.jpg\" \/>\n<meta name=\"twitter:card\" content=\"summary_large_image\" \/>\n<meta name=\"twitter:label1\" content=\"Est. reading time\" \/>\n\t<meta name=\"twitter:data1\" content=\"2 minutes\" \/>\n<script type=\"application\/ld+json\" class=\"yoast-schema-graph\">{\"@context\":\"https:\/\/schema.org\",\"@graph\":[{\"@type\":\"WebPage\",\"@id\":\"https:\/\/www.capgemini.com\/de-de\/karriere\/employee-story\/\",\"url\":\"https:\/\/www.capgemini.com\/de-de\/karriere\/employee-story\/\",\"name\":\"Employee Stories\",\"isPartOf\":{\"@id\":\"https:\/\/www.capgemini.com\/de-de\/#website\"},\"primaryImageOfPage\":{\"@id\":\"https:\/\/www.capgemini.com\/de-de\/karriere\/employee-story\/#primaryimage\"},\"image\":{\"@id\":\"https:\/\/www.capgemini.com\/de-de\/karriere\/employee-story\/#primaryimage\"},\"thumbnailUrl\":\"https:\/\/www.capgemini.com\/wp-content\/uploads\/2021\/08\/Capgemini_LandD_upskill-e1647859916374.jpg\",\"datePublished\":\"2022-02-10T06:53:31+00:00\",\"dateModified\":\"2026-02-12T08:18:27+00:00\",\"description\":\"Erfahre mehr \u00fcber den Arbeitsalltag bei Capgemini. Einige unserer Mitarbeitenden erz\u00e4hlen dir ihre Geschichte.\",\"breadcrumb\":{\"@id\":\"https:\/\/www.capgemini.com\/de-de\/karriere\/employee-story\/#breadcrumb\"},\"inLanguage\":\"de-DE\",\"potentialAction\":[{\"@type\":\"ReadAction\",\"target\":[\"https:\/\/www.capgemini.com\/de-de\/karriere\/employee-story\/\"]}]},{\"@type\":\"ImageObject\",\"inLanguage\":\"de-DE\",\"@id\":\"https:\/\/www.capgemini.com\/de-de\/karriere\/employee-story\/#primaryimage\",\"url\":\"https:\/\/www.capgemini.com\/wp-content\/uploads\/2021\/08\/Capgemini_LandD_upskill-e1647859916374.jpg\",\"contentUrl\":\"https:\/\/www.capgemini.com\/wp-content\/uploads\/2021\/08\/Capgemini_LandD_upskill-e1647859916374.jpg\"},{\"@type\":\"BreadcrumbList\",\"@id\":\"https:\/\/www.capgemini.com\/de-de\/karriere\/employee-story\/#breadcrumb\",\"itemListElement\":[{\"@type\":\"ListItem\",\"position\":1,\"name\":\"Karriere\",\"item\":\"https:\/\/www.capgemini.com\/de-de\/karriere\/\"},{\"@type\":\"ListItem\",\"position\":2,\"name\":\"Employee Stories\"}]},{\"@type\":\"WebSite\",\"@id\":\"https:\/\/www.capgemini.com\/de-de\/#website\",\"url\":\"https:\/\/www.capgemini.com\/de-de\/\",\"name\":\"Capgemini Deutschland\",\"description\":\"Make it real\",\"potentialAction\":[{\"@type\":\"SearchAction\",\"target\":{\"@type\":\"EntryPoint\",\"urlTemplate\":\"https:\/\/www.capgemini.com\/de-de\/?s={search_term_string}\"},\"query-input\":\"required name=search_term_string\"}],\"inLanguage\":\"de-DE\"}]}<\/script>\n<!-- \/ Yoast SEO Premium plugin. -->","yoast_head_json":{"title":"Employee Stories","description":"Erfahre mehr \u00fcber den Arbeitsalltag bei Capgemini. Einige unserer Mitarbeitenden erz\u00e4hlen dir ihre Geschichte.","robots":{"index":"index","follow":"follow","max-snippet":"max-snippet:-1","max-image-preview":"max-image-preview:large","max-video-preview":"max-video-preview:-1"},"canonical":"https:\/\/www.capgemini.com\/de-de\/karriere\/employee-story\/","og_locale":"de_DE","og_type":"article","og_title":"Employee Stories","og_description":"Erfahre mehr \u00fcber den Arbeitsalltag bei Capgemini. Einige unserer Mitarbeitenden erz\u00e4hlen dir ihre Geschichte.","og_url":"https:\/\/www.capgemini.com\/de-de\/karriere\/employee-story\/","og_site_name":"Capgemini","article_modified_time":"2026-02-12T08:18:27+00:00","og_image":[{"url":"https:\/\/www.capgemini.com\/wp-content\/uploads\/2021\/08\/Capgemini_LandD_upskill-e1647859916374.jpg"}],"twitter_card":"summary_large_image","twitter_misc":{"Est. reading time":"2 minutes"},"schema":{"@context":"https:\/\/schema.org","@graph":[{"@type":"WebPage","@id":"https:\/\/www.capgemini.com\/de-de\/karriere\/employee-story\/","url":"https:\/\/www.capgemini.com\/de-de\/karriere\/employee-story\/","name":"Employee Stories","isPartOf":{"@id":"https:\/\/www.capgemini.com\/de-de\/#website"},"primaryImageOfPage":{"@id":"https:\/\/www.capgemini.com\/de-de\/karriere\/employee-story\/#primaryimage"},"image":{"@id":"https:\/\/www.capgemini.com\/de-de\/karriere\/employee-story\/#primaryimage"},"thumbnailUrl":"https:\/\/www.capgemini.com\/wp-content\/uploads\/2021\/08\/Capgemini_LandD_upskill-e1647859916374.jpg","datePublished":"2022-02-10T06:53:31+00:00","dateModified":"2026-02-12T08:18:27+00:00","description":"Erfahre mehr \u00fcber den Arbeitsalltag bei Capgemini. Einige unserer Mitarbeitenden erz\u00e4hlen dir ihre Geschichte.","breadcrumb":{"@id":"https:\/\/www.capgemini.com\/de-de\/karriere\/employee-story\/#breadcrumb"},"inLanguage":"de-DE","potentialAction":[{"@type":"ReadAction","target":["https:\/\/www.capgemini.com\/de-de\/karriere\/employee-story\/"]}]},{"@type":"ImageObject","inLanguage":"de-DE","@id":"https:\/\/www.capgemini.com\/de-de\/karriere\/employee-story\/#primaryimage","url":"https:\/\/www.capgemini.com\/wp-content\/uploads\/2021\/08\/Capgemini_LandD_upskill-e1647859916374.jpg","contentUrl":"https:\/\/www.capgemini.com\/wp-content\/uploads\/2021\/08\/Capgemini_LandD_upskill-e1647859916374.jpg"},{"@type":"BreadcrumbList","@id":"https:\/\/www.capgemini.com\/de-de\/karriere\/employee-story\/#breadcrumb","itemListElement":[{"@type":"ListItem","position":1,"name":"Karriere","item":"https:\/\/www.capgemini.com\/de-de\/karriere\/"},{"@type":"ListItem","position":2,"name":"Employee Stories"}]},{"@type":"WebSite","@id":"https:\/\/www.capgemini.com\/de-de\/#website","url":"https:\/\/www.capgemini.com\/de-de\/","name":"Capgemini Deutschland","description":"Make it real","potentialAction":[{"@type":"SearchAction","target":{"@type":"EntryPoint","urlTemplate":"https:\/\/www.capgemini.com\/de-de\/?s={search_term_string}"},"query-input":"required name=search_term_string"}],"inLanguage":"de-DE"}]}},"brand_term":[],"parsely":{"version":"1.1.0","canonical_url":"https:\/\/capgemini.com\/de-de\/karriere\/employee-story\/","smart_links":{"inbound":0,"outbound":0},"traffic_boost_suggestions_count":0,"meta":{"@context":"https:\/\/schema.org","@type":"WebPage","headline":"Employee Stories","url":"http:\/\/www.capgemini.com\/de-de\/karriere\/employee-story\/","mainEntityOfPage":{"@type":"WebPage","@id":"http:\/\/www.capgemini.com\/de-de\/karriere\/employee-story\/"},"thumbnailUrl":"","image":{"@type":"ImageObject","url":""},"articleSection":"Uncategorized","author":[],"creator":[],"publisher":{"@type":"Organization","name":"Capgemini","logo":""},"keywords":[],"dateCreated":"2022-02-10T06:53:31Z","datePublished":"2022-02-10T06:53:31Z","dateModified":"2026-02-12T08:18:27Z"},"rendered":"<script type=\"application\/ld+json\" class=\"wp-parsely-metadata\">{\"@context\":\"https:\\\/\\\/schema.org\",\"@type\":\"WebPage\",\"headline\":\"Employee Stories\",\"url\":\"http:\\\/\\\/www.capgemini.com\\\/de-de\\\/karriere\\\/employee-story\\\/\",\"mainEntityOfPage\":{\"@type\":\"WebPage\",\"@id\":\"http:\\\/\\\/www.capgemini.com\\\/de-de\\\/karriere\\\/employee-story\\\/\"},\"thumbnailUrl\":\"\",\"image\":{\"@type\":\"ImageObject\",\"url\":\"\"},\"articleSection\":\"Uncategorized\",\"author\":[],\"creator\":[],\"publisher\":{\"@type\":\"Organization\",\"name\":\"Capgemini\",\"logo\":\"\"},\"keywords\":[],\"dateCreated\":\"2022-02-10T06:53:31Z\",\"datePublished\":\"2022-02-10T06:53:31Z\",\"dateModified\":\"2026-02-12T08:18:27Z\"}<\/script>","tracker_url":"https:\/\/cdn.parsely.com\/keys\/capgemini.com\/p.js"},"archive_status":false,"featured_image_src":"https:\/\/www.capgemini.com\/de-de\/wp-content\/themes\/capgemini2025\/assets\/images\/mockup.png","featured_image_alt":false,"jetpack_sharing_enabled":true,"distributor_meta":false,"distributor_terms":false,"distributor_media":false,"distributor_original_site_name":"Capgemini","distributor_original_site_url":"https:\/\/www.capgemini.com\/de-de","push-errors":false,"_links":{"self":[{"href":"https:\/\/www.capgemini.com\/de-de\/wp-json\/wp\/v2\/pages\/741635","targetHints":{"allow":["GET"]}}],"collection":[{"href":"https:\/\/www.capgemini.com\/de-de\/wp-json\/wp\/v2\/pages"}],"about":[{"href":"https:\/\/www.capgemini.com\/de-de\/wp-json\/wp\/v2\/types\/page"}],"author":[{"embeddable":true,"href":"https:\/\/www.capgemini.com\/de-de\/wp-json\/wp\/v2\/users\/120"}],"replies":[{"embeddable":true,"href":"https:\/\/www.capgemini.com\/de-de\/wp-json\/wp\/v2\/comments?post=741635"}],"version-history":[{"count":17,"href":"https:\/\/www.capgemini.com\/de-de\/wp-json\/wp\/v2\/pages\/741635\/revisions"}],"predecessor-version":[{"id":892170,"href":"https:\/\/www.capgemini.com\/de-de\/wp-json\/wp\/v2\/pages\/741635\/revisions\/892170"}],"up":[{"embeddable":true,"href":"https:\/\/www.capgemini.com\/de-de\/wp-json\/wp\/v2\/pages\/533996"}],"wp:attachment":[{"href":"https:\/\/www.capgemini.com\/de-de\/wp-json\/wp\/v2\/media?parent=741635"}],"wp:term":[{"taxonomy":"brand","embeddable":true,"href":"https:\/\/www.capgemini.com\/de-de\/wp-json\/wp\/v2\/brand?post=741635"},{"taxonomy":"partner_type","embeddable":true,"href":"https:\/\/www.capgemini.com\/de-de\/wp-json\/wp\/v2\/partner_type?post=741635"},{"taxonomy":"service","embeddable":true,"href":"https:\/\/www.capgemini.com\/de-de\/wp-json\/wp\/v2\/service?post=741635"},{"taxonomy":"industry","embeddable":true,"href":"https:\/\/www.capgemini.com\/de-de\/wp-json\/wp\/v2\/industry?post=741635"},{"taxonomy":"partners","embeddable":true,"href":"https:\/\/www.capgemini.com\/de-de\/wp-json\/wp\/v2\/partners?post=741635"},{"taxonomy":"page-type","embeddable":true,"href":"https:\/\/www.capgemini.com\/de-de\/wp-json\/wp\/v2\/page-type?post=741635"},{"taxonomy":"content-group","embeddable":true,"href":"https:\/\/www.capgemini.com\/de-de\/wp-json\/wp\/v2\/content-group?post=741635"}],"curies":[{"name":"wp","href":"https:\/\/api.w.org\/{rel}","templated":true}]}}