{"id":741555,"date":"2022-03-22T06:54:06","date_gmt":"2022-03-22T06:54:06","guid":{"rendered":"https:\/\/www.capgemini.com\/?page_id=662998"},"modified":"2026-01-08T09:27:48","modified_gmt":"2026-01-08T09:27:48","slug":"advanced-driver-assistance-autonomous-driving-systems-adas-ad","status":"publish","type":"page","link":"https:\/\/www.capgemini.com\/de-de\/solutions\/advanced-driver-assistance-autonomous-driving-systems-adasad\/","title":{"rendered":"Advanced Driver Assistance &amp; Autonomous Driving Systems (ADAS\/AD)"},"content":{"rendered":"\n<header class=\"wp-block-cg-blocks-hero-reusable header heroReusable  \"><div class=\"header-bgs\"><picture><source srcset=\"https:\/\/www.capgemini.com\/wp-content\/uploads\/2022\/03\/Capgemini_Advanced-Driver-Assistance-Systems-Autonomous-Driving_ADAS-AD.jpg?w=2880&amp;quality=70 1x, https:\/\/www.capgemini.com\/wp-content\/uploads\/2022\/03\/Capgemini_Advanced-Driver-Assistance-Systems-Autonomous-Driving_ADAS-AD.jpg?w=2880&amp;quality=70 2x\" media=\"(min-width: 1500px)\"\/><source srcset=\"https:\/\/www.capgemini.com\/wp-content\/uploads\/2022\/03\/Capgemini_Advanced-Driver-Assistance-Systems-Autonomous-Driving_ADAS-AD.jpg?w=1440&amp;quality=70 1x, https:\/\/www.capgemini.com\/wp-content\/uploads\/2022\/03\/Capgemini_Advanced-Driver-Assistance-Systems-Autonomous-Driving_ADAS-AD.jpg?w=2880&amp;quality=70 2x\" media=\"(min-width: 992px)\"\/><source srcset=\"https:\/\/www.capgemini.com\/wp-content\/uploads\/2022\/03\/Capgemini_Advanced-Driver-Assistance-Systems-Autonomous-Driving_ADAS-AD.jpg?w=1024&amp;quality=70 1x, https:\/\/www.capgemini.com\/wp-content\/uploads\/2022\/03\/Capgemini_Advanced-Driver-Assistance-Systems-Autonomous-Driving_ADAS-AD.jpg?w=1024&amp;quality=70 2x\" media=\"(min-width: 768px)\"\/><source srcset=\"https:\/\/www.capgemini.com\/wp-content\/uploads\/2022\/03\/Capgemini_Advanced-Driver-Assistance-Systems-Autonomous-Driving_ADAS-AD.jpg?w=768&amp;quality=70 1x, https:\/\/www.capgemini.com\/wp-content\/uploads\/2022\/03\/Capgemini_Advanced-Driver-Assistance-Systems-Autonomous-Driving_ADAS-AD.jpg?w=768&amp;quality=70 2x\" media=\"(min-width: 0)\"\/><img decoding=\"async\" src=\"https:\/\/www.capgemini.com\/wp-content\/uploads\/2022\/03\/Capgemini_Advanced-Driver-Assistance-Systems-Autonomous-Driving_ADAS-AD.jpg\" class=\"header-img header-img-d\" alt=\"\" style=\"object-fit:cover;object-position:52% 51%\" loading=\"eager\"\/><\/picture><\/div><div class=\"heroPictureCardHeaderShape\"><\/div><div class=\"container\"><div class=\"row\"><div class=\"col-md-12\"><div class=\"box\"><div class=\"boxTagWrapper\"><div class=\"tagInfo\"><div><span class=\"box-tag\">Solution<\/span><\/div><\/div><div class=\"brandInfo\"><div class=\"brandLogo\"><img decoding=\"async\" loading=\"lazy\" src=\"\/wp-content\/themes\/capgemini2025\/assets\/images\/capgemini-engineering-white.svg\" alt=\"capgemini-engineering\" class=\"dark\"\/><img decoding=\"async\" loading=\"lazy\" src=\"\/wp-content\/themes\/capgemini2025\/assets\/images\/capgemini-engineering.svg\" alt=\"capgemini-engineering\" class=\"light\"\/><\/div><\/div><\/div><div class=\"box-title\"><h1 data-maxlength=\"34\">Advanced Driver Assistance &amp; Autonomous Driving Systems (ADAS\/AD)<\/h1><\/div><div class=\"inner-row-insight download-btn\"><div class=\"col-md-4 downloadFiles addPadding\"><a class=\"button-download--small\" type=\"download\" href=\"https:\/\/www.capgemini.com\/wp-content\/uploads\/2022\/03\/advanced-driver-assistance-systems_may21.pdf\" target=\"_blank\" rel=\"noopener noreferrer\" title=\"In neuem Fenster \u00f6ffnen\"><span>Download Brosch\u00fcre<\/span><span class=\"type\">2 MB pdf<\/span><\/a><\/div><\/div><\/div><\/div><\/div><\/div><\/header>\n\n\n\n<section class=\"wp-block-cg-blocks-intro-para undefined section section--intro\"><div class=\"intro-para\"><div class=\"container\"><div class=\"row\"><div class=\"col-12 col-md-1\"><nav class=\"article-social\"><ul class=\"social-nav\"><li class=\"ip-order-fb\"><a href=\"https:\/\/www.facebook.com\/sharer\/sharer.php?u=https:\/\/www.capgemini.com\/de-de\/solutions\/advanced-driver-assistance-autonomous-driving-systems-adasad\/\" target=\"_blank\" rel=\"noopener noreferrer\" title=\"In neuem Fenster \u00f6ffnen\"><i aria-hidden=\"true\" class=\"icon-fb\"><\/i><span class=\"sr-only\">Facebook<\/span><\/a><\/li><li class=\"ip-order-li\"><a href=\"https:\/\/www.linkedin.com\/sharing\/share-offsite\/?url=https:\/\/www.capgemini.com\/de-de\/solutions\/advanced-driver-assistance-autonomous-driving-systems-adasad\/\" target=\"_blank\" rel=\"noopener noreferrer\" title=\"In neuem Fenster \u00f6ffnen\"><i aria-hidden=\"true\" class=\"icon-li\"><\/i><span class=\"sr-only\">Linkedin<\/span><\/a><\/li><\/ul><\/nav><\/div><div class=\"col-12 col-md-11 col-lg-10\"><h2 class=\"intro-para-title\">Die breite Einf\u00fchrung von Advanced Driving Assistance Systems (ADAS) in Neuwagen ist im Gange. Bis 2030 werden voraussichtlich 15 % der verkauften Fahrzeuge vollst\u00e4ndig autonom fahren k\u00f6nnen.<\/h2><p class=\"intro-para-content\">ADAS-Funktionen wie adaptiver Tempomat, Einparkhilfe und Kollisionswarnung sind Schritte auf dem Weg zum vollautonomen Fahrzeug.<br><br>Jede Steigerung der Autonomie bringt eine Vielzahl von Herausforderungen mit sich, die das Ressourcenmanagement, die Dateninfrastruktur, die Optimierung der Entwicklungskosten und die Markteinf\u00fchrungszeit betreffen. Die ADAS-Verifizierung und -Validierung (V&amp;V) umfasst Milliarden von Kilometern an Stra\u00dfentests sowie Simulationsmodellierung, riesige Datenverarbeitung, Analyse und IT-Infrastruktur.<br><br>Wir arbeiten mit innovativen Automobilherstellern auf der ganzen Welt zusammen, um das ADAS-Rennen zu gewinnen &#8211; von der Weiterbildung der Ingenieurteams \u00fcber die Funktionsentwicklung bis hin zur vollautomatischen V&amp;V.<\/p><\/div><\/div><\/div><\/div><\/section>\n\n\n\n<section class=\"wp-block-cg-blocks-intro-para-video section section--info-2cols section--insights section-video \"><div class=\"bg-color video-align-right\"><div class=\"container\"><div class=\"row video-align-left\"><div class=\"col-md-12\"><div class=\"video-align-left row box box--4 box--mini\"><div class=\"col-md-3\"><h3 class=\"Video-title\" data-maxlength=\"34\">Driving automation systems <\/h3><div class=\"video-info\"><p data-maxlength=\"68\">Entwicklung und das Fahren von autonomen Fahrzeugen sicher machen<\/p><\/div><\/div><div class=\"col-md-8 box-img-wrapper\"><div class=\"video-box\"><div class=\"video-wrapper\"><iframe title=\"video-section\" src=\"https:\/\/www.youtube.com\/embed\/_knQ_XWOQRk?rel=0&amp;modestbranding=1&amp;playsinline=1&amp;enablejsapi=1\" frameborder=\"0\" allow=\"accelerometer; autoplay; clipboard-write; encrypted-media; gyroscope; picture-in-picture\" allowfullscreen loading=\"lazy\" referrerpolicy=\"strict-origin-when-cross-origin\"><\/iframe><\/div><\/div><\/div><div class=\"col-md-1\"><\/div><\/div><\/div><\/div><\/div><\/div><\/section>\n\n\n\n<section class=\"wp-block-cg-blocks-how-we-do-it section section--howwedoit block-howwedoit\"><div class=\"container\"><div><div class=\"content-title\"><h2 data-maxlength=\"72\" class=\"expandable-heading-tag\">Was wir tun<\/h2><\/div><p><\/p><\/div><div class=\"section-content\">\n<div class=\"wp-block-cg-blocks-card-howwedoit expanders\"><div class=\"box card-regulated-agreements card-howwedoit\"><div class=\"expander-box filter-box tag-active \"><div class=\"expander-title\" tabindex=\"0\" role=\"button\" aria-pressed=\"false\" aria-expanded=\"false\"><h3 class=\"expander-heading-title\">Function Development<\/h3><\/div><div class=\"expander-content\"><p>Wir entwickeln schl\u00fcsselfertige L1- und L2+-Funktionen, die auf die Kern- und Nicht-Kern-Kundenstrategie abgestimmt sind, und nutzen die Erfahrungen aus dem internen Forschungs- und Innovationsprogramm ADAS.<\/p><div class=\"bg-color video-align-right\"><div class=\"container\"><div class=\"row video-align-left\"><div class=\"col-md-12\"><div class=\"video-align-left row box box--4 box--mini\"><div class=\"col-md-3\"><\/div><div class=\"col-md-8 box-img-wrapper\"><div class=\"video-box\"><\/div><\/div><\/div><\/div><\/div><\/div><\/div><div class=\"content-more\"><\/div><\/div><\/div><\/div><\/div>\n\n\n\n<div class=\"wp-block-cg-blocks-card-howwedoit expanders\"><div class=\"box card-regulated-agreements card-howwedoit\"><div class=\"expander-box filter-box tag-active \"><div class=\"expander-title\" tabindex=\"0\" role=\"button\" aria-pressed=\"false\" aria-expanded=\"false\"><h3 class=\"expander-heading-title\">Driving Automation Systems Validation (DASV)<\/h3><\/div><div class=\"expander-content\"><p>Unsere DASV-Plattform ist eine integrierte End-to-End-L\u00f6sung f\u00fcr ADAS- und AD-Validierung. Von der Datenproduktion \u00fcber die Homologationsunterst\u00fctzung bis hin zur xIL-Validierung.<br><br>DASV basiert auf einer hybriden Cloud-Infrastruktur und automatisiert die V&amp;V-Aktivit\u00e4ten.<\/p><div class=\"bg-color video-align-right\"><div class=\"container\"><div class=\"row video-align-left\"><div class=\"col-md-12\"><div class=\"video-align-left row box box--4 box--mini\"><div class=\"col-md-3\"><\/div><div class=\"col-md-8 box-img-wrapper\"><div class=\"video-box\"><\/div><\/div><\/div><\/div><\/div><\/div><\/div><div class=\"content-more\"><\/div><\/div><\/div><\/div><\/div>\n\n\n\n<div class=\"wp-block-cg-blocks-card-howwedoit expanders\"><div class=\"box card-regulated-agreements card-howwedoit\"><div class=\"expander-box filter-box tag-active \"><div class=\"expander-title\" tabindex=\"0\" role=\"button\" aria-pressed=\"false\" aria-expanded=\"false\"><h3 class=\"expander-heading-title\">Global Training Center<\/h3><\/div><div class=\"expander-content\"><p>Die neuen und aufkommenden Technologien, die ADAS zugrunde liegen, erfordern neue F\u00e4higkeiten.<br><br>Unser Global Training Center bietet ein komplettes Schulungsprogramm f\u00fcr die Weiterbildung bestehender Ingenieurteams. Das Programm wird von Experten geleitet, ist f\u00fcr den Fernunterricht konzipiert und verwendet in gro\u00dfem Umfang Fallstudien.<\/p><div class=\"bg-color video-align-right\"><div class=\"container\"><div class=\"row video-align-left\"><div class=\"col-md-12\"><div class=\"video-align-left row box box--4 box--mini\"><div class=\"col-md-3\"><\/div><div class=\"col-md-8 box-img-wrapper\"><div class=\"video-box\"><\/div><\/div><\/div><\/div><\/div><\/div><\/div><div class=\"content-more\"><\/div><\/div><\/div><\/div><\/div>\n<\/div><\/div><\/section>\n\n\n","protected":false},"excerpt":{"rendered":"","protected":false},"author":151,"featured_media":0,"parent":743171,"menu_order":0,"comment_status":"closed","ping_status":"closed","template":"","meta":{"cg_dt_proposed_to":[],"cg_seo_hreflang_relations":"[]","cg_seo_canonical_relation":"","cg_seo_hreflang_x_default_relation":"{\"uuid\":\"08b884f6-76b0-4bfb-8c79-8823167d08c9\",\"blogId\":\"\",\"domain\":\"\",\"sitePath\":\"\",\"postLink\":\"\",\"postId\":null,\"isSaved\":true,\"isCrossLink\":false,\"hasCrossLink\":false}","cg_dt_approved_content":true,"cg_dt_mandatory_content":false,"cg_dt_notes":"","cg_dg_source_changed":false,"cg_dt_link_disabled":false,"_yoast_wpseo_primary_brand":"141","footnotes":"","featured_focal_points":"","partner_card_description":"","gsap_animation":0},"brand":[141],"partner_type":[],"service":[],"industry":[25],"partners":[],"page-type":[],"content-group":[],"class_list":["post-741555","page","type-page","status-publish","hentry","brand-capgemini-engineering","industry-automotive"],"yoast_head":"<!-- This site is optimized with the Yoast SEO Premium plugin v22.8 (Yoast SEO v22.8) - https:\/\/yoast.com\/wordpress\/plugins\/seo\/ -->\n<title>Advanced Driver Assistance &amp; Autonomous Driving Systems (ADAS\/AD) | Capgemini<\/title>\n<meta name=\"description\" content=\"Mit dem Advanced Driver Assistance &amp; Autonomous Driving System von Capgemini Teil der Entwicklung des autonomen Fahrens werden.\" \/>\n<meta name=\"robots\" content=\"index, follow, max-snippet:-1, max-image-preview:large, max-video-preview:-1\" \/>\n<link rel=\"canonical\" href=\"https:\/\/www.capgemini.com\/de-de\/solutions\/advanced-driver-assistance-autonomous-driving-systems-adasad\/\" \/>\n<meta property=\"og:locale\" content=\"de_DE\" \/>\n<meta property=\"og:type\" content=\"article\" \/>\n<meta property=\"og:title\" content=\"Advanced Driver Assistance &amp; Autonomous Driving Systems (ADAS\/AD) | Capgemini\" \/>\n<meta property=\"og:description\" content=\"Mit dem Advanced Driver Assistance &amp; Autonomous Driving System von Capgemini Teil der Entwicklung des autonomen Fahrens werden.\" \/>\n<meta property=\"og:url\" content=\"https:\/\/www.capgemini.com\/de-de\/solutions\/advanced-driver-assistance-autonomous-driving-systems-adasad\/\" \/>\n<meta property=\"og:site_name\" content=\"Capgemini\" \/>\n<meta property=\"article:modified_time\" content=\"2026-01-08T09:27:48+00:00\" \/>\n<meta property=\"og:image\" content=\"https:\/\/www.capgemini.com\/wp-content\/uploads\/2022\/03\/Capgemini_Advanced-Driver-Assistance-Systems-Autonomous-Driving_ADAS-AD.jpg\" \/>\n<meta name=\"twitter:card\" content=\"summary_large_image\" \/>\n<meta name=\"twitter:label1\" content=\"Est. reading time\" \/>\n\t<meta name=\"twitter:data1\" content=\"2 minutes\" \/>\n<script type=\"application\/ld+json\" class=\"yoast-schema-graph\">{\"@context\":\"https:\/\/schema.org\",\"@graph\":[{\"@type\":\"WebPage\",\"@id\":\"https:\/\/www.capgemini.com\/de-de\/solutions\/advanced-driver-assistance-autonomous-driving-systems-adasad\/\",\"url\":\"https:\/\/www.capgemini.com\/de-de\/solutions\/advanced-driver-assistance-autonomous-driving-systems-adasad\/\",\"name\":\"Advanced Driver Assistance &amp; Autonomous Driving Systems (ADAS\/AD) | Capgemini\",\"isPartOf\":{\"@id\":\"https:\/\/www.capgemini.com\/de-de\/#website\"},\"primaryImageOfPage\":{\"@id\":\"https:\/\/www.capgemini.com\/de-de\/solutions\/advanced-driver-assistance-autonomous-driving-systems-adasad\/#primaryimage\"},\"image\":{\"@id\":\"https:\/\/www.capgemini.com\/de-de\/solutions\/advanced-driver-assistance-autonomous-driving-systems-adasad\/#primaryimage\"},\"thumbnailUrl\":\"https:\/\/www.capgemini.com\/wp-content\/uploads\/2022\/03\/Capgemini_Advanced-Driver-Assistance-Systems-Autonomous-Driving_ADAS-AD.jpg\",\"datePublished\":\"2022-03-22T06:54:06+00:00\",\"dateModified\":\"2026-01-08T09:27:48+00:00\",\"description\":\"Mit dem Advanced Driver Assistance & Autonomous Driving System von Capgemini Teil der Entwicklung des autonomen Fahrens werden.\",\"breadcrumb\":{\"@id\":\"https:\/\/www.capgemini.com\/de-de\/solutions\/advanced-driver-assistance-autonomous-driving-systems-adasad\/#breadcrumb\"},\"inLanguage\":\"de-DE\",\"potentialAction\":[{\"@type\":\"ReadAction\",\"target\":[\"https:\/\/www.capgemini.com\/de-de\/solutions\/advanced-driver-assistance-autonomous-driving-systems-adasad\/\"]}]},{\"@type\":\"ImageObject\",\"inLanguage\":\"de-DE\",\"@id\":\"https:\/\/www.capgemini.com\/de-de\/solutions\/advanced-driver-assistance-autonomous-driving-systems-adasad\/#primaryimage\",\"url\":\"https:\/\/www.capgemini.com\/wp-content\/uploads\/2022\/03\/Capgemini_Advanced-Driver-Assistance-Systems-Autonomous-Driving_ADAS-AD.jpg\",\"contentUrl\":\"https:\/\/www.capgemini.com\/wp-content\/uploads\/2022\/03\/Capgemini_Advanced-Driver-Assistance-Systems-Autonomous-Driving_ADAS-AD.jpg\"},{\"@type\":\"BreadcrumbList\",\"@id\":\"https:\/\/www.capgemini.com\/de-de\/solutions\/advanced-driver-assistance-autonomous-driving-systems-adasad\/#breadcrumb\",\"itemListElement\":[{\"@type\":\"ListItem\",\"position\":1,\"name\":\"Solutions\",\"item\":\"https:\/\/www.capgemini.com\/de-de\/solutions\/\"},{\"@type\":\"ListItem\",\"position\":2,\"name\":\"Advanced Driver Assistance &amp; Autonomous Driving Systems (ADAS\/AD)\"}]},{\"@type\":\"WebSite\",\"@id\":\"https:\/\/www.capgemini.com\/de-de\/#website\",\"url\":\"https:\/\/www.capgemini.com\/de-de\/\",\"name\":\"Capgemini Deutschland\",\"description\":\"Make it real\",\"potentialAction\":[{\"@type\":\"SearchAction\",\"target\":{\"@type\":\"EntryPoint\",\"urlTemplate\":\"https:\/\/www.capgemini.com\/de-de\/?s={search_term_string}\"},\"query-input\":\"required name=search_term_string\"}],\"inLanguage\":\"de-DE\"}]}<\/script>\n<!-- \/ Yoast SEO Premium plugin. -->","yoast_head_json":{"title":"Advanced Driver Assistance &amp; Autonomous Driving Systems (ADAS\/AD) | Capgemini","description":"Mit dem Advanced Driver Assistance & Autonomous Driving System von Capgemini Teil der Entwicklung des autonomen Fahrens werden.","robots":{"index":"index","follow":"follow","max-snippet":"max-snippet:-1","max-image-preview":"max-image-preview:large","max-video-preview":"max-video-preview:-1"},"canonical":"https:\/\/www.capgemini.com\/de-de\/solutions\/advanced-driver-assistance-autonomous-driving-systems-adasad\/","og_locale":"de_DE","og_type":"article","og_title":"Advanced Driver Assistance &amp; Autonomous Driving Systems (ADAS\/AD) | Capgemini","og_description":"Mit dem Advanced Driver Assistance & Autonomous Driving System von Capgemini Teil der Entwicklung des autonomen Fahrens werden.","og_url":"https:\/\/www.capgemini.com\/de-de\/solutions\/advanced-driver-assistance-autonomous-driving-systems-adasad\/","og_site_name":"Capgemini","article_modified_time":"2026-01-08T09:27:48+00:00","og_image":[{"url":"https:\/\/www.capgemini.com\/wp-content\/uploads\/2022\/03\/Capgemini_Advanced-Driver-Assistance-Systems-Autonomous-Driving_ADAS-AD.jpg"}],"twitter_card":"summary_large_image","twitter_misc":{"Est. reading time":"2 minutes"},"schema":{"@context":"https:\/\/schema.org","@graph":[{"@type":"WebPage","@id":"https:\/\/www.capgemini.com\/de-de\/solutions\/advanced-driver-assistance-autonomous-driving-systems-adasad\/","url":"https:\/\/www.capgemini.com\/de-de\/solutions\/advanced-driver-assistance-autonomous-driving-systems-adasad\/","name":"Advanced Driver Assistance &amp; Autonomous Driving Systems (ADAS\/AD) | Capgemini","isPartOf":{"@id":"https:\/\/www.capgemini.com\/de-de\/#website"},"primaryImageOfPage":{"@id":"https:\/\/www.capgemini.com\/de-de\/solutions\/advanced-driver-assistance-autonomous-driving-systems-adasad\/#primaryimage"},"image":{"@id":"https:\/\/www.capgemini.com\/de-de\/solutions\/advanced-driver-assistance-autonomous-driving-systems-adasad\/#primaryimage"},"thumbnailUrl":"https:\/\/www.capgemini.com\/wp-content\/uploads\/2022\/03\/Capgemini_Advanced-Driver-Assistance-Systems-Autonomous-Driving_ADAS-AD.jpg","datePublished":"2022-03-22T06:54:06+00:00","dateModified":"2026-01-08T09:27:48+00:00","description":"Mit dem Advanced Driver Assistance & Autonomous Driving System von Capgemini Teil der Entwicklung des autonomen Fahrens werden.","breadcrumb":{"@id":"https:\/\/www.capgemini.com\/de-de\/solutions\/advanced-driver-assistance-autonomous-driving-systems-adasad\/#breadcrumb"},"inLanguage":"de-DE","potentialAction":[{"@type":"ReadAction","target":["https:\/\/www.capgemini.com\/de-de\/solutions\/advanced-driver-assistance-autonomous-driving-systems-adasad\/"]}]},{"@type":"ImageObject","inLanguage":"de-DE","@id":"https:\/\/www.capgemini.com\/de-de\/solutions\/advanced-driver-assistance-autonomous-driving-systems-adasad\/#primaryimage","url":"https:\/\/www.capgemini.com\/wp-content\/uploads\/2022\/03\/Capgemini_Advanced-Driver-Assistance-Systems-Autonomous-Driving_ADAS-AD.jpg","contentUrl":"https:\/\/www.capgemini.com\/wp-content\/uploads\/2022\/03\/Capgemini_Advanced-Driver-Assistance-Systems-Autonomous-Driving_ADAS-AD.jpg"},{"@type":"BreadcrumbList","@id":"https:\/\/www.capgemini.com\/de-de\/solutions\/advanced-driver-assistance-autonomous-driving-systems-adasad\/#breadcrumb","itemListElement":[{"@type":"ListItem","position":1,"name":"Solutions","item":"https:\/\/www.capgemini.com\/de-de\/solutions\/"},{"@type":"ListItem","position":2,"name":"Advanced Driver Assistance &amp; Autonomous Driving Systems (ADAS\/AD)"}]},{"@type":"WebSite","@id":"https:\/\/www.capgemini.com\/de-de\/#website","url":"https:\/\/www.capgemini.com\/de-de\/","name":"Capgemini Deutschland","description":"Make it real","potentialAction":[{"@type":"SearchAction","target":{"@type":"EntryPoint","urlTemplate":"https:\/\/www.capgemini.com\/de-de\/?s={search_term_string}"},"query-input":"required name=search_term_string"}],"inLanguage":"de-DE"}]}},"brand_term":[{"id":141,"slug":"capgemini-engineering"}],"parsely":{"version":"1.1.0","canonical_url":"https:\/\/capgemini.com\/de-de\/solutions\/advanced-driver-assistance-autonomous-driving-systems-adasad\/","smart_links":{"inbound":0,"outbound":0},"traffic_boost_suggestions_count":0,"meta":{"@context":"https:\/\/schema.org","@type":"WebPage","headline":"Advanced Driver Assistance &amp; Autonomous Driving Systems (ADAS\/AD)","url":"http:\/\/www.capgemini.com\/de-de\/solutions\/advanced-driver-assistance-autonomous-driving-systems-adasad\/","mainEntityOfPage":{"@type":"WebPage","@id":"http:\/\/www.capgemini.com\/de-de\/solutions\/advanced-driver-assistance-autonomous-driving-systems-adasad\/"},"thumbnailUrl":"","image":{"@type":"ImageObject","url":""},"articleSection":"Uncategorized","author":[],"creator":[],"publisher":{"@type":"Organization","name":"Capgemini","logo":""},"keywords":[],"dateCreated":"2022-03-22T06:54:06Z","datePublished":"2022-03-22T06:54:06Z","dateModified":"2026-01-08T09:27:48Z"},"rendered":"<script type=\"application\/ld+json\" class=\"wp-parsely-metadata\">{\"@context\":\"https:\\\/\\\/schema.org\",\"@type\":\"WebPage\",\"headline\":\"Advanced Driver Assistance &amp; Autonomous Driving Systems (ADAS\\\/AD)\",\"url\":\"http:\\\/\\\/www.capgemini.com\\\/de-de\\\/solutions\\\/advanced-driver-assistance-autonomous-driving-systems-adasad\\\/\",\"mainEntityOfPage\":{\"@type\":\"WebPage\",\"@id\":\"http:\\\/\\\/www.capgemini.com\\\/de-de\\\/solutions\\\/advanced-driver-assistance-autonomous-driving-systems-adasad\\\/\"},\"thumbnailUrl\":\"\",\"image\":{\"@type\":\"ImageObject\",\"url\":\"\"},\"articleSection\":\"Uncategorized\",\"author\":[],\"creator\":[],\"publisher\":{\"@type\":\"Organization\",\"name\":\"Capgemini\",\"logo\":\"\"},\"keywords\":[],\"dateCreated\":\"2022-03-22T06:54:06Z\",\"datePublished\":\"2022-03-22T06:54:06Z\",\"dateModified\":\"2026-01-08T09:27:48Z\"}<\/script>","tracker_url":"https:\/\/cdn.parsely.com\/keys\/capgemini.com\/p.js"},"archive_status":false,"featured_image_src":"https:\/\/www.capgemini.com\/de-de\/wp-content\/themes\/capgemini2025\/assets\/images\/mockup.png","featured_image_alt":false,"jetpack_sharing_enabled":true,"distributor_meta":false,"distributor_terms":false,"distributor_media":false,"distributor_original_site_name":"Capgemini","distributor_original_site_url":"https:\/\/www.capgemini.com\/de-de","push-errors":false,"_links":{"self":[{"href":"https:\/\/www.capgemini.com\/de-de\/wp-json\/wp\/v2\/pages\/741555","targetHints":{"allow":["GET"]}}],"collection":[{"href":"https:\/\/www.capgemini.com\/de-de\/wp-json\/wp\/v2\/pages"}],"about":[{"href":"https:\/\/www.capgemini.com\/de-de\/wp-json\/wp\/v2\/types\/page"}],"author":[{"embeddable":true,"href":"https:\/\/www.capgemini.com\/de-de\/wp-json\/wp\/v2\/users\/151"}],"replies":[{"embeddable":true,"href":"https:\/\/www.capgemini.com\/de-de\/wp-json\/wp\/v2\/comments?post=741555"}],"version-history":[{"count":15,"href":"https:\/\/www.capgemini.com\/de-de\/wp-json\/wp\/v2\/pages\/741555\/revisions"}],"predecessor-version":[{"id":889648,"href":"https:\/\/www.capgemini.com\/de-de\/wp-json\/wp\/v2\/pages\/741555\/revisions\/889648"}],"up":[{"embeddable":true,"href":"https:\/\/www.capgemini.com\/de-de\/wp-json\/wp\/v2\/pages\/743171"}],"wp:attachment":[{"href":"https:\/\/www.capgemini.com\/de-de\/wp-json\/wp\/v2\/media?parent=741555"}],"wp:term":[{"taxonomy":"brand","embeddable":true,"href":"https:\/\/www.capgemini.com\/de-de\/wp-json\/wp\/v2\/brand?post=741555"},{"taxonomy":"partner_type","embeddable":true,"href":"https:\/\/www.capgemini.com\/de-de\/wp-json\/wp\/v2\/partner_type?post=741555"},{"taxonomy":"service","embeddable":true,"href":"https:\/\/www.capgemini.com\/de-de\/wp-json\/wp\/v2\/service?post=741555"},{"taxonomy":"industry","embeddable":true,"href":"https:\/\/www.capgemini.com\/de-de\/wp-json\/wp\/v2\/industry?post=741555"},{"taxonomy":"partners","embeddable":true,"href":"https:\/\/www.capgemini.com\/de-de\/wp-json\/wp\/v2\/partners?post=741555"},{"taxonomy":"page-type","embeddable":true,"href":"https:\/\/www.capgemini.com\/de-de\/wp-json\/wp\/v2\/page-type?post=741555"},{"taxonomy":"content-group","embeddable":true,"href":"https:\/\/www.capgemini.com\/de-de\/wp-json\/wp\/v2\/content-group?post=741555"}],"curies":[{"name":"wp","href":"https:\/\/api.w.org\/{rel}","templated":true}]}}