{"id":741527,"date":"2022-03-30T12:24:05","date_gmt":"2022-03-30T12:24:05","guid":{"rendered":"https:\/\/www.capgemini.com\/?page_id=667016"},"modified":"2025-03-05T05:45:10","modified_gmt":"2025-03-05T05:45:10","slug":"automotive-cybersecurity","status":"publish","type":"page","link":"https:\/\/www.capgemini.com\/de-de\/solutions\/automotive-cybersecurity\/","title":{"rendered":"Automotive Cybersecurity"},"content":{"rendered":"\n<header class=\"wp-block-cg-blocks-hero-reusable header heroReusable  \"><div class=\"header-bgs\"><picture><source srcset=\"https:\/\/www.capgemini.com\/wp-content\/uploads\/2022\/04\/Capgemini_Security-in-the-auto-industry-e1649428454121.jpg?w=2880&amp;quality=70 1x, https:\/\/www.capgemini.com\/wp-content\/uploads\/2022\/04\/Capgemini_Security-in-the-auto-industry-e1649428454121.jpg?w=2880&amp;quality=70 2x\" media=\"(min-width: 1500px)\"\/><source srcset=\"https:\/\/www.capgemini.com\/wp-content\/uploads\/2022\/04\/Capgemini_Security-in-the-auto-industry-e1649428454121.jpg?w=1440&amp;quality=70 1x, https:\/\/www.capgemini.com\/wp-content\/uploads\/2022\/04\/Capgemini_Security-in-the-auto-industry-e1649428454121.jpg?w=2880&amp;quality=70 2x\" media=\"(min-width: 992px)\"\/><source srcset=\"https:\/\/www.capgemini.com\/wp-content\/uploads\/2022\/04\/Capgemini_Security-in-the-auto-industry-e1649428454121.jpg?w=1024&amp;quality=70 1x, https:\/\/www.capgemini.com\/wp-content\/uploads\/2022\/04\/Capgemini_Security-in-the-auto-industry-e1649428454121.jpg?w=1024&amp;quality=70 2x\" media=\"(min-width: 768px)\"\/><source srcset=\"https:\/\/www.capgemini.com\/wp-content\/uploads\/2022\/04\/Capgemini_Security-in-the-auto-industry-e1649428454121.jpg?w=768&amp;quality=70 1x, https:\/\/www.capgemini.com\/wp-content\/uploads\/2022\/04\/Capgemini_Security-in-the-auto-industry-e1649428454121.jpg?w=768&amp;quality=70 2x\" media=\"(min-width: 0)\"\/><img decoding=\"async\" src=\"https:\/\/www.capgemini.com\/wp-content\/uploads\/2022\/04\/Capgemini_Security-in-the-auto-industry-e1649428454121.jpg\" class=\"header-img header-img-d\" alt=\"\" style=\"object-fit:cover;object-position:50% 50%\" loading=\"eager\"\/><\/picture><\/div><div class=\"heroPictureCardHeaderShape\"><\/div><div class=\"container\"><div class=\"row\"><div class=\"col-md-12\"><div class=\"box\"><div class=\"boxTagWrapper\"><div class=\"tagInfo\"><div><span class=\"box-tag\">Solution<\/span><\/div><\/div><\/div><div class=\"box-title\"><h1 data-maxlength=\"34\">Automotive Cybersecurity<\/h1><\/div><div class=\"inner-row-insight download-btn\"><\/div><\/div><\/div><\/div><\/div><\/header>\n\n\n\n<section class=\"wp-block-cg-blocks-intro-para undefined section section--intro\"><div class=\"intro-para\"><div class=\"container\"><div class=\"row\"><div class=\"col-12 col-md-1\"><nav class=\"article-social\"><ul class=\"social-nav\"><li class=\"ip-order-fb\"><a href=\"https:\/\/www.facebook.com\/sharer\/sharer.php?u=https:\/\/www.capgemini.com\/de-de\/solutions\/automotive-cybersecurity\/\" target=\"_blank\" rel=\"noopener noreferrer\" title=\"In neuem Fenster \u00f6ffnen\"><i aria-hidden=\"true\" class=\"icon-fb\"><\/i><span class=\"sr-only\">Facebook<\/span><\/a><\/li><li class=\"ip-order-li\"><a href=\"https:\/\/www.linkedin.com\/sharing\/share-offsite\/?url=https:\/\/www.capgemini.com\/de-de\/solutions\/automotive-cybersecurity\/\" target=\"_blank\" rel=\"noopener noreferrer\" title=\"In neuem Fenster \u00f6ffnen\"><i aria-hidden=\"true\" class=\"icon-li\"><\/i><span class=\"sr-only\">Linkedin<\/span><\/a><\/li><\/ul><\/nav><\/div><div class=\"col-12 col-md-11 col-lg-10\"><h2 class=\"intro-para-title\">Die Sicherheit in der Automobilindustrie stellt verschiedene Herausforderungen rund um das vernetzte Fahrzeug, aber auch in den Produktionsst\u00e4tten und in den IT-Systemen der Unternehmen dar.<\/h2><p class=\"intro-para-content\">Diese Herausforderungen treten in jeder Phase des Lebenszyklus von Planung, Bau und Betrieb auf. Um m\u00f6glichen Sicherheitsbedrohungen vorzubeugen, sie zu erkennen und auf sie zu reagieren, m\u00fcssen alle Bereiche abgedeckt werden.<\/p><\/div><\/div><\/div><\/div><\/section>\n\n\n\n<section class=\"wp-block-cg-blocks-group undefined section section--article-content\"><div class=\"article-main-content\"><div class=\"container\"><div class=\"row\"><div class=\"col-12 col-md-11 col-lg-10 offset-md-1 offset-lg-1\"><div class=\"article-text article-quote-text\">\n<h2 class=\"wp-block-heading\" id=\"h-end-to-end-ansatz-mit-umfassenden-dienstleistungen\">End-to-End-Ansatz mit umfassenden Dienstleistungen<\/h2>\n\n\n\n<p>Unsere Dienstleistungen zur Unterst\u00fctzung der End-to-End-Sicherheit basieren auf dem Defense-in-Depth-Paradigma. In der Planungs- und Bauphase umfassen unsere Angebote Strategie, Bewertung und Implementierung und richten sich an die drei Bereiche Connected Vehicle, Manufacturing und Enterprise IT. Unser Ziel ist es, von Anfang an proaktive Ma\u00dfnahmen einzubauen, so dass die Sicherheit ein integraler Bestandteil des Ergebnisses ist.<\/p>\n\n\n\n<p>Auch wenn die Planungs- und Erstellungsphase noch so gr\u00fcndlich ist, werden zwangsl\u00e4ufig einige Sicherheitsprobleme nicht erkannt. Deshalb wollen wir Sie dabei unterst\u00fctzen, mit vordefinierten Reaktionen auf jede Art von Angriff wirksam zu reagieren. Das Security Operations Center (SOC) ist der Schl\u00fcssel zu unseren Angeboten f\u00fcr die Betriebsphase. Es fungiert als Missionskontrolle und sucht nach anomalem Verhalten in jedem Aspekt des Betriebs.<\/p>\n\n\n\n<p><\/p>\n\n\n\n<h2 class=\"wp-block-heading\" id=\"h-warum-mit-capgemini-bei-der-cybersicherheit-in-der-automobilindustrie-zusammenarbeiten\">Warum mit Capgemini bei der Cybersicherheit in der Automobilindustrie zusammenarbeiten?<\/h2>\n\n\n\n<ul class=\"wp-block-list\">\n<li>Unser Cybersicherheitsteam kombiniert Sicherheitskompetenz mit umfassender Erfahrung in der Automobilindustrie und der Fertigung.<\/li>\n\n\n\n<li>Wir haben einen starken Hintergrund in der Sicherung von IT-Systemen. Wir arbeiten in diesem Bereich seit vielen Jahren mit einigen der sicherheitsbewusstesten Unternehmen der Welt aus Sektoren wie Finanzdienstleistungen, Beh\u00f6rden, Kernenergie und Luftfahrt zusammen.<\/li>\n\n\n\n<li>Wir betreiben weltweit f\u00fcnfzehn SOCs und verf\u00fcgen \u00fcber das datenwissenschaftliche Know-how, um unseren Kunden zu helfen, Vorf\u00e4lle zu erkennen und schnell und angemessen zu reagieren.<\/li>\n<\/ul>\n\n\n\n<h2 class=\"wp-block-heading\" id=\"h-die-cybersicherheit-ist-aus-mehreren-grunden-in-den-vordergrund-geruckt\">Die Cybersicherheit ist aus mehreren Gr\u00fcnden in den Vordergrund ger\u00fcckt<\/h2>\n\n\n\n<ul class=\"wp-block-list\">\n<li>Fahrzeuge im Stra\u00dfenverkehr sind anf\u00e4llig f\u00fcr Hackerangriffe, sowohl im Auto selbst als auch \u00fcber die IT-Systeme, mit denen sie verbunden sind. Hacks in Autos haben in den Medien viel Aufmerksamkeit erregt. Die Hersteller sind sich der Notwendigkeit bewusst, die Fahrzeuge zu sichern und die Kunden zu beruhigen, die bef\u00fcrchten, dass die Fahrzeuge leicht zu hacken sind.<\/li>\n\n\n\n<li>Nicht nur die Sicherheit des Fahrzeugs selbst zieht die Aufmerksamkeit auf sich. Auch die Sicherheit der Produktionsanlagen ist ein wachsendes Anliegen, wobei die beiden Hauptbedrohungen die Fahrzeugintegrit\u00e4t und die Verf\u00fcgbarkeit der Produktionslinie sind.<\/li>\n<\/ul>\n<\/div><\/div><\/div><\/div><\/div><\/section>\n","protected":false},"excerpt":{"rendered":"","protected":false},"author":151,"featured_media":741529,"parent":743171,"menu_order":0,"comment_status":"closed","ping_status":"closed","template":"","meta":{"cg_dt_proposed_to":[],"cg_seo_hreflang_relations":"[]","cg_seo_canonical_relation":"{\"uuid\":\"095d1fdb-ef12-460e-9846-2f0fd23c9c2a\",\"blogId\":\"\",\"domain\":\"\",\"sitePath\":\"\",\"postLink\":\"\",\"postId\":null,\"isSaved\":true,\"isCrossLink\":false,\"hasCrossLink\":false}","cg_seo_hreflang_x_default_relation":"{\"uuid\":\"46a8a742-48e9-4a0c-82f9-7badfdf66d8f\",\"blogId\":\"\",\"domain\":\"\",\"sitePath\":\"\",\"postLink\":\"\",\"postId\":null,\"isSaved\":true,\"isCrossLink\":false,\"hasCrossLink\":false}","cg_dt_approved_content":true,"cg_dt_mandatory_content":false,"cg_dt_notes":"","cg_dg_source_changed":false,"cg_dt_link_disabled":false,"_yoast_wpseo_primary_brand":"","footnotes":"","featured_focal_points":"","partner_card_description":"","gsap_animation":0},"brand":[],"partner_type":[],"service":[],"industry":[],"partners":[],"page-type":[],"content-group":[],"class_list":["post-741527","page","type-page","status-publish","has-post-thumbnail","hentry"],"yoast_head":"<!-- This site is optimized with the Yoast SEO Premium plugin v22.8 (Yoast SEO v22.8) - https:\/\/yoast.com\/wordpress\/plugins\/seo\/ -->\n<title>Automotive Cybersecurity - Capgemini<\/title>\n<meta name=\"description\" content=\"Automotive Cybersecurity ist entscheidend! Entdecken Sie die neuesten Technologien und Methoden zum Schutz vor Cyber-Bedrohungen.\" \/>\n<meta name=\"robots\" content=\"index, follow, max-snippet:-1, max-image-preview:large, max-video-preview:-1\" \/>\n<link rel=\"canonical\" href=\"https:\/\/www.capgemini.com\/de-de\/solutions\/automotive-cybersecurity\/\" \/>\n<meta property=\"og:locale\" content=\"de_DE\" \/>\n<meta property=\"og:type\" content=\"article\" \/>\n<meta property=\"og:title\" content=\"Automotive Cybersecurity - Capgemini\" \/>\n<meta property=\"og:description\" content=\"Automotive Cybersecurity ist entscheidend! Entdecken Sie die neuesten Technologien und Methoden zum Schutz vor Cyber-Bedrohungen.\" \/>\n<meta property=\"og:url\" content=\"https:\/\/www.capgemini.com\/de-de\/solutions\/automotive-cybersecurity\/\" \/>\n<meta property=\"og:site_name\" content=\"Capgemini\" \/>\n<meta property=\"article:modified_time\" content=\"2025-03-05T05:45:10+00:00\" \/>\n<meta property=\"og:image\" content=\"https:\/\/www.capgemini.com\/de-de\/wp-content\/uploads\/sites\/8\/2022\/03\/Capgemini_Security-in-the-auto-industry-e1649428454121.jpg\" \/>\n\t<meta property=\"og:image:width\" content=\"2880\" \/>\n\t<meta property=\"og:image:height\" content=\"1800\" \/>\n\t<meta property=\"og:image:type\" content=\"image\/jpeg\" \/>\n<meta name=\"twitter:card\" content=\"summary_large_image\" \/>\n<meta name=\"twitter:label1\" content=\"Est. reading time\" \/>\n\t<meta name=\"twitter:data1\" content=\"1 minute\" \/>\n<script type=\"application\/ld+json\" class=\"yoast-schema-graph\">{\"@context\":\"https:\/\/schema.org\",\"@graph\":[{\"@type\":\"WebPage\",\"@id\":\"https:\/\/www.capgemini.com\/de-de\/solutions\/automotive-cybersecurity\/\",\"url\":\"https:\/\/www.capgemini.com\/de-de\/solutions\/automotive-cybersecurity\/\",\"name\":\"Automotive Cybersecurity - Capgemini\",\"isPartOf\":{\"@id\":\"https:\/\/www.capgemini.com\/de-de\/#website\"},\"primaryImageOfPage\":{\"@id\":\"https:\/\/www.capgemini.com\/de-de\/solutions\/automotive-cybersecurity\/#primaryimage\"},\"image\":{\"@id\":\"https:\/\/www.capgemini.com\/de-de\/solutions\/automotive-cybersecurity\/#primaryimage\"},\"thumbnailUrl\":\"https:\/\/www.capgemini.com\/de-de\/wp-content\/uploads\/sites\/8\/2022\/03\/Capgemini_Security-in-the-auto-industry-e1649428454121.jpg\",\"datePublished\":\"2022-03-30T12:24:05+00:00\",\"dateModified\":\"2025-03-05T05:45:10+00:00\",\"description\":\"Automotive Cybersecurity ist entscheidend! Entdecken Sie die neuesten Technologien und Methoden zum Schutz vor Cyber-Bedrohungen.\",\"breadcrumb\":{\"@id\":\"https:\/\/www.capgemini.com\/de-de\/solutions\/automotive-cybersecurity\/#breadcrumb\"},\"inLanguage\":\"de-DE\",\"potentialAction\":[{\"@type\":\"ReadAction\",\"target\":[\"https:\/\/www.capgemini.com\/de-de\/solutions\/automotive-cybersecurity\/\"]}]},{\"@type\":\"ImageObject\",\"inLanguage\":\"de-DE\",\"@id\":\"https:\/\/www.capgemini.com\/de-de\/solutions\/automotive-cybersecurity\/#primaryimage\",\"url\":\"https:\/\/www.capgemini.com\/de-de\/wp-content\/uploads\/sites\/8\/2022\/03\/Capgemini_Security-in-the-auto-industry-e1649428454121.jpg\",\"contentUrl\":\"https:\/\/www.capgemini.com\/de-de\/wp-content\/uploads\/sites\/8\/2022\/03\/Capgemini_Security-in-the-auto-industry-e1649428454121.jpg\",\"width\":2880,\"height\":1800},{\"@type\":\"BreadcrumbList\",\"@id\":\"https:\/\/www.capgemini.com\/de-de\/solutions\/automotive-cybersecurity\/#breadcrumb\",\"itemListElement\":[{\"@type\":\"ListItem\",\"position\":1,\"name\":\"Solutions\",\"item\":\"https:\/\/www.capgemini.com\/de-de\/solutions\/\"},{\"@type\":\"ListItem\",\"position\":2,\"name\":\"Automotive Cybersecurity\"}]},{\"@type\":\"WebSite\",\"@id\":\"https:\/\/www.capgemini.com\/de-de\/#website\",\"url\":\"https:\/\/www.capgemini.com\/de-de\/\",\"name\":\"Capgemini Deutschland\",\"description\":\"Make it real\",\"potentialAction\":[{\"@type\":\"SearchAction\",\"target\":{\"@type\":\"EntryPoint\",\"urlTemplate\":\"https:\/\/www.capgemini.com\/de-de\/?s={search_term_string}\"},\"query-input\":\"required name=search_term_string\"}],\"inLanguage\":\"de-DE\"}]}<\/script>\n<!-- \/ Yoast SEO Premium plugin. -->","yoast_head_json":{"title":"Automotive Cybersecurity - Capgemini","description":"Automotive Cybersecurity ist entscheidend! Entdecken Sie die neuesten Technologien und Methoden zum Schutz vor Cyber-Bedrohungen.","robots":{"index":"index","follow":"follow","max-snippet":"max-snippet:-1","max-image-preview":"max-image-preview:large","max-video-preview":"max-video-preview:-1"},"canonical":"https:\/\/www.capgemini.com\/de-de\/solutions\/automotive-cybersecurity\/","og_locale":"de_DE","og_type":"article","og_title":"Automotive Cybersecurity - Capgemini","og_description":"Automotive Cybersecurity ist entscheidend! Entdecken Sie die neuesten Technologien und Methoden zum Schutz vor Cyber-Bedrohungen.","og_url":"https:\/\/www.capgemini.com\/de-de\/solutions\/automotive-cybersecurity\/","og_site_name":"Capgemini","article_modified_time":"2025-03-05T05:45:10+00:00","og_image":[{"width":2880,"height":1800,"url":"https:\/\/www.capgemini.com\/de-de\/wp-content\/uploads\/sites\/8\/2022\/03\/Capgemini_Security-in-the-auto-industry-e1649428454121.jpg","type":"image\/jpeg"}],"twitter_card":"summary_large_image","twitter_misc":{"Est. reading time":"1 minute"},"schema":{"@context":"https:\/\/schema.org","@graph":[{"@type":"WebPage","@id":"https:\/\/www.capgemini.com\/de-de\/solutions\/automotive-cybersecurity\/","url":"https:\/\/www.capgemini.com\/de-de\/solutions\/automotive-cybersecurity\/","name":"Automotive Cybersecurity - Capgemini","isPartOf":{"@id":"https:\/\/www.capgemini.com\/de-de\/#website"},"primaryImageOfPage":{"@id":"https:\/\/www.capgemini.com\/de-de\/solutions\/automotive-cybersecurity\/#primaryimage"},"image":{"@id":"https:\/\/www.capgemini.com\/de-de\/solutions\/automotive-cybersecurity\/#primaryimage"},"thumbnailUrl":"https:\/\/www.capgemini.com\/de-de\/wp-content\/uploads\/sites\/8\/2022\/03\/Capgemini_Security-in-the-auto-industry-e1649428454121.jpg","datePublished":"2022-03-30T12:24:05+00:00","dateModified":"2025-03-05T05:45:10+00:00","description":"Automotive Cybersecurity ist entscheidend! Entdecken Sie die neuesten Technologien und Methoden zum Schutz vor Cyber-Bedrohungen.","breadcrumb":{"@id":"https:\/\/www.capgemini.com\/de-de\/solutions\/automotive-cybersecurity\/#breadcrumb"},"inLanguage":"de-DE","potentialAction":[{"@type":"ReadAction","target":["https:\/\/www.capgemini.com\/de-de\/solutions\/automotive-cybersecurity\/"]}]},{"@type":"ImageObject","inLanguage":"de-DE","@id":"https:\/\/www.capgemini.com\/de-de\/solutions\/automotive-cybersecurity\/#primaryimage","url":"https:\/\/www.capgemini.com\/de-de\/wp-content\/uploads\/sites\/8\/2022\/03\/Capgemini_Security-in-the-auto-industry-e1649428454121.jpg","contentUrl":"https:\/\/www.capgemini.com\/de-de\/wp-content\/uploads\/sites\/8\/2022\/03\/Capgemini_Security-in-the-auto-industry-e1649428454121.jpg","width":2880,"height":1800},{"@type":"BreadcrumbList","@id":"https:\/\/www.capgemini.com\/de-de\/solutions\/automotive-cybersecurity\/#breadcrumb","itemListElement":[{"@type":"ListItem","position":1,"name":"Solutions","item":"https:\/\/www.capgemini.com\/de-de\/solutions\/"},{"@type":"ListItem","position":2,"name":"Automotive Cybersecurity"}]},{"@type":"WebSite","@id":"https:\/\/www.capgemini.com\/de-de\/#website","url":"https:\/\/www.capgemini.com\/de-de\/","name":"Capgemini Deutschland","description":"Make it real","potentialAction":[{"@type":"SearchAction","target":{"@type":"EntryPoint","urlTemplate":"https:\/\/www.capgemini.com\/de-de\/?s={search_term_string}"},"query-input":"required name=search_term_string"}],"inLanguage":"de-DE"}]}},"brand_term":[],"parsely":{"version":"1.1.0","canonical_url":"https:\/\/capgemini.com\/de-de\/solutions\/automotive-cybersecurity\/","smart_links":{"inbound":0,"outbound":0},"traffic_boost_suggestions_count":0,"meta":{"@context":"https:\/\/schema.org","@type":"WebPage","headline":"Automotive Cybersecurity","url":"http:\/\/www.capgemini.com\/de-de\/solutions\/automotive-cybersecurity\/","mainEntityOfPage":{"@type":"WebPage","@id":"http:\/\/www.capgemini.com\/de-de\/solutions\/automotive-cybersecurity\/"},"thumbnailUrl":"https:\/\/www.capgemini.com\/de-de\/wp-content\/uploads\/sites\/8\/2022\/03\/Capgemini_Security-in-the-auto-industry-e1649428454121.jpg?w=150&h=150&crop=1","image":{"@type":"ImageObject","url":"https:\/\/www.capgemini.com\/de-de\/wp-content\/uploads\/sites\/8\/2022\/03\/Capgemini_Security-in-the-auto-industry-e1649428454121.jpg"},"articleSection":"Uncategorized","author":[],"creator":[],"publisher":{"@type":"Organization","name":"Capgemini","logo":""},"keywords":[],"dateCreated":"2022-03-30T12:24:05Z","datePublished":"2022-03-30T12:24:05Z","dateModified":"2025-03-05T05:45:10Z"},"rendered":"<script type=\"application\/ld+json\" class=\"wp-parsely-metadata\">{\"@context\":\"https:\\\/\\\/schema.org\",\"@type\":\"WebPage\",\"headline\":\"Automotive Cybersecurity\",\"url\":\"http:\\\/\\\/www.capgemini.com\\\/de-de\\\/solutions\\\/automotive-cybersecurity\\\/\",\"mainEntityOfPage\":{\"@type\":\"WebPage\",\"@id\":\"http:\\\/\\\/www.capgemini.com\\\/de-de\\\/solutions\\\/automotive-cybersecurity\\\/\"},\"thumbnailUrl\":\"https:\\\/\\\/www.capgemini.com\\\/de-de\\\/wp-content\\\/uploads\\\/sites\\\/8\\\/2022\\\/03\\\/Capgemini_Security-in-the-auto-industry-e1649428454121.jpg?w=150&h=150&crop=1\",\"image\":{\"@type\":\"ImageObject\",\"url\":\"https:\\\/\\\/www.capgemini.com\\\/de-de\\\/wp-content\\\/uploads\\\/sites\\\/8\\\/2022\\\/03\\\/Capgemini_Security-in-the-auto-industry-e1649428454121.jpg\"},\"articleSection\":\"Uncategorized\",\"author\":[],\"creator\":[],\"publisher\":{\"@type\":\"Organization\",\"name\":\"Capgemini\",\"logo\":\"\"},\"keywords\":[],\"dateCreated\":\"2022-03-30T12:24:05Z\",\"datePublished\":\"2022-03-30T12:24:05Z\",\"dateModified\":\"2025-03-05T05:45:10Z\"}<\/script>","tracker_url":"https:\/\/cdn.parsely.com\/keys\/capgemini.com\/p.js"},"archive_status":false,"featured_image_src":"https:\/\/www.capgemini.com\/de-de\/wp-content\/uploads\/sites\/8\/2022\/03\/Capgemini_Security-in-the-auto-industry-e1649428454121.jpg","featured_image_alt":"","jetpack_sharing_enabled":true,"distributor_meta":false,"distributor_terms":false,"distributor_media":false,"distributor_original_site_name":"Capgemini","distributor_original_site_url":"https:\/\/www.capgemini.com\/de-de","push-errors":false,"_links":{"self":[{"href":"https:\/\/www.capgemini.com\/de-de\/wp-json\/wp\/v2\/pages\/741527","targetHints":{"allow":["GET"]}}],"collection":[{"href":"https:\/\/www.capgemini.com\/de-de\/wp-json\/wp\/v2\/pages"}],"about":[{"href":"https:\/\/www.capgemini.com\/de-de\/wp-json\/wp\/v2\/types\/page"}],"author":[{"embeddable":true,"href":"https:\/\/www.capgemini.com\/de-de\/wp-json\/wp\/v2\/users\/151"}],"replies":[{"embeddable":true,"href":"https:\/\/www.capgemini.com\/de-de\/wp-json\/wp\/v2\/comments?post=741527"}],"version-history":[{"count":9,"href":"https:\/\/www.capgemini.com\/de-de\/wp-json\/wp\/v2\/pages\/741527\/revisions"}],"predecessor-version":[{"id":876090,"href":"https:\/\/www.capgemini.com\/de-de\/wp-json\/wp\/v2\/pages\/741527\/revisions\/876090"}],"up":[{"embeddable":true,"href":"https:\/\/www.capgemini.com\/de-de\/wp-json\/wp\/v2\/pages\/743171"}],"wp:featuredmedia":[{"embeddable":true,"href":"https:\/\/www.capgemini.com\/de-de\/wp-json\/wp\/v2\/media\/741529"}],"wp:attachment":[{"href":"https:\/\/www.capgemini.com\/de-de\/wp-json\/wp\/v2\/media?parent=741527"}],"wp:term":[{"taxonomy":"brand","embeddable":true,"href":"https:\/\/www.capgemini.com\/de-de\/wp-json\/wp\/v2\/brand?post=741527"},{"taxonomy":"partner_type","embeddable":true,"href":"https:\/\/www.capgemini.com\/de-de\/wp-json\/wp\/v2\/partner_type?post=741527"},{"taxonomy":"service","embeddable":true,"href":"https:\/\/www.capgemini.com\/de-de\/wp-json\/wp\/v2\/service?post=741527"},{"taxonomy":"industry","embeddable":true,"href":"https:\/\/www.capgemini.com\/de-de\/wp-json\/wp\/v2\/industry?post=741527"},{"taxonomy":"partners","embeddable":true,"href":"https:\/\/www.capgemini.com\/de-de\/wp-json\/wp\/v2\/partners?post=741527"},{"taxonomy":"page-type","embeddable":true,"href":"https:\/\/www.capgemini.com\/de-de\/wp-json\/wp\/v2\/page-type?post=741527"},{"taxonomy":"content-group","embeddable":true,"href":"https:\/\/www.capgemini.com\/de-de\/wp-json\/wp\/v2\/content-group?post=741527"}],"curies":[{"name":"wp","href":"https:\/\/api.w.org\/{rel}","templated":true}]}}