{"id":741477,"date":"2022-04-08T11:03:43","date_gmt":"2022-04-08T11:03:43","guid":{"rendered":"https:\/\/www.capgemini.com\/?page_id=673678"},"modified":"2026-01-08T09:27:23","modified_gmt":"2026-01-08T09:27:23","slug":"andy-3d-platform-remote-assistance-and-asset-revamping","status":"publish","type":"page","link":"https:\/\/www.capgemini.com\/de-de\/solutions\/andy-3d-platform-remote-assistance-and-asset-revamping\/","title":{"rendered":"Andy 3D-Plattform \u2013 Fernunterst\u00fctzung und \u00dcberarbeitung von Assets"},"content":{"rendered":"\n<header class=\"wp-block-cg-blocks-hero-reusable is-style-blue-line header heroReusable  \"><div class=\"header-bgs\"><picture><source srcset=\"https:\/\/www.capgemini.com\/wp-content\/uploads\/2022\/04\/Capture-9.jpg?w=2880&amp;quality=70 1x, https:\/\/www.capgemini.com\/wp-content\/uploads\/2022\/04\/Capture-9.jpg?w=2880&amp;quality=70 2x\" media=\"(min-width: 1500px)\"\/><source srcset=\"https:\/\/www.capgemini.com\/wp-content\/uploads\/2022\/04\/Capture-9.jpg?w=1440&amp;quality=70 1x, https:\/\/www.capgemini.com\/wp-content\/uploads\/2022\/04\/Capture-9.jpg?w=2880&amp;quality=70 2x\" media=\"(min-width: 992px)\"\/><source srcset=\"https:\/\/www.capgemini.com\/wp-content\/uploads\/2022\/04\/Capture-9.jpg?w=1024&amp;quality=70 1x, https:\/\/www.capgemini.com\/wp-content\/uploads\/2022\/04\/Capture-9.jpg?w=1024&amp;quality=70 2x\" media=\"(min-width: 768px)\"\/><source srcset=\"https:\/\/www.capgemini.com\/wp-content\/uploads\/2022\/04\/Capture-9.jpg?w=768&amp;quality=70 1x, https:\/\/www.capgemini.com\/wp-content\/uploads\/2022\/04\/Capture-9.jpg?w=768&amp;quality=70 2x\" media=\"(min-width: 0)\"\/><img decoding=\"async\" src=\"https:\/\/www.capgemini.com\/wp-content\/uploads\/2022\/04\/Capture-9.jpg\" class=\"header-img header-img-d\" alt=\"\" style=\"object-fit:cover;object-position:50% 50%\" loading=\"eager\"\/><\/picture><\/div><div class=\"heroPictureCardHeaderShape\"><\/div><div class=\"container\"><div class=\"row\"><div class=\"col-md-12\"><div class=\"box\"><div class=\"boxTagWrapper\"><div class=\"tagInfo\"><div><span class=\"box-tag\">Solution<\/span><\/div><\/div><\/div><div class=\"box-title\"><h1 data-maxlength=\"34\">Andy 3D Platform \u2013 Fernunterst\u00fctzung und \u00dcberarbeitung von Assets<\/h1><\/div><div class=\"inner-row-insight download-btn\"><div class=\"col-md-4 downloadFiles \"><a class=\"button-download--small\" type=\"download\" href=\"https:\/\/www.capgemini.com\/wp-content\/uploads\/2022\/04\/Andy-3D_Immersive-Remote-Assistance-Platform_Web-PaP.pdf\" target=\"_blank\" rel=\"noopener noreferrer\" title=\"In neuem Fenster \u00f6ffnen\"><span>Download Report 3D Immersive<\/span><span class=\"type\">2 MB pdf<\/span><\/a><\/div><div class=\"col-md-4 downloadFiles \"><a class=\"button-download--small\" type=\"download\" href=\"https:\/\/www.capgemini.com\/wp-content\/uploads\/2022\/04\/Andy-3D_Asset-Revamping-Web-Platform_Web-PaP.pdf\" target=\"_blank\" rel=\"noopener noreferrer\" title=\"In neuem Fenster \u00f6ffnen\"><span>Download Report 3D Assets<\/span><span class=\"type\">3 MB pdf<\/span><\/a><\/div><\/div><\/div><\/div><\/div><\/div><\/header>\n\n\n\n<section class=\"wp-block-cg-blocks-intro-para undefined section section--intro\"><div class=\"intro-para\"><div class=\"container\"><div class=\"row\"><div class=\"col-12 col-md-1\"><nav class=\"article-social\"><ul class=\"social-nav\"><li class=\"ip-order-fb\"><a href=\"https:\/\/www.facebook.com\/sharer\/sharer.php?u=https:\/\/www.capgemini.com\/de-de\/solutions\/andy-3d-platform-remote-assistance-and-asset-revamping\/\" target=\"_blank\" rel=\"noopener noreferrer\" title=\"In neuem Fenster \u00f6ffnen\"><i aria-hidden=\"true\" class=\"icon-fb\"><\/i><span class=\"sr-only\">Facebook<\/span><\/a><\/li><li class=\"ip-order-li\"><a href=\"https:\/\/www.linkedin.com\/sharing\/share-offsite\/?url=https:\/\/www.capgemini.com\/de-de\/solutions\/andy-3d-platform-remote-assistance-and-asset-revamping\/\" target=\"_blank\" rel=\"noopener noreferrer\" title=\"In neuem Fenster \u00f6ffnen\"><i aria-hidden=\"true\" class=\"icon-li\"><\/i><span class=\"sr-only\">Linkedin<\/span><\/a><\/li><\/ul><\/nav><\/div><div class=\"col-12 col-md-11 col-lg-10\"><h2 class=\"intro-para-title\">\u00dcberbr\u00fccken Sie die L\u00fccke zwischen der digitalen und der physischen Welt mit Andy3D &#8211; einer Plattform f\u00fcr digitale Kontinuit\u00e4t, die in Ihre IT-Umgebung integriert ist, mit On-Demand-Anpassung, Integration, Support und Plug-and-Play-Bereitstellung.<\/h2><p class=\"intro-para-content\"><br><\/p><\/div><\/div><\/div><\/div><\/section>\n\n\n\n<section class=\"wp-block-cg-blocks-group undefined section section--article-content\"><div class=\"article-main-content\"><div class=\"container\"><div class=\"row\"><div class=\"col-12 col-md-11 col-lg-10 offset-md-1 offset-lg-1\"><div class=\"article-text article-quote-text\">\n<h2 class=\"wp-block-heading\" id=\"h-andy3d-eine-plattform-fur-immersive-remote-unterstutzung\">Andy3D &#8211; eine Plattform f\u00fcr immersive Remote-Unterst\u00fctzung<\/h2>\n\n\n\n<p>Die einzige Remote-Plattform, die die digitale Kontinuit\u00e4t von 3D-Modellen gew\u00e4hrleistet und vollst\u00e4ndig an Ihre IT-Umgebung anpassbar ist. Die L\u00f6sung verbessert:<\/p>\n\n\n\n<ul class=\"wp-block-list\">\n<li>Zusammenarbeit und Wissensaustausch zwischen mobilen Mitarbeitern &#8211; vor Ort oder beim Kunden &#8211; und entfernten Kompetenzzentren wie Engineering, Wartung und Kundendienst.<\/li>\n\n\n\n<li>Digital-physische Konvergenz in allen Entwicklungsphasen: Prototyping, Industrialisierung, Validierung, Markteinf\u00fchrung, Inspektion und Wartung.<\/li>\n\n\n\n<li>Vollst\u00e4ndiger Betrieb sowohl in der Produkt- als auch in der Infrastrukturwelt.<\/li>\n<\/ul>\n<\/div><\/div><\/div><\/div><\/div><\/section>\n\n\n\n<section class=\"wp-block-cg-blocks-intro-para-video section section--info-2cols section--insights section-video \"><div class=\"bg-color video-align-right\"><div class=\"container\"><div class=\"row video-align-left\"><div class=\"col-md-12\"><div class=\"video-align-left row box box--4 box--mini\"><div class=\"col-md-3\"><h3 class=\"Video-title\" data-maxlength=\"34\">Andy3D<\/h3><div class=\"video-info\"><p data-maxlength=\"68\">An immersive remote assistance platform<\/p><\/div><\/div><div class=\"col-md-8 box-img-wrapper\"><div class=\"video-box\"><div class=\"video-wrapper\"><iframe title=\"video-section\" src=\"https:\/\/www.youtube.com\/embed\/j3JDeYR6Ctw?rel=0&amp;modestbranding=1&amp;playsinline=1&amp;enablejsapi=1\" frameborder=\"0\" allow=\"accelerometer; autoplay; clipboard-write; encrypted-media; gyroscope; picture-in-picture\" allowfullscreen loading=\"lazy\" referrerpolicy=\"strict-origin-when-cross-origin\"><\/iframe><\/div><\/div><\/div><div class=\"col-md-1\"><\/div><\/div><\/div><\/div><\/div><\/div><\/section>\n\n\n\n<section class=\"wp-block-cg-blocks-group undefined section section--article-content\"><div class=\"article-main-content\"><div class=\"container\"><div class=\"row\"><div class=\"col-12 col-md-11 col-lg-10 offset-md-1 offset-lg-1\"><div class=\"article-text article-quote-text\">\n<h2 class=\"wp-block-heading\">Andy3D&nbsp;\u2013 eine Webplattform zur \u00dcberarbeitung von Assets<\/h2>\n\n\n\n<p>Die einzige Plattform, die ein echtes, interaktives und benutzerfreundliches digitales 3D-Hybridmodell in einem Webbrowser von jedem Ger\u00e4t aus bietet. Diese L\u00f6sung verbessert die Hybridmodellierung durch leistungsstarke Funktionen:<\/p>\n\n\n\n<ul class=\"wp-block-list\">\n<li>Untersuchung, Analyse und Simulation des Betriebs gro\u00dfer Anlagen: Instandhaltung, Inspektion und Modernisierung<\/li>\n\n\n\n<li>Exakte Bauvermessung und Kollisionsmanagement f\u00fcr lebensgro\u00dfe Simulationen<\/li>\n\n\n\n<li>3D-Visualisierung in einer interaktiven 3D-Umgebung, die allen registrierten Nutzern zur Verf\u00fcgung steht.<\/li>\n\n\n\n<li>Fernzugriff auf umfangreiche 3D-Daten mit einer einzigen Webbrowser-Anwendung<\/li>\n\n\n\n<li>Leistungsstarke Funktionen: eigenst\u00e4ndig, mobil, kollaborativ und interoperabel.<\/li>\n<\/ul>\n\n\n\n<div class=\"wp-block-buttons is-layout-flex wp-block-buttons-is-layout-flex\">\n<div class=\"wp-block-button\"><a class=\"wp-block-button__link wp-element-button\" href=\"https:\/\/www.capgemini.com\/wp-content\/uploads\/2022\/04\/Andy-3D_Immersive-Remote-Assistance-Platform_Web-PaP.pdf\" target=\"_blank\" rel=\"noreferrer noopener\">Download Report 3D Immersive<\/a><\/div>\n\n\n\n<div class=\"wp-block-button\"><a class=\"wp-block-button__link wp-element-button\" href=\"https:\/\/www.capgemini.com\/wp-content\/uploads\/2022\/04\/Andy-3D_Asset-Revamping-Web-Platform_Web-PaP.pdf\" target=\"_blank\" rel=\"noreferrer noopener\">Download Report 3D Asset<\/a><\/div>\n<\/div>\n\n\n\n<div class=\"wp-block-buttons is-layout-flex wp-block-buttons-is-layout-flex\"><\/div>\n<\/div><\/div><\/div><\/div><\/div><\/section>\n\n\n\n<section class=\"wp-block-cg-blocks-intro-para-video section section--info-2cols section--insights section-video \"><div class=\"bg-color video-align-left\"><div class=\"container\"><div class=\"row video-align-right\"><div class=\"col-md-12\"><div class=\"video-align-right row box box--4 box--mini\"><div class=\"col-md-1\"><\/div><div class=\"col-md-8 box-img-wrapper\"><div class=\"video-box\"><div class=\"video-wrapper\"><iframe title=\"video-section\" src=\"https:\/\/www.youtube.com\/embed\/JYjIVfpH10M?rel=0&amp;modestbranding=1&amp;playsinline=1&amp;enablejsapi=1\" frameborder=\"0\" allow=\"accelerometer; autoplay; clipboard-write; encrypted-media; gyroscope; picture-in-picture\" allowfullscreen loading=\"lazy\" referrerpolicy=\"strict-origin-when-cross-origin\"><\/iframe><\/div><\/div><\/div><div class=\"col-md-3\"><h3 class=\"Video-title\" data-maxlength=\"34\">More on Andy3D<\/h3><div class=\"video-info\"><p data-maxlength=\"68\">An asset revamping web platform<\/p><\/div><\/div><div class=\"col-md-1\"><\/div><\/div><\/div><\/div><\/div><\/div><\/section>\n\n\n\n<div class=\"wp-block-buttons is-layout-flex wp-block-buttons-is-layout-flex\"><\/div>\n\n\n\n<div class=\"wp-block-buttons is-layout-flex wp-block-buttons-is-layout-flex\"><\/div>\n","protected":false},"excerpt":{"rendered":"","protected":false},"author":151,"featured_media":741478,"parent":743171,"menu_order":0,"comment_status":"closed","ping_status":"closed","template":"","meta":{"cg_dt_proposed_to":[],"cg_seo_hreflang_relations":"[]","cg_seo_canonical_relation":"","cg_seo_hreflang_x_default_relation":"{\"uuid\":\"469f1189-d3c0-4ae8-ad94-02d60d6eed1c\",\"blogId\":\"\",\"domain\":\"\",\"sitePath\":\"\",\"postLink\":\"\",\"postId\":null,\"isSaved\":true,\"isCrossLink\":false,\"hasCrossLink\":false}","cg_dt_approved_content":true,"cg_dt_mandatory_content":false,"cg_dt_notes":"","cg_dg_source_changed":false,"cg_dt_link_disabled":false,"_yoast_wpseo_primary_brand":"","footnotes":"","featured_focal_points":"","partner_card_description":"","gsap_animation":0},"brand":[],"partner_type":[],"service":[],"industry":[],"partners":[],"page-type":[287],"content-group":[],"class_list":["post-741477","page","type-page","status-publish","has-post-thumbnail","hentry","page-type-solutions"],"yoast_head":"<!-- This site is optimized with the Yoast SEO Premium plugin v22.8 (Yoast SEO v22.8) - https:\/\/yoast.com\/wordpress\/plugins\/seo\/ -->\n<title>Andy 3D-Plattform \u2013 Fernunterst\u00fctzung und \u00dcberarbeitung von Assets - Capgemini<\/title>\n<meta name=\"description\" content=\"Andy 3D-Plattform verbindet digitale &amp; physische Welt. Effiziente Asset-\u00dcberarbeitung &amp; Fernunterst\u00fctzung auf einer Plattform.\" \/>\n<meta name=\"robots\" content=\"index, follow, max-snippet:-1, max-image-preview:large, max-video-preview:-1\" \/>\n<link rel=\"canonical\" href=\"https:\/\/www.capgemini.com\/de-de\/solutions\/andy-3d-platform-remote-assistance-and-asset-revamping\/\" \/>\n<meta property=\"og:locale\" content=\"de_DE\" \/>\n<meta property=\"og:type\" content=\"article\" \/>\n<meta property=\"og:title\" content=\"Andy 3D-Plattform \u2013 Fernunterst\u00fctzung und \u00dcberarbeitung von Assets - Capgemini\" \/>\n<meta property=\"og:description\" content=\"Andy 3D-Plattform verbindet digitale &amp; physische Welt. Effiziente Asset-\u00dcberarbeitung &amp; Fernunterst\u00fctzung auf einer Plattform.\" \/>\n<meta property=\"og:url\" content=\"https:\/\/www.capgemini.com\/de-de\/solutions\/andy-3d-platform-remote-assistance-and-asset-revamping\/\" \/>\n<meta property=\"og:site_name\" content=\"Capgemini\" \/>\n<meta property=\"article:modified_time\" content=\"2026-01-08T09:27:23+00:00\" \/>\n<meta property=\"og:image\" content=\"https:\/\/www.capgemini.com\/de-de\/wp-content\/uploads\/sites\/8\/2022\/04\/Capture-9.jpg\" \/>\n\t<meta property=\"og:image:width\" content=\"1603\" \/>\n\t<meta property=\"og:image:height\" content=\"364\" \/>\n\t<meta property=\"og:image:type\" content=\"image\/jpeg\" \/>\n<meta name=\"twitter:card\" content=\"summary_large_image\" \/>\n<meta name=\"twitter:label1\" content=\"Est. reading time\" \/>\n\t<meta name=\"twitter:data1\" content=\"2 minutes\" \/>\n<script type=\"application\/ld+json\" class=\"yoast-schema-graph\">{\"@context\":\"https:\/\/schema.org\",\"@graph\":[{\"@type\":\"WebPage\",\"@id\":\"https:\/\/www.capgemini.com\/de-de\/solutions\/andy-3d-platform-remote-assistance-and-asset-revamping\/\",\"url\":\"https:\/\/www.capgemini.com\/de-de\/solutions\/andy-3d-platform-remote-assistance-and-asset-revamping\/\",\"name\":\"Andy 3D-Plattform \u2013 Fernunterst\u00fctzung und \u00dcberarbeitung von Assets - Capgemini\",\"isPartOf\":{\"@id\":\"https:\/\/www.capgemini.com\/de-de\/#website\"},\"primaryImageOfPage\":{\"@id\":\"https:\/\/www.capgemini.com\/de-de\/solutions\/andy-3d-platform-remote-assistance-and-asset-revamping\/#primaryimage\"},\"image\":{\"@id\":\"https:\/\/www.capgemini.com\/de-de\/solutions\/andy-3d-platform-remote-assistance-and-asset-revamping\/#primaryimage\"},\"thumbnailUrl\":\"https:\/\/www.capgemini.com\/de-de\/wp-content\/uploads\/sites\/8\/2022\/04\/Capture-9.jpg\",\"datePublished\":\"2022-04-08T11:03:43+00:00\",\"dateModified\":\"2026-01-08T09:27:23+00:00\",\"description\":\"Andy 3D-Plattform verbindet digitale & physische Welt. Effiziente Asset-\u00dcberarbeitung & Fernunterst\u00fctzung auf einer Plattform.\",\"breadcrumb\":{\"@id\":\"https:\/\/www.capgemini.com\/de-de\/solutions\/andy-3d-platform-remote-assistance-and-asset-revamping\/#breadcrumb\"},\"inLanguage\":\"de-DE\",\"potentialAction\":[{\"@type\":\"ReadAction\",\"target\":[\"https:\/\/www.capgemini.com\/de-de\/solutions\/andy-3d-platform-remote-assistance-and-asset-revamping\/\"]}]},{\"@type\":\"ImageObject\",\"inLanguage\":\"de-DE\",\"@id\":\"https:\/\/www.capgemini.com\/de-de\/solutions\/andy-3d-platform-remote-assistance-and-asset-revamping\/#primaryimage\",\"url\":\"https:\/\/www.capgemini.com\/de-de\/wp-content\/uploads\/sites\/8\/2022\/04\/Capture-9.jpg\",\"contentUrl\":\"https:\/\/www.capgemini.com\/de-de\/wp-content\/uploads\/sites\/8\/2022\/04\/Capture-9.jpg\",\"width\":1603,\"height\":364},{\"@type\":\"BreadcrumbList\",\"@id\":\"https:\/\/www.capgemini.com\/de-de\/solutions\/andy-3d-platform-remote-assistance-and-asset-revamping\/#breadcrumb\",\"itemListElement\":[{\"@type\":\"ListItem\",\"position\":1,\"name\":\"Solutions\",\"item\":\"https:\/\/www.capgemini.com\/de-de\/solutions\/\"},{\"@type\":\"ListItem\",\"position\":2,\"name\":\"Andy 3D-Plattform \u2013 Fernunterst\u00fctzung und \u00dcberarbeitung von Assets\"}]},{\"@type\":\"WebSite\",\"@id\":\"https:\/\/www.capgemini.com\/de-de\/#website\",\"url\":\"https:\/\/www.capgemini.com\/de-de\/\",\"name\":\"Capgemini Deutschland\",\"description\":\"Make it real\",\"potentialAction\":[{\"@type\":\"SearchAction\",\"target\":{\"@type\":\"EntryPoint\",\"urlTemplate\":\"https:\/\/www.capgemini.com\/de-de\/?s={search_term_string}\"},\"query-input\":\"required name=search_term_string\"}],\"inLanguage\":\"de-DE\"}]}<\/script>\n<!-- \/ Yoast SEO Premium plugin. -->","yoast_head_json":{"title":"Andy 3D-Plattform \u2013 Fernunterst\u00fctzung und \u00dcberarbeitung von Assets - Capgemini","description":"Andy 3D-Plattform verbindet digitale & physische Welt. Effiziente Asset-\u00dcberarbeitung & Fernunterst\u00fctzung auf einer Plattform.","robots":{"index":"index","follow":"follow","max-snippet":"max-snippet:-1","max-image-preview":"max-image-preview:large","max-video-preview":"max-video-preview:-1"},"canonical":"https:\/\/www.capgemini.com\/de-de\/solutions\/andy-3d-platform-remote-assistance-and-asset-revamping\/","og_locale":"de_DE","og_type":"article","og_title":"Andy 3D-Plattform \u2013 Fernunterst\u00fctzung und \u00dcberarbeitung von Assets - Capgemini","og_description":"Andy 3D-Plattform verbindet digitale & physische Welt. Effiziente Asset-\u00dcberarbeitung & Fernunterst\u00fctzung auf einer Plattform.","og_url":"https:\/\/www.capgemini.com\/de-de\/solutions\/andy-3d-platform-remote-assistance-and-asset-revamping\/","og_site_name":"Capgemini","article_modified_time":"2026-01-08T09:27:23+00:00","og_image":[{"width":1603,"height":364,"url":"https:\/\/www.capgemini.com\/de-de\/wp-content\/uploads\/sites\/8\/2022\/04\/Capture-9.jpg","type":"image\/jpeg"}],"twitter_card":"summary_large_image","twitter_misc":{"Est. reading time":"2 minutes"},"schema":{"@context":"https:\/\/schema.org","@graph":[{"@type":"WebPage","@id":"https:\/\/www.capgemini.com\/de-de\/solutions\/andy-3d-platform-remote-assistance-and-asset-revamping\/","url":"https:\/\/www.capgemini.com\/de-de\/solutions\/andy-3d-platform-remote-assistance-and-asset-revamping\/","name":"Andy 3D-Plattform \u2013 Fernunterst\u00fctzung und \u00dcberarbeitung von Assets - Capgemini","isPartOf":{"@id":"https:\/\/www.capgemini.com\/de-de\/#website"},"primaryImageOfPage":{"@id":"https:\/\/www.capgemini.com\/de-de\/solutions\/andy-3d-platform-remote-assistance-and-asset-revamping\/#primaryimage"},"image":{"@id":"https:\/\/www.capgemini.com\/de-de\/solutions\/andy-3d-platform-remote-assistance-and-asset-revamping\/#primaryimage"},"thumbnailUrl":"https:\/\/www.capgemini.com\/de-de\/wp-content\/uploads\/sites\/8\/2022\/04\/Capture-9.jpg","datePublished":"2022-04-08T11:03:43+00:00","dateModified":"2026-01-08T09:27:23+00:00","description":"Andy 3D-Plattform verbindet digitale & physische Welt. Effiziente Asset-\u00dcberarbeitung & Fernunterst\u00fctzung auf einer Plattform.","breadcrumb":{"@id":"https:\/\/www.capgemini.com\/de-de\/solutions\/andy-3d-platform-remote-assistance-and-asset-revamping\/#breadcrumb"},"inLanguage":"de-DE","potentialAction":[{"@type":"ReadAction","target":["https:\/\/www.capgemini.com\/de-de\/solutions\/andy-3d-platform-remote-assistance-and-asset-revamping\/"]}]},{"@type":"ImageObject","inLanguage":"de-DE","@id":"https:\/\/www.capgemini.com\/de-de\/solutions\/andy-3d-platform-remote-assistance-and-asset-revamping\/#primaryimage","url":"https:\/\/www.capgemini.com\/de-de\/wp-content\/uploads\/sites\/8\/2022\/04\/Capture-9.jpg","contentUrl":"https:\/\/www.capgemini.com\/de-de\/wp-content\/uploads\/sites\/8\/2022\/04\/Capture-9.jpg","width":1603,"height":364},{"@type":"BreadcrumbList","@id":"https:\/\/www.capgemini.com\/de-de\/solutions\/andy-3d-platform-remote-assistance-and-asset-revamping\/#breadcrumb","itemListElement":[{"@type":"ListItem","position":1,"name":"Solutions","item":"https:\/\/www.capgemini.com\/de-de\/solutions\/"},{"@type":"ListItem","position":2,"name":"Andy 3D-Plattform \u2013 Fernunterst\u00fctzung und \u00dcberarbeitung von Assets"}]},{"@type":"WebSite","@id":"https:\/\/www.capgemini.com\/de-de\/#website","url":"https:\/\/www.capgemini.com\/de-de\/","name":"Capgemini Deutschland","description":"Make it real","potentialAction":[{"@type":"SearchAction","target":{"@type":"EntryPoint","urlTemplate":"https:\/\/www.capgemini.com\/de-de\/?s={search_term_string}"},"query-input":"required name=search_term_string"}],"inLanguage":"de-DE"}]}},"brand_term":[],"parsely":{"version":"1.1.0","canonical_url":"https:\/\/capgemini.com\/de-de\/solutions\/andy-3d-platform-remote-assistance-and-asset-revamping\/","smart_links":{"inbound":0,"outbound":0},"traffic_boost_suggestions_count":0,"meta":{"@context":"https:\/\/schema.org","@type":"WebPage","headline":"Andy 3D-Plattform \u2013 Fernunterst\u00fctzung und \u00dcberarbeitung von Assets","url":"http:\/\/www.capgemini.com\/de-de\/solutions\/andy-3d-platform-remote-assistance-and-asset-revamping\/","mainEntityOfPage":{"@type":"WebPage","@id":"http:\/\/www.capgemini.com\/de-de\/solutions\/andy-3d-platform-remote-assistance-and-asset-revamping\/"},"thumbnailUrl":"https:\/\/www.capgemini.com\/de-de\/wp-content\/uploads\/sites\/8\/2022\/04\/Capture-9.jpg?w=150&h=150&crop=1","image":{"@type":"ImageObject","url":"https:\/\/www.capgemini.com\/de-de\/wp-content\/uploads\/sites\/8\/2022\/04\/Capture-9.jpg"},"articleSection":"Uncategorized","author":[],"creator":[],"publisher":{"@type":"Organization","name":"Capgemini","logo":""},"keywords":[],"dateCreated":"2022-04-08T11:03:43Z","datePublished":"2022-04-08T11:03:43Z","dateModified":"2026-01-08T09:27:23Z"},"rendered":"<script type=\"application\/ld+json\" class=\"wp-parsely-metadata\">{\"@context\":\"https:\\\/\\\/schema.org\",\"@type\":\"WebPage\",\"headline\":\"Andy 3D-Plattform \\u2013 Fernunterst\\u00fctzung und \\u00dcberarbeitung von Assets\",\"url\":\"http:\\\/\\\/www.capgemini.com\\\/de-de\\\/solutions\\\/andy-3d-platform-remote-assistance-and-asset-revamping\\\/\",\"mainEntityOfPage\":{\"@type\":\"WebPage\",\"@id\":\"http:\\\/\\\/www.capgemini.com\\\/de-de\\\/solutions\\\/andy-3d-platform-remote-assistance-and-asset-revamping\\\/\"},\"thumbnailUrl\":\"https:\\\/\\\/www.capgemini.com\\\/de-de\\\/wp-content\\\/uploads\\\/sites\\\/8\\\/2022\\\/04\\\/Capture-9.jpg?w=150&h=150&crop=1\",\"image\":{\"@type\":\"ImageObject\",\"url\":\"https:\\\/\\\/www.capgemini.com\\\/de-de\\\/wp-content\\\/uploads\\\/sites\\\/8\\\/2022\\\/04\\\/Capture-9.jpg\"},\"articleSection\":\"Uncategorized\",\"author\":[],\"creator\":[],\"publisher\":{\"@type\":\"Organization\",\"name\":\"Capgemini\",\"logo\":\"\"},\"keywords\":[],\"dateCreated\":\"2022-04-08T11:03:43Z\",\"datePublished\":\"2022-04-08T11:03:43Z\",\"dateModified\":\"2026-01-08T09:27:23Z\"}<\/script>","tracker_url":"https:\/\/cdn.parsely.com\/keys\/capgemini.com\/p.js"},"archive_status":false,"featured_image_src":"https:\/\/www.capgemini.com\/de-de\/wp-content\/uploads\/sites\/8\/2022\/04\/Capture-9.jpg","featured_image_alt":"","jetpack_sharing_enabled":true,"distributor_meta":false,"distributor_terms":false,"distributor_media":false,"distributor_original_site_name":"Capgemini","distributor_original_site_url":"https:\/\/www.capgemini.com\/de-de","push-errors":false,"_links":{"self":[{"href":"https:\/\/www.capgemini.com\/de-de\/wp-json\/wp\/v2\/pages\/741477","targetHints":{"allow":["GET"]}}],"collection":[{"href":"https:\/\/www.capgemini.com\/de-de\/wp-json\/wp\/v2\/pages"}],"about":[{"href":"https:\/\/www.capgemini.com\/de-de\/wp-json\/wp\/v2\/types\/page"}],"author":[{"embeddable":true,"href":"https:\/\/www.capgemini.com\/de-de\/wp-json\/wp\/v2\/users\/151"}],"replies":[{"embeddable":true,"href":"https:\/\/www.capgemini.com\/de-de\/wp-json\/wp\/v2\/comments?post=741477"}],"version-history":[{"count":12,"href":"https:\/\/www.capgemini.com\/de-de\/wp-json\/wp\/v2\/pages\/741477\/revisions"}],"predecessor-version":[{"id":890514,"href":"https:\/\/www.capgemini.com\/de-de\/wp-json\/wp\/v2\/pages\/741477\/revisions\/890514"}],"up":[{"embeddable":true,"href":"https:\/\/www.capgemini.com\/de-de\/wp-json\/wp\/v2\/pages\/743171"}],"wp:featuredmedia":[{"embeddable":true,"href":"https:\/\/www.capgemini.com\/de-de\/wp-json\/wp\/v2\/media\/741478"}],"wp:attachment":[{"href":"https:\/\/www.capgemini.com\/de-de\/wp-json\/wp\/v2\/media?parent=741477"}],"wp:term":[{"taxonomy":"brand","embeddable":true,"href":"https:\/\/www.capgemini.com\/de-de\/wp-json\/wp\/v2\/brand?post=741477"},{"taxonomy":"partner_type","embeddable":true,"href":"https:\/\/www.capgemini.com\/de-de\/wp-json\/wp\/v2\/partner_type?post=741477"},{"taxonomy":"service","embeddable":true,"href":"https:\/\/www.capgemini.com\/de-de\/wp-json\/wp\/v2\/service?post=741477"},{"taxonomy":"industry","embeddable":true,"href":"https:\/\/www.capgemini.com\/de-de\/wp-json\/wp\/v2\/industry?post=741477"},{"taxonomy":"partners","embeddable":true,"href":"https:\/\/www.capgemini.com\/de-de\/wp-json\/wp\/v2\/partners?post=741477"},{"taxonomy":"page-type","embeddable":true,"href":"https:\/\/www.capgemini.com\/de-de\/wp-json\/wp\/v2\/page-type?post=741477"},{"taxonomy":"content-group","embeddable":true,"href":"https:\/\/www.capgemini.com\/de-de\/wp-json\/wp\/v2\/content-group?post=741477"}],"curies":[{"name":"wp","href":"https:\/\/api.w.org\/{rel}","templated":true}]}}